{"id":2574,"date":"2022-04-05T08:13:28","date_gmt":"2022-04-05T08:13:28","guid":{"rendered":"https:\/\/www.alliance-francaise.nl\/zwolle\/?page_id=2574"},"modified":"2025-02-10T10:56:35","modified_gmt":"2025-02-10T10:56:35","slug":"lentecursussen","status":"publish","type":"page","link":"https:\/\/www.alliance-francaise.nl\/zwolle\/lentecursussen\/","title":{"rendered":"Lentecursussen"},"content":{"rendered":"\t\t<div data-elementor-type=\"wp-page\" data-elementor-id=\"2574\" class=\"elementor elementor-2574\" data-elementor-post-type=\"page\">\n\t\t\t\t\t\t<section class=\"elementor-section elementor-top-section elementor-element elementor-element-9563820 elementor-section-boxed elementor-section-height-default elementor-section-height-default\" data-id=\"9563820\" data-element_type=\"section\" data-e-type=\"section\">\n\t\t\t\t\t\t<div class=\"elementor-container elementor-column-gap-default\">\n\t\t\t\t\t<div class=\"elementor-column elementor-col-50 elementor-top-column elementor-element elementor-element-a2c22c7\" data-id=\"a2c22c7\" data-element_type=\"column\" data-e-type=\"column\">\n\t\t\t<div class=\"elementor-widget-wrap elementor-element-populated\">\n\t\t\t\t\t\t<div class=\"elementor-element elementor-element-9f3ef94 elementor-widget elementor-widget-text-editor\" data-id=\"9f3ef94\" data-element_type=\"widget\" data-e-type=\"widget\" data-widget_type=\"text-editor.default\">\n\t\t\t\t<div class=\"elementor-widget-container\">\n\t\t\t\t\t\t\t\t\t<h3>De tekst over kindercursussen Frans van R. Korteweg.<br \/>Klik<strong> <a href=\"https:\/\/www.alliance-francaise.nl\/zwolle\/basisschooltekst-remco-fevrier2025\/\">hier<\/a><\/strong> voor meer info\/idee\u00ebn<\/h3>\t\t\t\t\t\t\t\t<\/div>\n\t\t\t\t<\/div>\n\t\t\t\t\t<\/div>\n\t\t<\/div>\n\t\t\t\t<div class=\"elementor-column elementor-col-50 elementor-top-column elementor-element elementor-element-0dcc306\" data-id=\"0dcc306\" data-element_type=\"column\" data-e-type=\"column\">\n\t\t\t<div class=\"elementor-widget-wrap elementor-element-populated\">\n\t\t\t\t\t\t<div class=\"elementor-element elementor-element-24b32e4 elementor-widget elementor-widget-text-editor\" data-id=\"24b32e4\" data-element_type=\"widget\" data-e-type=\"widget\" data-widget_type=\"text-editor.default\">\n\t\t\t\t<div class=\"elementor-widget-container\">\n\t\t\t\t\t\t\t\t\t<p align=\"center\">\u00e0 suivre<br \/><br \/>De fin avril \u00e0 fin juin, au Bagijnhof, \u00e0 Zwolle,<br \/><b>60 minutes de conversation en fran\u00e7ais<\/b> <br \/>sur des sujets divers dans une ambiance d\u00e9tendue !<\/p><p align=\"center\">Chaque semaine un th\u00e8me diff\u00e9rent sur la base d\u2019un article ou d\u2019un autre document. <br \/>Vous pr\u00e9parez le sujet pendant la semaine qui pr\u00e9c\u00e8de et ensuite vous venez exprimer votre point de vue. <br \/>Les sujets sont culturels, d\u2019actualit\u00e9s ou soci\u00e9taux.<\/p><p align=\"center\"><b>le lundi soir \u00e0 partir du\u00a0 avril<\/b><\/p><p align=\"center\">19h \u2013 20h00<\/p><p align=\"center\">20h15 \u2013 21h15<\/p><p align=\"center\"><i>ou<\/i><i><\/i><\/p><p align=\"center\"><b>le mercredi matin \u00e0 partir du avril<\/b><\/p><p align=\"center\">9h45 \u2013 10h45<\/p><p align=\"center\">11h00 \u2013 12h00<\/p><p align=\"center\"><strong>le professeur<\/strong><\/p><p align=\"center\"><strong>Denis Mandon<\/strong><\/p><p align=\"center\"><strong>Les tarifs<\/strong>\u00a0:<\/p><p align=\"center\">Taille des groupes\u00a0: max. 8 \u00e0 10 participants\u00a0<\/p><p align=\"center\">Pour vous inscrire : un courriel \u00e0 <span lang=\"NL\"><a href=\"mailto:denisdefrance@gmail.com\" target=\"_blank\" rel=\"noopener\"><span lang=\"FR\">denisdefrance@gmail.com<\/span><\/a><\/span><br \/>en indiquant le jour et le groupe de votre choix.<\/p>\t\t\t\t\t\t\t\t<\/div>\n\t\t\t\t<\/div>\n\t\t\t\t\t<\/div>\n\t\t<\/div>\n\t\t\t\t\t<\/div>\n\t\t<\/section>\n\t\t\t\t<\/div>\n\t\t","protected":false},"excerpt":{"rendered":"<p>De tekst over kindercursussen Frans van R. Korteweg.Klik hier voor meer info\/idee\u00ebn \u00e0 suivre De fin avril \u00e0 fin juin, au Bagijnhof, \u00e0 Zwolle,60 minutes de conversation en fran\u00e7ais sur [&hellip;]<\/p>\n","protected":false},"author":6,"featured_media":0,"parent":0,"menu_order":0,"comment_status":"closed","ping_status":"closed","template":"","meta":{"_monsterinsights_skip_tracking":false,"_monsterinsights_sitenote_active":false,"_monsterinsights_sitenote_note":"","_monsterinsights_sitenote_category":0,"footnotes":""},"class_list":["post-2574","page","type-page","status-publish","hentry"],"_links":{"self":[{"href":"https:\/\/www.alliance-francaise.nl\/zwolle\/wp-json\/wp\/v2\/pages\/2574","targetHints":{"allow":["GET"]}}],"collection":[{"href":"https:\/\/www.alliance-francaise.nl\/zwolle\/wp-json\/wp\/v2\/pages"}],"about":[{"href":"https:\/\/www.alliance-francaise.nl\/zwolle\/wp-json\/wp\/v2\/types\/page"}],"author":[{"embeddable":true,"href":"https:\/\/www.alliance-francaise.nl\/zwolle\/wp-json\/wp\/v2\/users\/6"}],"replies":[{"embeddable":true,"href":"https:\/\/www.alliance-francaise.nl\/zwolle\/wp-json\/wp\/v2\/comments?post=2574"}],"version-history":[{"count":20,"href":"https:\/\/www.alliance-francaise.nl\/zwolle\/wp-json\/wp\/v2\/pages\/2574\/revisions"}],"predecessor-version":[{"id":6179,"href":"https:\/\/www.alliance-francaise.nl\/zwolle\/wp-json\/wp\/v2\/pages\/2574\/revisions\/6179"}],"wp:attachment":[{"href":"https:\/\/www.alliance-francaise.nl\/zwolle\/wp-json\/wp\/v2\/media?parent=2574"}],"curies":[{"name":"wp","href":"https:\/\/api.w.org\/{rel}","templated":true}]}}