{"id":4111,"date":"2024-01-22T19:48:02","date_gmt":"2024-01-22T18:48:02","guid":{"rendered":"https:\/\/www.alliance-francaise.nl\/zoetermeer\/?page_id=4111"},"modified":"2026-04-05T17:23:02","modified_gmt":"2026-04-05T15:23:02","slug":"archief-entre-nous","status":"publish","type":"page","link":"https:\/\/www.alliance-francaise.nl\/zoetermeer\/archief-entre-nous\/","title":{"rendered":"Archief Entre nous"},"content":{"rendered":"\t\t<div data-elementor-type=\"wp-page\" data-elementor-id=\"4111\" class=\"elementor elementor-4111\" data-elementor-post-type=\"page\">\n\t\t\t\t\t\t<section class=\"elementor-section elementor-top-section elementor-element elementor-element-b3bcdf3 elementor-section-boxed elementor-section-height-default elementor-section-height-default\" data-id=\"b3bcdf3\" data-element_type=\"section\" data-e-type=\"section\">\n\t\t\t\t\t\t<div class=\"elementor-container elementor-column-gap-default\">\n\t\t\t\t\t<div class=\"elementor-column elementor-col-100 elementor-top-column elementor-element elementor-element-9b43d6e\" data-id=\"9b43d6e\" data-element_type=\"column\" data-e-type=\"column\">\n\t\t\t<div class=\"elementor-widget-wrap elementor-element-populated\">\n\t\t\t\t\t\t<div class=\"elementor-element elementor-element-acb17b0 elementor-widget elementor-widget-text-editor\" data-id=\"acb17b0\" data-element_type=\"widget\" data-e-type=\"widget\" data-widget_type=\"text-editor.default\">\n\t\t\t\t<div class=\"elementor-widget-container\">\n\t\t\t\t\t\t\t\t\t<p>Het archief van eerdere nieuwsbrieven. Klik op de link om een oudere Entre Nous te lezen.<\/p>\t\t\t\t\t\t\t\t<\/div>\n\t\t\t\t<\/div>\n\t\t\t\t<div class=\"elementor-element elementor-element-b51de33 elementor-widget elementor-widget-text-editor\" data-id=\"b51de33\" data-element_type=\"widget\" data-e-type=\"widget\" data-widget_type=\"text-editor.default\">\n\t\t\t\t<div class=\"elementor-widget-container\">\n\t\t\t\t\t\t\t\t\t<p><a href=\"https:\/\/www.alliance-francaise.nl\/zoetermeer?mailpoet_router&amp;endpoint=view_in_browser&amp;action=view&amp;data=WzYwLCJlMmVmMDVhMjg1ZjYiLDAsMCwwLDFd\">Janvier 2026<\/a><\/p>\t\t\t\t\t\t\t\t<\/div>\n\t\t\t\t<\/div>\n\t\t\t\t<div class=\"elementor-element elementor-element-e0f668c elementor-widget elementor-widget-text-editor\" data-id=\"e0f668c\" data-element_type=\"widget\" data-e-type=\"widget\" data-widget_type=\"text-editor.default\">\n\t\t\t\t<div class=\"elementor-widget-container\">\n\t\t\t\t\t\t\t\t\t<p><a href=\"https:\/\/www.alliance-francaise.nl\/zoetermeer?mailpoet_router&amp;endpoint=view_in_browser&amp;action=view&amp;data=WzU3LCJlMWU0YzQzYTZlZDciLDAsMCwwLDFd\">Novembre 2025<\/a><\/p>\t\t\t\t\t\t\t\t<\/div>\n\t\t\t\t<\/div>\n\t\t\t\t<div class=\"elementor-element elementor-element-2cef097 elementor-widget elementor-widget-text-editor\" data-id=\"2cef097\" data-element_type=\"widget\" data-e-type=\"widget\" data-widget_type=\"text-editor.default\">\n\t\t\t\t<div class=\"elementor-widget-container\">\n\t\t\t\t\t\t\t\t\t<p><a href=\"https:\/\/www.alliance-francaise.nl\/zoetermeer?mailpoet_router&amp;endpoint=view_in_browser&amp;action=view&amp;data=WzU1LCI3YTc2N2QzZDRmNTMiLDAsMCw0MiwxXQ\">Mars 2025<\/a><\/p>\t\t\t\t\t\t\t\t<\/div>\n\t\t\t\t<\/div>\n\t\t\t\t<div class=\"elementor-element elementor-element-d959f7d elementor-widget elementor-widget-text-editor\" data-id=\"d959f7d\" data-element_type=\"widget\" data-e-type=\"widget\" data-widget_type=\"text-editor.default\">\n\t\t\t\t<div class=\"elementor-widget-container\">\n\t\t\t\t\t\t\t\t\t<p><a href=\"https:\/\/www.alliance-francaise.nl\/zoetermeer?mailpoet_router&amp;endpoint=view_in_browser&amp;action=view&amp;data=WzU0LCI3OWU5YmRlZTQ3ZjAiLDAsMCw0MCwxXQ\">F\u00e9vrier 2025<\/a><\/p>\t\t\t\t\t\t\t\t<\/div>\n\t\t\t\t<\/div>\n\t\t\t\t<div class=\"elementor-element elementor-element-dae954c elementor-widget elementor-widget-text-editor\" data-id=\"dae954c\" data-element_type=\"widget\" data-e-type=\"widget\" data-widget_type=\"text-editor.default\">\n\t\t\t\t<div class=\"elementor-widget-container\">\n\t\t\t\t\t\t\t\t\t<p><a href=\"https:\/\/www.alliance-francaise.nl\/zoetermeer?mailpoet_router&amp;endpoint=view_in_browser&amp;action=view&amp;data=WzUyLCI0MzRmNmRlMzhiZTMiLDAsMCwwLDFd\">Decembre 2024<\/a><\/p>\t\t\t\t\t\t\t\t<\/div>\n\t\t\t\t<\/div>\n\t\t\t\t<div class=\"elementor-element elementor-element-f8b7e30 elementor-widget elementor-widget-text-editor\" data-id=\"f8b7e30\" data-element_type=\"widget\" data-e-type=\"widget\" data-widget_type=\"text-editor.default\">\n\t\t\t\t<div class=\"elementor-widget-container\">\n\t\t\t\t\t\t\t\t\t<p><a href=\"https:\/\/www.alliance-francaise.nl\/zoetermeer?mailpoet_router&amp;endpoint=view_in_browser&amp;action=view&amp;data=WzUxLCIyYjdhOWQzZGJmYzEiLDAsMCwzNywxXQ\">Novembre 2024<\/a><\/p>\t\t\t\t\t\t\t\t<\/div>\n\t\t\t\t<\/div>\n\t\t\t\t<div class=\"elementor-element elementor-element-6dad242 elementor-widget elementor-widget-text-editor\" data-id=\"6dad242\" data-element_type=\"widget\" data-e-type=\"widget\" data-widget_type=\"text-editor.default\">\n\t\t\t\t<div class=\"elementor-widget-container\">\n\t\t\t\t\t\t\t\t\t<a href=\"https:\/\/www.alliance-francaise.nl\/zoetermeer?mailpoet_router&amp;endpoint=view_in_browser&amp;action=view&amp;data=WzUwLCJmYmZhM2JlMjMxNWUiLDksImE1ZDE4MiIsMzYsMF0\">Vacances d&#8217;\u00e9t\u00e9 2024<\/a>\t\t\t\t\t\t\t\t<\/div>\n\t\t\t\t<\/div>\n\t\t\t\t<div class=\"elementor-element elementor-element-3f83c15 elementor-widget elementor-widget-text-editor\" data-id=\"3f83c15\" data-element_type=\"widget\" data-e-type=\"widget\" data-widget_type=\"text-editor.default\">\n\t\t\t\t<div class=\"elementor-widget-container\">\n\t\t\t\t\t\t\t\t\t<p><a href=\"https:\/\/www.alliance-francaise.nl\/zoetermeer?mailpoet_router&amp;endpoint=view_in_browser&amp;action=view&amp;data=WzQ4LCJkMGYxMGVlM2NmYmIiLDAsMCwzNSwxXQ\">Avril 2024<\/a><\/p>\t\t\t\t\t\t\t\t<\/div>\n\t\t\t\t<\/div>\n\t\t\t\t<div class=\"elementor-element elementor-element-4c4766a elementor-widget elementor-widget-text-editor\" data-id=\"4c4766a\" data-element_type=\"widget\" data-e-type=\"widget\" data-widget_type=\"text-editor.default\">\n\t\t\t\t<div class=\"elementor-widget-container\">\n\t\t\t\t\t\t\t\t\t<p><a href=\"https:\/\/www.alliance-francaise.nl\/zoetermeer?mailpoet_router&amp;endpoint=view_in_browser&amp;action=view&amp;data=WzQ2LCJlNGViMTM4ODg3ZWUiLDAsMCwwLDFd\">Mars 2024<\/a><\/p>\t\t\t\t\t\t\t\t<\/div>\n\t\t\t\t<\/div>\n\t\t\t\t<div class=\"elementor-element elementor-element-aa8647e elementor-widget elementor-widget-text-editor\" data-id=\"aa8647e\" data-element_type=\"widget\" data-e-type=\"widget\" data-widget_type=\"text-editor.default\">\n\t\t\t\t<div class=\"elementor-widget-container\">\n\t\t\t\t\t\t\t\t\t<p><a href=\"https:\/\/www.alliance-francaise.nl\/zoetermeer?mailpoet_router&amp;endpoint=view_in_browser&amp;action=view&amp;data=WzQzLCIxYzBjNWE5NjdkNGEiLDAsMCwwLDFd\">Janvier 2024<\/a><\/p>\t\t\t\t\t\t\t\t<\/div>\n\t\t\t\t<\/div>\n\t\t\t\t<div class=\"elementor-element elementor-element-5f12142 elementor-widget elementor-widget-text-editor\" data-id=\"5f12142\" data-element_type=\"widget\" data-e-type=\"widget\" data-widget_type=\"text-editor.default\">\n\t\t\t\t<div class=\"elementor-widget-container\">\n\t\t\t\t\t\t\t\t\t<p><a href=\"https:\/\/www.alliance-francaise.nl\/zoetermeer?mailpoet_router&amp;endpoint=view_in_browser&amp;action=view&amp;data=WzQyLCIxZmJlMjBmZmMxNDAiLDAsMCwwLDFd\">Novembre 2023<\/a><\/p>\t\t\t\t\t\t\t\t<\/div>\n\t\t\t\t<\/div>\n\t\t\t\t\t<\/div>\n\t\t<\/div>\n\t\t\t\t\t<\/div>\n\t\t<\/section>\n\t\t\t\t<\/div>\n\t\t","protected":false},"excerpt":{"rendered":"<p>Het archief van eerdere nieuwsbrieven. Klik op de link om een oudere Entre Nous te lezen. Janvier 2026 Novembre 2025 Mars 2025 F\u00e9vrier 2025 Decembre 2024 Novembre 2024 Vacances d&#8217;\u00e9t\u00e9 [&hellip;]<\/p>\n","protected":false},"author":10,"featured_media":0,"parent":0,"menu_order":0,"comment_status":"closed","ping_status":"closed","template":"","meta":{"footnotes":""},"class_list":["post-4111","page","type-page","status-publish","hentry"],"_links":{"self":[{"href":"https:\/\/www.alliance-francaise.nl\/zoetermeer\/wp-json\/wp\/v2\/pages\/4111","targetHints":{"allow":["GET"]}}],"collection":[{"href":"https:\/\/www.alliance-francaise.nl\/zoetermeer\/wp-json\/wp\/v2\/pages"}],"about":[{"href":"https:\/\/www.alliance-francaise.nl\/zoetermeer\/wp-json\/wp\/v2\/types\/page"}],"author":[{"embeddable":true,"href":"https:\/\/www.alliance-francaise.nl\/zoetermeer\/wp-json\/wp\/v2\/users\/10"}],"replies":[{"embeddable":true,"href":"https:\/\/www.alliance-francaise.nl\/zoetermeer\/wp-json\/wp\/v2\/comments?post=4111"}],"version-history":[{"count":20,"href":"https:\/\/www.alliance-francaise.nl\/zoetermeer\/wp-json\/wp\/v2\/pages\/4111\/revisions"}],"predecessor-version":[{"id":6743,"href":"https:\/\/www.alliance-francaise.nl\/zoetermeer\/wp-json\/wp\/v2\/pages\/4111\/revisions\/6743"}],"wp:attachment":[{"href":"https:\/\/www.alliance-francaise.nl\/zoetermeer\/wp-json\/wp\/v2\/media?parent=4111"}],"curies":[{"name":"wp","href":"https:\/\/api.w.org\/{rel}","templated":true}]}}