{"id":221,"date":"2019-11-08T15:34:41","date_gmt":"2019-11-08T15:34:41","guid":{"rendered":"https:\/\/www.alliance-francaise.nl\/2020\/zoetermeer\/?page_id=221"},"modified":"2024-08-28T11:09:56","modified_gmt":"2024-08-28T10:09:56","slug":"charte-de-qualite","status":"publish","type":"page","link":"https:\/\/www.alliance-francaise.nl\/zoetermeer\/charte-de-qualite\/","title":{"rendered":"Charte de qualite"},"content":{"rendered":"\t\t<div data-elementor-type=\"wp-page\" data-elementor-id=\"221\" class=\"elementor elementor-221\" data-elementor-post-type=\"page\">\n\t\t\t\t\t\t<section class=\"elementor-section elementor-top-section elementor-element elementor-element-76be4427 elementor-section-boxed elementor-section-height-default elementor-section-height-default\" data-id=\"76be4427\" data-element_type=\"section\" data-e-type=\"section\" data-settings=\"{&quot;background_background&quot;:&quot;classic&quot;}\">\n\t\t\t\t\t\t<div class=\"elementor-container elementor-column-gap-default\">\n\t\t\t\t\t<div class=\"elementor-column elementor-col-100 elementor-top-column elementor-element elementor-element-7ab3a561\" data-id=\"7ab3a561\" data-element_type=\"column\" data-e-type=\"column\">\n\t\t\t<div class=\"elementor-widget-wrap\">\n\t\t\t\t\t\t\t<\/div>\n\t\t<\/div>\n\t\t\t\t\t<\/div>\n\t\t<\/section>\n\t\t\t\t<section class=\"elementor-section elementor-top-section elementor-element elementor-element-c453ad2 elementor-section-boxed elementor-section-height-default elementor-section-height-default\" data-id=\"c453ad2\" data-element_type=\"section\" data-e-type=\"section\">\n\t\t\t\t\t\t<div class=\"elementor-container elementor-column-gap-default\">\n\t\t\t\t\t<div class=\"elementor-column elementor-col-100 elementor-top-column elementor-element elementor-element-3448835b\" data-id=\"3448835b\" data-element_type=\"column\" data-e-type=\"column\" data-settings=\"{&quot;background_background&quot;:&quot;classic&quot;}\">\n\t\t\t<div class=\"elementor-widget-wrap elementor-element-populated\">\n\t\t\t\t\t<div class=\"elementor-background-overlay\"><\/div>\n\t\t\t\t\t\t<div class=\"elementor-element elementor-element-2cdea004 elementor-widget elementor-widget-heading\" data-id=\"2cdea004\" data-element_type=\"widget\" data-e-type=\"widget\" data-widget_type=\"heading.default\">\n\t\t\t\t<div class=\"elementor-widget-container\">\n\t\t\t\t\t<h1 class=\"elementor-heading-title elementor-size-default\">Charte de qualit\u00e9 \u2013 Kwaliteitsverklaring<\/h1>\t\t\t\t<\/div>\n\t\t\t\t<\/div>\n\t\t\t\t\t<\/div>\n\t\t<\/div>\n\t\t\t\t\t<\/div>\n\t\t<\/section>\n\t\t\t\t<section class=\"elementor-section elementor-top-section elementor-element elementor-element-57ea69e elementor-section-boxed elementor-section-height-default elementor-section-height-default\" data-id=\"57ea69e\" data-element_type=\"section\" data-e-type=\"section\">\n\t\t\t\t\t\t<div class=\"elementor-container elementor-column-gap-default\">\n\t\t\t\t\t<div class=\"elementor-column elementor-col-50 elementor-top-column elementor-element elementor-element-5449441b\" data-id=\"5449441b\" data-element_type=\"column\" data-e-type=\"column\">\n\t\t\t<div class=\"elementor-widget-wrap elementor-element-populated\">\n\t\t\t\t\t\t<div class=\"elementor-element elementor-element-f815181 elementor-widget elementor-widget-text-editor\" data-id=\"f815181\" data-element_type=\"widget\" data-e-type=\"widget\" data-widget_type=\"text-editor.default\">\n\t\t\t\t<div class=\"elementor-widget-container\">\n\t\t\t\t\t\t\t\t\t<h4><span style=\"color: #da002e\"><u>Charte de qualit\u00e9<\/u><\/span><\/h4><p>Les Alliances fran\u00e7aises des Pays-Bas forment un\u00a0<b>r\u00e9seau national\u00a0<\/b>dont le projet p\u00e9dagogique est inspir\u00e9 par les sp\u00e9cificit\u00e9s du territoire et du public.<\/p>\t\t\t\t\t\t\t\t<\/div>\n\t\t\t\t<\/div>\n\t\t\t\t\t<\/div>\n\t\t<\/div>\n\t\t\t\t<div class=\"elementor-column elementor-col-50 elementor-top-column elementor-element elementor-element-36c2ba39\" data-id=\"36c2ba39\" data-element_type=\"column\" data-e-type=\"column\">\n\t\t\t<div class=\"elementor-widget-wrap elementor-element-populated\">\n\t\t\t\t\t\t<div class=\"elementor-element elementor-element-5888a8e3 elementor-widget elementor-widget-text-editor\" data-id=\"5888a8e3\" data-element_type=\"widget\" data-e-type=\"widget\" data-widget_type=\"text-editor.default\">\n\t\t\t\t<div class=\"elementor-widget-container\">\n\t\t\t\t\t\t\t\t\t<h4><span style=\"color: #da002e\"><u>Kwaliteitsverklaring<\/u><\/span><\/h4><p>\u00a0<span style=\"font-size: 1rem\">De Alliances Fran\u00e7aises van Nederland vormen een\u00a0<b>nationaal netwerk<\/b>\u00a0met een cursusaanbod dat de specifieke kenmerken van Nederland en het Nederlandse publiek als uitgangspunt heeft.<\/span><\/p>\t\t\t\t\t\t\t\t<\/div>\n\t\t\t\t<\/div>\n\t\t\t\t\t<\/div>\n\t\t<\/div>\n\t\t\t\t\t<\/div>\n\t\t<\/section>\n\t\t\t\t<section class=\"elementor-section elementor-top-section elementor-element elementor-element-54cdc391 elementor-section-boxed elementor-section-height-default elementor-section-height-default\" data-id=\"54cdc391\" data-element_type=\"section\" data-e-type=\"section\">\n\t\t\t\t\t\t<div class=\"elementor-container elementor-column-gap-default\">\n\t\t\t\t\t<div class=\"elementor-column elementor-col-50 elementor-top-column elementor-element elementor-element-70b233af\" data-id=\"70b233af\" data-element_type=\"column\" data-e-type=\"column\">\n\t\t\t<div class=\"elementor-widget-wrap elementor-element-populated\">\n\t\t\t\t\t\t<div class=\"elementor-element elementor-element-6da8e8ae elementor-widget elementor-widget-text-editor\" data-id=\"6da8e8ae\" data-element_type=\"widget\" data-e-type=\"widget\" data-widget_type=\"text-editor.default\">\n\t\t\t\t<div class=\"elementor-widget-container\">\n\t\t\t\t\t\t\t\t\t<p><span style=\"font-size: 1rem\"><b>L&#8217;offre de cours<\/b>\u00a0est fond\u00e9e sur le Cadre europ\u00e9en commun de r\u00e9f\u00e9rences pour les langues.<\/span><\/p>\t\t\t\t\t\t\t\t<\/div>\n\t\t\t\t<\/div>\n\t\t\t\t\t<\/div>\n\t\t<\/div>\n\t\t\t\t<div class=\"elementor-column elementor-col-50 elementor-top-column elementor-element elementor-element-249102d2\" data-id=\"249102d2\" data-element_type=\"column\" data-e-type=\"column\">\n\t\t\t<div class=\"elementor-widget-wrap elementor-element-populated\">\n\t\t\t\t\t\t<div class=\"elementor-element elementor-element-1a05f9fe elementor-widget elementor-widget-text-editor\" data-id=\"1a05f9fe\" data-element_type=\"widget\" data-e-type=\"widget\" data-widget_type=\"text-editor.default\">\n\t\t\t\t<div class=\"elementor-widget-container\">\n\t\t\t\t\t\t\t\t\t<p><span style=\"font-size: 1rem\"><b>Het\u00a0cursusaanbod<\/b>\u00a0is gebaseerd is op het Europese referentiekader voor de talen.<\/span><\/p>\t\t\t\t\t\t\t\t<\/div>\n\t\t\t\t<\/div>\n\t\t\t\t\t<\/div>\n\t\t<\/div>\n\t\t\t\t\t<\/div>\n\t\t<\/section>\n\t\t\t\t<section class=\"elementor-section elementor-top-section elementor-element elementor-element-70c27355 elementor-section-boxed elementor-section-height-default elementor-section-height-default\" data-id=\"70c27355\" data-element_type=\"section\" data-e-type=\"section\">\n\t\t\t\t\t\t<div class=\"elementor-container elementor-column-gap-default\">\n\t\t\t\t\t<div class=\"elementor-column elementor-col-50 elementor-top-column elementor-element elementor-element-725e06a6\" data-id=\"725e06a6\" data-element_type=\"column\" data-e-type=\"column\">\n\t\t\t<div class=\"elementor-widget-wrap elementor-element-populated\">\n\t\t\t\t\t\t<div class=\"elementor-element elementor-element-24e584a8 elementor-widget elementor-widget-text-editor\" data-id=\"24e584a8\" data-element_type=\"widget\" data-e-type=\"widget\" data-widget_type=\"text-editor.default\">\n\t\t\t\t<div class=\"elementor-widget-container\">\n\t\t\t\t\t\t\t\t\t<p><span style=\"font-size: 1rem\">Les enseignants, ayant le fran\u00e7ais pour langue maternelle ou langue seconde, sont\u00a0<b>dipl\u00f4m\u00e9s\u00a0<\/b>en Fran\u00e7ais langue \u00e9trang\u00e8re et\u00a0<b>comp\u00e9tents<\/b>. Ils actualisent leur savoir-faire dans le cadre de la formation continue.<\/span><\/p>\t\t\t\t\t\t\t\t<\/div>\n\t\t\t\t<\/div>\n\t\t\t\t\t<\/div>\n\t\t<\/div>\n\t\t\t\t<div class=\"elementor-column elementor-col-50 elementor-top-column elementor-element elementor-element-46ed3eef\" data-id=\"46ed3eef\" data-element_type=\"column\" data-e-type=\"column\">\n\t\t\t<div class=\"elementor-widget-wrap elementor-element-populated\">\n\t\t\t\t\t\t<div class=\"elementor-element elementor-element-7c196bd8 elementor-widget elementor-widget-text-editor\" data-id=\"7c196bd8\" data-element_type=\"widget\" data-e-type=\"widget\" data-widget_type=\"text-editor.default\">\n\t\t\t\t<div class=\"elementor-widget-container\">\n\t\t\t\t\t\t\t\t\t<p><span style=\"font-size: 1rem\">De docenten, die Frans als moedertaal dan wel als tweede taal hebben, zijn\u00a0<b>vakkundig<\/b>\u00a0en\u00a0<b>bevoegd.<\/b> Door middel van na- en bijscholing actualiseren zij voortdurend hun kennis en vakkundigheid.<\/span><\/p>\t\t\t\t\t\t\t\t<\/div>\n\t\t\t\t<\/div>\n\t\t\t\t\t<\/div>\n\t\t<\/div>\n\t\t\t\t\t<\/div>\n\t\t<\/section>\n\t\t\t\t<section class=\"elementor-section elementor-top-section elementor-element elementor-element-5391888b elementor-section-boxed elementor-section-height-default elementor-section-height-default\" data-id=\"5391888b\" data-element_type=\"section\" data-e-type=\"section\">\n\t\t\t\t\t\t<div class=\"elementor-container elementor-column-gap-default\">\n\t\t\t\t\t<div class=\"elementor-column elementor-col-50 elementor-top-column elementor-element elementor-element-72740272\" data-id=\"72740272\" data-element_type=\"column\" data-e-type=\"column\">\n\t\t\t<div class=\"elementor-widget-wrap elementor-element-populated\">\n\t\t\t\t\t\t<div class=\"elementor-element elementor-element-4021fa54 elementor-widget elementor-widget-text-editor\" data-id=\"4021fa54\" data-element_type=\"widget\" data-e-type=\"widget\" data-widget_type=\"text-editor.default\">\n\t\t\t\t<div class=\"elementor-widget-container\">\n\t\t\t\t\t\t\t\t\t<p><span style=\"font-size: 1rem\"><strong>L&#8217;offre de cours<\/strong>\u00a0est\u00a0<b>diversifi\u00e9e<\/b>\u00a0et adapt\u00e9e aux besoins des apprenants.<\/span><\/p>\t\t\t\t\t\t\t\t<\/div>\n\t\t\t\t<\/div>\n\t\t\t\t\t<\/div>\n\t\t<\/div>\n\t\t\t\t<div class=\"elementor-column elementor-col-50 elementor-top-column elementor-element elementor-element-10d19a3b\" data-id=\"10d19a3b\" data-element_type=\"column\" data-e-type=\"column\">\n\t\t\t<div class=\"elementor-widget-wrap elementor-element-populated\">\n\t\t\t\t\t\t<div class=\"elementor-element elementor-element-2362f8e9 elementor-widget elementor-widget-text-editor\" data-id=\"2362f8e9\" data-element_type=\"widget\" data-e-type=\"widget\" data-widget_type=\"text-editor.default\">\n\t\t\t\t<div class=\"elementor-widget-container\">\n\t\t\t\t\t\t\t\t\t<p><span style=\"font-size: 1rem\">Er is een\u00a0<b>breed\u00a0cursusaanbod<\/b>\u00a0dat aansluit bij de behoeften van de cursisten.<\/span><\/p>\t\t\t\t\t\t\t\t<\/div>\n\t\t\t\t<\/div>\n\t\t\t\t\t<\/div>\n\t\t<\/div>\n\t\t\t\t\t<\/div>\n\t\t<\/section>\n\t\t\t\t<section class=\"elementor-section elementor-top-section elementor-element elementor-element-69d5136b elementor-section-boxed elementor-section-height-default elementor-section-height-default\" data-id=\"69d5136b\" data-element_type=\"section\" data-e-type=\"section\">\n\t\t\t\t\t\t<div class=\"elementor-container elementor-column-gap-default\">\n\t\t\t\t\t<div class=\"elementor-column elementor-col-50 elementor-top-column elementor-element elementor-element-767836fb\" data-id=\"767836fb\" data-element_type=\"column\" data-e-type=\"column\">\n\t\t\t<div class=\"elementor-widget-wrap elementor-element-populated\">\n\t\t\t\t\t\t<div class=\"elementor-element elementor-element-751f4398 elementor-widget elementor-widget-text-editor\" data-id=\"751f4398\" data-element_type=\"widget\" data-e-type=\"widget\" data-widget_type=\"text-editor.default\">\n\t\t\t\t<div class=\"elementor-widget-container\">\n\t\t\t\t\t\t\t\t\t<p><span style=\"font-size: 1rem\">Une\u00a0<b>\u00e9valuation personnalis\u00e9e<\/b>, gratuite et sans engagement est propos\u00e9e avant l\u2019inscription.<\/span><\/p>\t\t\t\t\t\t\t\t<\/div>\n\t\t\t\t<\/div>\n\t\t\t\t\t<\/div>\n\t\t<\/div>\n\t\t\t\t<div class=\"elementor-column elementor-col-50 elementor-top-column elementor-element elementor-element-7a422f4\" data-id=\"7a422f4\" data-element_type=\"column\" data-e-type=\"column\">\n\t\t\t<div class=\"elementor-widget-wrap elementor-element-populated\">\n\t\t\t\t\t\t<div class=\"elementor-element elementor-element-29296bd9 elementor-widget elementor-widget-text-editor\" data-id=\"29296bd9\" data-element_type=\"widget\" data-e-type=\"widget\" data-widget_type=\"text-editor.default\">\n\t\t\t\t<div class=\"elementor-widget-container\">\n\t\t\t\t\t\t\t\t\t<p><span style=\"font-size: 1rem\">Een vrijblijvende\u00a0<b>persoonlijke niveaubepaling<\/b>\u00a0wordt voor de inschrijving aangeboden. Er is een breed cursusaanbod dat aansluit bij de behoeften van de cursisten.<\/span><\/p>\t\t\t\t\t\t\t\t<\/div>\n\t\t\t\t<\/div>\n\t\t\t\t\t<\/div>\n\t\t<\/div>\n\t\t\t\t\t<\/div>\n\t\t<\/section>\n\t\t\t\t<section class=\"elementor-section elementor-top-section elementor-element elementor-element-2e494578 elementor-section-boxed elementor-section-height-default elementor-section-height-default\" data-id=\"2e494578\" data-element_type=\"section\" data-e-type=\"section\">\n\t\t\t\t\t\t<div class=\"elementor-container elementor-column-gap-default\">\n\t\t\t\t\t<div class=\"elementor-column elementor-col-50 elementor-top-column elementor-element elementor-element-3d82e888\" data-id=\"3d82e888\" data-element_type=\"column\" data-e-type=\"column\">\n\t\t\t<div class=\"elementor-widget-wrap elementor-element-populated\">\n\t\t\t\t\t\t<div class=\"elementor-element elementor-element-35b0e044 elementor-widget elementor-widget-text-editor\" data-id=\"35b0e044\" data-element_type=\"widget\" data-e-type=\"widget\" data-widget_type=\"text-editor.default\">\n\t\t\t\t<div class=\"elementor-widget-container\">\n\t\t\t\t\t\t\t\t\t<p><span style=\"font-size: 1rem\">Les<b>\u00a0m\u00e9thodes\u00a0<\/b>utilis\u00e9es sont communicatives et actionnelles\u00a0; elles sont fond\u00e9es sur le<b>\u00a0Cadre europ\u00e9en<\/b>.<\/span><\/p>\t\t\t\t\t\t\t\t<\/div>\n\t\t\t\t<\/div>\n\t\t\t\t\t<\/div>\n\t\t<\/div>\n\t\t\t\t<div class=\"elementor-column elementor-col-50 elementor-top-column elementor-element elementor-element-1873562d\" data-id=\"1873562d\" data-element_type=\"column\" data-e-type=\"column\">\n\t\t\t<div class=\"elementor-widget-wrap elementor-element-populated\">\n\t\t\t\t\t\t<div class=\"elementor-element elementor-element-71cd0a19 elementor-widget elementor-widget-text-editor\" data-id=\"71cd0a19\" data-element_type=\"widget\" data-e-type=\"widget\" data-widget_type=\"text-editor.default\">\n\t\t\t\t<div class=\"elementor-widget-container\">\n\t\t\t\t\t\t\t\t\t<p><span style=\"font-size: 1rem\">De gebruikte\u00a0<b>methoden<\/b>\u00a0zijn communicatief en actief. Zij gaan uit van het\u00a0<b>Europees referentiekader<\/b>.<\/span><\/p>\t\t\t\t\t\t\t\t<\/div>\n\t\t\t\t<\/div>\n\t\t\t\t\t<\/div>\n\t\t<\/div>\n\t\t\t\t\t<\/div>\n\t\t<\/section>\n\t\t\t\t<section class=\"elementor-section elementor-top-section elementor-element elementor-element-725283fb elementor-section-boxed elementor-section-height-default elementor-section-height-default\" data-id=\"725283fb\" data-element_type=\"section\" data-e-type=\"section\">\n\t\t\t\t\t\t<div class=\"elementor-container elementor-column-gap-default\">\n\t\t\t\t\t<div class=\"elementor-column elementor-col-50 elementor-top-column elementor-element elementor-element-586615d6\" data-id=\"586615d6\" data-element_type=\"column\" data-e-type=\"column\">\n\t\t\t<div class=\"elementor-widget-wrap elementor-element-populated\">\n\t\t\t\t\t\t<div class=\"elementor-element elementor-element-3a450cee elementor-widget elementor-widget-text-editor\" data-id=\"3a450cee\" data-element_type=\"widget\" data-e-type=\"widget\" data-widget_type=\"text-editor.default\">\n\t\t\t\t<div class=\"elementor-widget-container\">\n\t\t\t\t\t\t\t\t\t<p><span style=\"font-size: 1rem\">Les apprenants ont la possibilit\u00e9 de se pr\u00e9parer aux\u00a0<b>certifications de fran\u00e7ais\u00a0langue<\/b> \u00e9trang\u00e8re<b>\u00a0reconnues<\/b>.<\/span><\/p>\t\t\t\t\t\t\t\t<\/div>\n\t\t\t\t<\/div>\n\t\t\t\t\t<\/div>\n\t\t<\/div>\n\t\t\t\t<div class=\"elementor-column elementor-col-50 elementor-top-column elementor-element elementor-element-7acab5c0\" data-id=\"7acab5c0\" data-element_type=\"column\" data-e-type=\"column\">\n\t\t\t<div class=\"elementor-widget-wrap elementor-element-populated\">\n\t\t\t\t\t\t<div class=\"elementor-element elementor-element-223357d2 elementor-widget elementor-widget-text-editor\" data-id=\"223357d2\" data-element_type=\"widget\" data-e-type=\"widget\" data-widget_type=\"text-editor.default\">\n\t\t\t\t<div class=\"elementor-widget-container\">\n\t\t\t\t\t\t\t\t\t<p><span style=\"font-size: 1rem\">Cursisten hebben de mogelijkheid om zich voor te bereiden op de\u00a0<b>erkende diploma\u2019s Frans<\/b>\u00a0als vreemde taal.<\/span><\/p>\t\t\t\t\t\t\t\t<\/div>\n\t\t\t\t<\/div>\n\t\t\t\t\t<\/div>\n\t\t<\/div>\n\t\t\t\t\t<\/div>\n\t\t<\/section>\n\t\t\t\t<\/div>\n\t\t","protected":false},"excerpt":{"rendered":"<p>Charte de qualit\u00e9 \u2013 Kwaliteitsverklaring Charte de qualit\u00e9 Les Alliances fran\u00e7aises des Pays-Bas forment un\u00a0r\u00e9seau national\u00a0dont le projet p\u00e9dagogique est inspir\u00e9 par les sp\u00e9cificit\u00e9s du territoire et du public. Kwaliteitsverklaring [&hellip;]<\/p>\n","protected":false},"author":1,"featured_media":0,"parent":0,"menu_order":0,"comment_status":"closed","ping_status":"closed","template":"elementor_header_footer","meta":{"footnotes":""},"class_list":["post-221","page","type-page","status-publish","hentry"],"_links":{"self":[{"href":"https:\/\/www.alliance-francaise.nl\/zoetermeer\/wp-json\/wp\/v2\/pages\/221","targetHints":{"allow":["GET"]}}],"collection":[{"href":"https:\/\/www.alliance-francaise.nl\/zoetermeer\/wp-json\/wp\/v2\/pages"}],"about":[{"href":"https:\/\/www.alliance-francaise.nl\/zoetermeer\/wp-json\/wp\/v2\/types\/page"}],"author":[{"embeddable":true,"href":"https:\/\/www.alliance-francaise.nl\/zoetermeer\/wp-json\/wp\/v2\/users\/1"}],"replies":[{"embeddable":true,"href":"https:\/\/www.alliance-francaise.nl\/zoetermeer\/wp-json\/wp\/v2\/comments?post=221"}],"version-history":[{"count":16,"href":"https:\/\/www.alliance-francaise.nl\/zoetermeer\/wp-json\/wp\/v2\/pages\/221\/revisions"}],"predecessor-version":[{"id":5524,"href":"https:\/\/www.alliance-francaise.nl\/zoetermeer\/wp-json\/wp\/v2\/pages\/221\/revisions\/5524"}],"wp:attachment":[{"href":"https:\/\/www.alliance-francaise.nl\/zoetermeer\/wp-json\/wp\/v2\/media?parent=221"}],"curies":[{"name":"wp","href":"https:\/\/api.w.org\/{rel}","templated":true}]}}