{"id":71,"date":"2020-02-13T10:23:38","date_gmt":"2020-02-13T10:23:38","guid":{"rendered":"https:\/\/www.alliance-francaise.nl\/2020\/walcheren\/?page_id=71"},"modified":"2026-03-28T14:08:36","modified_gmt":"2026-03-28T13:08:36","slug":"bienvenue-welkom","status":"publish","type":"page","link":"https:\/\/www.alliance-francaise.nl\/walcheren\/","title":{"rendered":"Bienvenue &#8211; Welkom"},"content":{"rendered":"\t\t<div data-elementor-type=\"wp-page\" data-elementor-id=\"71\" class=\"elementor elementor-71\" data-elementor-post-type=\"page\">\n\t\t\t\t\t\t<section class=\"elementor-section elementor-top-section elementor-element elementor-element-77f1e768 elementor-section-full_width elementor-section-height-min-height elementor-reverse-mobile elementor-section-height-default elementor-section-items-middle\" data-id=\"77f1e768\" data-element_type=\"section\" data-e-type=\"section\" data-settings=\"{&quot;background_background&quot;:&quot;classic&quot;}\">\n\t\t\t\t\t\t<div class=\"elementor-container elementor-column-gap-default\">\n\t\t\t\t\t<div class=\"elementor-column elementor-col-100 elementor-top-column elementor-element elementor-element-114d950c\" data-id=\"114d950c\" data-element_type=\"column\" data-e-type=\"column\" data-settings=\"{&quot;background_background&quot;:&quot;classic&quot;}\">\n\t\t\t<div class=\"elementor-widget-wrap elementor-element-populated\">\n\t\t\t\t\t\t<div class=\"elementor-element elementor-element-2dd5d705 elementor-widget elementor-widget-heading\" data-id=\"2dd5d705\" data-element_type=\"widget\" data-e-type=\"widget\" data-widget_type=\"heading.default\">\n\t\t\t\t<div class=\"elementor-widget-container\">\n\t\t\t\t\t<h1 class=\"elementor-heading-title elementor-size-default\"><a href=\"\" target=\"_blank\">Franse Taal en Cultuur op Walcheren.\n\n\n\n<\/a><\/h1>\t\t\t\t<\/div>\n\t\t\t\t<\/div>\n\t\t\t\t<div class=\"elementor-element elementor-element-4f071337 elementor-widget elementor-widget-text-editor\" data-id=\"4f071337\" data-element_type=\"widget\" data-e-type=\"widget\" data-widget_type=\"text-editor.default\">\n\t\t\t\t<div class=\"elementor-widget-container\">\n\t\t\t\t\t\t\t\t\t<p><a href=\"https:\/\/www.alliance-francaise.nl\/walcheren\/cedeo-logo-600x372\/\" rel=\"attachment wp-att-2979\"><img fetchpriority=\"high\" decoding=\"async\" class=\"alignnone size-medium wp-image-2979\" src=\"https:\/\/www.alliance-francaise.nl\/walcheren\/wp-content\/uploads\/sites\/32\/2025\/12\/CEDEO-logo-600x372-1-300x186.png\" alt=\"\" width=\"300\" height=\"186\" srcset=\"https:\/\/www.alliance-francaise.nl\/walcheren\/wp-content\/uploads\/sites\/32\/2025\/12\/CEDEO-logo-600x372-1-300x186.png 300w, https:\/\/www.alliance-francaise.nl\/walcheren\/wp-content\/uploads\/sites\/32\/2025\/12\/CEDEO-logo-600x372-1.png 600w\" sizes=\"(max-width: 300px) 100vw, 300px\" \/><\/a><\/p><p><a href=\"https:\/\/www.alliance-francaise.nl\/walcheren\/cafefrancaisdebij260226\/\" rel=\"attachment wp-att-3161\"><img decoding=\"async\" class=\"alignnone size-medium wp-image-3161\" src=\"https:\/\/www.alliance-francaise.nl\/walcheren\/wp-content\/uploads\/sites\/32\/2026\/02\/cafefrancaisdebij260226-300x225.jpg\" alt=\"\" width=\"300\" height=\"225\" srcset=\"https:\/\/www.alliance-francaise.nl\/walcheren\/wp-content\/uploads\/sites\/32\/2026\/02\/cafefrancaisdebij260226-300x225.jpg 300w, https:\/\/www.alliance-francaise.nl\/walcheren\/wp-content\/uploads\/sites\/32\/2026\/02\/cafefrancaisdebij260226-1024x768.jpg 1024w, https:\/\/www.alliance-francaise.nl\/walcheren\/wp-content\/uploads\/sites\/32\/2026\/02\/cafefrancaisdebij260226-768x576.jpg 768w, https:\/\/www.alliance-francaise.nl\/walcheren\/wp-content\/uploads\/sites\/32\/2026\/02\/cafefrancaisdebij260226-1536x1152.jpg 1536w, https:\/\/www.alliance-francaise.nl\/walcheren\/wp-content\/uploads\/sites\/32\/2026\/02\/cafefrancaisdebij260226-1320x990.jpg 1320w, https:\/\/www.alliance-francaise.nl\/walcheren\/wp-content\/uploads\/sites\/32\/2026\/02\/cafefrancaisdebij260226-600x450.jpg 600w, https:\/\/www.alliance-francaise.nl\/walcheren\/wp-content\/uploads\/sites\/32\/2026\/02\/cafefrancaisdebij260226.jpg 1600w\" sizes=\"(max-width: 300px) 100vw, 300px\" \/><\/a><\/p><p><strong>Het volgende Caf\u00e9 fran\u00e7ais is <span style=\"text-decoration: underline\">9 april<\/span> tussen 16.00 en 18.00 uur in <a href=\"https:\/\/debijmiddelburg.nl\/\" target=\"_blank\" rel=\"noopener\">Hotel-Restaurant de Bij Middelburg<\/a>.(Vlasmarkt 56). <\/strong><strong>Meer info over het Caf\u00e9 fran\u00e7ais vindt u <a href=\"https:\/\/www.alliance-francaise.nl\/walcheren\/cultuur\/cafe-francais\/\" target=\"_blank\" rel=\"noopener\">hier.<\/a><\/strong><\/p><p><strong><a href=\"https:\/\/www.alliance-francaise.nl\/walcheren\/cultuur\/slotavond-donderdag-16-april-2026\/\">Soir\u00e9e de Cl\u00f4ture<\/a> 16 april met lezing over de Walcherenexpeditie van Napoleon in 1809.\u00a0<\/strong><\/p><p><em><span style=\"color: #ff0000\"><strong>Aanmeldingsprocedure Slotavond gestopt i.v.m. bereiken maximum aantal bezoekers.<\/strong><\/span><\/em><\/p><p><a href=\"https:\/\/www.alliance-francaise.nl\/walcheren\/napoleon-walcheren\/\" rel=\"attachment wp-att-3256\"><img decoding=\"async\" class=\"alignnone size-medium wp-image-3256\" src=\"https:\/\/www.alliance-francaise.nl\/walcheren\/wp-content\/uploads\/sites\/32\/2026\/03\/Napoleon-Walcheren-300x210.png\" alt=\"\" width=\"300\" height=\"210\" srcset=\"https:\/\/www.alliance-francaise.nl\/walcheren\/wp-content\/uploads\/sites\/32\/2026\/03\/Napoleon-Walcheren-300x210.png 300w, https:\/\/www.alliance-francaise.nl\/walcheren\/wp-content\/uploads\/sites\/32\/2026\/03\/Napoleon-Walcheren-600x421.png 600w, https:\/\/www.alliance-francaise.nl\/walcheren\/wp-content\/uploads\/sites\/32\/2026\/03\/Napoleon-Walcheren.png 719w\" sizes=\"(max-width: 300px) 100vw, 300px\" \/><\/a><\/p>\t\t\t\t\t\t\t\t<\/div>\n\t\t\t\t<\/div>\n\t\t\t\t\t<\/div>\n\t\t<\/div>\n\t\t\t\t\t<\/div>\n\t\t<\/section>\n\t\t\t\t<section class=\"elementor-section elementor-top-section elementor-element elementor-element-c70ca01 elementor-section-boxed elementor-section-height-default elementor-section-height-default\" data-id=\"c70ca01\" data-element_type=\"section\" data-e-type=\"section\">\n\t\t\t\t\t\t<div class=\"elementor-container elementor-column-gap-default\">\n\t\t\t\t\t<div class=\"elementor-column elementor-col-100 elementor-top-column elementor-element elementor-element-59c9df3f\" data-id=\"59c9df3f\" data-element_type=\"column\" data-e-type=\"column\">\n\t\t\t<div class=\"elementor-widget-wrap elementor-element-populated\">\n\t\t\t\t\t\t<div class=\"elementor-element elementor-element-7c9b4532 elementor-widget elementor-widget-heading\" data-id=\"7c9b4532\" data-element_type=\"widget\" data-e-type=\"widget\" data-widget_type=\"heading.default\">\n\t\t\t\t<div class=\"elementor-widget-container\">\n\t\t\t\t\t<h2 class=\"elementor-heading-title elementor-size-xl\">Bienvenue - Welkom<\/h2>\t\t\t\t<\/div>\n\t\t\t\t<\/div>\n\t\t\t\t\t<\/div>\n\t\t<\/div>\n\t\t\t\t\t<\/div>\n\t\t<\/section>\n\t\t\t\t<section class=\"elementor-section elementor-top-section elementor-element elementor-element-6303fd82 elementor-section-stretched elementor-section-boxed elementor-section-height-default elementor-section-height-default\" data-id=\"6303fd82\" data-element_type=\"section\" data-e-type=\"section\" data-settings=\"{&quot;stretch_section&quot;:&quot;section-stretched&quot;,&quot;background_background&quot;:&quot;classic&quot;}\">\n\t\t\t\t\t\t\t<div class=\"elementor-background-overlay\"><\/div>\n\t\t\t\t\t\t\t<div class=\"elementor-container elementor-column-gap-default\">\n\t\t\t\t\t<div class=\"elementor-column elementor-col-100 elementor-top-column elementor-element elementor-element-2c01da7\" data-id=\"2c01da7\" data-element_type=\"column\" data-e-type=\"column\">\n\t\t\t<div class=\"elementor-widget-wrap elementor-element-populated\">\n\t\t\t\t\t\t<div class=\"elementor-element elementor-element-24aa561c elementor-widget elementor-widget-text-editor\" data-id=\"24aa561c\" data-element_type=\"widget\" data-e-type=\"widget\" data-widget_type=\"text-editor.default\">\n\t\t\t\t<div class=\"elementor-widget-container\">\n\t\t\t\t\t\t\t\t\t<p>De Alliance Fran\u00e7aise de Walcheren bestaat sinds 1973. Zij is aangesloten bij de Alliance Fran\u00e7aise des Pays-Bas, de federatie van de Nederlandse Alliances, die in 2023 haar 135-jarig bestaan vierde. De Alliance Fran\u00e7aise zet zich in voor het bevorderen van de kennis van de Franse taal en cultuur.<\/p><p>Om dat doel te realiseren geeft zij tal van <a href=\"https:\/\/www.alliance-francaise.nl\/walcheren\/cursussen\/cursusaanbod-2025-2026\/\" target=\"_blank\" rel=\"noopener\">cursussen<\/a> op verschillende niveaus. Zowel voor (absolute) beginners als voor (ver) gevorderden. Zowel voor individuele deelnemers als voor organisaties en bedrijven. Voor de meer gevorderden zijn er cursussen conversatie. Het cursusjaar loopt van begin oktober tot begin april.<\/p><p>Wanneer u een cursus volgt in een bepaald cursusjaar, dan bent u ook automatisch lid van onze vereniging. U betaalt dan geen extra lidmaatschap. Het is echter ook mogelijk om alleen een <a href=\"https:\/\/www.alliance-francaise.nl\/walcheren\/bienvenue-welkom\/lid-worden\/\" target=\"_blank\" rel=\"noopener\">lidmaatschap<\/a> aan te gaan, zonder een cursus te\u00a0 volgen. Het lidmaatschap bedraagt 35 euro per jaar, een echtpaar betaalt 45 euro. Leden en cursisten zijn van harte welkom om deel te nemen aan de culturele activiteiten. Het meenemen van een introduc\u00e9 is vaak ook mogelijk.\u00a0<\/p><p>Voorts is er elke maand een\u00a0Caf\u00e9 fran\u00e7ais\u00a0waar in een ongedwongen sfeer Frans met elkaar kan worden gesproken.\u00a0<\/p><p>Door middel van onze periodieke nieuwsbrief\u00a0\u00a0houden we onze leden, cursisten en andere belangstellenden op de hoogte van onze activiteiten en vragen we aandacht voor andere activiteiten en aspecten van de Franse taal en cultuur.\u00a0<\/p><p><b>Erkende kwaliteit met het CEDEO-keurmerk<\/b><\/p><p><span style=\"font-weight: 400\">Alle vestigingen van de Alliance Fran\u00e7aise hechten veel belang aan de <\/span><b>kwaliteit<\/b><span style=\"font-weight: 400\"> van de gegeven taalopleidingen. De opleidingen zijn afgestemd op het <\/span><b>Gemeenschappelijk Europees Referentiekader voor Talen<\/b><span style=\"font-weight: 400\">, worden verzorgd door <\/span><b>gediplomeerde professionals<\/b><span style=\"font-weight: 400\"> en bieden de mogelijkheid de <\/span><b>DELF-diploma\u2019s* <\/b><span style=\"font-weight: 400\">te behalen. <\/span><\/p><p><b>Wij laten onze kwaliteit ook door een onafhankelijke externe instantie controleren: CEDEO.<\/b><span style=\"font-weight: 400\">\u00a0<\/span><\/p><p><span style=\"font-weight: 400\">Het <\/span><b>keurmerk CEDEO<\/b><span style=\"font-weight: 400\"> biedt deelnemers aan en inkopers van opleidingen zekerheden. Om erkend te worden moet een aanbieder aan <\/span><b>strenge criteria<\/b><span style=\"font-weight: 400\"> voldoen, waaronder de eis dat minimaal 80% van de klanten\/inkopers tevreden tot zeer tevreden moet zijn. Daarvoor vindt periodiek klanttevredenheidsonderzoek plaats, maar ook een toetsing van processen, continu\u00efteit en inhoudelijke kwaliteit door CEDEO.<\/span><\/p><p><span style=\"font-weight: 400\">Het CEDEO-keurmerk biedt zo een <\/span><b>kwaliteitsgarantie<\/b><span style=\"font-weight: 400\">, een selectiecriterium voor betrouwbaarheid en laat zien dat de Alliance Fran\u00e7aise een organisatie is die georganiseerd streeft naar kwaliteitsborging en -verhoging, ook op de lange termijn. Het keurmerk laat ook zien dat de graad van maatwerk en klantgerichtheid hoger liggen dan het marktgemiddelde.<\/span><\/p><p><span style=\"font-weight: 400\">* Het diploma DELF voor volwassenen is een officieel diploma dat wordt uitgereikt door het Franse ministerie van Onderwijs. Er zijn 4 diploma&#8217;s die overeenkomen met de eerste 4 niveaus van het Gemeenschappelijk Europees Referentiekader: DELF A1, DELF A2, DELF B1 en DELF B2. De kwaliteitsbelofte hebben wij vastgelegd in onze Kwaliteitsverklaring (zie: <\/span><a href=\"https:\/\/www.alliance-francaise.nl\/contact-en-informatie\/charte-de-qualite\/\"><span style=\"font-weight: 400\">https:\/\/www.alliance-francaise.nl\/contact-en-informatie\/charte-de-qualite\/<\/span><\/a><span style=\"font-weight: 400\">\u00a0 ).<\/span><\/p><div id=\"content\" class=\"grid col-636\"><div id=\"post-769\" class=\"post-769 page type-page status-publish hentry no-wpautop\"><div class=\"post-entry\">\u00a0<\/div><\/div><\/div>\t\t\t\t\t\t\t\t<\/div>\n\t\t\t\t<\/div>\n\t\t\t\t<div class=\"elementor-element elementor-element-2be5e5f8 elementor-widget elementor-widget-heading\" data-id=\"2be5e5f8\" data-element_type=\"widget\" data-e-type=\"widget\" data-widget_type=\"heading.default\">\n\t\t\t\t<div class=\"elementor-widget-container\">\n\t\t\t\t\t<h2 class=\"elementor-heading-title elementor-size-xl\">Wat kunt u bij ons verwachten?<\/h2>\t\t\t\t<\/div>\n\t\t\t\t<\/div>\n\t\t\t\t\t<\/div>\n\t\t<\/div>\n\t\t\t\t\t<\/div>\n\t\t<\/section>\n\t\t\t\t<section class=\"elementor-section elementor-top-section elementor-element elementor-element-39e229c8 elementor-section-stretched elementor-section-boxed elementor-section-height-default elementor-section-height-default\" data-id=\"39e229c8\" data-element_type=\"section\" data-e-type=\"section\" data-settings=\"{&quot;stretch_section&quot;:&quot;section-stretched&quot;,&quot;background_background&quot;:&quot;classic&quot;}\">\n\t\t\t\t\t\t<div class=\"elementor-container elementor-column-gap-no\">\n\t\t\t\t\t<div class=\"elementor-column elementor-col-33 elementor-top-column elementor-element elementor-element-c07fc4c\" data-id=\"c07fc4c\" data-element_type=\"column\" data-e-type=\"column\" data-settings=\"{&quot;background_background&quot;:&quot;classic&quot;}\">\n\t\t\t<div class=\"elementor-widget-wrap elementor-element-populated\">\n\t\t\t\t\t\t<div class=\"elementor-element elementor-element-0227734 elementor-widget elementor-widget-image\" data-id=\"0227734\" data-element_type=\"widget\" data-e-type=\"widget\" data-widget_type=\"image.default\">\n\t\t\t\t<div class=\"elementor-widget-container\">\n\t\t\t\t\t\t\t\t\t\t\t\t\t\t\t<img decoding=\"async\" src=\"https:\/\/www.alliance-francaise.nl\/maastricht\/wp-content\/uploads\/sites\/11\/2019\/12\/Cursus.jpg\" title=\"\" alt=\"\" loading=\"lazy\" \/>\t\t\t\t\t\t\t\t\t\t\t\t\t\t\t<\/div>\n\t\t\t\t<\/div>\n\t\t\t\t<div class=\"elementor-element elementor-element-7d0f7d7 elementor-widget elementor-widget-heading\" data-id=\"7d0f7d7\" data-element_type=\"widget\" data-e-type=\"widget\" data-widget_type=\"heading.default\">\n\t\t\t\t<div class=\"elementor-widget-container\">\n\t\t\t\t\t<p class=\"elementor-heading-title elementor-size-large\">Cursus Franse taal<\/p>\t\t\t\t<\/div>\n\t\t\t\t<\/div>\n\t\t\t\t<div class=\"elementor-element elementor-element-8896f9e elementor-widget elementor-widget-text-editor\" data-id=\"8896f9e\" data-element_type=\"widget\" data-e-type=\"widget\" data-widget_type=\"text-editor.default\">\n\t\t\t\t<div class=\"elementor-widget-container\">\n\t\t\t\t\t\t\t\t\t<p>Frans voor elk niveau van beginnerscursussen tot conversatiecursussen.<\/p>\t\t\t\t\t\t\t\t<\/div>\n\t\t\t\t<\/div>\n\t\t\t\t<div class=\"elementor-element elementor-element-721f9d0 elementor-align-center elementor-widget elementor-widget-button\" data-id=\"721f9d0\" data-element_type=\"widget\" data-e-type=\"widget\" data-widget_type=\"button.default\">\n\t\t\t\t<div class=\"elementor-widget-container\">\n\t\t\t\t\t\t\t\t\t<div class=\"elementor-button-wrapper\">\n\t\t\t\t\t<a class=\"elementor-button elementor-button-link elementor-size-sm\" href=\"https:\/\/www.alliance-francaise.nl\/walcheren\/cursussen\/\">\n\t\t\t\t\t\t<span class=\"elementor-button-content-wrapper\">\n\t\t\t\t\t\t<span class=\"elementor-button-icon\">\n\t\t\t\t<i aria-hidden=\"true\" class=\"fas fa-arrow-circle-right\"><\/i>\t\t\t<\/span>\n\t\t\t\t\t\t\t\t\t<span class=\"elementor-button-text\">Lees verder<\/span>\n\t\t\t\t\t<\/span>\n\t\t\t\t\t<\/a>\n\t\t\t\t<\/div>\n\t\t\t\t\t\t\t\t<\/div>\n\t\t\t\t<\/div>\n\t\t\t\t\t<\/div>\n\t\t<\/div>\n\t\t\t\t<div class=\"elementor-column elementor-col-33 elementor-top-column elementor-element elementor-element-9c545c3\" data-id=\"9c545c3\" data-element_type=\"column\" data-e-type=\"column\" data-settings=\"{&quot;background_background&quot;:&quot;classic&quot;}\">\n\t\t\t<div class=\"elementor-widget-wrap elementor-element-populated\">\n\t\t\t\t\t\t<div class=\"elementor-element elementor-element-d8f4b75 elementor-widget elementor-widget-image\" data-id=\"d8f4b75\" data-element_type=\"widget\" data-e-type=\"widget\" data-widget_type=\"image.default\">\n\t\t\t\t<div class=\"elementor-widget-container\">\n\t\t\t\t\t\t\t\t\t\t\t\t\t\t\t<img decoding=\"async\" src=\"https:\/\/www.alliance-francaise.nl\/maastricht\/wp-content\/uploads\/sites\/11\/2019\/12\/Cultuur.jpg\" title=\"\" alt=\"\" loading=\"lazy\" \/>\t\t\t\t\t\t\t\t\t\t\t\t\t\t\t<\/div>\n\t\t\t\t<\/div>\n\t\t\t\t<div class=\"elementor-element elementor-element-4168560 elementor-widget elementor-widget-heading\" data-id=\"4168560\" data-element_type=\"widget\" data-e-type=\"widget\" data-widget_type=\"heading.default\">\n\t\t\t\t<div class=\"elementor-widget-container\">\n\t\t\t\t\t<p class=\"elementor-heading-title elementor-size-large\">Cultureel Programma<\/p>\t\t\t\t<\/div>\n\t\t\t\t<\/div>\n\t\t\t\t<div class=\"elementor-element elementor-element-6f1ea1e elementor-widget elementor-widget-text-editor\" data-id=\"6f1ea1e\" data-element_type=\"widget\" data-e-type=\"widget\" data-widget_type=\"text-editor.default\">\n\t\t\t\t<div class=\"elementor-widget-container\">\n\t\t\t\t\t\t\t\t\t<p>Diverse culturele activiteiten gedurende het seizoen<\/p>\t\t\t\t\t\t\t\t<\/div>\n\t\t\t\t<\/div>\n\t\t\t\t<div class=\"elementor-element elementor-element-21f4161 elementor-align-center elementor-widget elementor-widget-button\" data-id=\"21f4161\" data-element_type=\"widget\" data-e-type=\"widget\" data-widget_type=\"button.default\">\n\t\t\t\t<div class=\"elementor-widget-container\">\n\t\t\t\t\t\t\t\t\t<div class=\"elementor-button-wrapper\">\n\t\t\t\t\t<a class=\"elementor-button elementor-button-link elementor-size-sm\" href=\"https:\/\/www.alliance-francaise.nl\/walcheren\/cultuur\/\">\n\t\t\t\t\t\t<span class=\"elementor-button-content-wrapper\">\n\t\t\t\t\t\t<span class=\"elementor-button-icon\">\n\t\t\t\t<i aria-hidden=\"true\" class=\"fas fa-arrow-circle-right\"><\/i>\t\t\t<\/span>\n\t\t\t\t\t\t\t\t\t<span class=\"elementor-button-text\">Lees verder<\/span>\n\t\t\t\t\t<\/span>\n\t\t\t\t\t<\/a>\n\t\t\t\t<\/div>\n\t\t\t\t\t\t\t\t<\/div>\n\t\t\t\t<\/div>\n\t\t\t\t\t<\/div>\n\t\t<\/div>\n\t\t\t\t<div class=\"elementor-column elementor-col-33 elementor-top-column elementor-element elementor-element-412ae20\" data-id=\"412ae20\" data-element_type=\"column\" data-e-type=\"column\" data-settings=\"{&quot;background_background&quot;:&quot;classic&quot;}\">\n\t\t\t<div class=\"elementor-widget-wrap elementor-element-populated\">\n\t\t\t\t\t\t<div class=\"elementor-element elementor-element-ef63b05 elementor-widget elementor-widget-image\" data-id=\"ef63b05\" data-element_type=\"widget\" data-e-type=\"widget\" data-widget_type=\"image.default\">\n\t\t\t\t<div class=\"elementor-widget-container\">\n\t\t\t\t\t\t\t\t\t\t\t\t\t\t\t<img decoding=\"async\" src=\"https:\/\/www.alliance-francaise.nl\/maastricht\/wp-content\/uploads\/sites\/11\/2019\/12\/Kletsende-vrouwen.jpg\" title=\"\" alt=\"\" loading=\"lazy\" \/>\t\t\t\t\t\t\t\t\t\t\t\t\t\t\t<\/div>\n\t\t\t\t<\/div>\n\t\t\t\t<div class=\"elementor-element elementor-element-ac83820 elementor-widget elementor-widget-heading\" data-id=\"ac83820\" data-element_type=\"widget\" data-e-type=\"widget\" data-widget_type=\"heading.default\">\n\t\t\t\t<div class=\"elementor-widget-container\">\n\t\t\t\t\t<p class=\"elementor-heading-title elementor-size-large\">Caf\u00e9 fran\u00e7ais<\/p>\t\t\t\t<\/div>\n\t\t\t\t<\/div>\n\t\t\t\t<div class=\"elementor-element elementor-element-2dbe1cd elementor-widget elementor-widget-text-editor\" data-id=\"2dbe1cd\" data-element_type=\"widget\" data-e-type=\"widget\" data-widget_type=\"text-editor.default\">\n\t\t\t\t<div class=\"elementor-widget-container\">\n\t\t\t\t\t\t\t\t\t<p>Caf\u00e9 fran\u00e7ais voor iedereen die graag Frans wil spreken in een ontspannen sfeer.<\/p>\t\t\t\t\t\t\t\t<\/div>\n\t\t\t\t<\/div>\n\t\t\t\t<div class=\"elementor-element elementor-element-f0d386e elementor-align-center elementor-widget elementor-widget-button\" data-id=\"f0d386e\" data-element_type=\"widget\" data-e-type=\"widget\" data-widget_type=\"button.default\">\n\t\t\t\t<div class=\"elementor-widget-container\">\n\t\t\t\t\t\t\t\t\t<div class=\"elementor-button-wrapper\">\n\t\t\t\t\t<a class=\"elementor-button elementor-button-link elementor-size-sm\" href=\"https:\/\/www.alliance-francaise.nl\/walcheren\/cultuur\/cafe-francais\/\" target=\"_blank\">\n\t\t\t\t\t\t<span class=\"elementor-button-content-wrapper\">\n\t\t\t\t\t\t<span class=\"elementor-button-icon\">\n\t\t\t\t<i aria-hidden=\"true\" class=\"fas fa-arrow-circle-right\"><\/i>\t\t\t<\/span>\n\t\t\t\t\t\t\t\t\t<span class=\"elementor-button-text\">Lees verder<\/span>\n\t\t\t\t\t<\/span>\n\t\t\t\t\t<\/a>\n\t\t\t\t<\/div>\n\t\t\t\t\t\t\t\t<\/div>\n\t\t\t\t<\/div>\n\t\t\t\t\t<\/div>\n\t\t<\/div>\n\t\t\t\t\t<\/div>\n\t\t<\/section>\n\t\t\t\t<section class=\"elementor-section elementor-top-section elementor-element elementor-element-6645f06d elementor-section-boxed elementor-section-height-default elementor-section-height-default\" data-id=\"6645f06d\" data-element_type=\"section\" data-e-type=\"section\">\n\t\t\t\t\t\t<div class=\"elementor-container elementor-column-gap-default\">\n\t\t\t\t\t<div class=\"elementor-column elementor-col-100 elementor-top-column elementor-element elementor-element-5cc566f2\" data-id=\"5cc566f2\" data-element_type=\"column\" data-e-type=\"column\">\n\t\t\t<div class=\"elementor-widget-wrap elementor-element-populated\">\n\t\t\t\t\t\t<div class=\"elementor-element elementor-element-76f880eb elementor-widget elementor-widget-heading\" data-id=\"76f880eb\" data-element_type=\"widget\" data-e-type=\"widget\" data-widget_type=\"heading.default\">\n\t\t\t\t<div class=\"elementor-widget-container\">\n\t\t\t\t\t<h3 class=\"elementor-heading-title elementor-size-large\">Onze partners<\/h3>\t\t\t\t<\/div>\n\t\t\t\t<\/div>\n\t\t\t\t<div class=\"elementor-element elementor-element-73a1b9b0 elementor-arrows-position-inside elementor-pagination-position-outside elementor-widget elementor-widget-image-carousel\" data-id=\"73a1b9b0\" data-element_type=\"widget\" data-e-type=\"widget\" data-settings=\"{&quot;slides_to_show&quot;:&quot;3&quot;,&quot;slides_to_scroll&quot;:&quot;2&quot;,&quot;navigation&quot;:&quot;both&quot;,&quot;autoplay&quot;:&quot;yes&quot;,&quot;pause_on_hover&quot;:&quot;yes&quot;,&quot;pause_on_interaction&quot;:&quot;yes&quot;,&quot;autoplay_speed&quot;:5000,&quot;infinite&quot;:&quot;yes&quot;,&quot;speed&quot;:500}\" data-widget_type=\"image-carousel.default\">\n\t\t\t\t<div class=\"elementor-widget-container\">\n\t\t\t\t\t\t\t<div class=\"elementor-image-carousel-wrapper swiper\" role=\"region\" aria-roledescription=\"carousel\" aria-label=\"Afbeelding carrousel\" dir=\"ltr\">\n\t\t\t<div class=\"elementor-image-carousel swiper-wrapper\" aria-live=\"off\">\n\t\t\t\t\t\t\t\t<div class=\"swiper-slide\" role=\"group\" aria-roledescription=\"slide\" aria-label=\"1 van 3\"><figure class=\"swiper-slide-inner\"><img decoding=\"async\" class=\"swiper-slide-image\" src=\"https:\/\/www.alliance-francaise.nl\/walcheren\/wp-content\/uploads\/sites\/32\/2020\/02\/tv5monde_180_251.jpg\" alt=\"tv5monde_180_251.jpg\" \/><\/figure><\/div><div class=\"swiper-slide\" role=\"group\" aria-roledescription=\"slide\" aria-label=\"2 van 3\"><figure class=\"swiper-slide-inner\"><img decoding=\"async\" class=\"swiper-slide-image\" src=\"https:\/\/www.alliance-francaise.nl\/walcheren\/wp-content\/uploads\/sites\/32\/2020\/02\/liberte_egalite_fraternite_226_110.jpg\" alt=\"liberte_egalite_fraternite_226_110.jpg\" \/><\/figure><\/div><div class=\"swiper-slide\" role=\"group\" aria-roledescription=\"slide\" aria-label=\"3 van 3\"><figure class=\"swiper-slide-inner\"><img decoding=\"async\" class=\"swiper-slide-image\" src=\"https:\/\/www.alliance-francaise.nl\/walcheren\/wp-content\/uploads\/sites\/32\/2020\/02\/fondation_af_204_117-1.png\" alt=\"fondation_af_204_117\" \/><\/figure><\/div>\t\t\t<\/div>\n\t\t\t\t\t\t\t\t\t\t\t\t<div class=\"elementor-swiper-button elementor-swiper-button-prev\" role=\"button\" tabindex=\"0\">\n\t\t\t\t\t\t<i aria-hidden=\"true\" class=\"eicon-chevron-left\"><\/i>\t\t\t\t\t<\/div>\n\t\t\t\t\t<div class=\"elementor-swiper-button elementor-swiper-button-next\" role=\"button\" tabindex=\"0\">\n\t\t\t\t\t\t<i aria-hidden=\"true\" class=\"eicon-chevron-right\"><\/i>\t\t\t\t\t<\/div>\n\t\t\t\t\n\t\t\t\t\t\t\t\t\t<div class=\"swiper-pagination\"><\/div>\n\t\t\t\t\t\t\t\t\t<\/div>\n\t\t\t\t\t\t<\/div>\n\t\t\t\t<\/div>\n\t\t\t\t\t<\/div>\n\t\t<\/div>\n\t\t\t\t\t<\/div>\n\t\t<\/section>\n\t\t\t\t<\/div>\n\t\t","protected":false},"excerpt":{"rendered":"<p>Franse Taal en Cultuur op Walcheren. Het volgende Caf\u00e9 fran\u00e7ais is 9 april tussen 16.00 en 18.00 uur in Hotel-Restaurant de Bij Middelburg.(Vlasmarkt 56). Meer info over het Caf\u00e9 fran\u00e7ais [&hellip;]<\/p>\n","protected":false},"author":1,"featured_media":0,"parent":0,"menu_order":0,"comment_status":"closed","ping_status":"closed","template":"elementor_header_footer","meta":{"footnotes":""},"class_list":["post-71","page","type-page","status-publish","hentry"],"_links":{"self":[{"href":"https:\/\/www.alliance-francaise.nl\/walcheren\/wp-json\/wp\/v2\/pages\/71","targetHints":{"allow":["GET"]}}],"collection":[{"href":"https:\/\/www.alliance-francaise.nl\/walcheren\/wp-json\/wp\/v2\/pages"}],"about":[{"href":"https:\/\/www.alliance-francaise.nl\/walcheren\/wp-json\/wp\/v2\/types\/page"}],"author":[{"embeddable":true,"href":"https:\/\/www.alliance-francaise.nl\/walcheren\/wp-json\/wp\/v2\/users\/1"}],"replies":[{"embeddable":true,"href":"https:\/\/www.alliance-francaise.nl\/walcheren\/wp-json\/wp\/v2\/comments?post=71"}],"version-history":[{"count":20,"href":"https:\/\/www.alliance-francaise.nl\/walcheren\/wp-json\/wp\/v2\/pages\/71\/revisions"}],"predecessor-version":[{"id":3314,"href":"https:\/\/www.alliance-francaise.nl\/walcheren\/wp-json\/wp\/v2\/pages\/71\/revisions\/3314"}],"wp:attachment":[{"href":"https:\/\/www.alliance-francaise.nl\/walcheren\/wp-json\/wp\/v2\/media?parent=71"}],"curies":[{"name":"wp","href":"https:\/\/api.w.org\/{rel}","templated":true}]}}