{"id":214,"date":"2020-02-17T15:18:48","date_gmt":"2020-02-17T15:18:48","guid":{"rendered":"https:\/\/www.alliance-francaise.nl\/2020\/walcheren\/?page_id=214"},"modified":"2026-01-12T15:25:31","modified_gmt":"2026-01-12T14:25:31","slug":"deelnemersvoorwaarden-cursussen","status":"publish","type":"page","link":"https:\/\/www.alliance-francaise.nl\/walcheren\/cursussen\/deelnemersvoorwaarden-cursussen\/","title":{"rendered":"Deelnemersvoorwaarden cursussen"},"content":{"rendered":"\t\t<div data-elementor-type=\"wp-page\" data-elementor-id=\"214\" class=\"elementor elementor-214\" data-elementor-post-type=\"page\">\n\t\t\t\t\t\t<section class=\"elementor-section elementor-top-section elementor-element elementor-element-7fcc5460 elementor-section-boxed elementor-section-height-default elementor-section-height-default\" data-id=\"7fcc5460\" data-element_type=\"section\" data-e-type=\"section\" data-settings=\"{&quot;background_background&quot;:&quot;classic&quot;}\">\n\t\t\t\t\t\t<div class=\"elementor-container elementor-column-gap-default\">\n\t\t\t\t\t<div class=\"elementor-column elementor-col-100 elementor-top-column elementor-element elementor-element-20ae94de\" data-id=\"20ae94de\" data-element_type=\"column\" data-e-type=\"column\">\n\t\t\t<div class=\"elementor-widget-wrap\">\n\t\t\t\t\t\t\t<\/div>\n\t\t<\/div>\n\t\t\t\t\t<\/div>\n\t\t<\/section>\n\t\t\t\t<section class=\"elementor-section elementor-top-section elementor-element elementor-element-651d610 elementor-section-boxed elementor-section-height-default elementor-section-height-default\" data-id=\"651d610\" data-element_type=\"section\" data-e-type=\"section\">\n\t\t\t\t\t\t<div class=\"elementor-container elementor-column-gap-default\">\n\t\t\t\t\t<div class=\"elementor-column elementor-col-100 elementor-top-column elementor-element elementor-element-5a4358f7\" data-id=\"5a4358f7\" data-element_type=\"column\" data-e-type=\"column\" data-settings=\"{&quot;background_background&quot;:&quot;classic&quot;}\">\n\t\t\t<div class=\"elementor-widget-wrap elementor-element-populated\">\n\t\t\t\t\t<div class=\"elementor-background-overlay\"><\/div>\n\t\t\t\t\t\t<div class=\"elementor-element elementor-element-71b0336e elementor-widget elementor-widget-heading\" data-id=\"71b0336e\" data-element_type=\"widget\" data-e-type=\"widget\" data-widget_type=\"heading.default\">\n\t\t\t\t<div class=\"elementor-widget-container\">\n\t\t\t\t\t<h1 class=\"elementor-heading-title elementor-size-default\">Deelnemersvoorwaarden cursussen<\/h1>\t\t\t\t<\/div>\n\t\t\t\t<\/div>\n\t\t\t\t\t<\/div>\n\t\t<\/div>\n\t\t\t\t\t<\/div>\n\t\t<\/section>\n\t\t\t\t<section class=\"elementor-section elementor-top-section elementor-element elementor-element-8aa5bc3 elementor-section-boxed elementor-section-height-default elementor-section-height-default\" data-id=\"8aa5bc3\" data-element_type=\"section\" data-e-type=\"section\">\n\t\t\t\t\t\t<div class=\"elementor-container elementor-column-gap-default\">\n\t\t\t\t\t<div class=\"elementor-column elementor-col-100 elementor-top-column elementor-element elementor-element-30835b1\" data-id=\"30835b1\" data-element_type=\"column\" data-e-type=\"column\">\n\t\t\t<div class=\"elementor-widget-wrap elementor-element-populated\">\n\t\t\t\t\t\t<div class=\"elementor-element elementor-element-090e616 elementor-widget elementor-widget-text-editor\" data-id=\"090e616\" data-element_type=\"widget\" data-e-type=\"widget\" data-widget_type=\"text-editor.default\">\n\t\t\t\t<div class=\"elementor-widget-container\">\n\t\t\t\t\t\t\t\t\t<p><strong>DEELNEMERSVOORWAARDEN CURSUSSEN ALLIANCE FRAN\u00c7AISE DE WALCHEREN.<\/strong><\/p><ol><li>Inschrijving voor een cursus en inning van de lesgelden geschiedt door de administratie van de Alliance Fran\u00e7aise.<\/li><li>De cursusgelden staan vermeld op de website van de <a href=\"https:\/\/www.alliance-francaise.nl\/walcheren\">Alliance Fran\u00e7aise de Walcheren<\/a> , tenzij anders aangegeven.<\/li><li>De inschrijving voor een cursus wordt via een e-mailbericht bevestigd door de Alliance Fran\u00e7aise de Walcheren uiterlijk in de week voorafgaand aan de eerste les.<\/li><li>Het bestuur van de Alliance Fran\u00e7aise de Walcheren behoudt zich het recht voor een cursus niet door te laten gaan bij onvoldoende deelname. Indien een cursus niet doorgaat, kan een aspirant-cursist geen enkele aanspraak maken op vergoeding van geleden schade, hoe ook genaamd. Wel zal het betaalde cursusgeld volledig worden gerestitueerd.<\/li><li>Indien een cursus voltekend is, kan men niet meer worden ingeschreven. De voorlopige inschrijving geschiedt op basis van datum van ontvangst van het inschrijfformulier.<\/li><li>Afmelden voor een cursus dient altijd schriftelijk te geschieden. Men kan zich tot 14 dagen v\u00f3\u00f3r aanvang van de cursus afmelden, zonder dat hieraan kosten verbonden zijn. Bij afmelding in de periode gelegen tussen 7 en 14 dagen v\u00f3\u00f3r aanvang van de cursus, zullen 25 euro administratiekosten in rekening worden gebracht. Bij afmelding vanaf 7 dagen v\u00f3\u00f3r aanvang van de cursus dient het totaalbedrag te worden voldaan. In uitzonderlijke gevallen kan eventueel van bovenstaande regeling worden afgeweken. Dit is echter geheel en al ter goedkeuring van het bestuur van de Alliance Fran\u00e7aise de Walcheren.<\/li><li>Betaling van het cursusgeld geschiedt altijd v\u00f3\u00f3r aanvang van de cursus. Bij niet tijdige betaling wordt een extra bedrag van 15 euro aan administratiekosten in rekening gebracht. Indien men vervolgens in gebreke blijft met betaling, wordt het restant van de vordering zonder enige nadere ingebrekestelling terstond opeisbaar. De vordering zal dan ter incassering in handen van een derde worden gesteld. De daardoor veroorzaakte incassokosten zullen voor rekening van de cursist komen. Daarnaast wordt de wettelijke rente in rekening gebracht vanaf aanvang van de cursus tot aan de dag der algehele voldoening.<\/li><li>Afwezigheid van de deelnemer tijdens de cursus of het voortijdig be\u00ebindigen van de cursus om welke reden dan ook, geeft geen recht op (gedeeltelijke) teruggave van het cursusgeld.<\/li><li>Cursisten die hun e-mailadres bekend hebben gemaakt aan de Alliance Fran\u00e7aise, stemmen ermee in dat berichten aangaande de Alliance Fran\u00e7aise aan hen per e-mail worden toegezonden.<\/li><li>Vastgesteld bij besluit van het bestuur d.d. 1 september 2025.<\/li><\/ol>\t\t\t\t\t\t\t\t<\/div>\n\t\t\t\t<\/div>\n\t\t\t\t\t<\/div>\n\t\t<\/div>\n\t\t\t\t\t<\/div>\n\t\t<\/section>\n\t\t\t\t<\/div>\n\t\t","protected":false},"excerpt":{"rendered":"<p>Deelnemersvoorwaarden cursussen DEELNEMERSVOORWAARDEN CURSUSSEN ALLIANCE FRAN\u00c7AISE DE WALCHEREN. Inschrijving voor een cursus en inning van de lesgelden geschiedt door de administratie van de Alliance Fran\u00e7aise. De cursusgelden staan vermeld op [&hellip;]<\/p>\n","protected":false},"author":1,"featured_media":0,"parent":105,"menu_order":0,"comment_status":"closed","ping_status":"closed","template":"elementor_header_footer","meta":{"footnotes":""},"class_list":["post-214","page","type-page","status-publish","hentry"],"_links":{"self":[{"href":"https:\/\/www.alliance-francaise.nl\/walcheren\/wp-json\/wp\/v2\/pages\/214","targetHints":{"allow":["GET"]}}],"collection":[{"href":"https:\/\/www.alliance-francaise.nl\/walcheren\/wp-json\/wp\/v2\/pages"}],"about":[{"href":"https:\/\/www.alliance-francaise.nl\/walcheren\/wp-json\/wp\/v2\/types\/page"}],"author":[{"embeddable":true,"href":"https:\/\/www.alliance-francaise.nl\/walcheren\/wp-json\/wp\/v2\/users\/1"}],"replies":[{"embeddable":true,"href":"https:\/\/www.alliance-francaise.nl\/walcheren\/wp-json\/wp\/v2\/comments?post=214"}],"version-history":[{"count":6,"href":"https:\/\/www.alliance-francaise.nl\/walcheren\/wp-json\/wp\/v2\/pages\/214\/revisions"}],"predecessor-version":[{"id":3122,"href":"https:\/\/www.alliance-francaise.nl\/walcheren\/wp-json\/wp\/v2\/pages\/214\/revisions\/3122"}],"up":[{"embeddable":true,"href":"https:\/\/www.alliance-francaise.nl\/walcheren\/wp-json\/wp\/v2\/pages\/105"}],"wp:attachment":[{"href":"https:\/\/www.alliance-francaise.nl\/walcheren\/wp-json\/wp\/v2\/media?parent=214"}],"curies":[{"name":"wp","href":"https:\/\/api.w.org\/{rel}","templated":true}]}}