{"id":205,"date":"2020-02-17T15:12:02","date_gmt":"2020-02-17T15:12:02","guid":{"rendered":"https:\/\/www.alliance-francaise.nl\/2020\/walcheren\/?page_id=205"},"modified":"2025-06-17T15:17:00","modified_gmt":"2025-06-17T15:17:00","slug":"boekenlijst","status":"publish","type":"page","link":"https:\/\/www.alliance-francaise.nl\/walcheren\/cursussen\/boekenlijst\/","title":{"rendered":"Boekenlijst"},"content":{"rendered":"\t\t<div data-elementor-type=\"wp-page\" data-elementor-id=\"205\" class=\"elementor elementor-205\" data-elementor-post-type=\"page\">\n\t\t\t\t\t\t<section class=\"elementor-section elementor-top-section elementor-element elementor-element-4035a28c elementor-section-boxed elementor-section-height-default elementor-section-height-default\" data-id=\"4035a28c\" data-element_type=\"section\" data-e-type=\"section\" data-settings=\"{&quot;background_background&quot;:&quot;classic&quot;}\">\n\t\t\t\t\t\t<div class=\"elementor-container elementor-column-gap-default\">\n\t\t\t\t\t<div class=\"elementor-column elementor-col-100 elementor-top-column elementor-element elementor-element-6dd688c8\" data-id=\"6dd688c8\" data-element_type=\"column\" data-e-type=\"column\">\n\t\t\t<div class=\"elementor-widget-wrap\">\n\t\t\t\t\t\t\t<\/div>\n\t\t<\/div>\n\t\t\t\t\t<\/div>\n\t\t<\/section>\n\t\t\t\t<section class=\"elementor-section elementor-top-section elementor-element elementor-element-1d3ece89 elementor-section-boxed elementor-section-height-default elementor-section-height-default\" data-id=\"1d3ece89\" data-element_type=\"section\" data-e-type=\"section\">\n\t\t\t\t\t\t<div class=\"elementor-container elementor-column-gap-default\">\n\t\t\t\t\t<div class=\"elementor-column elementor-col-100 elementor-top-column elementor-element elementor-element-47410180\" data-id=\"47410180\" data-element_type=\"column\" data-e-type=\"column\" data-settings=\"{&quot;background_background&quot;:&quot;classic&quot;}\">\n\t\t\t<div class=\"elementor-widget-wrap elementor-element-populated\">\n\t\t\t\t\t<div class=\"elementor-background-overlay\"><\/div>\n\t\t\t\t\t\t<div class=\"elementor-element elementor-element-7c2745ce elementor-widget elementor-widget-heading\" data-id=\"7c2745ce\" data-element_type=\"widget\" data-e-type=\"widget\" data-widget_type=\"heading.default\">\n\t\t\t\t<div class=\"elementor-widget-container\">\n\t\t\t\t\t<h1 class=\"elementor-heading-title elementor-size-default\">\nBoeken<\/h1>\t\t\t\t<\/div>\n\t\t\t\t<\/div>\n\t\t\t\t\t<\/div>\n\t\t<\/div>\n\t\t\t\t\t<\/div>\n\t\t<\/section>\n\t\t\t\t<section class=\"elementor-section elementor-top-section elementor-element elementor-element-82f42a2 elementor-section-boxed elementor-section-height-default elementor-section-height-default\" data-id=\"82f42a2\" data-element_type=\"section\" data-e-type=\"section\" data-settings=\"{&quot;background_background&quot;:&quot;classic&quot;,&quot;shape_divider_bottom&quot;:&quot;mountains&quot;}\">\n\t\t\t\t\t<div class=\"elementor-shape elementor-shape-bottom\" aria-hidden=\"true\" data-negative=\"false\">\n\t\t\t<svg xmlns=\"http:\/\/www.w3.org\/2000\/svg\" viewBox=\"0 0 1000 100\" preserveAspectRatio=\"none\">\n\t<path class=\"elementor-shape-fill\" opacity=\"0.33\" d=\"M473,67.3c-203.9,88.3-263.1-34-320.3,0C66,119.1,0,59.7,0,59.7V0h1000v59.7 c0,0-62.1,26.1-94.9,29.3c-32.8,3.3-62.8-12.3-75.8-22.1C806,49.6,745.3,8.7,694.9,4.7S492.4,59,473,67.3z\"\/>\n\t<path class=\"elementor-shape-fill\" opacity=\"0.66\" d=\"M734,67.3c-45.5,0-77.2-23.2-129.1-39.1c-28.6-8.7-150.3-10.1-254,39.1 s-91.7-34.4-149.2,0C115.7,118.3,0,39.8,0,39.8V0h1000v36.5c0,0-28.2-18.5-92.1-18.5C810.2,18.1,775.7,67.3,734,67.3z\"\/>\n\t<path class=\"elementor-shape-fill\" d=\"M766.1,28.9c-200-57.5-266,65.5-395.1,19.5C242,1.8,242,5.4,184.8,20.6C128,35.8,132.3,44.9,89.9,52.5C28.6,63.7,0,0,0,0 h1000c0,0-9.9,40.9-83.6,48.1S829.6,47,766.1,28.9z\"\/>\n<\/svg>\t\t<\/div>\n\t\t\t\t\t<div class=\"elementor-container elementor-column-gap-default\">\n\t\t\t\t\t<div class=\"elementor-column elementor-col-100 elementor-top-column elementor-element elementor-element-453ae22d\" data-id=\"453ae22d\" data-element_type=\"column\" data-e-type=\"column\" data-settings=\"{&quot;background_background&quot;:&quot;classic&quot;}\">\n\t\t\t<div class=\"elementor-widget-wrap elementor-element-populated\">\n\t\t\t\t\t<div class=\"elementor-background-overlay\"><\/div>\n\t\t\t\t\t\t<div class=\"elementor-element elementor-element-5985c076 elementor-widget elementor-widget-text-editor\" data-id=\"5985c076\" data-element_type=\"widget\" data-e-type=\"widget\" data-widget_type=\"text-editor.default\">\n\t\t\t\t<div class=\"elementor-widget-container\">\n\t\t\t\t\t\t\t\t\t<p>Boekenlijst Alliance Fran\u00e7aise de Walcheren.<\/p><table width=\"617\"><tbody><tr><td width=\"100\"><p>A.1.1<\/p><\/td><td width=\"517\"><p>Voyages-nieuw 1 Tekstboek\u00a0 Isbn 9789460307317\u00a0 \u00a0 \u00a0 \u00a0 \u00a0 \u00a0\u20ac 45,95\u00a0<\/p><p>Voyages-nieuw 1 Werkboek\u00a0 Isbn 9789460307324\u00a0 \u00a0 \u00a0 \u00a0 \u00a0 \u00a0\u20ac 29,95\u00a0<\/p><p>Hoofdstuk 1 tot en met 6.<\/p><\/td><\/tr><tr><td width=\"100\"><p>A.1.2<\/p><\/td><td width=\"517\"><p>Voyages-nieuw 1 Tekstboek\u00a0 Isbn 9789460307317\u00a0 \u00a0 \u00a0 \u00a0 \u00a0 \u00a0\u20ac 45,95\u00a0<\/p><p>Voyages-nieuw 1 Werkboek\u00a0 Isbn 9789460307324\u00a0 \u00a0 \u00a0 \u00a0 \u00a0 \u00a0\u20ac 29,95\u00a0\u00a0<\/p><p>Hoofdstuk 7 tot en met 12.<\/p><\/td><\/tr><tr><td width=\"100\"><p>A.2.1<\/p><\/td><td width=\"517\"><p>Voyages-nieuw 2 Tekstboek \u00a0\u00a0\u00a0\u00a0\u00a0\u00a0Isbn 9789462930230\u00a0 \u00a0 \u00a0 \u00a0\u20ac 45,95<\/p><p>Voyages-nieuw 2 Werkboek\u00a0\u00a0 \u00a0\u00a0\u00a0\u00a0Isbn 9789462930247\u00a0 \u00a0 \u00a0 \u00a0\u20ac 29,95\u00a0<\/p><p>Hoofdstuk 1 tot en met 6.<\/p><\/td><\/tr><tr><td width=\"100\"><p>A.2.2<\/p><\/td><td width=\"517\"><p>Voyages-nieuw 2 Tekstboek\u00a0 \u00a0\u00a0\u00a0\u00a0\u00a0Isbn 9789462930230\u00a0 \u00a0 \u00a0 \u00a0 \u20ac 45,95<\/p><p>Voyages-nieuw 2 Werkboek\u00a0\u00a0 \u00a0\u00a0\u00a0\u00a0Isbn 9789462930247\u00a0 \u00a0 \u00a0 \u00a0 \u20ac 29,95<\/p><p>Hoofstuk 7 tot en met 12.<\/p><\/td><\/tr><tr><td width=\"100\"><p>B.1.1<\/p><\/td><td width=\"517\"><p>Voyages-nieuw 3 Tekst\/werkboek Isbn 9789462930315\u00a0 \u00a0 \u20ac 64,50<\/p><p>Hoofdstuk 1 tot en met 6.<\/p><\/td><\/tr><tr><td width=\"100\"><p>B.1.2<\/p><\/td><td width=\"517\"><p>Voyages-nieuw 3 Tekst\/werkboek Isbn 9789462930315\u00a0 \u00a0 \u20ac 64,50<\/p><p>Hoofdstuk 7 tot en met 12.<\/p><\/td><\/tr><tr><td width=\"100\"><p>B.2<\/p><\/td><td width=\"517\"><p>B2: Odyss\u00e9e M\u00e9thode de fran\u00e7ais\u00a0\u00a0<strong>ISBN\u00a0:\u00a0<\/strong>978-2-09-035583-3<\/p><p>Odyss\u00e9e Cahier d\u2019activit\u00e9s\u00a0<strong>ISBN\u00a0:\u00a0<\/strong>978-2-09-035584-0\u00a0<\/p><\/td><\/tr><tr><td width=\"100\"><p>Conversatie<\/p><\/td><td width=\"517\"><p>Geen vaste lesmethode<\/p><\/td><\/tr><\/tbody><\/table><p>De cursusgelden zijn exclusief de kosten voor de boeken. Cursisten dienen de voor hen geldende boeken zelf aan te schaffen via de <a href=\"https:\/\/intertaal.nl\/\" target=\"_blank\" rel=\"noopener\">webshop<\/a> van Intertaal.<\/p>\t\t\t\t\t\t\t\t<\/div>\n\t\t\t\t<\/div>\n\t\t\t\t\t<\/div>\n\t\t<\/div>\n\t\t\t\t\t<\/div>\n\t\t<\/section>\n\t\t\t\t<\/div>\n\t\t","protected":false},"excerpt":{"rendered":"<p>Boeken Boekenlijst Alliance Fran\u00e7aise de Walcheren. A.1.1 Voyages-nieuw 1 Tekstboek\u00a0 Isbn 9789460307317\u00a0 \u00a0 \u00a0 \u00a0 \u00a0 \u00a0\u20ac 45,95\u00a0 Voyages-nieuw 1 Werkboek\u00a0 Isbn 9789460307324\u00a0 \u00a0 \u00a0 \u00a0 \u00a0 \u00a0\u20ac 29,95\u00a0 Hoofdstuk [&hellip;]<\/p>\n","protected":false},"author":1,"featured_media":0,"parent":105,"menu_order":0,"comment_status":"closed","ping_status":"closed","template":"elementor_header_footer","meta":{"footnotes":""},"class_list":["post-205","page","type-page","status-publish","hentry"],"_links":{"self":[{"href":"https:\/\/www.alliance-francaise.nl\/walcheren\/wp-json\/wp\/v2\/pages\/205","targetHints":{"allow":["GET"]}}],"collection":[{"href":"https:\/\/www.alliance-francaise.nl\/walcheren\/wp-json\/wp\/v2\/pages"}],"about":[{"href":"https:\/\/www.alliance-francaise.nl\/walcheren\/wp-json\/wp\/v2\/types\/page"}],"author":[{"embeddable":true,"href":"https:\/\/www.alliance-francaise.nl\/walcheren\/wp-json\/wp\/v2\/users\/1"}],"replies":[{"embeddable":true,"href":"https:\/\/www.alliance-francaise.nl\/walcheren\/wp-json\/wp\/v2\/comments?post=205"}],"version-history":[{"count":20,"href":"https:\/\/www.alliance-francaise.nl\/walcheren\/wp-json\/wp\/v2\/pages\/205\/revisions"}],"predecessor-version":[{"id":2726,"href":"https:\/\/www.alliance-francaise.nl\/walcheren\/wp-json\/wp\/v2\/pages\/205\/revisions\/2726"}],"up":[{"embeddable":true,"href":"https:\/\/www.alliance-francaise.nl\/walcheren\/wp-json\/wp\/v2\/pages\/105"}],"wp:attachment":[{"href":"https:\/\/www.alliance-francaise.nl\/walcheren\/wp-json\/wp\/v2\/media?parent=205"}],"curies":[{"name":"wp","href":"https:\/\/api.w.org\/{rel}","templated":true}]}}