{"id":108,"date":"2020-02-13T10:37:19","date_gmt":"2020-02-13T10:37:19","guid":{"rendered":"https:\/\/www.alliance-francaise.nl\/2020\/walcheren\/?page_id=108"},"modified":"2026-01-12T15:23:20","modified_gmt":"2026-01-12T14:23:20","slug":"cultuur","status":"publish","type":"page","link":"https:\/\/www.alliance-francaise.nl\/walcheren\/cultuur\/","title":{"rendered":"Cultuur"},"content":{"rendered":"\t\t<div data-elementor-type=\"wp-page\" data-elementor-id=\"108\" class=\"elementor elementor-108\" data-elementor-post-type=\"page\">\n\t\t\t\t\t\t<section class=\"elementor-section elementor-top-section elementor-element elementor-element-393bfb44 elementor-section-boxed elementor-section-height-default elementor-section-height-default\" data-id=\"393bfb44\" data-element_type=\"section\" data-e-type=\"section\">\n\t\t\t\t\t\t<div class=\"elementor-container elementor-column-gap-default\">\n\t\t\t\t\t<div class=\"elementor-column elementor-col-100 elementor-top-column elementor-element elementor-element-911a391\" data-id=\"911a391\" data-element_type=\"column\" data-e-type=\"column\">\n\t\t\t<div class=\"elementor-widget-wrap elementor-element-populated\">\n\t\t\t\t\t\t<div class=\"elementor-element elementor-element-7e8809ad elementor-widget elementor-widget-spacer\" data-id=\"7e8809ad\" data-element_type=\"widget\" data-e-type=\"widget\" data-widget_type=\"spacer.default\">\n\t\t\t\t<div class=\"elementor-widget-container\">\n\t\t\t\t\t\t\t<div class=\"elementor-spacer\">\n\t\t\t<div class=\"elementor-spacer-inner\"><\/div>\n\t\t<\/div>\n\t\t\t\t\t\t<\/div>\n\t\t\t\t<\/div>\n\t\t\t\t\t<\/div>\n\t\t<\/div>\n\t\t\t\t\t<\/div>\n\t\t<\/section>\n\t\t\t\t<section class=\"elementor-section elementor-top-section elementor-element elementor-element-38399414 elementor-section-boxed elementor-section-height-default elementor-section-height-default\" data-id=\"38399414\" data-element_type=\"section\" data-e-type=\"section\">\n\t\t\t\t\t\t<div class=\"elementor-container elementor-column-gap-default\">\n\t\t\t\t\t<div class=\"elementor-column elementor-col-100 elementor-top-column elementor-element elementor-element-5bc3b853\" data-id=\"5bc3b853\" data-element_type=\"column\" data-e-type=\"column\">\n\t\t\t<div class=\"elementor-widget-wrap\">\n\t\t\t\t\t\t\t<\/div>\n\t\t<\/div>\n\t\t\t\t\t<\/div>\n\t\t<\/section>\n\t\t\t\t<section class=\"elementor-section elementor-top-section elementor-element elementor-element-2296ca9b elementor-section-boxed elementor-section-height-default elementor-section-height-default\" data-id=\"2296ca9b\" data-element_type=\"section\" data-e-type=\"section\" data-settings=\"{&quot;background_background&quot;:&quot;classic&quot;}\">\n\t\t\t\t\t\t<div class=\"elementor-container elementor-column-gap-default\">\n\t\t\t\t\t<div class=\"elementor-column elementor-col-100 elementor-top-column elementor-element elementor-element-607be8c\" data-id=\"607be8c\" data-element_type=\"column\" data-e-type=\"column\">\n\t\t\t<div class=\"elementor-widget-wrap\">\n\t\t\t\t\t\t\t<\/div>\n\t\t<\/div>\n\t\t\t\t\t<\/div>\n\t\t<\/section>\n\t\t\t\t<section class=\"elementor-section elementor-top-section elementor-element elementor-element-24ba491a elementor-section-boxed elementor-section-height-default elementor-section-height-default\" data-id=\"24ba491a\" data-element_type=\"section\" data-e-type=\"section\">\n\t\t\t\t\t\t<div class=\"elementor-container elementor-column-gap-default\">\n\t\t\t\t\t<div class=\"elementor-column elementor-col-100 elementor-top-column elementor-element elementor-element-d1d4596\" data-id=\"d1d4596\" data-element_type=\"column\" data-e-type=\"column\" data-settings=\"{&quot;background_background&quot;:&quot;classic&quot;}\">\n\t\t\t<div class=\"elementor-widget-wrap elementor-element-populated\">\n\t\t\t\t\t<div class=\"elementor-background-overlay\"><\/div>\n\t\t\t\t\t\t<div class=\"elementor-element elementor-element-4e82466e elementor-widget elementor-widget-heading\" data-id=\"4e82466e\" data-element_type=\"widget\" data-e-type=\"widget\" data-widget_type=\"heading.default\">\n\t\t\t\t<div class=\"elementor-widget-container\">\n\t\t\t\t\t<h1 class=\"elementor-heading-title elementor-size-default\">Cultuur en agenda<\/h1>\t\t\t\t<\/div>\n\t\t\t\t<\/div>\n\t\t\t\t\t<\/div>\n\t\t<\/div>\n\t\t\t\t\t<\/div>\n\t\t<\/section>\n\t\t\t\t<section class=\"elementor-section elementor-top-section elementor-element elementor-element-1e6ff3d elementor-section-boxed elementor-section-height-default elementor-section-height-default\" data-id=\"1e6ff3d\" data-element_type=\"section\" data-e-type=\"section\">\n\t\t\t\t\t\t<div class=\"elementor-container elementor-column-gap-default\">\n\t\t\t\t\t<div class=\"elementor-column elementor-col-100 elementor-top-column elementor-element elementor-element-2b1d1579\" data-id=\"2b1d1579\" data-element_type=\"column\" data-e-type=\"column\">\n\t\t\t<div class=\"elementor-widget-wrap elementor-element-populated\">\n\t\t\t\t\t\t<div class=\"elementor-element elementor-element-1dcef8c0 elementor-widget elementor-widget-heading\" data-id=\"1dcef8c0\" data-element_type=\"widget\" data-e-type=\"widget\" data-widget_type=\"heading.default\">\n\t\t\t\t<div class=\"elementor-widget-container\">\n\t\t\t\t\t<h2 class=\"elementor-heading-title elementor-size-default\">Activit\u00e9s Culturelles - Culturele activiteiten<\/h2>\t\t\t\t<\/div>\n\t\t\t\t<\/div>\n\t\t\t\t\t<\/div>\n\t\t<\/div>\n\t\t\t\t\t<\/div>\n\t\t<\/section>\n\t\t\t\t<section class=\"elementor-section elementor-top-section elementor-element elementor-element-762985ba elementor-section-boxed elementor-section-height-default elementor-section-height-default\" data-id=\"762985ba\" data-element_type=\"section\" data-e-type=\"section\">\n\t\t\t\t\t\t<div class=\"elementor-container elementor-column-gap-default\">\n\t\t\t\t\t<div class=\"elementor-column elementor-col-100 elementor-top-column elementor-element elementor-element-1d0eeab0\" data-id=\"1d0eeab0\" data-element_type=\"column\" data-e-type=\"column\">\n\t\t\t<div class=\"elementor-widget-wrap elementor-element-populated\">\n\t\t\t\t\t\t<div class=\"elementor-element elementor-element-7494c0e6 elementor-widget elementor-widget-text-editor\" data-id=\"7494c0e6\" data-element_type=\"widget\" data-e-type=\"widget\" data-widget_type=\"text-editor.default\">\n\t\t\t\t<div class=\"elementor-widget-container\">\n\t\t\t\t\t\t\t\t\t<p>E\u00e9n van de doelstellingen van de Alliance Fran\u00e7aise Walcheren is het organiseren van culturele activiteiten die te maken hebben met Frankrijk. Daarvoor stellen wij elk seizoen een gevarieerd programma samen afwisselend in het Frans en in het Nederlands.\u00a0<\/p><p>Zo organiseren wij in het najaar altijd een Openingsavond en in het voorjaar een Afsluitavond van het seizoen. Deze avonden staan altijd in het teken van de Franse taal en cultuur. In het voorjaar is er ook altijd een Dag van de Franse film met lunch.\u00a0<\/p><p>Eerder was er een P\u00e9tanque-clinic en een Franse Pubquiz.<\/p><p>Vast onderdeel is het maandelijkse <a href=\"https:\/\/www.alliance-francaise.nl\/walcheren\/cultuur\/cafe-francais\/\" target=\"_blank\" rel=\"noopener\">Caf\u00e9 fran\u00e7ais<\/a>.<\/p><p>Meer informatie over onze culturele activiteiten vindt u in onze periodieke <a href=\"https:\/\/www.alliance-francaise.nl\/walcheren\/bienvenue-welkom\/nieuwsbrieven\/\" target=\"_blank\" rel=\"noopener\">nieuwsbrieven<\/a> en op onze <a href=\"https:\/\/www.alliance-francaise.nl\/walcheren\/\" target=\"_blank\" rel=\"noopener\">homepage.<\/a><\/p>\t\t\t\t\t\t\t\t<\/div>\n\t\t\t\t<\/div>\n\t\t\t\t\t<\/div>\n\t\t<\/div>\n\t\t\t\t\t<\/div>\n\t\t<\/section>\n\t\t\t\t<\/div>\n\t\t","protected":false},"excerpt":{"rendered":"<p>Cultuur en agenda Activit\u00e9s Culturelles &#8211; Culturele activiteiten E\u00e9n van de doelstellingen van de Alliance Fran\u00e7aise Walcheren is het organiseren van culturele activiteiten die te maken hebben met Frankrijk. Daarvoor [&hellip;]<\/p>\n","protected":false},"author":1,"featured_media":0,"parent":0,"menu_order":0,"comment_status":"closed","ping_status":"closed","template":"elementor_header_footer","meta":{"footnotes":""},"class_list":["post-108","page","type-page","status-publish","hentry"],"_links":{"self":[{"href":"https:\/\/www.alliance-francaise.nl\/walcheren\/wp-json\/wp\/v2\/pages\/108","targetHints":{"allow":["GET"]}}],"collection":[{"href":"https:\/\/www.alliance-francaise.nl\/walcheren\/wp-json\/wp\/v2\/pages"}],"about":[{"href":"https:\/\/www.alliance-francaise.nl\/walcheren\/wp-json\/wp\/v2\/types\/page"}],"author":[{"embeddable":true,"href":"https:\/\/www.alliance-francaise.nl\/walcheren\/wp-json\/wp\/v2\/users\/1"}],"replies":[{"embeddable":true,"href":"https:\/\/www.alliance-francaise.nl\/walcheren\/wp-json\/wp\/v2\/comments?post=108"}],"version-history":[{"count":20,"href":"https:\/\/www.alliance-francaise.nl\/walcheren\/wp-json\/wp\/v2\/pages\/108\/revisions"}],"predecessor-version":[{"id":3119,"href":"https:\/\/www.alliance-francaise.nl\/walcheren\/wp-json\/wp\/v2\/pages\/108\/revisions\/3119"}],"wp:attachment":[{"href":"https:\/\/www.alliance-francaise.nl\/walcheren\/wp-json\/wp\/v2\/media?parent=108"}],"curies":[{"name":"wp","href":"https:\/\/api.w.org\/{rel}","templated":true}]}}