{"id":24103,"date":"2025-06-19T12:30:41","date_gmt":"2025-06-19T11:30:41","guid":{"rendered":"https:\/\/www.alliance-francaise.nl\/utrecht\/?post_type=product&#038;p=24103"},"modified":"2026-03-29T20:56:52","modified_gmt":"2026-03-29T19:56:52","slug":"voyage-en-romans-francophones","status":"publish","type":"product","link":"https:\/\/www.alliance-francaise.nl\/utrecht\/product\/voyage-en-romans-francophones\/","title":{"rendered":"Voyage en romans francophones"},"content":{"rendered":"<div>\n<div><i>Venez d\u00e9couvrir la litt\u00e9rature francophone actuelle. Durant ce parcours, vous lirez des extraits de romans contemporains et guid\u00e9.e.s par Elwira vous pourrez appr\u00e9hender les grandes id\u00e9es de ces textes sans difficult\u00e9. Ces lectures seront suivies de discussions afin de saisir les subtilit\u00e9s et d\u00e9couvrir la vie et la vision du monde des auteur.e.s. N&#8217;ayez pas peur et venez plonger dans le monde de la litt\u00e9rature !<\/i><\/div>\n<\/div>\n","protected":false},"excerpt":{"rendered":"<p>10 et 17 avril, 8, 22 et 29 mai, 5, 12 et 19 juin.<\/p>\n","protected":false},"featured_media":24104,"template":"","meta":{"_acf_changed":false,"_monsterinsights_skip_tracking":false,"_monsterinsights_sitenote_active":false,"_monsterinsights_sitenote_note":"","_monsterinsights_sitenote_category":0},"product_brand":[],"product_cat":[147,209,146,145],"product_tag":[447,448,451,453,452,261,260,454,444,445,450,449,446],"class_list":{"0":"post-24103","1":"product","2":"type-product","3":"status-publish","4":"has-post-thumbnail","6":"product_cat-gevorderden","7":"product_cat-litterature-facile","8":"product_cat-themacursus","9":"product_cat-tussenniveau","10":"product_tag-beoken","11":"product_tag-boek","12":"product_tag-book","13":"product_tag-bookclub","14":"product_tag-books","15":"product_tag-francais","16":"product_tag-frans","17":"product_tag-french","18":"product_tag-literature","19":"product_tag-litterature","20":"product_tag-livre","21":"product_tag-livres","22":"product_tag-roman","24":"first","25":"instock","26":"shipping-taxable","27":"purchasable","28":"product-type-simple"},"acf":[],"_links":{"self":[{"href":"https:\/\/www.alliance-francaise.nl\/utrecht\/wp-json\/wp\/v2\/product\/24103","targetHints":{"allow":["GET"]}}],"collection":[{"href":"https:\/\/www.alliance-francaise.nl\/utrecht\/wp-json\/wp\/v2\/product"}],"about":[{"href":"https:\/\/www.alliance-francaise.nl\/utrecht\/wp-json\/wp\/v2\/types\/product"}],"wp:featuredmedia":[{"embeddable":true,"href":"https:\/\/www.alliance-francaise.nl\/utrecht\/wp-json\/wp\/v2\/media\/24104"}],"wp:attachment":[{"href":"https:\/\/www.alliance-francaise.nl\/utrecht\/wp-json\/wp\/v2\/media?parent=24103"}],"wp:term":[{"taxonomy":"product_brand","embeddable":true,"href":"https:\/\/www.alliance-francaise.nl\/utrecht\/wp-json\/wp\/v2\/product_brand?post=24103"},{"taxonomy":"product_cat","embeddable":true,"href":"https:\/\/www.alliance-francaise.nl\/utrecht\/wp-json\/wp\/v2\/product_cat?post=24103"},{"taxonomy":"product_tag","embeddable":true,"href":"https:\/\/www.alliance-francaise.nl\/utrecht\/wp-json\/wp\/v2\/product_tag?post=24103"}],"curies":[{"name":"wp","href":"https:\/\/api.w.org\/{rel}","templated":true}]}}