{"id":16768,"date":"2023-06-20T20:10:24","date_gmt":"2023-06-20T19:10:24","guid":{"rendered":"https:\/\/www.alliance-francaise.nl\/utrecht\/product\/mondes-et-cultures-francophones-b2-c1\/"},"modified":"2026-02-24T10:44:31","modified_gmt":"2026-02-24T09:44:31","slug":"mondes-et-cultures-francophones-b2-c1","status":"publish","type":"product","link":"https:\/\/www.alliance-francaise.nl\/utrecht\/product\/mondes-et-cultures-francophones-b2-c1\/","title":{"rendered":"Actualit\u00e9, soci\u00e9t\u00e9 et pop culture en fran\u00e7ais B2-C1"},"content":{"rendered":"<p>Venez parfaire votre langue fran\u00e7aise \u00e0 travers l&#8217;\u00e9tude de th\u00e8mes <strong>d&#8217;actualit\u00e9, de soci\u00e9t\u00e9 et de pop culture<\/strong>. Ce cours vous permettra d&#8217;approfondir vos connaissances linguistiques et culturelles.<\/p>\n<p>L&#8217;enseignant utilise des documents authentiques pour lancer des discussions et \u00e9tudier la langue et ses subtilit\u00e9s. Les points de grammaire essentiels pour les niveaux B2 et C1 sont \u00e9galement abord\u00e9s.<\/p>\n<p>Niveau : B2.2 minimum<\/p>\n","protected":false},"excerpt":{"rendered":"<p>Venez parfaire votre langue fran\u00e7aise \u00e0 travers l&#8217;\u00e9tude de th\u00e8mes d&#8217;actualit\u00e9, de soci\u00e9t\u00e9 et de pop culture. Ce cours vous permettra d&#8217;approfondir vos connaissances linguistiques et culturelles. L&#8217;enseignant utilise des [&hellip;]<\/p>\n","protected":false},"featured_media":21605,"template":"","meta":{"_acf_changed":false,"_monsterinsights_skip_tracking":false,"_monsterinsights_sitenote_active":false,"_monsterinsights_sitenote_note":"","_monsterinsights_sitenote_category":0},"product_brand":[],"product_cat":[147,144],"product_tag":[199],"class_list":{"0":"post-16768","1":"product","2":"type-product","3":"status-publish","4":"has-post-thumbnail","6":"product_cat-gevorderden","7":"product_cat-op-locatie","8":"product_tag-b2-c1","10":"first","11":"outofstock","12":"shipping-taxable","13":"purchasable","14":"product-type-simple"},"acf":[],"_links":{"self":[{"href":"https:\/\/www.alliance-francaise.nl\/utrecht\/wp-json\/wp\/v2\/product\/16768","targetHints":{"allow":["GET"]}}],"collection":[{"href":"https:\/\/www.alliance-francaise.nl\/utrecht\/wp-json\/wp\/v2\/product"}],"about":[{"href":"https:\/\/www.alliance-francaise.nl\/utrecht\/wp-json\/wp\/v2\/types\/product"}],"wp:featuredmedia":[{"embeddable":true,"href":"https:\/\/www.alliance-francaise.nl\/utrecht\/wp-json\/wp\/v2\/media\/21605"}],"wp:attachment":[{"href":"https:\/\/www.alliance-francaise.nl\/utrecht\/wp-json\/wp\/v2\/media?parent=16768"}],"wp:term":[{"taxonomy":"product_brand","embeddable":true,"href":"https:\/\/www.alliance-francaise.nl\/utrecht\/wp-json\/wp\/v2\/product_brand?post=16768"},{"taxonomy":"product_cat","embeddable":true,"href":"https:\/\/www.alliance-francaise.nl\/utrecht\/wp-json\/wp\/v2\/product_cat?post=16768"},{"taxonomy":"product_tag","embeddable":true,"href":"https:\/\/www.alliance-francaise.nl\/utrecht\/wp-json\/wp\/v2\/product_tag?post=16768"}],"curies":[{"name":"wp","href":"https:\/\/api.w.org\/{rel}","templated":true}]}}