{"id":3726,"date":"2020-06-10T15:14:51","date_gmt":"2020-06-10T15:14:51","guid":{"rendered":"https:\/\/www.alliance-francaise.nl\/2020\/utrecht\/?page_id=3726"},"modified":"2026-02-16T12:45:46","modified_gmt":"2026-02-16T11:45:46","slug":"lid-worden","status":"publish","type":"page","link":"https:\/\/www.alliance-francaise.nl\/utrecht\/lid-worden\/","title":{"rendered":"Lid worden"},"content":{"rendered":"\t\t<div data-elementor-type=\"wp-page\" data-elementor-id=\"3726\" class=\"elementor elementor-3726\" data-elementor-post-type=\"page\">\n\t\t\t\t\t\t<section class=\"elementor-section elementor-top-section elementor-element elementor-element-1e051c1e elementor-section-boxed elementor-section-height-default elementor-section-height-default\" data-id=\"1e051c1e\" data-element_type=\"section\" data-e-type=\"section\" data-settings=\"{&quot;background_background&quot;:&quot;classic&quot;}\">\n\t\t\t\t\t\t<div class=\"elementor-container elementor-column-gap-default\">\n\t\t\t\t\t<div class=\"elementor-column elementor-col-100 elementor-top-column elementor-element elementor-element-194ba90\" data-id=\"194ba90\" data-element_type=\"column\" data-e-type=\"column\">\n\t\t\t<div class=\"elementor-widget-wrap\">\n\t\t\t\t\t\t\t<\/div>\n\t\t<\/div>\n\t\t\t\t\t<\/div>\n\t\t<\/section>\n\t\t\t\t<section class=\"elementor-section elementor-top-section elementor-element elementor-element-dd4a8fc elementor-section-boxed elementor-section-height-default elementor-section-height-default\" data-id=\"dd4a8fc\" data-element_type=\"section\" data-e-type=\"section\">\n\t\t\t\t\t\t<div class=\"elementor-container elementor-column-gap-default\">\n\t\t\t\t\t<div class=\"elementor-column elementor-col-100 elementor-top-column elementor-element elementor-element-82b4e15\" data-id=\"82b4e15\" data-element_type=\"column\" data-e-type=\"column\" data-settings=\"{&quot;background_background&quot;:&quot;classic&quot;}\">\n\t\t\t<div class=\"elementor-widget-wrap elementor-element-populated\">\n\t\t\t\t\t<div class=\"elementor-background-overlay\"><\/div>\n\t\t\t\t\t\t<div class=\"elementor-element elementor-element-13f3b720 elementor-widget elementor-widget-heading\" data-id=\"13f3b720\" data-element_type=\"widget\" data-e-type=\"widget\" data-widget_type=\"heading.default\">\n\t\t\t\t<div class=\"elementor-widget-container\">\n\t\t\t\t\t<h1 class=\"elementor-heading-title elementor-size-default\">Lid (weer) worden \/\n(Re)Devenir membre<br><\/h1>\t\t\t\t<\/div>\n\t\t\t\t<\/div>\n\t\t\t\t\t<\/div>\n\t\t<\/div>\n\t\t\t\t\t<\/div>\n\t\t<\/section>\n\t\t\t\t<section class=\"elementor-section elementor-top-section elementor-element elementor-element-1cc4f6a7 elementor-section-boxed elementor-section-height-default elementor-section-height-default\" data-id=\"1cc4f6a7\" data-element_type=\"section\" data-e-type=\"section\">\n\t\t\t\t\t\t<div class=\"elementor-container elementor-column-gap-default\">\n\t\t\t\t\t<div class=\"elementor-column elementor-col-100 elementor-top-column elementor-element elementor-element-75ab5ea\" data-id=\"75ab5ea\" data-element_type=\"column\" data-e-type=\"column\">\n\t\t\t<div class=\"elementor-widget-wrap\">\n\t\t\t\t\t\t\t<\/div>\n\t\t<\/div>\n\t\t\t\t\t<\/div>\n\t\t<\/section>\n\t\t\t\t<section class=\"elementor-section elementor-top-section elementor-element elementor-element-6bc28182 elementor-section-boxed elementor-section-height-default elementor-section-height-default\" data-id=\"6bc28182\" data-element_type=\"section\" data-e-type=\"section\">\n\t\t\t\t\t\t<div class=\"elementor-container elementor-column-gap-default\">\n\t\t\t\t\t<div class=\"elementor-column elementor-col-100 elementor-top-column elementor-element elementor-element-3eb1841d\" data-id=\"3eb1841d\" data-element_type=\"column\" data-e-type=\"column\">\n\t\t\t<div class=\"elementor-widget-wrap elementor-element-populated\">\n\t\t\t\t\t\t<section class=\"elementor-section elementor-inner-section elementor-element elementor-element-390ad36 elementor-section-boxed elementor-section-height-default elementor-section-height-default\" data-id=\"390ad36\" data-element_type=\"section\" data-e-type=\"section\">\n\t\t\t\t\t\t<div class=\"elementor-container elementor-column-gap-default\">\n\t\t\t\t\t<div class=\"elementor-column elementor-col-50 elementor-inner-column elementor-element elementor-element-a799407\" data-id=\"a799407\" data-element_type=\"column\" data-e-type=\"column\">\n\t\t\t<div class=\"elementor-widget-wrap elementor-element-populated\">\n\t\t\t\t\t\t<div class=\"elementor-element elementor-element-ce1a490 elementor-widget elementor-widget-heading\" data-id=\"ce1a490\" data-element_type=\"widget\" data-e-type=\"widget\" data-widget_type=\"heading.default\">\n\t\t\t\t<div class=\"elementor-widget-container\">\n\t\t\t\t\t<h4 class=\"elementor-heading-title elementor-size-default\">Voordelen lidmaatschap<\/h4>\t\t\t\t<\/div>\n\t\t\t\t<\/div>\n\t\t\t\t<div class=\"elementor-element elementor-element-1f12900 elementor-widget elementor-widget-text-editor\" data-id=\"1f12900\" data-element_type=\"widget\" data-e-type=\"widget\" data-widget_type=\"text-editor.default\">\n\t\t\t\t<div class=\"elementor-widget-container\">\n\t\t\t\t\t\t\t\t\t<p>Met het lidmaatschap krijgt u (meestal) gratis toegang tot alle <a href=\"https:\/\/www.alliance-francaise.nl\/utrecht\/event\/\"><b><u>culturele activiteiten<\/u><\/b><\/a> van de Alliance Fran\u00e7aise Utrecht.<\/p><p>Alle leden \u00a0ontvangen het maandelijks Bulletin met een overzicht van allerlei Franse culturele activiteiten in Utrecht en omgeving.<\/p><p>Als lid kun je ook gratis gebruik maken van de digitale mediatheek van <strong><a href=\"https:\/\/www.alliance-francaise.nl\/utrecht\/culturetheque\/\">Cultureth\u00e8que<\/a>,<\/strong> met toegang tot duizenden Franstalige kranten, tijdschriften en boeken, en onze <strong><a href=\"https:\/\/www.alliance-francaise.nl\/utrecht\/bibliotheque\/\">bibliotheek<\/a><\/strong> met meer dan 900 boeken voor jong en oud.<\/p><p>Je kunt ook deelnemen aan en stemmen op onze jaarlijkse algemene vergaderingen.<\/p><p>AFU-studenten worden gratis lid (geldt niet voor workshops en korte cursussen) tijdens hun semester. Ze mogen niet stemmen op algemene vergaderingen.<\/p><p><span style=\"font-size: 1rem\">Lid worden van de Alliance Fran\u00e7aise Utrecht is heel eenvoudig: gebruik onze\u00a0<\/span><a style=\"background-color: #ffffff;font-size: 1rem\" href=\"https:\/\/www.alliance-francaise.nl\/utrecht\/winkel\/#lidmaatschap\"><b><u>winkel\u00a0<\/u><\/b><\/a><span style=\"font-size: 1rem\">en betaal met iDeal. <\/span><\/p><p><span style=\"font-size: 1rem\">De contributie bedraagt slechts \u20ac35 per jaar (van begin september tot eind augustus). <\/span><\/p><p><span style=\"font-size: 1rem\">Na betaling ontvang je een bevestigingsmail.<\/span><\/p><p><span style=\"font-size: 1rem\">\u00a0<\/span><\/p>\t\t\t\t\t\t\t\t<\/div>\n\t\t\t\t<\/div>\n\t\t\t\t\t<\/div>\n\t\t<\/div>\n\t\t\t\t<div class=\"elementor-column elementor-col-50 elementor-inner-column elementor-element elementor-element-a0239fc\" data-id=\"a0239fc\" data-element_type=\"column\" data-e-type=\"column\">\n\t\t\t<div class=\"elementor-widget-wrap elementor-element-populated\">\n\t\t\t\t\t\t<div class=\"elementor-element elementor-element-515b598 elementor-widget elementor-widget-heading\" data-id=\"515b598\" data-element_type=\"widget\" data-e-type=\"widget\" data-widget_type=\"heading.default\">\n\t\t\t\t<div class=\"elementor-widget-container\">\n\t\t\t\t\t<h4 class=\"elementor-heading-title elementor-size-default\">Les avantages pour les membres<\/h4>\t\t\t\t<\/div>\n\t\t\t\t<\/div>\n\t\t\t\t<div class=\"elementor-element elementor-element-8d9dd81 elementor-widget elementor-widget-text-editor\" data-id=\"8d9dd81\" data-element_type=\"widget\" data-e-type=\"widget\" data-widget_type=\"text-editor.default\">\n\t\t\t\t<div class=\"elementor-widget-container\">\n\t\t\t\t\t\t\t\t\t<p><em>L&#8217;adh\u00e9sion vous donne acc\u00e8s gratuitement \u00e0 presque toutes les <a href=\"https:\/\/www.alliance-francaise.nl\/utrecht\/event\/\"><strong>activit\u00e9s culturelles<\/strong> <\/a>de l&#8217;Alliance Fran\u00e7aise d&#8217;Utrecht (parfois une contribution peut \u00eatre demand\u00e9e).<\/em><\/p><p><em>Tous les membres re\u00e7oivent le Bulletin mensuel (inscription en bas de page) avec un aper\u00e7u de tous les types d&#8217;activit\u00e9s culturelles fran\u00e7aises \u00e0 Utrecht et dans ses environs.<\/em><\/p><p><em>En tant que membre, vous pouvez \u00e9galement utiliser gratuitement la m\u00e9diath\u00e8que num\u00e9rique <strong><a href=\"https:\/\/www.alliance-francaise.nl\/utrecht\/culturetheque\/\">Cultureth\u00e8que<\/a><\/strong> avec un acc\u00e8s \u00e0 des milliers de journaux, magazines, livres en langue fran\u00e7aise et aussi notre <a href=\"https:\/\/www.alliance-francaise.nl\/utrecht\/bibliotheque\/\"><strong>biblioth\u00e8que<\/strong><\/a> qui compte plus de 900 livres pour petits et grands.<\/em><\/p><p><em>Vous pouvez aussi participer et voter \u00e0 nos assembl\u00e9es g\u00e9n\u00e9rales annuelles.<\/em><\/p><p><em>Les \u00e9tudiants de l\u2019AFU deviennent gratuitement membres (ne s\u2019applique pas aux ateliers et aux cours de courte dur\u00e9e) durant leur semestre de cours. Ils ne peuvent pas voter lors des assembl\u00e9es g\u00e9n\u00e9rales.<\/em><\/p><p><em>Devenir membre de l&#8217;Alliance Fran\u00e7aise d&#8217;Utrecht est tr\u00e8s simple : utilisez notre<a href=\"https:\/\/www.alliance-francaise.nl\/utrecht\/winkel\/#lidmaatschap\"><strong> boutique<\/strong><\/a> et payez avec iDeal. <\/em><\/p><p><em>La cotisation est de seulement \u20ac35 par an (de d\u00e9but septembre \u00e0 fin ao\u00fbt). <\/em><\/p><p><em>Apr\u00e8s le paiement, vous recevez un e-mail de confirmation.<\/em><\/p>\t\t\t\t\t\t\t\t<\/div>\n\t\t\t\t<\/div>\n\t\t\t\t<div class=\"elementor-element elementor-element-ffa5836 elementor-widget__width-initial elementor-widget-tablet__width-initial elementor-widget elementor-widget-image\" data-id=\"ffa5836\" data-element_type=\"widget\" data-e-type=\"widget\" data-widget_type=\"image.default\">\n\t\t\t\t<div class=\"elementor-widget-container\">\n\t\t\t\t\t\t\t\t\t\t\t\t\t\t\t<img decoding=\"async\" src=\"https:\/\/www.alliance-francaise.nl\/utrecht\/wp-content\/uploads\/sites\/6\/2020\/06\/DevenezMembre-300x300.jpg\" title=\"DevenezMembre\" alt=\"DevenezMembre\" loading=\"lazy\" \/>\t\t\t\t\t\t\t\t\t\t\t\t\t\t\t<\/div>\n\t\t\t\t<\/div>\n\t\t\t\t<div class=\"elementor-element elementor-element-e09ceea elementor-widget__width-initial elementor-widget-tablet__width-initial elementor-widget elementor-widget-image\" data-id=\"e09ceea\" data-element_type=\"widget\" data-e-type=\"widget\" data-widget_type=\"image.default\">\n\t\t\t\t<div class=\"elementor-widget-container\">\n\t\t\t\t\t\t\t\t\t\t\t\t\t\t\t<img decoding=\"async\" src=\"https:\/\/www.alliance-francaise.nl\/utrecht\/wp-content\/uploads\/sites\/6\/2020\/06\/Carte-nationale.jpg\" title=\"\" alt=\"\" loading=\"lazy\" \/>\t\t\t\t\t\t\t\t\t\t\t\t\t\t\t<\/div>\n\t\t\t\t<\/div>\n\t\t\t\t\t<\/div>\n\t\t<\/div>\n\t\t\t\t\t<\/div>\n\t\t<\/section>\n\t\t\t\t\t<\/div>\n\t\t<\/div>\n\t\t\t\t\t<\/div>\n\t\t<\/section>\n\t\t\t\t<\/div>\n\t\t","protected":false},"excerpt":{"rendered":"<p>Lid (weer) worden \/ (Re)Devenir membre Voordelen lidmaatschap Met het lidmaatschap krijgt u (meestal) gratis toegang tot alle culturele activiteiten van de Alliance Fran\u00e7aise Utrecht. Alle leden \u00a0ontvangen het maandelijks [&hellip;]<\/p>\n","protected":false},"author":5,"featured_media":0,"parent":0,"menu_order":0,"comment_status":"closed","ping_status":"closed","template":"elementor_header_footer","meta":{"_acf_changed":false,"_monsterinsights_skip_tracking":false,"_monsterinsights_sitenote_active":false,"_monsterinsights_sitenote_note":"","_monsterinsights_sitenote_category":0,"footnotes":""},"class_list":["post-3726","page","type-page","status-publish","hentry"],"acf":[],"_links":{"self":[{"href":"https:\/\/www.alliance-francaise.nl\/utrecht\/wp-json\/wp\/v2\/pages\/3726","targetHints":{"allow":["GET"]}}],"collection":[{"href":"https:\/\/www.alliance-francaise.nl\/utrecht\/wp-json\/wp\/v2\/pages"}],"about":[{"href":"https:\/\/www.alliance-francaise.nl\/utrecht\/wp-json\/wp\/v2\/types\/page"}],"author":[{"embeddable":true,"href":"https:\/\/www.alliance-francaise.nl\/utrecht\/wp-json\/wp\/v2\/users\/5"}],"replies":[{"embeddable":true,"href":"https:\/\/www.alliance-francaise.nl\/utrecht\/wp-json\/wp\/v2\/comments?post=3726"}],"version-history":[{"count":20,"href":"https:\/\/www.alliance-francaise.nl\/utrecht\/wp-json\/wp\/v2\/pages\/3726\/revisions"}],"predecessor-version":[{"id":25759,"href":"https:\/\/www.alliance-francaise.nl\/utrecht\/wp-json\/wp\/v2\/pages\/3726\/revisions\/25759"}],"wp:attachment":[{"href":"https:\/\/www.alliance-francaise.nl\/utrecht\/wp-json\/wp\/v2\/media?parent=3726"}],"curies":[{"name":"wp","href":"https:\/\/api.w.org\/{rel}","templated":true}]}}