{"id":24813,"date":"2025-09-08T17:48:57","date_gmt":"2025-09-08T16:48:57","guid":{"rendered":"https:\/\/www.alliance-francaise.nl\/utrecht\/?page_id=24813"},"modified":"2025-09-08T17:50:37","modified_gmt":"2025-09-08T16:50:37","slug":"reis-door-franstalige-romans","status":"publish","type":"page","link":"https:\/\/www.alliance-francaise.nl\/utrecht\/nl\/reis-door-franstalige-romans\/","title":{"rendered":"Reis door Franstalige romans"},"content":{"rendered":"\t\t<div data-elementor-type=\"wp-page\" data-elementor-id=\"24813\" class=\"elementor elementor-24813\" data-elementor-post-type=\"page\">\n\t\t\t\t<div class=\"elementor-element elementor-element-ba07864 e-flex e-con-boxed e-con e-parent\" data-id=\"ba07864\" data-element_type=\"container\" data-e-type=\"container\">\n\t\t\t\t\t<div class=\"e-con-inner\">\n\t\t\t\t<div class=\"elementor-element elementor-element-1429825 elementor-widget elementor-widget-menu-anchor\" data-id=\"1429825\" data-element_type=\"widget\" data-e-type=\"widget\" data-widget_type=\"menu-anchor.default\">\n\t\t\t\t<div class=\"elementor-widget-container\">\n\t\t\t\t\t\t\t<div class=\"elementor-menu-anchor\" id=\"AtelierLitteratureFrancophone\"><\/div>\n\t\t\t\t\t\t<\/div>\n\t\t\t\t<\/div>\n\t\t\t\t\t<\/div>\n\t\t\t\t<\/div>\n\t\t<div class=\"elementor-element elementor-element-865cd5d e-flex e-con-boxed e-con e-parent\" data-id=\"865cd5d\" data-element_type=\"container\" data-e-type=\"container\">\n\t\t\t\t\t<div class=\"e-con-inner\">\n\t\t<div class=\"elementor-element elementor-element-1b4dec3 e-flex e-con-boxed e-con e-child\" data-id=\"1b4dec3\" data-element_type=\"container\" data-e-type=\"container\">\n\t\t\t\t\t<div class=\"e-con-inner\">\n\t\t\t\t<div class=\"elementor-element elementor-element-ab6fc6e elementor-widget-divider--view-line elementor-widget elementor-widget-divider\" data-id=\"ab6fc6e\" data-element_type=\"widget\" data-e-type=\"widget\" data-widget_type=\"divider.default\">\n\t\t\t\t<div class=\"elementor-widget-container\">\n\t\t\t\t\t\t\t<div class=\"elementor-divider\">\n\t\t\t<span class=\"elementor-divider-separator\">\n\t\t\t\t\t\t<\/span>\n\t\t<\/div>\n\t\t\t\t\t\t<\/div>\n\t\t\t\t<\/div>\n\t\t\t\t\t<\/div>\n\t\t\t\t<\/div>\n\t\t\t\t\t<\/div>\n\t\t\t\t<\/div>\n\t\t<div class=\"elementor-element elementor-element-42c7283 e-con-full e-flex e-con e-parent\" data-id=\"42c7283\" data-element_type=\"container\" data-e-type=\"container\">\n\t\t\t\t<div class=\"elementor-element elementor-element-25ba841 elementor-widget elementor-widget-heading\" data-id=\"25ba841\" data-element_type=\"widget\" data-e-type=\"widget\" data-widget_type=\"heading.default\">\n\t\t\t\t<div class=\"elementor-widget-container\">\n\t\t\t\t\t<h2 class=\"elementor-heading-title elementor-size-default\">Meer informatie<\/h2>\t\t\t\t<\/div>\n\t\t\t\t<\/div>\n\t\t\t\t<div class=\"elementor-element elementor-element-ea8561d elementor-widget elementor-widget-text-editor\" data-id=\"ea8561d\" data-element_type=\"widget\" data-e-type=\"widget\" data-widget_type=\"text-editor.default\">\n\t\t\t\t<div class=\"elementor-widget-container\">\n\t\t\t\t\t\t\t\t\t<div><p>Kom Frans lezen en neem deel aan onze workshop waarin u literaire fragmenten ontdekt.<\/p><p>Kom kennismaken met de hedendaagse Franstalige literatuur. Tijdens deze workshop leest u fragmenten uit hedendaagse romans en onder begeleiding van Elwira kunt u de belangrijkste idee\u00ebn uit deze teksten moeiteloos begrijpen. Na de lezingen volgen discussies om de subtiliteiten en belangrijkste idee\u00ebn uit de teksten te begrijpen. Wees niet bang en duik in de wereld van de literatuur!<br \/><br \/>Auteurs op het programma: Annie Ernaux, Ga\u00ebl Faye, Marie NDiaye, Am\u00e9lie Nothomb, Eric-Emmanuel Schmitt, Michel Houellebecq, Mohamed Mbougar Sarr, Marguerite Duras. <br \/>Gemiddeld en gevorderd: B1 en hoger.<\/p><p>De lessen vinden plaats in de Alliance Fran\u00e7aise Utrecht, Pieterskerkhof 5.\u00a0<\/p><\/div>\t\t\t\t\t\t\t\t<\/div>\n\t\t\t\t<\/div>\n\t\t\t\t<\/div>\n\t\t<div class=\"elementor-element elementor-element-e4a6f3d e-flex e-con-boxed e-con e-parent\" data-id=\"e4a6f3d\" data-element_type=\"container\" data-e-type=\"container\">\n\t\t\t\t\t<div class=\"e-con-inner\">\n\t\t\t\t<div class=\"woocommerce elementor-element elementor-element-cb893d8 elementor-grid-3 elementor-grid-tablet-2 elementor-grid-mobile-1 elementor-widget elementor-widget-loop-grid\" data-id=\"cb893d8\" data-element_type=\"widget\" data-e-type=\"widget\" data-settings=\"{&quot;_skin&quot;:&quot;product&quot;,&quot;template_id&quot;:&quot;16092&quot;,&quot;columns&quot;:&quot;3&quot;,&quot;columns_tablet&quot;:&quot;2&quot;,&quot;columns_mobile&quot;:&quot;1&quot;,&quot;edit_handle_selector&quot;:&quot;[data-elementor-type=\\&quot;loop-item\\&quot;]&quot;,&quot;row_gap&quot;:{&quot;unit&quot;:&quot;px&quot;,&quot;size&quot;:&quot;&quot;,&quot;sizes&quot;:[]},&quot;row_gap_tablet&quot;:{&quot;unit&quot;:&quot;px&quot;,&quot;size&quot;:&quot;&quot;,&quot;sizes&quot;:[]},&quot;row_gap_mobile&quot;:{&quot;unit&quot;:&quot;px&quot;,&quot;size&quot;:&quot;&quot;,&quot;sizes&quot;:[]}}\" data-widget_type=\"loop-grid.product\">\n\t\t\t\t<div class=\"elementor-widget-container\">\n\t\t\t\t\t\t\t<div class=\"elementor-loop-container elementor-grid\" role=\"list\">\n\t\t<style id=\"loop-16092\">.elementor-16092 .elementor-element.elementor-element-d771f06{--display:flex;box-shadow:0px 0px 10px 0px rgba(0,0,0,0.5);}.elementor-widget-theme-post-title .elementor-heading-title{font-family:var( --e-global-typography-primary-font-family ), Sans-serif;font-weight:var( --e-global-typography-primary-font-weight );color:var( --e-global-color-primary );}.elementor-16092 .elementor-element.elementor-element-529c31a .elementor-heading-title{font-family:\"Lora\", Sans-serif;font-weight:200;}.woocommerce .elementor-widget-woocommerce-product-price .price{color:var( --e-global-color-primary );font-family:var( --e-global-typography-primary-font-family ), Sans-serif;font-weight:var( --e-global-typography-primary-font-weight );}.elementor-16092 .elementor-element.elementor-element-522ae5f{text-align:end;}.woocommerce .elementor-16092 .elementor-element.elementor-element-522ae5f .price{font-family:\"Lora\", Sans-serif;font-size:20px;font-weight:200;}.woocommerce .elementor-16092 .elementor-element.elementor-element-522ae5f .price ins{font-family:\"Arial\", Sans-serif;font-size:18px;font-weight:200;}.elementor-16092 .elementor-element.elementor-element-522ae5f > .elementor-widget-container{margin:0px 0px 0px 0px;}.elementor-widget-text-editor{font-family:var( --e-global-typography-text-font-family ), Sans-serif;font-weight:var( --e-global-typography-text-font-weight );color:var( --e-global-color-text );}.elementor-widget-text-editor.elementor-drop-cap-view-stacked .elementor-drop-cap{background-color:var( --e-global-color-primary );}.elementor-widget-text-editor.elementor-drop-cap-view-framed .elementor-drop-cap, .elementor-widget-text-editor.elementor-drop-cap-view-default .elementor-drop-cap{color:var( --e-global-color-primary );border-color:var( --e-global-color-primary );}.elementor-16092 .elementor-element.elementor-element-a3db019{columns:2;font-family:\"Lora\", Sans-serif;font-size:19px;font-weight:200;color:#DA002E;}.elementor-16092 .elementor-element.elementor-element-a3db019 > .elementor-widget-container{margin:0px 0px 0px 0px;}.elementor-16092 .elementor-element.elementor-element-1271613{text-align:start;font-family:\"Quicksand\", Sans-serif;font-weight:400;}.elementor-16092 .elementor-element.elementor-element-1271613 > .elementor-widget-container{margin:0px 0px 0px 0px;}.elementor-16092 .elementor-element.elementor-element-030b8ef{font-family:\"Quicksand\", Sans-serif;font-weight:400;}.elementor-16092 .elementor-element.elementor-element-030b8ef > .elementor-widget-container{margin:0px 0px 0px 0px;}.elementor-16092 .elementor-element.elementor-element-f8dbb6f{text-align:start;font-family:\"Quicksand\", Sans-serif;font-weight:400;}.elementor-16092 .elementor-element.elementor-element-f8dbb6f > .elementor-widget-container{margin:0px 0px 0px 0px;}.elementor-widget-theme-post-featured-image .widget-image-caption{color:var( --e-global-color-text );font-family:var( --e-global-typography-text-font-family ), Sans-serif;font-weight:var( --e-global-typography-text-font-weight );}.elementor-widget-theme-post-content{color:var( --e-global-color-text );font-family:var( --e-global-typography-text-font-family ), Sans-serif;font-weight:var( --e-global-typography-text-font-weight );}.elementor-16092 .elementor-element.elementor-element-b4949c3{text-align:start;font-family:\"Quicksand\", Sans-serif;font-weight:400;}.elementor-widget-woocommerce-product-add-to-cart .added_to_cart{font-family:var( --e-global-typography-accent-font-family ), Sans-serif;font-weight:var( --e-global-typography-accent-font-weight );}.elementor-16092 .elementor-element.elementor-element-d632998 .cart button, .elementor-16092 .elementor-element.elementor-element-d632998 .cart .button{transition:all 0.2s;}.elementor-16092 .elementor-element.elementor-element-6b3be86{--display:flex;}.elementor-16092 .elementor-element.elementor-element-e578877{font-family:\"Quicksand\", Sans-serif;font-weight:400;}@media(min-width:768px){.elementor-16092 .elementor-element.elementor-element-d771f06{--content-width:910px;}}<\/style>\t\t<div data-elementor-type=\"loop-item\" data-elementor-id=\"16092\" class=\"elementor elementor-16092 e-loop-item e-loop-item-24103 post-24103 product type-product status-publish has-post-thumbnail product_cat-gevorderden product_cat-litterature-facile product_cat-themacursus product_cat-tussenniveau product_tag-beoken product_tag-boek product_tag-book product_tag-bookclub product_tag-books product_tag-francais product_tag-frans product_tag-french product_tag-literature product_tag-litterature product_tag-livre product_tag-livres product_tag-roman first instock shipping-taxable purchasable product-type-simple\" data-elementor-post-type=\"elementor_library\" data-custom-edit-handle=\"1\">\n\t\t\t<div class=\"elementor-element elementor-element-d771f06 e-flex e-con-boxed e-con e-parent\" data-id=\"d771f06\" data-element_type=\"container\" data-e-type=\"container\">\n\t\t\t\t\t<div class=\"e-con-inner\">\n\t\t\t\t<div class=\"elementor-element elementor-element-529c31a elementor-widget elementor-widget-theme-post-title elementor-page-title elementor-widget-heading\" data-id=\"529c31a\" data-element_type=\"widget\" data-e-type=\"widget\" data-widget_type=\"theme-post-title.default\">\n\t\t\t\t<div class=\"elementor-widget-container\">\n\t\t\t\t\t<h4 class=\"elementor-heading-title elementor-size-default\">Voyage en romans francophones<\/h4>\t\t\t\t<\/div>\n\t\t\t\t<\/div>\n\t\t\t\t<div class=\"elementor-element elementor-element-522ae5f elementor-widget elementor-widget-woocommerce-product-price\" data-id=\"522ae5f\" data-element_type=\"widget\" data-e-type=\"widget\" data-widget_type=\"woocommerce-product-price.default\">\n\t\t\t\t<div class=\"elementor-widget-container\">\n\t\t\t\t\t<p class=\"price\"><span class=\"woocommerce-Price-amount amount\"><bdi><span class=\"woocommerce-Price-currencySymbol\">&euro;<\/span>235.00<\/bdi><\/span><\/p>\n\t\t\t\t<\/div>\n\t\t\t\t<\/div>\n\t\t\t\t<div class=\"elementor-element elementor-element-a3db019 elementor-widget elementor-widget-text-editor\" data-id=\"a3db019\" data-element_type=\"widget\" data-e-type=\"widget\" data-widget_type=\"text-editor.default\">\n\t\t\t\t<div class=\"elementor-widget-container\">\n\t\t\t\t\t\t\t\t\tUtrecht PK\t\t\t\t\t\t\t\t<\/div>\n\t\t\t\t<\/div>\n\t\t\t\t<div class=\"elementor-element elementor-element-1271613 elementor-widget elementor-widget-text-editor\" data-id=\"1271613\" data-element_type=\"widget\" data-e-type=\"widget\" data-widget_type=\"text-editor.default\">\n\t\t\t\t<div class=\"elementor-widget-container\">\n\t\t\t\t\t\t\t\t\tPieterskerkhof 5, 3512 JR\t\t\t\t\t\t\t\t<\/div>\n\t\t\t\t<\/div>\n\t\t\t\t<div class=\"elementor-element elementor-element-030b8ef elementor-widget elementor-widget-text-editor\" data-id=\"030b8ef\" data-element_type=\"widget\" data-e-type=\"widget\" data-widget_type=\"text-editor.default\">\n\t\t\t\t<div class=\"elementor-widget-container\">\n\t\t\t\t\t\t\t\t\tStart: Vrijdag 10-04-2026 10:30\t\t\t\t\t\t\t\t<\/div>\n\t\t\t\t<\/div>\n\t\t\t\t<div class=\"elementor-element elementor-element-f8dbb6f elementor-widget elementor-widget-text-editor\" data-id=\"f8dbb6f\" data-element_type=\"widget\" data-e-type=\"widget\" data-widget_type=\"text-editor.default\">\n\t\t\t\t<div class=\"elementor-widget-container\">\n\t\t\t\t\t\t\t\t\tDagen x uren: 8 x 2\t\t\t\t\t\t\t\t<\/div>\n\t\t\t\t<\/div>\n\t\t\t\t<div class=\"elementor-element elementor-element-514dbc2 elementor-widget elementor-widget-theme-post-featured-image elementor-widget-image\" data-id=\"514dbc2\" data-element_type=\"widget\" data-e-type=\"widget\" data-widget_type=\"theme-post-featured-image.default\">\n\t\t\t\t<div class=\"elementor-widget-container\">\n\t\t\t\t\t\t\t\t\t\t\t\t\t\t\t<img fetchpriority=\"high\" decoding=\"async\" width=\"800\" height=\"800\" src=\"https:\/\/www.alliance-francaise.nl\/utrecht\/wp-content\/uploads\/sites\/6\/2025\/06\/Visuels-cours-site-5-1024x1024.png\" class=\"attachment-large size-large wp-image-24104\" alt=\"\" srcset=\"https:\/\/www.alliance-francaise.nl\/utrecht\/wp-content\/uploads\/sites\/6\/2025\/06\/Visuels-cours-site-5-1024x1024.png 1024w, https:\/\/www.alliance-francaise.nl\/utrecht\/wp-content\/uploads\/sites\/6\/2025\/06\/Visuels-cours-site-5-300x300.png 300w, https:\/\/www.alliance-francaise.nl\/utrecht\/wp-content\/uploads\/sites\/6\/2025\/06\/Visuels-cours-site-5-150x150.png 150w, https:\/\/www.alliance-francaise.nl\/utrecht\/wp-content\/uploads\/sites\/6\/2025\/06\/Visuels-cours-site-5-768x768.png 768w, https:\/\/www.alliance-francaise.nl\/utrecht\/wp-content\/uploads\/sites\/6\/2025\/06\/Visuels-cours-site-5-600x600.png 600w, https:\/\/www.alliance-francaise.nl\/utrecht\/wp-content\/uploads\/sites\/6\/2025\/06\/Visuels-cours-site-5-100x100.png 100w, https:\/\/www.alliance-francaise.nl\/utrecht\/wp-content\/uploads\/sites\/6\/2025\/06\/Visuels-cours-site-5.png 1080w\" sizes=\"(max-width: 800px) 100vw, 800px\" \/>\t\t\t\t\t\t\t\t\t\t\t\t\t\t\t<\/div>\n\t\t\t\t<\/div>\n\t\t\t\t<div class=\"elementor-element elementor-element-b4949c3 elementor-widget elementor-widget-theme-post-content\" data-id=\"b4949c3\" data-element_type=\"widget\" data-e-type=\"widget\" data-widget_type=\"theme-post-content.default\">\n\t\t\t\t<div class=\"elementor-widget-container\">\n\t\t\t\t\t<div>\n<div><i>Venez d\u00e9couvrir la litt\u00e9rature francophone actuelle. Durant ce parcours, vous lirez des extraits de romans contemporains et guid\u00e9.e.s par Elwira vous pourrez appr\u00e9hender les grandes id\u00e9es de ces textes sans difficult\u00e9. Ces lectures seront suivies de discussions afin de saisir les subtilit\u00e9s et d\u00e9couvrir la vie et la vision du monde des auteur.e.s. N&#8217;ayez pas peur et venez plonger dans le monde de la litt\u00e9rature !<\/i><\/div>\n<\/div>\n\t\t\t\t<\/div>\n\t\t\t\t<\/div>\n\t\t\t\t<div class=\"elementor-element elementor-element-d632998 elementor-add-to-cart--align-center elementor-widget elementor-widget-woocommerce-product-add-to-cart\" data-id=\"d632998\" data-element_type=\"widget\" data-e-type=\"widget\" data-widget_type=\"woocommerce-product-add-to-cart.default\">\n\t\t\t\t<div class=\"elementor-widget-container\">\n\t\t\t\t\t\n\t\t<div class=\"elementor-add-to-cart elementor-product-simple\">\n\t\t\t\t\t<div class=\"e-loop-add-to-cart-form-container\">\n\t\t\t<form class=\"cart e-loop-add-to-cart-form\">\n\t\t\t\t<a href=\"\/utrecht\/wp-json\/wp\/v2\/pages\/24813?add-to-cart=24103\" aria-describedby=\"woocommerce_loop_add_to_cart_link_describedby_24103\" data-quantity=\"1\" class=\"button product_type_simple add_to_cart_button ajax_add_to_cart\" data-product_id=\"24103\" data-product_sku=\"\" aria-label=\"Toevoegen aan winkelwagen: &ldquo;Voyage en romans francophones&ldquo;\" rel=\"nofollow\" data-success_message=\"&ldquo;Voyage en romans francophones&rdquo; is toegevoegd aan je winkelwagen\" role=\"button\">Toevoegen aan winkelwagen<\/a>\t<span id=\"woocommerce_loop_add_to_cart_link_describedby_24103\" class=\"screen-reader-text\">\n\t\t\t<\/span>\n\t\t\t<\/form>\n\t\t<\/div>\n\t\t\t\t<\/div>\n\n\t\t\t\t\t\t<\/div>\n\t\t\t\t<\/div>\n\t\t\t\t\t<\/div>\n\t\t\t\t<\/div>\n\t\t<div class=\"elementor-element elementor-element-6b3be86 e-flex e-con-boxed e-con e-parent\" data-id=\"6b3be86\" data-element_type=\"container\" data-e-type=\"container\">\n\t\t\t\t\t<div class=\"e-con-inner\">\n\t\t\t\t\t<\/div>\n\t\t\t\t<\/div>\n\t\t\t\t<\/div>\n\t\t\t\t<\/div>\n\t\t\n\t\t\t\t\t\t<\/div>\n\t\t\t\t<\/div>\n\t\t\t\t\t<\/div>\n\t\t\t\t<\/div>\n\t\t<div class=\"elementor-element elementor-element-3273051 e-flex e-con-boxed e-con e-parent\" data-id=\"3273051\" data-element_type=\"container\" data-e-type=\"container\">\n\t\t\t\t\t<div class=\"e-con-inner\">\n\t\t\t\t<div class=\"elementor-element elementor-element-50db538 elementor-widget-divider--view-line elementor-widget elementor-widget-divider\" data-id=\"50db538\" data-element_type=\"widget\" data-e-type=\"widget\" data-widget_type=\"divider.default\">\n\t\t\t\t<div class=\"elementor-widget-container\">\n\t\t\t\t\t\t\t<div class=\"elementor-divider\">\n\t\t\t<span class=\"elementor-divider-separator\">\n\t\t\t\t\t\t<\/span>\n\t\t<\/div>\n\t\t\t\t\t\t<\/div>\n\t\t\t\t<\/div>\n\t\t\t\t\t<\/div>\n\t\t\t\t<\/div>\n\t\t\t\t<\/div>\n\t\t","protected":false},"excerpt":{"rendered":"<p>Meer informatie Kom Frans lezen en neem deel aan onze workshop waarin u literaire fragmenten ontdekt. Kom kennismaken met de hedendaagse Franstalige literatuur. Tijdens deze workshop leest u fragmenten uit [&hellip;]<\/p>\n","protected":false},"author":105,"featured_media":0,"parent":0,"menu_order":0,"comment_status":"closed","ping_status":"closed","template":"","meta":{"_acf_changed":false,"_monsterinsights_skip_tracking":false,"_monsterinsights_sitenote_active":false,"_monsterinsights_sitenote_note":"","_monsterinsights_sitenote_category":0,"footnotes":""},"class_list":["post-24813","page","type-page","status-publish","hentry"],"acf":[],"_links":{"self":[{"href":"https:\/\/www.alliance-francaise.nl\/utrecht\/wp-json\/wp\/v2\/pages\/24813","targetHints":{"allow":["GET"]}}],"collection":[{"href":"https:\/\/www.alliance-francaise.nl\/utrecht\/wp-json\/wp\/v2\/pages"}],"about":[{"href":"https:\/\/www.alliance-francaise.nl\/utrecht\/wp-json\/wp\/v2\/types\/page"}],"author":[{"embeddable":true,"href":"https:\/\/www.alliance-francaise.nl\/utrecht\/wp-json\/wp\/v2\/users\/105"}],"replies":[{"embeddable":true,"href":"https:\/\/www.alliance-francaise.nl\/utrecht\/wp-json\/wp\/v2\/comments?post=24813"}],"version-history":[{"count":4,"href":"https:\/\/www.alliance-francaise.nl\/utrecht\/wp-json\/wp\/v2\/pages\/24813\/revisions"}],"predecessor-version":[{"id":24817,"href":"https:\/\/www.alliance-francaise.nl\/utrecht\/wp-json\/wp\/v2\/pages\/24813\/revisions\/24817"}],"wp:attachment":[{"href":"https:\/\/www.alliance-francaise.nl\/utrecht\/wp-json\/wp\/v2\/media?parent=24813"}],"curies":[{"name":"wp","href":"https:\/\/api.w.org\/{rel}","templated":true}]}}