{"id":22896,"date":"2025-05-02T08:29:52","date_gmt":"2025-05-02T07:29:52","guid":{"rendered":"https:\/\/www.alliance-francaise.nl\/utrecht\/?page_id=22896"},"modified":"2025-06-26T14:35:57","modified_gmt":"2025-06-26T13:35:57","slug":"debutants","status":"publish","type":"page","link":"https:\/\/www.alliance-francaise.nl\/utrecht\/fr\/debutants\/","title":{"rendered":"D\u00e9butants"},"content":{"rendered":"\t\t<div data-elementor-type=\"wp-page\" data-elementor-id=\"22896\" class=\"elementor elementor-22896\" data-elementor-post-type=\"page\">\n\t\t\t\t\t\t<section class=\"elementor-section elementor-top-section elementor-element elementor-element-1340813 elementor-section-boxed elementor-section-height-default elementor-section-height-default\" data-id=\"1340813\" data-element_type=\"section\" data-e-type=\"section\">\n\t\t\t\t\t\t<div class=\"elementor-container elementor-column-gap-default\">\n\t\t\t\t\t<div class=\"elementor-column elementor-col-100 elementor-top-column elementor-element elementor-element-6fa8d93\" data-id=\"6fa8d93\" data-element_type=\"column\" data-e-type=\"column\" data-settings=\"{&quot;background_background&quot;:&quot;classic&quot;,&quot;background_motion_fx_motion_fx_scrolling&quot;:&quot;yes&quot;,&quot;background_motion_fx_translateY_effect&quot;:&quot;yes&quot;,&quot;background_motion_fx_translateY_speed&quot;:{&quot;unit&quot;:&quot;px&quot;,&quot;size&quot;:&quot;5.5&quot;,&quot;sizes&quot;:[]},&quot;background_motion_fx_translateY_affectedRange&quot;:{&quot;unit&quot;:&quot;%&quot;,&quot;size&quot;:&quot;&quot;,&quot;sizes&quot;:{&quot;start&quot;:&quot;17&quot;,&quot;end&quot;:&quot;100&quot;}},&quot;background_motion_fx_devices&quot;:[&quot;desktop&quot;,&quot;tablet&quot;,&quot;mobile&quot;]}\">\n\t\t\t<div class=\"elementor-widget-wrap elementor-element-populated\">\n\t\t\t\t\t<div class=\"elementor-background-overlay\"><\/div>\n\t\t\t\t\t\t<div class=\"elementor-element elementor-element-e50a473 elementor-widget elementor-widget-heading\" data-id=\"e50a473\" data-element_type=\"widget\" data-e-type=\"widget\" data-widget_type=\"heading.default\">\n\t\t\t\t<div class=\"elementor-widget-container\">\n\t\t\t\t\t<h1 class=\"elementor-heading-title elementor-size-default\">D\u00e9butants<\/h1>\t\t\t\t<\/div>\n\t\t\t\t<\/div>\n\t\t\t\t\t<\/div>\n\t\t<\/div>\n\t\t\t\t\t<\/div>\n\t\t<\/section>\n\t\t<div class=\"elementor-element elementor-element-410af48 e-flex e-con-boxed e-con e-parent\" data-id=\"410af48\" data-element_type=\"container\" data-e-type=\"container\">\n\t\t\t\t\t<div class=\"e-con-inner\">\n\t\t\t\t<div class=\"elementor-element elementor-element-6b4aa08 elementor-widget__width-initial elementor-widget elementor-widget-text-editor\" data-id=\"6b4aa08\" data-element_type=\"widget\" data-e-type=\"widget\" data-widget_type=\"text-editor.default\">\n\t\t\t\t<div class=\"elementor-widget-container\">\n\t\t\t\t\t\t\t\t\t<h4>Produits<\/h4>\t\t\t\t\t\t\t\t<\/div>\n\t\t\t\t<\/div>\n\t\t\t\t\t<\/div>\n\t\t\t\t<\/div>\n\t\t<div class=\"elementor-element elementor-element-865cd5d e-con-full e-flex e-con e-parent\" data-id=\"865cd5d\" data-element_type=\"container\" data-e-type=\"container\">\n\t\t\t\t<div class=\"woocommerce elementor-element elementor-element-0ccbb9b elementor-grid-3 elementor-grid-tablet-2 elementor-grid-mobile-1 elementor-widget elementor-widget-loop-grid\" data-id=\"0ccbb9b\" data-element_type=\"widget\" data-e-type=\"widget\" data-settings=\"{&quot;template_id&quot;:&quot;16092&quot;,&quot;_skin&quot;:&quot;product&quot;,&quot;row_gap&quot;:{&quot;unit&quot;:&quot;px&quot;,&quot;size&quot;:&quot;0&quot;,&quot;sizes&quot;:[]},&quot;columns&quot;:&quot;3&quot;,&quot;columns_tablet&quot;:&quot;2&quot;,&quot;columns_mobile&quot;:&quot;1&quot;,&quot;edit_handle_selector&quot;:&quot;[data-elementor-type=\\&quot;loop-item\\&quot;]&quot;,&quot;row_gap_tablet&quot;:{&quot;unit&quot;:&quot;px&quot;,&quot;size&quot;:&quot;&quot;,&quot;sizes&quot;:[]},&quot;row_gap_mobile&quot;:{&quot;unit&quot;:&quot;px&quot;,&quot;size&quot;:&quot;&quot;,&quot;sizes&quot;:[]}}\" data-widget_type=\"loop-grid.product\">\n\t\t\t\t<div class=\"elementor-widget-container\">\n\t\t\t\t\t\t\t<div class=\"e-loop-nothing-found-message\">\n\t\t<\/div>\n\t\t\t\t\t\t<\/div>\n\t\t\t\t<\/div>\n\t\t\t\t<div class=\"elementor-element elementor-element-764c20e elementor-widget-divider--separator-type-pattern elementor-widget-divider--view-line elementor-widget elementor-widget-divider\" data-id=\"764c20e\" data-element_type=\"widget\" data-e-type=\"widget\" data-widget_type=\"divider.default\">\n\t\t\t\t<div class=\"elementor-widget-container\">\n\t\t\t\t\t\t\t<div class=\"elementor-divider\" style=\"--divider-pattern-url: url(&quot;data:image\/svg+xml,%3Csvg xmlns=&#039;http:\/\/www.w3.org\/2000\/svg&#039; preserveAspectRatio=&#039;none&#039; overflow=&#039;visible&#039; height=&#039;100%&#039; viewBox=&#039;0 0 24 24&#039; fill=&#039;none&#039; stroke=&#039;black&#039; stroke-width=&#039;1&#039; stroke-linecap=&#039;square&#039; stroke-miterlimit=&#039;10&#039;%3E%3Cpath d=&#039;M0,6c6,0,0.9,11.1,6.9,11.1S18,6,24,6&#039;\/%3E%3C\/svg%3E&quot;);\">\n\t\t\t<span class=\"elementor-divider-separator\">\n\t\t\t\t\t\t<\/span>\n\t\t<\/div>\n\t\t\t\t\t\t<\/div>\n\t\t\t\t<\/div>\n\t\t\t\t<\/div>\n\t\t<div class=\"elementor-element elementor-element-7fe1d24 e-flex e-con-boxed e-con e-parent\" data-id=\"7fe1d24\" data-element_type=\"container\" data-e-type=\"container\">\n\t\t\t\t\t<div class=\"e-con-inner\">\n\t\t<div class=\"elementor-element elementor-element-00903a2 e-con-full e-flex e-con e-child\" data-id=\"00903a2\" data-element_type=\"container\" data-e-type=\"container\">\n\t\t\t\t<div class=\"elementor-element elementor-element-ad3762d elementor-widget__width-initial elementor-widget elementor-widget-text-editor\" data-id=\"ad3762d\" data-element_type=\"widget\" data-e-type=\"widget\" data-widget_type=\"text-editor.default\">\n\t\t\t\t<div class=\"elementor-widget-container\">\n\t\t\t\t\t\t\t\t\t<h4>Mat\u00e9riel n\u00e9cessaire<\/h4>\t\t\t\t\t\t\t\t<\/div>\n\t\t\t\t<\/div>\n\t\t\t\t<div class=\"elementor-element elementor-element-8a7975c elementor-widget elementor-widget-text-editor\" data-id=\"8a7975c\" data-element_type=\"widget\" data-e-type=\"widget\" data-widget_type=\"text-editor.default\">\n\t\t\t\t<div class=\"elementor-widget-container\">\n\t\t\t\t\t\t\t\t\t<p>Tous nos cours standard n\u00e9cessitent l\u2019achat d\u2019un manuel et des cahiers d\u2019exercices qui l\u2019accompagnent. Les m\u00eames livres couvrent un niveau entier (A1, A2). Le co\u00fbt des livres n\u2019est pas inclus dans le prix du cours.<\/p><ul><li><strong>A1<\/strong>\u00a0: Book Edito A1, \u00e9dition 2022 (ISBN 9782278103645)+ cahier d\u2019activit\u00e9s Edito A1 (ISBN 9782278103652).<\/li><\/ul><p>\u00a0<\/p><ul><li><strong>A2<\/strong>\u00a0: Book Edito A2, \u00e9dition 2022 (ISBN 9782278104109) + cahier d\u2019activit\u00e9s Edito A2, \u00e9dition 2022 ( 9782278104123)<\/li><\/ul>\t\t\t\t\t\t\t\t<\/div>\n\t\t\t\t<\/div>\n\t\t\t\t<\/div>\n\t\t\t\t\t<\/div>\n\t\t\t\t<\/div>\n\t\t<div class=\"elementor-element elementor-element-3c57a59 e-flex e-con-boxed e-con e-parent\" data-id=\"3c57a59\" data-element_type=\"container\" data-e-type=\"container\" data-settings=\"{&quot;background_background&quot;:&quot;classic&quot;}\">\n\t\t\t\t\t<div class=\"e-con-inner\">\n\t\t<div class=\"elementor-element elementor-element-6e079e4 e-con-full e-flex e-con e-child\" data-id=\"6e079e4\" data-element_type=\"container\" data-e-type=\"container\">\n\t\t\t\t<div class=\"elementor-element elementor-element-1f9b19e elementor-widget elementor-widget-image\" data-id=\"1f9b19e\" data-element_type=\"widget\" data-e-type=\"widget\" data-widget_type=\"image.default\">\n\t\t\t\t<div class=\"elementor-widget-container\">\n\t\t\t\t\t\t\t\t\t\t\t\t\t\t\t<img fetchpriority=\"high\" decoding=\"async\" width=\"758\" height=\"1000\" src=\"https:\/\/www.alliance-francaise.nl\/utrecht\/wp-content\/uploads\/sites\/6\/2025\/05\/EditoA1.jpg\" class=\"attachment-large size-large wp-image-23505\" alt=\"\" srcset=\"https:\/\/www.alliance-francaise.nl\/utrecht\/wp-content\/uploads\/sites\/6\/2025\/05\/EditoA1.jpg 758w, https:\/\/www.alliance-francaise.nl\/utrecht\/wp-content\/uploads\/sites\/6\/2025\/05\/EditoA1-227x300.jpg 227w, https:\/\/www.alliance-francaise.nl\/utrecht\/wp-content\/uploads\/sites\/6\/2025\/05\/EditoA1-600x792.jpg 600w\" sizes=\"(max-width: 758px) 100vw, 758px\" \/>\t\t\t\t\t\t\t\t\t\t\t\t\t\t\t<\/div>\n\t\t\t\t<\/div>\n\t\t\t\t<\/div>\n\t\t<div class=\"elementor-element elementor-element-f0eabd4 e-con-full e-flex e-con e-child\" data-id=\"f0eabd4\" data-element_type=\"container\" data-e-type=\"container\">\n\t\t\t\t<div class=\"elementor-element elementor-element-efa0f70 elementor-widget elementor-widget-image\" data-id=\"efa0f70\" data-element_type=\"widget\" data-e-type=\"widget\" data-widget_type=\"image.default\">\n\t\t\t\t<div class=\"elementor-widget-container\">\n\t\t\t\t\t\t\t\t\t\t\t\t\t\t\t<img decoding=\"async\" width=\"737\" height=\"1000\" src=\"https:\/\/www.alliance-francaise.nl\/utrecht\/wp-content\/uploads\/sites\/6\/2023\/12\/71QUuIEywML._AC_UF8941000_QL80_.jpg\" class=\"attachment-large size-large wp-image-18296\" alt=\"\" srcset=\"https:\/\/www.alliance-francaise.nl\/utrecht\/wp-content\/uploads\/sites\/6\/2023\/12\/71QUuIEywML._AC_UF8941000_QL80_.jpg 737w, https:\/\/www.alliance-francaise.nl\/utrecht\/wp-content\/uploads\/sites\/6\/2023\/12\/71QUuIEywML._AC_UF8941000_QL80_-221x300.jpg 221w, https:\/\/www.alliance-francaise.nl\/utrecht\/wp-content\/uploads\/sites\/6\/2023\/12\/71QUuIEywML._AC_UF8941000_QL80_-600x814.jpg 600w\" sizes=\"(max-width: 737px) 100vw, 737px\" \/>\t\t\t\t\t\t\t\t\t\t\t\t\t\t\t<\/div>\n\t\t\t\t<\/div>\n\t\t\t\t<\/div>\n\t\t<div class=\"elementor-element elementor-element-5b0e3b8 e-con-full e-flex e-con e-child\" data-id=\"5b0e3b8\" data-element_type=\"container\" data-e-type=\"container\">\n\t\t\t\t<div class=\"elementor-element elementor-element-56c1162 elementor-widget elementor-widget-image\" data-id=\"56c1162\" data-element_type=\"widget\" data-e-type=\"widget\" data-widget_type=\"image.default\">\n\t\t\t\t<div class=\"elementor-widget-container\">\n\t\t\t\t\t\t\t\t\t\t\t\t\t\t\t<img decoding=\"async\" width=\"600\" height=\"814\" src=\"https:\/\/www.alliance-francaise.nl\/utrecht\/wp-content\/uploads\/sites\/6\/2024\/06\/edito-A2-1.jpeg\" class=\"attachment-large size-large wp-image-20185\" alt=\"\" srcset=\"https:\/\/www.alliance-francaise.nl\/utrecht\/wp-content\/uploads\/sites\/6\/2024\/06\/edito-A2-1.jpeg 600w, https:\/\/www.alliance-francaise.nl\/utrecht\/wp-content\/uploads\/sites\/6\/2024\/06\/edito-A2-1-221x300.jpeg 221w\" sizes=\"(max-width: 600px) 100vw, 600px\" \/>\t\t\t\t\t\t\t\t\t\t\t\t\t\t\t<\/div>\n\t\t\t\t<\/div>\n\t\t\t\t<\/div>\n\t\t<div class=\"elementor-element elementor-element-f464a6b e-con-full e-flex e-con e-child\" data-id=\"f464a6b\" data-element_type=\"container\" data-e-type=\"container\">\n\t\t\t\t<div class=\"elementor-element elementor-element-53f2a86 elementor-widget elementor-widget-image\" data-id=\"53f2a86\" data-element_type=\"widget\" data-e-type=\"widget\" data-widget_type=\"image.default\">\n\t\t\t\t<div class=\"elementor-widget-container\">\n\t\t\t\t\t\t\t\t\t\t\t\t\t\t\t<img loading=\"lazy\" decoding=\"async\" width=\"737\" height=\"1000\" src=\"https:\/\/www.alliance-francaise.nl\/utrecht\/wp-content\/uploads\/sites\/6\/2023\/12\/81qwOYmcdPL._AC_UF8941000_QL80_.jpg\" class=\"attachment-large size-large wp-image-18299\" alt=\"\" srcset=\"https:\/\/www.alliance-francaise.nl\/utrecht\/wp-content\/uploads\/sites\/6\/2023\/12\/81qwOYmcdPL._AC_UF8941000_QL80_.jpg 737w, https:\/\/www.alliance-francaise.nl\/utrecht\/wp-content\/uploads\/sites\/6\/2023\/12\/81qwOYmcdPL._AC_UF8941000_QL80_-221x300.jpg 221w, https:\/\/www.alliance-francaise.nl\/utrecht\/wp-content\/uploads\/sites\/6\/2023\/12\/81qwOYmcdPL._AC_UF8941000_QL80_-600x814.jpg 600w\" sizes=\"(max-width: 737px) 100vw, 737px\" \/>\t\t\t\t\t\t\t\t\t\t\t\t\t\t\t<\/div>\n\t\t\t\t<\/div>\n\t\t\t\t<\/div>\n\t\t\t\t\t<\/div>\n\t\t\t\t<\/div>\n\t\t<div class=\"elementor-element elementor-element-ad45fde e-flex e-con-boxed e-con e-parent\" data-id=\"ad45fde\" data-element_type=\"container\" data-e-type=\"container\">\n\t\t\t\t\t<div class=\"e-con-inner\">\n\t\t\t\t<div class=\"elementor-element elementor-element-429ce00 elementor-widget__width-initial elementor-widget elementor-widget-text-editor\" data-id=\"429ce00\" data-element_type=\"widget\" data-e-type=\"widget\" data-widget_type=\"text-editor.default\">\n\t\t\t\t<div class=\"elementor-widget-container\">\n\t\t\t\t\t\t\t\t\t<h4>Informations g\u00e9n\u00e9rales<\/h4>\t\t\t\t\t\t\t\t<\/div>\n\t\t\t\t<\/div>\n\t\t\t\t\t<\/div>\n\t\t\t\t<\/div>\n\t\t<div class=\"elementor-element elementor-element-5e0cf8c e-con-full e-flex e-con e-parent\" data-id=\"5e0cf8c\" data-element_type=\"container\" data-e-type=\"container\">\n\t\t\t\t<div class=\"elementor-element elementor-element-b6da4d1 elementor-widget elementor-widget-text-editor\" data-id=\"b6da4d1\" data-element_type=\"widget\" data-e-type=\"widget\" data-widget_type=\"text-editor.default\">\n\t\t\t\t<div class=\"elementor-widget-container\">\n\t\t\t\t\t\t\t\t\t<p>Informations g\u00e9n\u00e9rales<\/p><p>Venez apprendre le fran\u00e7ais avec nous !<\/p><p>Ces cours s\u2019adressent aux d\u00e9butants qui n\u2019ont jamais appris le fran\u00e7ais ou qui en ma\u00eetrisent les bases. Si vous n\u2019\u00eates pas s\u00fbr de votre niveau, veuillez contacter la coordinatrice des cours avant de vous inscrire :\u00a0<span style=\"text-decoration: underline\"><span style=\"color: #000000\"><strong><a style=\"color: #000000;text-decoration: underline\" href=\"mailto:cursus.utrecht@afpb.nl\">cursus.utrecht@afpb.nl<\/a><\/strong><\/span><\/span><\/p><p><strong><a href=\"https:\/\/docs.google.com\/spreadsheets\/d\/1h1eVinVziDP0NGs0MXd28D68YQKLI8L6_eG1N0A92Mo\/edit?gid=0#gid=0\"><span style=\"text-decoration: underline\"><span style=\"color: #000000;text-decoration: underline\">Consultez le tableau excel partag\u00e9 pour vendre ou acheter votre livre d\u2019occasion.<\/span><\/span><\/a><\/strong><\/p><p>Lorsque vous recevez l\u2019e-mail confirmant l\u2019ouverture de votre cours, vous pouvez commander vos livres aupr\u00e8s de notre partenaire :\u00a0<strong><span style=\"text-decoration: underline;color: #000000\"><a style=\"color: #000000;text-decoration: underline\" href=\"https:\/\/www.boekhandelbijleveld.nl\/\">Boekhandel Bijleveld<\/a><\/span><a href=\"https:\/\/www.boekhandelbijleveld.nl\/\">.<\/a><\/strong><\/p><p>Les livres peuvent \u00eatre retir\u00e9s et command\u00e9s d\u00e8s aujourd\u2019hui \u00e0 la librairie Bijleveld, situ\u00e9e \u00e0 proximit\u00e9 du Dom (Janskerkhof 7).<\/p>\t\t\t\t\t\t\t\t<\/div>\n\t\t\t\t<\/div>\n\t\t\t\t<\/div>\n\t\t<div class=\"elementor-element elementor-element-9e82e01 e-flex e-con-boxed e-con e-parent\" data-id=\"9e82e01\" data-element_type=\"container\" data-e-type=\"container\">\n\t\t\t\t\t<div class=\"e-con-inner\">\n\t\t<div class=\"elementor-element elementor-element-de91fd6 e-con-full e-flex e-con e-child\" data-id=\"de91fd6\" data-element_type=\"container\" data-e-type=\"container\">\n\t\t\t\t<div class=\"elementor-element elementor-element-61cba4a elementor-widget elementor-widget-image\" data-id=\"61cba4a\" data-element_type=\"widget\" data-e-type=\"widget\" data-widget_type=\"image.default\">\n\t\t\t\t<div class=\"elementor-widget-container\">\n\t\t\t\t\t\t\t\t\t\t\t\t\t\t\t\t<a href=\"https:\/\/www.boekhandelbijleveld.nl\/\">\n\t\t\t\t\t\t\t<img loading=\"lazy\" decoding=\"async\" width=\"300\" height=\"300\" src=\"https:\/\/www.alliance-francaise.nl\/utrecht\/wp-content\/uploads\/sites\/6\/2024\/06\/Voorkant-Boekhandel-300x300.jpeg\" class=\"attachment-medium size-medium wp-image-20323\" alt=\"\" srcset=\"https:\/\/www.alliance-francaise.nl\/utrecht\/wp-content\/uploads\/sites\/6\/2024\/06\/Voorkant-Boekhandel-300x300.jpeg 300w, https:\/\/www.alliance-francaise.nl\/utrecht\/wp-content\/uploads\/sites\/6\/2024\/06\/Voorkant-Boekhandel-1024x1022.jpeg 1024w, https:\/\/www.alliance-francaise.nl\/utrecht\/wp-content\/uploads\/sites\/6\/2024\/06\/Voorkant-Boekhandel-150x150.jpeg 150w, https:\/\/www.alliance-francaise.nl\/utrecht\/wp-content\/uploads\/sites\/6\/2024\/06\/Voorkant-Boekhandel-768x767.jpeg 768w, https:\/\/www.alliance-francaise.nl\/utrecht\/wp-content\/uploads\/sites\/6\/2024\/06\/Voorkant-Boekhandel-600x599.jpeg 600w, https:\/\/www.alliance-francaise.nl\/utrecht\/wp-content\/uploads\/sites\/6\/2024\/06\/Voorkant-Boekhandel-100x100.jpeg 100w, https:\/\/www.alliance-francaise.nl\/utrecht\/wp-content\/uploads\/sites\/6\/2024\/06\/Voorkant-Boekhandel.jpeg 1080w\" sizes=\"(max-width: 300px) 100vw, 300px\" \/>\t\t\t\t\t\t\t\t<\/a>\n\t\t\t\t\t\t\t\t\t\t\t\t\t\t\t<\/div>\n\t\t\t\t<\/div>\n\t\t\t\t<\/div>\n\t\t<div class=\"elementor-element elementor-element-edd5ed5 e-con-full e-flex e-con e-child\" data-id=\"edd5ed5\" data-element_type=\"container\" data-e-type=\"container\">\n\t\t\t\t<div class=\"elementor-element elementor-element-a28964b elementor-widget__width-initial elementor-widget elementor-widget-text-editor\" data-id=\"a28964b\" data-element_type=\"widget\" data-e-type=\"widget\" data-widget_type=\"text-editor.default\">\n\t\t\t\t<div class=\"elementor-widget-container\">\n\t\t\t\t\t\t\t\t\t<h4>\u00c0 propos de la librairie<\/h4>\t\t\t\t\t\t\t\t<\/div>\n\t\t\t\t<\/div>\n\t\t\t\t<div class=\"elementor-element elementor-element-d82495d elementor-widget elementor-widget-text-editor\" data-id=\"d82495d\" data-element_type=\"widget\" data-e-type=\"widget\" data-widget_type=\"text-editor.default\">\n\t\t\t\t<div class=\"elementor-widget-container\">\n\t\t\t\t\t\t\t\t\t<p>Boekhandel Bijleveld est une librairie ind\u00e9pendante situ\u00e9e \u00e0 Janskerkhof 7, au c\u0153ur du centre historique d\u2019Utrecht, depuis 1865. La librairie propose une vaste s\u00e9lection de livres de <strong>fiction n\u00e9erlandais<\/strong> et <strong>anglais<\/strong>, ainsi qu\u2019un petit rayon de litt\u00e9rature fran\u00e7aise et allemande. La librairie s\u2019int\u00e9resse \u00e9galement \u00e0 l\u2019histoire, \u00e0 la philosophie, \u00e0 l\u2019actualit\u00e9, \u00e0 la nature et \u00e0 la science, \u00e0 l\u2019art, \u00e0 la litt\u00e9rature sur la litt\u00e9rature, \u00e0 la po\u00e9sie et aux meilleurs livres pour enfants.<\/p>\t\t\t\t\t\t\t\t<\/div>\n\t\t\t\t<\/div>\n\t\t\t\t<\/div>\n\t\t\t\t\t<\/div>\n\t\t\t\t<\/div>\n\t\t<div class=\"elementor-element elementor-element-d37560a e-flex e-con-boxed e-con e-parent\" data-id=\"d37560a\" data-element_type=\"container\" data-e-type=\"container\">\n\t\t\t\t\t<div class=\"e-con-inner\">\n\t\t<div class=\"elementor-element elementor-element-0122168 e-con-full elementor-hidden-mobile e-flex e-con e-child\" data-id=\"0122168\" data-element_type=\"container\" data-e-type=\"container\">\n\t\t\t\t<div class=\"elementor-element elementor-element-efc82ca elementor-widget elementor-widget-image\" data-id=\"efc82ca\" data-element_type=\"widget\" data-e-type=\"widget\" data-widget_type=\"image.default\">\n\t\t\t\t<div class=\"elementor-widget-container\">\n\t\t\t\t\t\t\t\t\t\t\t\t\t\t\t<img loading=\"lazy\" decoding=\"async\" width=\"736\" height=\"1308\" src=\"https:\/\/www.alliance-francaise.nl\/utrecht\/wp-content\/uploads\/sites\/6\/2025\/04\/telechargement-6.jpeg\" class=\"attachment-full size-full wp-image-22802\" alt=\"\" srcset=\"https:\/\/www.alliance-francaise.nl\/utrecht\/wp-content\/uploads\/sites\/6\/2025\/04\/telechargement-6.jpeg 736w, https:\/\/www.alliance-francaise.nl\/utrecht\/wp-content\/uploads\/sites\/6\/2025\/04\/telechargement-6-169x300.jpeg 169w, https:\/\/www.alliance-francaise.nl\/utrecht\/wp-content\/uploads\/sites\/6\/2025\/04\/telechargement-6-576x1024.jpeg 576w, https:\/\/www.alliance-francaise.nl\/utrecht\/wp-content\/uploads\/sites\/6\/2025\/04\/telechargement-6-600x1066.jpeg 600w\" sizes=\"(max-width: 736px) 100vw, 736px\" \/>\t\t\t\t\t\t\t\t\t\t\t\t\t\t\t<\/div>\n\t\t\t\t<\/div>\n\t\t\t\t<\/div>\n\t\t<div class=\"elementor-element elementor-element-e652726 e-con-full e-flex e-con e-child\" data-id=\"e652726\" data-element_type=\"container\" data-e-type=\"container\">\n\t\t\t\t<div class=\"elementor-element elementor-element-abcf33d elementor-widget__width-initial elementor-widget elementor-widget-text-editor\" data-id=\"abcf33d\" data-element_type=\"widget\" data-e-type=\"widget\" data-widget_type=\"text-editor.default\">\n\t\t\t\t<div class=\"elementor-widget-container\">\n\t\t\t\t\t\t\t\t\t<h4>Details<\/h4>\t\t\t\t\t\t\t\t<\/div>\n\t\t\t\t<\/div>\n\t\t\t\t<div class=\"elementor-element elementor-element-e31b55a elementor-widget elementor-widget-text-editor\" data-id=\"e31b55a\" data-element_type=\"widget\" data-e-type=\"widget\" data-widget_type=\"text-editor.default\">\n\t\t\t\t<div class=\"elementor-widget-container\">\n\t\t\t\t\t\t\t\t\t<p>Pour une exp\u00e9rience d\u2019apprentissage optimale, nos cours sont enti\u00e8rement dispens\u00e9s en fran\u00e7ais.<\/p><p>Nos professeurs sont de langue maternelle fran\u00e7aise. Veuillez noter que tous nos professeurs ne parlent pas le n\u00e9erlandais (mais tous parlent l\u2019anglais).<\/p><p><strong>Deux sessions par an.<\/strong><\/p><ul><li>Nos cours ont lieu \u00e0 Pieterskerkhof 5, Utrecht.<\/li><li>Veuillez noter qu\u2019il y a des escaliers pour acc\u00e9der aux salles.<\/li><li>Si le nombre d\u2019\u00e9tudiants est trop important, les cours peuvent avoir lieu au Stedelijk Gymnasium.<\/li><\/ul><p>Nous avons adapt\u00e9 le prix de nos cours afin de mieux r\u00e9compenser nos enseignants et de tenir compte de l\u2019inflation.<\/p><p>Si un cours est complet,\u00a0<strong><span style=\"text-decoration: underline\"><a href=\"https:\/\/docs.google.com\/forms\/d\/e\/1FAIpQLScNFCuGDAk2M209DseBt6LYVC3D1JXtkz2mSwvhiv0GsVI8rw\/viewform\"><span style=\"color: #000000;text-decoration: underline\">remplissez le formulaire (cliquez)<\/span><\/a><\/span><\/strong>\u00a0pour trouver une solution ou vous inscrire sur une liste d\u2019attente.<\/p>\t\t\t\t\t\t\t\t<\/div>\n\t\t\t\t<\/div>\n\t\t\t\t<\/div>\n\t\t<div class=\"elementor-element elementor-element-1e599df e-con-full elementor-hidden-mobile e-flex e-con e-child\" data-id=\"1e599df\" data-element_type=\"container\" data-e-type=\"container\">\n\t\t\t\t<div class=\"elementor-element elementor-element-add4ac0 elementor-widget elementor-widget-image\" data-id=\"add4ac0\" data-element_type=\"widget\" data-e-type=\"widget\" data-widget_type=\"image.default\">\n\t\t\t\t<div class=\"elementor-widget-container\">\n\t\t\t\t\t\t\t\t\t\t\t\t\t\t\t<img loading=\"lazy\" decoding=\"async\" width=\"576\" height=\"1024\" src=\"https:\/\/www.alliance-francaise.nl\/utrecht\/wp-content\/uploads\/sites\/6\/2025\/04\/telechargement-6-576x1024.jpeg\" class=\"attachment-large size-large wp-image-22802\" alt=\"\" srcset=\"https:\/\/www.alliance-francaise.nl\/utrecht\/wp-content\/uploads\/sites\/6\/2025\/04\/telechargement-6-576x1024.jpeg 576w, https:\/\/www.alliance-francaise.nl\/utrecht\/wp-content\/uploads\/sites\/6\/2025\/04\/telechargement-6-169x300.jpeg 169w, https:\/\/www.alliance-francaise.nl\/utrecht\/wp-content\/uploads\/sites\/6\/2025\/04\/telechargement-6-600x1066.jpeg 600w, https:\/\/www.alliance-francaise.nl\/utrecht\/wp-content\/uploads\/sites\/6\/2025\/04\/telechargement-6.jpeg 736w\" sizes=\"(max-width: 576px) 100vw, 576px\" \/>\t\t\t\t\t\t\t\t\t\t\t\t\t\t\t<\/div>\n\t\t\t\t<\/div>\n\t\t\t\t<\/div>\n\t\t\t\t\t<\/div>\n\t\t\t\t<\/div>\n\t\t\t\t<\/div>\n\t\t","protected":false},"excerpt":{"rendered":"<p>D\u00e9butants Produits Mat\u00e9riel n\u00e9cessaire Tous nos cours standard n\u00e9cessitent l\u2019achat d\u2019un manuel et des cahiers d\u2019exercices qui l\u2019accompagnent. Les m\u00eames livres couvrent un niveau entier (A1, A2). Le co\u00fbt des [&hellip;]<\/p>\n","protected":false},"author":105,"featured_media":0,"parent":0,"menu_order":0,"comment_status":"closed","ping_status":"closed","template":"elementor_header_footer","meta":{"_acf_changed":false,"_monsterinsights_skip_tracking":false,"_monsterinsights_sitenote_active":false,"_monsterinsights_sitenote_note":"","_monsterinsights_sitenote_category":0,"footnotes":""},"class_list":["post-22896","page","type-page","status-publish","hentry"],"acf":[],"_links":{"self":[{"href":"https:\/\/www.alliance-francaise.nl\/utrecht\/wp-json\/wp\/v2\/pages\/22896","targetHints":{"allow":["GET"]}}],"collection":[{"href":"https:\/\/www.alliance-francaise.nl\/utrecht\/wp-json\/wp\/v2\/pages"}],"about":[{"href":"https:\/\/www.alliance-francaise.nl\/utrecht\/wp-json\/wp\/v2\/types\/page"}],"author":[{"embeddable":true,"href":"https:\/\/www.alliance-francaise.nl\/utrecht\/wp-json\/wp\/v2\/users\/105"}],"replies":[{"embeddable":true,"href":"https:\/\/www.alliance-francaise.nl\/utrecht\/wp-json\/wp\/v2\/comments?post=22896"}],"version-history":[{"count":19,"href":"https:\/\/www.alliance-francaise.nl\/utrecht\/wp-json\/wp\/v2\/pages\/22896\/revisions"}],"predecessor-version":[{"id":24198,"href":"https:\/\/www.alliance-francaise.nl\/utrecht\/wp-json\/wp\/v2\/pages\/22896\/revisions\/24198"}],"wp:attachment":[{"href":"https:\/\/www.alliance-francaise.nl\/utrecht\/wp-json\/wp\/v2\/media?parent=22896"}],"curies":[{"name":"wp","href":"https:\/\/api.w.org\/{rel}","templated":true}]}}