{"id":22755,"date":"2025-04-29T12:55:54","date_gmt":"2025-04-29T11:55:54","guid":{"rendered":"https:\/\/www.alliance-francaise.nl\/utrecht\/?page_id=22755"},"modified":"2025-04-29T13:01:27","modified_gmt":"2025-04-29T12:01:27","slug":"culturetheque-4","status":"publish","type":"page","link":"https:\/\/www.alliance-francaise.nl\/utrecht\/fr\/culturetheque-4\/","title":{"rendered":"Cultureth\u00e8que"},"content":{"rendered":"\t\t<div data-elementor-type=\"wp-page\" data-elementor-id=\"22755\" class=\"elementor elementor-22755\" data-elementor-post-type=\"page\">\n\t\t\t\t\t\t<section class=\"elementor-section elementor-top-section elementor-element elementor-element-7069f0aa elementor-section-boxed elementor-section-height-default elementor-section-height-default\" data-id=\"7069f0aa\" data-element_type=\"section\" data-e-type=\"section\" data-settings=\"{&quot;background_background&quot;:&quot;classic&quot;}\">\n\t\t\t\t\t\t<div class=\"elementor-container elementor-column-gap-default\">\n\t\t\t\t\t<div class=\"elementor-column elementor-col-100 elementor-top-column elementor-element elementor-element-77fc0c13\" data-id=\"77fc0c13\" data-element_type=\"column\" data-e-type=\"column\">\n\t\t\t<div class=\"elementor-widget-wrap\">\n\t\t\t\t\t\t\t<\/div>\n\t\t<\/div>\n\t\t\t\t\t<\/div>\n\t\t<\/section>\n\t\t\t\t<section class=\"elementor-section elementor-top-section elementor-element elementor-element-4b818ac2 elementor-section-boxed elementor-section-height-default elementor-section-height-default\" data-id=\"4b818ac2\" data-element_type=\"section\" data-e-type=\"section\">\n\t\t\t\t\t\t<div class=\"elementor-container elementor-column-gap-default\">\n\t\t\t\t\t<div class=\"elementor-column elementor-col-100 elementor-top-column elementor-element elementor-element-f4e11da\" data-id=\"f4e11da\" data-element_type=\"column\" data-e-type=\"column\" data-settings=\"{&quot;background_background&quot;:&quot;classic&quot;}\">\n\t\t\t<div class=\"elementor-widget-wrap elementor-element-populated\">\n\t\t\t\t\t<div class=\"elementor-background-overlay\"><\/div>\n\t\t\t\t\t\t<div class=\"elementor-element elementor-element-7ea94009 elementor-widget elementor-widget-heading\" data-id=\"7ea94009\" data-element_type=\"widget\" data-e-type=\"widget\" data-widget_type=\"heading.default\">\n\t\t\t\t<div class=\"elementor-widget-container\">\n\t\t\t\t\t<h1 class=\"elementor-heading-title elementor-size-default\">Cultureth\u00e8que<\/h1>\t\t\t\t<\/div>\n\t\t\t\t<\/div>\n\t\t\t\t\t<\/div>\n\t\t<\/div>\n\t\t\t\t\t<\/div>\n\t\t<\/section>\n\t\t\t\t<section class=\"elementor-section elementor-top-section elementor-element elementor-element-fa0e8af elementor-section-boxed elementor-section-height-default elementor-section-height-default\" data-id=\"fa0e8af\" data-element_type=\"section\" data-e-type=\"section\">\n\t\t\t\t\t\t<div class=\"elementor-container elementor-column-gap-default\">\n\t\t\t\t\t<div class=\"elementor-column elementor-col-100 elementor-top-column elementor-element elementor-element-ff15a23\" data-id=\"ff15a23\" data-element_type=\"column\" data-e-type=\"column\">\n\t\t\t<div class=\"elementor-widget-wrap elementor-element-populated\">\n\t\t\t\t\t\t<section class=\"elementor-section elementor-inner-section elementor-element elementor-element-272ed64 elementor-section-boxed elementor-section-height-default elementor-section-height-default\" data-id=\"272ed64\" data-element_type=\"section\" data-e-type=\"section\">\n\t\t\t\t\t\t<div class=\"elementor-container elementor-column-gap-default\">\n\t\t\t\t\t<div class=\"elementor-column elementor-col-100 elementor-inner-column elementor-element elementor-element-e93d966\" data-id=\"e93d966\" data-element_type=\"column\" data-e-type=\"column\">\n\t\t\t<div class=\"elementor-widget-wrap elementor-element-populated\">\n\t\t\t\t\t\t<div class=\"elementor-element elementor-element-a0256c3 elementor-widget elementor-widget-text-editor\" data-id=\"a0256c3\" data-element_type=\"widget\" data-e-type=\"widget\" data-widget_type=\"text-editor.default\">\n\t\t\t\t<div class=\"elementor-widget-container\">\n\t\t\t\t\t\t\t\t\t<p><strong>Cultureth\u00e8que est une biblioth\u00e8que num\u00e9rique<\/strong>\u00a0d\u00e9di\u00e9e aux cultures fran\u00e7aise et francophone.<\/p><p>Elle permet d\u2019acc\u00e9der depuis chez vous \u00e0 des ressources num\u00e9rique grand public : livres, audio, vid\u00e9os, presse, revues, musique, ressources pour l\u2019apprentissage, la pratique ou le plaisir de la langue fran\u00e7aise. Vous y trouverez des nouveaut\u00e9s tr\u00e8s r\u00e9guli\u00e8rement.<\/p><p>L\u2019acc\u00e8s est\u00a0enti\u00e8rement gratuit\u00a0et chaque adh\u00e9rent peut disposer d\u2019un\u00a0compte personnel\u00a0sur\u00a0<em>Cultureth\u00e8que<\/em>\u00a0(login et mot de passe)\u00a0d\u00e8s son inscription en tant que membre ou \u00e9tudiant \u00e0 l\u2019Alliance Fran\u00e7aise Utrecht.\u00a0<\/p><p>1\/Inscrivez-vous en ligne en remplissant le\u00a0<span style=\"text-decoration: underline;color: #000000\"><strong><a style=\"color: #000000;text-decoration: underline\" href=\"https:\/\/www.culturetheque.com\/fr?register=true\"><span>formulaire<\/span> d\u2019inscription<\/a><\/strong><\/span>.\u00a0Cette pr\u00e9-inscription vous permet d\u2019acc\u00e9der aux ressources pendant 3 semaines et expire automatiquement.<\/p><p>2\/Si vous voulez que la dur\u00e9e de l\u2019abonnement corresponde \u00e0 celle de votre carte membre\/\u00e9tudiant, envoyez-nous votre\u00a0<strong>Nom + Pr\u00e9nom + cours suivi\u00a0<\/strong>(si vous \u00eates \u00e9tudiant) par mail :\u00a0<span style=\"text-decoration: underline\"><strong><span style=\"color: #000000\"><a style=\"color: #000000;text-decoration: underline\" href=\"mailto:cursus.utrecht@afpb.nl\">cursus.utrecht@afpb.nl<\/a><\/span><\/strong><\/span><\/p><p style=\"text-align: left\">\u00a0<\/p>\t\t\t\t\t\t\t\t<\/div>\n\t\t\t\t<\/div>\n\t\t\t\t<div class=\"elementor-element elementor-element-8bb8839 elementor-widget-divider--view-line elementor-widget elementor-widget-divider\" data-id=\"8bb8839\" data-element_type=\"widget\" data-e-type=\"widget\" data-widget_type=\"divider.default\">\n\t\t\t\t<div class=\"elementor-widget-container\">\n\t\t\t\t\t\t\t<div class=\"elementor-divider\">\n\t\t\t<span class=\"elementor-divider-separator\">\n\t\t\t\t\t\t<\/span>\n\t\t<\/div>\n\t\t\t\t\t\t<\/div>\n\t\t\t\t<\/div>\n\t\t\t\t<div class=\"elementor-element elementor-element-2f268f3 elementor-widget elementor-widget-text-editor\" data-id=\"2f268f3\" data-element_type=\"widget\" data-e-type=\"widget\" data-widget_type=\"text-editor.default\">\n\t\t\t\t<div class=\"elementor-widget-container\">\n\t\t\t\t\t\t\t\t\t<p><a href=\"https:\/\/docs.google.com\/document\/d\/1yWf09ZDlwBI60j55B4Git70prp4bQcSjVFNp32IoYm0\/edit#heading=h.ouna3brd5lfp\"><span style=\"font-weight: 400;color: #ff0000\">Installation d&#8217;Adobe Digital Editions (pour lire les fichiers ASCM)<\/span><\/a><\/p>\t\t\t\t\t\t\t\t<\/div>\n\t\t\t\t<\/div>\n\t\t\t\t\t<\/div>\n\t\t<\/div>\n\t\t\t\t\t<\/div>\n\t\t<\/section>\n\t\t\t\t\t<\/div>\n\t\t<\/div>\n\t\t\t\t\t<\/div>\n\t\t<\/section>\n\t\t\t\t<\/div>\n\t\t","protected":false},"excerpt":{"rendered":"<p>Cultureth\u00e8que Cultureth\u00e8que est une biblioth\u00e8que num\u00e9rique\u00a0d\u00e9di\u00e9e aux cultures fran\u00e7aise et francophone. Elle permet d\u2019acc\u00e9der depuis chez vous \u00e0 des ressources num\u00e9rique grand public : livres, audio, vid\u00e9os, presse, revues, musique, [&hellip;]<\/p>\n","protected":false},"author":105,"featured_media":0,"parent":0,"menu_order":0,"comment_status":"closed","ping_status":"closed","template":"elementor_header_footer","meta":{"_acf_changed":false,"_monsterinsights_skip_tracking":false,"_monsterinsights_sitenote_active":false,"_monsterinsights_sitenote_note":"","_monsterinsights_sitenote_category":0,"footnotes":""},"class_list":["post-22755","page","type-page","status-publish","hentry"],"acf":[],"_links":{"self":[{"href":"https:\/\/www.alliance-francaise.nl\/utrecht\/wp-json\/wp\/v2\/pages\/22755","targetHints":{"allow":["GET"]}}],"collection":[{"href":"https:\/\/www.alliance-francaise.nl\/utrecht\/wp-json\/wp\/v2\/pages"}],"about":[{"href":"https:\/\/www.alliance-francaise.nl\/utrecht\/wp-json\/wp\/v2\/types\/page"}],"author":[{"embeddable":true,"href":"https:\/\/www.alliance-francaise.nl\/utrecht\/wp-json\/wp\/v2\/users\/105"}],"replies":[{"embeddable":true,"href":"https:\/\/www.alliance-francaise.nl\/utrecht\/wp-json\/wp\/v2\/comments?post=22755"}],"version-history":[{"count":4,"href":"https:\/\/www.alliance-francaise.nl\/utrecht\/wp-json\/wp\/v2\/pages\/22755\/revisions"}],"predecessor-version":[{"id":22759,"href":"https:\/\/www.alliance-francaise.nl\/utrecht\/wp-json\/wp\/v2\/pages\/22755\/revisions\/22759"}],"wp:attachment":[{"href":"https:\/\/www.alliance-francaise.nl\/utrecht\/wp-json\/wp\/v2\/media?parent=22755"}],"curies":[{"name":"wp","href":"https:\/\/api.w.org\/{rel}","templated":true}]}}