{"id":22633,"date":"2025-04-14T12:54:54","date_gmt":"2025-04-14T11:54:54","guid":{"rendered":"https:\/\/www.alliance-francaise.nl\/utrecht\/?page_id=22633"},"modified":"2025-04-14T12:58:22","modified_gmt":"2025-04-14T11:58:22","slug":"bibliotheque-2","status":"publish","type":"page","link":"https:\/\/www.alliance-francaise.nl\/utrecht\/fr\/bibliotheque-2\/","title":{"rendered":"Biblioth\u00e8que"},"content":{"rendered":"\t\t<div data-elementor-type=\"wp-page\" data-elementor-id=\"22633\" class=\"elementor elementor-22633\" data-elementor-post-type=\"page\">\n\t\t\t\t<div class=\"elementor-element elementor-element-7c3afb0 e-flex e-con-boxed e-con e-parent\" data-id=\"7c3afb0\" data-element_type=\"container\" data-e-type=\"container\">\n\t\t\t\t\t<div class=\"e-con-inner\">\n\t\t\t\t<div class=\"elementor-element elementor-element-6da9bf1 elementor-widget-divider--view-line elementor-widget elementor-widget-divider\" data-id=\"6da9bf1\" data-element_type=\"widget\" data-e-type=\"widget\" data-widget_type=\"divider.default\">\n\t\t\t\t<div class=\"elementor-widget-container\">\n\t\t\t\t\t\t\t<div class=\"elementor-divider\">\n\t\t\t<span class=\"elementor-divider-separator\">\n\t\t\t\t\t\t<\/span>\n\t\t<\/div>\n\t\t\t\t\t\t<\/div>\n\t\t\t\t<\/div>\n\t\t\t\t\t<\/div>\n\t\t\t\t<\/div>\n\t\t<div class=\"elementor-element elementor-element-071d1ac e-flex e-con-boxed e-con e-parent\" data-id=\"071d1ac\" data-element_type=\"container\" data-e-type=\"container\">\n\t\t\t\t\t<div class=\"e-con-inner\">\n\t\t<div class=\"elementor-element elementor-element-e0a2261 e-con-full e-flex e-con e-child\" data-id=\"e0a2261\" data-element_type=\"container\" data-e-type=\"container\">\n\t\t\t\t<div class=\"elementor-element elementor-element-f4b963b elementor-widget elementor-widget-image\" data-id=\"f4b963b\" data-element_type=\"widget\" data-e-type=\"widget\" data-widget_type=\"image.default\">\n\t\t\t\t<div class=\"elementor-widget-container\">\n\t\t\t\t\t\t\t\t\t\t\t\t\t\t\t<img fetchpriority=\"high\" decoding=\"async\" width=\"768\" height=\"1023\" src=\"https:\/\/www.alliance-francaise.nl\/utrecht\/wp-content\/uploads\/sites\/6\/2024\/01\/PHOTO-2023-11-14-12-55-15-768x1023.jpg\" class=\"attachment-medium_large size-medium_large wp-image-19026\" alt=\"\" srcset=\"https:\/\/www.alliance-francaise.nl\/utrecht\/wp-content\/uploads\/sites\/6\/2024\/01\/PHOTO-2023-11-14-12-55-15-768x1023.jpg 768w, https:\/\/www.alliance-francaise.nl\/utrecht\/wp-content\/uploads\/sites\/6\/2024\/01\/PHOTO-2023-11-14-12-55-15-225x300.jpg 225w, https:\/\/www.alliance-francaise.nl\/utrecht\/wp-content\/uploads\/sites\/6\/2024\/01\/PHOTO-2023-11-14-12-55-15-1153x1536.jpg 1153w, https:\/\/www.alliance-francaise.nl\/utrecht\/wp-content\/uploads\/sites\/6\/2024\/01\/PHOTO-2023-11-14-12-55-15-600x800.jpg 600w, https:\/\/www.alliance-francaise.nl\/utrecht\/wp-content\/uploads\/sites\/6\/2024\/01\/PHOTO-2023-11-14-12-55-15.jpg 1200w\" sizes=\"(max-width: 768px) 100vw, 768px\" \/>\t\t\t\t\t\t\t\t\t\t\t\t\t\t\t<\/div>\n\t\t\t\t<\/div>\n\t\t\t\t<\/div>\n\t\t<div class=\"elementor-element elementor-element-c7510b2 e-con-full e-flex e-con e-child\" data-id=\"c7510b2\" data-element_type=\"container\" data-e-type=\"container\">\n\t\t\t\t<div class=\"elementor-element elementor-element-a9ad657 elementor-widget elementor-widget-text-editor\" data-id=\"a9ad657\" data-element_type=\"widget\" data-e-type=\"widget\" data-widget_type=\"text-editor.default\">\n\t\t\t\t<div class=\"elementor-widget-container\">\n\t\t\t\t\t\t\t\t\t<p class=\"MsoNormal\">Envie de lire en fran\u00e7ais ! C&#8217;est possible avec l&#8217;Alliance Fran\u00e7aise Utrecht !<\/p><p class=\"MsoNormal\">Venez d\u00e9couvrir notre biblioth\u00e8que francophone, accessible dans nos locaux,<strong> du lundi au jeudi de 9h \u00e0 13h et pendant les heures de cours.<\/strong><\/p><p class=\"MsoNormal\">Des oeuvres classiques, des romans, des policiers, des mangas, des bandes dessin\u00e9es, pour les enfants et les adultes, notre biblioth\u00e8que s&#8217;adresse \u00e0 tous.<\/p><p class=\"MsoNormal\">Nous avons d\u00e9j\u00e0 plus de 800 livres et c&#8217;est gr\u00e2ce \u00e0 vous ! Un grand merci \u00e0 tous les donateurs !<\/p><p class=\"MsoNormal\">Nous sommes toujours \u00e0 la recherche de livres, revues, magazines, bandes dessin\u00e9es, mangas pour tous les \u00e2ges. Si vous faites du tri, contactez-nous !<\/p><p class=\"MsoNormal\">Bonne lecture !<\/p>\t\t\t\t\t\t\t\t<\/div>\n\t\t\t\t<\/div>\n\t\t\t\t<\/div>\n\t\t\t\t\t<\/div>\n\t\t\t\t<\/div>\n\t\t<div class=\"elementor-element elementor-element-35fcd44 e-flex e-con-boxed e-con e-parent\" data-id=\"35fcd44\" data-element_type=\"container\" data-e-type=\"container\">\n\t\t\t\t\t<div class=\"e-con-inner\">\n\t\t\t\t<div class=\"elementor-element elementor-element-18b5030 elementor-widget-divider--view-line elementor-widget elementor-widget-divider\" data-id=\"18b5030\" data-element_type=\"widget\" data-e-type=\"widget\" data-widget_type=\"divider.default\">\n\t\t\t\t<div class=\"elementor-widget-container\">\n\t\t\t\t\t\t\t<div class=\"elementor-divider\">\n\t\t\t<span class=\"elementor-divider-separator\">\n\t\t\t\t\t\t<\/span>\n\t\t<\/div>\n\t\t\t\t\t\t<\/div>\n\t\t\t\t<\/div>\n\t\t\t\t\t<\/div>\n\t\t\t\t<\/div>\n\t\t<div class=\"elementor-element elementor-element-84b5aad e-flex e-con-boxed e-con e-parent\" data-id=\"84b5aad\" data-element_type=\"container\" data-e-type=\"container\">\n\t\t\t\t\t<div class=\"e-con-inner\">\n\t\t<div class=\"elementor-element elementor-element-62e26a5 e-con-full e-flex e-con e-child\" data-id=\"62e26a5\" data-element_type=\"container\" data-e-type=\"container\">\n\t\t\t\t<div class=\"elementor-element elementor-element-a82c261 elementor-widget elementor-widget-heading\" data-id=\"a82c261\" data-element_type=\"widget\" data-e-type=\"widget\" data-widget_type=\"heading.default\">\n\t\t\t\t<div class=\"elementor-widget-container\">\n\t\t\t\t\t<h2 class=\"elementor-heading-title elementor-size-default\">Fonctionnement <\/h2>\t\t\t\t<\/div>\n\t\t\t\t<\/div>\n\t\t\t\t<div class=\"elementor-element elementor-element-cec9494 elementor-widget elementor-widget-text-editor\" data-id=\"cec9494\" data-element_type=\"widget\" data-e-type=\"widget\" data-widget_type=\"text-editor.default\">\n\t\t\t\t<div class=\"elementor-widget-container\">\n\t\t\t\t\t\t\t\t\t<p>Vous pouvez emprunter :<\/p><p><b>P\u00e9riodiques &#8211; Revues<\/b> : maximum 3<br \/><b> Livres <\/b>: maximum 3<br \/><b> Dur\u00e9e du pr\u00eat<\/b> : 6 semaines.<\/p><p>Remplissez le cahier d&#8217;emprunt avec votre nom\/pr\u00e9nom\/date d&#8217;emprunt.<\/p><p>\u00a0<\/p><p>Pour rendre vos livres : d\u00e9posez-les dans la bo\u00eete pr\u00e9vue \u00e0 cet effet dans nos bureaux ou dans la bo\u00eete aux lettres de Pieterskerkhof 5 en dehors des heures d&#8217;ouverture.<\/p>\t\t\t\t\t\t\t\t<\/div>\n\t\t\t\t<\/div>\n\t\t\t\t<\/div>\n\t\t\t\t\t<\/div>\n\t\t\t\t<\/div>\n\t\t<div class=\"elementor-element elementor-element-bb146a4 e-flex e-con-boxed e-con e-parent\" data-id=\"bb146a4\" data-element_type=\"container\" data-e-type=\"container\">\n\t\t\t\t\t<div class=\"e-con-inner\">\n\t\t\t\t<div class=\"elementor-element elementor-element-ae90adc elementor-widget-divider--view-line elementor-widget elementor-widget-divider\" data-id=\"ae90adc\" data-element_type=\"widget\" data-e-type=\"widget\" data-widget_type=\"divider.default\">\n\t\t\t\t<div class=\"elementor-widget-container\">\n\t\t\t\t\t\t\t<div class=\"elementor-divider\">\n\t\t\t<span class=\"elementor-divider-separator\">\n\t\t\t\t\t\t<\/span>\n\t\t<\/div>\n\t\t\t\t\t\t<\/div>\n\t\t\t\t<\/div>\n\t\t\t\t<div class=\"elementor-element elementor-element-2f3261c elementor-widget elementor-widget-text-editor\" data-id=\"2f3261c\" data-element_type=\"widget\" data-e-type=\"widget\" data-widget_type=\"text-editor.default\">\n\t\t\t\t<div class=\"elementor-widget-container\">\n\t\t\t\t\t\t\t\t\t<p>\u00a0<span style=\"font-size: 1rem\">C&#8217;est gr\u00e2ce \u00e0 Gabrielle que notre biblioth\u00e8que a vu le jour. Professeure \u00e0 l&#8217;AFU, elle a r\u00e9pertori\u00e9, class\u00e9 les livres. Vous trouverez ses recommandations ci-dessous.\u00a0<\/span><\/p>\t\t\t\t\t\t\t\t<\/div>\n\t\t\t\t<\/div>\n\t\t\t\t\t<\/div>\n\t\t\t\t<\/div>\n\t\t<div class=\"elementor-element elementor-element-4561b6e e-flex e-con-boxed e-con e-parent\" data-id=\"4561b6e\" data-element_type=\"container\" data-e-type=\"container\">\n\t\t\t\t\t<div class=\"e-con-inner\">\n\t\t\t\t<div class=\"elementor-element elementor-element-87b9e34 elementor-widget elementor-widget-image\" data-id=\"87b9e34\" data-element_type=\"widget\" data-e-type=\"widget\" data-widget_type=\"image.default\">\n\t\t\t\t<div class=\"elementor-widget-container\">\n\t\t\t\t\t\t\t\t\t\t\t\t\t\t\t<img decoding=\"async\" width=\"800\" height=\"450\" src=\"https:\/\/www.alliance-francaise.nl\/utrecht\/wp-content\/uploads\/sites\/6\/2025\/02\/Merci-a-vous-et-a-nos-130-prochaines-annees-1-1024x576.jpg\" class=\"attachment-large size-large wp-image-21942\" alt=\"\" srcset=\"https:\/\/www.alliance-francaise.nl\/utrecht\/wp-content\/uploads\/sites\/6\/2025\/02\/Merci-a-vous-et-a-nos-130-prochaines-annees-1-1024x576.jpg 1024w, https:\/\/www.alliance-francaise.nl\/utrecht\/wp-content\/uploads\/sites\/6\/2025\/02\/Merci-a-vous-et-a-nos-130-prochaines-annees-1-300x169.jpg 300w, https:\/\/www.alliance-francaise.nl\/utrecht\/wp-content\/uploads\/sites\/6\/2025\/02\/Merci-a-vous-et-a-nos-130-prochaines-annees-1-768x432.jpg 768w, https:\/\/www.alliance-francaise.nl\/utrecht\/wp-content\/uploads\/sites\/6\/2025\/02\/Merci-a-vous-et-a-nos-130-prochaines-annees-1-1536x864.jpg 1536w, https:\/\/www.alliance-francaise.nl\/utrecht\/wp-content\/uploads\/sites\/6\/2025\/02\/Merci-a-vous-et-a-nos-130-prochaines-annees-1-600x338.jpg 600w, https:\/\/www.alliance-francaise.nl\/utrecht\/wp-content\/uploads\/sites\/6\/2025\/02\/Merci-a-vous-et-a-nos-130-prochaines-annees-1-1320x743.jpg 1320w, https:\/\/www.alliance-francaise.nl\/utrecht\/wp-content\/uploads\/sites\/6\/2025\/02\/Merci-a-vous-et-a-nos-130-prochaines-annees-1.jpg 1920w\" sizes=\"(max-width: 800px) 100vw, 800px\" \/>\t\t\t\t\t\t\t\t\t\t\t\t\t\t\t<\/div>\n\t\t\t\t<\/div>\n\t\t\t\t\t<\/div>\n\t\t\t\t<\/div>\n\t\t<div class=\"elementor-element elementor-element-c0ace22 e-flex e-con-boxed e-con e-parent\" data-id=\"c0ace22\" data-element_type=\"container\" data-e-type=\"container\">\n\t\t\t\t\t<div class=\"e-con-inner\">\n\t\t\t\t<div class=\"elementor-element elementor-element-974946b elementor-widget-divider--view-line elementor-widget elementor-widget-divider\" data-id=\"974946b\" data-element_type=\"widget\" data-e-type=\"widget\" data-widget_type=\"divider.default\">\n\t\t\t\t<div class=\"elementor-widget-container\">\n\t\t\t\t\t\t\t<div class=\"elementor-divider\">\n\t\t\t<span class=\"elementor-divider-separator\">\n\t\t\t\t\t\t<\/span>\n\t\t<\/div>\n\t\t\t\t\t\t<\/div>\n\t\t\t\t<\/div>\n\t\t\t\t<div class=\"elementor-element elementor-element-7f19cd3 elementor-widget elementor-widget-heading\" data-id=\"7f19cd3\" data-element_type=\"widget\" data-e-type=\"widget\" data-widget_type=\"heading.default\">\n\t\t\t\t<div class=\"elementor-widget-container\">\n\t\t\t\t\t<h2 class=\"elementor-heading-title elementor-size-default\">Les coups de coeur de l'AFU<\/h2>\t\t\t\t<\/div>\n\t\t\t\t<\/div>\n\t\t\t\t<div class=\"elementor-element elementor-element-284333a elementor-widget elementor-widget-text-editor\" data-id=\"284333a\" data-element_type=\"widget\" data-e-type=\"widget\" data-widget_type=\"text-editor.default\">\n\t\t\t\t<div class=\"elementor-widget-container\">\n\t\t\t\t\t\t\t\t\t<p class=\"MsoNormal\">Le coup de foudre de Maryse, professeure :\u00a0<\/p><p class=\"MsoNormal\">\u00a0<b>&#8220;La plus secr\u00e8te m\u00e9moire des hommes&#8221;<\/b>\u00a0de Mohamed Mbougar Sarr, prix Goncourt 2021.<\/p><p class=\"MsoNormal\">Un livre marquant pour Mostafa, professeur :<\/p><p class=\"MsoNormal\"><b>&#8220;Regardez nous danser\u201d<\/b>\u00a0de Le\u00efla Slimani. Il s&#8217;agit du tome 2 d&#8217;une trilogie. Nous avons \u00e9galement le tome 1.<\/p><p class=\"MsoNormal\"><b>&#8220;Passion simple&#8221;<\/b>\u00a0d&#8217;Annie Ernaux, une valeur s\u00fbre pour Adrien, professeur.<\/p><p>\u00a0<\/p><p class=\"MsoNormal\">Pour d\u00e9marrer en litt\u00e9rature,\u00a0<b>&#8220;La double vie d&#8217;Ars\u00e8ne Lupin&#8221;<\/b>\u00a0de Maurice Leblanc recommand\u00e9 par Lionne \u00e9tudiante et membre du comit\u00e9 culturel.<\/p>\t\t\t\t\t\t\t\t<\/div>\n\t\t\t\t<\/div>\n\t\t\t\t\t<\/div>\n\t\t\t\t<\/div>\n\t\t<div class=\"elementor-element elementor-element-5e60402 e-flex e-con-boxed e-con e-parent\" data-id=\"5e60402\" data-element_type=\"container\" data-e-type=\"container\">\n\t\t\t\t\t<div class=\"e-con-inner\">\n\t\t\t\t<div class=\"elementor-element elementor-element-6b4580c elementor-widget-divider--view-line elementor-widget elementor-widget-divider\" data-id=\"6b4580c\" data-element_type=\"widget\" data-e-type=\"widget\" data-widget_type=\"divider.default\">\n\t\t\t\t<div class=\"elementor-widget-container\">\n\t\t\t\t\t\t\t<div class=\"elementor-divider\">\n\t\t\t<span class=\"elementor-divider-separator\">\n\t\t\t\t\t\t<\/span>\n\t\t<\/div>\n\t\t\t\t\t\t<\/div>\n\t\t\t\t<\/div>\n\t\t\t\t\t<\/div>\n\t\t\t\t<\/div>\n\t\t<div class=\"elementor-element elementor-element-ebdf1b5 e-flex e-con-boxed e-con e-parent\" data-id=\"ebdf1b5\" data-element_type=\"container\" data-e-type=\"container\">\n\t\t\t\t\t<div class=\"e-con-inner\">\n\t\t\t\t<div class=\"elementor-element elementor-element-1ce12af elementor-widget elementor-widget-heading\" data-id=\"1ce12af\" data-element_type=\"widget\" data-e-type=\"widget\" data-widget_type=\"heading.default\">\n\t\t\t\t<div class=\"elementor-widget-container\">\n\t\t\t\t\t<h2 class=\"elementor-heading-title elementor-size-default\">Vos coups de coeur <\/h2>\t\t\t\t<\/div>\n\t\t\t\t<\/div>\n\t\t\t\t\t<\/div>\n\t\t\t\t<\/div>\n\t\t<div class=\"elementor-element elementor-element-454708f e-flex e-con-boxed e-con e-parent\" data-id=\"454708f\" data-element_type=\"container\" data-e-type=\"container\">\n\t\t\t\t\t<div class=\"e-con-inner\">\n\t\t\t\t<div class=\"elementor-element elementor-element-da1b2f6 elementor-widget elementor-widget-text-editor\" data-id=\"da1b2f6\" data-element_type=\"widget\" data-e-type=\"widget\" data-widget_type=\"text-editor.default\">\n\t\t\t\t<div class=\"elementor-widget-container\">\n\t\t\t\t\t\t\t\t\t<p class=\"MsoNormal\">Une biblioth\u00e8que est un lieu de partage. Partagez-nous vos coups de coeur en les envoyant \u00e0\u00a0<span style=\"text-decoration: underline\"><strong><span style=\"color: #000000\"><a style=\"color: #000000;text-decoration: underline\" href=\"mailto:direction.utrecht@afpb.nl\">direction.utrecht@afpb.nl<\/a><\/span><\/strong><\/span><\/p>\t\t\t\t\t\t\t\t<\/div>\n\t\t\t\t<\/div>\n\t\t\t\t\t<\/div>\n\t\t\t\t<\/div>\n\t\t<div class=\"elementor-element elementor-element-d5c048b e-flex e-con-boxed e-con e-parent\" data-id=\"d5c048b\" data-element_type=\"container\" data-e-type=\"container\">\n\t\t\t\t\t<div class=\"e-con-inner\">\n\t\t\t\t<div class=\"elementor-element elementor-element-26ffabc elementor-hidden-desktop elementor-hidden-tablet elementor-hidden-mobile elementor-widget-divider--view-line elementor-widget elementor-widget-divider\" data-id=\"26ffabc\" data-element_type=\"widget\" data-e-type=\"widget\" data-widget_type=\"divider.default\">\n\t\t\t\t<div class=\"elementor-widget-container\">\n\t\t\t\t\t\t\t<div class=\"elementor-divider\">\n\t\t\t<span class=\"elementor-divider-separator\">\n\t\t\t\t\t\t<\/span>\n\t\t<\/div>\n\t\t\t\t\t\t<\/div>\n\t\t\t\t<\/div>\n\t\t\t\t\t<\/div>\n\t\t\t\t<\/div>\n\t\t<div class=\"elementor-element elementor-element-a80dbd6 e-flex e-con-boxed e-con e-parent\" data-id=\"a80dbd6\" data-element_type=\"container\" data-e-type=\"container\">\n\t\t\t\t\t<div class=\"e-con-inner\">\n\t\t\t\t<div class=\"elementor-element elementor-element-99d8f26 elementor-hidden-desktop elementor-hidden-tablet elementor-hidden-mobile elementor-widget elementor-widget-heading\" data-id=\"99d8f26\" data-element_type=\"widget\" data-e-type=\"widget\" data-widget_type=\"heading.default\">\n\t\t\t\t<div class=\"elementor-widget-container\">\n\t\t\t\t\t<h2 class=\"elementor-heading-title elementor-size-default\">Pour aller plus loin<\/h2>\t\t\t\t<\/div>\n\t\t\t\t<\/div>\n\t\t\t\t\t<\/div>\n\t\t\t\t<\/div>\n\t\t<div class=\"elementor-element elementor-element-bfe8813 e-flex e-con-boxed e-con e-parent\" data-id=\"bfe8813\" data-element_type=\"container\" data-e-type=\"container\">\n\t\t\t\t\t<div class=\"e-con-inner\">\n\t\t\t\t<div class=\"elementor-element elementor-element-7d5492c elementor-hidden-desktop elementor-hidden-tablet elementor-hidden-mobile elementor-widget elementor-widget-text-editor\" data-id=\"7d5492c\" data-element_type=\"widget\" data-e-type=\"widget\" data-widget_type=\"text-editor.default\">\n\t\t\t\t<div class=\"elementor-widget-container\">\n\t\t\t\t\t\t\t\t\t<p>Si vous voulez \u00e9changer sur les livres, vous pouvez rejoindre notre club de lecture, &#8220;les tourneurs de pages&#8221;, anim\u00e9 par Gabrielle qui d\u00e9marrera le 23 janvier. Pour vous inscrire, cliquez <a href=\"https:\/\/www.alliance-francaise.nl\/utrecht\/cercle-litteraire\/#clubdelecture\"><strong>ici<\/strong><\/a>.\u00a0<\/p>\t\t\t\t\t\t\t\t<\/div>\n\t\t\t\t<\/div>\n\t\t\t\t\t<\/div>\n\t\t\t\t<\/div>\n\t\t<div class=\"elementor-element elementor-element-7e175fe e-flex e-con-boxed e-con e-parent\" data-id=\"7e175fe\" data-element_type=\"container\" data-e-type=\"container\">\n\t\t\t\t\t<div class=\"e-con-inner\">\n\t\t\t\t<div class=\"elementor-element elementor-element-4e72bba elementor-hidden-desktop elementor-hidden-tablet elementor-hidden-mobile elementor-widget-divider--view-line elementor-widget elementor-widget-divider\" data-id=\"4e72bba\" data-element_type=\"widget\" data-e-type=\"widget\" data-widget_type=\"divider.default\">\n\t\t\t\t<div class=\"elementor-widget-container\">\n\t\t\t\t\t\t\t<div class=\"elementor-divider\">\n\t\t\t<span class=\"elementor-divider-separator\">\n\t\t\t\t\t\t<\/span>\n\t\t<\/div>\n\t\t\t\t\t\t<\/div>\n\t\t\t\t<\/div>\n\t\t\t\t\t<\/div>\n\t\t\t\t<\/div>\n\t\t\t\t<\/div>\n\t\t","protected":false},"excerpt":{"rendered":"<p>Envie de lire en fran\u00e7ais ! C&#8217;est possible avec l&#8217;Alliance Fran\u00e7aise Utrecht ! Venez d\u00e9couvrir notre biblioth\u00e8que francophone, accessible dans nos locaux, du lundi au jeudi de 9h \u00e0 13h [&hellip;]<\/p>\n","protected":false},"author":105,"featured_media":0,"parent":0,"menu_order":0,"comment_status":"closed","ping_status":"closed","template":"","meta":{"_acf_changed":false,"_monsterinsights_skip_tracking":false,"_monsterinsights_sitenote_active":false,"_monsterinsights_sitenote_note":"","_monsterinsights_sitenote_category":0,"footnotes":""},"class_list":["post-22633","page","type-page","status-publish","hentry"],"acf":[],"_links":{"self":[{"href":"https:\/\/www.alliance-francaise.nl\/utrecht\/wp-json\/wp\/v2\/pages\/22633","targetHints":{"allow":["GET"]}}],"collection":[{"href":"https:\/\/www.alliance-francaise.nl\/utrecht\/wp-json\/wp\/v2\/pages"}],"about":[{"href":"https:\/\/www.alliance-francaise.nl\/utrecht\/wp-json\/wp\/v2\/types\/page"}],"author":[{"embeddable":true,"href":"https:\/\/www.alliance-francaise.nl\/utrecht\/wp-json\/wp\/v2\/users\/105"}],"replies":[{"embeddable":true,"href":"https:\/\/www.alliance-francaise.nl\/utrecht\/wp-json\/wp\/v2\/comments?post=22633"}],"version-history":[{"count":4,"href":"https:\/\/www.alliance-francaise.nl\/utrecht\/wp-json\/wp\/v2\/pages\/22633\/revisions"}],"predecessor-version":[{"id":22637,"href":"https:\/\/www.alliance-francaise.nl\/utrecht\/wp-json\/wp\/v2\/pages\/22633\/revisions\/22637"}],"wp:attachment":[{"href":"https:\/\/www.alliance-francaise.nl\/utrecht\/wp-json\/wp\/v2\/media?parent=22633"}],"curies":[{"name":"wp","href":"https:\/\/api.w.org\/{rel}","templated":true}]}}