{"id":18239,"date":"2023-11-30T11:40:47","date_gmt":"2023-11-30T10:40:47","guid":{"rendered":"https:\/\/www.alliance-francaise.nl\/utrecht\/?page_id=18239"},"modified":"2025-04-14T12:33:51","modified_gmt":"2025-04-14T11:33:51","slug":"bibliotheque","status":"publish","type":"page","link":"https:\/\/www.alliance-francaise.nl\/utrecht\/nl\/bibliotheque\/","title":{"rendered":"Bibliotheek"},"content":{"rendered":"\t\t<div data-elementor-type=\"wp-page\" data-elementor-id=\"18239\" class=\"elementor elementor-18239\" data-elementor-post-type=\"page\">\n\t\t\t\t<div class=\"elementor-element elementor-element-7c3afb0 e-flex e-con-boxed e-con e-parent\" data-id=\"7c3afb0\" data-element_type=\"container\" data-e-type=\"container\">\n\t\t\t\t\t<div class=\"e-con-inner\">\n\t\t\t\t<div class=\"elementor-element elementor-element-6da9bf1 elementor-widget-divider--view-line elementor-widget elementor-widget-divider\" data-id=\"6da9bf1\" data-element_type=\"widget\" data-e-type=\"widget\" data-widget_type=\"divider.default\">\n\t\t\t\t<div class=\"elementor-widget-container\">\n\t\t\t\t\t\t\t<div class=\"elementor-divider\">\n\t\t\t<span class=\"elementor-divider-separator\">\n\t\t\t\t\t\t<\/span>\n\t\t<\/div>\n\t\t\t\t\t\t<\/div>\n\t\t\t\t<\/div>\n\t\t\t\t\t<\/div>\n\t\t\t\t<\/div>\n\t\t<div class=\"elementor-element elementor-element-071d1ac e-flex e-con-boxed e-con e-parent\" data-id=\"071d1ac\" data-element_type=\"container\" data-e-type=\"container\">\n\t\t\t\t\t<div class=\"e-con-inner\">\n\t\t<div class=\"elementor-element elementor-element-e0a2261 e-con-full e-flex e-con e-child\" data-id=\"e0a2261\" data-element_type=\"container\" data-e-type=\"container\">\n\t\t\t\t<div class=\"elementor-element elementor-element-f4b963b elementor-widget elementor-widget-image\" data-id=\"f4b963b\" data-element_type=\"widget\" data-e-type=\"widget\" data-widget_type=\"image.default\">\n\t\t\t\t<div class=\"elementor-widget-container\">\n\t\t\t\t\t\t\t\t\t\t\t\t\t\t\t<img fetchpriority=\"high\" decoding=\"async\" width=\"768\" height=\"1023\" src=\"https:\/\/www.alliance-francaise.nl\/utrecht\/wp-content\/uploads\/sites\/6\/2024\/01\/PHOTO-2023-11-14-12-55-15-768x1023.jpg\" class=\"attachment-medium_large size-medium_large wp-image-19026\" alt=\"\" srcset=\"https:\/\/www.alliance-francaise.nl\/utrecht\/wp-content\/uploads\/sites\/6\/2024\/01\/PHOTO-2023-11-14-12-55-15-768x1023.jpg 768w, https:\/\/www.alliance-francaise.nl\/utrecht\/wp-content\/uploads\/sites\/6\/2024\/01\/PHOTO-2023-11-14-12-55-15-225x300.jpg 225w, https:\/\/www.alliance-francaise.nl\/utrecht\/wp-content\/uploads\/sites\/6\/2024\/01\/PHOTO-2023-11-14-12-55-15-1153x1536.jpg 1153w, https:\/\/www.alliance-francaise.nl\/utrecht\/wp-content\/uploads\/sites\/6\/2024\/01\/PHOTO-2023-11-14-12-55-15-600x800.jpg 600w, https:\/\/www.alliance-francaise.nl\/utrecht\/wp-content\/uploads\/sites\/6\/2024\/01\/PHOTO-2023-11-14-12-55-15.jpg 1200w\" sizes=\"(max-width: 768px) 100vw, 768px\" \/>\t\t\t\t\t\t\t\t\t\t\t\t\t\t\t<\/div>\n\t\t\t\t<\/div>\n\t\t\t\t<\/div>\n\t\t<div class=\"elementor-element elementor-element-c7510b2 e-con-full e-flex e-con e-child\" data-id=\"c7510b2\" data-element_type=\"container\" data-e-type=\"container\">\n\t\t\t\t<div class=\"elementor-element elementor-element-a9ad657 elementor-widget elementor-widget-text-editor\" data-id=\"a9ad657\" data-element_type=\"widget\" data-e-type=\"widget\" data-widget_type=\"text-editor.default\">\n\t\t\t\t<div class=\"elementor-widget-container\">\n\t\t\t\t\t\t\t\t\t<p>Wil je in het Frans lezen? Dat kan bij de Alliance Fran\u00e7aise Utrecht!<\/p><p>Kom en ontdek onze Franstalige bibliotheek, geopend <strong>van maandag tot en met donderdag van 9.00 tot 13.00 uur en tijdens schooluren.<\/strong><\/p><p>Klassiekers, romans, detectiveverhalen, manga, voor kinderen en volwassenen, onze bibliotheek is er voor iedereen.<\/p><p>We hebben al meer dan 800 boeken, en dat allemaal dankzij jou! Hartelijk dank aan al onze donateurs!<\/p><p>We zijn altijd op zoek naar boeken, tijdschriften, strips en manga voor alle leeftijden. Als je sorteert, neem dan contact met ons op!<\/p><p>Veel leesplezier!<\/p>\t\t\t\t\t\t\t\t<\/div>\n\t\t\t\t<\/div>\n\t\t\t\t<\/div>\n\t\t\t\t\t<\/div>\n\t\t\t\t<\/div>\n\t\t<div class=\"elementor-element elementor-element-35fcd44 e-flex e-con-boxed e-con e-parent\" data-id=\"35fcd44\" data-element_type=\"container\" data-e-type=\"container\">\n\t\t\t\t\t<div class=\"e-con-inner\">\n\t\t\t\t<div class=\"elementor-element elementor-element-18b5030 elementor-widget-divider--view-line elementor-widget elementor-widget-divider\" data-id=\"18b5030\" data-element_type=\"widget\" data-e-type=\"widget\" data-widget_type=\"divider.default\">\n\t\t\t\t<div class=\"elementor-widget-container\">\n\t\t\t\t\t\t\t<div class=\"elementor-divider\">\n\t\t\t<span class=\"elementor-divider-separator\">\n\t\t\t\t\t\t<\/span>\n\t\t<\/div>\n\t\t\t\t\t\t<\/div>\n\t\t\t\t<\/div>\n\t\t\t\t\t<\/div>\n\t\t\t\t<\/div>\n\t\t<div class=\"elementor-element elementor-element-84b5aad e-flex e-con-boxed e-con e-parent\" data-id=\"84b5aad\" data-element_type=\"container\" data-e-type=\"container\">\n\t\t\t\t\t<div class=\"e-con-inner\">\n\t\t<div class=\"elementor-element elementor-element-62e26a5 e-con-full e-flex e-con e-child\" data-id=\"62e26a5\" data-element_type=\"container\" data-e-type=\"container\">\n\t\t\t\t<div class=\"elementor-element elementor-element-a82c261 elementor-widget elementor-widget-heading\" data-id=\"a82c261\" data-element_type=\"widget\" data-e-type=\"widget\" data-widget_type=\"heading.default\">\n\t\t\t\t<div class=\"elementor-widget-container\">\n\t\t\t\t\t<h2 class=\"elementor-heading-title elementor-size-default\">Hoe het werkt <\/h2>\t\t\t\t<\/div>\n\t\t\t\t<\/div>\n\t\t\t\t<div class=\"elementor-element elementor-element-cec9494 elementor-widget elementor-widget-text-editor\" data-id=\"cec9494\" data-element_type=\"widget\" data-e-type=\"widget\" data-widget_type=\"text-editor.default\">\n\t\t\t\t<div class=\"elementor-widget-container\">\n\t\t\t\t\t\t\t\t\t<p>Je kunt lenen :<\/p><p><strong>Tijdschriften &#8211; Magazines<\/strong>: maximaal 3<br \/><strong>Boeken<\/strong>: maximaal 3<br \/><strong>Leentermijn<\/strong>: 6 weken.<\/p><p>Vul het uitleenboekje in met je naam\/voornaam\/datum van uitlenen.<\/p><p>Om uw boeken terug te brengen: deponeer ze in de daarvoor bestemde doos in onze kantoren of in de brievenbus op Pieterskerkhof 5 buiten openingsuren.<\/p>\t\t\t\t\t\t\t\t<\/div>\n\t\t\t\t<\/div>\n\t\t\t\t<\/div>\n\t\t\t\t\t<\/div>\n\t\t\t\t<\/div>\n\t\t<div class=\"elementor-element elementor-element-bb146a4 e-flex e-con-boxed e-con e-parent\" data-id=\"bb146a4\" data-element_type=\"container\" data-e-type=\"container\">\n\t\t\t\t\t<div class=\"e-con-inner\">\n\t\t\t\t<div class=\"elementor-element elementor-element-ae90adc elementor-widget-divider--view-line elementor-widget elementor-widget-divider\" data-id=\"ae90adc\" data-element_type=\"widget\" data-e-type=\"widget\" data-widget_type=\"divider.default\">\n\t\t\t\t<div class=\"elementor-widget-container\">\n\t\t\t\t\t\t\t<div class=\"elementor-divider\">\n\t\t\t<span class=\"elementor-divider-separator\">\n\t\t\t\t\t\t<\/span>\n\t\t<\/div>\n\t\t\t\t\t\t<\/div>\n\t\t\t\t<\/div>\n\t\t\t\t<div class=\"elementor-element elementor-element-2f3261c elementor-widget elementor-widget-text-editor\" data-id=\"2f3261c\" data-element_type=\"widget\" data-e-type=\"widget\" data-widget_type=\"text-editor.default\">\n\t\t\t\t<div class=\"elementor-widget-container\">\n\t\t\t\t\t\t\t\t\t<p>Onze bibliotheek is tot stand gekomen dankzij Gabrielle. Zij is professor aan het AFU en heeft de boeken ge\u00efnventariseerd en gerubriceerd. Je vindt haar aanbevelingen hieronder.<\/p>\t\t\t\t\t\t\t\t<\/div>\n\t\t\t\t<\/div>\n\t\t\t\t\t<\/div>\n\t\t\t\t<\/div>\n\t\t<div class=\"elementor-element elementor-element-4561b6e e-flex e-con-boxed e-con e-parent\" data-id=\"4561b6e\" data-element_type=\"container\" data-e-type=\"container\">\n\t\t\t\t\t<div class=\"e-con-inner\">\n\t\t\t\t<div class=\"elementor-element elementor-element-87b9e34 elementor-widget elementor-widget-image\" data-id=\"87b9e34\" data-element_type=\"widget\" data-e-type=\"widget\" data-widget_type=\"image.default\">\n\t\t\t\t<div class=\"elementor-widget-container\">\n\t\t\t\t\t\t\t\t\t\t\t\t\t\t\t<img decoding=\"async\" width=\"800\" height=\"450\" src=\"https:\/\/www.alliance-francaise.nl\/utrecht\/wp-content\/uploads\/sites\/6\/2025\/02\/Merci-a-vous-et-a-nos-130-prochaines-annees-1-1024x576.jpg\" class=\"attachment-large size-large wp-image-21942\" alt=\"\" srcset=\"https:\/\/www.alliance-francaise.nl\/utrecht\/wp-content\/uploads\/sites\/6\/2025\/02\/Merci-a-vous-et-a-nos-130-prochaines-annees-1-1024x576.jpg 1024w, https:\/\/www.alliance-francaise.nl\/utrecht\/wp-content\/uploads\/sites\/6\/2025\/02\/Merci-a-vous-et-a-nos-130-prochaines-annees-1-300x169.jpg 300w, https:\/\/www.alliance-francaise.nl\/utrecht\/wp-content\/uploads\/sites\/6\/2025\/02\/Merci-a-vous-et-a-nos-130-prochaines-annees-1-768x432.jpg 768w, https:\/\/www.alliance-francaise.nl\/utrecht\/wp-content\/uploads\/sites\/6\/2025\/02\/Merci-a-vous-et-a-nos-130-prochaines-annees-1-1536x864.jpg 1536w, https:\/\/www.alliance-francaise.nl\/utrecht\/wp-content\/uploads\/sites\/6\/2025\/02\/Merci-a-vous-et-a-nos-130-prochaines-annees-1-600x338.jpg 600w, https:\/\/www.alliance-francaise.nl\/utrecht\/wp-content\/uploads\/sites\/6\/2025\/02\/Merci-a-vous-et-a-nos-130-prochaines-annees-1-1320x743.jpg 1320w, https:\/\/www.alliance-francaise.nl\/utrecht\/wp-content\/uploads\/sites\/6\/2025\/02\/Merci-a-vous-et-a-nos-130-prochaines-annees-1.jpg 1920w\" sizes=\"(max-width: 800px) 100vw, 800px\" \/>\t\t\t\t\t\t\t\t\t\t\t\t\t\t\t<\/div>\n\t\t\t\t<\/div>\n\t\t\t\t\t<\/div>\n\t\t\t\t<\/div>\n\t\t<div class=\"elementor-element elementor-element-c0ace22 e-flex e-con-boxed e-con e-parent\" data-id=\"c0ace22\" data-element_type=\"container\" data-e-type=\"container\">\n\t\t\t\t\t<div class=\"e-con-inner\">\n\t\t\t\t<div class=\"elementor-element elementor-element-974946b elementor-widget-divider--view-line elementor-widget elementor-widget-divider\" data-id=\"974946b\" data-element_type=\"widget\" data-e-type=\"widget\" data-widget_type=\"divider.default\">\n\t\t\t\t<div class=\"elementor-widget-container\">\n\t\t\t\t\t\t\t<div class=\"elementor-divider\">\n\t\t\t<span class=\"elementor-divider-separator\">\n\t\t\t\t\t\t<\/span>\n\t\t<\/div>\n\t\t\t\t\t\t<\/div>\n\t\t\t\t<\/div>\n\t\t\t\t<div class=\"elementor-element elementor-element-7f19cd3 elementor-widget elementor-widget-heading\" data-id=\"7f19cd3\" data-element_type=\"widget\" data-e-type=\"widget\" data-widget_type=\"heading.default\">\n\t\t\t\t<div class=\"elementor-widget-container\">\n\t\t\t\t\t<h2 class=\"elementor-heading-title elementor-size-default\">AFU-favorieten<\/h2>\t\t\t\t<\/div>\n\t\t\t\t<\/div>\n\t\t\t\t<div class=\"elementor-element elementor-element-284333a elementor-widget elementor-widget-text-editor\" data-id=\"284333a\" data-element_type=\"widget\" data-e-type=\"widget\" data-widget_type=\"text-editor.default\">\n\t\t\t\t<div class=\"elementor-widget-container\">\n\t\t\t\t\t\t\t\t\t<p>AFUL&#8217;s favorietenHet favoriete boek van lerares Maryse:<\/p><p>&#8220;<strong>La plus secr\u00e8te m\u00e9moire des hommes<\/strong>&#8221; van Mohamed Mbougar Sarr, winnaar van de Prix Goncourt 2021.<\/p><p>Een gedenkwaardig boek voor Mostafa, docent:<\/p><p>&#8220;<strong>Regardez nous danser<\/strong>&#8221; van Le\u00efla Slimani. Dit is deel 2 van een trilogie. We hebben ook deel 1.<\/p><p>&#8220;<strong>Passion simple<\/strong>&#8221; van Annie Ernaux, een veilige keuze voor leraar Adrien.<\/p><p>Voor een begin in de literatuur, \u201c<strong>La double vie d&#8217;Ars\u00e8ne Lupin<\/strong>\u201d van Maurice Leblanc, aanbevolen door Lionne, een student en lid van de culturele commissie.<\/p>\t\t\t\t\t\t\t\t<\/div>\n\t\t\t\t<\/div>\n\t\t\t\t\t<\/div>\n\t\t\t\t<\/div>\n\t\t<div class=\"elementor-element elementor-element-5e60402 e-flex e-con-boxed e-con e-parent\" data-id=\"5e60402\" data-element_type=\"container\" data-e-type=\"container\">\n\t\t\t\t\t<div class=\"e-con-inner\">\n\t\t\t\t<div class=\"elementor-element elementor-element-6b4580c elementor-widget-divider--view-line elementor-widget elementor-widget-divider\" data-id=\"6b4580c\" data-element_type=\"widget\" data-e-type=\"widget\" data-widget_type=\"divider.default\">\n\t\t\t\t<div class=\"elementor-widget-container\">\n\t\t\t\t\t\t\t<div class=\"elementor-divider\">\n\t\t\t<span class=\"elementor-divider-separator\">\n\t\t\t\t\t\t<\/span>\n\t\t<\/div>\n\t\t\t\t\t\t<\/div>\n\t\t\t\t<\/div>\n\t\t\t\t\t<\/div>\n\t\t\t\t<\/div>\n\t\t<div class=\"elementor-element elementor-element-ebdf1b5 e-flex e-con-boxed e-con e-parent\" data-id=\"ebdf1b5\" data-element_type=\"container\" data-e-type=\"container\">\n\t\t\t\t\t<div class=\"e-con-inner\">\n\t\t\t\t<div class=\"elementor-element elementor-element-1ce12af elementor-widget elementor-widget-heading\" data-id=\"1ce12af\" data-element_type=\"widget\" data-e-type=\"widget\" data-widget_type=\"heading.default\">\n\t\t\t\t<div class=\"elementor-widget-container\">\n\t\t\t\t\t<h2 class=\"elementor-heading-title elementor-size-default\">Uw favorieten<\/h2>\t\t\t\t<\/div>\n\t\t\t\t<\/div>\n\t\t\t\t\t<\/div>\n\t\t\t\t<\/div>\n\t\t<div class=\"elementor-element elementor-element-454708f e-flex e-con-boxed e-con e-parent\" data-id=\"454708f\" data-element_type=\"container\" data-e-type=\"container\">\n\t\t\t\t\t<div class=\"e-con-inner\">\n\t\t\t\t<div class=\"elementor-element elementor-element-da1b2f6 elementor-widget elementor-widget-text-editor\" data-id=\"da1b2f6\" data-element_type=\"widget\" data-e-type=\"widget\" data-widget_type=\"text-editor.default\">\n\t\t\t\t<div class=\"elementor-widget-container\">\n\t\t\t\t\t\t\t\t\t<p>Een bibliotheek is een plek om te delen. Deel je favorieten met ons door ze te sturen naar <span style=\"text-decoration: underline\"><strong>direction.utrecht@afpb.nl<\/strong><\/span><\/p>\t\t\t\t\t\t\t\t<\/div>\n\t\t\t\t<\/div>\n\t\t\t\t\t<\/div>\n\t\t\t\t<\/div>\n\t\t<div class=\"elementor-element elementor-element-d5c048b e-flex e-con-boxed e-con e-parent\" data-id=\"d5c048b\" data-element_type=\"container\" data-e-type=\"container\">\n\t\t\t\t\t<div class=\"e-con-inner\">\n\t\t\t\t<div class=\"elementor-element elementor-element-26ffabc elementor-hidden-desktop elementor-hidden-tablet elementor-hidden-mobile elementor-widget-divider--view-line elementor-widget elementor-widget-divider\" data-id=\"26ffabc\" data-element_type=\"widget\" data-e-type=\"widget\" data-widget_type=\"divider.default\">\n\t\t\t\t<div class=\"elementor-widget-container\">\n\t\t\t\t\t\t\t<div class=\"elementor-divider\">\n\t\t\t<span class=\"elementor-divider-separator\">\n\t\t\t\t\t\t<\/span>\n\t\t<\/div>\n\t\t\t\t\t\t<\/div>\n\t\t\t\t<\/div>\n\t\t\t\t\t<\/div>\n\t\t\t\t<\/div>\n\t\t<div class=\"elementor-element elementor-element-a80dbd6 e-flex e-con-boxed e-con e-parent\" data-id=\"a80dbd6\" data-element_type=\"container\" data-e-type=\"container\">\n\t\t\t\t\t<div class=\"e-con-inner\">\n\t\t\t\t<div class=\"elementor-element elementor-element-99d8f26 elementor-hidden-desktop elementor-hidden-tablet elementor-hidden-mobile elementor-widget elementor-widget-heading\" data-id=\"99d8f26\" data-element_type=\"widget\" data-e-type=\"widget\" data-widget_type=\"heading.default\">\n\t\t\t\t<div class=\"elementor-widget-container\">\n\t\t\t\t\t<h2 class=\"elementor-heading-title elementor-size-default\">Pour aller plus loin<\/h2>\t\t\t\t<\/div>\n\t\t\t\t<\/div>\n\t\t\t\t\t<\/div>\n\t\t\t\t<\/div>\n\t\t<div class=\"elementor-element elementor-element-bfe8813 e-flex e-con-boxed e-con e-parent\" data-id=\"bfe8813\" data-element_type=\"container\" data-e-type=\"container\">\n\t\t\t\t\t<div class=\"e-con-inner\">\n\t\t\t\t<div class=\"elementor-element elementor-element-7d5492c elementor-hidden-desktop elementor-hidden-tablet elementor-hidden-mobile elementor-widget elementor-widget-text-editor\" data-id=\"7d5492c\" data-element_type=\"widget\" data-e-type=\"widget\" data-widget_type=\"text-editor.default\">\n\t\t\t\t<div class=\"elementor-widget-container\">\n\t\t\t\t\t\t\t\t\t<p>Si vous voulez \u00e9changer sur les livres, vous pouvez rejoindre notre club de lecture, &#8220;les tourneurs de pages&#8221;, anim\u00e9 par Gabrielle qui d\u00e9marrera le 23 janvier. Pour vous inscrire, cliquez <a href=\"https:\/\/www.alliance-francaise.nl\/utrecht\/cercle-litteraire\/#clubdelecture\"><strong>ici<\/strong><\/a>.\u00a0<\/p>\t\t\t\t\t\t\t\t<\/div>\n\t\t\t\t<\/div>\n\t\t\t\t\t<\/div>\n\t\t\t\t<\/div>\n\t\t<div class=\"elementor-element elementor-element-7e175fe e-flex e-con-boxed e-con e-parent\" data-id=\"7e175fe\" data-element_type=\"container\" data-e-type=\"container\">\n\t\t\t\t\t<div class=\"e-con-inner\">\n\t\t\t\t<div class=\"elementor-element elementor-element-4e72bba elementor-hidden-desktop elementor-hidden-tablet elementor-hidden-mobile elementor-widget-divider--view-line elementor-widget elementor-widget-divider\" data-id=\"4e72bba\" data-element_type=\"widget\" data-e-type=\"widget\" data-widget_type=\"divider.default\">\n\t\t\t\t<div class=\"elementor-widget-container\">\n\t\t\t\t\t\t\t<div class=\"elementor-divider\">\n\t\t\t<span class=\"elementor-divider-separator\">\n\t\t\t\t\t\t<\/span>\n\t\t<\/div>\n\t\t\t\t\t\t<\/div>\n\t\t\t\t<\/div>\n\t\t\t\t\t<\/div>\n\t\t\t\t<\/div>\n\t\t\t\t<\/div>\n\t\t","protected":false},"excerpt":{"rendered":"<p>Wil je in het Frans lezen? Dat kan bij de Alliance Fran\u00e7aise Utrecht! Kom en ontdek onze Franstalige bibliotheek, geopend van maandag tot en met donderdag van 9.00 tot 13.00 [&hellip;]<\/p>\n","protected":false},"author":105,"featured_media":0,"parent":0,"menu_order":0,"comment_status":"closed","ping_status":"closed","template":"","meta":{"_acf_changed":false,"_monsterinsights_skip_tracking":false,"_monsterinsights_sitenote_active":false,"_monsterinsights_sitenote_note":"","_monsterinsights_sitenote_category":0,"footnotes":""},"class_list":["post-18239","page","type-page","status-publish","hentry"],"acf":[],"_links":{"self":[{"href":"https:\/\/www.alliance-francaise.nl\/utrecht\/wp-json\/wp\/v2\/pages\/18239","targetHints":{"allow":["GET"]}}],"collection":[{"href":"https:\/\/www.alliance-francaise.nl\/utrecht\/wp-json\/wp\/v2\/pages"}],"about":[{"href":"https:\/\/www.alliance-francaise.nl\/utrecht\/wp-json\/wp\/v2\/types\/page"}],"author":[{"embeddable":true,"href":"https:\/\/www.alliance-francaise.nl\/utrecht\/wp-json\/wp\/v2\/users\/105"}],"replies":[{"embeddable":true,"href":"https:\/\/www.alliance-francaise.nl\/utrecht\/wp-json\/wp\/v2\/comments?post=18239"}],"version-history":[{"count":19,"href":"https:\/\/www.alliance-francaise.nl\/utrecht\/wp-json\/wp\/v2\/pages\/18239\/revisions"}],"predecessor-version":[{"id":22626,"href":"https:\/\/www.alliance-francaise.nl\/utrecht\/wp-json\/wp\/v2\/pages\/18239\/revisions\/22626"}],"wp:attachment":[{"href":"https:\/\/www.alliance-francaise.nl\/utrecht\/wp-json\/wp\/v2\/media?parent=18239"}],"curies":[{"name":"wp","href":"https:\/\/api.w.org\/{rel}","templated":true}]}}