{"id":9571,"date":"2023-10-28T12:21:10","date_gmt":"2023-10-28T10:21:10","guid":{"rendered":"https:\/\/www.alliance-francaise.nl\/stedendriehoek\/?page_id=9571"},"modified":"2026-04-02T13:18:26","modified_gmt":"2026-04-02T11:18:26","slug":"le-fil-des-trois-villes","status":"publish","type":"page","link":"https:\/\/www.alliance-francaise.nl\/stedendriehoek\/fr\/le-fil-des-trois-villes\/","title":{"rendered":"Le fil des trois villes"},"content":{"rendered":"\t\t<div data-elementor-type=\"wp-page\" data-elementor-id=\"9571\" class=\"elementor elementor-9571\" data-elementor-post-type=\"page\">\n\t\t\t\t\t\t<section class=\"elementor-section elementor-top-section elementor-element elementor-element-121d3794 elementor-section-boxed elementor-section-height-default elementor-section-height-default\" data-id=\"121d3794\" data-element_type=\"section\" data-e-type=\"section\" data-settings=\"{&quot;background_background&quot;:&quot;classic&quot;}\">\n\t\t\t\t\t\t<div class=\"elementor-container elementor-column-gap-default\">\n\t\t\t\t\t<div class=\"elementor-column elementor-col-100 elementor-top-column elementor-element elementor-element-4c3417aa\" data-id=\"4c3417aa\" data-element_type=\"column\" data-e-type=\"column\">\n\t\t\t<div class=\"elementor-widget-wrap\">\n\t\t\t\t\t\t\t<\/div>\n\t\t<\/div>\n\t\t\t\t\t<\/div>\n\t\t<\/section>\n\t\t\t\t<section class=\"elementor-section elementor-top-section elementor-element elementor-element-74c739a2 elementor-section-boxed elementor-section-height-default elementor-section-height-default\" data-id=\"74c739a2\" data-element_type=\"section\" data-e-type=\"section\">\n\t\t\t\t\t\t<div class=\"elementor-container elementor-column-gap-default\">\n\t\t\t\t\t<div class=\"elementor-column elementor-col-100 elementor-top-column elementor-element elementor-element-55ea8c75\" data-id=\"55ea8c75\" data-element_type=\"column\" data-e-type=\"column\" data-settings=\"{&quot;background_background&quot;:&quot;classic&quot;}\">\n\t\t\t<div class=\"elementor-widget-wrap elementor-element-populated\">\n\t\t\t\t\t<div class=\"elementor-background-overlay\"><\/div>\n\t\t\t\t\t\t\t<\/div>\n\t\t<\/div>\n\t\t\t\t\t<\/div>\n\t\t<\/section>\n\t\t\t\t<section class=\"elementor-section elementor-top-section elementor-element elementor-element-427ff1ff elementor-section-boxed elementor-section-height-default elementor-section-height-default\" data-id=\"427ff1ff\" data-element_type=\"section\" data-e-type=\"section\">\n\t\t\t\t\t\t<div class=\"elementor-container elementor-column-gap-default\">\n\t\t\t\t\t<div class=\"elementor-column elementor-col-100 elementor-top-column elementor-element elementor-element-2880e9a8\" data-id=\"2880e9a8\" data-element_type=\"column\" data-e-type=\"column\">\n\t\t\t<div class=\"elementor-widget-wrap elementor-element-populated\">\n\t\t\t\t\t\t<div class=\"elementor-element elementor-element-4a7afe8f elementor-widget elementor-widget-heading\" data-id=\"4a7afe8f\" data-element_type=\"widget\" data-e-type=\"widget\" data-widget_type=\"heading.default\">\n\t\t\t\t<div class=\"elementor-widget-container\">\n\t\t\t\t\t<h2 class=\"elementor-heading-title elementor-size-default\">Nieuwsbrief Alliance Fran\u00e7aise Stedendriehoek heet vanaf nu:\n\n<\/h2>\t\t\t\t<\/div>\n\t\t\t\t<\/div>\n\t\t\t\t\t<\/div>\n\t\t<\/div>\n\t\t\t\t\t<\/div>\n\t\t<\/section>\n\t\t<div class=\"elementor-element elementor-element-55a4de5 e-flex e-con-boxed e-con e-parent\" data-id=\"55a4de5\" data-element_type=\"container\" data-e-type=\"container\">\n\t\t\t\t\t<div class=\"e-con-inner\">\n\t\t\t\t<div class=\"elementor-element elementor-element-6ebfdcd elementor-widget elementor-widget-heading\" data-id=\"6ebfdcd\" data-element_type=\"widget\" data-e-type=\"widget\" data-widget_type=\"heading.default\">\n\t\t\t\t<div class=\"elementor-widget-container\">\n\t\t\t\t\t<h2 class=\"elementor-heading-title elementor-size-default\">Le Fil des Trois Villes<\/h2>\t\t\t\t<\/div>\n\t\t\t\t<\/div>\n\t\t\t\t<div class=\"elementor-element elementor-element-54d3625 elementor-widget elementor-widget-text-editor\" data-id=\"54d3625\" data-element_type=\"widget\" data-e-type=\"widget\" data-widget_type=\"text-editor.default\">\n\t\t\t\t<div class=\"elementor-widget-container\">\n\t\t\t\t\t\t\t\t\t<p>Notre bulletin de nouvelles vous informe mensuellement de nos activit\u00e9s ainsi que des \u00e9v\u00e9nements r\u00e9gionaux ayant une touche fran\u00e7aise. Le nom de ce bulletin, Le Fil des Trois Villes, repr\u00e9sente la connexion entre les villes de la r\u00e9gion Stedendriehoek. Trois villes font \u00e9galement \u00e9cho au roman de \u00c9mile Zola, Les Trois Villes (Lourdes, Rome et Paris).<\/p>\n<p>Vous pouvez trouver le <a href=\"https:\/\/www.alliance-francaise.nl\/stedendriehoek?mailpoet_router&amp;endpoint=view_in_browser&amp;action=view&amp;data=WzExMywiZmE2MDVhMTEzNWM3IiwwLDAsMCwxXQ\" target=\"_blank\" rel=\"noopener\"><b>dernier bulletin de nouvelles ici<\/b><\/a>.<\/p>\n<p>Si vous voulez \u00eatre tenu inform\u00e9 des derni\u00e8res nouvelles de l&#8217;Alliance Fran\u00e7aise Stedendriehoek, vous pouvez vous inscrire en bas de cette page sous &#8220;Inscrivez-vous d\u00e8s maintenant \u00e0 notre bulletin de nouvelles&#8221;. Vous recevrez Le Fil des Trois Villes par e-mail,9 fois par an, de septembre \u00e0 mai. Il n&#8217;y a pas de bulletin de nouvelles en juin, juillet et ao\u00fbt.<\/p>\n<p>Si vous ne souhaitez plus recevoir Le Fil des Trois Villes vous pouvez vous d\u00e9sinscrire en cliquant sur &#8220;Vous pouvez vous d\u00e9sincrire en cliquant ici&#8221; au bas du bulletin de nouvelles.&nbsp;<\/p>\t\t\t\t\t\t\t\t<\/div>\n\t\t\t\t<\/div>\n\t\t\t\t\t<\/div>\n\t\t\t\t<\/div>\n\t\t\t\t<\/div>\n\t\t","protected":false},"excerpt":{"rendered":"<p>Nieuwsbrief Alliance Fran\u00e7aise Stedendriehoek heet vanaf nu: Le Fil des Trois Villes Notre bulletin de nouvelles vous informe mensuellement de nos activit\u00e9s ainsi que des \u00e9v\u00e9nements r\u00e9gionaux ayant une touche [&hellip;]<\/p>\n","protected":false},"author":107,"featured_media":0,"parent":0,"menu_order":0,"comment_status":"closed","ping_status":"closed","template":"elementor_header_footer","meta":{"footnotes":""},"class_list":["post-9571","page","type-page","status-publish","hentry"],"_links":{"self":[{"href":"https:\/\/www.alliance-francaise.nl\/stedendriehoek\/wp-json\/wp\/v2\/pages\/9571","targetHints":{"allow":["GET"]}}],"collection":[{"href":"https:\/\/www.alliance-francaise.nl\/stedendriehoek\/wp-json\/wp\/v2\/pages"}],"about":[{"href":"https:\/\/www.alliance-francaise.nl\/stedendriehoek\/wp-json\/wp\/v2\/types\/page"}],"author":[{"embeddable":true,"href":"https:\/\/www.alliance-francaise.nl\/stedendriehoek\/wp-json\/wp\/v2\/users\/107"}],"replies":[{"embeddable":true,"href":"https:\/\/www.alliance-francaise.nl\/stedendriehoek\/wp-json\/wp\/v2\/comments?post=9571"}],"version-history":[{"count":20,"href":"https:\/\/www.alliance-francaise.nl\/stedendriehoek\/wp-json\/wp\/v2\/pages\/9571\/revisions"}],"predecessor-version":[{"id":17359,"href":"https:\/\/www.alliance-francaise.nl\/stedendriehoek\/wp-json\/wp\/v2\/pages\/9571\/revisions\/17359"}],"wp:attachment":[{"href":"https:\/\/www.alliance-francaise.nl\/stedendriehoek\/wp-json\/wp\/v2\/media?parent=9571"}],"curies":[{"name":"wp","href":"https:\/\/api.w.org\/{rel}","templated":true}]}}