{"id":9361,"date":"2023-10-22T22:15:57","date_gmt":"2023-10-22T20:15:57","guid":{"rendered":"https:\/\/www.alliance-francaise.nl\/stedendriehoek\/?page_id=9361"},"modified":"2025-10-01T11:51:14","modified_gmt":"2025-10-01T09:51:14","slug":"methoden-denseignement","status":"publish","type":"page","link":"https:\/\/www.alliance-francaise.nl\/stedendriehoek\/fr\/methoden-denseignement\/","title":{"rendered":"M\u00e8thoden d&#8217;enseignement"},"content":{"rendered":"\t\t<div data-elementor-type=\"wp-page\" data-elementor-id=\"9361\" class=\"elementor elementor-9361\" data-elementor-post-type=\"page\">\n\t\t\t\t\t\t<section class=\"elementor-section elementor-top-section elementor-element elementor-element-6f674830 elementor-section-boxed elementor-section-height-default elementor-section-height-default\" data-id=\"6f674830\" data-element_type=\"section\" data-e-type=\"section\" data-settings=\"{&quot;background_background&quot;:&quot;classic&quot;}\">\n\t\t\t\t\t\t<div class=\"elementor-container elementor-column-gap-default\">\n\t\t\t\t\t<div class=\"elementor-column elementor-col-100 elementor-top-column elementor-element elementor-element-696fc481\" data-id=\"696fc481\" data-element_type=\"column\" data-e-type=\"column\">\n\t\t\t<div class=\"elementor-widget-wrap\">\n\t\t\t\t\t\t\t<\/div>\n\t\t<\/div>\n\t\t\t\t\t<\/div>\n\t\t<\/section>\n\t\t\t\t<section class=\"elementor-section elementor-top-section elementor-element elementor-element-5b64e1ff elementor-section-boxed elementor-section-height-default elementor-section-height-default\" data-id=\"5b64e1ff\" data-element_type=\"section\" data-e-type=\"section\">\n\t\t\t\t\t\t<div class=\"elementor-container elementor-column-gap-default\">\n\t\t\t\t\t<div class=\"elementor-column elementor-col-100 elementor-top-column elementor-element elementor-element-591ab34a\" data-id=\"591ab34a\" data-element_type=\"column\" data-e-type=\"column\" data-settings=\"{&quot;background_background&quot;:&quot;classic&quot;}\">\n\t\t\t<div class=\"elementor-widget-wrap elementor-element-populated\">\n\t\t\t\t\t<div class=\"elementor-background-overlay\"><\/div>\n\t\t\t\t\t\t<div class=\"elementor-element elementor-element-682761ab elementor-widget elementor-widget-heading\" data-id=\"682761ab\" data-element_type=\"widget\" data-e-type=\"widget\" data-widget_type=\"heading.default\">\n\t\t\t\t<div class=\"elementor-widget-container\">\n\t\t\t\t\t<h1 class=\"elementor-heading-title elementor-size-default\">Mat\u00e9riel d'\u00e9tude<\/h1>\t\t\t\t<\/div>\n\t\t\t\t<\/div>\n\t\t\t\t\t<\/div>\n\t\t<\/div>\n\t\t\t\t\t<\/div>\n\t\t<\/section>\n\t\t<div class=\"elementor-element elementor-element-d6c491e e-flex e-con-boxed e-con e-parent\" data-id=\"d6c491e\" data-element_type=\"container\" data-e-type=\"container\">\n\t\t\t\t\t<div class=\"e-con-inner\">\n\t\t\t\t<div class=\"elementor-element elementor-element-49250aa elementor-widget elementor-widget-text-editor\" data-id=\"49250aa\" data-element_type=\"widget\" data-e-type=\"widget\" data-widget_type=\"text-editor.default\">\n\t\t\t\t<div class=\"elementor-widget-container\">\n\t\t\t\t\t\t\t\t\t<p>Pendant les cours, nous travaillons avec la m\u00e9thode &#8220;Voyages&#8221; de l&#8217;\u00e9diteur Intertaal. Vous pouvez commander ces livres sur Internet chez <a href=\"https:\/\/intertaal.nl\/\" target=\"_blank\" rel=\"noopener\">Intertaal<\/a>. \u00c0&nbsp;Apeldoorn, vous pouvez \u00e9galement vous rendre chez <a href=\"https:\/\/libris.nl\/nawijn-polak\" target=\"_blank\" rel=\"noopener\">Nawijn &amp; Polak<\/a> si vous le souhaitez.<\/p>\n<p><strong>Niveau A1.1 et niveau A1.2 &#8211; <\/strong>Voyages Nieuw 1&nbsp;<\/p>\n<p>Livre de texte ISBN 978 94 6030 7317<br><span style=\"color: var( --e-global-color-text );font-family: var( --e-global-typography-text-font-family ), Open-sans;font-weight: var( --e-global-typography-text-font-weight );text-align: var(--text-align);font-size: 1rem\">Livre de travail ISBN 978 94 6030 7324<\/span><\/p>\n<p><strong>Niveau A2.1 et niveau A2.2 &#8211; <\/strong>Voyages Nieuw 2<\/p>\n<p>Livre de texte ISBN 978 94 6293 0230<br><span style=\"color: var( --e-global-color-text );font-family: var( --e-global-typography-text-font-family ), Open-sans;font-weight: var( --e-global-typography-text-font-weight );text-align: var(--text-align);font-size: 1rem\">Livre de travail ISBN 978 94 6293 0247<\/span><\/p>\n<p><strong>Niveau B1.1 en niveau B2.2 &#8211; <\/strong>Voyages &#8211; Nieuw 3<br><span style=\"font-size: 1rem\">Livre de texte \/ livre de travail ISBN 978 94 6293 0315&nbsp;<\/span><\/p>\n<p><span style=\"font-size: 1rem\">Le mat\u00e9riel d&#8217;apprentissage pour la Classe de Conversation Sup\u00e9rieure et les groupes de conversation sera communiqu\u00e9 par les professeurs pendant les cours.&nbsp;<\/span><\/p>\t\t\t\t\t\t\t\t<\/div>\n\t\t\t\t<\/div>\n\t\t\t\t\t<\/div>\n\t\t\t\t<\/div>\n\t\t\t\t<\/div>\n\t\t","protected":false},"excerpt":{"rendered":"<p>Mat\u00e9riel d&#8217;\u00e9tude Pendant les cours, nous travaillons avec la m\u00e9thode &#8220;Voyages&#8221; de l&#8217;\u00e9diteur Intertaal. Vous pouvez commander ces livres sur Internet chez Intertaal. \u00c0&nbsp;Apeldoorn, vous pouvez \u00e9galement vous rendre chez [&hellip;]<\/p>\n","protected":false},"author":1,"featured_media":0,"parent":0,"menu_order":0,"comment_status":"closed","ping_status":"closed","template":"elementor_header_footer","meta":{"footnotes":""},"class_list":["post-9361","page","type-page","status-publish","hentry"],"_links":{"self":[{"href":"https:\/\/www.alliance-francaise.nl\/stedendriehoek\/wp-json\/wp\/v2\/pages\/9361","targetHints":{"allow":["GET"]}}],"collection":[{"href":"https:\/\/www.alliance-francaise.nl\/stedendriehoek\/wp-json\/wp\/v2\/pages"}],"about":[{"href":"https:\/\/www.alliance-francaise.nl\/stedendriehoek\/wp-json\/wp\/v2\/types\/page"}],"author":[{"embeddable":true,"href":"https:\/\/www.alliance-francaise.nl\/stedendriehoek\/wp-json\/wp\/v2\/users\/1"}],"replies":[{"embeddable":true,"href":"https:\/\/www.alliance-francaise.nl\/stedendriehoek\/wp-json\/wp\/v2\/comments?post=9361"}],"version-history":[{"count":20,"href":"https:\/\/www.alliance-francaise.nl\/stedendriehoek\/wp-json\/wp\/v2\/pages\/9361\/revisions"}],"predecessor-version":[{"id":16614,"href":"https:\/\/www.alliance-francaise.nl\/stedendriehoek\/wp-json\/wp\/v2\/pages\/9361\/revisions\/16614"}],"wp:attachment":[{"href":"https:\/\/www.alliance-francaise.nl\/stedendriehoek\/wp-json\/wp\/v2\/media?parent=9361"}],"curies":[{"name":"wp","href":"https:\/\/api.w.org\/{rel}","templated":true}]}}