{"id":9317,"date":"2023-10-22T21:58:04","date_gmt":"2023-10-22T19:58:04","guid":{"rendered":"https:\/\/www.alliance-francaise.nl\/stedendriehoek\/?page_id=9317"},"modified":"2025-12-18T14:29:26","modified_gmt":"2025-12-18T13:29:26","slug":"test-de-niveau","status":"publish","type":"page","link":"https:\/\/www.alliance-francaise.nl\/stedendriehoek\/fr\/test-de-niveau\/","title":{"rendered":"Test de niveau"},"content":{"rendered":"\t\t<div data-elementor-type=\"wp-page\" data-elementor-id=\"9317\" class=\"elementor elementor-9317\" data-elementor-post-type=\"page\">\n\t\t\t\t\t\t<section class=\"elementor-section elementor-top-section elementor-element elementor-element-741a951e elementor-section-boxed elementor-section-height-default elementor-section-height-default\" data-id=\"741a951e\" data-element_type=\"section\" data-e-type=\"section\" data-settings=\"{&quot;background_background&quot;:&quot;classic&quot;}\">\n\t\t\t\t\t\t<div class=\"elementor-container elementor-column-gap-default\">\n\t\t\t\t\t<div class=\"elementor-column elementor-col-100 elementor-top-column elementor-element elementor-element-e5dcefb\" data-id=\"e5dcefb\" data-element_type=\"column\" data-e-type=\"column\">\n\t\t\t<div class=\"elementor-widget-wrap\">\n\t\t\t\t\t\t\t<\/div>\n\t\t<\/div>\n\t\t\t\t\t<\/div>\n\t\t<\/section>\n\t\t\t\t<section class=\"elementor-section elementor-top-section elementor-element elementor-element-65141e84 elementor-section-boxed elementor-section-height-default elementor-section-height-default\" data-id=\"65141e84\" data-element_type=\"section\" data-e-type=\"section\">\n\t\t\t\t\t\t<div class=\"elementor-container elementor-column-gap-default\">\n\t\t\t\t\t<div class=\"elementor-column elementor-col-100 elementor-top-column elementor-element elementor-element-4163cb9a\" data-id=\"4163cb9a\" data-element_type=\"column\" data-e-type=\"column\" data-settings=\"{&quot;background_background&quot;:&quot;classic&quot;}\">\n\t\t\t<div class=\"elementor-widget-wrap elementor-element-populated\">\n\t\t\t\t\t<div class=\"elementor-background-overlay\"><\/div>\n\t\t\t\t\t\t<div class=\"elementor-element elementor-element-7aa21a00 elementor-widget elementor-widget-heading\" data-id=\"7aa21a00\" data-element_type=\"widget\" data-e-type=\"widget\" data-widget_type=\"heading.default\">\n\t\t\t\t<div class=\"elementor-widget-container\">\n\t\t\t\t\t<h1 class=\"elementor-heading-title elementor-size-default\">Test de niveau<\/h1>\t\t\t\t<\/div>\n\t\t\t\t<\/div>\n\t\t\t\t\t<\/div>\n\t\t<\/div>\n\t\t\t\t\t<\/div>\n\t\t<\/section>\n\t\t<div class=\"elementor-element elementor-element-fa0b6fc e-flex e-con-boxed e-con e-parent\" data-id=\"fa0b6fc\" data-element_type=\"container\" data-e-type=\"container\">\n\t\t\t\t\t<div class=\"e-con-inner\">\n\t\t\t\t<div class=\"elementor-element elementor-element-e47e6ef elementor-widget elementor-widget-text-editor\" data-id=\"e47e6ef\" data-element_type=\"widget\" data-e-type=\"widget\" data-widget_type=\"text-editor.default\">\n\t\t\t\t<div class=\"elementor-widget-container\">\n\t\t\t\t\t\t\t\t\t<p>Avant de vous inscrire \u00e0 l&#8217;un de nos cours, nous vous demandons de passer un test de niveau. Apr\u00e8s ce test, vous saurez exactement quel est votre niveau et quel cours de fran\u00e7ais est le plus appropri\u00e9.&nbsp;<\/p>\n<p><span lang=\"fr\"><!--StartFragment --><\/span><\/p>\n<p>Le test se compose de 60 questions. Merci de ne pas utiliser de pages\/applications de traduction ni de dictionnaires, car cela donnerait une image fauss\u00e9e de vos connaissances r\u00e9elles. La r\u00e9alisation de ce test ne vous oblige pas \u00e0 suivre un cours.<\/p>\n<p>Le r\u00e9sultat donne une bonne indication de votre niveau :<\/p>\n<ul>\n<li>0 \u00e0 5 bonnes r\u00e9ponses = niveau A1.1<\/li>\n<li>5 \u00e0 15 bonnes r\u00e9ponses = niveau A1.2<\/li>\n<li>15 \u00e0 31 bonnes r\u00e9ponses = niveau A2.1<\/li>\n<li>31 \u00e0 45 bonnes r\u00e9ponses = niveau B1<\/li>\n<li>40 \u00e0 45 bonnes r\u00e9ponses = niveau B2<\/li>\n<li>45 \u00e0 60 bonnes r\u00e9ponses = niveau C<br><br><\/li>\n<\/ul>\n<p>Apr\u00e8s avoir rempli le test, cliquez sur le bouton <em>verzenden <\/em>(envoyer) et vous pourrez imm\u00e9diatement consulter votre score. En faisant d\u00e9filer vers le bas, vous verrez quelles questions ont \u00e9t\u00e9 correctement r\u00e9pondues et lesquelles ne l\u2019ont pas \u00e9t\u00e9, avec les bonnes r\u00e9ponses indiqu\u00e9es.<\/p>\n<p>Si vous avez encore des questions apr\u00e8s avoir compl\u00e9t\u00e9 le test, <strong><a href=\"https:\/\/www.alliance-francaise.nl\/stedendriehoek\/fr\/le-comite\/#dirdescours\" target=\"_blank\" rel=\"noopener\">n\u2019h\u00e9sitez pas \u00e0 contacter par mail l\u2019un des directrices des cours<\/a><\/strong>.<\/p>\n<p>Bonne chance !<\/p>\t\t\t\t\t\t\t\t<\/div>\n\t\t\t\t<\/div>\n\t\t\t\t\t<\/div>\n\t\t\t\t<\/div>\n\t\t<div class=\"elementor-element elementor-element-356e24f e-grid e-con-boxed e-con e-parent\" data-id=\"356e24f\" data-element_type=\"container\" data-e-type=\"container\">\n\t\t\t\t\t<div class=\"e-con-inner\">\n\t\t\t\t<div class=\"elementor-element elementor-element-a620c37 elementor-align-center elementor-widget elementor-widget-button\" data-id=\"a620c37\" data-element_type=\"widget\" data-e-type=\"widget\" data-widget_type=\"button.default\">\n\t\t\t\t<div class=\"elementor-widget-container\">\n\t\t\t\t\t\t\t\t\t<div class=\"elementor-button-wrapper\">\n\t\t\t\t\t<a class=\"elementor-button elementor-button-link elementor-size-sm\" href=\"https:\/\/forms.gle\/jaA8CBGbv1VJ3Q1A6\">\n\t\t\t\t\t\t<span class=\"elementor-button-content-wrapper\">\n\t\t\t\t\t\t\t\t\t<span class=\"elementor-button-text\">Commencez le test<\/span>\n\t\t\t\t\t<\/span>\n\t\t\t\t\t<\/a>\n\t\t\t\t<\/div>\n\t\t\t\t\t\t\t\t<\/div>\n\t\t\t\t<\/div>\n\t\t\t\t\t<\/div>\n\t\t\t\t<\/div>\n\t\t\t\t<\/div>\n\t\t","protected":false},"excerpt":{"rendered":"<p>Test de niveau Avant de vous inscrire \u00e0 l&#8217;un de nos cours, nous vous demandons de passer un test de niveau. Apr\u00e8s ce test, vous saurez exactement quel est votre [&hellip;]<\/p>\n","protected":false},"author":1,"featured_media":0,"parent":0,"menu_order":0,"comment_status":"closed","ping_status":"closed","template":"elementor_header_footer","meta":{"footnotes":""},"class_list":["post-9317","page","type-page","status-publish","hentry"],"_links":{"self":[{"href":"https:\/\/www.alliance-francaise.nl\/stedendriehoek\/wp-json\/wp\/v2\/pages\/9317","targetHints":{"allow":["GET"]}}],"collection":[{"href":"https:\/\/www.alliance-francaise.nl\/stedendriehoek\/wp-json\/wp\/v2\/pages"}],"about":[{"href":"https:\/\/www.alliance-francaise.nl\/stedendriehoek\/wp-json\/wp\/v2\/types\/page"}],"author":[{"embeddable":true,"href":"https:\/\/www.alliance-francaise.nl\/stedendriehoek\/wp-json\/wp\/v2\/users\/1"}],"replies":[{"embeddable":true,"href":"https:\/\/www.alliance-francaise.nl\/stedendriehoek\/wp-json\/wp\/v2\/comments?post=9317"}],"version-history":[{"count":20,"href":"https:\/\/www.alliance-francaise.nl\/stedendriehoek\/wp-json\/wp\/v2\/pages\/9317\/revisions"}],"predecessor-version":[{"id":16960,"href":"https:\/\/www.alliance-francaise.nl\/stedendriehoek\/wp-json\/wp\/v2\/pages\/9317\/revisions\/16960"}],"wp:attachment":[{"href":"https:\/\/www.alliance-francaise.nl\/stedendriehoek\/wp-json\/wp\/v2\/media?parent=9317"}],"curies":[{"name":"wp","href":"https:\/\/api.w.org\/{rel}","templated":true}]}}