{"id":9221,"date":"2023-10-19T14:52:45","date_gmt":"2023-10-19T12:52:45","guid":{"rendered":"https:\/\/www.alliance-francaise.nl\/stedendriehoek\/?page_id=9221"},"modified":"2024-05-01T16:13:42","modified_gmt":"2024-05-01T14:13:42","slug":"termes-et-conditions","status":"publish","type":"page","link":"https:\/\/www.alliance-francaise.nl\/stedendriehoek\/fr\/termes-et-conditions\/","title":{"rendered":"Termes et conditions"},"content":{"rendered":"\t\t<div data-elementor-type=\"wp-page\" data-elementor-id=\"9221\" class=\"elementor elementor-9221\" data-elementor-post-type=\"page\">\n\t\t\t\t<div class=\"elementor-element elementor-element-11a0075 e-flex e-con-boxed e-con e-parent\" data-id=\"11a0075\" data-element_type=\"container\" data-e-type=\"container\">\n\t\t\t\t\t<div class=\"e-con-inner\">\n\t\t\t\t<div class=\"elementor-element elementor-element-001650d elementor-widget elementor-widget-heading\" data-id=\"001650d\" data-element_type=\"widget\" data-e-type=\"widget\" data-widget_type=\"heading.default\">\n\t\t\t\t<div class=\"elementor-widget-container\">\n\t\t\t\t\t<h2 class=\"elementor-heading-title elementor-size-default\">Termes et conditions<\/h2>\t\t\t\t<\/div>\n\t\t\t\t<\/div>\n\t\t\t\t<div class=\"elementor-element elementor-element-38a5e7a elementor-widget elementor-widget-text-editor\" data-id=\"38a5e7a\" data-element_type=\"widget\" data-e-type=\"widget\" data-widget_type=\"text-editor.default\">\n\t\t\t\t<div class=\"elementor-widget-container\">\n\t\t\t\t\t\t\t\t\t<p><\/p>\n<p><strong>Membres :<\/strong><\/p>\n<ul class=\"wp-block-list\">\n<li>L&#8217;adh\u00e9sion est demand\u00e9e pour une ann\u00e9e, du 1er juillet au 30 juin. Apr\u00e8s paiement de la cotisation, l&#8217;adh\u00e9rent devient membre. \u00c0 partir de la deuxi\u00e8me ann\u00e9e, la cotisation est pr\u00e9lev\u00e9e par pr\u00e9l\u00e8vement automatique.<\/li>\n<li>En cas de modification des donn\u00e9es personnelles, celles-ci doivent \u00eatre signal\u00e9es le plus rapidement possible \u00e0 l&#8217;administration des membres (par e-mail \u00e0 <a href=\"mailto:tres.stedendriehoek@afpb.nl\">tres.stedendriehoek@afpb.nl<\/a>).<\/li>\n<li>Sauf d\u00e9nonciation \u00e9crite, l&#8217;adh\u00e9sion est renouvel\u00e9e chaque ann\u00e9e tacitement.<\/li>\n<li>La r\u00e9siliation de l&#8217;adh\u00e9sion doit avoir lieu avant le 1er juin (par e-mail \u00e0 <a href=\"mailto:tres.stedendriehoek@afpb.nl\">tres.stedendriehoek@afpb.nl<\/a>). Sinon, la cotisation est due pour une ann\u00e9e suppl\u00e9mentaire.<\/li>\n<li>En tant que membre, vous avez acc\u00e8s aux activit\u00e9s culturelles de l&#8217;Alliance Fran\u00e7aise. Parfois, une contribution personnelle est demand\u00e9e ou un prix r\u00e9duit est appliqu\u00e9 pour les membres d&#8217;une autre Alliance.<\/li>\n<li>En tant que membre, vous avez acc\u00e8s gratuit \u00e0 la Cultureth\u00e8que.<\/li>\n<li>En tant que membre, vous pouvez soumettre des suggestions, des plaintes et des demandes aupr\u00e8s de la pr\u00e9sidente.<\/li>\n<li>Vous serez inform\u00e9 des \u00e9v\u00e9nements culturels, des r\u00e9unions, des nouvelles, etc. au sein de <!--StartFragment --><span class=\"cf0\">l\u2019Association<\/span><!--EndFragment --> Alliance Fran\u00e7aise Stedendriehoek, notamment par courrier \u00e9lectronique et\/ou une lettre d&#8217;information num\u00e9rique. Vous pouvez en arr\u00eater l&#8217;envoi.<br \/><br \/><\/li>\n<\/ul>\n<p><strong>\u00c9l\u00e8ves :<\/strong><\/p>\n<ul>\n<li>La pr\u00e9sidente d\u00e9cide, en consultation avec le coordinateur des cours, si un cours a lieu, si des groupes sont fusionn\u00e9s en cas de manque d&#8217;int\u00e9r\u00eat ou si un groupe de cours est divis\u00e9 en raison d&#8217;un int\u00e9r\u00eat excessif. Si un cours est annul\u00e9, les frais de cours sont rembours\u00e9s.<\/li>\n<li>Les mat\u00e9riaux de cours et les frais d&#8217;examen ne sont pas inclus dans les frais de cours. Des frais de photocopie peuvent \u00eatre demand\u00e9s.<\/li>\n<li>En cas d&#8217;inscription tardive ou d&#8217;arr\u00eat pr\u00e9coce d&#8217;un cours, les frais de cours sont normalement dus dans leur int\u00e9gralit\u00e9. Une disposition sp\u00e9ciale en cas de situation difficile\u00a0peut \u00eatre appliqu\u00e9e \u00e0 la discr\u00e9tion de la pr\u00e9sidente.<\/li>\n<li>Le cours est compos\u00e9 de le\u00e7ons de 1,5 heures (sauf exceptions).<\/li>\n<li>Pendant les vacances scolaires, il n&#8217;y a pas de cours.<\/li>\n<li>En cas de maladie de l&#8217;enseignant, un remplacement est normalement assur\u00e9. Si cela n&#8217;est pas possible et qu&#8217;un cours est annul\u00e9, l&#8217;\u00e9tudiant est inform\u00e9 par SMS ou WhatsApp. Le cours manqu\u00e9 sera rattrap\u00e9 et, si ce n&#8217;est pas possible, les frais de cours seront rembours\u00e9s.<\/li>\n<li>Vous serez inform\u00e9 des d\u00e9veloppements au sein de l&#8217;Alliance Fran\u00e7aise Stedendriehoek gr\u00e2ce -entre autres- \u00e0 un courrier \u00e9lectronique et\/ou \u00e0 une lettre d&#8217;information num\u00e9rique. Vous pouvez en arr\u00eater l&#8217;envoi.<\/li>\n<li>En cas de force majeure, <!--StartFragment --><span class=\"cf0\">comme par exemple la fermeture obligatoire des locaux de cours pendant la crise du Covid-19,<\/span><!--EndFragment -->, les cours seront offerts en ligne.<\/li>\n<li>Le coordinateur des cours a le droit d&#8217;apporter des modifications n\u00e9cessaires \u00e0 l&#8217;horaire des cours, aux enseignants ou aux lieux.<\/li>\n<li>L&#8217;Association Alliance Fran\u00e7aise Stedendriehoek enregistre les donn\u00e9es que vous fournissez. Ces informations sont disponibles pour le personnel de formation, votre enseignant et la pr\u00e9sidente. L&#8217;Association Alliance Fran\u00e7aise Stedendriehoek d\u00e9truit vos donn\u00e9es 2 ans apr\u00e8s votre d\u00e9part de la formation.<\/li>\n<li>L&#8217;Association Alliance Fran\u00e7aise Stedendriehoek n&#8217;est pas responsable des dommages ou pertes d&#8217;objets personnels.<\/li>\n<\/ul>\n<p><!--StartFragment --><\/p>\n<p class=\"pf0\"><span class=\"cf0\">Concernant le fonctionnement int\u00e9gral <\/span>des conditions, veuillez vous r\u00e9f\u00e9rer <a href=\"https:\/\/www.alliance-francaise.nl\/stedendriehoek\/wp-content\/uploads\/sites\/37\/2023\/08\/230814-HHR-concept.pdf\">au r\u00e8glement int\u00e9rieur<\/a>.<\/p>\n<p><\/p>\n<p><!-- \/wp:list --><\/p>\t\t\t\t\t\t\t\t<\/div>\n\t\t\t\t<\/div>\n\t\t\t\t\t<\/div>\n\t\t\t\t<\/div>\n\t\t\t\t<\/div>\n\t\t","protected":false},"excerpt":{"rendered":"<p>Termes et conditions Membres : L&#8217;adh\u00e9sion est demand\u00e9e pour une ann\u00e9e, du 1er juillet au 30 juin. Apr\u00e8s paiement de la cotisation, l&#8217;adh\u00e9rent devient membre. \u00c0 partir de la deuxi\u00e8me [&hellip;]<\/p>\n","protected":false},"author":1,"featured_media":0,"parent":0,"menu_order":0,"comment_status":"closed","ping_status":"closed","template":"elementor_header_footer","meta":{"footnotes":""},"class_list":["post-9221","page","type-page","status-publish","hentry"],"_links":{"self":[{"href":"https:\/\/www.alliance-francaise.nl\/stedendriehoek\/wp-json\/wp\/v2\/pages\/9221","targetHints":{"allow":["GET"]}}],"collection":[{"href":"https:\/\/www.alliance-francaise.nl\/stedendriehoek\/wp-json\/wp\/v2\/pages"}],"about":[{"href":"https:\/\/www.alliance-francaise.nl\/stedendriehoek\/wp-json\/wp\/v2\/types\/page"}],"author":[{"embeddable":true,"href":"https:\/\/www.alliance-francaise.nl\/stedendriehoek\/wp-json\/wp\/v2\/users\/1"}],"replies":[{"embeddable":true,"href":"https:\/\/www.alliance-francaise.nl\/stedendriehoek\/wp-json\/wp\/v2\/comments?post=9221"}],"version-history":[{"count":20,"href":"https:\/\/www.alliance-francaise.nl\/stedendriehoek\/wp-json\/wp\/v2\/pages\/9221\/revisions"}],"predecessor-version":[{"id":13323,"href":"https:\/\/www.alliance-francaise.nl\/stedendriehoek\/wp-json\/wp\/v2\/pages\/9221\/revisions\/13323"}],"wp:attachment":[{"href":"https:\/\/www.alliance-francaise.nl\/stedendriehoek\/wp-json\/wp\/v2\/media?parent=9221"}],"curies":[{"name":"wp","href":"https:\/\/api.w.org\/{rel}","templated":true}]}}