{"id":9210,"date":"2023-10-19T14:40:54","date_gmt":"2023-10-19T12:40:54","guid":{"rendered":"https:\/\/www.alliance-francaise.nl\/stedendriehoek\/?page_id=9210"},"modified":"2024-05-01T16:06:59","modified_gmt":"2024-05-01T14:06:59","slug":"devenir-membre","status":"publish","type":"page","link":"https:\/\/www.alliance-francaise.nl\/stedendriehoek\/fr\/devenir-membre\/","title":{"rendered":"Devenir membre?"},"content":{"rendered":"\t\t<div data-elementor-type=\"wp-page\" data-elementor-id=\"9210\" class=\"elementor elementor-9210\" data-elementor-post-type=\"page\">\n\t\t\t\t\t\t<section class=\"elementor-section elementor-top-section elementor-element elementor-element-76d6b5b0 elementor-section-boxed elementor-section-height-default elementor-section-height-default\" data-id=\"76d6b5b0\" data-element_type=\"section\" data-e-type=\"section\" data-settings=\"{&quot;background_background&quot;:&quot;classic&quot;}\">\n\t\t\t\t\t\t<div class=\"elementor-container elementor-column-gap-default\">\n\t\t\t\t\t<div class=\"elementor-column elementor-col-100 elementor-top-column elementor-element elementor-element-54ca0f7\" data-id=\"54ca0f7\" data-element_type=\"column\" data-e-type=\"column\">\n\t\t\t<div class=\"elementor-widget-wrap\">\n\t\t\t\t\t\t\t<\/div>\n\t\t<\/div>\n\t\t\t\t\t<\/div>\n\t\t<\/section>\n\t\t\t\t<section class=\"elementor-section elementor-top-section elementor-element elementor-element-78973d3b elementor-section-boxed elementor-section-height-default elementor-section-height-default\" data-id=\"78973d3b\" data-element_type=\"section\" data-e-type=\"section\">\n\t\t\t\t\t\t<div class=\"elementor-container elementor-column-gap-default\">\n\t\t\t\t\t<div class=\"elementor-column elementor-col-100 elementor-top-column elementor-element elementor-element-338549c1\" data-id=\"338549c1\" data-element_type=\"column\" data-e-type=\"column\" data-settings=\"{&quot;background_background&quot;:&quot;classic&quot;}\">\n\t\t\t<div class=\"elementor-widget-wrap elementor-element-populated\">\n\t\t\t\t\t<div class=\"elementor-background-overlay\"><\/div>\n\t\t\t\t\t\t<div class=\"elementor-element elementor-element-4b07de01 elementor-widget__width-inherit elementor-widget elementor-widget-heading\" data-id=\"4b07de01\" data-element_type=\"widget\" data-e-type=\"widget\" data-widget_type=\"heading.default\">\n\t\t\t\t<div class=\"elementor-widget-container\">\n\t\t\t\t\t<h1 class=\"elementor-heading-title elementor-size-large\">Devenir membre ?<\/h1>\t\t\t\t<\/div>\n\t\t\t\t<\/div>\n\t\t\t\t\t<\/div>\n\t\t<\/div>\n\t\t\t\t\t<\/div>\n\t\t<\/section>\n\t\t<div class=\"elementor-element elementor-element-905b201 e-flex e-con-boxed e-con e-parent\" data-id=\"905b201\" data-element_type=\"container\" data-e-type=\"container\">\n\t\t\t\t\t<div class=\"e-con-inner\">\n\t\t\t\t<div class=\"elementor-element elementor-element-3165d46 elementor-widget elementor-widget-heading\" data-id=\"3165d46\" data-element_type=\"widget\" data-e-type=\"widget\" data-widget_type=\"heading.default\">\n\t\t\t\t<div class=\"elementor-widget-container\">\n\t\t\t\t\t<h2 class=\"elementor-heading-title elementor-size-default\">Adh\u00e9sion \u00e0 l'Alliance Fran\u00e7aise Stedendriehoek.<\/h2>\t\t\t\t<\/div>\n\t\t\t\t<\/div>\n\t\t\t\t<div class=\"elementor-element elementor-element-5a241bf elementor-widget elementor-widget-text-editor\" data-id=\"5a241bf\" data-element_type=\"widget\" data-e-type=\"widget\" data-widget_type=\"text-editor.default\">\n\t\t\t\t<div class=\"elementor-widget-container\">\n\t\t\t\t\t\t\t\t\t<p>Avez-vous \u00e9galement h\u00e2te de retourner en France en vacances et souhaitez-vous vous y pr\u00e9parer ou voulez-vous \u00e9galement profiter de l&#8217;ambiance fran\u00e7aise \u00e0 Apeldoorn, Deventer et Zutphen?&nbsp;<\/p>\n<p>Vous \u00eates les bienvenus pour devenir membre de l&#8217;Alliance Fran\u00e7aise Stedendriehoek.<\/p>\n<p>L&#8217;Alliance Fran\u00e7aise Stedendriehoek est une association dont le but est de promouvoir l&#8217;int\u00e9r\u00eat et la connaissance de la langue et de la culture fran\u00e7aise.<\/p>\n<p>Nous aimons le faire&#8230; <strong>pour, par, gr\u00e2ce \u00e0 et avec nos membres !<\/strong><\/p>\n<h3 style=\"border: 0px solid #e3e3e3;--tw-border-spacing-x: 0;--tw-border-spacing-y: 0;--tw-translate-x: 0;--tw-translate-y: 0;--tw-rotate: 0;--tw-skew-x: 0;--tw-skew-y: 0;--tw-scale-x: 1;--tw-scale-y: 1;--tw-scroll-snap-strictness: proximity;--tw-ring-offset-width: 0px;--tw-ring-offset-color: #fff;--tw-ring-offset-shadow: 0 0 transparent;--tw-ring-shadow: 0 0 transparent;--tw-shadow: 0 0 transparent;--tw-shadow-colored: 0 0 transparent;margin: 0px 0px 1.25em;color: #0d0d0d;font-family: S\u00f6hne, ui-sans-serif, system-ui, -apple-system, 'Segoe UI', Roboto, Ubuntu, Cantarell, 'Noto Sans', sans-serif, 'Helvetica Neue', Arial, 'Apple Color Emoji', 'Segoe UI Emoji', 'Segoe UI Symbol', 'Noto Color Emoji'\"><span style=\"color: #da002e\">Avantages de l&#8217;adh\u00e9sion<\/span><\/h3>\n<p>Avec l&#8217;adh\u00e9sion :<\/p>\n<ul>\n<li>vous avez un acc\u00e8s gratuit \u00e0 toutes les activit\u00e9s culturelles de l&#8217;Alliance Fran\u00e7aise Stedendriehoek ainsi qu&#8217;aux activit\u00e9s des 33 autres Alliances Fran\u00e7aises aux Pays-Bas (sauf indication contraire) ;<\/li>\n<li>vous b\u00e9n\u00e9ficiez d&#8217;une r\u00e9duction de 6 % sur tous les cours de langue et les cours th\u00e9matiques. Lors du paiement, vous devez saisir le code &#8220;paris&#8221;. Ce code sera accept\u00e9 apr\u00e8s v\u00e9rification de votre adresse e-mail. Remarque : si vous vous inscrivez en tant que membre, une connexion doit \u00eatre effectu\u00e9e dans l&#8217;administration pour que la r\u00e9duction puisse \u00eatre appliqu\u00e9e. Cela prend normalement au maximum 2 jours ;<\/li>\n<li>vous recevez neuf fois par an le bulletin mensuel de nouvelles Le Fil des Trois Villes avec un aper\u00e7u de diverses activit\u00e9s culturelles fran\u00e7aises \u00e0 Apeldoorn, Deventer, Zutphen et dans les environs ;<\/li>\n<li>vous avez l&#8217;access gratuit \u00e0 la biblioth\u00e8que num\u00e9rique Cultureth\u00e8que, avec acc\u00e8s \u00e0 plus de 3000 journaux, magazines, musique, films, podcasts, etc., en fran\u00e7ais ;<\/li>\n<li>vous b\u00e9n\u00e9ficiez d&#8217;une r\u00e9duction sur un abonnement annuel au magazine En Route (28,50 \u20ac au lieu de 30,00 \u20ac). Pour cela, veuillez contacter par t\u00e9l\u00e9phone le +31 6 8129 0950.\n<br><br><\/li>\n<\/ul>\n<p>Pour acc\u00e9der aux \u00e9v\u00e9nements de l&#8217;Alliance Fran\u00e7aise Stedendriehoek, vous n&#8217;avez pas besoin de la Carte Nationale, la carte de membre de l&#8217;Alliance Fran\u00e7aise. Si vous souhaitez assister \u00e0 un \u00e9v\u00e9nement d&#8217;une des Alliances ailleurs dans le pays, vous aurez besoin de la Carte Nationale. Vous pouvez en faire la demande par e-mail aupr\u00e8s de <strong><a href=\"mailto:pres.stedendriehoek@afbp.nl\">notre pr\u00e9sidente<\/a><\/strong>.<\/p>\n<p>La cotisation est de 30 \u20ac par personne et par an, ou de 45 \u20ac par couple et par an. La premi\u00e8re fois, vous payez dans la boutique en ligne. Ensuite, la cotisation annuelle sera pr\u00e9lev\u00e9e automatiquement via un pr\u00e9l\u00e8vement automatique. Vous recevrez un e-mail de confirmation. Il se peut que celui-ci se retrouve dans votre dossier &#8220;spam&#8221;. En payant via la boutique en ligne, vous acceptez le pr\u00e9l\u00e8vement automatique pour les ann\u00e9es suivantes.<\/p>\n<p>L&#8217;ann\u00e9e de l&#8217;association va du 1er juillet au 30 juin. Si vous souhaitez mettre fin \u00e0 votre adh\u00e9sion, vous devez le faire avant le 1er juin. Cela peut \u00eatre fait <strong><a href=\"https:\/\/www.alliance-francaise.nl\/stedendriehoek\/fr\/contact\/\" target=\"_blank\" rel=\"noopener\">par \u00e9crit<\/a><\/strong> ou <strong><a href=\"mailto:tres.stedendriehoek@afpb.nl\" target=\"_blank\" rel=\"noopener\">par e-mail \u00e0 l&#8217;administration des membres<\/a><\/strong>.<\/p>\n<p>Les \u00e9tudiants ne sont pas membres mais ont n\u00e9anmoins acc\u00e8s gratuitement aux activit\u00e9s culturelles de l&#8217;Alliance Fran\u00e7aise Stedendriehoek (sauf indication contraire).<\/p>\t\t\t\t\t\t\t\t<\/div>\n\t\t\t\t<\/div>\n\t\t\t\t\t<\/div>\n\t\t\t\t<\/div>\n\t\t<div class=\"elementor-element elementor-element-1349555 e-flex e-con-boxed e-con e-parent\" data-id=\"1349555\" data-element_type=\"container\" data-e-type=\"container\">\n\t\t\t\t\t<div class=\"e-con-inner\">\n\t\t\t\t<div class=\"elementor-element elementor-element-2aa8e8a elementor-align-center elementor-widget elementor-widget-button\" data-id=\"2aa8e8a\" data-element_type=\"widget\" data-e-type=\"widget\" data-widget_type=\"button.default\">\n\t\t\t\t<div class=\"elementor-widget-container\">\n\t\t\t\t\t\t\t\t\t<div class=\"elementor-button-wrapper\">\n\t\t\t\t\t<a class=\"elementor-button elementor-button-link elementor-size-md\" href=\"https:\/\/www.alliance-francaise.nl\/stedendriehoek\/product-categorie\/lidmaatschap\/\" target=\"_blank\">\n\t\t\t\t\t\t<span class=\"elementor-button-content-wrapper\">\n\t\t\t\t\t\t\t\t\t<span class=\"elementor-button-text\">Oui, je veux devenir membre. Vous serez redirig\u00e9 vers la boutique.<\/span>\n\t\t\t\t\t<\/span>\n\t\t\t\t\t<\/a>\n\t\t\t\t<\/div>\n\t\t\t\t\t\t\t\t<\/div>\n\t\t\t\t<\/div>\n\t\t\t\t\t<\/div>\n\t\t\t\t<\/div>\n\t\t\t\t<\/div>\n\t\t","protected":false},"excerpt":{"rendered":"<p>Devenir membre ? Adh\u00e9sion \u00e0 l&#8217;Alliance Fran\u00e7aise Stedendriehoek. Avez-vous \u00e9galement h\u00e2te de retourner en France en vacances et souhaitez-vous vous y pr\u00e9parer ou voulez-vous \u00e9galement profiter de l&#8217;ambiance fran\u00e7aise \u00e0 [&hellip;]<\/p>\n","protected":false},"author":1,"featured_media":0,"parent":0,"menu_order":0,"comment_status":"closed","ping_status":"closed","template":"elementor_header_footer","meta":{"footnotes":""},"class_list":["post-9210","page","type-page","status-publish","hentry"],"_links":{"self":[{"href":"https:\/\/www.alliance-francaise.nl\/stedendriehoek\/wp-json\/wp\/v2\/pages\/9210","targetHints":{"allow":["GET"]}}],"collection":[{"href":"https:\/\/www.alliance-francaise.nl\/stedendriehoek\/wp-json\/wp\/v2\/pages"}],"about":[{"href":"https:\/\/www.alliance-francaise.nl\/stedendriehoek\/wp-json\/wp\/v2\/types\/page"}],"author":[{"embeddable":true,"href":"https:\/\/www.alliance-francaise.nl\/stedendriehoek\/wp-json\/wp\/v2\/users\/1"}],"replies":[{"embeddable":true,"href":"https:\/\/www.alliance-francaise.nl\/stedendriehoek\/wp-json\/wp\/v2\/comments?post=9210"}],"version-history":[{"count":20,"href":"https:\/\/www.alliance-francaise.nl\/stedendriehoek\/wp-json\/wp\/v2\/pages\/9210\/revisions"}],"predecessor-version":[{"id":13308,"href":"https:\/\/www.alliance-francaise.nl\/stedendriehoek\/wp-json\/wp\/v2\/pages\/9210\/revisions\/13308"}],"wp:attachment":[{"href":"https:\/\/www.alliance-francaise.nl\/stedendriehoek\/wp-json\/wp\/v2\/media?parent=9210"}],"curies":[{"name":"wp","href":"https:\/\/api.w.org\/{rel}","templated":true}]}}