{"id":9160,"date":"2023-10-19T13:54:02","date_gmt":"2023-10-19T11:54:02","guid":{"rendered":"https:\/\/www.alliance-francaise.nl\/stedendriehoek\/?page_id=9160"},"modified":"2024-04-29T17:02:40","modified_gmt":"2024-04-29T15:02:40","slug":"gdpr","status":"publish","type":"page","link":"https:\/\/www.alliance-francaise.nl\/stedendriehoek\/fr\/gdpr\/","title":{"rendered":"GDPR"},"content":{"rendered":"\t\t<div data-elementor-type=\"wp-page\" data-elementor-id=\"9160\" class=\"elementor elementor-9160\" data-elementor-post-type=\"page\">\n\t\t\t\t<div class=\"elementor-element elementor-element-fa9ceed e-flex e-con-boxed e-con e-parent\" data-id=\"fa9ceed\" data-element_type=\"container\" data-e-type=\"container\">\n\t\t\t\t\t<div class=\"e-con-inner\">\n\t\t<div class=\"elementor-element elementor-element-049e298 e-con-full e-flex e-con e-child\" data-id=\"049e298\" data-element_type=\"container\" data-e-type=\"container\">\n\t\t\t\t<div class=\"elementor-element elementor-element-146cd5d elementor-widget elementor-widget-heading\" data-id=\"146cd5d\" data-element_type=\"widget\" data-e-type=\"widget\" data-widget_type=\"heading.default\">\n\t\t\t\t<div class=\"elementor-widget-container\">\n\t\t\t\t\t<h2 class=\"elementor-heading-title elementor-size-default\">R\u00e8glement G\u00e9n\u00e9ral sur la Protection des Donn\u00e9es<\/h2>\t\t\t\t<\/div>\n\t\t\t\t<\/div>\n\t\t\t\t<div class=\"elementor-element elementor-element-b9d18b2 elementor-widget elementor-widget-text-editor\" data-id=\"b9d18b2\" data-element_type=\"widget\" data-e-type=\"widget\" data-widget_type=\"text-editor.default\">\n\t\t\t\t<div class=\"elementor-widget-container\">\n\t\t\t\t\t\t\t\t\t<p>L&#8217;Association Alliance Fran\u00e7aise Stedendriehoek consid\u00e8re important de prot\u00e9ger la vie priv\u00e9e de ses membres, professeurs, \u00e9l\u00e8ves et int\u00e9ress\u00e9s. L&#8217;Association Alliance Fran\u00e7aise Stedendriehoek se conforme aux exigences du R\u00e8glement g\u00e9n\u00e9ral sur la protection des donn\u00e9es.<\/p><p><strong style=\"color: #da002e\">Stockage des donn\u00e9es personnelles<\/strong><\/p><p><strong>Objectif:<\/strong> <br \/>Lorsque vous vous inscrivez \u00e0 l&#8217;une de nos activit\u00e9s ou en tant que membre, nous avons besoin de certaines de vos donn\u00e9es.<\/p><p><strong>Utilisation:<\/strong> <br \/>L&#8217;Alliance Fran\u00e7aise Stedendriehoek n&#8217;utilise ces donn\u00e9es que dans le but de la gestion des cours et\/ou\u00a0<!--StartFragment --><span class=\"cf0\">de l\u2019administration des membres et <\/span>pour la communication du bulletin de nouvelles. Vos donn\u00e9es personnelles ne sont jamais transmises \u00e0 des tiers. <span style=\"font-family: var( --e-global-typography-text-font-family ), Open-sans;font-weight: var( --e-global-typography-text-font-weight );font-size: 1rem\">Vos donn\u00e9es sont supprim\u00e9es d\u00e8s qu&#8217;elles ne sont plus n\u00e9cessaires \u00e0 l&#8217;objectif pour lequel elles ont \u00e9t\u00e9 collect\u00e9es. S&#8217;il n&#8217;y a pas de p\u00e9riode l\u00e9gale indiqu\u00e9e, elle ne d\u00e9passera jamais deux ans.<\/span><\/p><p><strong>Droits:<\/strong> <br \/>Si vous souhaitez supprimer compl\u00e8tement vos donn\u00e9es ou si vous souhaitez consulter les donn\u00e9es stock\u00e9es \u00e0 votre sujet, envoyez un e-mail \u00e0: <a href=\"mailto:secr.stedendriehoek@afpb.nl\">secr.stedendriehoek@afpb.nl<\/a>.<\/p><p><strong>R\u00e9clamations:<\/strong> <br \/>Si vous avez une r\u00e9clamation concernant notre respect des r\u00e8gles de confidentialit\u00e9, veuillez contacter le secr\u00e9taire d&#8217;Alliance Fran\u00e7aise Stedendriehoek par e-mail: <a href=\"mailto:secr.stedendriehoek@afpb.nl\">secr.stedendriehoek@afpb.nl<\/a> ou \u00e9crit: Secr\u00e9tariat d&#8217;Alliance Fran\u00e7aise Stedendriehoek, Noorderhavenstraat 144, 7202 DE Zutphen. Vous pouvez \u00e9galement d\u00e9poser une plainte aupr\u00e8s de l&#8217;Autorit\u00e9 de protection des donn\u00e9es personnelles.<\/p><p><strong>E-mails:<\/strong> <br \/>Si vous ne souhaitez plus recevoir nos e-mails, envoyez un e-mail \u00e0 <a href=\"mailto:secr.stedendriehoek@afpb.nl\">secr.stedendriehoek@afpb.nl<\/a>.<\/p><p><strong>Cookies:<\/strong> <br \/>Pour configurer ce site Web de la meilleure fa\u00e7on possible, nous recueillons des informations sur l&#8217;utilisation, telles que votre nom de domaine, les pages visit\u00e9es et la dur\u00e9e d&#8217;utilisation. Ces donn\u00e9es, qui ne contiennent pas d&#8217;informations personnelles, sont collect\u00e9es via des cookies. Vous pouvez configurer votre ordinateur pour qu&#8217;il n&#8217;accepte pas les cookies. Ce site Internet continuera alors de fonctionner normalement.<\/p>\t\t\t\t\t\t\t\t<\/div>\n\t\t\t\t<\/div>\n\t\t\t\t<\/div>\n\t\t\t\t\t<\/div>\n\t\t\t\t<\/div>\n\t\t\t\t<\/div>\n\t\t","protected":false},"excerpt":{"rendered":"<p>R\u00e8glement G\u00e9n\u00e9ral sur la Protection des Donn\u00e9es L&#8217;Association Alliance Fran\u00e7aise Stedendriehoek consid\u00e8re important de prot\u00e9ger la vie priv\u00e9e de ses membres, professeurs, \u00e9l\u00e8ves et int\u00e9ress\u00e9s. L&#8217;Association Alliance Fran\u00e7aise Stedendriehoek se [&hellip;]<\/p>\n","protected":false},"author":1,"featured_media":0,"parent":0,"menu_order":0,"comment_status":"closed","ping_status":"closed","template":"elementor_header_footer","meta":{"footnotes":""},"class_list":["post-9160","page","type-page","status-publish","hentry"],"_links":{"self":[{"href":"https:\/\/www.alliance-francaise.nl\/stedendriehoek\/wp-json\/wp\/v2\/pages\/9160","targetHints":{"allow":["GET"]}}],"collection":[{"href":"https:\/\/www.alliance-francaise.nl\/stedendriehoek\/wp-json\/wp\/v2\/pages"}],"about":[{"href":"https:\/\/www.alliance-francaise.nl\/stedendriehoek\/wp-json\/wp\/v2\/types\/page"}],"author":[{"embeddable":true,"href":"https:\/\/www.alliance-francaise.nl\/stedendriehoek\/wp-json\/wp\/v2\/users\/1"}],"replies":[{"embeddable":true,"href":"https:\/\/www.alliance-francaise.nl\/stedendriehoek\/wp-json\/wp\/v2\/comments?post=9160"}],"version-history":[{"count":16,"href":"https:\/\/www.alliance-francaise.nl\/stedendriehoek\/wp-json\/wp\/v2\/pages\/9160\/revisions"}],"predecessor-version":[{"id":10793,"href":"https:\/\/www.alliance-francaise.nl\/stedendriehoek\/wp-json\/wp\/v2\/pages\/9160\/revisions\/10793"}],"wp:attachment":[{"href":"https:\/\/www.alliance-francaise.nl\/stedendriehoek\/wp-json\/wp\/v2\/media?parent=9160"}],"curies":[{"name":"wp","href":"https:\/\/api.w.org\/{rel}","templated":true}]}}