{"id":9115,"date":"2023-10-18T15:10:15","date_gmt":"2023-10-18T13:10:15","guid":{"rendered":"https:\/\/www.alliance-francaise.nl\/stedendriehoek\/?page_id=9115"},"modified":"2026-04-02T13:14:20","modified_gmt":"2026-04-02T11:14:20","slug":"contact","status":"publish","type":"page","link":"https:\/\/www.alliance-francaise.nl\/stedendriehoek\/fr\/contact\/","title":{"rendered":"Contact"},"content":{"rendered":"\t\t<div data-elementor-type=\"wp-page\" data-elementor-id=\"9115\" class=\"elementor elementor-9115\" data-elementor-post-type=\"page\">\n\t\t\t\t<div class=\"elementor-element elementor-element-964d89d e-flex e-con-boxed e-con e-parent\" data-id=\"964d89d\" data-element_type=\"container\" data-e-type=\"container\" data-settings=\"{&quot;background_background&quot;:&quot;classic&quot;}\">\n\t\t\t\t\t<div class=\"e-con-inner\">\n\t\t<div class=\"elementor-element elementor-element-ef360a7 e-con-full e-flex e-con e-child\" data-id=\"ef360a7\" data-element_type=\"container\" data-e-type=\"container\">\n\t\t\t\t<\/div>\n\t\t\t\t\t<\/div>\n\t\t\t\t<\/div>\n\t\t\t\t<section class=\"elementor-section elementor-top-section elementor-element elementor-element-6e901f9f elementor-section-boxed elementor-section-height-default elementor-section-height-default\" data-id=\"6e901f9f\" data-element_type=\"section\" data-e-type=\"section\">\n\t\t\t\t\t\t<div class=\"elementor-container elementor-column-gap-default\">\n\t\t\t\t\t<div class=\"elementor-column elementor-col-100 elementor-top-column elementor-element elementor-element-2a1d900\" data-id=\"2a1d900\" data-element_type=\"column\" data-e-type=\"column\" data-settings=\"{&quot;background_background&quot;:&quot;classic&quot;}\">\n\t\t\t<div class=\"elementor-widget-wrap elementor-element-populated\">\n\t\t\t\t\t<div class=\"elementor-background-overlay\"><\/div>\n\t\t\t\t\t\t<div class=\"elementor-element elementor-element-63a7fe83 elementor-widget elementor-widget-heading\" data-id=\"63a7fe83\" data-element_type=\"widget\" data-e-type=\"widget\" data-widget_type=\"heading.default\">\n\t\t\t\t<div class=\"elementor-widget-container\">\n\t\t\t\t\t<h1 class=\"elementor-heading-title elementor-size-default\">Comment pouvez-vous nous contacter ?<\/h1>\t\t\t\t<\/div>\n\t\t\t\t<\/div>\n\t\t\t\t\t<\/div>\n\t\t<\/div>\n\t\t\t\t\t<\/div>\n\t\t<\/section>\n\t\t<div class=\"elementor-element elementor-element-fcf3078 e-flex e-con-boxed e-con e-parent\" data-id=\"fcf3078\" data-element_type=\"container\" data-e-type=\"container\" data-settings=\"{&quot;background_background&quot;:&quot;classic&quot;}\">\n\t\t\t\t\t<div class=\"e-con-inner\">\n\t\t<div class=\"elementor-element elementor-element-0221414 e-con-full e-flex e-con e-child\" data-id=\"0221414\" data-element_type=\"container\" data-e-type=\"container\">\n\t\t\t\t<div class=\"elementor-element elementor-element-ece0122 elementor-widget elementor-widget-heading\" data-id=\"ece0122\" data-element_type=\"widget\" data-e-type=\"widget\" data-widget_type=\"heading.default\">\n\t\t\t\t<div class=\"elementor-widget-container\">\n\t\t\t\t\t<h2 class=\"elementor-heading-title elementor-size-default\">Correspondance<\/h2>\t\t\t\t<\/div>\n\t\t\t\t<\/div>\n\t\t\t\t<\/div>\n\t\t\t\t\t<\/div>\n\t\t\t\t<\/div>\n\t\t<div class=\"elementor-element elementor-element-31faab9 e-flex e-con-boxed e-con e-parent\" data-id=\"31faab9\" data-element_type=\"container\" data-e-type=\"container\" data-settings=\"{&quot;background_background&quot;:&quot;classic&quot;}\">\n\t\t\t\t\t<div class=\"e-con-inner\">\n\t\t<div class=\"elementor-element elementor-element-c08f4a5 e-con-full e-flex e-con e-child\" data-id=\"c08f4a5\" data-element_type=\"container\" data-e-type=\"container\">\n\t\t\t\t<div class=\"elementor-element elementor-element-0837a1f elementor-widget elementor-widget-heading\" data-id=\"0837a1f\" data-element_type=\"widget\" data-e-type=\"widget\" data-widget_type=\"heading.default\">\n\t\t\t\t<div class=\"elementor-widget-container\">\n\t\t\t\t\t<div class=\"elementor-heading-title elementor-size-default\">G\u00e9n\u00e9ral<\/div>\t\t\t\t<\/div>\n\t\t\t\t<\/div>\n\t\t\t\t<div class=\"elementor-element elementor-element-55b8d33 elementor-widget elementor-widget-text-editor\" data-id=\"55b8d33\" data-element_type=\"widget\" data-e-type=\"widget\" data-widget_type=\"text-editor.default\">\n\t\t\t\t<div class=\"elementor-widget-container\">\n\t\t\t\t\t\t\t\t\t<p>Secretariaat Alliance Fran\u00e7aise Stedendriehoek<br \/>Julianalaan 18<br \/>7315 CD Apeldoorn<\/p><p>E-mail: <strong><a href=\"mailto:secr.stedendriehoek@afpb.nl\">secr.stedendriehoek@afpb.nl<\/a><\/strong><\/p><p>Kamer van Koophandel handelsregister nummer 90635671<\/p>\t\t\t\t\t\t\t\t<\/div>\n\t\t\t\t<\/div>\n\t\t\t\t<\/div>\n\t\t<div class=\"elementor-element elementor-element-1129a49 e-con-full e-flex e-con e-child\" data-id=\"1129a49\" data-element_type=\"container\" data-e-type=\"container\">\n\t\t\t\t<div class=\"elementor-element elementor-element-2a983ed elementor-widget elementor-widget-heading\" data-id=\"2a983ed\" data-element_type=\"widget\" data-e-type=\"widget\" data-widget_type=\"heading.default\">\n\t\t\t\t<div class=\"elementor-widget-container\">\n\t\t\t\t\t<div class=\"elementor-heading-title elementor-size-default\">Toutes les paiements<\/div>\t\t\t\t<\/div>\n\t\t\t\t<\/div>\n\t\t\t\t<div class=\"elementor-element elementor-element-22eab63 elementor-widget elementor-widget-text-editor\" data-id=\"22eab63\" data-element_type=\"widget\" data-e-type=\"widget\" data-widget_type=\"text-editor.default\">\n\t\t\t\t<div class=\"elementor-widget-container\">\n\t\t\t\t\t\t\t\t\t<p>IBAN:\u00a0 NL14 INGB 0101 7922 47 <br \/>au nom du Tr\u00e9sorier Alliance Fran\u00e7aise Stedendriehoek<\/p><p><strong>Frais d&#8217;<a href=\"https:\/\/www.alliance-francaise.nl\/stedendriehoek\/fr\/devenir-membre\/\" target=\"_blank\" rel=\"noopener\">adh\u00e9sion<\/a>:<\/strong><br \/>\u20ac 30,- par personne; \u20ac 45,-\u00a0 par couple.<\/p>\t\t\t\t\t\t\t\t<\/div>\n\t\t\t\t<\/div>\n\t\t\t\t<div class=\"elementor-element elementor-element-75e0a6f elementor-widget elementor-widget-heading\" data-id=\"75e0a6f\" data-element_type=\"widget\" data-e-type=\"widget\" data-widget_type=\"heading.default\">\n\t\t\t\t<div class=\"elementor-widget-container\">\n\t\t\t\t\t<div class=\"elementor-heading-title elementor-size-default\">Le comit\u00e9<\/div>\t\t\t\t<\/div>\n\t\t\t\t<\/div>\n\t\t\t\t<div class=\"elementor-element elementor-element-803b8d2 elementor-widget elementor-widget-text-editor\" data-id=\"803b8d2\" data-element_type=\"widget\" data-e-type=\"widget\" data-widget_type=\"text-editor.default\">\n\t\t\t\t<div class=\"elementor-widget-container\">\n\t\t\t\t\t\t\t\t\t<p>Vous trouverez les informations sur notre comit\u00e9 <strong><a href=\"https:\/\/www.alliance-francaise.nl\/stedendriehoek\/fr\/le-comite\/\">ici !<\/a><\/strong><\/p>\t\t\t\t\t\t\t\t<\/div>\n\t\t\t\t<\/div>\n\t\t\t\t<\/div>\n\t\t\t\t\t<\/div>\n\t\t\t\t<\/div>\n\t\t<div class=\"elementor-element elementor-element-f38ce6c e-flex e-con-boxed e-con e-parent\" data-id=\"f38ce6c\" data-element_type=\"container\" data-e-type=\"container\">\n\t\t\t\t\t<div class=\"e-con-inner\">\n\t\t<div class=\"elementor-element elementor-element-2ba7729 e-con-full e-flex e-con e-child\" data-id=\"2ba7729\" data-element_type=\"container\" data-e-type=\"container\">\n\t\t\t\t<div class=\"elementor-element elementor-element-0b68bba elementor-widget elementor-widget-spacer\" data-id=\"0b68bba\" data-element_type=\"widget\" data-e-type=\"widget\" data-widget_type=\"spacer.default\">\n\t\t\t\t<div class=\"elementor-widget-container\">\n\t\t\t\t\t\t\t<div class=\"elementor-spacer\">\n\t\t\t<div class=\"elementor-spacer-inner\"><\/div>\n\t\t<\/div>\n\t\t\t\t\t\t<\/div>\n\t\t\t\t<\/div>\n\t\t\t\t<\/div>\n\t\t\t\t\t<\/div>\n\t\t\t\t<\/div>\n\t\t\t\t<\/div>\n\t\t","protected":false},"excerpt":{"rendered":"<p>Comment pouvez-vous nous contacter ? Correspondance G\u00e9n\u00e9ral Secretariaat Alliance Fran\u00e7aise StedendriehoekJulianalaan 187315 CD Apeldoorn E-mail: secr.stedendriehoek@afpb.nl Kamer van Koophandel handelsregister nummer 90635671 Toutes les paiements IBAN:\u00a0 NL14 INGB 0101 7922 [&hellip;]<\/p>\n","protected":false},"author":1,"featured_media":0,"parent":0,"menu_order":0,"comment_status":"closed","ping_status":"closed","template":"elementor_header_footer","meta":{"footnotes":""},"class_list":["post-9115","page","type-page","status-publish","hentry"],"_links":{"self":[{"href":"https:\/\/www.alliance-francaise.nl\/stedendriehoek\/wp-json\/wp\/v2\/pages\/9115","targetHints":{"allow":["GET"]}}],"collection":[{"href":"https:\/\/www.alliance-francaise.nl\/stedendriehoek\/wp-json\/wp\/v2\/pages"}],"about":[{"href":"https:\/\/www.alliance-francaise.nl\/stedendriehoek\/wp-json\/wp\/v2\/types\/page"}],"author":[{"embeddable":true,"href":"https:\/\/www.alliance-francaise.nl\/stedendriehoek\/wp-json\/wp\/v2\/users\/1"}],"replies":[{"embeddable":true,"href":"https:\/\/www.alliance-francaise.nl\/stedendriehoek\/wp-json\/wp\/v2\/comments?post=9115"}],"version-history":[{"count":20,"href":"https:\/\/www.alliance-francaise.nl\/stedendriehoek\/wp-json\/wp\/v2\/pages\/9115\/revisions"}],"predecessor-version":[{"id":17353,"href":"https:\/\/www.alliance-francaise.nl\/stedendriehoek\/wp-json\/wp\/v2\/pages\/9115\/revisions\/17353"}],"wp:attachment":[{"href":"https:\/\/www.alliance-francaise.nl\/stedendriehoek\/wp-json\/wp\/v2\/media?parent=9115"}],"curies":[{"name":"wp","href":"https:\/\/api.w.org\/{rel}","templated":true}]}}