{"id":5029,"date":"2023-01-23T13:11:58","date_gmt":"2023-01-23T12:11:58","guid":{"rendered":"https:\/\/www.alliance-francaise.nl\/stedendriehoek\/?page_id=5029"},"modified":"2023-11-12T16:00:39","modified_gmt":"2023-11-12T15:00:39","slug":"europees-referentiekader","status":"publish","type":"page","link":"https:\/\/www.alliance-francaise.nl\/stedendriehoek\/europees-referentiekader\/","title":{"rendered":"Europees referentiekader"},"content":{"rendered":"\t\t<div data-elementor-type=\"wp-page\" data-elementor-id=\"5029\" class=\"elementor elementor-5029\" data-elementor-post-type=\"page\">\n\t\t\t\t\t\t<section class=\"elementor-section elementor-top-section elementor-element elementor-element-1ca6e1ff elementor-section-boxed elementor-section-height-default elementor-section-height-default\" data-id=\"1ca6e1ff\" data-element_type=\"section\" data-e-type=\"section\" data-settings=\"{&quot;background_background&quot;:&quot;classic&quot;}\">\n\t\t\t\t\t\t<div class=\"elementor-container elementor-column-gap-default\">\n\t\t\t\t\t<div class=\"elementor-column elementor-col-100 elementor-top-column elementor-element elementor-element-cc7b75e\" data-id=\"cc7b75e\" data-element_type=\"column\" data-e-type=\"column\">\n\t\t\t<div class=\"elementor-widget-wrap\">\n\t\t\t\t\t\t\t<\/div>\n\t\t<\/div>\n\t\t\t\t\t<\/div>\n\t\t<\/section>\n\t\t\t\t<section class=\"elementor-section elementor-top-section elementor-element elementor-element-1e0550b8 elementor-section-boxed elementor-section-height-default elementor-section-height-default\" data-id=\"1e0550b8\" data-element_type=\"section\" data-e-type=\"section\">\n\t\t\t\t\t\t<div class=\"elementor-container elementor-column-gap-default\">\n\t\t\t\t\t<div class=\"elementor-column elementor-col-100 elementor-top-column elementor-element elementor-element-ea44077\" data-id=\"ea44077\" data-element_type=\"column\" data-e-type=\"column\" data-settings=\"{&quot;background_background&quot;:&quot;classic&quot;}\">\n\t\t\t<div class=\"elementor-widget-wrap elementor-element-populated\">\n\t\t\t\t\t<div class=\"elementor-background-overlay\"><\/div>\n\t\t\t\t\t\t<div class=\"elementor-element elementor-element-5c7d3081 elementor-widget elementor-widget-heading\" data-id=\"5c7d3081\" data-element_type=\"widget\" data-e-type=\"widget\" data-widget_type=\"heading.default\">\n\t\t\t\t<div class=\"elementor-widget-container\">\n\t\t\t\t\t<h1 class=\"elementor-heading-title elementor-size-default\">Europees referentiekader voor talen<\/h1>\t\t\t\t<\/div>\n\t\t\t\t<\/div>\n\t\t\t\t\t<\/div>\n\t\t<\/div>\n\t\t\t\t\t<\/div>\n\t\t<\/section>\n\t\t<div class=\"elementor-element elementor-element-6e10b5e e-flex e-con-boxed e-con e-parent\" data-id=\"6e10b5e\" data-element_type=\"container\" data-e-type=\"container\">\n\t\t\t\t\t<div class=\"e-con-inner\">\n\t\t<div class=\"elementor-element elementor-element-c5caf18 e-con-full e-flex e-con e-child\" data-id=\"c5caf18\" data-element_type=\"container\" data-e-type=\"container\">\n\t\t\t\t<div class=\"elementor-element elementor-element-982d946 elementor-widget elementor-widget-heading\" data-id=\"982d946\" data-element_type=\"widget\" data-e-type=\"widget\" data-widget_type=\"heading.default\">\n\t\t\t\t<div class=\"elementor-widget-container\">\n\t\t\t\t\t<h2 class=\"elementor-heading-title elementor-size-default\">Cadre Europ\u00e9en Commun de R\u00e9f\u00e9rence (CECR)<\/h2>\t\t\t\t<\/div>\n\t\t\t\t<\/div>\n\t\t\t\t<div class=\"elementor-element elementor-element-3aa951b elementor-widget elementor-widget-text-editor\" data-id=\"3aa951b\" data-element_type=\"widget\" data-e-type=\"widget\" data-widget_type=\"text-editor.default\">\n\t\t\t\t<div class=\"elementor-widget-container\">\n\t\t\t\t\t\t\t\t\t<p>De Alliance Fran\u00e7aise maakt gebruik van het\u00a0<b>Europese Referentiekader<\/b>\u00a0om het niveau van de cursussen aan te geven. Dit referentiekader is ontwikkeld onder leiding van de Raad van Europa met als doelstelling de beschrijving van de taalvaardigheidsniveaus voor de verschillende Europese talen te standaardiseren. Het referentiekader beschrijft verschillende taalvaardigheden op zes niveaus (A1, A2, B1, B2, C1 en C2). Deze beschrijvingen hebben een universele geldigheid: niveau A2 bij Frans veronderstelt dus dezelfde vaardigheden als niveau A2 bij Duits of Engels.<\/p>\t\t\t\t\t\t\t\t<\/div>\n\t\t\t\t<\/div>\n\t\t\t\t<div class=\"elementor-element elementor-element-0bc4242 elementor-widget elementor-widget-image\" data-id=\"0bc4242\" data-element_type=\"widget\" data-e-type=\"widget\" data-widget_type=\"image.default\">\n\t\t\t\t<div class=\"elementor-widget-container\">\n\t\t\t\t\t\t\t\t\t\t\t\t\t\t\t<img fetchpriority=\"high\" decoding=\"async\" width=\"263\" height=\"206\" src=\"https:\/\/www.alliance-francaise.nl\/stedendriehoek\/wp-content\/uploads\/sites\/37\/2023\/01\/council_europe_conseil_europe_263_206.jpg\" class=\"attachment-large size-large wp-image-5031\" alt=\"\" \/>\t\t\t\t\t\t\t\t\t\t\t\t\t\t\t<\/div>\n\t\t\t\t<\/div>\n\t\t\t\t<div class=\"elementor-element elementor-element-7c5f0dd elementor-widget elementor-widget-heading\" data-id=\"7c5f0dd\" data-element_type=\"widget\" data-e-type=\"widget\" data-widget_type=\"heading.default\">\n\t\t\t\t<div class=\"elementor-widget-container\">\n\t\t\t\t\t<h2 class=\"elementor-heading-title elementor-size-default\">Niveaus<\/h2>\t\t\t\t<\/div>\n\t\t\t\t<\/div>\n\t\t\t\t<\/div>\n\t\t\t\t\t<\/div>\n\t\t\t\t<\/div>\n\t\t<div class=\"elementor-element elementor-element-3237b4a e-flex e-con-boxed e-con e-parent\" data-id=\"3237b4a\" data-element_type=\"container\" data-e-type=\"container\">\n\t\t\t\t\t<div class=\"e-con-inner\">\n\t\t<div class=\"elementor-element elementor-element-5f8be22 e-con-full e-flex e-con e-child\" data-id=\"5f8be22\" data-element_type=\"container\" data-e-type=\"container\">\n\t\t\t\t<div class=\"elementor-element elementor-element-bae549a elementor-widget elementor-widget-text-editor\" data-id=\"bae549a\" data-element_type=\"widget\" data-e-type=\"widget\" data-widget_type=\"text-editor.default\">\n\t\t\t\t<div class=\"elementor-widget-container\">\n\t\t\t\t\t\t\t\t\t<p><strong>A 1.1<\/strong><\/p><p><strong>A 1.2<\/strong><\/p><p><strong>A 2.1<\/strong><\/p><p><strong>A 2.2<\/strong><\/p>\t\t\t\t\t\t\t\t<\/div>\n\t\t\t\t<\/div>\n\t\t\t\t<\/div>\n\t\t<div class=\"elementor-element elementor-element-a2a6e08 e-con-full e-flex e-con e-child\" data-id=\"a2a6e08\" data-element_type=\"container\" data-e-type=\"container\">\n\t\t\t\t<div class=\"elementor-element elementor-element-b664235 elementor-widget elementor-widget-text-editor\" data-id=\"b664235\" data-element_type=\"widget\" data-e-type=\"widget\" data-widget_type=\"text-editor.default\">\n\t\t\t\t<div class=\"elementor-widget-container\">\n\t\t\t\t\t\t\t\t\t<p>Wie nog nooit Frans heeft geleerd.<\/p><p>Wie ooit 1 of 2 jaar Frans heeft gevolgd en nu graag weer (versneld) opnieuw wil beginnen.<\/p><p>Voor wie ooit ca. 3 jaar Frans heeft gevolgd en nog eenvoudige zinnen kan maken in de tegenwoordige tijd.<\/p><p>Voor cursisten met ca. 4 jaar ervaring in het verleden of instromers uit groep A2.1, die al makkelijk eigen zinnen kunnen maken over praktische situaties, ook in de verleden tijd<\/p>\t\t\t\t\t\t\t\t<\/div>\n\t\t\t\t<\/div>\n\t\t\t\t<\/div>\n\t\t\t\t\t<\/div>\n\t\t\t\t<\/div>\n\t\t<div class=\"elementor-element elementor-element-2ac9a3f e-flex e-con-boxed e-con e-parent\" data-id=\"2ac9a3f\" data-element_type=\"container\" data-e-type=\"container\">\n\t\t\t\t\t<div class=\"e-con-inner\">\n\t\t<div class=\"elementor-element elementor-element-4542920 e-con-full e-flex e-con e-child\" data-id=\"4542920\" data-element_type=\"container\" data-e-type=\"container\">\n\t\t\t\t<div class=\"elementor-element elementor-element-4257e05 elementor-widget elementor-widget-text-editor\" data-id=\"4257e05\" data-element_type=\"widget\" data-e-type=\"widget\" data-widget_type=\"text-editor.default\">\n\t\t\t\t<div class=\"elementor-widget-container\">\n\t\t\t\t\t\t\t\t\t<p><strong>B 1.1<\/strong><\/p><p><strong>\u00a0<\/strong><\/p><p><strong style=\"color: var( --e-global-color-text );font-family: var( --e-global-typography-text-font-family ), Open-sans;text-align: var(--text-align);font-size: 1rem\"><br \/>B 1.2<\/strong><\/p><p><strong style=\"color: var( --e-global-color-text );font-family: var( --e-global-typography-text-font-family ), Open-sans;text-align: var(--text-align);font-size: 1rem\">\u00a0<\/strong><\/p><p><strong>B 2.1<br \/><\/strong><strong style=\"color: var( --e-global-color-text );font-family: var( --e-global-typography-text-font-family ), Open-sans;text-align: var(--text-align);font-size: 1rem\">B 2.2<\/strong><\/p>\t\t\t\t\t\t\t\t<\/div>\n\t\t\t\t<\/div>\n\t\t\t\t<\/div>\n\t\t<div class=\"elementor-element elementor-element-61e5b05 e-con-full e-flex e-con e-child\" data-id=\"61e5b05\" data-element_type=\"container\" data-e-type=\"container\">\n\t\t\t\t<div class=\"elementor-element elementor-element-6638ffa elementor-widget elementor-widget-text-editor\" data-id=\"6638ffa\" data-element_type=\"widget\" data-e-type=\"widget\" data-widget_type=\"text-editor.default\">\n\t\t\t\t<div class=\"elementor-widget-container\">\n\t\t\t\t\t\t\t\t\t<p>Voor wie A2.2 heeft gevolgd of in het verleden ca. 5 jaar Frans heeft gevolgd en al een kort verhaal in het Frans kan houden over zijn eigen ervaringen, op een eenvoudige manier een mening kan geven over praktische onderwerpen en meerdere werkwoordtijden probeert te gebruiken.<\/p><p><span style=\"color: var( --e-global-color-text );font-family: var( --e-global-typography-text-font-family ), Open-sans;font-weight: var( --e-global-typography-text-font-weight );text-align: var(--text-align);font-size: 1rem\">Voor wie B1.1. heeft gevolgd of zich goed kan uitdrukken in alle praktische situaties, redelijk makkelijk over zijn eigen ervaringen kan praten en een mening kan geven over onderwerpen waarin hij\/zij ge\u00efnteresseerd is; men kan al meerdere werkwoordtijden gebruiken.<\/span><\/p><p>Voor wie zich al heel goed kan uitdrukken in het Frans over zijn eigen leefomgeving en over meer onderwerpen wil praten, ook in een rustig gesprek wil kunnen discussi\u00ebren over diverse onderwerpen van de samenleving: men kan nog enige grammaticale steun op hoog niveau gebruiken.<span style=\"color: var( --e-global-color-text );font-family: var( --e-global-typography-text-font-family ), Open-sans;font-weight: var( --e-global-typography-text-font-weight );text-align: var(--text-align);font-size: 1rem\"><br \/><\/span><\/p>\t\t\t\t\t\t\t\t<\/div>\n\t\t\t\t<\/div>\n\t\t\t\t<\/div>\n\t\t\t\t\t<\/div>\n\t\t\t\t<\/div>\n\t\t<div class=\"elementor-element elementor-element-df03f6f e-flex e-con-boxed e-con e-parent\" data-id=\"df03f6f\" data-element_type=\"container\" data-e-type=\"container\">\n\t\t\t\t\t<div class=\"e-con-inner\">\n\t\t<div class=\"elementor-element elementor-element-b0a99f8 e-con-full e-flex e-con e-child\" data-id=\"b0a99f8\" data-element_type=\"container\" data-e-type=\"container\">\n\t\t\t\t<div class=\"elementor-element elementor-element-6d2e840 elementor-widget elementor-widget-text-editor\" data-id=\"6d2e840\" data-element_type=\"widget\" data-e-type=\"widget\" data-widget_type=\"text-editor.default\">\n\t\t\t\t<div class=\"elementor-widget-container\">\n\t\t\t\t\t\t\t\t\t<p><strong>C 1<\/strong><\/p>\t\t\t\t\t\t\t\t<\/div>\n\t\t\t\t<\/div>\n\t\t\t\t<\/div>\n\t\t<div class=\"elementor-element elementor-element-8bc6f0a e-con-full e-flex e-con e-child\" data-id=\"8bc6f0a\" data-element_type=\"container\" data-e-type=\"container\">\n\t\t\t\t<div class=\"elementor-element elementor-element-4780794 elementor-widget elementor-widget-text-editor\" data-id=\"4780794\" data-element_type=\"widget\" data-e-type=\"widget\" data-widget_type=\"text-editor.default\">\n\t\t\t\t<div class=\"elementor-widget-container\">\n\t\t\t\t\t\t\t\t\t<p>Voor wie zijn Frans bij wil houden op een hoog niveau en (bijvoorbeeld) wil discussi\u00ebren over artikelen uit de media.<\/p>\t\t\t\t\t\t\t\t<\/div>\n\t\t\t\t<\/div>\n\t\t\t\t<\/div>\n\t\t\t\t\t<\/div>\n\t\t\t\t<\/div>\n\t\t<div class=\"elementor-element elementor-element-6d40000 e-flex e-con-boxed e-con e-parent\" data-id=\"6d40000\" data-element_type=\"container\" data-e-type=\"container\" data-settings=\"{&quot;background_background&quot;:&quot;classic&quot;}\">\n\t\t\t\t\t<div class=\"e-con-inner\">\n\t\t<div class=\"elementor-element elementor-element-0a917f7 e-con-full e-flex e-con e-child\" data-id=\"0a917f7\" data-element_type=\"container\" data-e-type=\"container\">\n\t\t\t\t<div class=\"elementor-element elementor-element-a82ac99 elementor-widget elementor-widget-text-editor\" data-id=\"a82ac99\" data-element_type=\"widget\" data-e-type=\"widget\" data-widget_type=\"text-editor.default\">\n\t\t\t\t<div class=\"elementor-widget-container\">\n\t\t\t\t\t\t\t\t\t<p>Voor de verschillende niveaus zijn de volgende vaardigheden benodigd:<\/p><ul><li>Luistervaardigheid<\/li><li>Leesvaardigheid<\/li><li>Schriftelijke uitdrukkingsvaardigheid<\/li><li>Mondelinge uitdrukkingsvaardigheid<\/li><\/ul>\t\t\t\t\t\t\t\t<\/div>\n\t\t\t\t<\/div>\n\t\t\t\t<\/div>\n\t\t\t\t\t<\/div>\n\t\t\t\t<\/div>\n\t\t\t\t<\/div>\n\t\t","protected":false},"excerpt":{"rendered":"<p>Europees referentiekader voor talen Cadre Europ\u00e9en Commun de R\u00e9f\u00e9rence (CECR) De Alliance Fran\u00e7aise maakt gebruik van het\u00a0Europese Referentiekader\u00a0om het niveau van de cursussen aan te geven. Dit referentiekader is ontwikkeld [&hellip;]<\/p>\n","protected":false},"author":1,"featured_media":0,"parent":0,"menu_order":0,"comment_status":"closed","ping_status":"closed","template":"elementor_header_footer","meta":{"footnotes":""},"class_list":["post-5029","page","type-page","status-publish","hentry"],"_links":{"self":[{"href":"https:\/\/www.alliance-francaise.nl\/stedendriehoek\/wp-json\/wp\/v2\/pages\/5029","targetHints":{"allow":["GET"]}}],"collection":[{"href":"https:\/\/www.alliance-francaise.nl\/stedendriehoek\/wp-json\/wp\/v2\/pages"}],"about":[{"href":"https:\/\/www.alliance-francaise.nl\/stedendriehoek\/wp-json\/wp\/v2\/types\/page"}],"author":[{"embeddable":true,"href":"https:\/\/www.alliance-francaise.nl\/stedendriehoek\/wp-json\/wp\/v2\/users\/1"}],"replies":[{"embeddable":true,"href":"https:\/\/www.alliance-francaise.nl\/stedendriehoek\/wp-json\/wp\/v2\/comments?post=5029"}],"version-history":[{"count":14,"href":"https:\/\/www.alliance-francaise.nl\/stedendriehoek\/wp-json\/wp\/v2\/pages\/5029\/revisions"}],"predecessor-version":[{"id":10199,"href":"https:\/\/www.alliance-francaise.nl\/stedendriehoek\/wp-json\/wp\/v2\/pages\/5029\/revisions\/10199"}],"wp:attachment":[{"href":"https:\/\/www.alliance-francaise.nl\/stedendriehoek\/wp-json\/wp\/v2\/media?parent=5029"}],"curies":[{"name":"wp","href":"https:\/\/api.w.org\/{rel}","templated":true}]}}