{"id":4460,"date":"2023-01-13T20:26:26","date_gmt":"2023-01-13T19:26:26","guid":{"rendered":"https:\/\/www.alliance-francaise.nl\/stedendriehoek\/?page_id=4460"},"modified":"2023-11-26T12:26:01","modified_gmt":"2023-11-26T11:26:01","slug":"media","status":"publish","type":"page","link":"https:\/\/www.alliance-francaise.nl\/stedendriehoek\/media\/","title":{"rendered":"Media"},"content":{"rendered":"\t\t<div data-elementor-type=\"wp-page\" data-elementor-id=\"4460\" class=\"elementor elementor-4460\" data-elementor-post-type=\"page\">\n\t\t\t\t<div class=\"elementor-element elementor-element-743143b e-flex e-con-boxed e-con e-parent\" data-id=\"743143b\" data-element_type=\"container\" data-e-type=\"container\">\n\t\t\t\t\t<div class=\"e-con-inner\">\n\t\t\t\t<div class=\"elementor-element elementor-element-fda47d6 elementor-arrows-position-inside elementor-pagination-position-outside elementor-widget elementor-widget-image-carousel\" data-id=\"fda47d6\" data-element_type=\"widget\" data-e-type=\"widget\" data-settings=\"{&quot;slides_to_show&quot;:&quot;5&quot;,&quot;navigation&quot;:&quot;both&quot;,&quot;autoplay&quot;:&quot;yes&quot;,&quot;pause_on_hover&quot;:&quot;yes&quot;,&quot;pause_on_interaction&quot;:&quot;yes&quot;,&quot;autoplay_speed&quot;:5000,&quot;infinite&quot;:&quot;yes&quot;,&quot;speed&quot;:500}\" data-widget_type=\"image-carousel.default\">\n\t\t\t\t<div class=\"elementor-widget-container\">\n\t\t\t\t\t\t\t<div class=\"elementor-image-carousel-wrapper swiper\" role=\"region\" aria-roledescription=\"carousel\" aria-label=\"Afbeelding carrousel\" dir=\"ltr\">\n\t\t\t<div class=\"elementor-image-carousel swiper-wrapper\" aria-live=\"off\">\n\t\t\t\t\t\t\t\t<div class=\"swiper-slide\" role=\"group\" aria-roledescription=\"slide\" aria-label=\"1 van 6\"><figure class=\"swiper-slide-inner\"><img decoding=\"async\" class=\"swiper-slide-image\" src=\"https:\/\/www.alliance-francaise.nl\/stedendriehoek\/wp-content\/uploads\/sites\/37\/2023\/11\/Frankrijk-01-150x150.jpg\" alt=\"Frankrijk 01\" \/><\/figure><\/div><div class=\"swiper-slide\" role=\"group\" aria-roledescription=\"slide\" aria-label=\"2 van 6\"><figure class=\"swiper-slide-inner\"><img decoding=\"async\" class=\"swiper-slide-image\" src=\"https:\/\/www.alliance-francaise.nl\/stedendriehoek\/wp-content\/uploads\/sites\/37\/2023\/11\/Frankrijk-06-150x150.jpeg\" alt=\"Frankrijk 06\" \/><\/figure><\/div><div class=\"swiper-slide\" role=\"group\" aria-roledescription=\"slide\" aria-label=\"3 van 6\"><figure class=\"swiper-slide-inner\"><img decoding=\"async\" class=\"swiper-slide-image\" src=\"https:\/\/www.alliance-francaise.nl\/stedendriehoek\/wp-content\/uploads\/sites\/37\/2023\/11\/Frankrijk-03-150x150.jpeg\" alt=\"Frankrijk 03\" \/><\/figure><\/div><div class=\"swiper-slide\" role=\"group\" aria-roledescription=\"slide\" aria-label=\"4 van 6\"><figure class=\"swiper-slide-inner\"><img decoding=\"async\" class=\"swiper-slide-image\" src=\"https:\/\/www.alliance-francaise.nl\/stedendriehoek\/wp-content\/uploads\/sites\/37\/2023\/11\/Frankrijk-04-150x150.jpeg\" alt=\"Frankrijk 04\" \/><\/figure><\/div><div class=\"swiper-slide\" role=\"group\" aria-roledescription=\"slide\" aria-label=\"5 van 6\"><figure class=\"swiper-slide-inner\"><img decoding=\"async\" class=\"swiper-slide-image\" src=\"https:\/\/www.alliance-francaise.nl\/stedendriehoek\/wp-content\/uploads\/sites\/37\/2023\/11\/Frankrijk-05-150x150.jpg\" alt=\"Frankrijk 05\" \/><\/figure><\/div><div class=\"swiper-slide\" role=\"group\" aria-roledescription=\"slide\" aria-label=\"6 van 6\"><figure class=\"swiper-slide-inner\"><img decoding=\"async\" class=\"swiper-slide-image\" src=\"https:\/\/www.alliance-francaise.nl\/stedendriehoek\/wp-content\/uploads\/sites\/37\/2023\/11\/Frankrijk-02-150x150.jpg\" alt=\"Frankrijk 02\" \/><\/figure><\/div>\t\t\t<\/div>\n\t\t\t\t\t\t\t\t\t\t\t\t<div class=\"elementor-swiper-button elementor-swiper-button-prev\" role=\"button\" tabindex=\"0\">\n\t\t\t\t\t\t<i aria-hidden=\"true\" class=\"eicon-chevron-left\"><\/i>\t\t\t\t\t<\/div>\n\t\t\t\t\t<div class=\"elementor-swiper-button elementor-swiper-button-next\" role=\"button\" tabindex=\"0\">\n\t\t\t\t\t\t<i aria-hidden=\"true\" class=\"eicon-chevron-right\"><\/i>\t\t\t\t\t<\/div>\n\t\t\t\t\n\t\t\t\t\t\t\t\t\t<div class=\"swiper-pagination\"><\/div>\n\t\t\t\t\t\t\t\t\t<\/div>\n\t\t\t\t\t\t<\/div>\n\t\t\t\t<\/div>\n\t\t\t\t\t<\/div>\n\t\t\t\t<\/div>\n\t\t<div class=\"elementor-element elementor-element-8d8701c e-flex e-con-boxed e-con e-parent\" data-id=\"8d8701c\" data-element_type=\"container\" data-e-type=\"container\">\n\t\t\t\t\t<div class=\"e-con-inner\">\n\t\t\t\t<div class=\"elementor-element elementor-element-1379b73 elementor-widget elementor-widget-heading\" data-id=\"1379b73\" data-element_type=\"widget\" data-e-type=\"widget\" data-widget_type=\"heading.default\">\n\t\t\t\t<div class=\"elementor-widget-container\">\n\t\t\t\t\t<h2 class=\"elementor-heading-title elementor-size-default\">Kies onderstaand een categorie<\/h2>\t\t\t\t<\/div>\n\t\t\t\t<\/div>\n\t\t\t\t\t<\/div>\n\t\t\t\t<\/div>\n\t\t<div class=\"elementor-element elementor-element-d5d5af8 e-flex e-con-boxed e-con e-parent\" data-id=\"d5d5af8\" data-element_type=\"container\" data-e-type=\"container\">\n\t\t\t\t\t<div class=\"e-con-inner\">\n\t\t\t\t<div class=\"elementor-element elementor-element-2ba3ef9 elementor-widget elementor-widget-accordion\" data-id=\"2ba3ef9\" data-element_type=\"widget\" data-e-type=\"widget\" data-widget_type=\"accordion.default\">\n\t\t\t\t<div class=\"elementor-widget-container\">\n\t\t\t\t\t\t\t<div class=\"elementor-accordion\">\n\t\t\t\t\t\t\t<div class=\"elementor-accordion-item\">\n\t\t\t\t\t<h4 id=\"elementor-tab-title-4571\" class=\"elementor-tab-title\" data-tab=\"1\" role=\"button\" aria-controls=\"elementor-tab-content-4571\" aria-expanded=\"false\">\n\t\t\t\t\t\t\t\t\t\t\t\t\t<span class=\"elementor-accordion-icon elementor-accordion-icon-left\" aria-hidden=\"true\">\n\t\t\t\t\t\t\t\t\t\t\t\t\t\t\t<span class=\"elementor-accordion-icon-closed\"><i class=\"far fa-caret-square-down\"><\/i><\/span>\n\t\t\t\t\t\t\t\t<span class=\"elementor-accordion-icon-opened\"><i class=\"far fa-caret-square-up\"><\/i><\/span>\n\t\t\t\t\t\t\t\t\t\t\t\t\t\t<\/span>\n\t\t\t\t\t\t\t\t\t\t\t\t<a class=\"elementor-accordion-title\" tabindex=\"0\">Franse taal<\/a>\n\t\t\t\t\t<\/h4>\n\t\t\t\t\t<div id=\"elementor-tab-content-4571\" class=\"elementor-tab-content elementor-clearfix\" data-tab=\"1\" role=\"region\" aria-labelledby=\"elementor-tab-title-4571\"><ul><li><a href=\"http:\/\/apprendre.tv5monde.com\/\" target=\"_blank\" rel=\"noopener\">Apprendre la langue fran\u00e7aise &#8211; TV%MONDE<\/a><\/li><li><a href=\"http:\/\/parlons-francais.tv5monde.com\/webdocumentaires-pour-apprendre-le-francais\/Jeux\/p-90-lg0-Tous-les-jeux.htm\" target=\"_blank\" rel=\"noopener\">Jeux de langue \u00e0 plusieurs niveaux &#8211; TV5MONDE<\/a><\/li><li><a href=\"http:\/\/www.tv5monde.com\/cms\/chaine-francophone\/lf\/Merci-Professeur\/p-17081-Merci-Professeur.htm\" target=\"_blank\" rel=\"noopener\">Merci professeur &#8211; TV5MONDE<\/a><\/li><li><a href=\"http:\/\/parlons-francais.tv5monde.com\/webdocumentaires-pour-apprendre-le-francais\/p-108-lg0-Test-de-niveau.htm\" target=\"_blank\" rel=\"noopener\">Test de niveau &#8211; TV5MONDE<\/a><\/li><li><a href=\"http:\/\/leconjugueur.lefigaro.fr\/\" target=\"_blank\" rel=\"noopener\">Le conjugueur &#8211; Le Figaro<\/a><\/li><li><a href=\"http:\/\/www.verbuga.eu\/Mise\/Mise.html\" target=\"_blank\" rel=\"noopener\">Frans leren met Verbuga<\/a><\/li><li><a href=\"http:\/\/www.larousse.fr\/dictionnaires\/francais\" target=\"_blank\" rel=\"noopener\">Dictionnaires Larousse en ligne<\/a><\/li><li><a href=\"http:\/\/www.larousse.fr\/encyclopedie\" target=\"_blank\" rel=\"noopener\">Encyclop\u00e9die Larousse en ligne<\/a><\/li><li><a href=\"http:\/\/www.synonymes.com\/\" target=\"_blank\" rel=\"noopener\">Dictionnaire des synonymes et des antonymes Fran\u00e7ais<\/a><\/li><li><a href=\"https:\/\/www.talenvoortalent.nl\/\" target=\"_blank\" rel=\"noopener\">Talen voor talen(t) &#8211; Sylvain LeLarge<\/a><\/li><li><a href=\"http:\/\/franszelfsprekend.nl\/\" target=\"_blank\" rel=\"noopener\">Franszelfsprekend.nl<\/a><\/li><li><a href=\"http:\/\/www.ecoute.de\/\" target=\"_blank\" rel=\"noopener\">\u00c9coute<\/a><\/li><li><a href=\"http:\/\/www.nubeterfrans.nl\/website\/index.php\" target=\"_blank\" rel=\"noopener\">Nu beter Frans<\/a><\/li><\/ul><\/div>\n\t\t\t\t<\/div>\n\t\t\t\t\t\t\t<div class=\"elementor-accordion-item\">\n\t\t\t\t\t<h4 id=\"elementor-tab-title-4572\" class=\"elementor-tab-title\" data-tab=\"2\" role=\"button\" aria-controls=\"elementor-tab-content-4572\" aria-expanded=\"false\">\n\t\t\t\t\t\t\t\t\t\t\t\t\t<span class=\"elementor-accordion-icon elementor-accordion-icon-left\" aria-hidden=\"true\">\n\t\t\t\t\t\t\t\t\t\t\t\t\t\t\t<span class=\"elementor-accordion-icon-closed\"><i class=\"far fa-caret-square-down\"><\/i><\/span>\n\t\t\t\t\t\t\t\t<span class=\"elementor-accordion-icon-opened\"><i class=\"far fa-caret-square-up\"><\/i><\/span>\n\t\t\t\t\t\t\t\t\t\t\t\t\t\t<\/span>\n\t\t\t\t\t\t\t\t\t\t\t\t<a class=\"elementor-accordion-title\" tabindex=\"0\">Musea<\/a>\n\t\t\t\t\t<\/h4>\n\t\t\t\t\t<div id=\"elementor-tab-content-4572\" class=\"elementor-tab-content elementor-clearfix\" data-tab=\"2\" role=\"region\" aria-labelledby=\"elementor-tab-title-4572\"><ul><li><a href=\"http:\/\/www.culture.gouv.fr\/documentation\/museo\/index.htm\" target=\"_blank\" rel=\"noopener\">Mus\u00e9ofil &#8211; R\u00e9pertoire des mus\u00e9es Fran\u00e7ais<\/a><\/li><li><a href=\"http:\/\/www.parisinfo.com\/visiter-a-paris\/musees\" target=\"_blank\" rel=\"noopener\">Mus\u00e9es de Paris<\/a><\/li><li><a href=\"http:\/\/www.louvre.fr\/\" target=\"_blank\" rel=\"noopener\">Mus\u00e9e du Louvre &#8211; Paris<\/a><\/li><li><a href=\"http:\/\/www.musee-orsay.fr\/\" target=\"_blank\" rel=\"noopener\">Mus\u00e9e d&#8217;Orsay &#8211; Paris<\/a><\/li><li><a href=\"https:\/\/www.centrepompidou.fr\/\" target=\"_blank\" rel=\"noopener\">Centre Pompidou &#8211; Paris<\/a><\/li><li><a href=\"http:\/\/www.palaisdetokyo.com\/\" target=\"_blank\" rel=\"noopener\">Palais de Tokyo &#8211; Paris<\/a><\/li><li><a href=\"http:\/\/www.grandpalais.fr\/\" target=\"_blank\" rel=\"noopener\">Le Grand Palais &#8211; Paris<\/a><\/li><li><a href=\"http:\/\/www.musee-rodin.fr\/fr\/le-musee\/le-musee-rodin-paris\" target=\"_blank\" rel=\"noopener\">Mus\u00e9e de Rodin &#8211; Paris<\/a><\/li><li><a href=\"http:\/\/www.petitpalais.paris.fr\/\" target=\"_blank\" rel=\"noopener\">Le Petit Palais &#8211; Paris<\/a><\/li><li><a href=\"http:\/\/mba.dijon.fr\/\" target=\"_blank\" rel=\"noopener\">Mus\u00e9e des Beaux-Arts &#8211; Dijon<\/a><\/li><li><a href=\"http:\/\/www.musee-orangerie.fr\/\" target=\"_blank\" rel=\"noopener\">Mus\u00e9e de l&#8217;Orangerie &#8211; Paris<\/a><\/li><li><a href=\"http:\/\/www.pba-lille.fr\/\" target=\"_blank\" rel=\"noopener\">Mus\u00e9e des Beaux Arts &#8211; Lille<\/a><\/li><li><a href=\"http:\/\/www.musee-conde.fr\/\" target=\"_blank\" rel=\"noopener\">Mus\u00e9e Cond\u00e9 &#8211; Ch\u00e2teau de Chantilly<\/a><\/li><li><a href=\"https:\/\/www.musee-moyenage.fr\/\" target=\"_blank\" rel=\"noopener\">Mus\u00e9e de Cluny (mus\u00e9e national du moyen \u00e2ge) &#8211; Paris<\/a><\/li><li><a href=\"http:\/\/www.museeingres.montauban.com\/\" target=\"_blank\" rel=\"noopener\">Mus\u00e9e Ingres &#8211; Montauban<\/a><\/li><li><a href=\"http:\/\/www.bayeuxmuseum.com\/\" target=\"_blank\" rel=\"noopener\">Mus\u00e9e de Tapisserie &#8211; Bayeux &#8211; Calvados<\/a><\/li><\/ul><\/div>\n\t\t\t\t<\/div>\n\t\t\t\t\t\t\t<div class=\"elementor-accordion-item\">\n\t\t\t\t\t<h4 id=\"elementor-tab-title-4573\" class=\"elementor-tab-title\" data-tab=\"3\" role=\"button\" aria-controls=\"elementor-tab-content-4573\" aria-expanded=\"false\">\n\t\t\t\t\t\t\t\t\t\t\t\t\t<span class=\"elementor-accordion-icon elementor-accordion-icon-left\" aria-hidden=\"true\">\n\t\t\t\t\t\t\t\t\t\t\t\t\t\t\t<span class=\"elementor-accordion-icon-closed\"><i class=\"far fa-caret-square-down\"><\/i><\/span>\n\t\t\t\t\t\t\t\t<span class=\"elementor-accordion-icon-opened\"><i class=\"far fa-caret-square-up\"><\/i><\/span>\n\t\t\t\t\t\t\t\t\t\t\t\t\t\t<\/span>\n\t\t\t\t\t\t\t\t\t\t\t\t<a class=\"elementor-accordion-title\" tabindex=\"0\">Media<\/a>\n\t\t\t\t\t<\/h4>\n\t\t\t\t\t<div id=\"elementor-tab-content-4573\" class=\"elementor-tab-content elementor-clearfix\" data-tab=\"3\" role=\"region\" aria-labelledby=\"elementor-tab-title-4573\"><ul><li><a href=\"http:\/\/www.lefigaro.fr\/\" target=\"_blank\" rel=\"noopener\">Le Figaro<\/a><\/li><li><a href=\"http:\/\/charliehebdo.fr\/\" target=\"_blank\" rel=\"noopener\">Charlie Hebdo<\/a><\/li><li><a href=\"http:\/\/www.lemonde.fr\/\" target=\"_blank\" rel=\"noopener\">Le Monde<\/a><\/li><li><a href=\"http:\/\/lecanardenchaine.fr\/\" target=\"_blank\" rel=\"noopener\">Le Canard Encha\u00een\u00e9<\/a><\/li><li><a href=\"http:\/\/www.francesoir.fr\/\" target=\"_blank\" rel=\"noopener\">FranceSoir<\/a><\/li><li><a href=\"http:\/\/www.enroutefrankrijk.nl\/\" target=\"_blank\" rel=\"noopener\">En Route Magazine<\/a><\/li><li><a href=\"http:\/\/www.liberation.fr\/\" target=\"_blank\" rel=\"noopener\">Lib\u00e9ration<\/a><\/li><li><a href=\"http:\/\/www.tv5monde.com\/cms\/hollande\/p-1856-lg8-Accueil.htm\" target=\"_blank\" rel=\"noopener\">TV5MONDE Nederland<\/a><\/li><li><a href=\"http:\/\/www.lexpress.fr\/\" target=\"_blank\" rel=\"noopener\">L&#8217;Express<\/a><\/li><li><a href=\"http:\/\/www.francetvinfo.fr\/replay-jt\/france-2\" target=\"_blank\" rel=\"noopener\">France TV Info<\/a><\/li><li><a href=\"http:\/\/www.leparisien.fr\/\" target=\"_blank\" rel=\"noopener\">Le Parisien<\/a><\/li><li><a href=\"http:\/\/www.arte.tv\/fr\" target=\"_blank\" rel=\"noopener\">Arte TV<\/a><\/li><li><a href=\"http:\/\/www.parismatch.com\/\" target=\"_blank\" rel=\"noopener\">Paris Match<\/a><\/li><li><a href=\"http:\/\/www.ecouterradioenligne.com\/\" target=\"_blank\" rel=\"noopener\">\u00c9couter radio en ligne<\/a><\/li><li><a href=\"https:\/\/francaisfacile.rfi.fr\/fr\/podcasts\/journal-en-fran%C3%A7ais-facile\/\" target=\"_blank\" rel=\"noopener\">Podcasts: Le journal en Fran\u00e7ais facile<\/a><\/li><\/ul><\/div>\n\t\t\t\t<\/div>\n\t\t\t\t\t\t\t<div class=\"elementor-accordion-item\">\n\t\t\t\t\t<h4 id=\"elementor-tab-title-4574\" class=\"elementor-tab-title\" data-tab=\"4\" role=\"button\" aria-controls=\"elementor-tab-content-4574\" aria-expanded=\"false\">\n\t\t\t\t\t\t\t\t\t\t\t\t\t<span class=\"elementor-accordion-icon elementor-accordion-icon-left\" aria-hidden=\"true\">\n\t\t\t\t\t\t\t\t\t\t\t\t\t\t\t<span class=\"elementor-accordion-icon-closed\"><i class=\"far fa-caret-square-down\"><\/i><\/span>\n\t\t\t\t\t\t\t\t<span class=\"elementor-accordion-icon-opened\"><i class=\"far fa-caret-square-up\"><\/i><\/span>\n\t\t\t\t\t\t\t\t\t\t\t\t\t\t<\/span>\n\t\t\t\t\t\t\t\t\t\t\t\t<a class=\"elementor-accordion-title\" tabindex=\"0\">Cultuur<\/a>\n\t\t\t\t\t<\/h4>\n\t\t\t\t\t<div id=\"elementor-tab-content-4574\" class=\"elementor-tab-content elementor-clearfix\" data-tab=\"4\" role=\"region\" aria-labelledby=\"elementor-tab-title-4574\"><ul><li><a href=\"http:\/\/www.culture.fr\/fr\/sections\/\" target=\"_blank\" rel=\"noopener\">Culture.fr<\/a><\/li><li><a href=\"http:\/\/www.fransefilms.nl\/\" target=\"_blank\" rel=\"noopener\">Fransefilms.nl<\/a><\/li><li><a href=\"https:\/\/www.operadeparis.fr\/\" target=\"_blank\" rel=\"noopener\">Op\u00e9ra national de Paris<\/a><\/li><li><a href=\"http:\/\/www.culturetheque.com\/EXPLOITATION\/NLD\/accueil-ermes.aspx\" target=\"_blank\" rel=\"noopener\">Cultureth\u00e8que &#8211; Institut Fran\u00e7ais<\/a><\/li><li><a href=\"http:\/\/www.francemusique.fr\/\" target=\"_blank\" rel=\"noopener\">Francemusique.fr<\/a><\/li><\/ul><\/div>\n\t\t\t\t<\/div>\n\t\t\t\t\t\t\t<div class=\"elementor-accordion-item\">\n\t\t\t\t\t<h4 id=\"elementor-tab-title-4575\" class=\"elementor-tab-title\" data-tab=\"5\" role=\"button\" aria-controls=\"elementor-tab-content-4575\" aria-expanded=\"false\">\n\t\t\t\t\t\t\t\t\t\t\t\t\t<span class=\"elementor-accordion-icon elementor-accordion-icon-left\" aria-hidden=\"true\">\n\t\t\t\t\t\t\t\t\t\t\t\t\t\t\t<span class=\"elementor-accordion-icon-closed\"><i class=\"far fa-caret-square-down\"><\/i><\/span>\n\t\t\t\t\t\t\t\t<span class=\"elementor-accordion-icon-opened\"><i class=\"far fa-caret-square-up\"><\/i><\/span>\n\t\t\t\t\t\t\t\t\t\t\t\t\t\t<\/span>\n\t\t\t\t\t\t\t\t\t\t\t\t<a class=\"elementor-accordion-title\" tabindex=\"0\">Boeken<\/a>\n\t\t\t\t\t<\/h4>\n\t\t\t\t\t<div id=\"elementor-tab-content-4575\" class=\"elementor-tab-content elementor-clearfix\" data-tab=\"5\" role=\"region\" aria-labelledby=\"elementor-tab-title-4575\"><ul><li><a href=\"http:\/\/es.fotopedia.com\/wiki\/Biblioteca_nacional_de_Francia#!\/items\/gorgen-fCJ2_ZyNqnU\" target=\"_blank\" rel=\"noopener\">Biblioth\u00e8que national &#8211; Site Fran\u00e7ois Mitterand &#8211; Paris 13\u00e8me<\/a><\/li><li><a href=\"http:\/\/boeken.tweedehands.net\/franse-boeken\/\" target=\"_blank\" rel=\"noopener\">Tweedehands Franse boeken<\/a><\/li><li><a href=\"http:\/\/www.bnf.fr\/fr\/acc\/x.accueil.html\" target=\"_blank\" rel=\"noopener\">Biblioth\u00e8que nationale de France<\/a><\/li><li><a href=\"http:\/\/www.asterix.com\/index.php.fr?rub=francais\" target=\"_blank\" rel=\"noopener\">Ast\u00e9rix &#8211; site officiel<\/a><\/li><li><a href=\"http:\/\/www.amazon.fr\/\" target=\"_blank\" rel=\"noopener\">Amazon France<\/a><\/li><li><a href=\"http:\/\/nl.tintin.com\/\" target=\"_blank\" rel=\"noopener\">Kuifje.com<\/a><\/li><\/ul><\/div>\n\t\t\t\t<\/div>\n\t\t\t\t\t\t\t<div class=\"elementor-accordion-item\">\n\t\t\t\t\t<h4 id=\"elementor-tab-title-4576\" class=\"elementor-tab-title\" data-tab=\"6\" role=\"button\" aria-controls=\"elementor-tab-content-4576\" aria-expanded=\"false\">\n\t\t\t\t\t\t\t\t\t\t\t\t\t<span class=\"elementor-accordion-icon elementor-accordion-icon-left\" aria-hidden=\"true\">\n\t\t\t\t\t\t\t\t\t\t\t\t\t\t\t<span class=\"elementor-accordion-icon-closed\"><i class=\"far fa-caret-square-down\"><\/i><\/span>\n\t\t\t\t\t\t\t\t<span class=\"elementor-accordion-icon-opened\"><i class=\"far fa-caret-square-up\"><\/i><\/span>\n\t\t\t\t\t\t\t\t\t\t\t\t\t\t<\/span>\n\t\t\t\t\t\t\t\t\t\t\t\t<a class=\"elementor-accordion-title\" tabindex=\"0\">Reizen<\/a>\n\t\t\t\t\t<\/h4>\n\t\t\t\t\t<div id=\"elementor-tab-content-4576\" class=\"elementor-tab-content elementor-clearfix\" data-tab=\"6\" role=\"region\" aria-labelledby=\"elementor-tab-title-4576\"><ul><li><a href=\"http:\/\/www.ambafrance-nl.org\/\" target=\"_blank\" rel=\"noopener\">Franse ambassade &#8211; Den Haag<\/a><\/li><li><a href=\"http:\/\/web.cortland.edu\/flteach\/civ\/voyage\/voyage.htm\" target=\"_blank\" rel=\"noopener\">Voyage virtuel<\/a><\/li><li><a href=\"https:\/\/cycletours.nl\/\" target=\"_blank\" rel=\"noopener\">Cycletours<\/a><\/li><li><a href=\"https:\/\/nl.france.fr\/nl#xtor=AL-999\" target=\"_blank\" rel=\"noopener\">Rendez vous en France<\/a><\/li><li><a href=\"http:\/\/www.gillesvidal.com\/blogpano\/paris.htm\" target=\"_blank\" rel=\"noopener\">Panorama 360 du sommet de la Tour Eiffel<\/a><\/li><\/ul><\/div>\n\t\t\t\t<\/div>\n\t\t\t\t\t\t\t<div class=\"elementor-accordion-item\">\n\t\t\t\t\t<h4 id=\"elementor-tab-title-4577\" class=\"elementor-tab-title\" data-tab=\"7\" role=\"button\" aria-controls=\"elementor-tab-content-4577\" aria-expanded=\"false\">\n\t\t\t\t\t\t\t\t\t\t\t\t\t<span class=\"elementor-accordion-icon elementor-accordion-icon-left\" aria-hidden=\"true\">\n\t\t\t\t\t\t\t\t\t\t\t\t\t\t\t<span class=\"elementor-accordion-icon-closed\"><i class=\"far fa-caret-square-down\"><\/i><\/span>\n\t\t\t\t\t\t\t\t<span class=\"elementor-accordion-icon-opened\"><i class=\"far fa-caret-square-up\"><\/i><\/span>\n\t\t\t\t\t\t\t\t\t\t\t\t\t\t<\/span>\n\t\t\t\t\t\t\t\t\t\t\t\t<a class=\"elementor-accordion-title\" tabindex=\"0\">Culinair<\/a>\n\t\t\t\t\t<\/h4>\n\t\t\t\t\t<div id=\"elementor-tab-content-4577\" class=\"elementor-tab-content elementor-clearfix\" data-tab=\"7\" role=\"region\" aria-labelledby=\"elementor-tab-title-4577\"><ul><li><a href=\"http:\/\/vins-france.com\/\" target=\"_blank\" rel=\"noopener\">Les vins de France<\/a><\/li><li><a href=\"http:\/\/www.terroirs-france.com\/\" target=\"_blank\" rel=\"noopener\">Terroir France &#8211; le guide des vins de France<\/a><\/li><li><a href=\"http:\/\/cuisine.larousse.fr\/\" target=\"_blank\" rel=\"noopener\">Larousse cuisine<\/a><\/li><li><a href=\"http:\/\/www.aftouch-cuisine.com\/recettes-de-cuisine.htm\" target=\"_blank\" rel=\"noopener\">AFTouch-cuisine &#8211; Recettes de cuisine<\/a><\/li><li><a href=\"http:\/\/cuisine.journaldesfemmes.com\/recette-france\" target=\"_blank\" rel=\"noopener\">Journal des femmes &#8211; Recettes de cuisine<\/a><\/li><\/ul><\/div>\n\t\t\t\t<\/div>\n\t\t\t\t\t\t\t<div class=\"elementor-accordion-item\">\n\t\t\t\t\t<h4 id=\"elementor-tab-title-4578\" class=\"elementor-tab-title\" data-tab=\"8\" role=\"button\" aria-controls=\"elementor-tab-content-4578\" aria-expanded=\"false\">\n\t\t\t\t\t\t\t\t\t\t\t\t\t<span class=\"elementor-accordion-icon elementor-accordion-icon-left\" aria-hidden=\"true\">\n\t\t\t\t\t\t\t\t\t\t\t\t\t\t\t<span class=\"elementor-accordion-icon-closed\"><i class=\"far fa-caret-square-down\"><\/i><\/span>\n\t\t\t\t\t\t\t\t<span class=\"elementor-accordion-icon-opened\"><i class=\"far fa-caret-square-up\"><\/i><\/span>\n\t\t\t\t\t\t\t\t\t\t\t\t\t\t<\/span>\n\t\t\t\t\t\t\t\t\t\t\t\t<a class=\"elementor-accordion-title\" tabindex=\"0\">Weblogs &amp; nieuwsbrieven<\/a>\n\t\t\t\t\t<\/h4>\n\t\t\t\t\t<div id=\"elementor-tab-content-4578\" class=\"elementor-tab-content elementor-clearfix\" data-tab=\"8\" role=\"region\" aria-labelledby=\"elementor-tab-title-4578\"><ul><li><a href=\"http:\/\/www.bloggen.be\/dewereldvandefransetaal\/\" target=\"_blank\" rel=\"noopener\">Aspecten van de wereld van de Franse taal<\/a><\/li><li><a href=\"http:\/\/bartvanloo.blogspot.nl\/\" target=\"_blank\" rel=\"noopener\">Bart van Loo<\/a><\/li><li><a href=\"http:\/\/www.ahlire.com\/\" target=\"_blank\" rel=\"noopener\">AhLire &#8211; blog litt\u00e9raire<\/a><\/li><li><a href=\"http:\/\/www.fransezaken.nl\/\" target=\"_blank\" rel=\"noopener\">Fransezaken.nl<\/a><\/li><\/ul><\/div>\n\t\t\t\t<\/div>\n\t\t\t\t\t\t\t<div class=\"elementor-accordion-item\">\n\t\t\t\t\t<h4 id=\"elementor-tab-title-4579\" class=\"elementor-tab-title\" data-tab=\"9\" role=\"button\" aria-controls=\"elementor-tab-content-4579\" aria-expanded=\"false\">\n\t\t\t\t\t\t\t\t\t\t\t\t\t<span class=\"elementor-accordion-icon elementor-accordion-icon-left\" aria-hidden=\"true\">\n\t\t\t\t\t\t\t\t\t\t\t\t\t\t\t<span class=\"elementor-accordion-icon-closed\"><i class=\"far fa-caret-square-down\"><\/i><\/span>\n\t\t\t\t\t\t\t\t<span class=\"elementor-accordion-icon-opened\"><i class=\"far fa-caret-square-up\"><\/i><\/span>\n\t\t\t\t\t\t\t\t\t\t\t\t\t\t<\/span>\n\t\t\t\t\t\t\t\t\t\t\t\t<a class=\"elementor-accordion-title\" tabindex=\"0\">Wonen<\/a>\n\t\t\t\t\t<\/h4>\n\t\t\t\t\t<div id=\"elementor-tab-content-4579\" class=\"elementor-tab-content elementor-clearfix\" data-tab=\"9\" role=\"region\" aria-labelledby=\"elementor-tab-title-4579\"><ul><li><a href=\"https:\/\/sirelo.nl\/verhuizen-naar-frankrijk\/\" target=\"_blank\" rel=\"noopener\">Verhuizen<\/a><\/li><li><a href=\"https:\/\/www.campings.nl\/frankrijk\" target=\"_blank\" rel=\"noopener\">Campings Frankrijk<\/a><\/li><li><a href=\"http:\/\/www.verhuisadviseurs.nl\/\" target=\"_blank\" rel=\"noopener\">Verhuisadvies<\/a><\/li><li><a href=\"https:\/\/www.vakantieparken.net\/frankrijk\" target=\"_blank\" rel=\"noopener\">Vakantieparken Frankrijk<\/a><\/li><li><a href=\"https:\/\/www.vakantiehuisjes.nl\/frankrijk\" target=\"_blank\" rel=\"noopener\">Vakantiehuizen Frankrijk<\/a><\/li><\/ul><\/div>\n\t\t\t\t<\/div>\n\t\t\t\t\t\t\t\t<\/div>\n\t\t\t\t\t\t<\/div>\n\t\t\t\t<\/div>\n\t\t\t\t\t<\/div>\n\t\t\t\t<\/div>\n\t\t\t\t<\/div>\n\t\t","protected":false},"excerpt":{"rendered":"<p>Kies onderstaand een categorie Franse taal Apprendre la langue fran\u00e7aise &#8211; TV%MONDE Jeux de langue \u00e0 plusieurs niveaux &#8211; TV5MONDE Merci professeur &#8211; TV5MONDE Test de niveau &#8211; TV5MONDE Le [&hellip;]<\/p>\n","protected":false},"author":1,"featured_media":0,"parent":0,"menu_order":0,"comment_status":"closed","ping_status":"closed","template":"elementor_header_footer","meta":{"footnotes":""},"class_list":["post-4460","page","type-page","status-publish","hentry"],"_links":{"self":[{"href":"https:\/\/www.alliance-francaise.nl\/stedendriehoek\/wp-json\/wp\/v2\/pages\/4460","targetHints":{"allow":["GET"]}}],"collection":[{"href":"https:\/\/www.alliance-francaise.nl\/stedendriehoek\/wp-json\/wp\/v2\/pages"}],"about":[{"href":"https:\/\/www.alliance-francaise.nl\/stedendriehoek\/wp-json\/wp\/v2\/types\/page"}],"author":[{"embeddable":true,"href":"https:\/\/www.alliance-francaise.nl\/stedendriehoek\/wp-json\/wp\/v2\/users\/1"}],"replies":[{"embeddable":true,"href":"https:\/\/www.alliance-francaise.nl\/stedendriehoek\/wp-json\/wp\/v2\/comments?post=4460"}],"version-history":[{"count":20,"href":"https:\/\/www.alliance-francaise.nl\/stedendriehoek\/wp-json\/wp\/v2\/pages\/4460\/revisions"}],"predecessor-version":[{"id":10588,"href":"https:\/\/www.alliance-francaise.nl\/stedendriehoek\/wp-json\/wp\/v2\/pages\/4460\/revisions\/10588"}],"wp:attachment":[{"href":"https:\/\/www.alliance-francaise.nl\/stedendriehoek\/wp-json\/wp\/v2\/media?parent=4460"}],"curies":[{"name":"wp","href":"https:\/\/api.w.org\/{rel}","templated":true}]}}