{"id":2921,"date":"2021-05-07T10:28:40","date_gmt":"2021-05-07T09:28:40","guid":{"rendered":"https:\/\/www.alliance-francaise.nl\/stedendriehoek\/?page_id=2921"},"modified":"2024-04-29T17:04:04","modified_gmt":"2024-04-29T15:04:04","slug":"17-redenen-om-frans-te-leren","status":"publish","type":"page","link":"https:\/\/www.alliance-francaise.nl\/stedendriehoek\/17-redenen-om-frans-te-leren\/","title":{"rendered":"17 redenen om Frans te leren"},"content":{"rendered":"\t\t<div data-elementor-type=\"wp-page\" data-elementor-id=\"2921\" class=\"elementor elementor-2921\" data-elementor-post-type=\"page\">\n\t\t\t\t\t\t<section class=\"elementor-section elementor-top-section elementor-element elementor-element-2d13863 elementor-section-boxed elementor-section-height-default elementor-section-height-default\" data-id=\"2d13863\" data-element_type=\"section\" data-e-type=\"section\">\n\t\t\t\t\t\t<div class=\"elementor-container elementor-column-gap-default\">\n\t\t\t\t\t<div class=\"elementor-column elementor-col-100 elementor-top-column elementor-element elementor-element-c2c9c72\" data-id=\"c2c9c72\" data-element_type=\"column\" data-e-type=\"column\">\n\t\t\t<div class=\"elementor-widget-wrap elementor-element-populated\">\n\t\t\t\t\t\t<div class=\"elementor-element elementor-element-a658109 elementor-widget elementor-widget-spacer\" data-id=\"a658109\" data-element_type=\"widget\" data-e-type=\"widget\" data-widget_type=\"spacer.default\">\n\t\t\t\t<div class=\"elementor-widget-container\">\n\t\t\t\t\t\t\t<div class=\"elementor-spacer\">\n\t\t\t<div class=\"elementor-spacer-inner\"><\/div>\n\t\t<\/div>\n\t\t\t\t\t\t<\/div>\n\t\t\t\t<\/div>\n\t\t\t\t\t<\/div>\n\t\t<\/div>\n\t\t\t\t\t<\/div>\n\t\t<\/section>\n\t\t\t\t<section class=\"elementor-section elementor-top-section elementor-element elementor-element-263b5e22 elementor-section-boxed elementor-section-height-default elementor-section-height-default\" data-id=\"263b5e22\" data-element_type=\"section\" data-e-type=\"section\" data-settings=\"{&quot;background_background&quot;:&quot;classic&quot;}\">\n\t\t\t\t\t\t<div class=\"elementor-container elementor-column-gap-default\">\n\t\t\t\t\t<div class=\"elementor-column elementor-col-100 elementor-top-column elementor-element elementor-element-12109eac\" data-id=\"12109eac\" data-element_type=\"column\" data-e-type=\"column\">\n\t\t\t<div class=\"elementor-widget-wrap\">\n\t\t\t\t\t\t\t<\/div>\n\t\t<\/div>\n\t\t\t\t\t<\/div>\n\t\t<\/section>\n\t\t\t\t<section class=\"elementor-section elementor-top-section elementor-element elementor-element-42274da4 elementor-section-boxed elementor-section-height-default elementor-section-height-default\" data-id=\"42274da4\" data-element_type=\"section\" data-e-type=\"section\">\n\t\t\t\t\t\t<div class=\"elementor-container elementor-column-gap-default\">\n\t\t\t\t\t<div class=\"elementor-column elementor-col-100 elementor-top-column elementor-element elementor-element-58d4f5aa\" data-id=\"58d4f5aa\" data-element_type=\"column\" data-e-type=\"column\" data-settings=\"{&quot;background_background&quot;:&quot;classic&quot;}\">\n\t\t\t<div class=\"elementor-widget-wrap elementor-element-populated\">\n\t\t\t\t\t<div class=\"elementor-background-overlay\"><\/div>\n\t\t\t\t\t\t<div class=\"elementor-element elementor-element-288c0a5 elementor-widget elementor-widget-heading\" data-id=\"288c0a5\" data-element_type=\"widget\" data-e-type=\"widget\" data-widget_type=\"heading.default\">\n\t\t\t\t<div class=\"elementor-widget-container\">\n\t\t\t\t\t<h1 class=\"elementor-heading-title elementor-size-default\">17 redenen om Frans te leren!<\/h1>\t\t\t\t<\/div>\n\t\t\t\t<\/div>\n\t\t\t\t\t<\/div>\n\t\t<\/div>\n\t\t\t\t\t<\/div>\n\t\t<\/section>\n\t\t<div class=\"elementor-element elementor-element-526290b e-flex e-con-boxed e-con e-parent\" data-id=\"526290b\" data-element_type=\"container\" data-e-type=\"container\">\n\t\t\t\t\t<div class=\"e-con-inner\">\n\t\t\t\t<div class=\"elementor-element elementor-element-7096074 elementor-widget elementor-widget-text-editor\" data-id=\"7096074\" data-element_type=\"widget\" data-e-type=\"widget\" data-widget_type=\"text-editor.default\">\n\t\t\t\t<div class=\"elementor-widget-container\">\n\t\t\t\t\t\t\t\t\t<p>Hieronder vind je maar liefst 17 redenen om Frans te leren (volgens het Franse Ministerie van Buitenlandse zaken). Een toelichting op elk van de genoemde redenen vind je door op het plusje (+) te klikken.\u00a0<\/p>\t\t\t\t\t\t\t\t<\/div>\n\t\t\t\t<\/div>\n\t\t\t\t<div class=\"elementor-element elementor-element-9b4f074 elementor-widget elementor-widget-eael-adv-accordion\" data-id=\"9b4f074\" data-element_type=\"widget\" data-e-type=\"widget\" data-widget_type=\"eael-adv-accordion.default\">\n\t\t\t\t<div class=\"elementor-widget-container\">\n\t\t\t\t\t            <div class=\"eael-adv-accordion\" id=\"eael-adv-accordion-9b4f074\" data-scroll-on-click=\"no\" data-scroll-speed=\"300\" data-accordion-id=\"9b4f074\" data-accordion-type=\"accordion\" data-toogle-speed=\"300\">\n            <div class=\"eael-accordion-list\">\n\t\t\t\t\t<div id=\"slechts-n-taal-leren-is-onvoldoende\" class=\"elementor-tab-title eael-accordion-header\" tabindex=\"0\" data-tab=\"1\" aria-controls=\"elementor-tab-content-1621\"><span class=\"eael-advanced-accordion-icon-closed\"><i aria-hidden=\"true\" class=\"fa-accordion-icon fas fa-plus\"><\/i><\/span><span class=\"eael-advanced-accordion-icon-opened\"><i aria-hidden=\"true\" class=\"fa-accordion-icon fas fa-minus\"><\/i><\/span><span class=\"eael-accordion-tab-title\">Slechts \u00e9\u00e9n taal leren is onvoldoende.<\/span><i aria-hidden=\"true\" class=\"fa-toggle fas fa-angle-right\"><\/i><\/div><div id=\"elementor-tab-content-1621\" class=\"eael-accordion-content clearfix\" data-tab=\"1\" aria-labelledby=\"slechts-n-taal-leren-is-onvoldoende\"><p>In de wereld van vandaag volstaat het niet om slechts \u00e9\u00e9n vreemde taal aan te leren. Een leerling die meerdere talen spreekt, vergroot daarmee zijn kansen op de arbeidsmarkt in zijn eigen land \u00e9n op internationaal niveau. Een andere taal leren betekent jezelf verrijken en je open stellen voor andere gezichtspunten, zowel op persoonlijk als op professioneel vlak.\u00a0<\/p><\/div>\n\t\t\t\t\t<\/div><div class=\"eael-accordion-list\">\n\t\t\t\t\t<div id=\"frans-is-de-enige-taal-die-samen-met-het-engels-wereldwijd-op-alle-continenten-wordt-gesproken\" class=\"elementor-tab-title eael-accordion-header\" tabindex=\"0\" data-tab=\"2\" aria-controls=\"elementor-tab-content-1622\"><span class=\"eael-advanced-accordion-icon-closed\"><i aria-hidden=\"true\" class=\"fa-accordion-icon fas fa-plus\"><\/i><\/span><span class=\"eael-advanced-accordion-icon-opened\"><i aria-hidden=\"true\" class=\"fa-accordion-icon fas fa-minus\"><\/i><\/span><span class=\"eael-accordion-tab-title\">Frans is de enige taal die (samen met het Engels) wereldwijd, op alle continenten, wordt gesproken.<\/span><i aria-hidden=\"true\" class=\"fa-toggle fas fa-angle-right\"><\/i><\/div><div id=\"elementor-tab-content-1622\" class=\"eael-accordion-content clearfix\" data-tab=\"2\" aria-labelledby=\"frans-is-de-enige-taal-die-samen-met-het-engels-wereldwijd-op-alle-continenten-wordt-gesproken\"><p>Meer dan 200 miljoen mensen, verdeeld over vijf werelddelen, drukken zich uit in het Frans. Frans is een belangrijke taal voor internationaal verkeer. Frans is, na Engels, de meest aangeleerde vreemde taal en komt op de negende plaats van de meest gesproken talen ter wereld. Het is ook, samen met Engels, de enige taal die je overal ter wereld\u00a0 kunt leren. 68 Staten en regeringen zijn lid van de vereniging van francofone landen. Frankrijk heeft het grootste netwerk van culturele instellingen, verspreid over de hele wereld, waar Frans wordt gegeven aan meer dan 750.000 mensen.\u00a0<\/p><\/div>\n\t\t\t\t\t<\/div><div class=\"eael-accordion-list\">\n\t\t\t\t\t<div id=\"frans-is-een-troef-voor-je-carrire\" class=\"elementor-tab-title eael-accordion-header\" tabindex=\"0\" data-tab=\"3\" aria-controls=\"elementor-tab-content-1623\"><span class=\"eael-advanced-accordion-icon-closed\"><i aria-hidden=\"true\" class=\"fa-accordion-icon fas fa-plus\"><\/i><\/span><span class=\"eael-advanced-accordion-icon-opened\"><i aria-hidden=\"true\" class=\"fa-accordion-icon fas fa-minus\"><\/i><\/span><span class=\"eael-accordion-tab-title\">Frans is een troef voor je carri\u00e8re.<\/span><i aria-hidden=\"true\" class=\"fa-toggle fas fa-angle-right\"><\/i><\/div><div id=\"elementor-tab-content-1623\" class=\"eael-accordion-content clearfix\" data-tab=\"3\" aria-labelledby=\"frans-is-een-troef-voor-je-carrire\"><p>Frans en Engels spreken betekent een troef om werk te vinden bij \u00e9\u00e9n van de vele Franse en Franstalige multinationals in verschillende sectoren. Als vijfde economische grootmacht is Frankrijk aantrekkelijk voor ondernemers, onderzoekers en de beste buitenlandse studenten.<\/p><\/div>\n\t\t\t\t\t<\/div><div class=\"eael-accordion-list\">\n\t\t\t\t\t<div id=\"de-ontdekking-van-een-schitterend-cultureel-universum\" class=\"elementor-tab-title eael-accordion-header\" tabindex=\"0\" data-tab=\"4\" aria-controls=\"elementor-tab-content-1624\"><span class=\"eael-advanced-accordion-icon-closed\"><i aria-hidden=\"true\" class=\"fa-accordion-icon fas fa-plus\"><\/i><\/span><span class=\"eael-advanced-accordion-icon-opened\"><i aria-hidden=\"true\" class=\"fa-accordion-icon fas fa-minus\"><\/i><\/span><span class=\"eael-accordion-tab-title\">De ontdekking van een schitterend cultureel universum.<\/span><i aria-hidden=\"true\" class=\"fa-toggle fas fa-angle-right\"><\/i><\/div><div id=\"elementor-tab-content-1624\" class=\"eael-accordion-content clearfix\" data-tab=\"4\" aria-labelledby=\"de-ontdekking-van-een-schitterend-cultureel-universum\"><p>Frans wordt vaak beschouwd als een cultuurtaal. Tijdens een cursus Frans maak je ook een culturele reis naar mode, gastronomie, kunst, architectuur en wetenschap. Door Frans te beheersen heb je in de oorspronkelijke taal toegang tot de grote teksten van Franse schrijvers zoals Victor Hugo of Marcel Proust en tot beroemde dichters zoals Charles Caudelaire of Jacques Pr\u00e9vert. Het betekent dat je ook kunt luisteren naar acteurs zoals Alain Delon of Juliette Binoche. En, dankzij het Frans, kun je bovendien het genoegen smaken om de chansons van Edith Piaf of Charles Aznavour te begrijpen \u00e9n mee te zingen.\u00a0<\/p><\/div>\n\t\t\t\t\t<\/div><div class=\"eael-accordion-list\">\n\t\t\t\t\t<div id=\"de-franse-taal-beheersen-helpt-bij-een-studie-in-frankrijk\" class=\"elementor-tab-title eael-accordion-header\" tabindex=\"0\" data-tab=\"5\" aria-controls=\"elementor-tab-content-1625\"><span class=\"eael-advanced-accordion-icon-closed\"><i aria-hidden=\"true\" class=\"fa-accordion-icon fas fa-plus\"><\/i><\/span><span class=\"eael-advanced-accordion-icon-opened\"><i aria-hidden=\"true\" class=\"fa-accordion-icon fas fa-minus\"><\/i><\/span><span class=\"eael-accordion-tab-title\">De Franse taal beheersen helpt bij een studie in Frankrijk.<\/span><i aria-hidden=\"true\" class=\"fa-toggle fas fa-angle-right\"><\/i><\/div><div id=\"elementor-tab-content-1625\" class=\"eael-accordion-content clearfix\" data-tab=\"5\" aria-labelledby=\"de-franse-taal-beheersen-helpt-bij-een-studie-in-frankrijk\"><p>Door de Franse taal te beheersen, kun je je studie onder zeer gunstige financi\u00eble omstandigheden voortzetten in Frankrijk aan vermaarde universiteiten (de Sorbonne, Universiteit Pierre et Marie Curie), aan een van de &#8216;grandes \u00e9coles&#8217; zoals een van de business schools (HEC of ESSEC) of de ingenieursopleiding aan de Ecole Polytechnique. Studenten die Frans beheersen, krijgen onder bepaalde voorwaarden een beurs van de Franse regering om in Frankrijk een derde cyclus te volgen in alle disciplines en kunnen zo een internationaal erkend diploma behalen.\u00a0<\/p><\/div>\n\t\t\t\t\t<\/div><div class=\"eael-accordion-list\">\n\t\t\t\t\t<div id=\"als-toerist-in-frankrijk\" class=\"elementor-tab-title eael-accordion-header\" tabindex=\"0\" data-tab=\"6\" aria-controls=\"elementor-tab-content-1626\"><span class=\"eael-advanced-accordion-icon-closed\"><i aria-hidden=\"true\" class=\"fa-accordion-icon fas fa-plus\"><\/i><\/span><span class=\"eael-advanced-accordion-icon-opened\"><i aria-hidden=\"true\" class=\"fa-accordion-icon fas fa-minus\"><\/i><\/span><span class=\"eael-accordion-tab-title\">Als toerist in Frankrijk<\/span><i aria-hidden=\"true\" class=\"fa-toggle fas fa-angle-right\"><\/i><\/div><div id=\"elementor-tab-content-1626\" class=\"eael-accordion-content clearfix\" data-tab=\"6\" aria-labelledby=\"als-toerist-in-frankrijk\"><p>Met 70 miljoen toeristen per jaar trekt Frankrijk wereldwijd de meeste bezoekers. Met een basiskennis van het Frans is het veel plezieriger om Parijs te bezoeken of andere Franse regio&#8217;s (van de milde C\u00f4te d\u2019Azur tot de besneeuwde bergtoppen van de Alpen en de wilde kust van Bretagne) maar ook om de Franse cultuur, mentaliteit en levenskunst te begrijpen. De Franse taal is\u00a0 ook nuttig bij een bezoek aan onder andere Afrika, Canada, Monaco, de Seychellen, Walloni\u00eb en Zwitserland.<\/p><\/div>\n\t\t\t\t\t<\/div><div class=\"eael-accordion-list\">\n\t\t\t\t\t<div id=\"de-taal-van-de-internationale-betrekkingen\" class=\"elementor-tab-title eael-accordion-header\" tabindex=\"0\" data-tab=\"7\" aria-controls=\"elementor-tab-content-1627\"><span class=\"eael-advanced-accordion-icon-closed\"><i aria-hidden=\"true\" class=\"fa-accordion-icon fas fa-plus\"><\/i><\/span><span class=\"eael-advanced-accordion-icon-opened\"><i aria-hidden=\"true\" class=\"fa-accordion-icon fas fa-minus\"><\/i><\/span><span class=\"eael-accordion-tab-title\">De taal van de internationale betrekkingen<\/span><i aria-hidden=\"true\" class=\"fa-toggle fas fa-angle-right\"><\/i><\/div><div id=\"elementor-tab-content-1627\" class=\"eael-accordion-content clearfix\" data-tab=\"7\" aria-labelledby=\"de-taal-van-de-internationale-betrekkingen\"><p>Frans is zowel werktaal als offici\u00eble taal bij de VN, de Europese Unie, de UNESCO, de NAVO, het Internationaal Olympisch Comit\u00e9, het Internationale Rode Kruis \u00e9n bij verschillende internationale juridische instanties. Kennis van het Frans is onmisbaar voor mensen die een loopbaan ambi\u00ebren in een internationale organisatie.<\/p><\/div>\n\t\t\t\t\t<\/div><div class=\"eael-accordion-list\">\n\t\t\t\t\t<div id=\"een-venster-op-de-wereld\" class=\"elementor-tab-title eael-accordion-header\" tabindex=\"0\" data-tab=\"8\" aria-controls=\"elementor-tab-content-1628\"><span class=\"eael-advanced-accordion-icon-closed\"><i aria-hidden=\"true\" class=\"fa-accordion-icon fas fa-plus\"><\/i><\/span><span class=\"eael-advanced-accordion-icon-opened\"><i aria-hidden=\"true\" class=\"fa-accordion-icon fas fa-minus\"><\/i><\/span><span class=\"eael-accordion-tab-title\">Een venster op de wereld<\/span><i aria-hidden=\"true\" class=\"fa-toggle fas fa-angle-right\"><\/i><\/div><div id=\"elementor-tab-content-1628\" class=\"eael-accordion-content clearfix\" data-tab=\"8\" aria-labelledby=\"een-venster-op-de-wereld\"><p>Frans is, na Engels en Duits, de derde taal op het internet. Frans begrijpen betekent dat je met een andere blik de wereld kunt bekijken door van gedachten te wisselen met Franstaligen uit vijf continenten. Je kunt ook op de hoogte blijven via belangrijke internationale Franstalige media (TV5, France 24, Radio France Internationale).<\/p><\/div>\n\t\t\t\t\t<\/div><div class=\"eael-accordion-list\">\n\t\t\t\t\t<div id=\"een-taal-waarin-je-goed-kunt-denken-en-discussiren\" class=\"elementor-tab-title eael-accordion-header\" tabindex=\"0\" data-tab=\"9\" aria-controls=\"elementor-tab-content-1629\"><span class=\"eael-advanced-accordion-icon-closed\"><i aria-hidden=\"true\" class=\"fa-accordion-icon fas fa-plus\"><\/i><\/span><span class=\"eael-advanced-accordion-icon-opened\"><i aria-hidden=\"true\" class=\"fa-accordion-icon fas fa-minus\"><\/i><\/span><span class=\"eael-accordion-tab-title\">Een taal waarin je goed kunt denken en discussi\u00ebren.<\/span><i aria-hidden=\"true\" class=\"fa-toggle fas fa-angle-right\"><\/i><\/div><div id=\"elementor-tab-content-1629\" class=\"eael-accordion-content clearfix\" data-tab=\"9\" aria-labelledby=\"een-taal-waarin-je-goed-kunt-denken-en-discussiren\"><p>Frans is een analytische taal die het denken structureert en een kritische geest bevordert. Het is de taal van de grote filosofen (Descartes, Sartre of Derrida) en van beroemde wetenschappers (Pierre en Marie Curie, Pasteur, Georges Charpak). Door Frans te leren, leren kinderen ook om te debatteren en verschillende standpunten naar voren te brengen. Wat weer zeer goed van pas komt tijdens discussies of onderhandelingen.<\/p><\/div>\n\t\t\t\t\t<\/div><div class=\"eael-accordion-list\">\n\t\t\t\t\t<div id=\"de-taal-van-de-verlichting\" class=\"elementor-tab-title eael-accordion-header\" tabindex=\"0\" data-tab=\"10\" aria-controls=\"elementor-tab-content-16210\"><span class=\"eael-advanced-accordion-icon-closed\"><i aria-hidden=\"true\" class=\"fa-accordion-icon fas fa-plus\"><\/i><\/span><span class=\"eael-advanced-accordion-icon-opened\"><i aria-hidden=\"true\" class=\"fa-accordion-icon fas fa-minus\"><\/i><\/span><span class=\"eael-accordion-tab-title\">De taal van de verlichting<\/span><i aria-hidden=\"true\" class=\"fa-toggle fas fa-angle-right\"><\/i><\/div><div id=\"elementor-tab-content-16210\" class=\"eael-accordion-content clearfix\" data-tab=\"10\" aria-labelledby=\"de-taal-van-de-verlichting\"><p>Frans is de taal van de universele idealen verspreid door 18e-eeuwse verlichtingsfilosofen die hebben geholpen om de prachtige idealen van de rechten van de mens over de hele wereld uit te dragen.\u00a0<\/p><\/div>\n\t\t\t\t\t<\/div><div class=\"eael-accordion-list\">\n\t\t\t\t\t<div id=\"de-taal-die-je-makkelijk-leert\" class=\"elementor-tab-title eael-accordion-header\" tabindex=\"0\" data-tab=\"11\" aria-controls=\"elementor-tab-content-16211\"><span class=\"eael-advanced-accordion-icon-closed\"><i aria-hidden=\"true\" class=\"fa-accordion-icon fas fa-plus\"><\/i><\/span><span class=\"eael-advanced-accordion-icon-opened\"><i aria-hidden=\"true\" class=\"fa-accordion-icon fas fa-minus\"><\/i><\/span><span class=\"eael-accordion-tab-title\">De taal die je makkelijk leert\u00a0<\/span><i aria-hidden=\"true\" class=\"fa-toggle fas fa-angle-right\"><\/i><\/div><div id=\"elementor-tab-content-16211\" class=\"eael-accordion-content clearfix\" data-tab=\"11\" aria-labelledby=\"de-taal-die-je-makkelijk-leert\"><p>Frans leren is niet moeilijk, ook al denkt men vaak het tegenovergestelde. Het is een taal waarin je je precies moet uitdrukken, maar door de taalrijkdom van het Frans kun je veel nuances uitdrukken en na een paar lessen kun je al een aardig mondje Frans spreken. Er bestaan veel taalmethodes waarmee je spelenderwijs Frans leert zodra je naar school gaat. Veel leerlingen houden van het Frans, omdat het een zachte, melodieuze en romantische taal is.\u00a0<\/p><\/div>\n\t\t\t\t\t<\/div><div class=\"eael-accordion-list\">\n\t\t\t\t\t<div id=\"de-taal-waarmee-je-andere-talen-leert\" class=\"elementor-tab-title eael-accordion-header\" tabindex=\"0\" data-tab=\"12\" aria-controls=\"elementor-tab-content-16212\"><span class=\"eael-advanced-accordion-icon-closed\"><i aria-hidden=\"true\" class=\"fa-accordion-icon fas fa-plus\"><\/i><\/span><span class=\"eael-advanced-accordion-icon-opened\"><i aria-hidden=\"true\" class=\"fa-accordion-icon fas fa-minus\"><\/i><\/span><span class=\"eael-accordion-tab-title\">De taal waarmee je andere talen leert<\/span><i aria-hidden=\"true\" class=\"fa-toggle fas fa-angle-right\"><\/i><\/div><div id=\"elementor-tab-content-16212\" class=\"eael-accordion-content clearfix\" data-tab=\"12\" aria-labelledby=\"de-taal-waarmee-je-andere-talen-leert\"><p>Frans leren is ook nuttig om andere talen te leren, vooral Romaanse talen (Spaans, Italiaans, Portugees of Roemeens) maar ook Engels. 50% van de actuele Engelse woordenschat komt immers oorspronkelijk uit het Frans.\u00a0<\/p><\/div>\n\t\t\t\t\t<\/div><div class=\"eael-accordion-list\">\n\t\t\t\t\t<div id=\"onderwijs-van-hoog-niveau\" class=\"elementor-tab-title eael-accordion-header\" tabindex=\"0\" data-tab=\"13\" aria-controls=\"elementor-tab-content-16213\"><span class=\"eael-advanced-accordion-icon-closed\"><i aria-hidden=\"true\" class=\"fa-accordion-icon fas fa-plus\"><\/i><\/span><span class=\"eael-advanced-accordion-icon-opened\"><i aria-hidden=\"true\" class=\"fa-accordion-icon fas fa-minus\"><\/i><\/span><span class=\"eael-accordion-tab-title\">Onderwijs van hoog niveau<\/span><i aria-hidden=\"true\" class=\"fa-toggle fas fa-angle-right\"><\/i><\/div><div id=\"elementor-tab-content-16213\" class=\"eael-accordion-content clearfix\" data-tab=\"13\" aria-labelledby=\"onderwijs-van-hoog-niveau\"><p>Leraren Frans staan bekend om hun dynamische instelling, hun vindingrijkheid en hun veeleisendheid. Door het kwaliteitslabel van het Frans zijn leerlingen vaak gemotiveerd en hebben ze een hoog niveau. Frankrijk zet zich daadwerkelijk in voor de permanente vorming van leraren Frans in het buitenland om de kwaliteit van het gegeven onderwijs te waarborgen.\u00a0<\/p><\/div>\n\t\t\t\t\t<\/div><div class=\"eael-accordion-list\">\n\t\t\t\t\t<div id=\"een-creatieve-taal\" class=\"elementor-tab-title eael-accordion-header\" tabindex=\"0\" data-tab=\"14\" aria-controls=\"elementor-tab-content-16214\"><span class=\"eael-advanced-accordion-icon-closed\"><i aria-hidden=\"true\" class=\"fa-accordion-icon fas fa-plus\"><\/i><\/span><span class=\"eael-advanced-accordion-icon-opened\"><i aria-hidden=\"true\" class=\"fa-accordion-icon fas fa-minus\"><\/i><\/span><span class=\"eael-accordion-tab-title\">Een creatieve taal<\/span><i aria-hidden=\"true\" class=\"fa-toggle fas fa-angle-right\"><\/i><\/div><div id=\"elementor-tab-content-16214\" class=\"eael-accordion-content clearfix\" data-tab=\"14\" aria-labelledby=\"een-creatieve-taal\"><p>Frans is ook de taal van het theater. Leraren voeren met hun leerlingen toneelstukken op in het Frans die ze daarna ook laten zien op Franstalige theaterfestivals. Door Frans te leren kan het kind zich beter uitdrukken en krijgt het meer zelfvertrouwen. De leerlingen leren ook Frans dankzij chansons en het onuitputtelijke repertoire van hedendaagse en klassieke zangers.\u00a0<\/p><\/div>\n\t\t\t\t\t<\/div><div class=\"eael-accordion-list\">\n\t\t\t\t\t<div id=\"uitwisselingsmogelijkheden\" class=\"elementor-tab-title eael-accordion-header\" tabindex=\"0\" data-tab=\"15\" aria-controls=\"elementor-tab-content-16215\"><span class=\"eael-advanced-accordion-icon-closed\"><i aria-hidden=\"true\" class=\"fa-accordion-icon fas fa-plus\"><\/i><\/span><span class=\"eael-advanced-accordion-icon-opened\"><i aria-hidden=\"true\" class=\"fa-accordion-icon fas fa-minus\"><\/i><\/span><span class=\"eael-accordion-tab-title\">Uitwisselingsmogelijkheden<\/span><i aria-hidden=\"true\" class=\"fa-toggle fas fa-angle-right\"><\/i><\/div><div id=\"elementor-tab-content-16215\" class=\"eael-accordion-content clearfix\" data-tab=\"15\" aria-labelledby=\"uitwisselingsmogelijkheden\"><p>Leerlingen kunnen in contact komen met Franstalige kinderen van hun leeftijd. Dankzij e-mail en internet bestaan er talrijke uitwisselingsmogelijkheden. Ook zijn er veel mogelijkheden om in Frankrijk te verblijven zodat leerlingen verrijkende ervaringen kunnen opdoen. Er bestaan duizenden vriendschappelijke contacten tussen Franse onderwijsinstellingen en scholen van over de hele wereld zodat er banden gesmeed kunnen worden met het grootste educatieve netwerk ter wereld.<\/p><\/div>\n\t\t\t\t\t<\/div><div class=\"eael-accordion-list\">\n\t\t\t\t\t<div id=\"het-franse-onderwijs-in-het-buitenland-uniek-in-de-wereld\" class=\"elementor-tab-title eael-accordion-header\" tabindex=\"0\" data-tab=\"16\" aria-controls=\"elementor-tab-content-16216\"><span class=\"eael-advanced-accordion-icon-closed\"><i aria-hidden=\"true\" class=\"fa-accordion-icon fas fa-plus\"><\/i><\/span><span class=\"eael-advanced-accordion-icon-opened\"><i aria-hidden=\"true\" class=\"fa-accordion-icon fas fa-minus\"><\/i><\/span><span class=\"eael-accordion-tab-title\">Het Franse onderwijs in het buitenland, uniek in de wereld<\/span><i aria-hidden=\"true\" class=\"fa-toggle fas fa-angle-right\"><\/i><\/div><div id=\"elementor-tab-content-16216\" class=\"eael-accordion-content clearfix\" data-tab=\"16\" aria-labelledby=\"het-franse-onderwijs-in-het-buitenland-uniek-in-de-wereld\"><p>430 Franse scholen in 130 landen hebben meer dan 235.000 leerlingen waaronder 56% buitenlanders. Hierdoor wordt duidelijk hoe oorspronkelijk het netwerk van Franse scholen in het buitenland is.<\/p><\/div>\n\t\t\t\t\t<\/div><div class=\"eael-accordion-list\">\n\t\t\t\t\t<div id=\"het-bevorderen-van-meertaligheid-\" class=\"elementor-tab-title eael-accordion-header\" tabindex=\"0\" data-tab=\"17\" aria-controls=\"elementor-tab-content-16217\"><span class=\"eael-advanced-accordion-icon-closed\"><i aria-hidden=\"true\" class=\"fa-accordion-icon fas fa-plus\"><\/i><\/span><span class=\"eael-advanced-accordion-icon-opened\"><i aria-hidden=\"true\" class=\"fa-accordion-icon fas fa-minus\"><\/i><\/span><span class=\"eael-accordion-tab-title\">Het bevorderen van meertaligheid <\/span><i aria-hidden=\"true\" class=\"fa-toggle fas fa-angle-right\"><\/i><\/div><div id=\"elementor-tab-content-16217\" class=\"eael-accordion-content clearfix\" data-tab=\"17\" aria-labelledby=\"het-bevorderen-van-meertaligheid-\"><p>Door Frans te spreken komt men op voor de taalkundige diversiteit in de wereld. Zo kan men een halt toeroepen aan de dominantie in een geglobaliseerde wereld van slechts \u00e9\u00e9n enkele taal.<\/p><\/div>\n\t\t\t\t\t<\/div><\/div>\t\t\t\t<\/div>\n\t\t\t\t<\/div>\n\t\t\t\t\t<\/div>\n\t\t\t\t<\/div>\n\t\t\t\t<\/div>\n\t\t","protected":false},"excerpt":{"rendered":"<p>17 redenen om Frans te leren! Hieronder vind je maar liefst 17 redenen om Frans te leren (volgens het Franse Ministerie van Buitenlandse zaken). Een toelichting op elk van de [&hellip;]<\/p>\n","protected":false},"author":16,"featured_media":0,"parent":0,"menu_order":5,"comment_status":"closed","ping_status":"closed","template":"elementor_header_footer","meta":{"footnotes":""},"class_list":["post-2921","page","type-page","status-publish","hentry"],"_links":{"self":[{"href":"https:\/\/www.alliance-francaise.nl\/stedendriehoek\/wp-json\/wp\/v2\/pages\/2921","targetHints":{"allow":["GET"]}}],"collection":[{"href":"https:\/\/www.alliance-francaise.nl\/stedendriehoek\/wp-json\/wp\/v2\/pages"}],"about":[{"href":"https:\/\/www.alliance-francaise.nl\/stedendriehoek\/wp-json\/wp\/v2\/types\/page"}],"author":[{"embeddable":true,"href":"https:\/\/www.alliance-francaise.nl\/stedendriehoek\/wp-json\/wp\/v2\/users\/16"}],"replies":[{"embeddable":true,"href":"https:\/\/www.alliance-francaise.nl\/stedendriehoek\/wp-json\/wp\/v2\/comments?post=2921"}],"version-history":[{"count":20,"href":"https:\/\/www.alliance-francaise.nl\/stedendriehoek\/wp-json\/wp\/v2\/pages\/2921\/revisions"}],"predecessor-version":[{"id":12775,"href":"https:\/\/www.alliance-francaise.nl\/stedendriehoek\/wp-json\/wp\/v2\/pages\/2921\/revisions\/12775"}],"wp:attachment":[{"href":"https:\/\/www.alliance-francaise.nl\/stedendriehoek\/wp-json\/wp\/v2\/media?parent=2921"}],"curies":[{"name":"wp","href":"https:\/\/api.w.org\/{rel}","templated":true}]}}