{"id":13660,"date":"2024-05-15T11:46:41","date_gmt":"2024-05-15T09:46:41","guid":{"rendered":"https:\/\/www.alliance-francaise.nl\/stedendriehoek\/?page_id=13660"},"modified":"2025-07-02T13:08:27","modified_gmt":"2025-07-02T11:08:27","slug":"litterature","status":"publish","type":"page","link":"https:\/\/www.alliance-francaise.nl\/stedendriehoek\/fr\/litterature\/","title":{"rendered":"Litt\u00e9rature"},"content":{"rendered":"\t\t<div data-elementor-type=\"wp-page\" data-elementor-id=\"13660\" class=\"elementor elementor-13660\" data-elementor-post-type=\"page\">\n\t\t\t\t\t\t<section class=\"elementor-section elementor-top-section elementor-element elementor-element-6452b87c elementor-section-boxed elementor-section-height-default elementor-section-height-default\" data-id=\"6452b87c\" data-element_type=\"section\" data-e-type=\"section\" data-settings=\"{&quot;background_background&quot;:&quot;classic&quot;}\">\n\t\t\t\t\t\t<div class=\"elementor-container elementor-column-gap-default\">\n\t\t\t\t\t<div class=\"elementor-column elementor-col-100 elementor-top-column elementor-element elementor-element-517b5658\" data-id=\"517b5658\" data-element_type=\"column\" data-e-type=\"column\">\n\t\t\t<div class=\"elementor-widget-wrap\">\n\t\t\t\t\t\t\t<\/div>\n\t\t<\/div>\n\t\t\t\t\t<\/div>\n\t\t<\/section>\n\t\t\t\t<section class=\"elementor-section elementor-top-section elementor-element elementor-element-3f10631 elementor-section-boxed elementor-section-height-default elementor-section-height-default\" data-id=\"3f10631\" data-element_type=\"section\" data-e-type=\"section\">\n\t\t\t\t\t\t<div class=\"elementor-container elementor-column-gap-default\">\n\t\t\t\t\t<div class=\"elementor-column elementor-col-100 elementor-top-column elementor-element elementor-element-380335ed\" data-id=\"380335ed\" data-element_type=\"column\" data-e-type=\"column\" data-settings=\"{&quot;background_background&quot;:&quot;classic&quot;}\">\n\t\t\t<div class=\"elementor-widget-wrap elementor-element-populated\">\n\t\t\t\t\t<div class=\"elementor-background-overlay\"><\/div>\n\t\t\t\t\t\t<div class=\"elementor-element elementor-element-186cb645 elementor-widget elementor-widget-heading\" data-id=\"186cb645\" data-element_type=\"widget\" data-e-type=\"widget\" data-widget_type=\"heading.default\">\n\t\t\t\t<div class=\"elementor-widget-container\">\n\t\t\t\t\t<h1 class=\"elementor-heading-title elementor-size-default\">Litt\u00e9rature<\/h1>\t\t\t\t<\/div>\n\t\t\t\t<\/div>\n\t\t\t\t\t<\/div>\n\t\t<\/div>\n\t\t\t\t\t<\/div>\n\t\t<\/section>\n\t\t<div class=\"elementor-element elementor-element-09895e6 e-flex e-con-boxed e-con e-parent\" data-id=\"09895e6\" data-element_type=\"container\" data-e-type=\"container\">\n\t\t\t\t\t<div class=\"e-con-inner\">\n\t\t<div class=\"elementor-element elementor-element-1964210 e-con-full e-flex e-con e-child\" data-id=\"1964210\" data-element_type=\"container\" data-e-type=\"container\">\n\t\t\t\t<div class=\"elementor-element elementor-element-782cc2d elementor-widget elementor-widget-text-editor\" data-id=\"782cc2d\" data-element_type=\"widget\" data-e-type=\"widget\" data-widget_type=\"text-editor.default\">\n\t\t\t\t<div class=\"elementor-widget-container\">\n\t\t\t\t\t\t\t\t\t<p><span style=\"color: var( --e-global-color-text );font-family: var( --e-global-typography-text-font-family ), Open-sans;font-weight: var( --e-global-typography-text-font-weight );text-align: var(--text-align);font-size: 1rem\">Cette ann\u00e9e, vous pouvez de nouveau participer \u00e0 notre cours de litt\u00e9rature. Six soir\u00e9es, six titres, six professeurs.<\/span><\/p><p>Vous vous pr\u00e9parez en lisant \u00e0 l\u2019avance les \u0153uvres concern\u00e9es (voir ci-dessous). Pendant le cours, les professeurs, tous chevronn\u00e9s dans le domaine de la litt\u00e9rature fran\u00e7aise et dont la plupart sont (anciens) enseignants universitaires, vous feront d\u00e9couvrir plein de d\u00e9tails int\u00e9ressants, de th\u00e8mes cach\u00e9s, vous parleront de la structure du livre, de la vie de l\u2019auteur, de la place de ce titre dans l\u2019\u0153uvre de l\u2019auteur et dans la litt\u00e9rature en g\u00e9n\u00e9ral.\u00a0<\/p><p>Evidemment, vos questions et opinions seront les bienvenues.<\/p><p>Ce cours th\u00e9matique aura lieu dans un lieu appropri\u00e9. Vous \u00eates bien s\u00fbr les bienvenus pour vous inscrire depuis Apeldoorn, Deventer et Zutphen.<\/p><p><span style=\"color: var( --e-global-color-text );font-family: var( --e-global-typography-text-font-family ), Open-sans;font-weight: var( --e-global-typography-text-font-weight );text-align: var(--text-align);background-color: transparent;font-size: 1rem\"><span style=\"font-weight: bold\">Niveau<\/span><\/span><span style=\"color: var( --e-global-color-text );font-family: var( --e-global-typography-text-font-family ), Open-sans;font-weight: var( --e-global-typography-text-font-weight );text-align: var(--text-align);background-color: transparent;font-size: 1rem\">: C1\u00a0<br \/><\/span><b style=\"background-color: transparent;color: var( --e-global-color-text );font-family: var( --e-global-typography-text-font-family ), Open-sans;text-align: var(--text-align);font-size: 1rem\">Co\u00fbt\u00a0 \u00a0 \u00a0<\/b><span style=\"background-color: transparent;color: var( --e-global-color-text );font-family: var( --e-global-typography-text-font-family ), Open-sans;text-align: var(--text-align);font-weight: var( --e-global-typography-text-font-weight );font-size: 1rem\">: \u20ac 150,00 (6 le\u00e7ons)<\/span><\/p><p>Il est \u00e9galement possible de s&#8217;inscrire pour une seule soir\u00e9e (au lieu de la s\u00e9rie compl\u00e8te) avec un maximum de 2 soir\u00e9es par saison. Le co\u00fbt pour une soir\u00e9e individuelle est de 30,00 \u20ac.<\/p><p><span style=\"color: var( --e-global-color-text );font-family: var( --e-global-typography-text-font-family ), Open-sans;font-size: 1rem;text-align: var(--text-align);font-weight: var( --e-global-typography-text-font-weight )\"><span style=\"font-weight: bold\">Dates<\/span><\/span><span style=\"text-align: var(--text-align)\">:\u00a0<\/span><span style=\"color: #0d0d0d;font-family: S\u00f6hne, ui-sans-serif, system-ui, -apple-system, 'Segoe UI', Roboto, Ubuntu, Cantarell, 'Noto Sans', sans-serif, 'Helvetica Neue', Arial, 'Apple Color Emoji', 'Segoe UI Emoji', 'Segoe UI Symbol', 'Noto Color Emoji'\">\u00c0 partir du 16 octobre 2025 (voir l&#8217;aper\u00e7u ci-dessous).<\/span><span style=\"color: #0d0d0d;font-family: S\u00f6hne, ui-sans-serif, system-ui, -apple-system, 'Segoe UI', Roboto, Ubuntu, Cantarell, 'Noto Sans', sans-serif, 'Helvetica Neue', Arial, 'Apple Color Emoji', 'Segoe UI Emoji', 'Segoe UI Symbol', 'Noto Color Emoji'\"><br \/><\/span><span style=\"color: var( --e-global-color-text );font-family: var( --e-global-typography-text-font-family ), Open-sans;font-size: 1rem;text-align: var(--text-align);font-weight: var( --e-global-typography-text-font-weight );background-color: transparent\"><span style=\"font-weight: bold\">Lieu\u00a0 \u00a0<\/span><\/span><span style=\"color: var( --e-global-color-text );font-family: var( --e-global-typography-text-font-family ), Open-sans;font-size: 1rem;text-align: var(--text-align);font-weight: var( --e-global-typography-text-font-weight );background-color: transparent\">: Buurthuis &#8217;t Nut, Breegraven 1, Warnsveld (Zutphen)<\/span><\/p><p><span style=\"color: var( --e-global-color-text );font-family: var( --e-global-typography-text-font-family ), Open-sans;font-weight: var( --e-global-typography-text-font-weight );text-align: var(--text-align);font-size: 1rem\">En cas d&#8217;inscriptions insuffisantes, ce cours th\u00e9matique ne pourra malheureusement pas avoir lieu. Le nombre maximum de participants est de 25. La date d&#8217;inscription sera celle de la r\u00e9ception de votre paiement.<\/span><\/p><p><span style=\"color: var( --e-global-color-text );font-family: var( --e-global-typography-text-font-family ), Open-sans;font-weight: var( --e-global-typography-text-font-weight );text-align: var(--text-align);font-size: 1rem\">Pour plus d&#8217;informations : n&#8217;h\u00e9sitez pas \u00e0 contacter Marieke Lodder <\/span><strong><a style=\"font-family: var( --e-global-typography-text-font-family ), Open-sans;font-weight: var( --e-global-typography-text-font-weight );text-align: var(--text-align);font-size: 1rem;background-color: #ffffff\" href=\"mailto:mariekelodder@upcmail.nl\" target=\"_blank\" rel=\"noopener\">par e-mail<\/a><\/strong><span style=\"color: var( --e-global-color-text );font-family: var( --e-global-typography-text-font-family ), Open-sans;font-weight: var( --e-global-typography-text-font-weight );text-align: var(--text-align);font-size: 1rem\">.<\/span><\/p>\t\t\t\t\t\t\t\t<\/div>\n\t\t\t\t<\/div>\n\t\t\t\t<\/div>\n\t\t\t\t\t<\/div>\n\t\t\t\t<\/div>\n\t\t\t\t<section class=\"elementor-section elementor-top-section elementor-element elementor-element-62d86054 elementor-section-boxed elementor-section-height-default elementor-section-height-default\" data-id=\"62d86054\" data-element_type=\"section\" data-e-type=\"section\" data-settings=\"{&quot;background_background&quot;:&quot;classic&quot;}\">\n\t\t\t\t\t\t<div class=\"elementor-container elementor-column-gap-default\">\n\t\t\t\t\t<div class=\"elementor-column elementor-col-100 elementor-top-column elementor-element elementor-element-2a65dd37\" data-id=\"2a65dd37\" data-element_type=\"column\" data-e-type=\"column\" data-settings=\"{&quot;background_background&quot;:&quot;classic&quot;}\">\n\t\t\t<div class=\"elementor-widget-wrap elementor-element-populated\">\n\t\t\t\t\t\t<div class=\"elementor-element elementor-element-8b625d5 elementor-widget elementor-widget-shortcode\" data-id=\"8b625d5\" data-element_type=\"widget\" data-e-type=\"widget\" data-widget_type=\"shortcode.default\">\n\t\t\t\t<div class=\"elementor-widget-container\">\n\t\t\t\t\t\t\t<div class=\"elementor-shortcode\">\n<table id=\"tablepress-11\" class=\"tablepress tablepress-id-11\">\n<thead>\n<tr class=\"row-1\">\n\t<th class=\"column-1\">Datum<\/th><th class=\"column-2\">Tijdstip<\/th><th class=\"column-3\">Auteur<\/th><th class=\"column-4\">Boektitel<\/th><th class=\"column-5\">Uitgave<\/th><th class=\"column-6\">Docent<\/th>\n<\/tr>\n<\/thead>\n<tbody class=\"row-striping row-hover\">\n<tr class=\"row-2\">\n\t<td class=\"column-1\">16-10-2025<\/td><td class=\"column-2\">20.00 - 22.00<\/td><td class=\"column-3\">Assia Djebar<\/td><td class=\"column-4\">L\u2019amour, la fantasia<\/td><td class=\"column-5\">Bijvoorbeeld <a href=\"https:\/\/www.furet.com\/livres\/l-amour-la-fantasia-assia-djebar-9782226077486.html\" target=\"_blank\">https:\/\/www.furet.com\/livres\/l-amour-la-fantasia-assia-djebar-9782226077486.html<\/a><\/td><td class=\"column-6\">Ieme van der Poel<\/td>\n<\/tr>\n<tr class=\"row-3\">\n\t<td class=\"column-1\">20-11-2025<\/td><td class=\"column-2\">20.00 - 22.00<\/td><td class=\"column-3\">Adam de la Halle<\/td><td class=\"column-4\">Jeu de la feuill\u00e9e<\/td><td class=\"column-5\"><a href=\"https:\/\/www.livredepoche.com\/livre\/oeuvres-completes-9782253066569\/\" target=\"_blank\">https:\/\/www.livredepoche.com\/livre\/oeuvres-completes-9782253066569\/<\/a><\/td><td class=\"column-6\">Jelle Koopmans<\/td>\n<\/tr>\n<tr class=\"row-4\">\n\t<td class=\"column-1\">18-12-2025<\/td><td class=\"column-2\">20.00 - 22.00 <\/td><td class=\"column-3\">Laurent Binet<\/td><td class=\"column-4\">Perspectives\t<\/td><td class=\"column-5\">Livre de poche,  EAN : 9782253907701<\/td><td class=\"column-6\">Maaike Koffeman<\/td>\n<\/tr>\n<tr class=\"row-5\">\n\t<td class=\"column-1\">22-01-2026<\/td><td class=\"column-2\">20.00 - 22.00<\/td><td class=\"column-3\">Michel de Montaigne<\/td><td class=\"column-4\">Essais Tome 1<\/td><td class=\"column-5\"><a href=\"https:\/\/www.folio-lesite.fr\/catalogue\/essais-1-livre-premier\/9782070423811\" target=\"_blank\">https:\/\/www.folio-lesite.fr\/catalogue\/essais-1-livre-premier\/9782070423811 <\/a><\/td><td class=\"column-6\">Rozanne Versendaal<\/td>\n<\/tr>\n<tr class=\"row-6\">\n\t<td class=\"column-1\">26-02-2026<\/td><td class=\"column-2\">20.00 - 22.00<\/td><td class=\"column-3\">Andre\u00ef Makine<\/td><td class=\"column-4\">Prisonnier du r\u00eave \u00e9carlate<\/td><td class=\"column-5\">Grasset,  EAN : 9782246840152<\/td><td class=\"column-6\">Henriette Ritter<\/td>\n<\/tr>\n<tr class=\"row-7\">\n\t<td class=\"column-1\">26-03-2026<\/td><td class=\"column-2\">20.00 - 22.00<\/td><td class=\"column-3\">Claudie Hunzinger<\/td><td class=\"column-4\">Un chien \u00e0 ma table<\/td><td class=\"column-5\">Grasset<\/td><td class=\"column-6\">Manet van Montfrans<\/td>\n<\/tr>\n<\/tbody>\n<\/table>\n<\/div>\n\t\t\t\t\t\t<\/div>\n\t\t\t\t<\/div>\n\t\t\t\t\t<\/div>\n\t\t<\/div>\n\t\t\t\t\t<\/div>\n\t\t<\/section>\n\t\t<div class=\"elementor-element elementor-element-6272700 e-flex e-con-boxed e-con e-parent\" data-id=\"6272700\" data-element_type=\"container\" data-e-type=\"container\">\n\t\t\t\t\t<div class=\"e-con-inner\">\n\t\t<div class=\"elementor-element elementor-element-bf1b4d9 e-con-full e-flex e-con e-child\" data-id=\"bf1b4d9\" data-element_type=\"container\" data-e-type=\"container\">\n\t\t\t\t<div class=\"elementor-element elementor-element-c7dd50a elementor-widget elementor-widget-button\" data-id=\"c7dd50a\" data-element_type=\"widget\" data-e-type=\"widget\" data-widget_type=\"button.default\">\n\t\t\t\t<div class=\"elementor-widget-container\">\n\t\t\t\t\t\t\t\t\t<div class=\"elementor-button-wrapper\">\n\t\t\t\t\t<a class=\"elementor-button elementor-button-link elementor-size-sm\" href=\"https:\/\/www.alliance-francaise.nl\/stedendriehoek\/product\/literatuur\">\n\t\t\t\t\t\t<span class=\"elementor-button-content-wrapper\">\n\t\t\t\t\t\t\t\t\t<span class=\"elementor-button-text\">Participez six soir\u00e9es<\/span>\n\t\t\t\t\t<\/span>\n\t\t\t\t\t<\/a>\n\t\t\t\t<\/div>\n\t\t\t\t\t\t\t\t<\/div>\n\t\t\t\t<\/div>\n\t\t\t\t<\/div>\n\t\t<div class=\"elementor-element elementor-element-5935690 e-con-full e-flex e-con e-child\" data-id=\"5935690\" data-element_type=\"container\" data-e-type=\"container\">\n\t\t\t\t<div class=\"elementor-element elementor-element-b5cc143 elementor-widget elementor-widget-button\" data-id=\"b5cc143\" data-element_type=\"widget\" data-e-type=\"widget\" data-widget_type=\"button.default\">\n\t\t\t\t<div class=\"elementor-widget-container\">\n\t\t\t\t\t\t\t\t\t<div class=\"elementor-button-wrapper\">\n\t\t\t\t\t<a class=\"elementor-button elementor-button-link elementor-size-sm\" href=\"https:\/\/www.alliance-francaise.nl\/stedendriehoek\/product\/cours-de-litterature-par-soiree\/\">\n\t\t\t\t\t\t<span class=\"elementor-button-content-wrapper\">\n\t\t\t\t\t\t\t\t\t<span class=\"elementor-button-text\">Participez par soir\u00e9e<\/span>\n\t\t\t\t\t<\/span>\n\t\t\t\t\t<\/a>\n\t\t\t\t<\/div>\n\t\t\t\t\t\t\t\t<\/div>\n\t\t\t\t<\/div>\n\t\t\t\t<\/div>\n\t\t\t\t\t<\/div>\n\t\t\t\t<\/div>\n\t\t\t\t<section class=\"elementor-section elementor-top-section elementor-element elementor-element-5703d309 elementor-section-boxed elementor-section-height-default elementor-section-height-default\" data-id=\"5703d309\" data-element_type=\"section\" data-e-type=\"section\">\n\t\t\t\t\t\t<div class=\"elementor-container elementor-column-gap-default\">\n\t\t\t\t\t<div class=\"elementor-column elementor-col-100 elementor-top-column elementor-element elementor-element-486802d5\" data-id=\"486802d5\" data-element_type=\"column\" data-e-type=\"column\">\n\t\t\t<div class=\"elementor-widget-wrap elementor-element-populated\">\n\t\t\t\t\t\t<div class=\"elementor-element elementor-element-2682d261 elementor-widget elementor-widget-google_maps\" data-id=\"2682d261\" data-element_type=\"widget\" data-e-type=\"widget\" data-widget_type=\"google_maps.default\">\n\t\t\t\t<div class=\"elementor-widget-container\">\n\t\t\t\t\t\t\t<div class=\"elementor-custom-embed\">\n\t\t\t<iframe loading=\"lazy\"\n\t\t\t\t\tsrc=\"https:\/\/maps.google.com\/maps?q=Buurthuis%20%27t%20Nut%2C%20Breegraven%201%2C%207231%20JA%20Warnsveld.&#038;t=m&#038;z=13&#038;output=embed&#038;iwloc=near\"\n\t\t\t\t\ttitle=\"Buurthuis &#039;t Nut, Breegraven 1, 7231 JA Warnsveld.\"\n\t\t\t\t\taria-label=\"Buurthuis &#039;t Nut, Breegraven 1, 7231 JA Warnsveld.\"\n\t\t\t><\/iframe>\n\t\t<\/div>\n\t\t\t\t\t\t<\/div>\n\t\t\t\t<\/div>\n\t\t\t\t\t<\/div>\n\t\t<\/div>\n\t\t\t\t\t<\/div>\n\t\t<\/section>\n\t\t<div class=\"elementor-element elementor-element-becbe3f e-flex e-con-boxed e-con e-parent\" data-id=\"becbe3f\" data-element_type=\"container\" data-e-type=\"container\">\n\t\t\t\t\t<div class=\"e-con-inner\">\n\t\t\t\t\t<\/div>\n\t\t\t\t<\/div>\n\t\t\t\t<\/div>\n\t\t","protected":false},"excerpt":{"rendered":"<p>Litt\u00e9rature Cette ann\u00e9e, vous pouvez de nouveau participer \u00e0 notre cours de litt\u00e9rature. Six soir\u00e9es, six titres, six professeurs. Vous vous pr\u00e9parez en lisant \u00e0 l\u2019avance les \u0153uvres concern\u00e9es (voir [&hellip;]<\/p>\n","protected":false},"author":107,"featured_media":0,"parent":0,"menu_order":0,"comment_status":"closed","ping_status":"closed","template":"elementor_header_footer","meta":{"footnotes":""},"class_list":["post-13660","page","type-page","status-publish","hentry"],"_links":{"self":[{"href":"https:\/\/www.alliance-francaise.nl\/stedendriehoek\/wp-json\/wp\/v2\/pages\/13660","targetHints":{"allow":["GET"]}}],"collection":[{"href":"https:\/\/www.alliance-francaise.nl\/stedendriehoek\/wp-json\/wp\/v2\/pages"}],"about":[{"href":"https:\/\/www.alliance-francaise.nl\/stedendriehoek\/wp-json\/wp\/v2\/types\/page"}],"author":[{"embeddable":true,"href":"https:\/\/www.alliance-francaise.nl\/stedendriehoek\/wp-json\/wp\/v2\/users\/107"}],"replies":[{"embeddable":true,"href":"https:\/\/www.alliance-francaise.nl\/stedendriehoek\/wp-json\/wp\/v2\/comments?post=13660"}],"version-history":[{"count":20,"href":"https:\/\/www.alliance-francaise.nl\/stedendriehoek\/wp-json\/wp\/v2\/pages\/13660\/revisions"}],"predecessor-version":[{"id":16067,"href":"https:\/\/www.alliance-francaise.nl\/stedendriehoek\/wp-json\/wp\/v2\/pages\/13660\/revisions\/16067"}],"wp:attachment":[{"href":"https:\/\/www.alliance-francaise.nl\/stedendriehoek\/wp-json\/wp\/v2\/media?parent=13660"}],"curies":[{"name":"wp","href":"https:\/\/api.w.org\/{rel}","templated":true}]}}