{"id":10342,"date":"2023-11-22T12:55:53","date_gmt":"2023-11-22T11:55:53","guid":{"rendered":"https:\/\/www.alliance-francaise.nl\/stedendriehoek\/?page_id=10342"},"modified":"2024-09-15T11:47:45","modified_gmt":"2024-09-15T09:47:45","slug":"cours-de-philosophie","status":"publish","type":"page","link":"https:\/\/www.alliance-francaise.nl\/stedendriehoek\/fr\/cours-de-philosophie\/","title":{"rendered":"Cours de philosophie"},"content":{"rendered":"\t\t<div data-elementor-type=\"wp-page\" data-elementor-id=\"10342\" class=\"elementor elementor-10342\" data-elementor-post-type=\"page\">\n\t\t\t\t<div class=\"elementor-element elementor-element-71b794c e-flex e-con-boxed e-con e-parent\" data-id=\"71b794c\" data-element_type=\"container\" data-e-type=\"container\" data-settings=\"{&quot;background_background&quot;:&quot;classic&quot;}\">\n\t\t\t\t\t<div class=\"e-con-inner\">\n\t\t<div class=\"elementor-element elementor-element-16a6b16 e-con-full e-flex e-con e-child\" data-id=\"16a6b16\" data-element_type=\"container\" data-e-type=\"container\">\n\t\t\t\t<\/div>\n\t\t\t\t\t<\/div>\n\t\t\t\t<\/div>\n\t\t<div class=\"elementor-element elementor-element-29fa5d0 e-flex e-con-boxed e-con e-parent\" data-id=\"29fa5d0\" data-element_type=\"container\" data-e-type=\"container\">\n\t\t\t\t\t<div class=\"e-con-inner\">\n\t\t<div class=\"elementor-element elementor-element-2c8f303 e-con-full e-flex e-con e-child\" data-id=\"2c8f303\" data-element_type=\"container\" data-e-type=\"container\" data-settings=\"{&quot;background_background&quot;:&quot;classic&quot;}\">\n\t\t\t\t<div class=\"elementor-element elementor-element-23f59e4 elementor-widget elementor-widget-heading\" data-id=\"23f59e4\" data-element_type=\"widget\" data-e-type=\"widget\" data-widget_type=\"heading.default\">\n\t\t\t\t<div class=\"elementor-widget-container\">\n\t\t\t\t\t<h1 class=\"elementor-heading-title elementor-size-default\">Cours de philosophie<\/h1>\t\t\t\t<\/div>\n\t\t\t\t<\/div>\n\t\t\t\t<\/div>\n\t\t\t\t\t<\/div>\n\t\t\t\t<\/div>\n\t\t<div class=\"elementor-element elementor-element-9400851 e-flex e-con-boxed e-con e-parent\" data-id=\"9400851\" data-element_type=\"container\" data-e-type=\"container\">\n\t\t\t\t\t<div class=\"e-con-inner\">\n\t\t<div class=\"elementor-element elementor-element-914c109 e-con-full e-flex e-con e-child\" data-id=\"914c109\" data-element_type=\"container\" data-e-type=\"container\">\n\t\t\t\t<div class=\"elementor-element elementor-element-37c7ee6 elementor-widget elementor-widget-heading\" data-id=\"37c7ee6\" data-element_type=\"widget\" data-e-type=\"widget\" data-widget_type=\"heading.default\">\n\t\t\t\t<div class=\"elementor-widget-container\">\n\t\t\t\t\t<h2 class=\"elementor-heading-title elementor-size-default\">Pas de condamnation : Conseils de Castellio, Montaigne &amp; Coornhert<\/h2>\t\t\t\t<\/div>\n\t\t\t\t<\/div>\n\t\t\t\t<div class=\"elementor-element elementor-element-e2bf981 elementor-widget elementor-widget-image\" data-id=\"e2bf981\" data-element_type=\"widget\" data-e-type=\"widget\" data-widget_type=\"image.default\">\n\t\t\t\t<div class=\"elementor-widget-container\">\n\t\t\t\t\t\t\t\t\t\t\t\t\t\t\t<img fetchpriority=\"high\" decoding=\"async\" width=\"416\" height=\"351\" src=\"https:\/\/www.alliance-francaise.nl\/stedendriehoek\/wp-content\/uploads\/sites\/37\/2024\/03\/Filosofie-2024-01.jpg\" class=\"attachment-medium_large size-medium_large wp-image-11289\" alt=\"\" srcset=\"https:\/\/www.alliance-francaise.nl\/stedendriehoek\/wp-content\/uploads\/sites\/37\/2024\/03\/Filosofie-2024-01.jpg 416w, https:\/\/www.alliance-francaise.nl\/stedendriehoek\/wp-content\/uploads\/sites\/37\/2024\/03\/Filosofie-2024-01-300x253.jpg 300w\" sizes=\"(max-width: 416px) 100vw, 416px\" \/>\t\t\t\t\t\t\t\t\t\t\t\t\t\t\t<\/div>\n\t\t\t\t<\/div>\n\t\t\t\t<div class=\"elementor-element elementor-element-5d9aae4 elementor-widget elementor-widget-text-editor\" data-id=\"5d9aae4\" data-element_type=\"widget\" data-e-type=\"widget\" data-widget_type=\"text-editor.default\">\n\t\t\t\t<div class=\"elementor-widget-container\">\n\t\t\t\t\t\t\t\t\t<p>Bien vivre ensemble est un art grandiose. Il y a des \u00e9poques o\u00f9 l&#8217;on semble avoir oubli\u00e9 cet art.<\/p><p>Au XVIe si\u00e8cle, en France et aux Pays-Bas, on ne sait pas comment g\u00e9rer les diff\u00e9rences religieuses. La France est en proie aux &#8220;guerres de religion&#8221; depuis des d\u00e9cennies ; les Pays-Bas ne sont pas vraiment unis dans une r\u00e9volte contre l&#8217;Espagne, mais profond\u00e9ment divis\u00e9s, surtout en mati\u00e8re de religion.<\/p><p>Il est difficile de mettre un terme \u00e0 la r\u00e9ciproque condamnation, car on ne s&#8217;accorde pas sur la source ultime de la morale : le christianisme. Pour certains, la pers\u00e9cution religieuse est un devoir chr\u00e9tien, pour d&#8217;autres, c&#8217;est la tol\u00e9rance. La politique est entra\u00een\u00e9e dans ce chaos absolu (ou en profite).<\/p><p>Que faire ? Que penser ? Une issue n&#8217;est gu\u00e8re \u00e9vidente et chaque proposition suscite des protestations. Dans cette atmosph\u00e8re corrompue, Michel de Montaigne (1533-1592) \u00e9crit ses Essais (1580), peut-\u00eatre l&#8217;\u0153uvre la plus belle de la litt\u00e9rature philosophique. Le titre sugg\u00e8re qu&#8217;il s&#8217;agit de simples exercices de pens\u00e9e, utiles pour l&#8217;art de vivre. Il est d\u00e9sormais \u00e9tabli que son travail est bien pens\u00e9. La forme essayistique et le manque \u00e9vident de pr\u00e9tention dissimulent (et renferment) une philosophie politique en r\u00e9ponse aux probl\u00e8mes contemporains.<\/p><p>Cette session met en lumi\u00e8re la philosophie politique de Montaigne, sa vision de l&#8217;autorit\u00e9 et du pouvoir, de la pers\u00e9cution religieuse, de la contrainte de conscience et de la tol\u00e9rance. Une attention particuli\u00e8re est accord\u00e9e \u00e0 la mani\u00e8re dont il emballe sa position ferme et au r\u00f4le de son scepticisme. Pour esquisser un tableau de l&#8217;\u00e9poque, des passages des Essais seront abord\u00e9s, mais pour cela, le travail de Sebastian Castellio (1515-1563) sera surtout utilis\u00e9, en particulier son Conseil \u00e0 la France d\u00e9sol\u00e9e et son Trait\u00e9 des H\u00e9r\u00e9tiques. L&#8217;argumentation dans ces \u0153uvres est \u00e9galement importante. Tout comme Montaigne, Castellio utilise le scepticisme pour justifier des d\u00e9clarations solides.<\/p><p>Enfin, la situation (non moins d\u00e9solante) aux Pays-Bas sera abord\u00e9e \u00e0 travers les travaux de Dirck Coornhert (1522-1590), en particulier ses lettres. Coornhert est un adepte de Castellio, mais pas un fan de Montaigne. Il est remarquable que Coornhert ne m\u00e2che pas ses mots et s&#8217;exprime franchement sur la malaise du pays et pr\u00e9sente sa solution<\/p>\t\t\t\t\t\t\t\t<\/div>\n\t\t\t\t<\/div>\n\t\t\t\t<\/div>\n\t\t\t\t\t<\/div>\n\t\t\t\t<\/div>\n\t\t<div class=\"elementor-element elementor-element-9ce5414 e-flex e-con-boxed e-con e-parent\" data-id=\"9ce5414\" data-element_type=\"container\" data-e-type=\"container\">\n\t\t\t\t\t<div class=\"e-con-inner\">\n\t\t<div class=\"elementor-element elementor-element-04743e6 e-flex e-con-boxed e-con e-child\" data-id=\"04743e6\" data-element_type=\"container\" data-e-type=\"container\">\n\t\t\t\t\t<div class=\"e-con-inner\">\n\t\t\t\t<div class=\"elementor-element elementor-element-e2a2be9 elementor-widget elementor-widget-image\" data-id=\"e2a2be9\" data-element_type=\"widget\" data-e-type=\"widget\" data-widget_type=\"image.default\">\n\t\t\t\t<div class=\"elementor-widget-container\">\n\t\t\t\t\t\t\t\t\t\t\t\t\t\t\t<img decoding=\"async\" width=\"343\" height=\"153\" src=\"https:\/\/www.alliance-francaise.nl\/stedendriehoek\/wp-content\/uploads\/sites\/37\/2024\/03\/Filosofie-2024-02-1.jpg\" class=\"attachment-large size-large wp-image-11295\" alt=\"\" srcset=\"https:\/\/www.alliance-francaise.nl\/stedendriehoek\/wp-content\/uploads\/sites\/37\/2024\/03\/Filosofie-2024-02-1.jpg 343w, https:\/\/www.alliance-francaise.nl\/stedendriehoek\/wp-content\/uploads\/sites\/37\/2024\/03\/Filosofie-2024-02-1-300x134.jpg 300w\" sizes=\"(max-width: 343px) 100vw, 343px\" \/>\t\t\t\t\t\t\t\t\t\t\t\t\t\t\t<\/div>\n\t\t\t\t<\/div>\n\t\t\t\t\t<\/div>\n\t\t\t\t<\/div>\n\t\t\t\t\t<\/div>\n\t\t\t\t<\/div>\n\t\t<div class=\"elementor-element elementor-element-ed79fc1 e-flex e-con-boxed e-con e-parent\" data-id=\"ed79fc1\" data-element_type=\"container\" data-e-type=\"container\">\n\t\t\t\t\t<div class=\"e-con-inner\">\n\t\t\t\t<div class=\"elementor-element elementor-element-f55e540 elementor-widget elementor-widget-text-editor\" data-id=\"f55e540\" data-element_type=\"widget\" data-e-type=\"widget\" data-widget_type=\"text-editor.default\">\n\t\t\t\t<div class=\"elementor-widget-container\">\n\t\t\t\t\t\t\t\t\t<p>Au d\u00e9but du cours, vous recevrez une syllabus contenant quelques textes des auteurs centraux ainsi que des informations \u00e0 leur sujet.<\/p><p>M. le Dr. Jaap Gruppelaar (1958) a \u00e9tudi\u00e9 la philosophie et l&#8217;histoire \u00e0 Nim\u00e8gue et \u00e0 Louvain, ainsi que le droit n\u00e9erlandais \u00e0 l&#8217;Open Universiteit. Il a obtenu son doctorat en philosophie.<\/p><p>Ce cours th\u00e9matique aura \u00e9galement lieu cette saison \u00e0 Deventer. Vous \u00eates bien s\u00fbr les bienvenus pour vous inscrire depuis Apeldoorn et Zutphen.<\/p><p><strong>Niveau<\/strong> : La connaissance de la langue fran\u00e7aise n&#8217;est pas n\u00e9cessaire.<br \/><strong>Co\u00fbt\u00a0 \u00a0 <\/strong>\u00a0: 175,00 \u20ac (6 le\u00e7ons).<br \/><strong>Dates<\/strong>\u00a0 \u00a0: En raison d&#8217;un nombre insuffisant d&#8217;inscriptions, ce cours th\u00e9matique pour la saison 2024-2025 est malheureusement annul\u00e9.<br \/><strong>Lieu<\/strong>\u00a0 \u00a0 \u00a0 : Wijkcentrum Van Vlotenhof, Johannes van Vlotenlaan 85, Deventer.<\/p><p>En cas d&#8217;inscriptions insuffisantes, ce cours th\u00e9matique ne pourra malheureusement pas avoir lieu. Le nombre minimum de participants est de 15 ; le nombre maximum est de 25. La date d&#8217;inscription est celle de la r\u00e9ception de votre paiement.<\/p>\t\t\t\t\t\t\t\t<\/div>\n\t\t\t\t<\/div>\n\t\t\t\t\t<\/div>\n\t\t\t\t<\/div>\n\t\t<div class=\"elementor-element elementor-element-60a451c e-flex e-con-boxed e-con e-parent\" data-id=\"60a451c\" data-element_type=\"container\" data-e-type=\"container\">\n\t\t\t\t\t<div class=\"e-con-inner\">\n\t\t<div class=\"elementor-element elementor-element-187235a e-flex e-con-boxed e-con e-child\" data-id=\"187235a\" data-element_type=\"container\" data-e-type=\"container\">\n\t\t\t\t\t<div class=\"e-con-inner\">\n\t\t\t\t<div class=\"elementor-element elementor-element-6e0895b elementor-widget elementor-widget-button\" data-id=\"6e0895b\" data-element_type=\"widget\" data-e-type=\"widget\" data-widget_type=\"button.default\">\n\t\t\t\t<div class=\"elementor-widget-container\">\n\t\t\t\t\t\t\t\t\t<div class=\"elementor-button-wrapper\">\n\t\t\t\t\t<a class=\"elementor-button elementor-button-link elementor-size-sm\" href=\"https:\/\/www.alliance-francaise.nl\/stedendriehoek\/product\/filosofie\">\n\t\t\t\t\t\t<span class=\"elementor-button-content-wrapper\">\n\t\t\t\t\t\t\t\t\t<span class=\"elementor-button-text\">Inscrivez-vous<\/span>\n\t\t\t\t\t<\/span>\n\t\t\t\t\t<\/a>\n\t\t\t\t<\/div>\n\t\t\t\t\t\t\t\t<\/div>\n\t\t\t\t<\/div>\n\t\t\t\t\t<\/div>\n\t\t\t\t<\/div>\n\t\t\t\t\t<\/div>\n\t\t\t\t<\/div>\n\t\t<div class=\"elementor-element elementor-element-dc4abf5 e-flex e-con-boxed e-con e-parent\" data-id=\"dc4abf5\" data-element_type=\"container\" data-e-type=\"container\">\n\t\t\t\t\t<div class=\"e-con-inner\">\n\t\t<div class=\"elementor-element elementor-element-d593c1d e-flex e-con-boxed e-con e-child\" data-id=\"d593c1d\" data-element_type=\"container\" data-e-type=\"container\">\n\t\t\t\t\t<div class=\"e-con-inner\">\n\t\t\t\t<div class=\"elementor-element elementor-element-f97aeb9 elementor-widget elementor-widget-google_maps\" data-id=\"f97aeb9\" data-element_type=\"widget\" data-e-type=\"widget\" data-widget_type=\"google_maps.default\">\n\t\t\t\t<div class=\"elementor-widget-container\">\n\t\t\t\t\t\t\t<div class=\"elementor-custom-embed\">\n\t\t\t<iframe loading=\"lazy\"\n\t\t\t\t\tsrc=\"https:\/\/maps.google.com\/maps?q=Wijkcentrum%20van%20Vlotenhof%20Deventer&#038;t=m&#038;z=15&#038;output=embed&#038;iwloc=near\"\n\t\t\t\t\ttitle=\"Wijkcentrum van Vlotenhof Deventer\"\n\t\t\t\t\taria-label=\"Wijkcentrum van Vlotenhof Deventer\"\n\t\t\t><\/iframe>\n\t\t<\/div>\n\t\t\t\t\t\t<\/div>\n\t\t\t\t<\/div>\n\t\t\t\t\t<\/div>\n\t\t\t\t<\/div>\n\t\t\t\t\t<\/div>\n\t\t\t\t<\/div>\n\t\t\t\t<\/div>\n\t\t","protected":false},"excerpt":{"rendered":"<p>Cours de philosophie Pas de condamnation : Conseils de Castellio, Montaigne &amp; Coornhert Bien vivre ensemble est un art grandiose. Il y a des \u00e9poques o\u00f9 l&#8217;on semble avoir oubli\u00e9 [&hellip;]<\/p>\n","protected":false},"author":107,"featured_media":0,"parent":0,"menu_order":0,"comment_status":"closed","ping_status":"closed","template":"elementor_header_footer","meta":{"footnotes":""},"class_list":["post-10342","page","type-page","status-publish","hentry"],"_links":{"self":[{"href":"https:\/\/www.alliance-francaise.nl\/stedendriehoek\/wp-json\/wp\/v2\/pages\/10342","targetHints":{"allow":["GET"]}}],"collection":[{"href":"https:\/\/www.alliance-francaise.nl\/stedendriehoek\/wp-json\/wp\/v2\/pages"}],"about":[{"href":"https:\/\/www.alliance-francaise.nl\/stedendriehoek\/wp-json\/wp\/v2\/types\/page"}],"author":[{"embeddable":true,"href":"https:\/\/www.alliance-francaise.nl\/stedendriehoek\/wp-json\/wp\/v2\/users\/107"}],"replies":[{"embeddable":true,"href":"https:\/\/www.alliance-francaise.nl\/stedendriehoek\/wp-json\/wp\/v2\/comments?post=10342"}],"version-history":[{"count":20,"href":"https:\/\/www.alliance-francaise.nl\/stedendriehoek\/wp-json\/wp\/v2\/pages\/10342\/revisions"}],"predecessor-version":[{"id":14459,"href":"https:\/\/www.alliance-francaise.nl\/stedendriehoek\/wp-json\/wp\/v2\/pages\/10342\/revisions\/14459"}],"wp:attachment":[{"href":"https:\/\/www.alliance-francaise.nl\/stedendriehoek\/wp-json\/wp\/v2\/media?parent=10342"}],"curies":[{"name":"wp","href":"https:\/\/api.w.org\/{rel}","templated":true}]}}