{"id":10306,"date":"2023-11-21T12:57:44","date_gmt":"2023-11-21T11:57:44","guid":{"rendered":"https:\/\/www.alliance-francaise.nl\/stedendriehoek\/?page_id=10306"},"modified":"2026-01-17T13:33:15","modified_gmt":"2026-01-17T12:33:15","slug":"elementor-10306","status":"publish","type":"page","link":"https:\/\/www.alliance-francaise.nl\/stedendriehoek\/fr\/elementor-10306\/","title":{"rendered":"Vacature"},"content":{"rendered":"\t\t<div data-elementor-type=\"wp-page\" data-elementor-id=\"10306\" class=\"elementor elementor-10306\" data-elementor-post-type=\"page\">\n\t\t\t\t\t\t<section class=\"elementor-section elementor-top-section elementor-element elementor-element-1b3473ec elementor-section-boxed elementor-section-height-default elementor-section-height-default\" data-id=\"1b3473ec\" data-element_type=\"section\" data-e-type=\"section\" data-settings=\"{&quot;background_background&quot;:&quot;classic&quot;}\">\n\t\t\t\t\t\t<div class=\"elementor-container elementor-column-gap-default\">\n\t\t\t\t\t<div class=\"elementor-column elementor-col-100 elementor-top-column elementor-element elementor-element-46d6e1d0\" data-id=\"46d6e1d0\" data-element_type=\"column\" data-e-type=\"column\">\n\t\t\t<div class=\"elementor-widget-wrap\">\n\t\t\t\t\t\t\t<\/div>\n\t\t<\/div>\n\t\t\t\t\t<\/div>\n\t\t<\/section>\n\t\t\t\t<section class=\"elementor-section elementor-top-section elementor-element elementor-element-63239d10 elementor-section-boxed elementor-section-height-default elementor-section-height-default\" data-id=\"63239d10\" data-element_type=\"section\" data-e-type=\"section\">\n\t\t\t\t\t\t<div class=\"elementor-container elementor-column-gap-default\">\n\t\t\t\t\t<div class=\"elementor-column elementor-col-100 elementor-top-column elementor-element elementor-element-7ce9a23f\" data-id=\"7ce9a23f\" data-element_type=\"column\" data-e-type=\"column\" data-settings=\"{&quot;background_background&quot;:&quot;classic&quot;}\">\n\t\t\t<div class=\"elementor-widget-wrap elementor-element-populated\">\n\t\t\t\t\t<div class=\"elementor-background-overlay\"><\/div>\n\t\t\t\t\t\t<div class=\"elementor-element elementor-element-50b1806b elementor-widget elementor-widget-heading\" data-id=\"50b1806b\" data-element_type=\"widget\" data-e-type=\"widget\" data-widget_type=\"heading.default\">\n\t\t\t\t<div class=\"elementor-widget-container\">\n\t\t\t\t\t<h1 class=\"elementor-heading-title elementor-size-default\">Postes Vacants<\/h1>\t\t\t\t<\/div>\n\t\t\t\t<\/div>\n\t\t\t\t\t<\/div>\n\t\t<\/div>\n\t\t\t\t\t<\/div>\n\t\t<\/section>\n\t\t<div class=\"elementor-element elementor-element-eabddae e-flex e-con-boxed e-con e-parent\" data-id=\"eabddae\" data-element_type=\"container\" data-e-type=\"container\">\n\t\t\t\t\t<div class=\"e-con-inner\">\n\t\t\t\t<div class=\"elementor-element elementor-element-fb4b25f elementor-widget elementor-widget-text-editor\" data-id=\"fb4b25f\" data-element_type=\"widget\" data-e-type=\"widget\" data-widget_type=\"text-editor.default\">\n\t\t\t\t<div class=\"elementor-widget-container\">\n\t\t\t\t\t\t\t\t\t<p><span style=\"color: #374151;font-family: S\u00f6hne, ui-sans-serif, system-ui, -apple-system, 'Segoe UI', Roboto, Ubuntu, Cantarell, 'Noto Sans', sans-serif, 'Helvetica Neue', Arial, 'Apple Color Emoji', 'Segoe UI Emoji', 'Segoe UI Symbol', 'Noto Color Emoji';font-weight: var( --e-global-typography-text-font-weight );text-align: var(--text-align);font-size: 1rem\">L&#8217;Alliance Fran\u00e7aise est une organisation \u00e0 but non lucratif comptant plus de 800 succursales dans plus de 130 pays, ayant pour objectif de promouvoir la langue et la culture fran\u00e7aises. \u00c0 cette fin, plus de 26 000 activit\u00e9s culturelles sont organis\u00e9es dans le monde entier, allant de cours de langue \u00e0 diff\u00e9rents niveaux \u00e0 une vari\u00e9t\u00e9 d&#8217;activit\u00e9s culturelles fran\u00e7aises et francophones. Aux Pays-Bas, les 31 Alliances sont regroup\u00e9es au sein de l&#8217;Alliance Fran\u00e7aise des Pays-Bas (AFPB). L&#8217;Alliance Fran\u00e7aise Stedendriehoek est n\u00e9e en 2023 de la fusion des Alliances d&#8217;Apeldoorn, Deventer et Zutphen.<\/span><\/p>\t\t\t\t\t\t\t\t<\/div>\n\t\t\t\t<\/div>\n\t\t\t\t\t<\/div>\n\t\t\t\t<\/div>\n\t\t<div class=\"elementor-element elementor-element-3c02b1e e-flex e-con-boxed e-con e-parent\" data-id=\"3c02b1e\" data-element_type=\"container\" data-e-type=\"container\">\n\t\t\t\t\t<div class=\"e-con-inner\">\n\t\t\t\t<div class=\"elementor-element elementor-element-4a66595 elementor-widget elementor-widget-text-editor\" data-id=\"4a66595\" data-element_type=\"widget\" data-e-type=\"widget\" data-widget_type=\"text-editor.default\">\n\t\t\t\t<div class=\"elementor-widget-container\">\n\t\t\t\t\t\t\t\t\t<p id=\"tw-target-text\" dir=\"ltr\" role=\"text\" data-placeholder=\"Vertaling\" data-ved=\"2ahUKEwiEte32w5KSAxXy0gIHHQOZPAMQ3ewLegQIDBAW\" aria-label=\"Vertaalde tekst: L\u2019Alliance Fran\u00e7aise de Stedendriehoek cherche \u00e0 agrandir son \u00e9quipe de b\u00e9n\u00e9voles (enthousiastes)\u00a0: Tr\u00e9sorier(\u00e8re) Coordinateur(trice) culturel(le) pour Zutphen Charg\u00e9(e) de communication et gestion des r\u00e9seaux sociaux Professeurs de fran\u00e7ais En tant que b\u00e9n\u00e9vole, vous deviendrez membre de l\u2019Alliance Fran\u00e7aise de Stedendriehoek et b\u00e9n\u00e9ficierez de tous les avantages qui en d\u00e9coulent.\"><span lang=\"fr\">L\u2019Alliance Fran\u00e7aise de Stedendriehoek cherche \u00e0 agrandir son \u00e9quipe de b\u00e9n\u00e9voles (enthousiastes) :<\/span><\/p><ul><li dir=\"ltr\" role=\"text\" data-placeholder=\"Vertaling\" data-ved=\"2ahUKEwiEte32w5KSAxXy0gIHHQOZPAMQ3ewLegQIDBAW\" aria-label=\"Vertaalde tekst: L\u2019Alliance Fran\u00e7aise de Stedendriehoek cherche \u00e0 agrandir son \u00e9quipe de b\u00e9n\u00e9voles (enthousiastes)\u00a0: Tr\u00e9sorier(\u00e8re) Coordinateur(trice) culturel(le) pour Zutphen Charg\u00e9(e) de communication et gestion des r\u00e9seaux sociaux Professeurs de fran\u00e7ais En tant que b\u00e9n\u00e9vole, vous deviendrez membre de l\u2019Alliance Fran\u00e7aise de Stedendriehoek et b\u00e9n\u00e9ficierez de tous les avantages qui en d\u00e9coulent.\"><a href=\"https:\/\/www.alliance-francaise.nl\/stedendriehoek\/fr\/elementor-10306\/#Tresorier\"><span lang=\"fr\">Tr\u00e9sorier(\u00e8re) <\/span><\/a><\/li><li dir=\"ltr\" role=\"text\" data-placeholder=\"Vertaling\" data-ved=\"2ahUKEwiEte32w5KSAxXy0gIHHQOZPAMQ3ewLegQIDBAW\" aria-label=\"Vertaalde tekst: L\u2019Alliance Fran\u00e7aise de Stedendriehoek cherche \u00e0 agrandir son \u00e9quipe de b\u00e9n\u00e9voles (enthousiastes)\u00a0: Tr\u00e9sorier(\u00e8re) Coordinateur(trice) culturel(le) pour Zutphen Charg\u00e9(e) de communication et gestion des r\u00e9seaux sociaux Professeurs de fran\u00e7ais En tant que b\u00e9n\u00e9vole, vous deviendrez membre de l\u2019Alliance Fran\u00e7aise de Stedendriehoek et b\u00e9n\u00e9ficierez de tous les avantages qui en d\u00e9coulent.\"><a href=\"https:\/\/www.alliance-francaise.nl\/stedendriehoek\/fr\/elementor-10306\/#Responsableculture\"><span lang=\"fr\">Responsable culture Zutphen <\/span><\/a><\/li><li dir=\"ltr\" role=\"text\" data-placeholder=\"Vertaling\" data-ved=\"2ahUKEwiEte32w5KSAxXy0gIHHQOZPAMQ3ewLegQIDBAW\" aria-label=\"Vertaalde tekst: L\u2019Alliance Fran\u00e7aise de Stedendriehoek cherche \u00e0 agrandir son \u00e9quipe de b\u00e9n\u00e9voles (enthousiastes)\u00a0: Tr\u00e9sorier(\u00e8re) Coordinateur(trice) culturel(le) pour Zutphen Charg\u00e9(e) de communication et gestion des r\u00e9seaux sociaux Professeurs de fran\u00e7ais En tant que b\u00e9n\u00e9vole, vous deviendrez membre de l\u2019Alliance Fran\u00e7aise de Stedendriehoek et b\u00e9n\u00e9ficierez de tous les avantages qui en d\u00e9coulent.\"><a href=\"https:\/\/www.alliance-francaise.nl\/stedendriehoek\/fr\/elementor-10306\/#ResponsableRP\"><span lang=\"fr\">Responsable RP et les r\u00e9seaux sociaux<\/span><\/a><\/li><li dir=\"ltr\" role=\"text\" data-placeholder=\"Vertaling\" data-ved=\"2ahUKEwiEte32w5KSAxXy0gIHHQOZPAMQ3ewLegQIDBAW\" aria-label=\"Vertaalde tekst: L\u2019Alliance Fran\u00e7aise de Stedendriehoek cherche \u00e0 agrandir son \u00e9quipe de b\u00e9n\u00e9voles (enthousiastes)\u00a0: Tr\u00e9sorier(\u00e8re) Coordinateur(trice) culturel(le) pour Zutphen Charg\u00e9(e) de communication et gestion des r\u00e9seaux sociaux Professeurs de fran\u00e7ais En tant que b\u00e9n\u00e9vole, vous deviendrez membre de l\u2019Alliance Fran\u00e7aise de Stedendriehoek et b\u00e9n\u00e9ficierez de tous les avantages qui en d\u00e9coulent.\"><a href=\"https:\/\/www.alliance-francaise.nl\/stedendriehoek\/fr\/elementor-10306\/#Professeurs\"><span lang=\"fr\">Professeurs de fran\u00e7ais<\/span><\/a><\/li><\/ul><p dir=\"ltr\" role=\"text\" data-placeholder=\"Vertaling\" data-ved=\"2ahUKEwiEte32w5KSAxXy0gIHHQOZPAMQ3ewLegQIDBAW\" aria-label=\"Vertaalde tekst: L\u2019Alliance Fran\u00e7aise de Stedendriehoek cherche \u00e0 agrandir son \u00e9quipe de b\u00e9n\u00e9voles (enthousiastes)\u00a0: Tr\u00e9sorier(\u00e8re) Coordinateur(trice) culturel(le) pour Zutphen Charg\u00e9(e) de communication et gestion des r\u00e9seaux sociaux Professeurs de fran\u00e7ais En tant que b\u00e9n\u00e9vole, vous deviendrez membre de l\u2019Alliance Fran\u00e7aise de Stedendriehoek et b\u00e9n\u00e9ficierez de tous les avantages qui en d\u00e9coulent.\"><span lang=\"fr\">\u00a0<\/span><\/p><p dir=\"ltr\" role=\"text\" data-placeholder=\"Vertaling\" data-ved=\"2ahUKEwiEte32w5KSAxXy0gIHHQOZPAMQ3ewLegQIDBAW\" aria-label=\"Vertaalde tekst: L\u2019Alliance Fran\u00e7aise de Stedendriehoek cherche \u00e0 agrandir son \u00e9quipe de b\u00e9n\u00e9voles (enthousiastes)\u00a0: Tr\u00e9sorier(\u00e8re) Coordinateur(trice) culturel(le) pour Zutphen Charg\u00e9(e) de communication et gestion des r\u00e9seaux sociaux Professeurs de fran\u00e7ais En tant que b\u00e9n\u00e9vole, vous deviendrez membre de l\u2019Alliance Fran\u00e7aise de Stedendriehoek et b\u00e9n\u00e9ficierez de tous les avantages qui en d\u00e9coulent.\"><span lang=\"fr\">En tant que b\u00e9n\u00e9vole, vous deviendrez membre de l\u2019Alliance Fran\u00e7aise de Stedendriehoek et b\u00e9n\u00e9ficierez de <a href=\"https:\/\/www.alliance-francaise.nl\/stedendriehoek\/fr\/devenir-membre\/\" target=\"_blank\" rel=\"noopener\">tous les avantages<\/a> qui en d\u00e9coulent.<\/span><\/p>\t\t\t\t\t\t\t\t<\/div>\n\t\t\t\t<\/div>\n\t\t\t\t\t<\/div>\n\t\t\t\t<\/div>\n\t\t<div class=\"elementor-element elementor-element-5767db4 e-flex e-con-boxed e-con e-parent\" data-id=\"5767db4\" data-element_type=\"container\" data-e-type=\"container\">\n\t\t\t\t\t<div class=\"e-con-inner\">\n\t\t\t\t<div class=\"elementor-element elementor-element-b6cf8e2 elementor-widget elementor-widget-menu-anchor\" data-id=\"b6cf8e2\" data-element_type=\"widget\" data-e-type=\"widget\" data-widget_type=\"menu-anchor.default\">\n\t\t\t\t<div class=\"elementor-widget-container\">\n\t\t\t\t\t\t\t<div class=\"elementor-menu-anchor\" id=\"Tresorier\"><\/div>\n\t\t\t\t\t\t<\/div>\n\t\t\t\t<\/div>\n\t\t\t\t<div class=\"elementor-element elementor-element-2c55ac0 elementor-widget elementor-widget-text-editor\" data-id=\"2c55ac0\" data-element_type=\"widget\" data-e-type=\"widget\" data-widget_type=\"text-editor.default\">\n\t\t\t\t<div class=\"elementor-widget-container\">\n\t\t\t\t\t\t\t\t\t<h2><strong><span style=\"color: #da002e\">Tr\u00e9sorier(\u00e8re) Alliance Fran\u00e7aise Stedendriehoek\u00a0<\/span><\/strong><\/h2><p>(<strong>Poste b\u00e9n\u00e9vole<\/strong>)<\/p><p><span style=\"font-size: 1rem\">Conform\u00e9ment au \u00ab\u202ftableau de rotation\u202f\u00bb pr\u00e9vu \u00e0 l\u2019article 16 du r\u00e8glement int\u00e9rieur, la fonction de tr\u00e9sorier deviendra vacante \u00e0 la fin de la saison 2025\/2026. Il s\u2019agit d\u2019un poste b\u00e9n\u00e9vole pour une dur\u00e9e de trois ans.<\/span><\/p><p><span style=\"font-size: 1rem\">T\u00e2ches :<\/span><\/p><ul><li>G\u00e8re les finances de l\u2019association ;<\/li><li>Assure l\u2019encaissement des sommes dues \u00e0 l\u2019association et veille \u00e0 toutes les d\u00e9penses approuv\u00e9es par le comit\u00e9 directeur et l\u2019assembl\u00e9e g\u00e9n\u00e9rale ;<\/li><li><span style=\"background-color: transparent\">Tient la comptabilit\u00e9 de toutes les recettes et d\u00e9penses et veille \u00e0 l\u2019application du \u00ab principe des quatre yeux \u00bb ;<\/span><\/li><li>Effectue les paiements aux enseignants (apr\u00e8s approbation du coordinateur de cours concern\u00e9) ;<\/li><li>Effectue les paiements aux conf\u00e9renciers et pour les autres activit\u00e9s li\u00e9es \u00e0 la culture (apr\u00e8s approbation du coordinateur culturel concern\u00e9) ;<\/li><li>Pour toute d\u00e9pense sup\u00e9rieure \u00e0 1 000 \u20ac ne relevant ni des cours ni de la culture, une approbation du bureau ex\u00e9cutif est requise ;<\/li><li>Assure la gestion du fichier des membres ;<\/li><li>Assure la gestion du fichier des apprenants ;<\/li><li>Veille \u00e0 la gestion et \u00e0 la mise \u00e0 jour du portefeuille d\u2019assurances ;<\/li><li>Assure le respect des obligations de l\u2019association vis\u2011\u00e0\u2011vis de l\u2019administration fiscale ;<\/li><li>Assure la correspondance relative aux t\u00e2ches mentionn\u00e9es ci\u2011dessus, signe tous les courriers sortants, est tenue de conserver des copies et d\u2019archiver, sous forme num\u00e9rique pendant une p\u00e9riode de sept ans, tous les documents entrants li\u00e9s \u00e0 ces m\u00eames t\u00e2ches ;<\/li><li>Pr\u00e9sente un rapport sur la situation financi\u00e8re lors de l\u2019assembl\u00e9e g\u00e9n\u00e9rale, accompagn\u00e9 du bilan, du compte de r\u00e9sultats avec explications pour l\u2019exercice \u00e9coul\u00e9, ainsi que du budget pour l\u2019exercice \u00e0 venir.<\/li><\/ul><p>\u00a0<\/p><p>Nous demandons :<\/p><ul><li>Connaissance de l\u2019organisation administrative.<\/li><li>Connaissance d\u2019Excel.<\/li><li>Enthousiasme et cr\u00e9ativit\u00e9.<\/li><\/ul><p>\u00a0<\/p><p>Vous vous sentez concern\u00e9(e), mais vous ne remplissez pas (encore) \u00e0 toutes les qualifications ? N&#8217;h\u00e9sitez pas a nous contacter!<br \/><span style=\"font-size: 1rem\">Pour plus d&#8217;informations ou pour postuler, veuillez envoyer un e-mail \u00e0\u00a0 <\/span><a style=\"background-color: #ffffff;font-size: 1rem\" href=\"mailto:secr.stedendriehoek@afpb.nl\" target=\"_blank\" rel=\"noopener\"><span style=\"font-weight: bolder\">secr.stedendriehoek@afpb.nl<\/span><\/a><br \/>Si vous vous inscrivez \u00e0 temps, vous b\u00e9n\u00e9ficierez d&#8217;une formation approfondie dispens\u00e9e par le tr\u00e9sorier en fonction.<\/p>\t\t\t\t\t\t\t\t<\/div>\n\t\t\t\t<\/div>\n\t\t\t\t\t<\/div>\n\t\t\t\t<\/div>\n\t\t<div class=\"elementor-element elementor-element-26ef2c7 e-flex e-con-boxed e-con e-parent\" data-id=\"26ef2c7\" data-element_type=\"container\" data-e-type=\"container\">\n\t\t\t\t\t<div class=\"e-con-inner\">\n\t\t\t\t<div class=\"elementor-element elementor-element-a0b13f3 elementor-widget elementor-widget-menu-anchor\" data-id=\"a0b13f3\" data-element_type=\"widget\" data-e-type=\"widget\" data-widget_type=\"menu-anchor.default\">\n\t\t\t\t<div class=\"elementor-widget-container\">\n\t\t\t\t\t\t\t<div class=\"elementor-menu-anchor\" id=\"Responsableculture\"><\/div>\n\t\t\t\t\t\t<\/div>\n\t\t\t\t<\/div>\n\t\t\t\t<div class=\"elementor-element elementor-element-aca14f4 elementor-widget elementor-widget-text-editor\" data-id=\"aca14f4\" data-element_type=\"widget\" data-e-type=\"widget\" data-widget_type=\"text-editor.default\">\n\t\t\t\t<div class=\"elementor-widget-container\">\n\t\t\t\t\t\t\t\t\t<h2><strong><span style=\"color: #da002e\">Responsable culture \u00e0 Zutphen\u00a0<\/span><\/strong><\/h2><p>(<strong>Poste b\u00e9n\u00e9vole<\/strong>)<\/p><p>Pour organiser les activit\u00e9s culturelles \u00e0 Zutphen, nous recherchons\u00a0 un(e) responsable culture (conform\u00e9ment au &#8220;rooster van aftreden&#8221; de l&#8217;article 16 du r\u00e8glement int\u00e9rieur).\u00a0Il s\u2019agit d\u2019une fonction b\u00e9n\u00e9vole pour une p\u00e9riode de trois ans.<\/p><p><span style=\"font-size: 1rem\">Comme nous tenons \u00e0 ce que vous puissiez commencer dans les meilleures conditions, nous publions cette offre suffisamment t\u00f4t et souhaitons consacrer les six prochains mois \u00e0 vous former de mani\u00e8re approfondie. Ainsi, \u00e0 l\u2019issue de cette p\u00e9riode d\u2019int\u00e9gration, vous pourrez reprendre la fonction de tr\u00e9sorier \u00e0 partir de la saison 2026\/2027.<\/span><span style=\"font-size: 1rem\">Aimez-vous rassembler les gens, \u00eates-vous bon dans l&#8217;organisation d&#8217;activit\u00e9s culturelles et \u00e0 enthousiasmer les gens pour la langue et la culture fran\u00e7aises ? Nous avons h\u00e2te de faire votre connaissance !\u00a0\u00a0<\/span><\/p><p>T\u00e2ches :<\/p><ul><li>Organiser des \u00e9v\u00e9nements culturels et, si n\u00e9cessaire, le Caf\u00e9 Fran\u00e7ais.<\/li><li>Accueillir les conf\u00e9renciers, ouvrir et cl\u00f4turer l&#8217;activit\u00e9 culturelle en question.<\/li><li>Maintenir les contacts avec les conf\u00e9renciers.<\/li><li>\u00c9laborer le programme culturel pour la nouvelle saison, en concertation avec les coll\u00e8gues coordinateurs culturels.<\/li><li>Discuter du programme culturel pour la nouvelle saison avec le conseil d&#8217;administration.<\/li><li>Consulter le tr\u00e9sorier sur le budget.<\/li><li>Soumettre \u00e0 temps le programme culturel pour la nouvelle saison au webmaster pour publication sur le site web.<\/li><li>Organiser les lieux o\u00f9 se d\u00e9roulent les activit\u00e9s et maintenir le contact avec le gestionnaire de la salle.<\/li><li>Assister p\u00e9riodiquement (tous les deux mois) aux r\u00e9unions du conseil d&#8217;administration.<\/li><\/ul><div>\u00a0<\/div><div>\u00a0<\/div><p>Nous demandons :<\/p><ul><li>Connaissance des coutumes et usages fran\u00e7ais (civilisation).<\/li><li>De l&#8217;enthousiasme et de la cr\u00e9ativit\u00e9.<\/li><li>Connaissance et ma\u00eetrise de la langue fran\u00e7aise.<\/li><li>Une bonne ma\u00eetrise de la langue n\u00e9erlandaise.<\/li><\/ul><div>\u00a0<\/div><div>\u00a0<\/div><p>Vous vous sentez concern\u00e9(e), mais vous ne remplissez pas (encore) \u00e0 toutes les qualifications ? N&#8217;h\u00e9sitez pas a nous contacter!<br \/>Pour plus d&#8217;informations ou pour postuler, veuillez envoyer un e-mail \u00e0\u00a0 <a href=\"mailto:secr.stedendriehoek@afpb.nl\" target=\"_blank\" rel=\"noopener\"><span style=\"font-weight: bolder\">secr.stedendriehoek@afpb.nl<\/span><\/a><\/p>\t\t\t\t\t\t\t\t<\/div>\n\t\t\t\t<\/div>\n\t\t\t\t\t<\/div>\n\t\t\t\t<\/div>\n\t\t<div class=\"elementor-element elementor-element-2f2070d e-flex e-con-boxed e-con e-parent\" data-id=\"2f2070d\" data-element_type=\"container\" data-e-type=\"container\">\n\t\t\t\t\t<div class=\"e-con-inner\">\n\t\t\t\t<div class=\"elementor-element elementor-element-62b5031 elementor-widget elementor-widget-menu-anchor\" data-id=\"62b5031\" data-element_type=\"widget\" data-e-type=\"widget\" data-widget_type=\"menu-anchor.default\">\n\t\t\t\t<div class=\"elementor-widget-container\">\n\t\t\t\t\t\t\t<div class=\"elementor-menu-anchor\" id=\"ResponsableRP\"><\/div>\n\t\t\t\t\t\t<\/div>\n\t\t\t\t<\/div>\n\t\t\t\t<div class=\"elementor-element elementor-element-f824056 elementor-widget elementor-widget-text-editor\" data-id=\"f824056\" data-element_type=\"widget\" data-e-type=\"widget\" data-widget_type=\"text-editor.default\">\n\t\t\t\t<div class=\"elementor-widget-container\">\n\t\t\t\t\t\t\t\t\t<h2><span style=\"color: #da002e\"><b>Responsable RP et les r\u00e9seaux sociaux<\/b><\/span><strong style=\"color: inherit;font-family: inherit;font-size: 2rem\"><span style=\"color: #da002e\">\u00a0<\/span><\/strong><\/h2><p>(<strong>Poste b\u00e9n\u00e9vole<\/strong>)<\/p><p>L\u2019Alliance Fran\u00e7aise Stedendriehoek souhaite renforcer son \u00e9quipe de b\u00e9n\u00e9voles et recherche un(e) responsable enthousiaste des relations publiques ainsi qu\u2019un(e) r\u00e9dacteur(\/trice) pour les r\u00e9seaux sociaux. Une mission vari\u00e9e et stimulante, que vous pouvez exercer depuis votre propre lieu de travail.<\/p><p>T\u00e2ches :<\/p><ul><li>Contribuer au d\u00e9veloppement de la notori\u00e9t\u00e9 de l\u2019Alliance Fran\u00e7aise Stedendriehoek<\/li><li>Cr\u00e9er et g\u00e9rer le contenu de nos r\u00e9seaux sociaux (Instagram et Facebook)<\/li><li>Promouvoir les cours et les activit\u00e9s culturelles via nos canaux sociaux<\/li><li>Assurer la r\u00e9daction et la diffusion de la newsletter (9 fois par an)<\/li><li>Entretenir les contacts avec la presse locale (notamment la r\u00e9daction de communiqu\u00e9s de presse) et avec les organisations locales (dont les \u00e9tablissements scolaires)<\/li><li>Coordonner la r\u00e9alisation du programme annuel<\/li><li>Participer aux r\u00e9unions du comit\u00e9 directeur (environ 8 fois par an)<\/li><\/ul><p>\u00a0<\/p><p>La charge de travail moyenne est d\u2019environ quatre heures par semaine.<\/p><p>\u00a0<\/p><p>Nous demandons :<\/p><ul><li>Excellente ma\u00eetrise de la langue n\u00e9erlandaise<\/li><li>Enthousiasme et cr\u00e9ativit\u00e9<\/li><li>Aisance r\u00e9dactionnelle<\/li><li>Connaissance du content management, d\u2019Instagram et de Facebook (page professionnelle et Business Suite)<\/li><li>Affinit\u00e9 avec la langue et la culture fran\u00e7aises appr\u00e9ci\u00e9e, mais non indispensable<\/li><\/ul><p>\u00a0<\/p><p>Vous vous reconnaissez dans ce profil, mais vous ne r\u00e9pondez pas (encore) \u00e0 toutes les qualifications\u00a0? N\u2019h\u00e9sitez surtout pas \u00e0 nous contacter.<br \/><span style=\"font-size: 1rem\">Pour plus d&#8217;informations ou pour postuler, veuillez envoyer un e-mail \u00e0\u00a0 <\/span><a style=\"background-color: #ffffff;font-size: 1rem\" href=\"mailto:secr.stedendriehoek@afpb.nl\" target=\"_blank\" rel=\"noopener\"><span style=\"font-weight: bolder\">secr.stedendriehoek@afpb.nl<\/span><\/a><\/p>\t\t\t\t\t\t\t\t<\/div>\n\t\t\t\t<\/div>\n\t\t\t\t\t<\/div>\n\t\t\t\t<\/div>\n\t\t<div class=\"elementor-element elementor-element-7b69b99 e-flex e-con-boxed e-con e-parent\" data-id=\"7b69b99\" data-element_type=\"container\" data-e-type=\"container\">\n\t\t\t\t\t<div class=\"e-con-inner\">\n\t\t\t\t<div class=\"elementor-element elementor-element-2346766 elementor-widget elementor-widget-menu-anchor\" data-id=\"2346766\" data-element_type=\"widget\" data-e-type=\"widget\" data-widget_type=\"menu-anchor.default\">\n\t\t\t\t<div class=\"elementor-widget-container\">\n\t\t\t\t\t\t\t<div class=\"elementor-menu-anchor\" id=\"Professeurs\"><\/div>\n\t\t\t\t\t\t<\/div>\n\t\t\t\t<\/div>\n\t\t\t\t<div class=\"elementor-element elementor-element-5e25823 elementor-widget elementor-widget-text-editor\" data-id=\"5e25823\" data-element_type=\"widget\" data-e-type=\"widget\" data-widget_type=\"text-editor.default\">\n\t\t\t\t<div class=\"elementor-widget-container\">\n\t\t\t\t\t\t\t\t\t<h2><strong><span style=\"color: #da002e\">Professeurs de fran\u00e7ais<\/span><\/strong><\/h2><div class=\"content-wrapper\"><div class=\"main-content ng-trigger ng-trigger-routeChangeAnimation\"><div class=\"content-container\"><div class=\"chat-container ng-tns-c3223350918-1 ng-trigger ng-trigger-chatHistoryImmersiveTransitions\"><div id=\"chat-history\" class=\"chat-history-scroll-container\"><div id=\"cca41dc78521ef2e\" class=\"conversation-container message-actions-hover-boundary ng-star-inserted\" style=\"min-height: 663px\"><div class=\"response-container ng-tns-c465976698-51 response-container-with-gpi ng-star-inserted response-container-has-multiple-responses\"><div class=\"presented-response-container ng-tns-c465976698-51\"><div class=\"response-container-content ng-tns-c465976698-51\"><div class=\"response-content ng-tns-c465976698-51\"><div id=\"model-response-message-contentr_cca41dc78521ef2e\" class=\"markdown markdown-main-panel enable-updated-hr-color\" dir=\"ltr\" style=\"--animation-duration: 400ms;--fade-animation-function: linear\"><p data-sourcepos=\"3:1-3:134\">Des professeurs de fran\u00e7ais motiv\u00e9s sont toujours les bienvenus chez nous, m\u00eame s&#8217;il n&#8217;y a pas toujours de poste vacant imm\u00e9diatement.<\/p><p data-sourcepos=\"5:1-5:137\">\u00cates-vous professeur de fran\u00e7ais ou locuteur natif et aimez-vous donner des cours \u00e0 des adultes quelques heures par semaine (en soir\u00e9e) ?<\/p><p style=\"text-align: center\" data-sourcepos=\"7:1-7:54\"><strong>Alors postulez \u00e0 l&#8217;Alliance Fran\u00e7aise Stedendriehoek !<\/strong><\/p><p data-sourcepos=\"9:1-9:16\">Nous demandons :<\/p><ul data-sourcepos=\"11:1-16:0\"><li data-sourcepos=\"11:1-11:112\">Une habilitation \u00e0 enseigner de 1er ou 2\u00e8me degr\u00e9 ou un locuteur natif ayant une exp\u00e9rience de l&#8217;enseignement.<\/li><li data-sourcepos=\"12:1-12:62\">Une connaissance des us et coutumes fran\u00e7ais (civilisation).<\/li><li data-sourcepos=\"13:1-13:40\">De l&#8217;enthousiasme et de la cr\u00e9ativit\u00e9.<\/li><li data-sourcepos=\"14:1-14:80\">Une m\u00e9thode d&#8217;enseignement moderne, ax\u00e9e notamment sur les comp\u00e9tences orales.<\/li><li data-sourcepos=\"15:1-16:0\">Une bonne ma\u00eetrise de la langue n\u00e9erlandaise.<\/li><\/ul><p data-sourcepos=\"17:1-17:127\"><br \/>Vous vous sentez concern\u00e9(e), mais vous ne remplissez pas (encore) toutes les qualifications ? N&#8217;h\u00e9sitez pas \u00e0 nous contacter !<br \/>Pour plus d&#8217;informations ou pour envoyer votre CV, veuillez envoyer un e-mail \u00e0 <strong><a href=\"mailto:secr.stedendriehoek@afpb.nl\" target=\"_blank\" rel=\"noopener\">secr.stedendriehoek@afpb.nl<\/a><\/strong><\/p><\/div><\/div><\/div><\/div><\/div><\/div><\/div><\/div><\/div><\/div><\/div>\t\t\t\t\t\t\t\t<\/div>\n\t\t\t\t<\/div>\n\t\t\t\t\t<\/div>\n\t\t\t\t<\/div>\n\t\t\t\t<\/div>\n\t\t","protected":false},"excerpt":{"rendered":"<p>Postes Vacants L&#8217;Alliance Fran\u00e7aise est une organisation \u00e0 but non lucratif comptant plus de 800 succursales dans plus de 130 pays, ayant pour objectif de promouvoir la langue et la [&hellip;]<\/p>\n","protected":false},"author":107,"featured_media":0,"parent":0,"menu_order":0,"comment_status":"closed","ping_status":"closed","template":"elementor_header_footer","meta":{"footnotes":""},"class_list":["post-10306","page","type-page","status-publish","hentry"],"_links":{"self":[{"href":"https:\/\/www.alliance-francaise.nl\/stedendriehoek\/wp-json\/wp\/v2\/pages\/10306","targetHints":{"allow":["GET"]}}],"collection":[{"href":"https:\/\/www.alliance-francaise.nl\/stedendriehoek\/wp-json\/wp\/v2\/pages"}],"about":[{"href":"https:\/\/www.alliance-francaise.nl\/stedendriehoek\/wp-json\/wp\/v2\/types\/page"}],"author":[{"embeddable":true,"href":"https:\/\/www.alliance-francaise.nl\/stedendriehoek\/wp-json\/wp\/v2\/users\/107"}],"replies":[{"embeddable":true,"href":"https:\/\/www.alliance-francaise.nl\/stedendriehoek\/wp-json\/wp\/v2\/comments?post=10306"}],"version-history":[{"count":20,"href":"https:\/\/www.alliance-francaise.nl\/stedendriehoek\/wp-json\/wp\/v2\/pages\/10306\/revisions"}],"predecessor-version":[{"id":17040,"href":"https:\/\/www.alliance-francaise.nl\/stedendriehoek\/wp-json\/wp\/v2\/pages\/10306\/revisions\/17040"}],"wp:attachment":[{"href":"https:\/\/www.alliance-francaise.nl\/stedendriehoek\/wp-json\/wp\/v2\/media?parent=10306"}],"curies":[{"name":"wp","href":"https:\/\/api.w.org\/{rel}","templated":true}]}}