{"id":164,"date":"2019-12-12T20:44:57","date_gmt":"2019-12-12T18:44:57","guid":{"rendered":"https:\/\/www.alliance-francaise.nl\/2020\/roosendaal\/?page_id=164"},"modified":"2026-02-27T20:30:14","modified_gmt":"2026-02-27T19:30:14","slug":"nieuws","status":"publish","type":"page","link":"https:\/\/www.alliance-francaise.nl\/roosendaal\/cursussen\/europees-referentiekader\/nieuws\/","title":{"rendered":"Nieuws en vacatures"},"content":{"rendered":"\t\t<div data-elementor-type=\"wp-page\" data-elementor-id=\"164\" class=\"elementor elementor-164\" data-elementor-post-type=\"page\">\n\t\t\t\t\t\t<section class=\"elementor-section elementor-top-section elementor-element elementor-element-330868ce elementor-section-boxed elementor-section-height-default elementor-section-height-default\" data-id=\"330868ce\" data-element_type=\"section\" data-e-type=\"section\" data-settings=\"{&quot;background_background&quot;:&quot;classic&quot;}\">\n\t\t\t\t\t\t<div class=\"elementor-container elementor-column-gap-default\">\n\t\t\t\t\t<div class=\"elementor-column elementor-col-100 elementor-top-column elementor-element elementor-element-55ca259a\" data-id=\"55ca259a\" data-element_type=\"column\" data-e-type=\"column\">\n\t\t\t<div class=\"elementor-widget-wrap\">\n\t\t\t\t\t\t\t<\/div>\n\t\t<\/div>\n\t\t\t\t\t<\/div>\n\t\t<\/section>\n\t\t\t\t<section class=\"elementor-section elementor-top-section elementor-element elementor-element-3e53b363 elementor-section-boxed elementor-section-height-default elementor-section-height-default\" data-id=\"3e53b363\" data-element_type=\"section\" data-e-type=\"section\">\n\t\t\t\t\t\t<div class=\"elementor-container elementor-column-gap-default\">\n\t\t\t\t\t<div class=\"elementor-column elementor-col-100 elementor-top-column elementor-element elementor-element-769b4b88\" data-id=\"769b4b88\" data-element_type=\"column\" data-e-type=\"column\" data-settings=\"{&quot;background_background&quot;:&quot;classic&quot;}\">\n\t\t\t<div class=\"elementor-widget-wrap elementor-element-populated\">\n\t\t\t\t\t<div class=\"elementor-background-overlay\"><\/div>\n\t\t\t\t\t\t<div class=\"elementor-element elementor-element-1cf1d5d9 elementor-widget-mobile__width-initial elementor-widget elementor-widget-heading\" data-id=\"1cf1d5d9\" data-element_type=\"widget\" data-e-type=\"widget\" data-widget_type=\"heading.default\">\n\t\t\t\t<div class=\"elementor-widget-container\">\n\t\t\t\t\t<h1 class=\"elementor-heading-title elementor-size-default\">Nieuws en vacatures<\/h1>\t\t\t\t<\/div>\n\t\t\t\t<\/div>\n\t\t\t\t\t<\/div>\n\t\t<\/div>\n\t\t\t\t\t<\/div>\n\t\t<\/section>\n\t\t\t\t<section class=\"elementor-section elementor-top-section elementor-element elementor-element-4c8c6b46 elementor-section-boxed elementor-section-height-default elementor-section-height-default\" data-id=\"4c8c6b46\" data-element_type=\"section\" data-e-type=\"section\">\n\t\t\t\t\t\t<div class=\"elementor-container elementor-column-gap-default\">\n\t\t\t\t\t<div class=\"elementor-column elementor-col-100 elementor-top-column elementor-element elementor-element-6ee132da\" data-id=\"6ee132da\" data-element_type=\"column\" data-e-type=\"column\">\n\t\t\t<div class=\"elementor-widget-wrap elementor-element-populated\">\n\t\t\t\t\t\t<div class=\"elementor-element elementor-element-7f5afc63 elementor-widget elementor-widget-heading\" data-id=\"7f5afc63\" data-element_type=\"widget\" data-e-type=\"widget\" data-widget_type=\"heading.default\">\n\t\t\t\t<div class=\"elementor-widget-container\">\n\t\t\t\t\t<h2 class=\"elementor-heading-title elementor-size-default\">Nieuws<\/h2>\t\t\t\t<\/div>\n\t\t\t\t<\/div>\n\t\t\t\t\t<\/div>\n\t\t<\/div>\n\t\t\t\t\t<\/div>\n\t\t<\/section>\n\t\t<div class=\"elementor-element elementor-element-b15211a e-grid e-con-boxed e-con e-parent\" data-id=\"b15211a\" data-element_type=\"container\" data-e-type=\"container\">\n\t\t\t\t\t<div class=\"e-con-inner\">\n\t\t\t\t<div class=\"elementor-element elementor-element-4566294 elementor-widget elementor-widget-image\" data-id=\"4566294\" data-element_type=\"widget\" data-e-type=\"widget\" data-widget_type=\"image.default\">\n\t\t\t\t<div class=\"elementor-widget-container\">\n\t\t\t\t\t\t\t\t\t\t\t\t\t\t\t<img fetchpriority=\"high\" decoding=\"async\" width=\"768\" height=\"606\" src=\"https:\/\/www.alliance-francaise.nl\/roosendaal\/wp-content\/uploads\/sites\/23\/2026\/02\/Piet-Geleijns-768x606.jpg\" class=\"attachment-medium_large size-medium_large wp-image-2538\" alt=\"\" srcset=\"https:\/\/www.alliance-francaise.nl\/roosendaal\/wp-content\/uploads\/sites\/23\/2026\/02\/Piet-Geleijns-768x606.jpg 768w, https:\/\/www.alliance-francaise.nl\/roosendaal\/wp-content\/uploads\/sites\/23\/2026\/02\/Piet-Geleijns-300x237.jpg 300w, https:\/\/www.alliance-francaise.nl\/roosendaal\/wp-content\/uploads\/sites\/23\/2026\/02\/Piet-Geleijns-1024x808.jpg 1024w, https:\/\/www.alliance-francaise.nl\/roosendaal\/wp-content\/uploads\/sites\/23\/2026\/02\/Piet-Geleijns-1536x1212.jpg 1536w, https:\/\/www.alliance-francaise.nl\/roosendaal\/wp-content\/uploads\/sites\/23\/2026\/02\/Piet-Geleijns-2048x1617.jpg 2048w, https:\/\/www.alliance-francaise.nl\/roosendaal\/wp-content\/uploads\/sites\/23\/2026\/02\/Piet-Geleijns-1320x1042.jpg 1320w, https:\/\/www.alliance-francaise.nl\/roosendaal\/wp-content\/uploads\/sites\/23\/2026\/02\/Piet-Geleijns-600x474.jpg 600w\" sizes=\"(max-width: 768px) 100vw, 768px\" \/>\t\t\t\t\t\t\t\t\t\t\t\t\t\t\t<\/div>\n\t\t\t\t<\/div>\n\t\t\t\t<div class=\"elementor-element elementor-element-681297f elementor-widget elementor-widget-text-editor\" data-id=\"681297f\" data-element_type=\"widget\" data-e-type=\"widget\" data-widget_type=\"text-editor.default\">\n\t\t\t\t<div class=\"elementor-widget-container\">\n\t\t\t\t\t\t\t\t\t<p>\u00a0<\/p><p>\u00a0<\/p><p>Zeventig jaar lid van een vereniging.<\/p><p>Het lijkt een onmogelijke opgave, maar Piet Geleijns presteerde het.<\/p><p>Op achttienjarige leeftijd werd hij lid van Alliance Fran\u00e7aise Roosendaal en op 24 februari 2026 vierde hij daar zijn platina jubileum.<\/p>\t\t\t\t\t\t\t\t<\/div>\n\t\t\t\t<\/div>\n\t\t\t\t\t<\/div>\n\t\t\t\t<\/div>\n\t\t<div class=\"elementor-element elementor-element-2eec583 e-grid e-con-boxed e-con e-parent\" data-id=\"2eec583\" data-element_type=\"container\" data-e-type=\"container\">\n\t\t\t\t\t<div class=\"e-con-inner\">\n\t\t\t\t<div class=\"elementor-element elementor-element-8174769 elementor-widget elementor-widget-image\" data-id=\"8174769\" data-element_type=\"widget\" data-e-type=\"widget\" data-widget_type=\"image.default\">\n\t\t\t\t<div class=\"elementor-widget-container\">\n\t\t\t\t\t\t\t\t\t\t\t\t\t\t\t<img decoding=\"async\" width=\"619\" height=\"800\" src=\"https:\/\/www.alliance-francaise.nl\/roosendaal\/wp-content\/uploads\/sites\/23\/2024\/03\/porreferencia.jpg\" class=\"attachment-medium_large size-medium_large wp-image-1890\" alt=\"\" srcset=\"https:\/\/www.alliance-francaise.nl\/roosendaal\/wp-content\/uploads\/sites\/23\/2024\/03\/porreferencia.jpg 619w, https:\/\/www.alliance-francaise.nl\/roosendaal\/wp-content\/uploads\/sites\/23\/2024\/03\/porreferencia-232x300.jpg 232w, https:\/\/www.alliance-francaise.nl\/roosendaal\/wp-content\/uploads\/sites\/23\/2024\/03\/porreferencia-600x775.jpg 600w\" sizes=\"(max-width: 619px) 100vw, 619px\" \/>\t\t\t\t\t\t\t\t\t\t\t\t\t\t\t<\/div>\n\t\t\t\t<\/div>\n\t\t\t\t<div class=\"elementor-element elementor-element-827e0c7 elementor-widget elementor-widget-text-editor\" data-id=\"827e0c7\" data-element_type=\"widget\" data-e-type=\"widget\" data-widget_type=\"text-editor.default\">\n\t\t\t\t<div class=\"elementor-widget-container\">\n\t\t\t\t\t\t\t\t\t<p>Antoine de Saint-Exup\u00e9ry kennen we als de schrijver van het wereldberoemde \u201cLe Petit Prince\u201d.<\/p><p><strong>C\u00e9dric Fernandez<\/strong> (striptekenaar) en <strong>Pierre-Roland Saint-Dizier<\/strong>\u00a0(scenarioschrijver) werkten van 2014 tot 2019 aan de drie delen\u00a0 van het stripverhaal &#8220;Saint-Exup\u00e9ry&#8221;, waarin verteld wordt over het fascinerende leven van de schrijver en vliegenier.<\/p><p>Een selectie uit de sfeervolle tekeningen vormt een expositie, die vertoond wordt vanwege de 80<sup>ste<\/sup> verjaardag van Le Petit Prince.<\/p><p>Van 5 t\/m 26 april is de expositie te bezoeken in Parrotia tijdens openingsuren van de bibliotheek.<\/p><p>Op vrijdag 5 april om 16.00 uur wordt de tentoonstelling officieel geopend met voordrachten en muziek.<\/p><p>Op vrijdag 12 april om 16.00 uur wordt een film vertoond over het leven van Saint-Exup\u00e9ry.<\/p><p>De tentoonstelling kwam tot stand dankzij samenwerking tussen Galerie Pont des Arts, Alliance Fran\u00e7aise Roosendaal, Parrotia en Bibliotheek West-Brabant.<\/p>\t\t\t\t\t\t\t\t<\/div>\n\t\t\t\t<\/div>\n\t\t\t\t\t<\/div>\n\t\t\t\t<\/div>\n\t\t\t\t<section class=\"elementor-section elementor-top-section elementor-element elementor-element-33dc75de elementor-section-boxed elementor-section-height-default elementor-section-height-default\" data-id=\"33dc75de\" data-element_type=\"section\" data-e-type=\"section\">\n\t\t\t\t\t\t<div class=\"elementor-container elementor-column-gap-default\">\n\t\t\t\t\t<div class=\"elementor-column elementor-col-50 elementor-top-column elementor-element elementor-element-49ab9174\" data-id=\"49ab9174\" data-element_type=\"column\" data-e-type=\"column\">\n\t\t\t<div class=\"elementor-widget-wrap elementor-element-populated\">\n\t\t\t\t\t\t<div class=\"elementor-element elementor-element-6fa100e1 elementor-widget elementor-widget-text-editor\" data-id=\"6fa100e1\" data-element_type=\"widget\" data-e-type=\"widget\" data-widget_type=\"text-editor.default\">\n\t\t\t\t<div class=\"elementor-widget-container\">\n\t\t\t\t\t\t\t\t\t<p>\u00a0<\/p><p>De zomer van 2021 begon extra feestelijk.<\/p><p>Secretaris <strong>Marleen Farla<\/strong> werd verrast met een koninklijke onderscheiding vanwege haar jarenlange inzet voor Alliance Fran\u00e7aise in Roosendaal. Behalve bestuurslid is Marleen de stuwende kracht achter het wekelijks Caf\u00e9 Fran\u00e7ais.<\/p><p><a href=\"https:\/\/www.internetbode.nl\/regio\/roosendaal\/338981\/fete-de-la-musique-krijgt-feestelijk-tintje-door-uitreiking-kon\"><strong>Lees hier haar verhaal.<\/strong><\/a><\/p>\t\t\t\t\t\t\t\t<\/div>\n\t\t\t\t<\/div>\n\t\t\t\t\t<\/div>\n\t\t<\/div>\n\t\t\t\t<div class=\"elementor-column elementor-col-50 elementor-top-column elementor-element elementor-element-ce10297\" data-id=\"ce10297\" data-element_type=\"column\" data-e-type=\"column\">\n\t\t\t<div class=\"elementor-widget-wrap elementor-element-populated\">\n\t\t\t\t\t\t<div class=\"elementor-element elementor-element-83fafbc elementor-widget elementor-widget-text-editor\" data-id=\"83fafbc\" data-element_type=\"widget\" data-e-type=\"widget\" data-widget_type=\"text-editor.default\">\n\t\t\t\t<div class=\"elementor-widget-container\">\n\t\t\t\t\t\t\t\t\t<p>\u00a0<\/p><p><img decoding=\"async\" class=\"alignnone size-medium wp-image-897\" src=\"https:\/\/www.alliance-francaise.nl\/roosendaal\/wp-content\/uploads\/sites\/23\/2021\/06\/Koninklijke-onderscheiding-Marleen-Farla-300x176.jpg\" alt=\"\" width=\"300\" height=\"176\" srcset=\"https:\/\/www.alliance-francaise.nl\/roosendaal\/wp-content\/uploads\/sites\/23\/2021\/06\/Koninklijke-onderscheiding-Marleen-Farla-300x176.jpg 300w, https:\/\/www.alliance-francaise.nl\/roosendaal\/wp-content\/uploads\/sites\/23\/2021\/06\/Koninklijke-onderscheiding-Marleen-Farla-768x452.jpg 768w, https:\/\/www.alliance-francaise.nl\/roosendaal\/wp-content\/uploads\/sites\/23\/2021\/06\/Koninklijke-onderscheiding-Marleen-Farla-600x353.jpg 600w, https:\/\/www.alliance-francaise.nl\/roosendaal\/wp-content\/uploads\/sites\/23\/2021\/06\/Koninklijke-onderscheiding-Marleen-Farla.jpg 840w\" sizes=\"(max-width: 300px) 100vw, 300px\" \/><\/p>\t\t\t\t\t\t\t\t<\/div>\n\t\t\t\t<\/div>\n\t\t\t\t\t<\/div>\n\t\t<\/div>\n\t\t\t\t\t<\/div>\n\t\t<\/section>\n\t\t\t\t<section class=\"elementor-section elementor-top-section elementor-element elementor-element-6bb2d90d elementor-section-boxed elementor-section-height-default elementor-section-height-default\" data-id=\"6bb2d90d\" data-element_type=\"section\" data-e-type=\"section\" data-settings=\"{&quot;background_background&quot;:&quot;classic&quot;}\">\n\t\t\t\t\t\t<div class=\"elementor-container elementor-column-gap-default\">\n\t\t\t\t\t<div class=\"elementor-column elementor-col-100 elementor-top-column elementor-element elementor-element-638c130\" data-id=\"638c130\" data-element_type=\"column\" data-e-type=\"column\">\n\t\t\t<div class=\"elementor-widget-wrap elementor-element-populated\">\n\t\t\t\t\t\t<div class=\"elementor-element elementor-element-75098872 elementor-widget elementor-widget-heading\" data-id=\"75098872\" data-element_type=\"widget\" data-e-type=\"widget\" data-widget_type=\"heading.default\">\n\t\t\t\t<div class=\"elementor-widget-container\">\n\t\t\t\t\t<h2 class=\"elementor-heading-title elementor-size-default\">Vacatures<\/h2>\t\t\t\t<\/div>\n\t\t\t\t<\/div>\n\t\t\t\t\t<\/div>\n\t\t<\/div>\n\t\t\t\t\t<\/div>\n\t\t<\/section>\n\t\t\t\t<section class=\"elementor-section elementor-top-section elementor-element elementor-element-0668a31 elementor-section-boxed elementor-section-height-default elementor-section-height-default\" data-id=\"0668a31\" data-element_type=\"section\" data-e-type=\"section\">\n\t\t\t\t\t\t<div class=\"elementor-container elementor-column-gap-default\">\n\t\t\t\t\t<div class=\"elementor-column elementor-col-100 elementor-top-column elementor-element elementor-element-7ad326e\" data-id=\"7ad326e\" data-element_type=\"column\" data-e-type=\"column\">\n\t\t\t<div class=\"elementor-widget-wrap elementor-element-populated\">\n\t\t\t\t\t\t<div class=\"elementor-element elementor-element-ff1f170 elementor-widget elementor-widget-text-editor\" data-id=\"ff1f170\" data-element_type=\"widget\" data-e-type=\"widget\" data-widget_type=\"text-editor.default\">\n\t\t\t\t<div class=\"elementor-widget-container\">\n\t\t\t\t\t\t\t\t\t<p>We komen graag in contact met een <span style=\"color: #da002e\"><strong>docent<\/strong><\/span> die op alle niveaus invallessen kan verzorgen. <br \/>Bij voldoende aanmeldingen van nieuwe cursisten is het tevens mogelijk dat er een nieuwe groep opstart op een hoger niveau, waarvoor we dan ook een docent kunnen plaatsen. <br \/>Vanwege het beperkte aantal lesuren is het zeer gewenst dat u in de regio woont.\u00a0<br \/>Belangstelling? Neem contact op met <strong>cursus.roosendaal@afpb.nl<\/strong> of <strong>06 22 62 03 33<\/strong>.<\/p>\t\t\t\t\t\t\t\t<\/div>\n\t\t\t\t<\/div>\n\t\t\t\t\t<\/div>\n\t\t<\/div>\n\t\t\t\t\t<\/div>\n\t\t<\/section>\n\t\t\t\t<section class=\"elementor-section elementor-top-section elementor-element elementor-element-8087df0 elementor-section-boxed elementor-section-height-default elementor-section-height-default\" data-id=\"8087df0\" data-element_type=\"section\" data-e-type=\"section\">\n\t\t\t\t\t\t<div class=\"elementor-container elementor-column-gap-default\">\n\t\t\t\t\t<div class=\"elementor-column elementor-col-100 elementor-top-column elementor-element elementor-element-eb64383\" data-id=\"eb64383\" data-element_type=\"column\" data-e-type=\"column\">\n\t\t\t<div class=\"elementor-widget-wrap elementor-element-populated\">\n\t\t\t\t\t\t\t<\/div>\n\t\t<\/div>\n\t\t\t\t\t<\/div>\n\t\t<\/section>\n\t\t\t\t<\/div>\n\t\t","protected":false},"excerpt":{"rendered":"<p>Nieuws en vacatures Nieuws \u00a0 \u00a0 Zeventig jaar lid van een vereniging. Het lijkt een onmogelijke opgave, maar Piet Geleijns presteerde het. Op achttienjarige leeftijd werd hij lid van Alliance [&hellip;]<\/p>\n","protected":false},"author":1,"featured_media":0,"parent":155,"menu_order":0,"comment_status":"closed","ping_status":"closed","template":"elementor_header_footer","meta":{"footnotes":""},"class_list":["post-164","page","type-page","status-publish","hentry"],"_links":{"self":[{"href":"https:\/\/www.alliance-francaise.nl\/roosendaal\/wp-json\/wp\/v2\/pages\/164","targetHints":{"allow":["GET"]}}],"collection":[{"href":"https:\/\/www.alliance-francaise.nl\/roosendaal\/wp-json\/wp\/v2\/pages"}],"about":[{"href":"https:\/\/www.alliance-francaise.nl\/roosendaal\/wp-json\/wp\/v2\/types\/page"}],"author":[{"embeddable":true,"href":"https:\/\/www.alliance-francaise.nl\/roosendaal\/wp-json\/wp\/v2\/users\/1"}],"replies":[{"embeddable":true,"href":"https:\/\/www.alliance-francaise.nl\/roosendaal\/wp-json\/wp\/v2\/comments?post=164"}],"version-history":[{"count":20,"href":"https:\/\/www.alliance-francaise.nl\/roosendaal\/wp-json\/wp\/v2\/pages\/164\/revisions"}],"predecessor-version":[{"id":2544,"href":"https:\/\/www.alliance-francaise.nl\/roosendaal\/wp-json\/wp\/v2\/pages\/164\/revisions\/2544"}],"up":[{"embeddable":true,"href":"https:\/\/www.alliance-francaise.nl\/roosendaal\/wp-json\/wp\/v2\/pages\/155"}],"wp:attachment":[{"href":"https:\/\/www.alliance-francaise.nl\/roosendaal\/wp-json\/wp\/v2\/media?parent=164"}],"curies":[{"name":"wp","href":"https:\/\/api.w.org\/{rel}","templated":true}]}}