{"id":155,"date":"2019-12-12T20:42:16","date_gmt":"2019-12-12T20:42:16","guid":{"rendered":"https:\/\/www.alliance-francaise.nl\/2020\/roosendaal\/?page_id=155"},"modified":"2026-02-13T09:06:22","modified_gmt":"2026-02-13T08:06:22","slug":"europees-referentiekader","status":"publish","type":"page","link":"https:\/\/www.alliance-francaise.nl\/roosendaal\/cursussen\/europees-referentiekader\/","title":{"rendered":"Europees referentiekader"},"content":{"rendered":"\t\t<div data-elementor-type=\"wp-page\" data-elementor-id=\"155\" class=\"elementor elementor-155\" data-elementor-post-type=\"page\">\n\t\t\t\t\t\t<section class=\"elementor-section elementor-top-section elementor-element elementor-element-5f030cc4 elementor-section-boxed elementor-section-height-default elementor-section-height-default\" data-id=\"5f030cc4\" data-element_type=\"section\" data-e-type=\"section\" data-settings=\"{&quot;background_background&quot;:&quot;classic&quot;}\">\n\t\t\t\t\t\t<div class=\"elementor-container elementor-column-gap-default\">\n\t\t\t\t\t<div class=\"elementor-column elementor-col-100 elementor-top-column elementor-element elementor-element-46b83359\" data-id=\"46b83359\" data-element_type=\"column\" data-e-type=\"column\">\n\t\t\t<div class=\"elementor-widget-wrap\">\n\t\t\t\t\t\t\t<\/div>\n\t\t<\/div>\n\t\t\t\t\t<\/div>\n\t\t<\/section>\n\t\t\t\t<section class=\"elementor-section elementor-top-section elementor-element elementor-element-2112068e elementor-section-boxed elementor-section-height-default elementor-section-height-default\" data-id=\"2112068e\" data-element_type=\"section\" data-e-type=\"section\">\n\t\t\t\t\t\t<div class=\"elementor-container elementor-column-gap-default\">\n\t\t\t\t\t<div class=\"elementor-column elementor-col-100 elementor-top-column elementor-element elementor-element-392d0081\" data-id=\"392d0081\" data-element_type=\"column\" data-e-type=\"column\" data-settings=\"{&quot;background_background&quot;:&quot;classic&quot;}\">\n\t\t\t<div class=\"elementor-widget-wrap elementor-element-populated\">\n\t\t\t\t\t<div class=\"elementor-background-overlay\"><\/div>\n\t\t\t\t\t\t<div class=\"elementor-element elementor-element-11262f64 elementor-widget elementor-widget-heading\" data-id=\"11262f64\" data-element_type=\"widget\" data-e-type=\"widget\" data-widget_type=\"heading.default\">\n\t\t\t\t<div class=\"elementor-widget-container\">\n\t\t\t\t\t<h1 class=\"elementor-heading-title elementor-size-default\">Europees referentiekader voor talen<\/h1>\t\t\t\t<\/div>\n\t\t\t\t<\/div>\n\t\t\t\t\t<\/div>\n\t\t<\/div>\n\t\t\t\t\t<\/div>\n\t\t<\/section>\n\t\t\t\t<section class=\"elementor-section elementor-top-section elementor-element elementor-element-49898506 elementor-section-boxed elementor-section-height-default elementor-section-height-default\" data-id=\"49898506\" data-element_type=\"section\" data-e-type=\"section\">\n\t\t\t\t\t\t<div class=\"elementor-container elementor-column-gap-default\">\n\t\t\t\t\t<div class=\"elementor-column elementor-col-100 elementor-top-column elementor-element elementor-element-b3e1e46\" data-id=\"b3e1e46\" data-element_type=\"column\" data-e-type=\"column\">\n\t\t\t<div class=\"elementor-widget-wrap elementor-element-populated\">\n\t\t\t\t\t\t<div class=\"elementor-element elementor-element-68c59e31 elementor-widget elementor-widget-heading\" data-id=\"68c59e31\" data-element_type=\"widget\" data-e-type=\"widget\" data-widget_type=\"heading.default\">\n\t\t\t\t<div class=\"elementor-widget-container\">\n\t\t\t\t\t<h2 class=\"elementor-heading-title elementor-size-default\">Cadre Europ\u00e9en Commun de R\u00e9f\u00e9rence (CECR)<\/h2>\t\t\t\t<\/div>\n\t\t\t\t<\/div>\n\t\t\t\t\t<\/div>\n\t\t<\/div>\n\t\t\t\t\t<\/div>\n\t\t<\/section>\n\t\t\t\t<section class=\"elementor-section elementor-top-section elementor-element elementor-element-29ad045d elementor-section-boxed elementor-section-height-default elementor-section-height-default\" data-id=\"29ad045d\" data-element_type=\"section\" data-e-type=\"section\">\n\t\t\t\t\t\t<div class=\"elementor-container elementor-column-gap-default\">\n\t\t\t\t\t<div class=\"elementor-column elementor-col-33 elementor-top-column elementor-element elementor-element-bf11800\" data-id=\"bf11800\" data-element_type=\"column\" data-e-type=\"column\">\n\t\t\t<div class=\"elementor-widget-wrap elementor-element-populated\">\n\t\t\t\t\t\t<div class=\"elementor-element elementor-element-40bd1a4e elementor-widget elementor-widget-image\" data-id=\"40bd1a4e\" data-element_type=\"widget\" data-e-type=\"widget\" data-widget_type=\"image.default\">\n\t\t\t\t<div class=\"elementor-widget-container\">\n\t\t\t\t\t\t\t\t\t\t\t\t\t\t\t<img fetchpriority=\"high\" decoding=\"async\" width=\"263\" height=\"206\" src=\"https:\/\/www.alliance-francaise.nl\/roosendaal\/wp-content\/uploads\/sites\/23\/2019\/12\/council_europe_conseil_europe_263_206.jpg\" class=\"attachment-large size-large wp-image-24\" alt=\"\" \/>\t\t\t\t\t\t\t\t\t\t\t\t\t\t\t<\/div>\n\t\t\t\t<\/div>\n\t\t\t\t\t<\/div>\n\t\t<\/div>\n\t\t\t\t<div class=\"elementor-column elementor-col-66 elementor-top-column elementor-element elementor-element-7ec1b1f\" data-id=\"7ec1b1f\" data-element_type=\"column\" data-e-type=\"column\">\n\t\t\t<div class=\"elementor-widget-wrap elementor-element-populated\">\n\t\t\t\t\t\t<div class=\"elementor-element elementor-element-7c3362ff elementor-widget elementor-widget-text-editor\" data-id=\"7c3362ff\" data-element_type=\"widget\" data-e-type=\"widget\" data-widget_type=\"text-editor.default\">\n\t\t\t\t<div class=\"elementor-widget-container\">\n\t\t\t\t\t\t\t\t\t<p>Alliance Fran\u00e7aise maakt gebruik van het <b>Europese Referentiekader<\/b>\u00a0om het niveau van de cursussen aan te geven. Dit referentiekader is ontwikkeld onder leiding van de Raad van Europa met als doelstelling de beschrijving van de taalvaardigheidsniveaus voor de verschillende Europese talen te standaardiseren. Het referentiekader beschrijft verschillende taalvaardigheden op zes niveaus (A1, A2, B1, B2, C1 en C2). Deze beschrijvingen hebben een universele geldigheid: niveau A2 bij Frans veronderstelt dus dezelfde vaardigheden als niveau A2 bij Duits of Engels.<\/p>\t\t\t\t\t\t\t\t<\/div>\n\t\t\t\t<\/div>\n\t\t\t\t\t<\/div>\n\t\t<\/div>\n\t\t\t\t\t<\/div>\n\t\t<\/section>\n\t\t\t\t<section class=\"elementor-section elementor-top-section elementor-element elementor-element-584e785a elementor-section-height-min-height elementor-section-content-top elementor-section-boxed elementor-section-height-default elementor-section-items-middle\" data-id=\"584e785a\" data-element_type=\"section\" data-e-type=\"section\" data-settings=\"{&quot;background_background&quot;:&quot;gradient&quot;}\">\n\t\t\t\t\t\t<div class=\"elementor-container elementor-column-gap-extended\">\n\t\t\t\t\t<div class=\"elementor-column elementor-col-100 elementor-top-column elementor-element elementor-element-61d9f6f2\" data-id=\"61d9f6f2\" data-element_type=\"column\" data-e-type=\"column\">\n\t\t\t<div class=\"elementor-widget-wrap elementor-element-populated\">\n\t\t\t\t\t\t<div class=\"elementor-element elementor-element-626b4e70 elementor-absolute elementor-widget-mobile__width-initial elementor-widget elementor-widget-text-editor\" data-id=\"626b4e70\" data-element_type=\"widget\" data-e-type=\"widget\" data-settings=\"{&quot;_position&quot;:&quot;absolute&quot;}\" data-widget_type=\"text-editor.default\">\n\t\t\t\t<div class=\"elementor-widget-container\">\n\t\t\t\t\t\t\t\t\t<h5><b>Niveau-aanduiding conform het Europese eferentiekader voor Talen Cadre Europ\u00e9en Commun de R\u00e9f\u00e9rence\u00a0<\/b><\/h5><h2><span style=\"font-size: 1rem\">Er bestaan zes niveaus<\/span><\/h2><ul><li><i><b>A<\/b>\u00a0Basisgebruiker<\/i><ul><li><b>A1<\/b>\u00a0Doorbraak<\/li><li><b>A2<\/b>\u00a0Tussenstap<\/li><\/ul><\/li><li><i><b>B<\/b>\u00a0Onafhankelijke gebruiker<\/i><ul><li><b>B1<\/b>\u00a0Drempel<\/li><li><b>B2<\/b>\u00a0Uitzicht<\/li><\/ul><\/li><li><i><b>C<\/b>\u00a0Vaardige gebruiker<\/i><ul><li><b>C1<\/b>\u00a0Effectieve operationele vaardigheid<\/li><li><b>C2<\/b>\u00a0Beheersing<\/li><\/ul><\/li><\/ul>\t\t\t\t\t\t\t\t<\/div>\n\t\t\t\t<\/div>\n\t\t\t\t\t<\/div>\n\t\t<\/div>\n\t\t\t\t\t<\/div>\n\t\t<\/section>\n\t\t\t\t<section class=\"elementor-section elementor-top-section elementor-element elementor-element-313f2f82 elementor-section-boxed elementor-section-height-default elementor-section-height-default\" data-id=\"313f2f82\" data-element_type=\"section\" data-e-type=\"section\">\n\t\t\t\t\t\t<div class=\"elementor-container elementor-column-gap-default\">\n\t\t\t\t\t<div class=\"elementor-column elementor-col-100 elementor-top-column elementor-element elementor-element-d2e8e86\" data-id=\"d2e8e86\" data-element_type=\"column\" data-e-type=\"column\">\n\t\t\t<div class=\"elementor-widget-wrap elementor-element-populated\">\n\t\t\t\t\t\t<div class=\"elementor-element elementor-element-1c74a2cb elementor-widget elementor-widget-text-editor\" data-id=\"1c74a2cb\" data-element_type=\"widget\" data-e-type=\"widget\" data-widget_type=\"text-editor.default\">\n\t\t\t\t<div class=\"elementor-widget-container\">\n\t\t\t\t\t\t\t\t\t<p>De vaardigheden, die iemand voor de verschillende niveaus moet beheersen, zijn de volgende:<\/p><ul><li>Luistervaardigheid<\/li><li>Leesvaardigheid<\/li><li>Schriftelijke uitdrukkingsvaardigheid<\/li><li>Mondelinge uitdrukkingsvaardigheid<\/li><\/ul>\t\t\t\t\t\t\t\t<\/div>\n\t\t\t\t<\/div>\n\t\t\t\t\t<\/div>\n\t\t<\/div>\n\t\t\t\t\t<\/div>\n\t\t<\/section>\n\t\t\t\t<\/div>\n\t\t","protected":false},"excerpt":{"rendered":"<p>Europees referentiekader voor talen Cadre Europ\u00e9en Commun de R\u00e9f\u00e9rence (CECR) Alliance Fran\u00e7aise maakt gebruik van het Europese Referentiekader\u00a0om het niveau van de cursussen aan te geven. Dit referentiekader is ontwikkeld [&hellip;]<\/p>\n","protected":false},"author":1,"featured_media":0,"parent":114,"menu_order":0,"comment_status":"closed","ping_status":"closed","template":"elementor_header_footer","meta":{"footnotes":""},"class_list":["post-155","page","type-page","status-publish","hentry"],"_links":{"self":[{"href":"https:\/\/www.alliance-francaise.nl\/roosendaal\/wp-json\/wp\/v2\/pages\/155","targetHints":{"allow":["GET"]}}],"collection":[{"href":"https:\/\/www.alliance-francaise.nl\/roosendaal\/wp-json\/wp\/v2\/pages"}],"about":[{"href":"https:\/\/www.alliance-francaise.nl\/roosendaal\/wp-json\/wp\/v2\/types\/page"}],"author":[{"embeddable":true,"href":"https:\/\/www.alliance-francaise.nl\/roosendaal\/wp-json\/wp\/v2\/users\/1"}],"replies":[{"embeddable":true,"href":"https:\/\/www.alliance-francaise.nl\/roosendaal\/wp-json\/wp\/v2\/comments?post=155"}],"version-history":[{"count":3,"href":"https:\/\/www.alliance-francaise.nl\/roosendaal\/wp-json\/wp\/v2\/pages\/155\/revisions"}],"predecessor-version":[{"id":2526,"href":"https:\/\/www.alliance-francaise.nl\/roosendaal\/wp-json\/wp\/v2\/pages\/155\/revisions\/2526"}],"up":[{"embeddable":true,"href":"https:\/\/www.alliance-francaise.nl\/roosendaal\/wp-json\/wp\/v2\/pages\/114"}],"wp:attachment":[{"href":"https:\/\/www.alliance-francaise.nl\/roosendaal\/wp-json\/wp\/v2\/media?parent=155"}],"curies":[{"name":"wp","href":"https:\/\/api.w.org\/{rel}","templated":true}]}}