{"id":134,"date":"2019-12-12T20:35:56","date_gmt":"2019-12-12T20:35:56","guid":{"rendered":"https:\/\/www.alliance-francaise.nl\/2020\/roosendaal\/?page_id=134"},"modified":"2026-02-13T08:44:49","modified_gmt":"2026-02-13T07:44:49","slug":"wat-is-de-alliance-francaise","status":"publish","type":"page","link":"https:\/\/www.alliance-francaise.nl\/roosendaal\/bienvenue-welkom\/wat-is-de-alliance-francaise\/","title":{"rendered":"Wat is de Alliance Fran\u00e7aise"},"content":{"rendered":"\t\t<div data-elementor-type=\"wp-page\" data-elementor-id=\"134\" class=\"elementor elementor-134\" data-elementor-post-type=\"page\">\n\t\t\t\t\t\t<section class=\"elementor-section elementor-top-section elementor-element elementor-element-58b34a10 elementor-section-boxed elementor-section-height-default elementor-section-height-default\" data-id=\"58b34a10\" data-element_type=\"section\" data-e-type=\"section\" data-settings=\"{&quot;background_background&quot;:&quot;classic&quot;}\">\n\t\t\t\t\t\t<div class=\"elementor-container elementor-column-gap-default\">\n\t\t\t\t\t<div class=\"elementor-column elementor-col-100 elementor-top-column elementor-element elementor-element-4ebb834a\" data-id=\"4ebb834a\" data-element_type=\"column\" data-e-type=\"column\">\n\t\t\t<div class=\"elementor-widget-wrap\">\n\t\t\t\t\t\t\t<\/div>\n\t\t<\/div>\n\t\t\t\t\t<\/div>\n\t\t<\/section>\n\t\t\t\t<section class=\"elementor-section elementor-top-section elementor-element elementor-element-5db13646 elementor-section-boxed elementor-section-height-default elementor-section-height-default\" data-id=\"5db13646\" data-element_type=\"section\" data-e-type=\"section\">\n\t\t\t\t\t\t<div class=\"elementor-container elementor-column-gap-default\">\n\t\t\t\t\t<div class=\"elementor-column elementor-col-100 elementor-top-column elementor-element elementor-element-5d8ba7f9\" data-id=\"5d8ba7f9\" data-element_type=\"column\" data-e-type=\"column\" data-settings=\"{&quot;background_background&quot;:&quot;classic&quot;}\">\n\t\t\t<div class=\"elementor-widget-wrap elementor-element-populated\">\n\t\t\t\t\t<div class=\"elementor-background-overlay\"><\/div>\n\t\t\t\t\t\t<div class=\"elementor-element elementor-element-39683430 elementor-widget-mobile__width-initial elementor-widget elementor-widget-heading\" data-id=\"39683430\" data-element_type=\"widget\" data-e-type=\"widget\" data-widget_type=\"heading.default\">\n\t\t\t\t<div class=\"elementor-widget-container\">\n\t\t\t\t\t<h1 class=\"elementor-heading-title elementor-size-default\">Wat is Alliance Francaise?<\/h1>\t\t\t\t<\/div>\n\t\t\t\t<\/div>\n\t\t\t\t\t<\/div>\n\t\t<\/div>\n\t\t\t\t\t<\/div>\n\t\t<\/section>\n\t\t\t\t<section class=\"elementor-section elementor-top-section elementor-element elementor-element-3e9cc7a8 elementor-section-boxed elementor-section-height-default elementor-section-height-default\" data-id=\"3e9cc7a8\" data-element_type=\"section\" data-e-type=\"section\">\n\t\t\t\t\t\t<div class=\"elementor-container elementor-column-gap-default\">\n\t\t\t\t\t<div class=\"elementor-column elementor-col-100 elementor-top-column elementor-element elementor-element-30eecef4\" data-id=\"30eecef4\" data-element_type=\"column\" data-e-type=\"column\">\n\t\t\t<div class=\"elementor-widget-wrap elementor-element-populated\">\n\t\t\t\t\t\t<div class=\"elementor-element elementor-element-084ca71 elementor-widget elementor-widget-heading\" data-id=\"084ca71\" data-element_type=\"widget\" data-e-type=\"widget\" data-widget_type=\"heading.default\">\n\t\t\t\t<div class=\"elementor-widget-container\">\n\t\t\t\t\t<h2 class=\"elementor-heading-title elementor-size-default\">Alliance Fran\u00e7aise, wereldwijd en in Nederland<\/h2>\t\t\t\t<\/div>\n\t\t\t\t<\/div>\n\t\t\t\t<div class=\"elementor-element elementor-element-224bfaf8 elementor-widget elementor-widget-text-editor\" data-id=\"224bfaf8\" data-element_type=\"widget\" data-e-type=\"widget\" data-widget_type=\"text-editor.default\">\n\t\t\t\t<div class=\"elementor-widget-container\">\n\t\t\t\t\t\t\t\t\t<p>Alliance Fran\u00e7aise is een onafhankelijke culturele instelling die in 1883 in Parijs werd opgericht. Haar doel is het bevorderen en verspreiden van de kennis van de Franse taal en cultuur. Wereldwijd is Alliance Fran\u00e7aise te vinden in 134 landen, met bijna 800 plaatselijke afdelingen. In Nederland bestaat Alliance Fran\u00e7aise sinds 1888. Met 32 vestigingen is Nederland voor Alliance Fran\u00e7aise een belangrijk land in Europa. Dit blijkt ook uit het grote aantal studenten. De Franse ambassade in Nederland steunt Alliance Fran\u00e7aise des Pays-Bas.<br \/>De afdeling Roosendaal van Alliance Fran\u00e7aise werd opgericht in 1937 en telt momenteel ruim 200 leden en cursisten. <br \/>De afdeling Roosendaal werkt samen met de comit\u00e9s van Breda en Bergen op Zoom. Die samenwerking brengt voor de leden een breder aanbod van cursussen, activiteiten en sociale contacten met zich mee.<br \/>Om haar doelstellingen te realiseren organiseert AF Roosendaal taalcursussen, waarover meer onder het hoofdstuk \u2018cursussen\u2019. Daarnaast biedt zij leden, cursisten en introduc\u00e9s maandelijks de gelegenheid aan een culturele en\/of sociale activiteit deel te nemen zoals elders op deze website is te lezen.<\/p>\t\t\t\t\t\t\t\t<\/div>\n\t\t\t\t<\/div>\n\t\t\t\t\t<\/div>\n\t\t<\/div>\n\t\t\t\t\t<\/div>\n\t\t<\/section>\n\t\t\t\t<\/div>\n\t\t","protected":false},"excerpt":{"rendered":"<p>Wat is Alliance Francaise? Alliance Fran\u00e7aise, wereldwijd en in Nederland Alliance Fran\u00e7aise is een onafhankelijke culturele instelling die in 1883 in Parijs werd opgericht. Haar doel is het bevorderen en [&hellip;]<\/p>\n","protected":false},"author":1,"featured_media":0,"parent":72,"menu_order":0,"comment_status":"closed","ping_status":"closed","template":"elementor_header_footer","meta":{"footnotes":""},"class_list":["post-134","page","type-page","status-publish","hentry"],"_links":{"self":[{"href":"https:\/\/www.alliance-francaise.nl\/roosendaal\/wp-json\/wp\/v2\/pages\/134","targetHints":{"allow":["GET"]}}],"collection":[{"href":"https:\/\/www.alliance-francaise.nl\/roosendaal\/wp-json\/wp\/v2\/pages"}],"about":[{"href":"https:\/\/www.alliance-francaise.nl\/roosendaal\/wp-json\/wp\/v2\/types\/page"}],"author":[{"embeddable":true,"href":"https:\/\/www.alliance-francaise.nl\/roosendaal\/wp-json\/wp\/v2\/users\/1"}],"replies":[{"embeddable":true,"href":"https:\/\/www.alliance-francaise.nl\/roosendaal\/wp-json\/wp\/v2\/comments?post=134"}],"version-history":[{"count":3,"href":"https:\/\/www.alliance-francaise.nl\/roosendaal\/wp-json\/wp\/v2\/pages\/134\/revisions"}],"predecessor-version":[{"id":2506,"href":"https:\/\/www.alliance-francaise.nl\/roosendaal\/wp-json\/wp\/v2\/pages\/134\/revisions\/2506"}],"up":[{"embeddable":true,"href":"https:\/\/www.alliance-francaise.nl\/roosendaal\/wp-json\/wp\/v2\/pages\/72"}],"wp:attachment":[{"href":"https:\/\/www.alliance-francaise.nl\/roosendaal\/wp-json\/wp\/v2\/media?parent=134"}],"curies":[{"name":"wp","href":"https:\/\/api.w.org\/{rel}","templated":true}]}}