{"id":8,"date":"2019-11-15T12:44:47","date_gmt":"2019-11-15T12:44:47","guid":{"rendered":"https:\/\/www.alliance-francaise.nl\/2020\/roermond\/?page_id=8"},"modified":"2026-03-26T19:44:04","modified_gmt":"2026-03-26T18:44:04","slug":"bienvenue-welkom","status":"publish","type":"page","link":"https:\/\/www.alliance-francaise.nl\/roermond\/","title":{"rendered":"Bienvenue &#8211; Welkom"},"content":{"rendered":"\t\t<div data-elementor-type=\"wp-page\" data-elementor-id=\"8\" class=\"elementor elementor-8\" data-elementor-post-type=\"page\">\n\t\t\t\t\t\t<section class=\"elementor-section elementor-top-section elementor-element elementor-element-61655cb3 elementor-section-full_width elementor-reverse-mobile elementor-section-height-default elementor-section-height-default\" data-id=\"61655cb3\" data-element_type=\"section\" data-e-type=\"section\" data-settings=\"{&quot;background_background&quot;:&quot;classic&quot;}\">\n\t\t\t\t\t\t<div class=\"elementor-container elementor-column-gap-default\">\n\t\t\t\t\t<div class=\"elementor-column elementor-col-100 elementor-top-column elementor-element elementor-element-585bd8f7\" data-id=\"585bd8f7\" data-element_type=\"column\" data-e-type=\"column\" data-settings=\"{&quot;background_background&quot;:&quot;classic&quot;}\">\n\t\t\t<div class=\"elementor-widget-wrap elementor-element-populated\">\n\t\t\t\t\t\t<div class=\"elementor-element elementor-element-3b866f47 elementor-widget elementor-widget-heading\" data-id=\"3b866f47\" data-element_type=\"widget\" data-e-type=\"widget\" data-widget_type=\"heading.default\">\n\t\t\t\t<div class=\"elementor-widget-container\">\n\t\t\t\t\t<h1 class=\"elementor-heading-title elementor-size-default\">Franse taal en cultuur<\/h1>\t\t\t\t<\/div>\n\t\t\t\t<\/div>\n\t\t\t\t<div class=\"elementor-element elementor-element-50e45999 elementor-widget elementor-widget-heading\" data-id=\"50e45999\" data-element_type=\"widget\" data-e-type=\"widget\" data-widget_type=\"heading.default\">\n\t\t\t\t<div class=\"elementor-widget-container\">\n\t\t\t\t\t<h2 class=\"elementor-heading-title elementor-size-large\">Alliance Fran\u00e7aise Roermond<\/h2>\t\t\t\t<\/div>\n\t\t\t\t<\/div>\n\t\t\t\t<div class=\"elementor-element elementor-element-5eca479 elementor-icon-list--layout-traditional elementor-list-item-link-full_width elementor-widget elementor-widget-icon-list\" data-id=\"5eca479\" data-element_type=\"widget\" data-e-type=\"widget\" data-widget_type=\"icon-list.default\">\n\t\t\t\t<div class=\"elementor-widget-container\">\n\t\t\t\t\t\t\t<ul class=\"elementor-icon-list-items\">\n\t\t\t\t\t\t\t<li class=\"elementor-icon-list-item\">\n\t\t\t\t\t\t\t\t\t\t<span class=\"elementor-icon-list-text\"><\/span>\n\t\t\t\t\t\t\t\t\t<\/li>\n\t\t\t\t\t\t<\/ul>\n\t\t\t\t\t\t<\/div>\n\t\t\t\t<\/div>\n\t\t\t\t\t<\/div>\n\t\t<\/div>\n\t\t\t\t\t<\/div>\n\t\t<\/section>\n\t\t\t\t<section class=\"elementor-section elementor-top-section elementor-element elementor-element-9f81751 elementor-section-boxed elementor-section-height-default elementor-section-height-default\" data-id=\"9f81751\" data-element_type=\"section\" data-e-type=\"section\">\n\t\t\t\t\t\t<div class=\"elementor-container elementor-column-gap-default\">\n\t\t\t\t\t<div class=\"elementor-column elementor-col-100 elementor-top-column elementor-element elementor-element-be55717\" data-id=\"be55717\" data-element_type=\"column\" data-e-type=\"column\">\n\t\t\t<div class=\"elementor-widget-wrap\">\n\t\t\t\t\t\t\t<\/div>\n\t\t<\/div>\n\t\t\t\t\t<\/div>\n\t\t<\/section>\n\t\t\t\t<section class=\"elementor-section elementor-top-section elementor-element elementor-element-6b287b8c elementor-section-boxed elementor-section-height-default elementor-section-height-default\" data-id=\"6b287b8c\" data-element_type=\"section\" data-e-type=\"section\">\n\t\t\t\t\t\t<div class=\"elementor-container elementor-column-gap-default\">\n\t\t\t\t\t<div class=\"elementor-column elementor-col-100 elementor-top-column elementor-element elementor-element-25421a60\" data-id=\"25421a60\" data-element_type=\"column\" data-e-type=\"column\">\n\t\t\t<div class=\"elementor-widget-wrap elementor-element-populated\">\n\t\t\t\t\t\t<div class=\"elementor-element elementor-element-60242f elementor-widget elementor-widget-heading\" data-id=\"60242f\" data-element_type=\"widget\" data-e-type=\"widget\" data-widget_type=\"heading.default\">\n\t\t\t\t<div class=\"elementor-widget-container\">\n\t\t\t\t\t<h2 class=\"elementor-heading-title elementor-size-large\"><b>Bienvenue<\/b><\/h2>\t\t\t\t<\/div>\n\t\t\t\t<\/div>\n\t\t\t\t<div class=\"elementor-element elementor-element-5d52d6a3 elementor-widget elementor-widget-text-editor\" data-id=\"5d52d6a3\" data-element_type=\"widget\" data-e-type=\"widget\" data-widget_type=\"text-editor.default\">\n\t\t\t\t<div class=\"elementor-widget-container\">\n\t\t\t\t\t\t\t\t\t<p><span style=\"letter-spacing: normal\">De Alliance Fran\u00e7aise Roermond biedt cursussen Frans aan voor iedereen, van beginners tot gevorderden.<br \/><\/span><span style=\"letter-spacing: normal\">Daarnaast zien wij u graag bij een van onze activiteiten. <br \/><\/span><span style=\"letter-spacing: normal\">\u00c0 bient\u00f4t!<\/span><\/p><div id=\"kpm-root\" class=\"kpm_LTR\">\u00a0<\/div>\t\t\t\t\t\t\t\t<\/div>\n\t\t\t\t<\/div>\n\t\t\t\t\t<\/div>\n\t\t<\/div>\n\t\t\t\t\t<\/div>\n\t\t<\/section>\n\t\t\t\t<section class=\"elementor-section elementor-top-section elementor-element elementor-element-203a326 elementor-section-boxed elementor-section-height-default elementor-section-height-default\" data-id=\"203a326\" data-element_type=\"section\" data-e-type=\"section\">\n\t\t\t\t\t\t<div class=\"elementor-container elementor-column-gap-default\">\n\t\t\t\t\t<div class=\"elementor-column elementor-col-100 elementor-top-column elementor-element elementor-element-7f5829e\" data-id=\"7f5829e\" data-element_type=\"column\" data-e-type=\"column\">\n\t\t\t<div class=\"elementor-widget-wrap elementor-element-populated\">\n\t\t\t\t\t\t<div class=\"elementor-element elementor-element-4a08637 elementor-widget elementor-widget-heading\" data-id=\"4a08637\" data-element_type=\"widget\" data-e-type=\"widget\" data-widget_type=\"heading.default\">\n\t\t\t\t<div class=\"elementor-widget-container\">\n\t\t\t\t\t<h2 class=\"elementor-heading-title elementor-size-default\">Agenda activit\u00e9s<\/h2>\t\t\t\t<\/div>\n\t\t\t\t<\/div>\n\t\t\t\t\t<\/div>\n\t\t<\/div>\n\t\t\t\t\t<\/div>\n\t\t<\/section>\n\t\t\t\t<section class=\"elementor-section elementor-top-section elementor-element elementor-element-c62bad2 elementor-section-boxed elementor-section-height-default elementor-section-height-default\" data-id=\"c62bad2\" data-element_type=\"section\" data-e-type=\"section\">\n\t\t\t\t\t\t<div class=\"elementor-container elementor-column-gap-default\">\n\t\t\t\t\t<div class=\"elementor-column elementor-col-100 elementor-top-column elementor-element elementor-element-9ab9247\" data-id=\"9ab9247\" data-element_type=\"column\" data-e-type=\"column\">\n\t\t\t<div class=\"elementor-widget-wrap\">\n\t\t\t\t\t\t\t<\/div>\n\t\t<\/div>\n\t\t\t\t\t<\/div>\n\t\t<\/section>\n\t\t\t\t<section class=\"elementor-section elementor-top-section elementor-element elementor-element-6a28a4c elementor-section-boxed elementor-section-height-default elementor-section-height-default\" data-id=\"6a28a4c\" data-element_type=\"section\" data-e-type=\"section\">\n\t\t\t\t\t\t<div class=\"elementor-container elementor-column-gap-default\">\n\t\t\t\t\t<div class=\"elementor-column elementor-col-100 elementor-top-column elementor-element elementor-element-4a91ac5\" data-id=\"4a91ac5\" data-element_type=\"column\" data-e-type=\"column\">\n\t\t\t<div class=\"elementor-widget-wrap elementor-element-populated\">\n\t\t\t\t\t\t<div class=\"elementor-element elementor-element-d73947f elementor-widget elementor-widget-text-editor\" data-id=\"d73947f\" data-element_type=\"widget\" data-e-type=\"widget\" data-widget_type=\"text-editor.default\">\n\t\t\t\t<div class=\"elementor-widget-container\">\n\t\t\t\t\t\t\t\t\t<p>\u00a0<\/p><table role=\"presentation\" border=\"0\" width=\"100%\" cellspacing=\"0\" cellpadding=\"0\"><tbody><tr><td class=\"m_2130579204592676300r15-c m_2130579204592676300nl2go-default-textstyle\" align=\"left\"><p><img decoding=\"async\" class=\"an1\" src=\"https:\/\/fonts.gstatic.com\/s\/e\/notoemoji\/16.0\/1f5d3_fe0f\/72.png\" alt=\"\ud83d\uddd3\ufe0f\" width=\"37\" height=\"37\" data-emoji=\"\ud83d\uddd3\ufe0f\" aria-label=\"\ud83d\uddd3\ufe0f\" \/><span id=\"m_2888157670838274803isPasted\"><strong>Donderdag 25 maart,<\/strong><\/span>\u00a0\u00a0Caf\u00e9 Chantant &amp; Caf\u00e9 Fran\u00e7ais<\/p><p id=\"m_2888157670838274803isPasted\"><strong><img decoding=\"async\" class=\"an1\" src=\"https:\/\/fonts.gstatic.com\/s\/e\/notoemoji\/17.0\/1f553\/72.png\" alt=\"\ud83d\udd53\" width=\"28\" height=\"28\" data-emoji=\"\ud83d\udd53\" aria-label=\"\ud83d\udd53\" \/>\u00a0<\/strong><strong>Caf\u00e9 Chantant: <\/strong>19.00u<br \/><strong><img decoding=\"async\" class=\"an1\" src=\"https:\/\/fonts.gstatic.com\/s\/e\/notoemoji\/17.0\/1f553\/72.png\" alt=\"\ud83d\udd53\" width=\"29\" height=\"29\" data-emoji=\"\ud83d\udd53\" aria-label=\"\ud83d\udd53\" \/><\/strong><strong>Caf\u00e9 Fran\u00e7ais: <\/strong>20.00u<br \/><img loading=\"lazy\" decoding=\"async\" class=\"an1\" src=\"https:\/\/fonts.gstatic.com\/s\/e\/notoemoji\/17.0\/1f4cd\/72.png\" alt=\"\ud83d\udccd\" width=\"29\" height=\"29\" data-emoji=\"\ud83d\udccd\" aria-label=\"\ud83d\udccd\" \/>Caf\u00e9 Blond &amp; Blond, Roerkade 6, Roermond<\/p><p><img loading=\"lazy\" decoding=\"async\" class=\"an1\" src=\"https:\/\/fonts.gstatic.com\/s\/e\/notoemoji\/17.0\/1f5d3_fe0f\/72.png\" alt=\"\ud83d\uddd3\ufe0f\" width=\"36\" height=\"36\" data-emoji=\"\ud83d\uddd3\ufe0f\" aria-label=\"\ud83d\uddd3\ufe0f\" \/><strong>Woensdag 8 april<\/strong>\u00a0 Soir\u00e9e Wim Dammers &#8211; De tuinen van Parijs\u00a0<br \/><strong><img decoding=\"async\" class=\"an1\" src=\"https:\/\/fonts.gstatic.com\/s\/e\/notoemoji\/17.0\/1f553\/72.png\" alt=\"\ud83d\udd53\" width=\"29\" height=\"29\" data-emoji=\"\ud83d\udd53\" aria-label=\"\ud83d\udd53\" \/> Aanvang: <\/strong>20.00 u.<br \/><img loading=\"lazy\" decoding=\"async\" class=\"an1\" src=\"https:\/\/fonts.gstatic.com\/s\/e\/notoemoji\/17.0\/1f4cd\/72.png\" alt=\"\ud83d\udccd\" width=\"28\" height=\"28\" data-emoji=\"\ud83d\udccd\" aria-label=\"\ud83d\udccd\" \/>\u00a0&#8217;t Witte Kerkje, Voorstad St.Jacob 72, Roermond<strong>\u00a0<\/strong><\/p><p>Wim Dammers verzorgt deze woensdag de lezing &#8220;De tuinen van Parijs van Louis XIII tot heden&#8221;. Wim noemt zichzelf een &#8220;amateur de Paris&#8221;. Hij heeft Parijs tientallen keren bezocht en er diverse groepen rondgeleid. Hij kent de geschiedenis van de stad en deelt zijn enthousiasme graag met anderen. De lezing geeft een overzicht van de tuinontwikkeling van Parijs, vanaf de tijd van de Franse koningen tot nu, aan de hand van een selectie van het Parijse openbare groen. Het accent ligt op de invloed van Haussmann, die immers de stad heeft ontwikkeld naar de vorm zoals wij hem nu kennen. Ook restanten van Wereldtentoonstellingen die nadien vaak in de parken werden opgesteld, komen aan de orde.<\/p><\/td><\/tr><\/tbody><\/table>\t\t\t\t\t\t\t\t<\/div>\n\t\t\t\t<\/div>\n\t\t\t\t<div class=\"elementor-element elementor-element-58ae38b elementor-widget elementor-widget-image\" data-id=\"58ae38b\" data-element_type=\"widget\" data-e-type=\"widget\" data-widget_type=\"image.default\">\n\t\t\t\t<div class=\"elementor-widget-container\">\n\t\t\t\t\t\t\t\t\t\t\t\t\t\t\t<img loading=\"lazy\" decoding=\"async\" width=\"300\" height=\"225\" src=\"https:\/\/www.alliance-francaise.nl\/roermond\/wp-content\/uploads\/sites\/16\/2026\/03\/Tuin-Parijs-300x225.jpg\" class=\"attachment-medium size-medium wp-image-1763\" alt=\"\" srcset=\"https:\/\/www.alliance-francaise.nl\/roermond\/wp-content\/uploads\/sites\/16\/2026\/03\/Tuin-Parijs-300x225.jpg 300w, https:\/\/www.alliance-francaise.nl\/roermond\/wp-content\/uploads\/sites\/16\/2026\/03\/Tuin-Parijs-768x576.jpg 768w, https:\/\/www.alliance-francaise.nl\/roermond\/wp-content\/uploads\/sites\/16\/2026\/03\/Tuin-Parijs-600x450.jpg 600w, https:\/\/www.alliance-francaise.nl\/roermond\/wp-content\/uploads\/sites\/16\/2026\/03\/Tuin-Parijs.jpg 1000w\" sizes=\"(max-width: 300px) 100vw, 300px\" \/>\t\t\t\t\t\t\t\t\t\t\t\t\t\t\t<\/div>\n\t\t\t\t<\/div>\n\t\t\t\t\t<\/div>\n\t\t<\/div>\n\t\t\t\t\t<\/div>\n\t\t<\/section>\n\t\t\t\t<section class=\"elementor-section elementor-top-section elementor-element elementor-element-6676561 elementor-section-boxed elementor-section-height-default elementor-section-height-default\" data-id=\"6676561\" data-element_type=\"section\" data-e-type=\"section\">\n\t\t\t\t\t\t<div class=\"elementor-container elementor-column-gap-default\">\n\t\t\t\t\t<div class=\"elementor-column elementor-col-100 elementor-top-column elementor-element elementor-element-89629b1\" data-id=\"89629b1\" data-element_type=\"column\" data-e-type=\"column\">\n\t\t\t<div class=\"elementor-widget-wrap elementor-element-populated\">\n\t\t\t\t\t\t\t<\/div>\n\t\t<\/div>\n\t\t\t\t\t<\/div>\n\t\t<\/section>\n\t\t\t\t<section class=\"elementor-section elementor-top-section elementor-element elementor-element-18c2931 elementor-section-boxed elementor-section-height-default elementor-section-height-default\" data-id=\"18c2931\" data-element_type=\"section\" data-e-type=\"section\">\n\t\t\t\t\t\t<div class=\"elementor-container elementor-column-gap-default\">\n\t\t\t\t\t<div class=\"elementor-column elementor-col-100 elementor-top-column elementor-element elementor-element-4678f8d\" data-id=\"4678f8d\" data-element_type=\"column\" data-e-type=\"column\">\n\t\t\t<div class=\"elementor-widget-wrap\">\n\t\t\t\t\t\t\t<\/div>\n\t\t<\/div>\n\t\t\t\t\t<\/div>\n\t\t<\/section>\n\t\t\t\t<section class=\"elementor-section elementor-top-section elementor-element elementor-element-1a28ad53 elementor-section-stretched elementor-section-boxed elementor-section-height-default elementor-section-height-default\" data-id=\"1a28ad53\" data-element_type=\"section\" data-e-type=\"section\" data-settings=\"{&quot;stretch_section&quot;:&quot;section-stretched&quot;}\">\n\t\t\t\t\t\t<div class=\"elementor-container elementor-column-gap-default\">\n\t\t\t\t\t<div class=\"elementor-column elementor-col-100 elementor-top-column elementor-element elementor-element-3955a613\" data-id=\"3955a613\" data-element_type=\"column\" data-e-type=\"column\">\n\t\t\t<div class=\"elementor-widget-wrap elementor-element-populated\">\n\t\t\t\t\t\t<div class=\"elementor-element elementor-element-1e972051 elementor-widget elementor-widget-heading\" data-id=\"1e972051\" data-element_type=\"widget\" data-e-type=\"widget\" data-widget_type=\"heading.default\">\n\t\t\t\t<div class=\"elementor-widget-container\">\n\t\t\t\t\t<h4 class=\"elementor-heading-title elementor-size-large\">Wat kunt u bij ons verwachten?<br><\/h4>\t\t\t\t<\/div>\n\t\t\t\t<\/div>\n\t\t\t\t\t<\/div>\n\t\t<\/div>\n\t\t\t\t\t<\/div>\n\t\t<\/section>\n\t\t\t\t<section class=\"elementor-section elementor-top-section elementor-element elementor-element-60535b5f elementor-section-stretched elementor-section-boxed elementor-section-height-default elementor-section-height-default\" data-id=\"60535b5f\" data-element_type=\"section\" data-e-type=\"section\" data-settings=\"{&quot;stretch_section&quot;:&quot;section-stretched&quot;,&quot;background_background&quot;:&quot;classic&quot;}\">\n\t\t\t\t\t\t<div class=\"elementor-container elementor-column-gap-no\">\n\t\t\t\t\t<div class=\"elementor-column elementor-col-33 elementor-top-column elementor-element elementor-element-5f6819eb\" data-id=\"5f6819eb\" data-element_type=\"column\" data-e-type=\"column\" data-settings=\"{&quot;background_background&quot;:&quot;classic&quot;}\">\n\t\t\t<div class=\"elementor-widget-wrap elementor-element-populated\">\n\t\t\t\t\t\t<div class=\"elementor-element elementor-element-709c4fb9 elementor-widget elementor-widget-image\" data-id=\"709c4fb9\" data-element_type=\"widget\" data-e-type=\"widget\" data-widget_type=\"image.default\">\n\t\t\t\t<div class=\"elementor-widget-container\">\n\t\t\t\t\t\t\t\t\t\t\t\t\t\t\t<img loading=\"lazy\" decoding=\"async\" width=\"768\" height=\"512\" src=\"https:\/\/www.alliance-francaise.nl\/roermond\/wp-content\/uploads\/sites\/16\/2020\/08\/coffee-2608864_1280-768x512.jpg\" class=\"attachment-medium_large size-medium_large wp-image-297\" alt=\"\" srcset=\"https:\/\/www.alliance-francaise.nl\/roermond\/wp-content\/uploads\/sites\/16\/2020\/08\/coffee-2608864_1280-768x512.jpg 768w, https:\/\/www.alliance-francaise.nl\/roermond\/wp-content\/uploads\/sites\/16\/2020\/08\/coffee-2608864_1280-300x200.jpg 300w, https:\/\/www.alliance-francaise.nl\/roermond\/wp-content\/uploads\/sites\/16\/2020\/08\/coffee-2608864_1280-1024x682.jpg 1024w, https:\/\/www.alliance-francaise.nl\/roermond\/wp-content\/uploads\/sites\/16\/2020\/08\/coffee-2608864_1280-600x400.jpg 600w, https:\/\/www.alliance-francaise.nl\/roermond\/wp-content\/uploads\/sites\/16\/2020\/08\/coffee-2608864_1280.jpg 1280w\" sizes=\"(max-width: 768px) 100vw, 768px\" \/>\t\t\t\t\t\t\t\t\t\t\t\t\t\t\t<\/div>\n\t\t\t\t<\/div>\n\t\t\t\t<div class=\"elementor-element elementor-element-4b71ab70 elementor-widget elementor-widget-heading\" data-id=\"4b71ab70\" data-element_type=\"widget\" data-e-type=\"widget\" data-widget_type=\"heading.default\">\n\t\t\t\t<div class=\"elementor-widget-container\">\n\t\t\t\t\t<p class=\"elementor-heading-title elementor-size-large\">Franse Taalcursus<\/p>\t\t\t\t<\/div>\n\t\t\t\t<\/div>\n\t\t\t\t<div class=\"elementor-element elementor-element-6e422b60 elementor-widget elementor-widget-text-editor\" data-id=\"6e422b60\" data-element_type=\"widget\" data-e-type=\"widget\" data-widget_type=\"text-editor.default\">\n\t\t\t\t<div class=\"elementor-widget-container\">\n\t\t\t\t\t\t\t\t\t<p>Start cursussen: <i>maandag 29 september 2025<\/i><br \/>Bij vragen kunt u contact opnemen met de cursusleider.<\/p><p>\u00a0<\/p>\t\t\t\t\t\t\t\t<\/div>\n\t\t\t\t<\/div>\n\t\t\t\t<div class=\"elementor-element elementor-element-62359cd5 elementor-align-center elementor-widget elementor-widget-button\" data-id=\"62359cd5\" data-element_type=\"widget\" data-e-type=\"widget\" data-widget_type=\"button.default\">\n\t\t\t\t<div class=\"elementor-widget-container\">\n\t\t\t\t\t\t\t\t\t<div class=\"elementor-button-wrapper\">\n\t\t\t\t\t<a class=\"elementor-button elementor-button-link elementor-size-sm\" href=\"https:\/\/www.alliance-francaise.nl\/roermond\/cursussen\/cursusaanbod\/\">\n\t\t\t\t\t\t<span class=\"elementor-button-content-wrapper\">\n\t\t\t\t\t\t<span class=\"elementor-button-icon\">\n\t\t\t\t<i aria-hidden=\"true\" class=\"fas fa-arrow-circle-right\"><\/i>\t\t\t<\/span>\n\t\t\t\t\t\t\t\t\t<span class=\"elementor-button-text\">Lees verder<\/span>\n\t\t\t\t\t<\/span>\n\t\t\t\t\t<\/a>\n\t\t\t\t<\/div>\n\t\t\t\t\t\t\t\t<\/div>\n\t\t\t\t<\/div>\n\t\t\t\t\t<\/div>\n\t\t<\/div>\n\t\t\t\t<div class=\"elementor-column elementor-col-33 elementor-top-column elementor-element elementor-element-3e8a1f37\" data-id=\"3e8a1f37\" data-element_type=\"column\" data-e-type=\"column\" data-settings=\"{&quot;background_background&quot;:&quot;classic&quot;}\">\n\t\t\t<div class=\"elementor-widget-wrap elementor-element-populated\">\n\t\t\t\t\t\t<div class=\"elementor-element elementor-element-638812c6 elementor-widget elementor-widget-image\" data-id=\"638812c6\" data-element_type=\"widget\" data-e-type=\"widget\" data-widget_type=\"image.default\">\n\t\t\t\t<div class=\"elementor-widget-container\">\n\t\t\t\t\t\t\t\t\t\t\t\t\t\t\t<img loading=\"lazy\" decoding=\"async\" width=\"768\" height=\"511\" src=\"https:\/\/www.alliance-francaise.nl\/roermond\/wp-content\/uploads\/sites\/16\/2020\/08\/AF_cultureelprogramma2-768x511.jpg\" class=\"attachment-medium_large size-medium_large wp-image-293\" alt=\"\" srcset=\"https:\/\/www.alliance-francaise.nl\/roermond\/wp-content\/uploads\/sites\/16\/2020\/08\/AF_cultureelprogramma2-768x511.jpg 768w, https:\/\/www.alliance-francaise.nl\/roermond\/wp-content\/uploads\/sites\/16\/2020\/08\/AF_cultureelprogramma2-300x199.jpg 300w, https:\/\/www.alliance-francaise.nl\/roermond\/wp-content\/uploads\/sites\/16\/2020\/08\/AF_cultureelprogramma2-1024x681.jpg 1024w, https:\/\/www.alliance-francaise.nl\/roermond\/wp-content\/uploads\/sites\/16\/2020\/08\/AF_cultureelprogramma2-600x399.jpg 600w, https:\/\/www.alliance-francaise.nl\/roermond\/wp-content\/uploads\/sites\/16\/2020\/08\/AF_cultureelprogramma2.jpg 1280w\" sizes=\"(max-width: 768px) 100vw, 768px\" \/>\t\t\t\t\t\t\t\t\t\t\t\t\t\t\t<\/div>\n\t\t\t\t<\/div>\n\t\t\t\t<div class=\"elementor-element elementor-element-3c1d51e0 elementor-widget elementor-widget-heading\" data-id=\"3c1d51e0\" data-element_type=\"widget\" data-e-type=\"widget\" data-widget_type=\"heading.default\">\n\t\t\t\t<div class=\"elementor-widget-container\">\n\t\t\t\t\t<p class=\"elementor-heading-title elementor-size-large\">Cultureel Programma<\/p>\t\t\t\t<\/div>\n\t\t\t\t<\/div>\n\t\t\t\t<div class=\"elementor-element elementor-element-56191593 elementor-widget elementor-widget-text-editor\" data-id=\"56191593\" data-element_type=\"widget\" data-e-type=\"widget\" data-widget_type=\"text-editor.default\">\n\t\t\t\t<div class=\"elementor-widget-container\">\n\t\t\t\t\t\t\t\t\t<p>Ieder seizoen verzorgen wij een aantrekkelijk programma met voor elk wat wils.<\/p><p>\u00a0<\/p><p>\u00a0<\/p>\t\t\t\t\t\t\t\t<\/div>\n\t\t\t\t<\/div>\n\t\t\t\t<div class=\"elementor-element elementor-element-a9f14de elementor-align-center elementor-widget elementor-widget-button\" data-id=\"a9f14de\" data-element_type=\"widget\" data-e-type=\"widget\" data-widget_type=\"button.default\">\n\t\t\t\t<div class=\"elementor-widget-container\">\n\t\t\t\t\t\t\t\t\t<div class=\"elementor-button-wrapper\">\n\t\t\t\t\t<a class=\"elementor-button elementor-button-link elementor-size-sm\" href=\"https:\/\/www.alliance-francaise.nl\/roermond\/cultuur-en-agenda\/\">\n\t\t\t\t\t\t<span class=\"elementor-button-content-wrapper\">\n\t\t\t\t\t\t<span class=\"elementor-button-icon\">\n\t\t\t\t<i aria-hidden=\"true\" class=\"fas fa-arrow-circle-right\"><\/i>\t\t\t<\/span>\n\t\t\t\t\t\t\t\t\t<span class=\"elementor-button-text\">Lees verder<\/span>\n\t\t\t\t\t<\/span>\n\t\t\t\t\t<\/a>\n\t\t\t\t<\/div>\n\t\t\t\t\t\t\t\t<\/div>\n\t\t\t\t<\/div>\n\t\t\t\t\t<\/div>\n\t\t<\/div>\n\t\t\t\t<div class=\"elementor-column elementor-col-33 elementor-top-column elementor-element elementor-element-1dc4f2f9\" data-id=\"1dc4f2f9\" data-element_type=\"column\" data-e-type=\"column\" data-settings=\"{&quot;background_background&quot;:&quot;classic&quot;}\">\n\t\t\t<div class=\"elementor-widget-wrap elementor-element-populated\">\n\t\t\t\t\t\t<div class=\"elementor-element elementor-element-40184e90 elementor-widget elementor-widget-image\" data-id=\"40184e90\" data-element_type=\"widget\" data-e-type=\"widget\" data-widget_type=\"image.default\">\n\t\t\t\t<div class=\"elementor-widget-container\">\n\t\t\t\t\t\t\t\t\t\t\t\t\t\t\t<img loading=\"lazy\" decoding=\"async\" width=\"768\" height=\"512\" src=\"https:\/\/www.alliance-francaise.nl\/roermond\/wp-content\/uploads\/sites\/16\/2020\/08\/AF_cafefrancais2-768x512.jpg\" class=\"attachment-medium_large size-medium_large wp-image-274\" alt=\"\" srcset=\"https:\/\/www.alliance-francaise.nl\/roermond\/wp-content\/uploads\/sites\/16\/2020\/08\/AF_cafefrancais2-768x512.jpg 768w, https:\/\/www.alliance-francaise.nl\/roermond\/wp-content\/uploads\/sites\/16\/2020\/08\/AF_cafefrancais2-300x200.jpg 300w, https:\/\/www.alliance-francaise.nl\/roermond\/wp-content\/uploads\/sites\/16\/2020\/08\/AF_cafefrancais2-1024x682.jpg 1024w, https:\/\/www.alliance-francaise.nl\/roermond\/wp-content\/uploads\/sites\/16\/2020\/08\/AF_cafefrancais2-600x400.jpg 600w, https:\/\/www.alliance-francaise.nl\/roermond\/wp-content\/uploads\/sites\/16\/2020\/08\/AF_cafefrancais2.jpg 1280w\" sizes=\"(max-width: 768px) 100vw, 768px\" \/>\t\t\t\t\t\t\t\t\t\t\t\t\t\t\t<\/div>\n\t\t\t\t<\/div>\n\t\t\t\t<div class=\"elementor-element elementor-element-2d0a42c5 elementor-widget elementor-widget-heading\" data-id=\"2d0a42c5\" data-element_type=\"widget\" data-e-type=\"widget\" data-widget_type=\"heading.default\">\n\t\t\t\t<div class=\"elementor-widget-container\">\n\t\t\t\t\t<p class=\"elementor-heading-title elementor-size-large\">Caf\u00e9 Fran\u00e7ais\n<\/p>\t\t\t\t<\/div>\n\t\t\t\t<\/div>\n\t\t\t\t<div class=\"elementor-element elementor-element-1d1e815a elementor-widget elementor-widget-text-editor\" data-id=\"1d1e815a\" data-element_type=\"widget\" data-e-type=\"widget\" data-widget_type=\"text-editor.default\">\n\t\t\t\t<div class=\"elementor-widget-container\">\n\t\t\t\t\t\t\t\t\t<p>In Grand caf\u00e9 Blond &amp; Blond gelegen aan de Roerkade, bieden wij een unieke gelegenheid om in een ongedwongen sfeer Frans te praten.<\/p>\t\t\t\t\t\t\t\t<\/div>\n\t\t\t\t<\/div>\n\t\t\t\t<div class=\"elementor-element elementor-element-8e05e31 elementor-align-center elementor-widget elementor-widget-button\" data-id=\"8e05e31\" data-element_type=\"widget\" data-e-type=\"widget\" data-widget_type=\"button.default\">\n\t\t\t\t<div class=\"elementor-widget-container\">\n\t\t\t\t\t\t\t\t\t<div class=\"elementor-button-wrapper\">\n\t\t\t\t\t<a class=\"elementor-button elementor-button-link elementor-size-sm\" href=\"https:\/\/www.alliance-francaise.nl\/roermond\/cultuur-en-agenda\/cafe-francais\/\">\n\t\t\t\t\t\t<span class=\"elementor-button-content-wrapper\">\n\t\t\t\t\t\t<span class=\"elementor-button-icon\">\n\t\t\t\t<i aria-hidden=\"true\" class=\"fas fa-arrow-circle-right\"><\/i>\t\t\t<\/span>\n\t\t\t\t\t\t\t\t\t<span class=\"elementor-button-text\">Lees verder<\/span>\n\t\t\t\t\t<\/span>\n\t\t\t\t\t<\/a>\n\t\t\t\t<\/div>\n\t\t\t\t\t\t\t\t<\/div>\n\t\t\t\t<\/div>\n\t\t\t\t\t<\/div>\n\t\t<\/div>\n\t\t\t\t\t<\/div>\n\t\t<\/section>\n\t\t\t\t<\/div>\n\t\t","protected":false},"excerpt":{"rendered":"<p>Franse taal en cultuur Alliance Fran\u00e7aise Roermond Bienvenue De Alliance Fran\u00e7aise Roermond biedt cursussen Frans aan voor iedereen, van beginners tot gevorderden.Daarnaast zien wij u graag bij een van onze [&hellip;]<\/p>\n","protected":false},"author":11,"featured_media":0,"parent":0,"menu_order":0,"comment_status":"closed","ping_status":"closed","template":"elementor_header_footer","meta":{"footnotes":""},"class_list":["post-8","page","type-page","status-publish","hentry"],"_links":{"self":[{"href":"https:\/\/www.alliance-francaise.nl\/roermond\/wp-json\/wp\/v2\/pages\/8","targetHints":{"allow":["GET"]}}],"collection":[{"href":"https:\/\/www.alliance-francaise.nl\/roermond\/wp-json\/wp\/v2\/pages"}],"about":[{"href":"https:\/\/www.alliance-francaise.nl\/roermond\/wp-json\/wp\/v2\/types\/page"}],"author":[{"embeddable":true,"href":"https:\/\/www.alliance-francaise.nl\/roermond\/wp-json\/wp\/v2\/users\/11"}],"replies":[{"embeddable":true,"href":"https:\/\/www.alliance-francaise.nl\/roermond\/wp-json\/wp\/v2\/comments?post=8"}],"version-history":[{"count":20,"href":"https:\/\/www.alliance-francaise.nl\/roermond\/wp-json\/wp\/v2\/pages\/8\/revisions"}],"predecessor-version":[{"id":1809,"href":"https:\/\/www.alliance-francaise.nl\/roermond\/wp-json\/wp\/v2\/pages\/8\/revisions\/1809"}],"wp:attachment":[{"href":"https:\/\/www.alliance-francaise.nl\/roermond\/wp-json\/wp\/v2\/media?parent=8"}],"curies":[{"name":"wp","href":"https:\/\/api.w.org\/{rel}","templated":true}]}}