{"id":38,"date":"2019-10-24T18:30:21","date_gmt":"2019-10-24T18:30:21","guid":{"rendered":"https:\/\/www.alliance-francaise.nl\/2020\/maastricht\/?page_id=38"},"modified":"2026-03-30T14:26:50","modified_gmt":"2026-03-30T12:26:50","slug":"cursussen-2025-2026","status":"publish","type":"page","link":"https:\/\/www.alliance-francaise.nl\/maastricht\/cursussen\/cursussen-2025-2026\/","title":{"rendered":"Cursussen 2025-2026"},"content":{"rendered":"\t\t<div data-elementor-type=\"wp-page\" data-elementor-id=\"38\" class=\"elementor elementor-38\" data-elementor-post-type=\"page\">\n\t\t\t\t\t\t<section class=\"elementor-section elementor-top-section elementor-element elementor-element-94503dc elementor-section-boxed elementor-section-height-default elementor-section-height-default\" data-id=\"94503dc\" data-element_type=\"section\" data-e-type=\"section\">\n\t\t\t\t\t\t<div class=\"elementor-container elementor-column-gap-default\">\n\t\t\t\t\t<div class=\"elementor-column elementor-col-100 elementor-top-column elementor-element elementor-element-e01e850\" data-id=\"e01e850\" data-element_type=\"column\" data-e-type=\"column\">\n\t\t\t<div class=\"elementor-widget-wrap elementor-element-populated\">\n\t\t\t\t\t\t<div class=\"elementor-element elementor-element-38404f1 elementor-widget elementor-widget-heading\" data-id=\"38404f1\" data-element_type=\"widget\" data-e-type=\"widget\" data-widget_type=\"heading.default\">\n\t\t\t\t<div class=\"elementor-widget-container\">\n\t\t\t\t\t<h1 class=\"elementor-heading-title elementor-size-default\">Cursussen Franse Taal en Cultuur<\/h1>\t\t\t\t<\/div>\n\t\t\t\t<\/div>\n\t\t\t\t\t<\/div>\n\t\t<\/div>\n\t\t\t\t\t<\/div>\n\t\t<\/section>\n\t\t\t\t<section class=\"elementor-section elementor-top-section elementor-element elementor-element-94b8bfd elementor-section-boxed elementor-section-height-default elementor-section-height-default\" data-id=\"94b8bfd\" data-element_type=\"section\" data-e-type=\"section\">\n\t\t\t\t\t\t<div class=\"elementor-container elementor-column-gap-default\">\n\t\t\t\t\t<div class=\"elementor-column elementor-col-100 elementor-top-column elementor-element elementor-element-77086c3\" data-id=\"77086c3\" data-element_type=\"column\" data-e-type=\"column\">\n\t\t\t<div class=\"elementor-widget-wrap elementor-element-populated\">\n\t\t\t\t\t\t<div class=\"elementor-element elementor-element-60c0204 elementor-widget elementor-widget-image\" data-id=\"60c0204\" data-element_type=\"widget\" data-e-type=\"widget\" data-widget_type=\"image.default\">\n\t\t\t\t<div class=\"elementor-widget-container\">\n\t\t\t\t\t\t\t\t\t\t\t\t\t\t\t<img fetchpriority=\"high\" decoding=\"async\" width=\"800\" height=\"600\" src=\"https:\/\/www.alliance-francaise.nl\/maastricht\/wp-content\/uploads\/sites\/11\/2020\/01\/Klas-Jacques-2018-1024x768.jpg\" class=\"attachment-large size-large wp-image-1588\" alt=\"\" srcset=\"https:\/\/www.alliance-francaise.nl\/maastricht\/wp-content\/uploads\/sites\/11\/2020\/01\/Klas-Jacques-2018-1024x768.jpg 1024w, https:\/\/www.alliance-francaise.nl\/maastricht\/wp-content\/uploads\/sites\/11\/2020\/01\/Klas-Jacques-2018-300x225.jpg 300w, https:\/\/www.alliance-francaise.nl\/maastricht\/wp-content\/uploads\/sites\/11\/2020\/01\/Klas-Jacques-2018-768x576.jpg 768w, https:\/\/www.alliance-francaise.nl\/maastricht\/wp-content\/uploads\/sites\/11\/2020\/01\/Klas-Jacques-2018-1536x1152.jpg 1536w, https:\/\/www.alliance-francaise.nl\/maastricht\/wp-content\/uploads\/sites\/11\/2020\/01\/Klas-Jacques-2018-2048x1536.jpg 2048w, https:\/\/www.alliance-francaise.nl\/maastricht\/wp-content\/uploads\/sites\/11\/2020\/01\/Klas-Jacques-2018-1320x990.jpg 1320w, https:\/\/www.alliance-francaise.nl\/maastricht\/wp-content\/uploads\/sites\/11\/2020\/01\/Klas-Jacques-2018-600x450.jpg 600w\" sizes=\"(max-width: 800px) 100vw, 800px\" \/>\t\t\t\t\t\t\t\t\t\t\t\t\t\t\t<\/div>\n\t\t\t\t<\/div>\n\t\t\t\t\t<\/div>\n\t\t<\/div>\n\t\t\t\t\t<\/div>\n\t\t<\/section>\n\t\t\t\t<section class=\"elementor-section elementor-top-section elementor-element elementor-element-a7a51f5 elementor-section-boxed elementor-section-height-default elementor-section-height-default\" data-id=\"a7a51f5\" data-element_type=\"section\" data-e-type=\"section\">\n\t\t\t\t\t\t<div class=\"elementor-container elementor-column-gap-default\">\n\t\t\t\t\t<div class=\"elementor-column elementor-col-100 elementor-top-column elementor-element elementor-element-2a7a063\" data-id=\"2a7a063\" data-element_type=\"column\" data-e-type=\"column\">\n\t\t\t<div class=\"elementor-widget-wrap elementor-element-populated\">\n\t\t\t\t\t\t<div class=\"elementor-element elementor-element-56fc961 elementor-widget elementor-widget-text-editor\" data-id=\"56fc961\" data-element_type=\"widget\" data-e-type=\"widget\" data-widget_type=\"text-editor.default\">\n\t\t\t\t<div class=\"elementor-widget-container\">\n\t\t\t\t\t\t\t\t\t<h3 style=\"font-weight: 400\">De taalcursussen<\/h3><p style=\"font-weight: 400\">We bieden taalcursussen op verschillende niveaus aan, van beginners A1\u00a0<span style=\"color: var( --e-global-color-text );font-family: var( --e-global-typography-text-font-family ), Sans-serif;font-weight: var( --e-global-typography-text-font-weight );font-size: 1rem\">tot gevorderden B2\/C1. Voor een uitleg van de verschillende niveaus, zie<\/span><span style=\"color: var( --e-global-color-text );font-family: var( --e-global-typography-text-font-family ), Sans-serif;font-size: 1rem\">\u00a0<\/span><a style=\"font-family: var( --e-global-typography-text-font-family ), Sans-serif;background-color: #ffffff;font-size: 1rem\" href=\"https:\/\/onzetaal.nl\/taalloket\/taalniveaus-vreemde-talen\">taalniveaus vreemde talen | Genootschap Onze Taal<\/a><span style=\"color: var( --e-global-color-text );font-family: var( --e-global-typography-text-font-family ), Sans-serif;font-size: 1rem\">.<\/span><\/p><p style=\"font-weight: 400\">De cursussen\u00a0<span style=\"color: var( --e-global-color-text );font-family: var( --e-global-typography-text-font-family ), Sans-serif;font-weight: var( --e-global-typography-text-font-weight );font-size: 1rem\">worden gegeven door ervaren docenten,\u00a0<\/span><span style=\"color: var( --e-global-color-text );font-family: var( --e-global-typography-text-font-family ), Sans-serif;font-size: 1rem\">in kleine groepen van ongeveer 15 personen (8 \u00e0 10 personen bij online lessen).<\/span><\/p><p style=\"font-weight: 400\">De nadruk ligt op de spreekvaardigheid. Daarnaast is er veel aandacht voor de Franstalige cultuur in de brede zin van het woord. Lessen op lagere niveaus werken meestal met de onderwijsmethode <em><span style=\"color: var( --e-global-color-text );font-family: var( --e-global-typography-text-font-family ), Sans-serif;font-weight: var( --e-global-typography-text-font-weight );font-size: 1rem\">Voyages van Intertaal<\/span><\/em><span style=\"color: var( --e-global-color-text );font-family: var( --e-global-typography-text-font-family ), Sans-serif;font-size: 1rem\">. Op de hogere niveaus wordt gewerkt rond specifieke thema&#8217;s en onderwerpen.<\/span><\/p>\t\t\t\t\t\t\t\t<\/div>\n\t\t\t\t<\/div>\n\t\t\t\t\t<\/div>\n\t\t<\/div>\n\t\t\t\t\t<\/div>\n\t\t<\/section>\n\t\t\t\t<section class=\"elementor-section elementor-top-section elementor-element elementor-element-1aebd6a3 elementor-section-boxed elementor-section-height-default elementor-section-height-default\" data-id=\"1aebd6a3\" data-element_type=\"section\" data-e-type=\"section\" data-settings=\"{&quot;background_background&quot;:&quot;classic&quot;}\">\n\t\t\t\t\t\t<div class=\"elementor-container elementor-column-gap-default\">\n\t\t\t\t\t<div class=\"elementor-column elementor-col-100 elementor-top-column elementor-element elementor-element-2ce3f57b\" data-id=\"2ce3f57b\" data-element_type=\"column\" data-e-type=\"column\">\n\t\t\t<div class=\"elementor-widget-wrap elementor-element-populated\">\n\t\t\t\t\t\t<div class=\"elementor-element elementor-element-194d5fd2 elementor-widget elementor-widget-text-editor\" data-id=\"194d5fd2\" data-element_type=\"widget\" data-e-type=\"widget\" data-widget_type=\"text-editor.default\">\n\t\t\t\t<div class=\"elementor-widget-container\">\n\t\t\t\t\t\t\t\t\t<h3 style=\"font-weight: 400\">Praktisch<\/h3><h4 style=\"font-weight: 400\">Waar?<\/h4><p style=\"font-weight: 400\">De lessen worden gegeven op maandagavond van 19.00 tot 20.30 uur in de Hotel Management School in Maastricht (Hogere Hotelschool), Bethlehemweg 2, 6222 BM Maastricht.<br \/>Op deze locatie maken we gebruik van geavanceerde onderwijsvoorzieningen (smart board).<\/p><p style=\"font-weight: 400\">Enkele (beginners)cursussen worden ook online aangeboden, in principe op dezelfde dag en hetzelfde tijdstip.<span style=\"color: var( --e-global-color-text )\"><br \/><\/span><\/p><h4 style=\"font-weight: 400\">Wanneer?<\/h4><p style=\"font-weight: 400\">Een seizoen bestaat uit twee (losse) cursussen van ieder 10 lessen. De eerstvolgende cursus begint in oktober 2026.\u00a0<\/p><h4 style=\"font-weight: 400\">Welk niveau?<\/h4><p><span style=\"font-weight: 400;color: var( --e-global-color-text );font-size: 12pt;line-height: 17.12px\">Om de lessen met plezier en succes te kunnen volgen, word je in de groep geplaatst die het beste aansluit bij je Franse taalvaardigheid.<\/span><span style=\"font-weight: 400;color: var( --e-global-color-text )\">\u00a0In een\u00a0<\/span><span style=\"font-weight: 400;color: var( --e-global-color-text )\">online of telefonisch\u00a0<\/span>verkennend<span style=\"color: var( --e-global-color-text )\">\u00a0gesprek\u00a0<\/span>kijken we wat voor jou de meest geschikte groep is. Daaraan voorafgaand vragen we je de volgende test te maken: <a href=\"https:\/\/francaisfacile.rfi.fr\/fr\/tester-son-niveau\/.\">https:\/\/francaisfacile.rfi.fr\/fr\/tester-son-niveau\/.<\/a><\/p><p>De test is in het Frans, maar de vragen op niveau A1 en A2 worden ook in het Engels weergegeven.\u00a0<\/p><p><span style=\"color: var( --e-global-color-text )\">De gesprekken plannen we op een tijd die jou uitkomt.<\/span><\/p><h4 style=\"font-weight: 400\">Wat kost het?<\/h4><p>De kosten voor een reeks van 10 lessen waren in seizoen 2025-2026 \u20ac 130,00 exclusief <span style=\"font-size: 12pt;color: var( --e-global-color-text )\">lesmateriaal. Zodra het nieuwe tarief voor seizoen 2026-2027 bekend is, wordt het hier gepubliceerd.\u00a0<\/span><br \/><span style=\"font-size: 12pt;color: var( --e-global-color-text )\">\u00a0<\/span><br \/><span style=\"color: var( --e-global-color-text );font-size: 12pt\">De Alliance Fran\u00e7aise Maastricht organiseert ook culturele activiteiten. Cursisten zijn van harte uitgenodigd om hieraan deel te nemen.<br \/>De activiteiten zijn doorgaans gratis. In sommige gevallen vragen we een bijdrage. Ook\u00a0<\/span><span style=\"color: var( --e-global-color-text )\">culturele activiteiten\u00a0<\/span><span style=\"color: var( --e-global-color-text )\">bij andere Alliances, zelfs in het\u00a0<\/span><span style=\"color: var( --e-global-color-text )\">buitenland zijn toegankelijk voor cursisten.\u00a0<\/span><\/p><div>\u00a0<\/div><p style=\"line-height: normal\"><span style=\"font-size: 1.5rem;color: var( --e-global-color-text )\">Inschrijving<\/span><\/p><p style=\"font-weight: 400\"><span style=\"color: var( --e-global-color-text )\">Inschrijving en een verkennend gesprek is het hele jaar door mogelijk via de rode knop hieronder (Inschrijving en formulier voor een verkennend gesprek). Dit verplicht je verder tot niets.<\/span><\/p><p>De tweede serie lessen is half januari van start gegaan. Inschrijvingen tussen nu en augustus gelden automatisch voor de nieuwe serie lessen van oktober 2026.\u00a0<\/p><p style=\"font-weight: 400\"><span style=\"color: var( --e-global-color-text )\">Voor vragen over onze cursussen kun je ons mailen op: <a href=\"mailto:maastricht@afpb.nl\">maastricht@afpb.nl<\/a>oktober<\/span><\/p>\t\t\t\t\t\t\t\t<\/div>\n\t\t\t\t<\/div>\n\t\t\t\t<div class=\"elementor-element elementor-element-e37e230 elementor-widget elementor-widget-text-editor\" data-id=\"e37e230\" data-element_type=\"widget\" data-e-type=\"widget\" data-widget_type=\"text-editor.default\">\n\t\t\t\t<div class=\"elementor-widget-container\">\n\t\t\t\t\t\t\t\t\t<p><span style=\"background-color: #ffffff\"><span style=\"font-family: var( --e-global-typography-text-font-family ), Sans-serif\"><span style=\"color: var( --e-global-color-text );font-size: 1rem\">Om je aan te melden voor een <\/span><\/span>verkennend<span style=\"font-family: var( --e-global-typography-text-font-family ), Sans-serif\"><span style=\"color: var( --e-global-color-text );font-size: 1rem\">\u00a0gesprek vul je het formulier hieronder in.<\/span><\/span><\/span><\/p>\t\t\t\t\t\t\t\t<\/div>\n\t\t\t\t<\/div>\n\t\t\t\t\t<\/div>\n\t\t<\/div>\n\t\t\t\t\t<\/div>\n\t\t<\/section>\n\t\t\t\t<section class=\"elementor-section elementor-top-section elementor-element elementor-element-d4543c6 elementor-section-boxed elementor-section-height-default elementor-section-height-default\" data-id=\"d4543c6\" data-element_type=\"section\" data-e-type=\"section\">\n\t\t\t\t\t\t<div class=\"elementor-container elementor-column-gap-default\">\n\t\t\t\t\t<div class=\"elementor-column elementor-col-100 elementor-top-column elementor-element elementor-element-6b67773\" data-id=\"6b67773\" data-element_type=\"column\" data-e-type=\"column\">\n\t\t\t<div class=\"elementor-widget-wrap elementor-element-populated\">\n\t\t\t\t\t\t<div class=\"elementor-element elementor-element-8220450 elementor-widget elementor-widget-button\" data-id=\"8220450\" data-element_type=\"widget\" data-e-type=\"widget\" data-widget_type=\"button.default\">\n\t\t\t\t<div class=\"elementor-widget-container\">\n\t\t\t\t\t\t\t\t\t<div class=\"elementor-button-wrapper\">\n\t\t\t\t\t<a class=\"elementor-button elementor-button-link elementor-size-sm\" href=\"https:\/\/forms.gle\/SV5EwgJXH8VdoFBd9\" target=\"_blank\">\n\t\t\t\t\t\t<span class=\"elementor-button-content-wrapper\">\n\t\t\t\t\t\t\t\t\t<span class=\"elementor-button-text\">Inschrijving en formulier voor een verkennend gesprek<\/span>\n\t\t\t\t\t<\/span>\n\t\t\t\t\t<\/a>\n\t\t\t\t<\/div>\n\t\t\t\t\t\t\t\t<\/div>\n\t\t\t\t<\/div>\n\t\t\t\t\t<\/div>\n\t\t<\/div>\n\t\t\t\t\t<\/div>\n\t\t<\/section>\n\t\t\t\t<section class=\"elementor-section elementor-top-section elementor-element elementor-element-47f0aab elementor-section-boxed elementor-section-height-default elementor-section-height-default\" data-id=\"47f0aab\" data-element_type=\"section\" data-e-type=\"section\">\n\t\t\t\t\t\t<div class=\"elementor-container elementor-column-gap-default\">\n\t\t\t\t\t<div class=\"elementor-column elementor-col-100 elementor-top-column elementor-element elementor-element-dda04a4\" data-id=\"dda04a4\" data-element_type=\"column\" data-e-type=\"column\">\n\t\t\t<div class=\"elementor-widget-wrap elementor-element-populated\">\n\t\t\t\t\t\t<div class=\"elementor-element elementor-element-dbcc9cd elementor-widget elementor-widget-button\" data-id=\"dbcc9cd\" data-element_type=\"widget\" data-e-type=\"widget\" data-widget_type=\"button.default\">\n\t\t\t\t<div class=\"elementor-widget-container\">\n\t\t\t\t\t\t\t\t\t<div class=\"elementor-button-wrapper\">\n\t\t\t\t\t<a class=\"elementor-button elementor-button-link elementor-size-sm\" href=\"https:\/\/www.alliance-francaise.nl\/maastricht\/cursussen\/algemene-voorwaarden\/\" target=\"_blank\">\n\t\t\t\t\t\t<span class=\"elementor-button-content-wrapper\">\n\t\t\t\t\t\t\t\t\t<span class=\"elementor-button-text\">Algemene voorwaarden<\/span>\n\t\t\t\t\t<\/span>\n\t\t\t\t\t<\/a>\n\t\t\t\t<\/div>\n\t\t\t\t\t\t\t\t<\/div>\n\t\t\t\t<\/div>\n\t\t\t\t\t<\/div>\n\t\t<\/div>\n\t\t\t\t\t<\/div>\n\t\t<\/section>\n\t\t\t\t<section class=\"elementor-section elementor-top-section elementor-element elementor-element-42ac555 elementor-section-boxed elementor-section-height-default elementor-section-height-default\" data-id=\"42ac555\" data-element_type=\"section\" data-e-type=\"section\">\n\t\t\t\t\t\t<div class=\"elementor-container elementor-column-gap-default\">\n\t\t\t\t\t<div class=\"elementor-column elementor-col-100 elementor-top-column elementor-element elementor-element-3c447f6\" data-id=\"3c447f6\" data-element_type=\"column\" data-e-type=\"column\">\n\t\t\t<div class=\"elementor-widget-wrap elementor-element-populated\">\n\t\t\t\t\t\t<div class=\"elementor-element elementor-element-4a610c0 elementor-widget-divider--view-line elementor-widget elementor-widget-divider\" data-id=\"4a610c0\" data-element_type=\"widget\" data-e-type=\"widget\" data-widget_type=\"divider.default\">\n\t\t\t\t<div class=\"elementor-widget-container\">\n\t\t\t\t\t\t\t<div class=\"elementor-divider\">\n\t\t\t<span class=\"elementor-divider-separator\">\n\t\t\t\t\t\t<\/span>\n\t\t<\/div>\n\t\t\t\t\t\t<\/div>\n\t\t\t\t<\/div>\n\t\t\t\t\t<\/div>\n\t\t<\/div>\n\t\t\t\t\t<\/div>\n\t\t<\/section>\n\t\t\t\t<section class=\"elementor-section elementor-top-section elementor-element elementor-element-725ab89 elementor-section-boxed elementor-section-height-default elementor-section-height-default\" data-id=\"725ab89\" data-element_type=\"section\" data-e-type=\"section\">\n\t\t\t\t\t\t<div class=\"elementor-container elementor-column-gap-default\">\n\t\t\t\t\t<div class=\"elementor-column elementor-col-100 elementor-top-column elementor-element elementor-element-0a93871\" data-id=\"0a93871\" data-element_type=\"column\" data-e-type=\"column\">\n\t\t\t<div class=\"elementor-widget-wrap elementor-element-populated\">\n\t\t\t\t\t\t<div class=\"elementor-element elementor-element-654f9e0 elementor-widget elementor-widget-text-editor\" data-id=\"654f9e0\" data-element_type=\"widget\" data-e-type=\"widget\" data-widget_type=\"text-editor.default\">\n\t\t\t\t<div class=\"elementor-widget-container\">\n\t\t\t\t\t\t\t\t\t<h3 style=\"font-family: 'Open Sans', sans-serif;color: #000000\">Matins Francophones Cours hybrides bi-mensuel de haut niveau<\/h3><p>Pour les \u2018cracks\u2019 du fran\u00e7ais avec un niveau B2\/C1 ou plus, un choix de cours bimensuels sont propos\u00e9s :<\/p><p><strong>A\u00a0<\/strong>\u2013 En Ligne via Zoom le MARDI matin de 10h \u00e0 11h30.<br \/><strong>B<\/strong>\u00a0\u2013 En \u2018Pr\u00e9sentiel\u2019 le MERCREDI matin de 10h \u00e0 11h30.<\/p><p>Ces Cours offrent des discussions \u00e0 couleurs Philosophiques, sur des sujets hybrides autour de la Litt\u00e9rature, la Cin\u00e9philie, l\u2019Art, etc.<\/p>\t\t\t\t\t\t\t\t<\/div>\n\t\t\t\t<\/div>\n\t\t\t\t\t<\/div>\n\t\t<\/div>\n\t\t\t\t\t<\/div>\n\t\t<\/section>\n\t\t\t\t<section class=\"elementor-section elementor-top-section elementor-element elementor-element-20e03a4 elementor-section-boxed elementor-section-height-default elementor-section-height-default\" data-id=\"20e03a4\" data-element_type=\"section\" data-e-type=\"section\">\n\t\t\t\t\t\t<div class=\"elementor-container elementor-column-gap-default\">\n\t\t\t\t\t<div class=\"elementor-column elementor-col-100 elementor-top-column elementor-element elementor-element-01f7f72\" data-id=\"01f7f72\" data-element_type=\"column\" data-e-type=\"column\">\n\t\t\t<div class=\"elementor-widget-wrap elementor-element-populated\">\n\t\t\t\t\t\t<div class=\"elementor-element elementor-element-bca10c1 elementor-widget elementor-widget-button\" data-id=\"bca10c1\" data-element_type=\"widget\" data-e-type=\"widget\" data-widget_type=\"button.default\">\n\t\t\t\t<div class=\"elementor-widget-container\">\n\t\t\t\t\t\t\t\t\t<div class=\"elementor-button-wrapper\">\n\t\t\t\t\t<a class=\"elementor-button elementor-button-link elementor-size-sm\" href=\"https:\/\/www.alliance-francaise.nl\/maastricht\/bienvenue-welkom\/cours-de-litterature-philosophie\/\">\n\t\t\t\t\t\t<span class=\"elementor-button-content-wrapper\">\n\t\t\t\t\t\t\t\t\t<span class=\"elementor-button-text\">Klik hier voor meer informatie<\/span>\n\t\t\t\t\t<\/span>\n\t\t\t\t\t<\/a>\n\t\t\t\t<\/div>\n\t\t\t\t\t\t\t\t<\/div>\n\t\t\t\t<\/div>\n\t\t\t\t\t<\/div>\n\t\t<\/div>\n\t\t\t\t\t<\/div>\n\t\t<\/section>\n\t\t\t\t<section class=\"elementor-section elementor-top-section elementor-element elementor-element-9e58786 elementor-section-boxed elementor-section-height-default elementor-section-height-default\" data-id=\"9e58786\" data-element_type=\"section\" data-e-type=\"section\">\n\t\t\t\t\t\t<div class=\"elementor-container elementor-column-gap-default\">\n\t\t\t\t\t<div class=\"elementor-column elementor-col-100 elementor-top-column elementor-element elementor-element-f59a28d\" data-id=\"f59a28d\" data-element_type=\"column\" data-e-type=\"column\">\n\t\t\t<div class=\"elementor-widget-wrap elementor-element-populated\">\n\t\t\t\t\t\t<div class=\"elementor-element elementor-element-49643af elementor-widget elementor-widget-image\" data-id=\"49643af\" data-element_type=\"widget\" data-e-type=\"widget\" data-widget_type=\"image.default\">\n\t\t\t\t<div class=\"elementor-widget-container\">\n\t\t\t\t\t\t\t\t\t\t\t\t\t\t\t<img decoding=\"async\" width=\"300\" height=\"186\" src=\"https:\/\/www.alliance-francaise.nl\/maastricht\/wp-content\/uploads\/sites\/11\/2025\/12\/CEDEO-logo-600x372-1-300x186.png\" class=\"attachment-medium size-medium wp-image-11571\" alt=\"\" srcset=\"https:\/\/www.alliance-francaise.nl\/maastricht\/wp-content\/uploads\/sites\/11\/2025\/12\/CEDEO-logo-600x372-1-300x186.png 300w, https:\/\/www.alliance-francaise.nl\/maastricht\/wp-content\/uploads\/sites\/11\/2025\/12\/CEDEO-logo-600x372-1.png 600w\" sizes=\"(max-width: 300px) 100vw, 300px\" \/>\t\t\t\t\t\t\t\t\t\t\t\t\t\t\t<\/div>\n\t\t\t\t<\/div>\n\t\t\t\t\t<\/div>\n\t\t<\/div>\n\t\t\t\t\t<\/div>\n\t\t<\/section>\n\t\t\t\t<\/div>\n\t\t","protected":false},"excerpt":{"rendered":"<p>Cursussen Franse Taal en Cultuur De taalcursussen We bieden taalcursussen op verschillende niveaus aan, van beginners A1\u00a0tot gevorderden B2\/C1. Voor een uitleg van de verschillende niveaus, zie\u00a0taalniveaus vreemde talen | [&hellip;]<\/p>\n","protected":false},"author":1,"featured_media":0,"parent":16,"menu_order":0,"comment_status":"closed","ping_status":"closed","template":"elementor_header_footer","meta":{"footnotes":""},"class_list":["post-38","page","type-page","status-publish","hentry"],"_links":{"self":[{"href":"https:\/\/www.alliance-francaise.nl\/maastricht\/wp-json\/wp\/v2\/pages\/38","targetHints":{"allow":["GET"]}}],"collection":[{"href":"https:\/\/www.alliance-francaise.nl\/maastricht\/wp-json\/wp\/v2\/pages"}],"about":[{"href":"https:\/\/www.alliance-francaise.nl\/maastricht\/wp-json\/wp\/v2\/types\/page"}],"author":[{"embeddable":true,"href":"https:\/\/www.alliance-francaise.nl\/maastricht\/wp-json\/wp\/v2\/users\/1"}],"replies":[{"embeddable":true,"href":"https:\/\/www.alliance-francaise.nl\/maastricht\/wp-json\/wp\/v2\/comments?post=38"}],"version-history":[{"count":20,"href":"https:\/\/www.alliance-francaise.nl\/maastricht\/wp-json\/wp\/v2\/pages\/38\/revisions"}],"predecessor-version":[{"id":11916,"href":"https:\/\/www.alliance-francaise.nl\/maastricht\/wp-json\/wp\/v2\/pages\/38\/revisions\/11916"}],"up":[{"embeddable":true,"href":"https:\/\/www.alliance-francaise.nl\/maastricht\/wp-json\/wp\/v2\/pages\/16"}],"wp:attachment":[{"href":"https:\/\/www.alliance-francaise.nl\/maastricht\/wp-json\/wp\/v2\/media?parent=38"}],"curies":[{"name":"wp","href":"https:\/\/api.w.org\/{rel}","templated":true}]}}