{"id":32,"date":"2019-10-24T18:29:03","date_gmt":"2019-10-24T18:29:03","guid":{"rendered":"https:\/\/www.alliance-francaise.nl\/2020\/maastricht\/?page_id=32"},"modified":"2025-12-17T17:44:45","modified_gmt":"2025-12-17T16:44:45","slug":"mot-du-president","status":"publish","type":"page","link":"https:\/\/www.alliance-francaise.nl\/maastricht\/bienvenue-welkom\/mot-du-president\/","title":{"rendered":"Mot du pr\u00e9sident"},"content":{"rendered":"\t\t<div data-elementor-type=\"wp-page\" data-elementor-id=\"32\" class=\"elementor elementor-32\" data-elementor-post-type=\"page\">\n\t\t\t\t\t\t<section class=\"elementor-section elementor-top-section elementor-element elementor-element-23d9ecc1 elementor-section-boxed elementor-section-height-default elementor-section-height-default\" data-id=\"23d9ecc1\" data-element_type=\"section\" data-e-type=\"section\" data-settings=\"{&quot;background_background&quot;:&quot;classic&quot;}\">\n\t\t\t\t\t\t<div class=\"elementor-container elementor-column-gap-default\">\n\t\t\t\t\t<div class=\"elementor-column elementor-col-100 elementor-top-column elementor-element elementor-element-10a9f83\" data-id=\"10a9f83\" data-element_type=\"column\" data-e-type=\"column\">\n\t\t\t<div class=\"elementor-widget-wrap\">\n\t\t\t\t\t\t\t<\/div>\n\t\t<\/div>\n\t\t\t\t\t<\/div>\n\t\t<\/section>\n\t\t\t\t<section class=\"elementor-section elementor-top-section elementor-element elementor-element-1230ca4f elementor-section-boxed elementor-section-height-default elementor-section-height-default\" data-id=\"1230ca4f\" data-element_type=\"section\" data-e-type=\"section\">\n\t\t\t\t\t\t<div class=\"elementor-container elementor-column-gap-default\">\n\t\t\t\t\t<div class=\"elementor-column elementor-col-100 elementor-top-column elementor-element elementor-element-65f6b6f9\" data-id=\"65f6b6f9\" data-element_type=\"column\" data-e-type=\"column\" data-settings=\"{&quot;background_background&quot;:&quot;classic&quot;}\">\n\t\t\t<div class=\"elementor-widget-wrap elementor-element-populated\">\n\t\t\t\t\t<div class=\"elementor-background-overlay\"><\/div>\n\t\t\t\t\t\t<div class=\"elementor-element elementor-element-5742a4cb elementor-widget elementor-widget-heading\" data-id=\"5742a4cb\" data-element_type=\"widget\" data-e-type=\"widget\" data-widget_type=\"heading.default\">\n\t\t\t\t<div class=\"elementor-widget-container\">\n\t\t\t\t\t<h1 class=\"elementor-heading-title elementor-size-default\">Mot du pr\u00e9sident<\/h1>\t\t\t\t<\/div>\n\t\t\t\t<\/div>\n\t\t\t\t\t<\/div>\n\t\t<\/div>\n\t\t\t\t\t<\/div>\n\t\t<\/section>\n\t\t\t\t<section class=\"elementor-section elementor-top-section elementor-element elementor-element-1cf9529 elementor-section-boxed elementor-section-height-default elementor-section-height-default\" data-id=\"1cf9529\" data-element_type=\"section\" data-e-type=\"section\">\n\t\t\t\t\t\t<div class=\"elementor-container elementor-column-gap-default\">\n\t\t\t\t\t<div class=\"elementor-column elementor-col-100 elementor-top-column elementor-element elementor-element-3ed39c2\" data-id=\"3ed39c2\" data-element_type=\"column\" data-e-type=\"column\">\n\t\t\t<div class=\"elementor-widget-wrap elementor-element-populated\">\n\t\t\t\t\t\t<div class=\"elementor-element elementor-element-38d6803 elementor-widget elementor-widget-spacer\" data-id=\"38d6803\" data-element_type=\"widget\" data-e-type=\"widget\" data-widget_type=\"spacer.default\">\n\t\t\t\t<div class=\"elementor-widget-container\">\n\t\t\t\t\t\t\t<div class=\"elementor-spacer\">\n\t\t\t<div class=\"elementor-spacer-inner\"><\/div>\n\t\t<\/div>\n\t\t\t\t\t\t<\/div>\n\t\t\t\t<\/div>\n\t\t\t\t\t<\/div>\n\t\t<\/div>\n\t\t\t\t\t<\/div>\n\t\t<\/section>\n\t\t\t\t<section class=\"elementor-section elementor-top-section elementor-element elementor-element-41de6399 elementor-section-boxed elementor-section-height-default elementor-section-height-default\" data-id=\"41de6399\" data-element_type=\"section\" data-e-type=\"section\">\n\t\t\t\t\t\t<div class=\"elementor-container elementor-column-gap-default\">\n\t\t\t\t\t<div class=\"elementor-column elementor-col-100 elementor-top-column elementor-element elementor-element-412ab9cd\" data-id=\"412ab9cd\" data-element_type=\"column\" data-e-type=\"column\">\n\t\t\t<div class=\"elementor-widget-wrap elementor-element-populated\">\n\t\t\t\t\t\t<div class=\"elementor-element elementor-element-3761094 elementor-widget elementor-widget-image\" data-id=\"3761094\" data-element_type=\"widget\" data-e-type=\"widget\" data-widget_type=\"image.default\">\n\t\t\t\t<div class=\"elementor-widget-container\">\n\t\t\t\t\t\t\t\t\t\t\t\t\t\t\t<img fetchpriority=\"high\" decoding=\"async\" width=\"768\" height=\"1024\" src=\"https:\/\/www.alliance-francaise.nl\/maastricht\/wp-content\/uploads\/sites\/11\/2025\/12\/Foto-Norbert-12-25-768x1024.jpg\" class=\"attachment-medium_large size-medium_large wp-image-11588\" alt=\"\" srcset=\"https:\/\/www.alliance-francaise.nl\/maastricht\/wp-content\/uploads\/sites\/11\/2025\/12\/Foto-Norbert-12-25-768x1024.jpg 768w, https:\/\/www.alliance-francaise.nl\/maastricht\/wp-content\/uploads\/sites\/11\/2025\/12\/Foto-Norbert-12-25-225x300.jpg 225w, https:\/\/www.alliance-francaise.nl\/maastricht\/wp-content\/uploads\/sites\/11\/2025\/12\/Foto-Norbert-12-25-1152x1536.jpg 1152w, https:\/\/www.alliance-francaise.nl\/maastricht\/wp-content\/uploads\/sites\/11\/2025\/12\/Foto-Norbert-12-25-600x800.jpg 600w, https:\/\/www.alliance-francaise.nl\/maastricht\/wp-content\/uploads\/sites\/11\/2025\/12\/Foto-Norbert-12-25.jpg 1200w\" sizes=\"(max-width: 768px) 100vw, 768px\" \/>\t\t\t\t\t\t\t\t\t\t\t\t\t\t\t<\/div>\n\t\t\t\t<\/div>\n\t\t\t\t<div class=\"elementor-element elementor-element-1d0f6bf elementor-widget elementor-widget-text-editor\" data-id=\"1d0f6bf\" data-element_type=\"widget\" data-e-type=\"widget\" data-widget_type=\"text-editor.default\">\n\t\t\t\t<div class=\"elementor-widget-container\">\n\t\t\t\t\t\t\t\t\t<p>Voeux du pr\u00e9sident pour la Nouvelle Ann\u00e9e<br \/>On a travers\u00e9 la partie la plus noire de l\u2019ann\u00e9e pour arriver \u00e0 la nouvelle ann\u00e9e 2026. Mes<br \/>meilleurs v\u0153ux pour vous et les v\u00f4tres! Esp\u00e9rons que cette nouvelle ann\u00e9e apportera un peu plus de paix dans le monde.<\/p><p>Quant \u00e0 l\u2019Alliance fran\u00e7aise de Maastricht, nous continuerons \u00e0 organiser des \u00e9v\u00e9nements<br \/>francophones et n\u00e9erlandophones pour promouvoir la langue fran\u00e7aise. Nous continuerons<br \/>\u00e9videmment avec nos cours qui ont connu un a\ufb04ux d\u2019apprenants cet automne et nous esp\u00e9rons \u00e9videmment que nous arriverons \u00e0 motiver encore plus de personnes \u00e0 d\u00e9velopper leurs connaissances en la langue fran\u00e7aise.<\/p><p>Comme toutes les ann\u00e9es au printemps nous o\ufb00rirons une soir\u00e9e Denis de France aux apprenants. Il nous pr\u00e9pare \u00e0 la compr\u00e9hension d\u2019un film fran\u00e7ais qui ne sort pas aux Pays-Bas.<br \/>Il y a encore beaucoup plus d\u2019activit\u00e9s que vous trouverez sur notre site, mais je voudrais<br \/>mentionner explicitement ici le Voyage \u00e0 Lille d\u00e9but avril. Inspir\u00e9 par le succ\u00e8s du voyage \u00e0 Metz, nous avons d\u00e9cid\u00e9 d\u2019en organiser un autre du nord de la France. Nous vous tiendrons au courant, via le site web et via les infolettres.<\/p><p>Venez \u00e0 nos activit\u00e9s, c\u2019est la fa\u00e7on la plus simple et la plus sympathique d\u2019exprimer votre<br \/>soutien. Si vous voulez nous aider financi\u00e8rement, je vous incite \u00e0 devenir ami de l\u2019Alliance<br \/>fran\u00e7aise de Maastricht. Vous trouvez les d\u00e9tails sur notre site web.<br \/>Je vous souhaite beaucoup de plaisir pour cette deuxi\u00e8me partie de la saison et j\u2019esp\u00e8re vous rencontrer \u00e0 une de nos soir\u00e9es.<\/p><p>Norbert Bonenkamp<br \/>Pr\u00e9sident de l&#8217;Alliance Fran\u00e7aise Maastricht<\/p>\t\t\t\t\t\t\t\t<\/div>\n\t\t\t\t<\/div>\n\t\t\t\t\t<\/div>\n\t\t<\/div>\n\t\t\t\t\t<\/div>\n\t\t<\/section>\n\t\t\t\t<\/div>\n\t\t","protected":false},"excerpt":{"rendered":"<p>Mot du pr\u00e9sident Voeux du pr\u00e9sident pour la Nouvelle Ann\u00e9eOn a travers\u00e9 la partie la plus noire de l\u2019ann\u00e9e pour arriver \u00e0 la nouvelle ann\u00e9e 2026. Mesmeilleurs v\u0153ux pour vous [&hellip;]<\/p>\n","protected":false},"author":1,"featured_media":0,"parent":14,"menu_order":0,"comment_status":"closed","ping_status":"closed","template":"elementor_header_footer","meta":{"footnotes":""},"class_list":["post-32","page","type-page","status-publish","hentry"],"_links":{"self":[{"href":"https:\/\/www.alliance-francaise.nl\/maastricht\/wp-json\/wp\/v2\/pages\/32","targetHints":{"allow":["GET"]}}],"collection":[{"href":"https:\/\/www.alliance-francaise.nl\/maastricht\/wp-json\/wp\/v2\/pages"}],"about":[{"href":"https:\/\/www.alliance-francaise.nl\/maastricht\/wp-json\/wp\/v2\/types\/page"}],"author":[{"embeddable":true,"href":"https:\/\/www.alliance-francaise.nl\/maastricht\/wp-json\/wp\/v2\/users\/1"}],"replies":[{"embeddable":true,"href":"https:\/\/www.alliance-francaise.nl\/maastricht\/wp-json\/wp\/v2\/comments?post=32"}],"version-history":[{"count":20,"href":"https:\/\/www.alliance-francaise.nl\/maastricht\/wp-json\/wp\/v2\/pages\/32\/revisions"}],"predecessor-version":[{"id":11592,"href":"https:\/\/www.alliance-francaise.nl\/maastricht\/wp-json\/wp\/v2\/pages\/32\/revisions\/11592"}],"up":[{"embeddable":true,"href":"https:\/\/www.alliance-francaise.nl\/maastricht\/wp-json\/wp\/v2\/pages\/14"}],"wp:attachment":[{"href":"https:\/\/www.alliance-francaise.nl\/maastricht\/wp-json\/wp\/v2\/media?parent=32"}],"curies":[{"name":"wp","href":"https:\/\/api.w.org\/{rel}","templated":true}]}}