{"id":8471,"date":"2024-05-22T18:29:07","date_gmt":"2024-05-22T16:29:07","guid":{"rendered":"https:\/\/www.alliance-francaise.nl\/kennemerland\/?post_type=product&#038;p=8471"},"modified":"2025-06-07T15:52:13","modified_gmt":"2025-06-07T13:52:13","slug":"art-urbain","status":"publish","type":"product","link":"https:\/\/www.alliance-francaise.nl\/kennemerland\/product\/art-urbain\/","title":{"rendered":"L&#8217;Art Urbain \u00e0 Paris et en France \u00e0 travers des lieux et des artistes"},"content":{"rendered":"<p>V\u00e9ronique Janty, voormalig Street Art kunstenares neemt u graag mee op een Street Art tour door Frankrijk. Deze reis leidt u door grote steden als Parijs, Lyon, Marseille, Bordeaux en Lille, maar laat u ook kennismaken met Street Art op meer verborgen plekken in Frankrijk. Aan de hand van achtergrondinformatie, bekende en minder bekende Street Art kunstenaars en eigen ervaringen leert V\u00e9ronique u dat deze kunstvorm veel meer is dan slechts graffiti.<\/p>\n<p>&nbsp;<\/p>\n<p>&nbsp;<\/p>\n","protected":false},"excerpt":{"rendered":"<p><strong>Tijdstip:<\/strong> woensdag 11 december 2024 19.00u<\/p>\n<p><strong>Locatie:<\/strong>\u00a0 Hart-Haarlem, Kleine Houtweg 18,\u00a02012 CH Haarlem<\/p>\n<p><strong>Taalniveau:<\/strong> Vanaf A2<\/p>\n<p><strong>Entree:<\/strong> \u20ac 12,50 | Ami(e)s: \u20ac 6,00<\/p>\n","protected":false},"featured_media":8479,"template":"","meta":[],"product_brand":[],"product_cat":[56],"product_tag":[],"giftcard-category":[],"class_list":{"0":"post-8471","1":"product","2":"type-product","3":"status-publish","4":"has-post-thumbnail","6":"product_cat-cultuur","8":"first","9":"instock","10":"shipping-taxable","11":"purchasable","12":"product-type-variable"},"_links":{"self":[{"href":"https:\/\/www.alliance-francaise.nl\/kennemerland\/wp-json\/wp\/v2\/product\/8471","targetHints":{"allow":["GET"]}}],"collection":[{"href":"https:\/\/www.alliance-francaise.nl\/kennemerland\/wp-json\/wp\/v2\/product"}],"about":[{"href":"https:\/\/www.alliance-francaise.nl\/kennemerland\/wp-json\/wp\/v2\/types\/product"}],"wp:featuredmedia":[{"embeddable":true,"href":"https:\/\/www.alliance-francaise.nl\/kennemerland\/wp-json\/wp\/v2\/media\/8479"}],"wp:attachment":[{"href":"https:\/\/www.alliance-francaise.nl\/kennemerland\/wp-json\/wp\/v2\/media?parent=8471"}],"wp:term":[{"taxonomy":"product_brand","embeddable":true,"href":"https:\/\/www.alliance-francaise.nl\/kennemerland\/wp-json\/wp\/v2\/product_brand?post=8471"},{"taxonomy":"product_cat","embeddable":true,"href":"https:\/\/www.alliance-francaise.nl\/kennemerland\/wp-json\/wp\/v2\/product_cat?post=8471"},{"taxonomy":"product_tag","embeddable":true,"href":"https:\/\/www.alliance-francaise.nl\/kennemerland\/wp-json\/wp\/v2\/product_tag?post=8471"},{"taxonomy":"giftcard-category","embeddable":true,"href":"https:\/\/www.alliance-francaise.nl\/kennemerland\/wp-json\/wp\/v2\/giftcard-category?post=8471"}],"curies":[{"name":"wp","href":"https:\/\/api.w.org\/{rel}","templated":true}]}}