{"id":4175,"date":"2025-02-22T17:28:32","date_gmt":"2025-02-22T16:28:32","guid":{"rendered":"https:\/\/www.alliance-francaise.nl\/kennemerland\/?post_type=product&#038;p=4175"},"modified":"2025-06-07T15:55:17","modified_gmt":"2025-06-07T13:55:17","slug":"cadeaubon","status":"publish","type":"product","link":"https:\/\/www.alliance-francaise.nl\/kennemerland\/product\/cadeaubon\/","title":{"rendered":"Cadeaubon"},"content":{"rendered":"<p>De origineelste cadeaubon voor Moederdag, Vaderdag, verjaardag, onder de boom of gewoon z\u00f3maar&#8230;<\/p>\n<p>Deze cadeaubon is in te wisselen tegen alle producten in de <a href=\"https:\/\/www.alliance-francaise.nl\/kennemerland\/boutique\/\">Boutique van Alliance Fran\u00e7aise Kennemerland<\/a>.<\/p>\n<p>Kies een waarde, vul het e-mailadres van de ontvanger in, vul uw naam in en schrijf een bericht aan de ontvanger.<\/p>\n<p>De cadeaubon wordt digitaal naar de ontvanger gestuurd zodra de betaling voldaan is.<\/p>\n<p>Wilt u de bon liever zelf overhandigen? Vul uw eigen e-mailadres in als ontvanger en druk de cadeaubon af. Verpak de bon in bijvoorbeeld een enveloppe, doosje of lege wijnfles. Met een strik erom heeft u een prachtig cadeau om te geven \u00e9n om te ontvangen!<\/p>\n<p>De waarde van de cadeaubon hoeft niet in \u00e9\u00e9n keer besteed te worden. Het tegoed blijft bewaard bij Alliance Fran\u00e7aise Kennemerland.<\/p>\n","protected":false},"excerpt":{"rendered":"<p>Deze digitale cadeaubon is uitsluitend inwisselbaar bij Alliance Fran\u00e7aise Kennemerland<\/p>\n","protected":false},"featured_media":4330,"template":"","meta":[],"product_brand":[],"product_cat":[60],"product_tag":[81,78,82,79,76,83,77,75,80],"giftcard-category":[72,71,67,91,84,92,73,85],"class_list":{"0":"post-4175","1":"product","2":"type-product","3":"status-publish","4":"has-post-thumbnail","6":"product_cat-cadeaubon","7":"product_tag-cadeau","8":"product_tag-feestdagen","9":"product_tag-kado","10":"product_tag-kerstmis","11":"product_tag-moederdag","12":"product_tag-presentje","13":"product_tag-vaderdag","14":"product_tag-verjaardag","15":"product_tag-zomaar","16":"giftcard-category-alle-wegen-leiden-naar-parijs","17":"giftcard-category-feestdagen","18":"giftcard-category-gefeliciteerd","19":"giftcard-category-frans-cadeau","20":"giftcard-category-goed-voor-1000-nieuwe-woorden","21":"giftcard-category-op-zijn-frans","22":"giftcard-category-speciaal-voor-jou","23":"giftcard-category-zoet-geluk","25":"first","26":"instock","27":"virtual","28":"purchasable","29":"product-type-gift-card"},"_links":{"self":[{"href":"https:\/\/www.alliance-francaise.nl\/kennemerland\/wp-json\/wp\/v2\/product\/4175","targetHints":{"allow":["GET"]}}],"collection":[{"href":"https:\/\/www.alliance-francaise.nl\/kennemerland\/wp-json\/wp\/v2\/product"}],"about":[{"href":"https:\/\/www.alliance-francaise.nl\/kennemerland\/wp-json\/wp\/v2\/types\/product"}],"wp:featuredmedia":[{"embeddable":true,"href":"https:\/\/www.alliance-francaise.nl\/kennemerland\/wp-json\/wp\/v2\/media\/4330"}],"wp:attachment":[{"href":"https:\/\/www.alliance-francaise.nl\/kennemerland\/wp-json\/wp\/v2\/media?parent=4175"}],"wp:term":[{"taxonomy":"product_brand","embeddable":true,"href":"https:\/\/www.alliance-francaise.nl\/kennemerland\/wp-json\/wp\/v2\/product_brand?post=4175"},{"taxonomy":"product_cat","embeddable":true,"href":"https:\/\/www.alliance-francaise.nl\/kennemerland\/wp-json\/wp\/v2\/product_cat?post=4175"},{"taxonomy":"product_tag","embeddable":true,"href":"https:\/\/www.alliance-francaise.nl\/kennemerland\/wp-json\/wp\/v2\/product_tag?post=4175"},{"taxonomy":"giftcard-category","embeddable":true,"href":"https:\/\/www.alliance-francaise.nl\/kennemerland\/wp-json\/wp\/v2\/giftcard-category?post=4175"}],"curies":[{"name":"wp","href":"https:\/\/api.w.org\/{rel}","templated":true}]}}