{"id":13648,"date":"2026-04-01T17:30:41","date_gmt":"2026-04-01T15:30:41","guid":{"rendered":"https:\/\/www.alliance-francaise.nl\/kennemerland\/?post_type=product&#038;p=13648"},"modified":"2026-04-01T17:36:21","modified_gmt":"2026-04-01T15:36:21","slug":"franse-wandeling-langs-de-champs-elysees-van-haarlem-2026","status":"publish","type":"product","link":"https:\/\/www.alliance-francaise.nl\/kennemerland\/product\/franse-wandeling-langs-de-champs-elysees-van-haarlem-2026\/","title":{"rendered":"Franse wandeling langs de Champs \u00c9lys\u00e9es van Haarlem"},"content":{"rendered":"","protected":false},"excerpt":{"rendered":"<p>Een Franse wandeling door het centrum van Haarlem, onder leiding van een Franssprekende gids. U ontdekt welke invloed Frankrijk heeft gehad op de stad in de 19e eeuw.<\/p>\n<p><em>Balade fran\u00e7aise \u00e0 travers le centre de Haerlem sous la conduite d&#8217;un guide fran\u00e7ais, qui vous montre l&#8217;influence de la France sur Haerlem fin XIXi\u00e8me\u00a0si\u00e8cle.<\/em><\/p>\n<p>Aansluitend kunt u het Museum bezoeken (niet inbegrepen en optioneel). Het is nodig een tijdslot te reserveren. De toegang is gratis met een Museumjaarkaart, Vriendenloterij VIP-kaart en voor leden van Hendrick de Keyser. Huis Barnaart heeft het best bewaarde empire-interieur van Nederland, met uitbundig stucwerk, marmeren wanden en verguld meubilair.<\/p>\n<p><strong>Tijdstip:<\/strong> zondag 11 mei 2026, 11.00u (tot 12.30u)<\/p>\n<p><strong>Locatie:\u00a0<\/strong>Startplaats Huis Barnaart , Nieuwe Gracht 7, 2011 NB Haarlem (tevens eindplaats)<\/p>\n<p>Parkeren kan in garage Houtplein of de Appelaar<\/p>\n<p><strong>Taalniveau:<\/strong> Van A1 tot C2, iedereen is welkom<\/p>\n<p><strong>Entree:<\/strong> \u20ac 7,50 (exclusief entree museum Huis Barnaart)<\/p>\n<p>&nbsp;<\/p>\n","protected":false},"featured_media":13512,"template":"","meta":[],"product_brand":[],"product_cat":[56],"product_tag":[],"giftcard-category":[],"class_list":{"0":"post-13648","1":"product","2":"type-product","3":"status-publish","4":"has-post-thumbnail","6":"product_cat-cultuur","8":"first","9":"instock","10":"shipping-taxable","11":"purchasable","12":"product-type-simple"},"_links":{"self":[{"href":"https:\/\/www.alliance-francaise.nl\/kennemerland\/wp-json\/wp\/v2\/product\/13648","targetHints":{"allow":["GET"]}}],"collection":[{"href":"https:\/\/www.alliance-francaise.nl\/kennemerland\/wp-json\/wp\/v2\/product"}],"about":[{"href":"https:\/\/www.alliance-francaise.nl\/kennemerland\/wp-json\/wp\/v2\/types\/product"}],"wp:featuredmedia":[{"embeddable":true,"href":"https:\/\/www.alliance-francaise.nl\/kennemerland\/wp-json\/wp\/v2\/media\/13512"}],"wp:attachment":[{"href":"https:\/\/www.alliance-francaise.nl\/kennemerland\/wp-json\/wp\/v2\/media?parent=13648"}],"wp:term":[{"taxonomy":"product_brand","embeddable":true,"href":"https:\/\/www.alliance-francaise.nl\/kennemerland\/wp-json\/wp\/v2\/product_brand?post=13648"},{"taxonomy":"product_cat","embeddable":true,"href":"https:\/\/www.alliance-francaise.nl\/kennemerland\/wp-json\/wp\/v2\/product_cat?post=13648"},{"taxonomy":"product_tag","embeddable":true,"href":"https:\/\/www.alliance-francaise.nl\/kennemerland\/wp-json\/wp\/v2\/product_tag?post=13648"},{"taxonomy":"giftcard-category","embeddable":true,"href":"https:\/\/www.alliance-francaise.nl\/kennemerland\/wp-json\/wp\/v2\/giftcard-category?post=13648"}],"curies":[{"name":"wp","href":"https:\/\/api.w.org\/{rel}","templated":true}]}}