{"id":12844,"date":"2026-01-26T15:12:40","date_gmt":"2026-01-26T14:12:40","guid":{"rendered":"https:\/\/www.alliance-francaise.nl\/kennemerland\/?post_type=product&#038;p=12844"},"modified":"2026-05-04T17:30:57","modified_gmt":"2026-05-04T15:30:57","slug":"sylvain-lelarge","status":"publish","type":"product","link":"https:\/\/www.alliance-francaise.nl\/kennemerland\/product\/sylvain-lelarge\/","title":{"rendered":"Sylvain Lelarge &#8211; La d\u00e9licieuse f\u00eate de la langue fran\u00e7aise"},"content":{"rendered":"<p><strong>Le patron aux fourneaux!<\/strong><\/p>\n<p>Tout Francophile est un bon vivant, et la bonne vie se f\u00eate volontiers \u00e0 table! Il est amusant de remarquer combien d\u2019expressions en fran\u00e7ais sont li\u00e9es \u00e0 la cuisine et au bien-manger.<\/p>\n<p style=\"text-align: center\"><em>\u2018Je n\u2019ai plus un radis&#8230;\u2019,<\/em><br \/>\n<em>\u2018les carottes sont cuites\u2019,<\/em><br \/>\n<em>\u2018il est l\u00e0 comme un coq en p\u00e2te!\u2019:<\/em><\/p>\n<p style=\"text-align: left\">Que vous soyez cuisinier en herbe ou chef confirm\u00e9, vous aimerez passer une soir\u00e9e \u00e0 partager vos recettes pr\u00e9f\u00e9r\u00e9es, imaginer le menu d\u2019ouverture de votre restaurant, enrichir votre vocabulaire de mots charmants ou incongrus. Une soir\u00e9e digeste et succulente.<\/p>\n<hr \/>\n<p style=\"text-align: left\">Elke Francofiel houdt van het goede leven en dat wordt graag gevierd aan tafel!\u00a0Het is grappig hoeveel uitdrukkingen in het Frans verband houden met koken en eten.<\/p>\n<p style=\"text-align: left\">Of u nu een beginnende kok of een ervaren chef-kok bent, u kunt een heerlijke avond doorbrengen met het delen van uw favoriete recepten of het openingsmenu van uw restaurant. U kunt uw vocabulaire verrijken met charmante of onverwachte woorden. Een licht verteerbare en smakelijke avond.<\/p>\n<hr \/>\n<p>Wilt u alvast kennismaken met Sylvain Lelarge? <a href=\"https:\/\/talenvoortalent.nl\/Francofil87.pdf\" target=\"_blank\" rel=\"noopener\">Lees dan hier zijn nieuwsbrief.<\/a><\/p>\n","protected":false},"excerpt":{"rendered":"<p><strong>Op de Dag van de Franse taal:<\/strong> e<strong>en licht verteerbare en smakelijke avond.<\/strong><\/p>\n<p><img decoding=\"async\" class=\"alignnone wp-image-12850\" src=\"https:\/\/www.alliance-francaise.nl\/kennemerland\/wp-content\/uploads\/sites\/29\/2026\/01\/journee-de-la-francophonie-300x181.jpg\" alt=\"\" width=\"216\" height=\"130\" srcset=\"https:\/\/www.alliance-francaise.nl\/kennemerland\/wp-content\/uploads\/sites\/29\/2026\/01\/journee-de-la-francophonie-300x181.jpg 300w, https:\/\/www.alliance-francaise.nl\/kennemerland\/wp-content\/uploads\/sites\/29\/2026\/01\/journee-de-la-francophonie.jpg 508w\" sizes=\"(max-width: 216px) 100vw, 216px\" \/><\/p>\n<p>&nbsp;<\/p>\n<p><strong>Tijdstip:<\/strong> vrijdag 20 maart, 19.30u\u00a0 (tot 21.30u inclusief pauze)<\/p>\n<p><strong>Locatie:<\/strong> Hart-Haarlem, Kleine Houtweg 18, 2012 CH Haarlem, (Grote zaal, tegenover lokaal 01 en 02)<\/p>\n<p><strong>Taalniveau:<\/strong> Vanaf A2<\/p>\n<p><strong>Entree:<\/strong> \u20ac 10,00 | Ami(e)s: \u20ac 7,50<\/p>\n<p>Kaartverkoop ook aan de deur.<\/p>\n","protected":false},"featured_media":12253,"template":"","meta":[],"product_brand":[],"product_cat":[56],"product_tag":[],"giftcard-category":[],"class_list":{"0":"post-12844","1":"product","2":"type-product","3":"status-publish","4":"has-post-thumbnail","6":"product_cat-cultuur","8":"first","9":"instock","10":"shipping-taxable","11":"purchasable","12":"product-type-variable"},"_links":{"self":[{"href":"https:\/\/www.alliance-francaise.nl\/kennemerland\/wp-json\/wp\/v2\/product\/12844","targetHints":{"allow":["GET"]}}],"collection":[{"href":"https:\/\/www.alliance-francaise.nl\/kennemerland\/wp-json\/wp\/v2\/product"}],"about":[{"href":"https:\/\/www.alliance-francaise.nl\/kennemerland\/wp-json\/wp\/v2\/types\/product"}],"wp:featuredmedia":[{"embeddable":true,"href":"https:\/\/www.alliance-francaise.nl\/kennemerland\/wp-json\/wp\/v2\/media\/12253"}],"wp:attachment":[{"href":"https:\/\/www.alliance-francaise.nl\/kennemerland\/wp-json\/wp\/v2\/media?parent=12844"}],"wp:term":[{"taxonomy":"product_brand","embeddable":true,"href":"https:\/\/www.alliance-francaise.nl\/kennemerland\/wp-json\/wp\/v2\/product_brand?post=12844"},{"taxonomy":"product_cat","embeddable":true,"href":"https:\/\/www.alliance-francaise.nl\/kennemerland\/wp-json\/wp\/v2\/product_cat?post=12844"},{"taxonomy":"product_tag","embeddable":true,"href":"https:\/\/www.alliance-francaise.nl\/kennemerland\/wp-json\/wp\/v2\/product_tag?post=12844"},{"taxonomy":"giftcard-category","embeddable":true,"href":"https:\/\/www.alliance-francaise.nl\/kennemerland\/wp-json\/wp\/v2\/giftcard-category?post=12844"}],"curies":[{"name":"wp","href":"https:\/\/api.w.org\/{rel}","templated":true}]}}