{"id":11425,"date":"2025-06-04T18:08:22","date_gmt":"2025-06-04T16:08:22","guid":{"rendered":"https:\/\/www.alliance-francaise.nl\/kennemerland\/?post_type=product&#038;p=11425"},"modified":"2025-09-03T15:20:56","modified_gmt":"2025-09-03T13:20:56","slug":"kinderen-jeugd-cours-de-francais-langue-heritage-2025-2026","status":"publish","type":"product","link":"https:\/\/www.alliance-francaise.nl\/kennemerland\/product\/kinderen-jeugd-cours-de-francais-langue-heritage-2025-2026\/","title":{"rendered":"Kinderen\/jeugd: Cours de Fran\u00e7ais Langue H\u00e9ritage  2025-2026"},"content":{"rendered":"<p><img fetchpriority=\"high\" decoding=\"async\" class=\"alignnone size-medium wp-image-11745\" src=\"https:\/\/www.alliance-francaise.nl\/kennemerland\/wp-content\/uploads\/sites\/29\/2025\/06\/Cours-FLH-2024-2025-3-300x225.jpg\" alt=\"\" width=\"300\" height=\"225\" srcset=\"https:\/\/www.alliance-francaise.nl\/kennemerland\/wp-content\/uploads\/sites\/29\/2025\/06\/Cours-FLH-2024-2025-3-300x225.jpg 300w, https:\/\/www.alliance-francaise.nl\/kennemerland\/wp-content\/uploads\/sites\/29\/2025\/06\/Cours-FLH-2024-2025-3-1024x768.jpg 1024w, https:\/\/www.alliance-francaise.nl\/kennemerland\/wp-content\/uploads\/sites\/29\/2025\/06\/Cours-FLH-2024-2025-3-768x576.jpg 768w, https:\/\/www.alliance-francaise.nl\/kennemerland\/wp-content\/uploads\/sites\/29\/2025\/06\/Cours-FLH-2024-2025-3-1536x1152.jpg 1536w, https:\/\/www.alliance-francaise.nl\/kennemerland\/wp-content\/uploads\/sites\/29\/2025\/06\/Cours-FLH-2024-2025-3-600x450.jpg 600w, https:\/\/www.alliance-francaise.nl\/kennemerland\/wp-content\/uploads\/sites\/29\/2025\/06\/Cours-FLH-2024-2025-3-1320x990.jpg 1320w, https:\/\/www.alliance-francaise.nl\/kennemerland\/wp-content\/uploads\/sites\/29\/2025\/06\/Cours-FLH-2024-2025-3.jpg 1600w\" sizes=\"(max-width: 300px) 100vw, 300px\" \/><\/p>\n<p>En 2022 c\u2019est Martijn Stoll qui a lanc\u00e9 ces cours \u00ab Langue H\u00e9ritage \u00bb avec enthousiasme et pers\u00e9v\u00e9rance. L\u2019Alliance Fran\u00e7aise Kennemerland est tr\u00e8s fi\u00e8re que d\u00e9j\u00e0 26 enfants francophones y aient particip\u00e9 cette ann\u00e9e. Le mercredi 25 juin \u00e9tait un jour festif avec la remise des dipl\u00f4mes, ainsi qu\u2019un moment pour dire au revoir.<\/p>\n<p>Apr\u00e8s trois belles ann\u00e9es, Martijn poursuit sa carri\u00e8re dans l\u2019est des Pays-Bas. Dire au revoir fut un moment charg\u00e9 d\u2019\u00e9motion, tant pour Martijn que pour les \u00e9l\u00e8ves et leurs parents. Un immense merci \u00e0 ce jeune professeur de fran\u00e7ais qui a su cr\u00e9er, chaque mercredi au Verhalenhuis, une petite \u00e9cole chaleureuse et vivante.<\/p>\n<p>Leila Verlinde, une professeur exp\u00e9riment\u00e9e et francophone, va prendre le relais en septembre. Les informations d\u00e9taill\u00e9es en ce qui concerne la m\u00e9thode utilis\u00e9e dans la collection Coccinelle ( ed. Hatier) vous seront envoy\u00e9es apr\u00e8s inscription.<\/p>\n<hr \/>\n<p><strong>Quoi ?<\/strong><br \/>\nL\u2019Alliance Fran\u00e7aise Kennemerland (Haarlem) propose un cours de fran\u00e7ais destin\u00e9 aux enfants francophones \u00e2g\u00e9s de 7 \u00e0 12 ans, r\u00e9sidant aux Pays-Bas. Une condition importante pour y participer est de savoir lire et \u00e9crire en fran\u00e7ais.<\/p>\n<p>Les profils des \u00e9l\u00e8ves sont vari\u00e9s : certains ont un ou deux parents francophones, d\u2019autres ont v\u00e9cu une partie de leur vie en France.<\/p>\n<p><strong>Pourquoi ?<\/strong><br \/>\nIl est \u00e9vident que parler fran\u00e7ais \u00e0 la maison ne suffit pas suffit pas pour bien ma\u00eetriser la langue \u00e0 l\u2019\u00e9crit et \u00e0 l\u2019oral. Pour relever ce d\u00e9fi, l\u2019Alliance Fran\u00e7aise Kennemerland a mis en place un cours qui combine des approches issues du Fran\u00e7ais Langue \u00c9trang\u00e8re (FLE), du Fran\u00e7ais Langue d\u2019H\u00e9ritage (FLH) et du Fran\u00e7ais Langue Maternelle (FLM).<\/p>\n<p><strong>Quand et o\u00f9 ?<\/strong><br \/>\nLes cours d\u00e9butent en septembre, peu apr\u00e8s la rentr\u00e9e des classes, et se terminent fin juin, juste avant le d\u00e9but des vacances d\u2019\u00e9t\u00e9. Il n\u2019y a pas de cours pendant les vacances scolaires. Cela repr\u00e9sente un total de 33 cours.<br \/>\nLes cours ont lieu \u00e0 Haarlem Nord (Verhalenhuis).<\/p>\n<p><strong>Qui ?<\/strong><br \/>\nLes cours sont assur\u00e9s par Leila Verlinde:\u00a0 &#8220;Je suis fran\u00e7aise et je me suis install\u00e9e aux Pays-Bas en 2018 avec ma famille. \u00c7a a \u00e9t\u00e9 l&#8217;occasion pour moi de trouver une nouvelle activit\u00e9 professionnelle apr\u00e8s avoir travaill\u00e9 plus de 15 ans dans le domaine du social. L&#8217;opportunit\u00e9 d&#8217;enseigner le fran\u00e7ais comme langue \u00e9trang\u00e8re s\u2019est pr\u00e9sent\u00e9e.\u00a0 J\u2019ai suivi une formation et obtenu le DAEFLE, ce qui me permet d\u2019enseigner.\u00a0Accompagner enfants, adolescents et adultes dans leur apprentissage du fran\u00e7ais est un vrai plaisir et j\u2019aime le partager\u2026&#8221;<\/p>\n<p><strong>Les groupes<\/strong><br \/>\nLe profil de chaque enfant est diff\u00e9rent, c\u2019est pourquoi nous proposons des parcours diff\u00e9renci\u00e9s en fonction du niveau de l\u2019enfant. Les groupes sont petits, avec un maximum de 10 \u00e9l\u00e8ves par groupe. Actuellement, quatre\u00a0groupes sont propos\u00e9s, couvrant les quatre premiers niveaux.<br \/>\nLes niveaux offerts d\u00e9pendent des inscriptions, un nombre de 5 \u00e9l\u00e8ves permet de former un groupe. En cas de forte demande, des cours suppl\u00e9mentaires pourront \u00eatre ajout\u00e9s afin de diversifier le nombre de niveaux.<\/p>\n<p><strong><a href=\"https:\/\/www.alliance-francaise.nl\/kennemerland\/product\/priveles\/\">Le\u00e7ons particuli\u00e8res vous trouvez ici<\/a><\/strong>.<\/p>\n<p><a name=\"Les niveaux\"><\/a><\/p>\n<p>&nbsp;<\/p>\n<p><strong>Les niveaux<\/strong><\/p>\n<p>Le <strong>Groupe Pitchounes<\/strong>: Au cours de cette s\u00e9rie de 33 le\u00e7ons, nous mettrons l&#8217;accent sur le maintien et la consolidation des comp\u00e9tences orales. Cependant, <strong>les enfants doivent \u00eatre capable de lire<\/strong> (en cas de doute, <a href=\"mailto:cursus.kennemerland@afpb.nl\">contactez le coordinateur du cours<\/a>). La ma\u00eetrise et l&#8217;enrichissement du vocabulaire occupent une place centrale, principalement \u00e0 travers l&#8217;utilisation d&#8217;images et d&#8217;activit\u00e9s ludiques. Les th\u00e8mes abord\u00e9s sont vari\u00e9s, allant du monde m\u00e9di\u00e9val \u00e0 la vie marine en passant par les dinosaures, ce qui correspond \u00e0 l&#8217;\u00e9quivalent de l&#8217;enseignement de la mati\u00e8re \u201c\u00e9veil au monde\u201d de la maternelle en France, tout en int\u00e9grant fr\u00e9quemment des \u00e9l\u00e9ments li\u00e9s \u00e0 la langue. Une premi\u00e8re initiation \u00e0 l&#8217;\u00e9crit et \u00e0 la grammaire (par exemple, la distinction entre masculin et f\u00e9minin) sera propos\u00e9e \u00e0 partir de la deuxi\u00e8me moiti\u00e9 de l\u2019ann\u00e9e. Aucun devoir n&#8217;est pr\u00e9vu pour ce groupe, \u00e0 l&#8217;exception de la lecture et du visionnage de films en fran\u00e7ais.<\/p>\n<p>Au <strong>niveau 2<\/strong>, les enfants continuent l\u2019acquisition de la lecture et de l\u2019\u00e9criture des sons complexes. Progressivement, la grammaire et l\u2019orthographe prennent de plus en plus d&#8217;importance. Les bases de la conjugaison et de l\u2019orthographe leur seront \u00e9galement enseign\u00e9es.<\/p>\n<p>Au <strong>niveau 3<\/strong>, l\u2019enfant est d\u00e9j\u00e0 un lecteur autonome, bien que les mots complexes puissent encore poser probl\u00e8me. Ce niveau est marqu\u00e9 par un d\u00e9veloppement du vocabulaire et par la ma\u00eetrise progressive des r\u00e8gles de grammaire et d\u2019orthographe. Les temps de l\u2019indicatif et une partie importante des r\u00e8gles d\u2019orthographe seront notamment abord\u00e9s.<\/p>\n<p>Au <strong>niveau 4<\/strong>, le jeune comprend le sens g\u00e9n\u00e9ral de textes de deux ou trois paragraphes portant sur des activit\u00e9s ou des situations courantes. Il\u00a0comprend des contenus factuels, explicites et concrets formul\u00e9s dans des constructions syntaxiques simples. Il comprend un vocabulaire usuel. Un enrichissement du vocabulaire et un approfondissement\u00a0 des r\u00e8gles de grammaire et d\u2019orthographe sont offerts.<\/p>\n","protected":false},"excerpt":{"rendered":"<ul>\n<li>\u20ac 375,00 cours de 33 le\u00e7ons<\/li>\n<li>mat\u00e9riel de classe <strong>exclu<\/strong><\/li>\n<\/ul>\n<p><strong>Horaires:<\/strong><\/p>\n<ul>\n<li>Mercredi 15.00-16.00 h\u00a0 \u00a0 \u00a0 \u00a0 Groupe Pitchounes, \u00e2ge 7-8 (les enfants doivent \u00eatre capable de lire)<\/li>\n<li>Mercredi 16.00-17.00 h\u00a0 \u00a0 \u00a0 \u00a0 Niveau 2, \u00e2ge 7-9<\/li>\n<li>Mercredi 17.00-18.00 h\u00a0 \u00a0 \u00a0 \u00a0 Niveau 3, \u00e2ge 8-11<\/li>\n<li>Mercredi 18.00-19.00 h\u00a0 \u00a0 \u00a0 \u00a0 Niveau 4, \u00e2ge 11+<\/li>\n<\/ul>\n<p><a href=\"#Les niveaux\"><strong>Vous trouverez la description des niveaux ci-dessous<\/strong><\/a><\/p>\n<p><strong>Date de d\u00e9but:<\/strong> 10 septembre (sauf vacances scolaires)<\/p>\n<p><strong>Lieu: <\/strong>Verhalenhuis Haarlem, van Egmondstraat 7, 2024 XL Haarlem<\/p>\n<p><strong>Professeur:<\/strong> Le\u00efla<\/p>\n<p><strong>Methode:<\/strong> Les informations d\u00e9taill\u00e9es en ce qui concerne la m\u00e9thode utilis\u00e9e dans la collection Coccinelle ( ed. Hatier) vous seront envoy\u00e9es apr\u00e8s inscription.<\/p>\n<p><strong>Extra: <\/strong>En inscrivant votre enfant vous faites partie du <a href=\"https:\/\/www.alliance-francaise.nl\/kennemerland\/word-amie\/\" target=\"_blank\" rel=\"noopener\">Cercle d&#8217;amis<\/a><\/p>\n<p>Possibilit\u00e9 de cl\u00f4turer l\u2019ann\u00e9e avec le DELF, \u00e9chelonn\u00e9 de A1 \u00e0 B2 selon le niveau de l\u2019\u00e9l\u00e8ve. Merci de pr\u00e9ciser en d\u00e9but d\u2019ann\u00e9e que vous souhaitez faire passer le DELF \u00e0 votre enfant.<\/p>\n<p><strong>Veuillez entrer l&#8217;\u00e2ge de l&#8217;enfant \u00e0 la caisse, dans le message \u00e0 la coordinatrice des cours.<\/strong><\/p>\n<p><strong><a href=\"https:\/\/www.alliance-francaise.nl\/kennemerland\/product\/priveles\/\">Le\u00e7ons particuli\u00e8res vous trouvez ici<\/a><\/strong>.<\/p>\n","protected":false},"featured_media":11434,"template":"","meta":[],"product_brand":[],"product_cat":[53],"product_tag":[],"giftcard-category":[],"class_list":{"0":"post-11425","1":"product","2":"type-product","3":"status-publish","4":"has-post-thumbnail","6":"product_cat-kinderen-jeugd","8":"first","9":"instock","10":"shipping-taxable","11":"purchasable","12":"product-type-variable"},"_links":{"self":[{"href":"https:\/\/www.alliance-francaise.nl\/kennemerland\/wp-json\/wp\/v2\/product\/11425","targetHints":{"allow":["GET"]}}],"collection":[{"href":"https:\/\/www.alliance-francaise.nl\/kennemerland\/wp-json\/wp\/v2\/product"}],"about":[{"href":"https:\/\/www.alliance-francaise.nl\/kennemerland\/wp-json\/wp\/v2\/types\/product"}],"wp:featuredmedia":[{"embeddable":true,"href":"https:\/\/www.alliance-francaise.nl\/kennemerland\/wp-json\/wp\/v2\/media\/11434"}],"wp:attachment":[{"href":"https:\/\/www.alliance-francaise.nl\/kennemerland\/wp-json\/wp\/v2\/media?parent=11425"}],"wp:term":[{"taxonomy":"product_brand","embeddable":true,"href":"https:\/\/www.alliance-francaise.nl\/kennemerland\/wp-json\/wp\/v2\/product_brand?post=11425"},{"taxonomy":"product_cat","embeddable":true,"href":"https:\/\/www.alliance-francaise.nl\/kennemerland\/wp-json\/wp\/v2\/product_cat?post=11425"},{"taxonomy":"product_tag","embeddable":true,"href":"https:\/\/www.alliance-francaise.nl\/kennemerland\/wp-json\/wp\/v2\/product_tag?post=11425"},{"taxonomy":"giftcard-category","embeddable":true,"href":"https:\/\/www.alliance-francaise.nl\/kennemerland\/wp-json\/wp\/v2\/giftcard-category?post=11425"}],"curies":[{"name":"wp","href":"https:\/\/api.w.org\/{rel}","templated":true}]}}