{"id":153,"date":"2019-12-04T15:08:49","date_gmt":"2019-12-04T14:08:49","guid":{"rendered":"https:\/\/www.alliance-francaise.nl\/2020\/kennemerland\/?page_id=153"},"modified":"2026-03-30T17:36:32","modified_gmt":"2026-03-30T15:36:32","slug":"wereldwijde-organisatie","status":"publish","type":"page","link":"https:\/\/www.alliance-francaise.nl\/kennemerland\/bienvenue-welkom-2\/wereldwijde-organisatie\/","title":{"rendered":"Wat is de Alliance Fran\u00e7aise?"},"content":{"rendered":"\t\t<div data-elementor-type=\"wp-page\" data-elementor-id=\"153\" class=\"elementor elementor-153\" data-elementor-post-type=\"page\">\n\t\t\t\t\t\t<section class=\"elementor-section elementor-top-section elementor-element elementor-element-57ca1eaf elementor-section-boxed elementor-section-height-default elementor-section-height-default\" data-id=\"57ca1eaf\" data-element_type=\"section\" data-e-type=\"section\" data-settings=\"{&quot;background_background&quot;:&quot;classic&quot;}\">\n\t\t\t\t\t\t<div class=\"elementor-container elementor-column-gap-default\">\n\t\t\t\t\t<div class=\"elementor-column elementor-col-100 elementor-top-column elementor-element elementor-element-73690b8c\" data-id=\"73690b8c\" data-element_type=\"column\" data-e-type=\"column\">\n\t\t\t<div class=\"elementor-widget-wrap\">\n\t\t\t\t\t\t\t<\/div>\n\t\t<\/div>\n\t\t\t\t\t<\/div>\n\t\t<\/section>\n\t\t\t\t<section class=\"elementor-section elementor-top-section elementor-element elementor-element-7c0c2177 elementor-section-boxed elementor-section-height-default elementor-section-height-default\" data-id=\"7c0c2177\" data-element_type=\"section\" data-e-type=\"section\">\n\t\t\t\t\t\t<div class=\"elementor-container elementor-column-gap-default\">\n\t\t\t\t\t<div class=\"elementor-column elementor-col-100 elementor-top-column elementor-element elementor-element-7320490d\" data-id=\"7320490d\" data-element_type=\"column\" data-e-type=\"column\" data-settings=\"{&quot;background_background&quot;:&quot;classic&quot;}\">\n\t\t\t<div class=\"elementor-widget-wrap elementor-element-populated\">\n\t\t\t\t\t<div class=\"elementor-background-overlay\"><\/div>\n\t\t\t\t\t\t<div class=\"elementor-element elementor-element-1c6f0b3 elementor-widget-mobile__width-initial elementor-widget elementor-widget-heading\" data-id=\"1c6f0b3\" data-element_type=\"widget\" data-e-type=\"widget\" data-widget_type=\"heading.default\">\n\t\t\t\t<div class=\"elementor-widget-container\">\n\t\t\t\t\t<h1 class=\"elementor-heading-title elementor-size-default\">Wat is de Alliance Fran\u00e7aise?<\/h1>\t\t\t\t<\/div>\n\t\t\t\t<\/div>\n\t\t\t\t\t<\/div>\n\t\t<\/div>\n\t\t\t\t\t<\/div>\n\t\t<\/section>\n\t\t\t\t<section class=\"elementor-section elementor-top-section elementor-element elementor-element-c2255df elementor-section-boxed elementor-section-height-default elementor-section-height-default\" data-id=\"c2255df\" data-element_type=\"section\" data-e-type=\"section\">\n\t\t\t\t\t\t<div class=\"elementor-container elementor-column-gap-default\">\n\t\t\t\t\t<div class=\"elementor-column elementor-col-100 elementor-top-column elementor-element elementor-element-56653a8\" data-id=\"56653a8\" data-element_type=\"column\" data-e-type=\"column\">\n\t\t\t<div class=\"elementor-widget-wrap elementor-element-populated\">\n\t\t\t\t\t\t<div class=\"elementor-element elementor-element-0f97e3c elementor-widget elementor-widget-spacer\" data-id=\"0f97e3c\" data-element_type=\"widget\" data-e-type=\"widget\" data-widget_type=\"spacer.default\">\n\t\t\t\t<div class=\"elementor-widget-container\">\n\t\t\t\t\t\t\t<div class=\"elementor-spacer\">\n\t\t\t<div class=\"elementor-spacer-inner\"><\/div>\n\t\t<\/div>\n\t\t\t\t\t\t<\/div>\n\t\t\t\t<\/div>\n\t\t\t\t<div class=\"elementor-element elementor-element-13d5825 elementor-testimonial--skin-default elementor-testimonial--layout-image_inline elementor-testimonial--align-center elementor-arrows-yes elementor-pagination-type-bullets elementor-widget elementor-widget-testimonial-carousel\" data-id=\"13d5825\" data-element_type=\"widget\" data-e-type=\"widget\" data-settings=\"{&quot;show_arrows&quot;:&quot;yes&quot;,&quot;pagination&quot;:&quot;bullets&quot;,&quot;speed&quot;:500,&quot;autoplay&quot;:&quot;yes&quot;,&quot;autoplay_speed&quot;:5000,&quot;loop&quot;:&quot;yes&quot;,&quot;pause_on_hover&quot;:&quot;yes&quot;,&quot;pause_on_interaction&quot;:&quot;yes&quot;,&quot;space_between&quot;:{&quot;unit&quot;:&quot;px&quot;,&quot;size&quot;:10,&quot;sizes&quot;:[]},&quot;space_between_tablet&quot;:{&quot;unit&quot;:&quot;px&quot;,&quot;size&quot;:10,&quot;sizes&quot;:[]},&quot;space_between_mobile&quot;:{&quot;unit&quot;:&quot;px&quot;,&quot;size&quot;:10,&quot;sizes&quot;:[]}}\" data-widget_type=\"testimonial-carousel.default\">\n\t\t\t\t<div class=\"elementor-widget-container\">\n\t\t\t\t\t\t\t\t\t<div class=\"elementor-swiper\">\n\t\t\t\t\t<div class=\"elementor-main-swiper swiper\" role=\"region\" aria-roledescription=\"carousel\" aria-label=\"Slides\">\n\t\t\t\t<div class=\"swiper-wrapper\">\n\t\t\t\t\t\t\t\t\t\t\t<div class=\"swiper-slide\" role=\"group\" aria-roledescription=\"slide\">\n\t\t\t\t\t\t\t\t\t<div class=\"elementor-testimonial\">\n\t\t\t\t\t\t\t<div class=\"elementor-testimonial__content\">\n\t\t\t\t\t<div class=\"elementor-testimonial__text\">\n\t\t\t\t\t\tAls je met iemand spreekt in een taal die hij begrijpt, bereikt jouw boodschap zijn hoofd. Als je met iemand in z\u2019n moedertaal spreekt, bereikt jouw boodschap zijn hart.\u201d\t\t\t\t\t<\/div>\n\t\t\t\t\t\t\t\t\t<\/div>\n\t\t\t\t\t\t<div class=\"elementor-testimonial__footer\">\n\t\t\t\t\t\t\t\t\t<div class=\"elementor-testimonial__image\">\n\t\t\t\t\t\t<img decoding=\"async\" src=\"https:\/\/www.alliance-francaise.nl\/kennemerland\/wp-content\/uploads\/sites\/29\/2025\/02\/Nelson_Mandela-2008_edit_cropped.jpg\" alt=\"Nelson Mandela\">\n\t\t\t\t\t\t\t\t\t\t\t<\/div>\n\t\t\t\t\t\t\t\t<cite class=\"elementor-testimonial__cite\"><span class=\"elementor-testimonial__name\">Nelson Mandela<\/span><span class=\"elementor-testimonial__title\">politicus en anti-apartheidsstrijder 1918-2013<\/span><\/cite>\t\t\t<\/div>\n\t\t<\/div>\n\t\t\t\t\t\t\t\t<\/div>\n\t\t\t\t\t\t\t\t\t<\/div>\n\t\t\t\t\t\t\t<\/div>\n\t\t\t\t<\/div>\n\t\t\t\t\t\t\t\t<\/div>\n\t\t\t\t<\/div>\n\t\t\t\t<div class=\"elementor-element elementor-element-23d2a02 elementor-widget elementor-widget-text-editor\" data-id=\"23d2a02\" data-element_type=\"widget\" data-e-type=\"widget\" data-widget_type=\"text-editor.default\">\n\t\t\t\t<div class=\"elementor-widget-container\">\n\t\t\t\t\t\t\t\t\t<p>De Alliance Fran\u00e7aise is een wereldwijde organisatie en valt onder het Franse ministerie van Cultuur. In 1883 werd in Parijs de Alliance Fran\u00e7aise opgericht door Paul Camcon. Meteen meldden zich geleerden, schrijvers en diplomaten aan als lid, waaronder Ferdinand de Lesseps, Louis Pasteur en Jules Verne. De doelstelling is sinds de oprichting het verbreiden van de Franse taal en cultuur.<\/p><p>Toen de Alliance Fran\u00e7aise werd opgericht, sprak men in een groot deel van Europa Frans, vooral aan het hof en binnen de adel. Kort daarna schafte koningin Emma in Nederland het Frans als hoftaal af.<\/p><p>Vanuit de missie om de Franse taal en cultuur te bevorderen, zijn wereldwijd afdelingen opgericht. In Nederland ontstond in 1888 de Alliance Fran\u00e7aise des Pays-Bas. Ons land telt 34 afdelingen, waarbij meer dan 10.000 mensen zijn aangesloten. In 1973 heeft de stichting Alliance Fran\u00e7aise Kennemerland haar deuren geopend.<\/p><p>Tegenwoordig is de Alliance Fran\u00e7aise des Pays-Bas een nationaal netwerk. Het pedagogisch plan is gericht op de specifieke kenmerken van Nederland en het Nederlandse publiek. Er zijn circa 7.000 cursisten die Frans studeren op allerlei niveaus, begeleid door 250 gekwalificeerde docenten.<\/p><p>Het Frans is in 29 landen een offici\u00eble taal en na het Engels de meest geleerde taal ter wereld. Ongeveer 300 miljoen mensen spreken Frans, wat betekent dat je met 1 op de 25 mensen op de wereld rechtstreeks kunt communiceren. Frans is bovendien de procedurele taal van de Europese Unie, wordt gebruikt bij het Europese Hof van Justitie en is een van de werktalen van de Verenigde Naties.<\/p>\t\t\t\t\t\t\t\t<\/div>\n\t\t\t\t<\/div>\n\t\t\t\t<div class=\"elementor-element elementor-element-302587e elementor-testimonial--skin-default elementor-testimonial--layout-image_inline elementor-testimonial--align-center elementor-arrows-yes elementor-pagination-type-bullets elementor-widget elementor-widget-testimonial-carousel\" data-id=\"302587e\" data-element_type=\"widget\" data-e-type=\"widget\" data-settings=\"{&quot;show_arrows&quot;:&quot;yes&quot;,&quot;pagination&quot;:&quot;bullets&quot;,&quot;speed&quot;:500,&quot;autoplay&quot;:&quot;yes&quot;,&quot;autoplay_speed&quot;:5000,&quot;loop&quot;:&quot;yes&quot;,&quot;pause_on_hover&quot;:&quot;yes&quot;,&quot;pause_on_interaction&quot;:&quot;yes&quot;,&quot;space_between&quot;:{&quot;unit&quot;:&quot;px&quot;,&quot;size&quot;:10,&quot;sizes&quot;:[]},&quot;space_between_tablet&quot;:{&quot;unit&quot;:&quot;px&quot;,&quot;size&quot;:10,&quot;sizes&quot;:[]},&quot;space_between_mobile&quot;:{&quot;unit&quot;:&quot;px&quot;,&quot;size&quot;:10,&quot;sizes&quot;:[]}}\" data-widget_type=\"testimonial-carousel.default\">\n\t\t\t\t<div class=\"elementor-widget-container\">\n\t\t\t\t\t\t\t\t\t<div class=\"elementor-swiper\">\n\t\t\t\t\t<div class=\"elementor-main-swiper swiper\" role=\"region\" aria-roledescription=\"carousel\" aria-label=\"Slides\">\n\t\t\t\t<div class=\"swiper-wrapper\">\n\t\t\t\t\t\t\t\t\t\t\t<div class=\"swiper-slide\" role=\"group\" aria-roledescription=\"slide\">\n\t\t\t\t\t\t\t\t\t<div class=\"elementor-testimonial\">\n\t\t\t\t\t\t\t<div class=\"elementor-testimonial__content\">\n\t\t\t\t\t<div class=\"elementor-testimonial__text\">\n\t\t\t\t\t\tDe deuren in vakantieland Frankrijk gaan open als je de taal spreekt. Het begrijpen van Franse chansons, het lezen van Franse literatuur, het volgen van Franse films en natuurlijk weten wat je in een restaurant bestelt\u2014dan waan je je als God in Frankrijk.\t\t\t\t\t<\/div>\n\t\t\t\t\t\t\t\t\t<\/div>\n\t\t\t\t\t\t<div class=\"elementor-testimonial__footer\">\n\t\t\t\t\t\t\t\t\t<div class=\"elementor-testimonial__image\">\n\t\t\t\t\t\t<img decoding=\"async\" src=\"https:\/\/www.alliance-francaise.nl\/kennemerland\/wp-content\/uploads\/sites\/29\/2025\/02\/logo3-scaled.jpg\" alt=\"Christine van Meer-Waller\">\n\t\t\t\t\t\t\t\t\t\t\t<\/div>\n\t\t\t\t\t\t\t\t<cite class=\"elementor-testimonial__cite\"><span class=\"elementor-testimonial__name\">Christine van Meer-Waller<\/span><span class=\"elementor-testimonial__title\">presidente Alliance Fran\u00e7aise Kennemerland<\/span><\/cite>\t\t\t<\/div>\n\t\t<\/div>\n\t\t\t\t\t\t\t\t<\/div>\n\t\t\t\t\t\t\t\t\t<\/div>\n\t\t\t\t\t\t\t<\/div>\n\t\t\t\t<\/div>\n\t\t\t\t\t\t\t\t<\/div>\n\t\t\t\t<\/div>\n\t\t\t\t<div class=\"elementor-element elementor-element-d236086 elementor-widget-divider--view-line elementor-widget elementor-widget-divider\" data-id=\"d236086\" data-element_type=\"widget\" data-e-type=\"widget\" data-widget_type=\"divider.default\">\n\t\t\t\t<div class=\"elementor-widget-container\">\n\t\t\t\t\t\t\t<div class=\"elementor-divider\">\n\t\t\t<span class=\"elementor-divider-separator\">\n\t\t\t\t\t\t<\/span>\n\t\t<\/div>\n\t\t\t\t\t\t<\/div>\n\t\t\t\t<\/div>\n\t\t\t\t\t<\/div>\n\t\t<\/div>\n\t\t\t\t\t<\/div>\n\t\t<\/section>\n\t\t\t\t<section class=\"elementor-section elementor-top-section elementor-element elementor-element-dabc466 elementor-section-boxed elementor-section-height-default elementor-section-height-default\" data-id=\"dabc466\" data-element_type=\"section\" data-e-type=\"section\" data-settings=\"{&quot;background_background&quot;:&quot;classic&quot;}\">\n\t\t\t\t\t\t<div class=\"elementor-container elementor-column-gap-default\">\n\t\t\t\t\t<div class=\"elementor-column elementor-col-100 elementor-top-column elementor-element elementor-element-26a22f7\" data-id=\"26a22f7\" data-element_type=\"column\" data-e-type=\"column\">\n\t\t\t<div class=\"elementor-widget-wrap elementor-element-populated\">\n\t\t\t\t\t\t<div class=\"elementor-element elementor-element-f6b041c elementor-widget elementor-widget-heading\" data-id=\"f6b041c\" data-element_type=\"widget\" data-e-type=\"widget\" data-widget_type=\"heading.default\">\n\t\t\t\t<div class=\"elementor-widget-container\">\n\t\t\t\t\t<h2 class=\"elementor-heading-title elementor-size-default\">Documentaire: Les Alliances Fran\u00e7aises<\/h2>\t\t\t\t<\/div>\n\t\t\t\t<\/div>\n\t\t\t\t<div class=\"elementor-element elementor-element-7d52b0b elementor-widget elementor-widget-text-editor\" data-id=\"7d52b0b\" data-element_type=\"widget\" data-e-type=\"widget\" data-widget_type=\"text-editor.default\">\n\t\t\t\t<div class=\"elementor-widget-container\">\n\t\t\t\t\t\t\t\t\t<p>In 2022 maakte Antoine Rivi\u00e8re een documentaire voor TV5. In deze documentaire worden vrouwen en mannen over de hele wereld gevold die de Franse taal en cultuur promoten.<\/p><p><em>De Paris \u00e0 Pondich\u00e9ry, en passant par Rio, Buenos Aires ou Tsiroanomandidy, rencontre avec des femmes et des hommes qui font rayonner la langue fran\u00e7aise et la culture francophone \u00e0 travers le monde. Avec les t\u00e9moignages d&#8217;Irina Bokova, Bernard Cerquiglini, Laurent Fabius, Julia Kristeva, Erik Orsenna, Sebasti\u00e3o Salgado&#8230; R\u00e9alisation : Antoine Rivi\u00e8re (France, 2022)<\/em><\/p>\t\t\t\t\t\t\t\t<\/div>\n\t\t\t\t<\/div>\n\t\t\t\t<div class=\"elementor-element elementor-element-92b7323 elementor-align-left elementor-widget elementor-widget-button\" data-id=\"92b7323\" data-element_type=\"widget\" data-e-type=\"widget\" data-widget_type=\"button.default\">\n\t\t\t\t<div class=\"elementor-widget-container\">\n\t\t\t\t\t\t\t\t\t<div class=\"elementor-button-wrapper\">\n\t\t\t\t\t<a class=\"elementor-button elementor-button-link elementor-size-sm\" href=\"https:\/\/revoir.tv5monde.com\/toutes-les-videos\/documentaires\/alliance-s-francaise-s-les-alliances-francaises\" target=\"_blank\">\n\t\t\t\t\t\t<span class=\"elementor-button-content-wrapper\">\n\t\t\t\t\t\t\t\t\t<span class=\"elementor-button-text\">Naar de documentaire op TV5 Monde<\/span>\n\t\t\t\t\t<\/span>\n\t\t\t\t\t<\/a>\n\t\t\t\t<\/div>\n\t\t\t\t\t\t\t\t<\/div>\n\t\t\t\t<\/div>\n\t\t\t\t<div class=\"elementor-element elementor-element-2faa41f elementor-widget-divider--view-line elementor-widget elementor-widget-divider\" data-id=\"2faa41f\" data-element_type=\"widget\" data-e-type=\"widget\" data-widget_type=\"divider.default\">\n\t\t\t\t<div class=\"elementor-widget-container\">\n\t\t\t\t\t\t\t<div class=\"elementor-divider\">\n\t\t\t<span class=\"elementor-divider-separator\">\n\t\t\t\t\t\t<\/span>\n\t\t<\/div>\n\t\t\t\t\t\t<\/div>\n\t\t\t\t<\/div>\n\t\t\t\t\t<\/div>\n\t\t<\/div>\n\t\t\t\t\t<\/div>\n\t\t<\/section>\n\t\t\t\t<section class=\"elementor-section elementor-top-section elementor-element elementor-element-a77ec95 elementor-section-boxed elementor-section-height-default elementor-section-height-default\" data-id=\"a77ec95\" data-element_type=\"section\" data-e-type=\"section\">\n\t\t\t\t\t\t<div class=\"elementor-container elementor-column-gap-default\">\n\t\t\t\t\t<div class=\"elementor-column elementor-col-100 elementor-top-column elementor-element elementor-element-1d8717e\" data-id=\"1d8717e\" data-element_type=\"column\" data-e-type=\"column\">\n\t\t\t<div class=\"elementor-widget-wrap\">\n\t\t\t\t\t\t\t<\/div>\n\t\t<\/div>\n\t\t\t\t\t<\/div>\n\t\t<\/section>\n\t\t\t\t<section class=\"elementor-section elementor-top-section elementor-element elementor-element-21ab3f7 elementor-section-boxed elementor-section-height-default elementor-section-height-default\" data-id=\"21ab3f7\" data-element_type=\"section\" data-e-type=\"section\">\n\t\t\t\t\t\t<div class=\"elementor-container elementor-column-gap-default\">\n\t\t\t\t\t<div class=\"elementor-column elementor-col-100 elementor-top-column elementor-element elementor-element-9800a84\" data-id=\"9800a84\" data-element_type=\"column\" data-e-type=\"column\">\n\t\t\t<div class=\"elementor-widget-wrap elementor-element-populated\">\n\t\t\t\t\t\t<div class=\"elementor-element elementor-element-1c57c40 elementor-widget elementor-widget-heading\" data-id=\"1c57c40\" data-element_type=\"widget\" data-e-type=\"widget\" data-widget_type=\"heading.default\">\n\t\t\t\t<div class=\"elementor-widget-container\">\n\t\t\t\t\t<h2 class=\"elementor-heading-title elementor-size-default\"><a href=\"https:\/\/www.fondation-alliancefr.org\/\">Fondation des Alliances Fran\u00e7aises<\/a><\/h2>\t\t\t\t<\/div>\n\t\t\t\t<\/div>\n\t\t\t\t<div class=\"elementor-element elementor-element-c0c52af elementor-widget elementor-widget-text-editor\" data-id=\"c0c52af\" data-element_type=\"widget\" data-e-type=\"widget\" data-widget_type=\"text-editor.default\">\n\t\t\t\t<div class=\"elementor-widget-container\">\n\t\t\t\t\t\t\t\t\t<p>Wilt u meer weten over de wereldwijde organisatie van Alliance Fran\u00e7aise?\u00a0Kijk dan op de <a href=\"https:\/\/www.fondation-alliancefr.org\/\">website<\/a> van la Fondation des Alliances Fran\u00e7aises.\u00a0<\/p>\t\t\t\t\t\t\t\t<\/div>\n\t\t\t\t<\/div>\n\t\t\t\t<div class=\"elementor-element elementor-element-4e0b85a elementor-widget elementor-widget-image\" data-id=\"4e0b85a\" data-element_type=\"widget\" data-e-type=\"widget\" data-widget_type=\"image.default\">\n\t\t\t\t<div class=\"elementor-widget-container\">\n\t\t\t\t\t\t\t\t\t\t\t\t\t\t\t\t<a href=\"https:\/\/www.alliance-francaise.nl\/kennemerland\/wp-content\/uploads\/sites\/29\/2025\/11\/Fondation-AF-2024.pdf\">\n\t\t\t\t\t\t\t<img fetchpriority=\"high\" decoding=\"async\" width=\"768\" height=\"531\" src=\"https:\/\/www.alliance-francaise.nl\/kennemerland\/wp-content\/uploads\/sites\/29\/2025\/11\/Fondation-AF-2024-1-768x531.jpg\" class=\"attachment-medium_large size-medium_large wp-image-12535\" alt=\"\" srcset=\"https:\/\/www.alliance-francaise.nl\/kennemerland\/wp-content\/uploads\/sites\/29\/2025\/11\/Fondation-AF-2024-1-768x531.jpg 768w, https:\/\/www.alliance-francaise.nl\/kennemerland\/wp-content\/uploads\/sites\/29\/2025\/11\/Fondation-AF-2024-1-300x207.jpg 300w, https:\/\/www.alliance-francaise.nl\/kennemerland\/wp-content\/uploads\/sites\/29\/2025\/11\/Fondation-AF-2024-1-1024x708.jpg 1024w, https:\/\/www.alliance-francaise.nl\/kennemerland\/wp-content\/uploads\/sites\/29\/2025\/11\/Fondation-AF-2024-1-1536x1061.jpg 1536w, https:\/\/www.alliance-francaise.nl\/kennemerland\/wp-content\/uploads\/sites\/29\/2025\/11\/Fondation-AF-2024-1-2048x1415.jpg 2048w, https:\/\/www.alliance-francaise.nl\/kennemerland\/wp-content\/uploads\/sites\/29\/2025\/11\/Fondation-AF-2024-1-1320x912.jpg 1320w, https:\/\/www.alliance-francaise.nl\/kennemerland\/wp-content\/uploads\/sites\/29\/2025\/11\/Fondation-AF-2024-1-600x415.jpg 600w\" sizes=\"(max-width: 768px) 100vw, 768px\" \/>\t\t\t\t\t\t\t\t<\/a>\n\t\t\t\t\t\t\t\t\t\t\t\t\t\t\t<\/div>\n\t\t\t\t<\/div>\n\t\t\t\t<div class=\"elementor-element elementor-element-e2de385 elementor-widget elementor-widget-image\" data-id=\"e2de385\" data-element_type=\"widget\" data-e-type=\"widget\" data-widget_type=\"image.default\">\n\t\t\t\t<div class=\"elementor-widget-container\">\n\t\t\t\t\t\t\t\t\t\t\t\t\t\t\t\t<a href=\"https:\/\/www.alliance-francaise.nl\/kennemerland\/wp-content\/uploads\/sites\/29\/2025\/11\/Fondation-AF-2024.pdf\">\n\t\t\t\t\t\t\t<img decoding=\"async\" width=\"768\" height=\"510\" src=\"https:\/\/www.alliance-francaise.nl\/kennemerland\/wp-content\/uploads\/sites\/29\/2025\/11\/Fondation-AF-2024-8-768x510.jpg\" class=\"attachment-medium_large size-medium_large wp-image-12536\" alt=\"\" srcset=\"https:\/\/www.alliance-francaise.nl\/kennemerland\/wp-content\/uploads\/sites\/29\/2025\/11\/Fondation-AF-2024-8-768x510.jpg 768w, https:\/\/www.alliance-francaise.nl\/kennemerland\/wp-content\/uploads\/sites\/29\/2025\/11\/Fondation-AF-2024-8-300x199.jpg 300w, https:\/\/www.alliance-francaise.nl\/kennemerland\/wp-content\/uploads\/sites\/29\/2025\/11\/Fondation-AF-2024-8-1024x681.jpg 1024w, https:\/\/www.alliance-francaise.nl\/kennemerland\/wp-content\/uploads\/sites\/29\/2025\/11\/Fondation-AF-2024-8-1536x1021.jpg 1536w, https:\/\/www.alliance-francaise.nl\/kennemerland\/wp-content\/uploads\/sites\/29\/2025\/11\/Fondation-AF-2024-8-2048x1361.jpg 2048w, https:\/\/www.alliance-francaise.nl\/kennemerland\/wp-content\/uploads\/sites\/29\/2025\/11\/Fondation-AF-2024-8-1320x877.jpg 1320w, https:\/\/www.alliance-francaise.nl\/kennemerland\/wp-content\/uploads\/sites\/29\/2025\/11\/Fondation-AF-2024-8-600x399.jpg 600w\" sizes=\"(max-width: 768px) 100vw, 768px\" \/>\t\t\t\t\t\t\t\t<\/a>\n\t\t\t\t\t\t\t\t\t\t\t\t\t\t\t<\/div>\n\t\t\t\t<\/div>\n\t\t\t\t<div class=\"elementor-element elementor-element-b12c078 elementor-widget elementor-widget-text-editor\" data-id=\"b12c078\" data-element_type=\"widget\" data-e-type=\"widget\" data-widget_type=\"text-editor.default\">\n\t\t\t\t<div class=\"elementor-widget-container\">\n\t\t\t\t\t\t\t\t\t<p style=\"text-align: center\"><em>Verantwoording afbeeldingen: Journal Data 2024 de la Fondation des Alliances Fran\u00e7aises<\/em><\/p>\t\t\t\t\t\t\t\t<\/div>\n\t\t\t\t<\/div>\n\t\t\t\t\t<\/div>\n\t\t<\/div>\n\t\t\t\t\t<\/div>\n\t\t<\/section>\n\t\t\t\t<\/div>\n\t\t","protected":false},"excerpt":{"rendered":"<p>Wat is de Alliance Fran\u00e7aise? Als je met iemand spreekt in een taal die hij begrijpt, bereikt jouw boodschap zijn hoofd. Als je met iemand in z\u2019n moedertaal spreekt, bereikt [&hellip;]<\/p>\n","protected":false},"author":1,"featured_media":0,"parent":11343,"menu_order":0,"comment_status":"closed","ping_status":"closed","template":"","meta":{"footnotes":""},"class_list":["post-153","page","type-page","status-publish","hentry"],"_links":{"self":[{"href":"https:\/\/www.alliance-francaise.nl\/kennemerland\/wp-json\/wp\/v2\/pages\/153","targetHints":{"allow":["GET"]}}],"collection":[{"href":"https:\/\/www.alliance-francaise.nl\/kennemerland\/wp-json\/wp\/v2\/pages"}],"about":[{"href":"https:\/\/www.alliance-francaise.nl\/kennemerland\/wp-json\/wp\/v2\/types\/page"}],"author":[{"embeddable":true,"href":"https:\/\/www.alliance-francaise.nl\/kennemerland\/wp-json\/wp\/v2\/users\/1"}],"replies":[{"embeddable":true,"href":"https:\/\/www.alliance-francaise.nl\/kennemerland\/wp-json\/wp\/v2\/comments?post=153"}],"version-history":[{"count":20,"href":"https:\/\/www.alliance-francaise.nl\/kennemerland\/wp-json\/wp\/v2\/pages\/153\/revisions"}],"predecessor-version":[{"id":12540,"href":"https:\/\/www.alliance-francaise.nl\/kennemerland\/wp-json\/wp\/v2\/pages\/153\/revisions\/12540"}],"up":[{"embeddable":true,"href":"https:\/\/www.alliance-francaise.nl\/kennemerland\/wp-json\/wp\/v2\/pages\/11343"}],"wp:attachment":[{"href":"https:\/\/www.alliance-francaise.nl\/kennemerland\/wp-json\/wp\/v2\/media?parent=153"}],"curies":[{"name":"wp","href":"https:\/\/api.w.org\/{rel}","templated":true}]}}