{"id":70,"date":"2019-11-15T13:16:35","date_gmt":"2019-11-15T13:16:35","guid":{"rendered":"https:\/\/www.alliance-francaise.nl\/2020\/gouda\/?page_id=70"},"modified":"2022-05-05T15:32:49","modified_gmt":"2022-05-05T15:32:49","slug":"wat-is-de-alliance-francaise","status":"publish","type":"page","link":"https:\/\/www.alliance-francaise.nl\/gouda\/wat-is-de-alliance-francaise\/","title":{"rendered":"Wat is de Alliance Fran\u00e7aise?"},"content":{"rendered":"\t\t<div data-elementor-type=\"wp-page\" data-elementor-id=\"70\" class=\"elementor elementor-70\" data-elementor-post-type=\"page\">\n\t\t\t\t\t\t<section class=\"elementor-section elementor-top-section elementor-element elementor-element-260d0510 elementor-section-boxed elementor-section-height-default elementor-section-height-default\" data-id=\"260d0510\" data-element_type=\"section\" data-e-type=\"section\" data-settings=\"{&quot;background_background&quot;:&quot;classic&quot;}\">\n\t\t\t\t\t\t<div class=\"elementor-container elementor-column-gap-default\">\n\t\t\t\t\t<div class=\"elementor-column elementor-col-100 elementor-top-column elementor-element elementor-element-57168965\" data-id=\"57168965\" data-element_type=\"column\" data-e-type=\"column\">\n\t\t\t<div class=\"elementor-widget-wrap\">\n\t\t\t\t\t\t\t<\/div>\n\t\t<\/div>\n\t\t\t\t\t<\/div>\n\t\t<\/section>\n\t\t\t\t<section class=\"elementor-section elementor-top-section elementor-element elementor-element-344323f2 elementor-section-boxed elementor-section-height-default elementor-section-height-default\" data-id=\"344323f2\" data-element_type=\"section\" data-e-type=\"section\">\n\t\t\t\t\t\t<div class=\"elementor-container elementor-column-gap-default\">\n\t\t\t\t\t<div class=\"elementor-column elementor-col-100 elementor-top-column elementor-element elementor-element-35115c18\" data-id=\"35115c18\" data-element_type=\"column\" data-e-type=\"column\" data-settings=\"{&quot;background_background&quot;:&quot;classic&quot;}\">\n\t\t\t<div class=\"elementor-widget-wrap elementor-element-populated\">\n\t\t\t\t\t<div class=\"elementor-background-overlay\"><\/div>\n\t\t\t\t\t\t<div class=\"elementor-element elementor-element-5e3f59f1 elementor-widget-mobile__width-initial elementor-widget elementor-widget-heading\" data-id=\"5e3f59f1\" data-element_type=\"widget\" data-e-type=\"widget\" data-widget_type=\"heading.default\">\n\t\t\t\t<div class=\"elementor-widget-container\">\n\t\t\t\t\t<h1 class=\"elementor-heading-title elementor-size-default\">Wat is de Alliance Fran\u00e7aise?<\/h1>\t\t\t\t<\/div>\n\t\t\t\t<\/div>\n\t\t\t\t\t<\/div>\n\t\t<\/div>\n\t\t\t\t\t<\/div>\n\t\t<\/section>\n\t\t\t\t<section class=\"elementor-section elementor-top-section elementor-element elementor-element-350dfa63 elementor-section-boxed elementor-section-height-default elementor-section-height-default\" data-id=\"350dfa63\" data-element_type=\"section\" data-e-type=\"section\">\n\t\t\t\t\t\t<div class=\"elementor-container elementor-column-gap-default\">\n\t\t\t\t\t<div class=\"elementor-column elementor-col-100 elementor-top-column elementor-element elementor-element-73125211\" data-id=\"73125211\" data-element_type=\"column\" data-e-type=\"column\">\n\t\t\t<div class=\"elementor-widget-wrap elementor-element-populated\">\n\t\t\t\t\t\t<div class=\"elementor-element elementor-element-4bcf0ccc elementor-widget elementor-widget-heading\" data-id=\"4bcf0ccc\" data-element_type=\"widget\" data-e-type=\"widget\" data-widget_type=\"heading.default\">\n\t\t\t\t<div class=\"elementor-widget-container\">\n\t\t\t\t\t<h2 class=\"elementor-heading-title elementor-size-default\">Het ontstaan van de Alliance Fran\u00e7aise<\/h2>\t\t\t\t<\/div>\n\t\t\t\t<\/div>\n\t\t\t\t\t<\/div>\n\t\t<\/div>\n\t\t\t\t\t<\/div>\n\t\t<\/section>\n\t\t\t\t<section class=\"elementor-section elementor-top-section elementor-element elementor-element-75df52ba elementor-section-boxed elementor-section-height-default elementor-section-height-default\" data-id=\"75df52ba\" data-element_type=\"section\" data-e-type=\"section\">\n\t\t\t\t\t\t<div class=\"elementor-container elementor-column-gap-default\">\n\t\t\t\t\t<div class=\"elementor-column elementor-col-100 elementor-top-column elementor-element elementor-element-4dbd2b38\" data-id=\"4dbd2b38\" data-element_type=\"column\" data-e-type=\"column\">\n\t\t\t<div class=\"elementor-widget-wrap elementor-element-populated\">\n\t\t\t\t\t\t<div class=\"elementor-element elementor-element-7c623f3b elementor-widget elementor-widget-text-editor\" data-id=\"7c623f3b\" data-element_type=\"widget\" data-e-type=\"widget\" data-widget_type=\"text-editor.default\">\n\t\t\t\t<div class=\"elementor-widget-container\">\n\t\t\t\t\t\t\t\t\t<p><strong>Opgericht in Parijs in de 19e eeuw<\/strong><\/p>\n<p>De Alliance Fran\u00e7aise werd in 1883 in Parijs opgericht door Paul Camcon. Al meteen na de oprichting meldden diverse geleerden, schrijvers en diplomaten &#8211; waaronder Ferdinand de Lesseps, Louis Pasteur en Jules Verne &#8211; zich aan als lid. De doelstelling van de Alliance Fran\u00e7aise was &#8211; en is nu nog steeds &#8211; het internationaal verspreiden van de Frans taal en cultuur. Vanuit deze gedacht zijn er door &#8216;vrienden van Frankrijk&#8217; in de gehele wereld vestigingen gesticht. De Alliance Fran\u00e7aise van Parijs is onderdeel van het Franse Ministerie van Cultuur.<\/p>\n<p><strong>Grootste culturele netwerk ter wereld<\/strong><\/p>\n<p>Momenteel is de Alliance Fran\u00e7aise het grootste georganiseerde culturele netwerk ter wereld met 832 vestigingen in 131 landen, van Frankrijk zelf tot Brazili\u00eb, India en Australi\u00eb. Ieder jaar volgen er 500.000 mensen van alle leeftijden lessen in de Franse taal en organiseren de Alliances samen wereldwijd meer dan 21.000 culturele activiteiten.<\/p>\t\t\t\t\t\t\t\t<\/div>\n\t\t\t\t<\/div>\n\t\t\t\t\t<\/div>\n\t\t<\/div>\n\t\t\t\t\t<\/div>\n\t\t<\/section>\n\t\t\t\t<section class=\"elementor-section elementor-top-section elementor-element elementor-element-2da2ceb elementor-section-boxed elementor-section-height-default elementor-section-height-default\" data-id=\"2da2ceb\" data-element_type=\"section\" data-e-type=\"section\">\n\t\t\t\t\t\t<div class=\"elementor-container elementor-column-gap-default\">\n\t\t\t\t\t<div class=\"elementor-column elementor-col-50 elementor-top-column elementor-element elementor-element-976ab3a\" data-id=\"976ab3a\" data-element_type=\"column\" data-e-type=\"column\">\n\t\t\t<div class=\"elementor-widget-wrap elementor-element-populated\">\n\t\t\t\t\t\t<div class=\"elementor-element elementor-element-6411300 elementor-widget elementor-widget-text-editor\" data-id=\"6411300\" data-element_type=\"widget\" data-e-type=\"widget\" data-widget_type=\"text-editor.default\">\n\t\t\t\t<div class=\"elementor-widget-container\">\n\t\t\t\t\t\t\t\t\t<p><strong>Alliance Fran\u00e7aise in Nederland<\/strong><\/p><p>Niet lang na het ontstaan van de Alliance Fran\u00e7aise in Frankrijk kwam de organisatie ook naar Nederland. In 1888 werd de &#8216;Alliance Fran\u00e7aise des Pays-Bas&#8217; opgericht. In ons land zijn er inmiddels 34 vestigingen, waarbij in totaal meer dan 10.000 mensen zijn betrokken! Ruim 250 docenten, die bijna allemaal Frans als moedertaal hebben, begeleiden gezamenlijk maar liefst 7.500 cursisten bij het leren van de taal.\u00a0<\/p><p>De Alliance Fran\u00e7aise telt daarnaast nog eens 2.500 leden \u00e9n beschikt over een groot netwerk aan vrijwilligers. Deze vrijwilligers ondersteunen de verschillende vestigingen op allerlei gebied en spannen zich in om ieder jaar weer een boeiend cultureel programma aan te kunnen bieden.\u00a0<\/p>\t\t\t\t\t\t\t\t<\/div>\n\t\t\t\t<\/div>\n\t\t\t\t\t<\/div>\n\t\t<\/div>\n\t\t\t\t<div class=\"elementor-column elementor-col-50 elementor-top-column elementor-element elementor-element-ab6ac76\" data-id=\"ab6ac76\" data-element_type=\"column\" data-e-type=\"column\">\n\t\t\t<div class=\"elementor-widget-wrap elementor-element-populated\">\n\t\t\t\t\t\t<div class=\"elementor-element elementor-element-dc7f48c elementor-widget elementor-widget-image\" data-id=\"dc7f48c\" data-element_type=\"widget\" data-e-type=\"widget\" data-widget_type=\"image.default\">\n\t\t\t\t<div class=\"elementor-widget-container\">\n\t\t\t\t\t\t\t\t\t\t\t\t\t\t\t<img fetchpriority=\"high\" decoding=\"async\" width=\"800\" height=\"804\" src=\"https:\/\/www.alliance-francaise.nl\/gouda\/wp-content\/uploads\/sites\/18\/2020\/03\/Kaart-AF.jpg\" class=\"attachment-large size-large wp-image-1000\" alt=\"\" srcset=\"https:\/\/www.alliance-francaise.nl\/gouda\/wp-content\/uploads\/sites\/18\/2020\/03\/Kaart-AF.jpg 898w, https:\/\/www.alliance-francaise.nl\/gouda\/wp-content\/uploads\/sites\/18\/2020\/03\/Kaart-AF-150x150.jpg 150w, https:\/\/www.alliance-francaise.nl\/gouda\/wp-content\/uploads\/sites\/18\/2020\/03\/Kaart-AF-768x771.jpg 768w, https:\/\/www.alliance-francaise.nl\/gouda\/wp-content\/uploads\/sites\/18\/2020\/03\/Kaart-AF-600x603.jpg 600w, https:\/\/www.alliance-francaise.nl\/gouda\/wp-content\/uploads\/sites\/18\/2020\/03\/Kaart-AF-100x100.jpg 100w\" sizes=\"(max-width: 800px) 100vw, 800px\" \/>\t\t\t\t\t\t\t\t\t\t\t\t\t\t\t<\/div>\n\t\t\t\t<\/div>\n\t\t\t\t\t<\/div>\n\t\t<\/div>\n\t\t\t\t\t<\/div>\n\t\t<\/section>\n\t\t\t\t<section class=\"elementor-section elementor-top-section elementor-element elementor-element-5e7823f elementor-section-boxed elementor-section-height-default elementor-section-height-default\" data-id=\"5e7823f\" data-element_type=\"section\" data-e-type=\"section\">\n\t\t\t\t\t\t<div class=\"elementor-container elementor-column-gap-default\">\n\t\t\t\t\t<div class=\"elementor-column elementor-col-100 elementor-top-column elementor-element elementor-element-d79b5cf\" data-id=\"d79b5cf\" data-element_type=\"column\" data-e-type=\"column\">\n\t\t\t<div class=\"elementor-widget-wrap elementor-element-populated\">\n\t\t\t\t\t\t<div class=\"elementor-element elementor-element-70076ce elementor-widget elementor-widget-text-editor\" data-id=\"70076ce\" data-element_type=\"widget\" data-e-type=\"widget\" data-widget_type=\"text-editor.default\">\n\t\t\t\t<div class=\"elementor-widget-container\">\n\t\t\t\t\t\t\t\t\t<p><strong>F\u00e9d\u00e9ration des Alliances Fran\u00e7aises aux Pays-Bas<\/strong><\/p><p>De 34 Alliances Fran\u00e7aises in Nederland vormen samen de F\u00e9d\u00e9ration des Alliances Fran\u00e7aises aux Pays-Bas. Vertegenwoordigers van de Nederlandse Alliances ontmoeten elkaar regelmatig om kennis en ervaring uit te wisselen. De belangrijkste bijeenkomst van alle vestigingen is de jaarlijkse &#8216;Assembl\u00e9e G\u00e9n\u00e9rale&#8217;. De F\u00e9d\u00e9ration heeft nauw contact met onder andere de <a href=\"https:\/\/nl.ambafrance.org\/Wat-is-de-Alliance-Francaise\" target=\"_blank\" rel=\"noopener\">Franse Ambassade<\/a>, het <a href=\"http:\/\/institutfrancais.nl\/nl\/institut-francais\/\" target=\"_blank\" rel=\"noopener\">Institut Fran\u00e7ais<\/a> en de <a href=\"https:\/\/www.fondation-alliancefr.org\/\" target=\"_blank\" rel=\"noopener\">Fondation Alliance Fran\u00e7aise<\/a> in Parijs op het gebied van didactiek, cultuur en bijscholing.<\/p>\t\t\t\t\t\t\t\t<\/div>\n\t\t\t\t<\/div>\n\t\t\t\t\t<\/div>\n\t\t<\/div>\n\t\t\t\t\t<\/div>\n\t\t<\/section>\n\t\t\t\t<section class=\"elementor-section elementor-top-section elementor-element elementor-element-644c0e5 elementor-section-boxed elementor-section-height-default elementor-section-height-default\" data-id=\"644c0e5\" data-element_type=\"section\" data-e-type=\"section\">\n\t\t\t\t\t\t<div class=\"elementor-container elementor-column-gap-default\">\n\t\t\t\t\t<div class=\"elementor-column elementor-col-50 elementor-top-column elementor-element elementor-element-9bb7b09\" data-id=\"9bb7b09\" data-element_type=\"column\" data-e-type=\"column\">\n\t\t\t<div class=\"elementor-widget-wrap elementor-element-populated\">\n\t\t\t\t\t\t<div class=\"elementor-element elementor-element-446556e elementor-widget elementor-widget-image\" data-id=\"446556e\" data-element_type=\"widget\" data-e-type=\"widget\" data-widget_type=\"image.default\">\n\t\t\t\t<div class=\"elementor-widget-container\">\n\t\t\t\t\t\t\t\t\t\t\t\t\t\t\t<img decoding=\"async\" width=\"275\" height=\"183\" src=\"https:\/\/www.alliance-francaise.nl\/gouda\/wp-content\/uploads\/sites\/18\/2020\/03\/Gouda-kaas.jpg\" class=\"attachment-medium_large size-medium_large wp-image-1146\" alt=\"\" \/>\t\t\t\t\t\t\t\t\t\t\t\t\t\t\t<\/div>\n\t\t\t\t<\/div>\n\t\t\t\t\t<\/div>\n\t\t<\/div>\n\t\t\t\t<div class=\"elementor-column elementor-col-50 elementor-top-column elementor-element elementor-element-adaccd0\" data-id=\"adaccd0\" data-element_type=\"column\" data-e-type=\"column\">\n\t\t\t<div class=\"elementor-widget-wrap elementor-element-populated\">\n\t\t\t\t\t\t<div class=\"elementor-element elementor-element-6563f7c elementor-widget elementor-widget-text-editor\" data-id=\"6563f7c\" data-element_type=\"widget\" data-e-type=\"widget\" data-widget_type=\"text-editor.default\">\n\t\t\t\t<div class=\"elementor-widget-container\">\n\t\t\t\t\t\t\t\t\t<p><strong>Alliance Fran\u00e7aise Gouda<\/strong><\/p><p>De Alliance Fran\u00e7aise Gouda bestaat al sinds 1955. Dat betekent dat we in 2020 ons 65-jarige jubileum hebben gevierd! De offici\u00eble naam van onze vestiging is Alliance Fran\u00e7aise Gouda &#8211; Alphen &#8211; Capelle. Later is ook Reeuwijk erbij gekomen. Al onze docenten komen uit Frankrijk en hebben dus Frans als moedertaal. Een <a href=\"https:\/\/www.alliance-francaise.nl\/gouda\/contact-en-informatie\/\" target=\"_blank\" rel=\"noopener\">vierkoppig bestuur<\/a> zorgt voor het dagelijkse reilen en zeilen binnen onze vestiging.<\/p>\t\t\t\t\t\t\t\t<\/div>\n\t\t\t\t<\/div>\n\t\t\t\t\t<\/div>\n\t\t<\/div>\n\t\t\t\t\t<\/div>\n\t\t<\/section>\n\t\t\t\t<section class=\"elementor-section elementor-top-section elementor-element elementor-element-176a048 elementor-section-boxed elementor-section-height-default elementor-section-height-default\" data-id=\"176a048\" data-element_type=\"section\" data-e-type=\"section\">\n\t\t\t\t\t\t<div class=\"elementor-container elementor-column-gap-default\">\n\t\t\t\t\t<div class=\"elementor-column elementor-col-50 elementor-top-column elementor-element elementor-element-bce65f2\" data-id=\"bce65f2\" data-element_type=\"column\" data-e-type=\"column\">\n\t\t\t<div class=\"elementor-widget-wrap elementor-element-populated\">\n\t\t\t\t\t\t<div class=\"elementor-element elementor-element-cc73bcb elementor-widget elementor-widget-text-editor\" data-id=\"cc73bcb\" data-element_type=\"widget\" data-e-type=\"widget\" data-widget_type=\"text-editor.default\">\n\t\t\t\t<div class=\"elementor-widget-container\">\n\t\t\t\t\t\t\t\t\t<p><b>Is Frans leren nog wel &#8216;cool&#8217;?<\/b><\/p><p>In Nederland was het Frans eeuwenlang de taal van de elite.\u00a0Dit kwam onder meer doordat Frankrijk een belangrijke rol speelde in de politiek. Denk maar aan Lodewijk XIV en Napoleon. Nederland was zelfs kortstondig onderdeel van Frankrijk, van 1810 tot 1813, en het Frans was in die periode de offici\u00eble taal van het land, naast het Nederlands (<em>bron: Wikipedia<\/em>). Het Nederlands kent zeer veel woorden die ontleend zijn aan het Frans en in het onderwijs werd het Frans als tweede taal tot ver in de 20e eeuw belangrijker beschouwd dan het Engels.<\/p><p>Inmiddels is de populariteit van het Frans sterk teruggelopen en is het op scholen lang niet overal meer een verplicht vak. Enerzijds heeft de taal nog altijd een elitair imago, anderzijds heeft het Frans flinke concurrentie van het Engels (en Spaans), dat inmiddels de rol van internationale voertaal heeft overgenomen. Ook de Fransen zelf spreken steeds beter Engels.\u00a0<\/p><p>Toch is het absoluut nog steeds de moeite waard om de Franse taal te leren. Niet alleen omdat het een mooie en zeer rijke taal is, maar ook omdat je door het leren van een vreemde taal pas \u00e9cht kennis maakt met de cultuur en de manier van leven van een land. Een land dat nog steeds onze derde <a href=\"https:\/\/www.franszelfsprekend.nl\/frans-zakelijk\/economisch-belang-van-talen\" target=\"_blank\" rel=\"noopener\">handelspartner<\/a> is.\u00a0 En vergeet ook niet dat de Franstalige gemeenschap wereldwijd zeer groot is. Denk alleen al aan Franstalig Afrika. Wat ons betreft is Frans leren dus nog steeds &#8216;<a href=\"https:\/\/www.socialevraagstukken.nl\/frans-in-nederland-cool-of-passe\/\" target=\"_blank\" rel=\"noopener\">cool<\/a>&#8216;!\u00a0<\/p>\t\t\t\t\t\t\t\t<\/div>\n\t\t\t\t<\/div>\n\t\t\t\t\t<\/div>\n\t\t<\/div>\n\t\t\t\t<div class=\"elementor-column elementor-col-50 elementor-top-column elementor-element elementor-element-9182f47\" data-id=\"9182f47\" data-element_type=\"column\" data-e-type=\"column\">\n\t\t\t<div class=\"elementor-widget-wrap elementor-element-populated\">\n\t\t\t\t\t\t<div class=\"elementor-element elementor-element-df5aa4a elementor-widget elementor-widget-image\" data-id=\"df5aa4a\" data-element_type=\"widget\" data-e-type=\"widget\" data-widget_type=\"image.default\">\n\t\t\t\t<div class=\"elementor-widget-container\">\n\t\t\t\t\t\t\t\t\t\t\t\t\t\t\t<img decoding=\"async\" width=\"708\" height=\"720\" src=\"https:\/\/www.alliance-francaise.nl\/gouda\/wp-content\/uploads\/sites\/18\/2020\/03\/france-1020956_960_720.jpg\" class=\"attachment-medium_large size-medium_large wp-image-1155\" alt=\"\" srcset=\"https:\/\/www.alliance-francaise.nl\/gouda\/wp-content\/uploads\/sites\/18\/2020\/03\/france-1020956_960_720.jpg 708w, https:\/\/www.alliance-francaise.nl\/gouda\/wp-content\/uploads\/sites\/18\/2020\/03\/france-1020956_960_720-295x300.jpg 295w, https:\/\/www.alliance-francaise.nl\/gouda\/wp-content\/uploads\/sites\/18\/2020\/03\/france-1020956_960_720-600x610.jpg 600w\" sizes=\"(max-width: 708px) 100vw, 708px\" \/>\t\t\t\t\t\t\t\t\t\t\t\t\t\t\t<\/div>\n\t\t\t\t<\/div>\n\t\t\t\t\t<\/div>\n\t\t<\/div>\n\t\t\t\t\t<\/div>\n\t\t<\/section>\n\t\t\t\t<section class=\"elementor-section elementor-top-section elementor-element elementor-element-163a8cbc elementor-section-boxed elementor-section-height-default elementor-section-height-default\" data-id=\"163a8cbc\" data-element_type=\"section\" data-e-type=\"section\" data-settings=\"{&quot;background_background&quot;:&quot;classic&quot;}\">\n\t\t\t\t\t\t<div class=\"elementor-container elementor-column-gap-default\">\n\t\t\t\t\t<div class=\"elementor-column elementor-col-100 elementor-top-column elementor-element elementor-element-4e87ab9a\" data-id=\"4e87ab9a\" data-element_type=\"column\" data-e-type=\"column\">\n\t\t\t<div class=\"elementor-widget-wrap elementor-element-populated\">\n\t\t\t\t\t\t<div class=\"elementor-element elementor-element-7bb59574 elementor-widget elementor-widget-heading\" data-id=\"7bb59574\" data-element_type=\"widget\" data-e-type=\"widget\" data-widget_type=\"heading.default\">\n\t\t\t\t<div class=\"elementor-widget-container\">\n\t\t\t\t\t<h2 class=\"elementor-heading-title elementor-size-default\">Vrijwilligerswerk voor de Alliance Fran\u00e7aise Gouda?<\/h2>\t\t\t\t<\/div>\n\t\t\t\t<\/div>\n\t\t\t\t\t<\/div>\n\t\t<\/div>\n\t\t\t\t\t<\/div>\n\t\t<\/section>\n\t\t\t\t<section class=\"elementor-section elementor-top-section elementor-element elementor-element-6e8c0bbb elementor-section-boxed elementor-section-height-default elementor-section-height-default\" data-id=\"6e8c0bbb\" data-element_type=\"section\" data-e-type=\"section\" data-settings=\"{&quot;background_background&quot;:&quot;classic&quot;}\">\n\t\t\t\t\t\t<div class=\"elementor-container elementor-column-gap-default\">\n\t\t\t\t\t<div class=\"elementor-column elementor-col-100 elementor-top-column elementor-element elementor-element-582d6e19\" data-id=\"582d6e19\" data-element_type=\"column\" data-e-type=\"column\">\n\t\t\t<div class=\"elementor-widget-wrap elementor-element-populated\">\n\t\t\t\t\t\t<div class=\"elementor-element elementor-element-6a3b614b elementor-widget elementor-widget-text-editor\" data-id=\"6a3b614b\" data-element_type=\"widget\" data-e-type=\"widget\" data-widget_type=\"text-editor.default\">\n\t\t\t\t<div class=\"elementor-widget-container\">\n\t\t\t\t\t\t\t\t\t<p>De Alliance Fran\u00e7aise Gouda is op zoek naar vrijwilligers die willen helpen bij de organisatie van alle activiteiten. Vind je het leuk om met Frankrijk en de Franse taal bezig te zijn en wil je graag actief een bijdrage leveren aan ons programma? Of heb je leuke suggesties en idee\u00ebn? Neem dan contact op met <a href=\"https:\/\/www.alliance-francaise.nl\/gouda\/contact-en-informatie\/\" target=\"_blank\" rel=\"noopener\">\u00e9\u00e9n van onze bestuursleden<\/a>.<\/p>\t\t\t\t\t\t\t\t<\/div>\n\t\t\t\t<\/div>\n\t\t\t\t\t<\/div>\n\t\t<\/div>\n\t\t\t\t\t<\/div>\n\t\t<\/section>\n\t\t\t\t<\/div>\n\t\t","protected":false},"excerpt":{"rendered":"<p>Wat is de Alliance Fran\u00e7aise? Het ontstaan van de Alliance Fran\u00e7aise Opgericht in Parijs in de 19e eeuw De Alliance Fran\u00e7aise werd in 1883 in Parijs opgericht door Paul Camcon. [&hellip;]<\/p>\n","protected":false},"author":1,"featured_media":0,"parent":0,"menu_order":0,"comment_status":"closed","ping_status":"closed","template":"elementor_header_footer","meta":{"footnotes":""},"class_list":["post-70","page","type-page","status-publish","hentry"],"_links":{"self":[{"href":"https:\/\/www.alliance-francaise.nl\/gouda\/wp-json\/wp\/v2\/pages\/70","targetHints":{"allow":["GET"]}}],"collection":[{"href":"https:\/\/www.alliance-francaise.nl\/gouda\/wp-json\/wp\/v2\/pages"}],"about":[{"href":"https:\/\/www.alliance-francaise.nl\/gouda\/wp-json\/wp\/v2\/types\/page"}],"author":[{"embeddable":true,"href":"https:\/\/www.alliance-francaise.nl\/gouda\/wp-json\/wp\/v2\/users\/1"}],"replies":[{"embeddable":true,"href":"https:\/\/www.alliance-francaise.nl\/gouda\/wp-json\/wp\/v2\/comments?post=70"}],"version-history":[{"count":0,"href":"https:\/\/www.alliance-francaise.nl\/gouda\/wp-json\/wp\/v2\/pages\/70\/revisions"}],"wp:attachment":[{"href":"https:\/\/www.alliance-francaise.nl\/gouda\/wp-json\/wp\/v2\/media?parent=70"}],"curies":[{"name":"wp","href":"https:\/\/api.w.org\/{rel}","templated":true}]}}