{"id":537,"date":"2020-02-17T17:25:58","date_gmt":"2020-02-17T17:25:58","guid":{"rendered":"https:\/\/www.alliance-francaise.nl\/2020\/gouda\/?page_id=537"},"modified":"2020-08-07T21:10:26","modified_gmt":"2020-08-07T21:10:26","slug":"culturetheque","status":"publish","type":"page","link":"https:\/\/www.alliance-francaise.nl\/gouda\/cultuur-en-agenda\/culturetheque\/","title":{"rendered":"Cultureth\u00e8que"},"content":{"rendered":"\t\t<div data-elementor-type=\"wp-page\" data-elementor-id=\"537\" class=\"elementor elementor-537\" data-elementor-post-type=\"page\">\n\t\t\t\t\t\t<section class=\"elementor-section elementor-top-section elementor-element elementor-element-788ad4a1 elementor-section-boxed elementor-section-height-default elementor-section-height-default\" data-id=\"788ad4a1\" data-element_type=\"section\" data-e-type=\"section\" data-settings=\"{&quot;background_background&quot;:&quot;classic&quot;}\">\n\t\t\t\t\t\t<div class=\"elementor-container elementor-column-gap-default\">\n\t\t\t\t\t<div class=\"elementor-column elementor-col-100 elementor-top-column elementor-element elementor-element-40bfa5e4\" data-id=\"40bfa5e4\" data-element_type=\"column\" data-e-type=\"column\">\n\t\t\t<div class=\"elementor-widget-wrap\">\n\t\t\t\t\t\t\t<\/div>\n\t\t<\/div>\n\t\t\t\t\t<\/div>\n\t\t<\/section>\n\t\t\t\t<section class=\"elementor-section elementor-top-section elementor-element elementor-element-1d0bc0bc elementor-section-boxed elementor-section-height-default elementor-section-height-default\" data-id=\"1d0bc0bc\" data-element_type=\"section\" data-e-type=\"section\">\n\t\t\t\t\t\t<div class=\"elementor-container elementor-column-gap-default\">\n\t\t\t\t\t<div class=\"elementor-column elementor-col-100 elementor-top-column elementor-element elementor-element-930f748\" data-id=\"930f748\" data-element_type=\"column\" data-e-type=\"column\" data-settings=\"{&quot;background_background&quot;:&quot;classic&quot;}\">\n\t\t\t<div class=\"elementor-widget-wrap elementor-element-populated\">\n\t\t\t\t\t<div class=\"elementor-background-overlay\"><\/div>\n\t\t\t\t\t\t\t<\/div>\n\t\t<\/div>\n\t\t\t\t\t<\/div>\n\t\t<\/section>\n\t\t\t\t<section class=\"elementor-section elementor-top-section elementor-element elementor-element-24d0f0ad elementor-section-boxed elementor-section-height-default elementor-section-height-default\" data-id=\"24d0f0ad\" data-element_type=\"section\" data-e-type=\"section\">\n\t\t\t\t\t\t<div class=\"elementor-container elementor-column-gap-default\">\n\t\t\t\t\t<div class=\"elementor-column elementor-col-100 elementor-top-column elementor-element elementor-element-24d8618\" data-id=\"24d8618\" data-element_type=\"column\" data-e-type=\"column\">\n\t\t\t<div class=\"elementor-widget-wrap elementor-element-populated\">\n\t\t\t\t\t\t<div class=\"elementor-element elementor-element-7483424e elementor-widget elementor-widget-heading\" data-id=\"7483424e\" data-element_type=\"widget\" data-e-type=\"widget\" data-widget_type=\"heading.default\">\n\t\t\t\t<div class=\"elementor-widget-container\">\n\t\t\t\t\t<h2 class=\"elementor-heading-title elementor-size-default\">Wat is de Cultureth\u00e8que?<\/h2>\t\t\t\t<\/div>\n\t\t\t\t<\/div>\n\t\t\t\t\t<\/div>\n\t\t<\/div>\n\t\t\t\t\t<\/div>\n\t\t<\/section>\n\t\t\t\t<section class=\"elementor-section elementor-top-section elementor-element elementor-element-c233ac2 elementor-section-boxed elementor-section-height-default elementor-section-height-default\" data-id=\"c233ac2\" data-element_type=\"section\" data-e-type=\"section\">\n\t\t\t\t\t\t<div class=\"elementor-container elementor-column-gap-default\">\n\t\t\t\t\t<div class=\"elementor-column elementor-col-100 elementor-top-column elementor-element elementor-element-404d2682\" data-id=\"404d2682\" data-element_type=\"column\" data-e-type=\"column\">\n\t\t\t<div class=\"elementor-widget-wrap elementor-element-populated\">\n\t\t\t\t\t\t<div class=\"elementor-element elementor-element-613fd120 elementor-widget elementor-widget-text-editor\" data-id=\"613fd120\" data-element_type=\"widget\" data-e-type=\"widget\" data-widget_type=\"text-editor.default\">\n\t\t\t\t<div class=\"elementor-widget-container\">\n\t\t\t\t\t\t\t\t\t<p><b>Lezen &#8211; luisteren &#8211; kijken &#8211; leren<\/b><\/p><p>De Cultureth\u00e8que is een online bibliotheek die geheel in het teken staat van de Franse cultuur. De Cultureth\u00e8que bevat meer dan 200.000 digitale bestanden, waaronder boeken, kranten en magazines, muziekalbums, films en lesmateriaal en nog veel meer! Als lid van de Alliance Fran\u00e7aise heb je gratis toegang tot de Cultureth\u00e8que. Bekijk hier het<a href=\"https:\/\/youtu.be\/gO1a6JN-Yao\" target=\"_blank\" rel=\"noopener\"> introductiefilmpje<\/a>.<\/p><p><b>Hoe kan ik toegang krijgen?<\/b><\/p><p>\u00a0Om in te kunnen loggen in de Cultureth\u00e8que moet je eerst een account aanmaken. Dat doe je als volgt:<\/p><ol><li>Ga naar de site <a href=\"https:\/\/www.culturetheque.com\" target=\"_blank\" rel=\"noopener\">https:\/\/www.culturetheque.com<\/a><\/li><li>Klik rechtsboven op &#8216;<i>Mon compte<\/i>&#8216;<\/li><li>Klik direct rechtsonder op &#8216;<i>Cr\u00e9er un compte maintenant<\/i>&#8216;<\/li><li>Vul het formulier in. Bij &#8216;<i>Identifiant<\/i>&#8216; mag je zelf een accountnaam opgeven. Bij het onderdeel &#8216;Bibliotheek&#8217; geef je aan dat je lid bent van de Alliance Fran\u00e7aise Gouda. Voer de controlecode in onderaan het formulier en klik op &#8216;<i>Confirmer&#8217;<\/i>. Je ontvangt nu per mail een bevestiging van je aanmelding (mocht je geen mail ontvangen hebben, controleer dan je eerst je spambox). In deze mail staan ook je gebruikersnaam en wachtwoord waarmee je voortaan kunt inloggen.\u00a0<\/li><li>De Alliance Fran\u00e7aise zorgt voor de activering van je account. Hiermee heb je gedurende het gehele cursusjaar toegang tot de Cultureth\u00e8que.<\/li><\/ol>\t\t\t\t\t\t\t\t<\/div>\n\t\t\t\t<\/div>\n\t\t\t\t\t<\/div>\n\t\t<\/div>\n\t\t\t\t\t<\/div>\n\t\t<\/section>\n\t\t\t\t<section class=\"elementor-section elementor-top-section elementor-element elementor-element-cf9d0ea elementor-section-boxed elementor-section-height-default elementor-section-height-default\" data-id=\"cf9d0ea\" data-element_type=\"section\" data-e-type=\"section\">\n\t\t\t\t\t\t<div class=\"elementor-container elementor-column-gap-default\">\n\t\t\t\t\t<div class=\"elementor-column elementor-col-50 elementor-top-column elementor-element elementor-element-ae847ae\" data-id=\"ae847ae\" data-element_type=\"column\" data-e-type=\"column\">\n\t\t\t<div class=\"elementor-widget-wrap\">\n\t\t\t\t\t\t\t<\/div>\n\t\t<\/div>\n\t\t\t\t<div class=\"elementor-column elementor-col-50 elementor-top-column elementor-element elementor-element-09942d5\" data-id=\"09942d5\" data-element_type=\"column\" data-e-type=\"column\">\n\t\t\t<div class=\"elementor-widget-wrap elementor-element-populated\">\n\t\t\t\t\t\t\t<\/div>\n\t\t<\/div>\n\t\t\t\t\t<\/div>\n\t\t<\/section>\n\t\t\t\t<section class=\"elementor-section elementor-top-section elementor-element elementor-element-e30abf7 elementor-section-boxed elementor-section-height-default elementor-section-height-default\" data-id=\"e30abf7\" data-element_type=\"section\" data-e-type=\"section\">\n\t\t\t\t\t\t<div class=\"elementor-container elementor-column-gap-default\">\n\t\t\t\t\t<div class=\"elementor-column elementor-col-50 elementor-top-column elementor-element elementor-element-7bc4b0d\" data-id=\"7bc4b0d\" data-element_type=\"column\" data-e-type=\"column\">\n\t\t\t<div class=\"elementor-widget-wrap elementor-element-populated\">\n\t\t\t\t\t\t<div class=\"elementor-element elementor-element-d649d73 elementor-widget elementor-widget-image\" data-id=\"d649d73\" data-element_type=\"widget\" data-e-type=\"widget\" data-widget_type=\"image.default\">\n\t\t\t\t<div class=\"elementor-widget-container\">\n\t\t\t\t\t\t\t\t\t\t\t\t\t\t\t<img fetchpriority=\"high\" decoding=\"async\" width=\"768\" height=\"1265\" src=\"https:\/\/www.alliance-francaise.nl\/gouda\/wp-content\/uploads\/sites\/18\/2020\/03\/c63fd3de8831152d8a9def93754ecf52b630cb-768x1265.jpg\" class=\"attachment-medium_large size-medium_large wp-image-1197\" alt=\"\" srcset=\"https:\/\/www.alliance-francaise.nl\/gouda\/wp-content\/uploads\/sites\/18\/2020\/03\/c63fd3de8831152d8a9def93754ecf52b630cb-768x1265.jpg 768w, https:\/\/www.alliance-francaise.nl\/gouda\/wp-content\/uploads\/sites\/18\/2020\/03\/c63fd3de8831152d8a9def93754ecf52b630cb-182x300.jpg 182w, https:\/\/www.alliance-francaise.nl\/gouda\/wp-content\/uploads\/sites\/18\/2020\/03\/c63fd3de8831152d8a9def93754ecf52b630cb-622x1024.jpg 622w, https:\/\/www.alliance-francaise.nl\/gouda\/wp-content\/uploads\/sites\/18\/2020\/03\/c63fd3de8831152d8a9def93754ecf52b630cb-600x988.jpg 600w, https:\/\/www.alliance-francaise.nl\/gouda\/wp-content\/uploads\/sites\/18\/2020\/03\/c63fd3de8831152d8a9def93754ecf52b630cb.jpg 862w\" sizes=\"(max-width: 768px) 100vw, 768px\" \/>\t\t\t\t\t\t\t\t\t\t\t\t\t\t\t<\/div>\n\t\t\t\t<\/div>\n\t\t\t\t\t<\/div>\n\t\t<\/div>\n\t\t\t\t<div class=\"elementor-column elementor-col-50 elementor-top-column elementor-element elementor-element-e674220\" data-id=\"e674220\" data-element_type=\"column\" data-e-type=\"column\">\n\t\t\t<div class=\"elementor-widget-wrap elementor-element-populated\">\n\t\t\t\t\t\t<div class=\"elementor-element elementor-element-2e2b72a elementor-widget elementor-widget-text-editor\" data-id=\"2e2b72a\" data-element_type=\"widget\" data-e-type=\"widget\" data-widget_type=\"text-editor.default\">\n\t\t\t\t<div class=\"elementor-widget-container\">\n\t\t\t\t\t\t\t\t\t<div><b>\u00a0 \u00a0 \u00a0 Handig om te weten<\/b><\/div><div><b>\u00a0<\/b><\/div><ul><li>Er zijn ongeveer 600 boeken beschikbaar.\u00a0 Per maand mag je 15 boeken en magazines lezen. Documenten die je geopend hebt mag je gedurende het gehele cursusjaar bekijken, zolang je abonnee bent van de Cultureth\u00e8que. Alle andere bestanden, zoals liedjes, kranten en stripboeken, kun je onbeperkt bekijken zonder dat het van je maandsaldo afgaat.\u00a0<\/li><\/ul><ul><li>De Cultureth\u00e8que bevat meer dan 3.000 muziekalbums\u00a0 van verschillende artiesten. Ook zijn er diverse documentaires en conf\u00e9rences die je online kunt beluisteren.\u00a0<\/li><\/ul><ul><li>Het is niet mogelijk om bestanden te downloaden, te printen of te bewerken.\u00a0<\/li><\/ul><ul><li>Wil je op de hoogte blijven van de nieuwste aanwinsten? De Cultureth\u00e8que geeft vier keer per jaar een nieuwsbrief uit waar je je op kunt abonneren. Vind je het leuk om tips uit te wisselen? Schrijf of lees dan een <a href=\"https:\/\/www.culturetheque-blog.com\/\" target=\"_blank\" rel=\"noopener\">blog<\/a>.\u00a0<\/li><\/ul>\t\t\t\t\t\t\t\t<\/div>\n\t\t\t\t<\/div>\n\t\t\t\t\t<\/div>\n\t\t<\/div>\n\t\t\t\t\t<\/div>\n\t\t<\/section>\n\t\t\t\t<section class=\"elementor-section elementor-top-section elementor-element elementor-element-e10930a elementor-section-boxed elementor-section-height-default elementor-section-height-default\" data-id=\"e10930a\" data-element_type=\"section\" data-e-type=\"section\">\n\t\t\t\t\t\t<div class=\"elementor-container elementor-column-gap-default\">\n\t\t\t\t\t<div class=\"elementor-column elementor-col-50 elementor-top-column elementor-element elementor-element-75f435b\" data-id=\"75f435b\" data-element_type=\"column\" data-e-type=\"column\">\n\t\t\t<div class=\"elementor-widget-wrap\">\n\t\t\t\t\t\t\t<\/div>\n\t\t<\/div>\n\t\t\t\t<div class=\"elementor-column elementor-col-50 elementor-top-column elementor-element elementor-element-565cca6\" data-id=\"565cca6\" data-element_type=\"column\" data-e-type=\"column\">\n\t\t\t<div class=\"elementor-widget-wrap elementor-element-populated\">\n\t\t\t\t\t\t<div class=\"elementor-element elementor-element-bfe02b4 elementor-widget elementor-widget-text-editor\" data-id=\"bfe02b4\" data-element_type=\"widget\" data-e-type=\"widget\" data-widget_type=\"text-editor.default\">\n\t\t\t\t<div class=\"elementor-widget-container\">\n\t\t\t\t\t\t\t\t\t<div><b>\u00a0 \u00a0<\/b><\/div>\t\t\t\t\t\t\t\t<\/div>\n\t\t\t\t<\/div>\n\t\t\t\t\t<\/div>\n\t\t<\/div>\n\t\t\t\t\t<\/div>\n\t\t<\/section>\n\t\t\t\t<section class=\"elementor-section elementor-top-section elementor-element elementor-element-e090855 elementor-section-boxed elementor-section-height-default elementor-section-height-default\" data-id=\"e090855\" data-element_type=\"section\" data-e-type=\"section\">\n\t\t\t\t\t\t<div class=\"elementor-container elementor-column-gap-default\">\n\t\t\t\t\t<div class=\"elementor-column elementor-col-50 elementor-top-column elementor-element elementor-element-b69ce7a\" data-id=\"b69ce7a\" data-element_type=\"column\" data-e-type=\"column\">\n\t\t\t<div class=\"elementor-widget-wrap\">\n\t\t\t\t\t\t\t<\/div>\n\t\t<\/div>\n\t\t\t\t<div class=\"elementor-column elementor-col-50 elementor-top-column elementor-element elementor-element-c6926f2\" data-id=\"c6926f2\" data-element_type=\"column\" data-e-type=\"column\">\n\t\t\t<div class=\"elementor-widget-wrap elementor-element-populated\">\n\t\t\t\t\t\t<div class=\"elementor-element elementor-element-3b3370e elementor-widget elementor-widget-text-editor\" data-id=\"3b3370e\" data-element_type=\"widget\" data-e-type=\"widget\" data-widget_type=\"text-editor.default\">\n\t\t\t\t<div class=\"elementor-widget-container\">\n\t\t\t\t\t\t\t\t\t<div><b>\u00a0 \u00a0<\/b><\/div>\t\t\t\t\t\t\t\t<\/div>\n\t\t\t\t<\/div>\n\t\t\t\t\t<\/div>\n\t\t<\/div>\n\t\t\t\t\t<\/div>\n\t\t<\/section>\n\t\t\t\t<section class=\"elementor-section elementor-top-section elementor-element elementor-element-284cb20 elementor-section-boxed elementor-section-height-default elementor-section-height-default\" data-id=\"284cb20\" data-element_type=\"section\" data-e-type=\"section\">\n\t\t\t\t\t\t<div class=\"elementor-container elementor-column-gap-default\">\n\t\t\t\t\t<div class=\"elementor-column elementor-col-100 elementor-top-column elementor-element elementor-element-22c31d3\" data-id=\"22c31d3\" data-element_type=\"column\" data-e-type=\"column\">\n\t\t\t<div class=\"elementor-widget-wrap elementor-element-populated\">\n\t\t\t\t\t\t\t<\/div>\n\t\t<\/div>\n\t\t\t\t\t<\/div>\n\t\t<\/section>\n\t\t\t\t<\/div>\n\t\t","protected":false},"excerpt":{"rendered":"<p>Wat is de Cultureth\u00e8que? Lezen &#8211; luisteren &#8211; kijken &#8211; leren De Cultureth\u00e8que is een online bibliotheek die geheel in het teken staat van de Franse cultuur. De Cultureth\u00e8que bevat [&hellip;]<\/p>\n","protected":false},"author":18,"featured_media":0,"parent":63,"menu_order":0,"comment_status":"closed","ping_status":"closed","template":"elementor_header_footer","meta":{"footnotes":""},"class_list":["post-537","page","type-page","status-publish","hentry"],"_links":{"self":[{"href":"https:\/\/www.alliance-francaise.nl\/gouda\/wp-json\/wp\/v2\/pages\/537","targetHints":{"allow":["GET"]}}],"collection":[{"href":"https:\/\/www.alliance-francaise.nl\/gouda\/wp-json\/wp\/v2\/pages"}],"about":[{"href":"https:\/\/www.alliance-francaise.nl\/gouda\/wp-json\/wp\/v2\/types\/page"}],"author":[{"embeddable":true,"href":"https:\/\/www.alliance-francaise.nl\/gouda\/wp-json\/wp\/v2\/users\/18"}],"replies":[{"embeddable":true,"href":"https:\/\/www.alliance-francaise.nl\/gouda\/wp-json\/wp\/v2\/comments?post=537"}],"version-history":[{"count":0,"href":"https:\/\/www.alliance-francaise.nl\/gouda\/wp-json\/wp\/v2\/pages\/537\/revisions"}],"up":[{"embeddable":true,"href":"https:\/\/www.alliance-francaise.nl\/gouda\/wp-json\/wp\/v2\/pages\/63"}],"wp:attachment":[{"href":"https:\/\/www.alliance-francaise.nl\/gouda\/wp-json\/wp\/v2\/media?parent=537"}],"curies":[{"name":"wp","href":"https:\/\/api.w.org\/{rel}","templated":true}]}}