{"id":352,"date":"2020-01-30T17:13:14","date_gmt":"2020-01-30T17:13:14","guid":{"rendered":"https:\/\/www.alliance-francaise.nl\/2020\/gouda\/?page_id=352"},"modified":"2022-10-23T21:29:02","modified_gmt":"2022-10-23T21:29:02","slug":"jaarlijkse-reis","status":"publish","type":"page","link":"https:\/\/www.alliance-francaise.nl\/gouda\/cultuur-en-agenda\/cultureelprogramma\/jaarlijkse-reis\/","title":{"rendered":"Reis 2021"},"content":{"rendered":"\t\t<div data-elementor-type=\"wp-page\" data-elementor-id=\"352\" class=\"elementor elementor-352\" data-elementor-post-type=\"page\">\n\t\t\t\t\t\t<section class=\"elementor-section elementor-top-section elementor-element elementor-element-a0cf2ff elementor-section-boxed elementor-section-height-default elementor-section-height-default\" data-id=\"a0cf2ff\" data-element_type=\"section\" data-e-type=\"section\" data-settings=\"{&quot;background_background&quot;:&quot;classic&quot;}\">\n\t\t\t\t\t\t<div class=\"elementor-container elementor-column-gap-default\">\n\t\t\t\t\t<div class=\"elementor-column elementor-col-100 elementor-top-column elementor-element elementor-element-5b074c2\" data-id=\"5b074c2\" data-element_type=\"column\" data-e-type=\"column\">\n\t\t\t<div class=\"elementor-widget-wrap\">\n\t\t\t\t\t\t\t<\/div>\n\t\t<\/div>\n\t\t\t\t\t<\/div>\n\t\t<\/section>\n\t\t\t\t<section class=\"elementor-section elementor-top-section elementor-element elementor-element-37d4ee11 elementor-section-boxed elementor-section-height-default elementor-section-height-default\" data-id=\"37d4ee11\" data-element_type=\"section\" data-e-type=\"section\" data-settings=\"{&quot;background_background&quot;:&quot;classic&quot;}\">\n\t\t\t\t\t\t<div class=\"elementor-container elementor-column-gap-default\">\n\t\t\t\t\t<div class=\"elementor-column elementor-col-100 elementor-top-column elementor-element elementor-element-4780f2b5\" data-id=\"4780f2b5\" data-element_type=\"column\" data-e-type=\"column\">\n\t\t\t<div class=\"elementor-widget-wrap\">\n\t\t\t\t\t\t\t<\/div>\n\t\t<\/div>\n\t\t\t\t\t<\/div>\n\t\t<\/section>\n\t\t\t\t<section class=\"elementor-section elementor-top-section elementor-element elementor-element-2fd55cd2 elementor-section-boxed elementor-section-height-default elementor-section-height-default\" data-id=\"2fd55cd2\" data-element_type=\"section\" data-e-type=\"section\">\n\t\t\t\t\t\t<div class=\"elementor-container elementor-column-gap-default\">\n\t\t\t\t\t<div class=\"elementor-column elementor-col-100 elementor-top-column elementor-element elementor-element-713d8461\" data-id=\"713d8461\" data-element_type=\"column\" data-e-type=\"column\" data-settings=\"{&quot;background_background&quot;:&quot;classic&quot;}\">\n\t\t\t<div class=\"elementor-widget-wrap elementor-element-populated\">\n\t\t\t\t\t<div class=\"elementor-background-overlay\"><\/div>\n\t\t\t\t\t\t<div class=\"elementor-element elementor-element-77e65155 elementor-widget-mobile__width-initial elementor-widget elementor-widget-heading\" data-id=\"77e65155\" data-element_type=\"widget\" data-e-type=\"widget\" data-widget_type=\"heading.default\">\n\t\t\t\t<div class=\"elementor-widget-container\">\n\t\t\t\t\t<h1 class=\"elementor-heading-title elementor-size-default\">Ga mee naar Charleville-M\u00e9zi\u00e8res!<\/h1>\t\t\t\t<\/div>\n\t\t\t\t<\/div>\n\t\t\t\t\t<\/div>\n\t\t<\/div>\n\t\t\t\t\t<\/div>\n\t\t<\/section>\n\t\t\t\t<section class=\"elementor-section elementor-top-section elementor-element elementor-element-6a00b270 elementor-section-boxed elementor-section-height-default elementor-section-height-default\" data-id=\"6a00b270\" data-element_type=\"section\" data-e-type=\"section\">\n\t\t\t\t\t\t<div class=\"elementor-container elementor-column-gap-default\">\n\t\t\t\t\t<div class=\"elementor-column elementor-col-100 elementor-top-column elementor-element elementor-element-37da269\" data-id=\"37da269\" data-element_type=\"column\" data-e-type=\"column\">\n\t\t\t<div class=\"elementor-widget-wrap elementor-element-populated\">\n\t\t\t\t\t\t<div class=\"elementor-element elementor-element-753febec elementor-widget elementor-widget-heading\" data-id=\"753febec\" data-element_type=\"widget\" data-e-type=\"widget\" data-widget_type=\"heading.default\">\n\t\t\t\t<div class=\"elementor-widget-container\">\n\t\t\t\t\t<h2 class=\"elementor-heading-title elementor-size-default\">Jaarlijkse reis naar Frankrijk - 8 tot en met 10 oktober 2021<\/h2>\t\t\t\t<\/div>\n\t\t\t\t<\/div>\n\t\t\t\t\t<\/div>\n\t\t<\/div>\n\t\t\t\t\t<\/div>\n\t\t<\/section>\n\t\t\t\t<section class=\"elementor-section elementor-top-section elementor-element elementor-element-ff2d67f elementor-section-boxed elementor-section-height-default elementor-section-height-default\" data-id=\"ff2d67f\" data-element_type=\"section\" data-e-type=\"section\">\n\t\t\t\t\t\t<div class=\"elementor-container elementor-column-gap-default\">\n\t\t\t\t\t<div class=\"elementor-column elementor-col-100 elementor-top-column elementor-element elementor-element-6c48efb\" data-id=\"6c48efb\" data-element_type=\"column\" data-e-type=\"column\">\n\t\t\t<div class=\"elementor-widget-wrap elementor-element-populated\">\n\t\t\t\t\t\t<div class=\"elementor-element elementor-element-da0e7ed elementor-widget elementor-widget-text-editor\" data-id=\"da0e7ed\" data-element_type=\"widget\" data-e-type=\"widget\" data-widget_type=\"text-editor.default\">\n\t\t\t\t<div class=\"elementor-widget-container\">\n\t\t\t\t\t\t\t\t\t<p>Ieder jaar organiseert de Alliance Fran\u00e7aise van Gouda in april een driedaagse reis naar Frankrijk. De bestemming is telkens anders. Voor 2021 staat Charleville-M\u00e9zi\u00e8res op het programma, een prachtig stadje in het noorden van Frankrijk vlakbij de Belgische grens.<\/p>\n<p><b>Charleville: de stad van Rimbaud<\/b><\/p>\n<p>Charleville werd in <span style=\"color: #000120\">1601 <\/span>gesticht door hertog Carlo I Gonzaga op de plaats van het gehucht Arches. De nieuwe stad kreeg een plattegrond met rechte straten en een centraal plein, het&nbsp;<i>Place Ducale<\/i>. Al snel werd Charleville het nieuwe economische centrum van de Ardennen. Tegenwoordig is Charleville ook populair bij toeristen. Niet alleen vanwege de bijzondere aanleg en de vele fraaie gebouwen, maar ook omdat het de geboorteplaats van Arthur Rimbaud is. Rimbaud schreef veelvuldig over de stad, waar hij zich overigens helemaal niet thuis voelde.<\/p>\n<p><b>Orgelconcert<\/b><\/p>\n<p>Tijdens je verblijf logeer je in het duizend jaar oude kasteel van Sedan, waar je op de dag van aankomst ook een rondleiding krijgt. Op de tweede dag breng je een bezoek aan het centrum van Charleville. Voor de ochtend en avond hebben we een afwisselend programma samengesteld. Zo maak je een stadswandeling samen met een gids en bezoek je het mus\u00e9e Rimbaud. En tussendoor kun je uiteraard genieten van typische streekgerechten als droge Ardennerham, vers gemaakte sappen en ciders, jam en bier. We nemen ook een kijkje in de Basilique Notre Dame d&#8217;Esp\u00e9rance, waar een prachtig orgel te zien is. Het orgel &#8211; gebouwd in Noord-Europese klassieke stijl &#8211; is geheel mechanisch en heeft veertig registerstangen. Natuurlijk mag een orgelconcert hier niet ontbreken. De zaterdagmiddag kun je vrij besteden, om &#8217;s avonds weer aan te schuiven voor een geheel verzorgd diner in &#8216;La Table d&#8217;Arthur&#8217;.&nbsp;<\/p>\t\t\t\t\t\t\t\t<\/div>\n\t\t\t\t<\/div>\n\t\t\t\t\t<\/div>\n\t\t<\/div>\n\t\t\t\t\t<\/div>\n\t\t<\/section>\n\t\t\t\t<section class=\"elementor-section elementor-top-section elementor-element elementor-element-7140b27d elementor-section-boxed elementor-section-height-default elementor-section-height-default\" data-id=\"7140b27d\" data-element_type=\"section\" data-e-type=\"section\">\n\t\t\t\t\t\t<div class=\"elementor-container elementor-column-gap-default\">\n\t\t\t\t\t<div class=\"elementor-column elementor-col-50 elementor-top-column elementor-element elementor-element-2bb4e51\" data-id=\"2bb4e51\" data-element_type=\"column\" data-e-type=\"column\">\n\t\t\t<div class=\"elementor-widget-wrap elementor-element-populated\">\n\t\t\t\t\t\t<div class=\"elementor-element elementor-element-e886af6 elementor-widget elementor-widget-text-editor\" data-id=\"e886af6\" data-element_type=\"widget\" data-e-type=\"widget\" data-widget_type=\"text-editor.default\">\n\t\t\t\t<div class=\"elementor-widget-container\">\n\t\t\t\t\t\t\t\t\t<p><img fetchpriority=\"high\" decoding=\"async\" class=\"alignnone size-medium wp-image-458\" src=\"https:\/\/www.alliance-francaise.nl\/gouda\/wp-content\/uploads\/sites\/18\/2020\/02\/unnamed-1-300x200.jpg\" alt=\"\" width=\"300\" height=\"200\" srcset=\"https:\/\/www.alliance-francaise.nl\/gouda\/wp-content\/uploads\/sites\/18\/2020\/02\/unnamed-1-300x200.jpg 300w, https:\/\/www.alliance-francaise.nl\/gouda\/wp-content\/uploads\/sites\/18\/2020\/02\/unnamed-1.jpg 512w\" sizes=\"(max-width: 300px) 100vw, 300px\" \/><\/p>\t\t\t\t\t\t\t\t<\/div>\n\t\t\t\t<\/div>\n\t\t\t\t\t<\/div>\n\t\t<\/div>\n\t\t\t\t<div class=\"elementor-column elementor-col-50 elementor-top-column elementor-element elementor-element-7b70954\" data-id=\"7b70954\" data-element_type=\"column\" data-e-type=\"column\">\n\t\t\t<div class=\"elementor-widget-wrap elementor-element-populated\">\n\t\t\t\t\t\t<div class=\"elementor-element elementor-element-abcb649 elementor-widget elementor-widget-text-editor\" data-id=\"abcb649\" data-element_type=\"widget\" data-e-type=\"widget\" data-widget_type=\"text-editor.default\">\n\t\t\t\t<div class=\"elementor-widget-container\">\n\t\t\t\t\t\t\t\t\t<p><b>Familist\u00e8re de Guise<\/b><\/p><p>De derde en laatste dag staat geheel in het teken van een bezoek aan de beroemde Familist\u00e8re de Guise, een enorm woonblok dat in de tweede helft van de 19e eeuw ontworpen werd door\u00a0Jean-Baptiste Andr\u00e9 Godin. Het gebouw, dat bestond uit 558 appartementen en 350 woningen met een centrale binnenplaats, tuintjes en diverse voorzieningen, bood onderdak aan maar liefst 2.000 bewoners! Het is een typisch voorbeeld van utopisch socialisme.<\/p>\t\t\t\t\t\t\t\t<\/div>\n\t\t\t\t<\/div>\n\t\t\t\t\t<\/div>\n\t\t<\/div>\n\t\t\t\t\t<\/div>\n\t\t<\/section>\n\t\t\t\t<section class=\"elementor-section elementor-top-section elementor-element elementor-element-1b15dc63 elementor-section-boxed elementor-section-height-default elementor-section-height-default\" data-id=\"1b15dc63\" data-element_type=\"section\" data-e-type=\"section\" data-settings=\"{&quot;background_background&quot;:&quot;classic&quot;}\">\n\t\t\t\t\t\t<div class=\"elementor-container elementor-column-gap-default\">\n\t\t\t\t\t<div class=\"elementor-column elementor-col-100 elementor-top-column elementor-element elementor-element-2704d832\" data-id=\"2704d832\" data-element_type=\"column\" data-e-type=\"column\">\n\t\t\t<div class=\"elementor-widget-wrap elementor-element-populated\">\n\t\t\t\t\t\t<div class=\"elementor-element elementor-element-2e653455 elementor-widget elementor-widget-heading\" data-id=\"2e653455\" data-element_type=\"widget\" data-e-type=\"widget\" data-widget_type=\"heading.default\">\n\t\t\t\t<div class=\"elementor-widget-container\">\n\t\t\t\t\t<h2 class=\"elementor-heading-title elementor-size-default\">Programma en inschrijven<\/h2>\t\t\t\t<\/div>\n\t\t\t\t<\/div>\n\t\t\t\t\t<\/div>\n\t\t<\/div>\n\t\t\t\t\t<\/div>\n\t\t<\/section>\n\t\t\t\t<section class=\"elementor-section elementor-top-section elementor-element elementor-element-325ab4a elementor-section-boxed elementor-section-height-default elementor-section-height-default\" data-id=\"325ab4a\" data-element_type=\"section\" data-e-type=\"section\" data-settings=\"{&quot;background_background&quot;:&quot;classic&quot;}\">\n\t\t\t\t\t\t<div class=\"elementor-container elementor-column-gap-default\">\n\t\t\t\t\t<div class=\"elementor-column elementor-col-100 elementor-top-column elementor-element elementor-element-58e81cf7\" data-id=\"58e81cf7\" data-element_type=\"column\" data-e-type=\"column\">\n\t\t\t<div class=\"elementor-widget-wrap elementor-element-populated\">\n\t\t\t\t\t\t<div class=\"elementor-element elementor-element-275135de elementor-widget elementor-widget-text-editor\" data-id=\"275135de\" data-element_type=\"widget\" data-e-type=\"widget\" data-widget_type=\"text-editor.default\">\n\t\t\t\t<div class=\"elementor-widget-container\">\n\t\t\t\t\t\t\t\t\t<p>De bus vertrekt op vrijdag 8 oktober om 7.30 uit Alphen aan den Rijn en om 8.00 uur uit Gouda. Verwachte aankomsttijd in Charleville-M\u00e9zi\u00e8res is 13.00 uur. Op zondag 10 oktober vertrekken we om 17.00 uur weer richting Nederland. Tussen 21.30 uur en 22.00 komen we aan in Gouda en Alphen.\u00a0<\/p>\t\t\t\t\t\t\t\t<\/div>\n\t\t\t\t<\/div>\n\t\t\t\t<div class=\"elementor-element elementor-element-2f35b58c elementor-position-inline-start elementor-view-default elementor-mobile-position-block-start elementor-widget elementor-widget-icon-box\" data-id=\"2f35b58c\" data-element_type=\"widget\" data-e-type=\"widget\" data-widget_type=\"icon-box.default\">\n\t\t\t\t<div class=\"elementor-widget-container\">\n\t\t\t\t\t\t\t<div class=\"elementor-icon-box-wrapper\">\n\n\t\t\t\t\t\t<div class=\"elementor-icon-box-icon\">\n\t\t\t\t<a href=\"https:\/\/www.alliance-francaise.nl\/gouda\/wp-content\/uploads\/sites\/18\/2021\/03\/programme-voyage-annuel-2021-charleville-mezieres-octobre.pdf\" target=\"_blank\" class=\"elementor-icon\" tabindex=\"-1\" aria-label=\"Meer weten?\">\n\t\t\t\t<i aria-hidden=\"true\" class=\"fas fa-star\"><\/i>\t\t\t\t<\/a>\n\t\t\t<\/div>\n\t\t\t\n\t\t\t\t\t\t<div class=\"elementor-icon-box-content\">\n\n\t\t\t\t\t\t\t\t\t<div class=\"elementor-icon-box-title\">\n\t\t\t\t\t\t<a href=\"https:\/\/www.alliance-francaise.nl\/gouda\/wp-content\/uploads\/sites\/18\/2021\/03\/programme-voyage-annuel-2021-charleville-mezieres-octobre.pdf\" target=\"_blank\" >\n\t\t\t\t\t\t\tMeer weten?\t\t\t\t\t\t<\/a>\n\t\t\t\t\t<\/div>\n\t\t\t\t\n\t\t\t\t\t\t\t\t\t<p class=\"elementor-icon-box-description\">\n\t\t\t\t\t\tBekijk dan hier het uitgebreide programma.\t\t\t\t\t<\/p>\n\t\t\t\t\n\t\t\t<\/div>\n\t\t\t\n\t\t<\/div>\n\t\t\t\t\t\t<\/div>\n\t\t\t\t<\/div>\n\t\t\t\t<div class=\"elementor-element elementor-element-2c338077 elementor-position-inline-start elementor-view-default elementor-mobile-position-block-start elementor-widget elementor-widget-icon-box\" data-id=\"2c338077\" data-element_type=\"widget\" data-e-type=\"widget\" data-widget_type=\"icon-box.default\">\n\t\t\t\t<div class=\"elementor-widget-container\">\n\t\t\t\t\t\t\t<div class=\"elementor-icon-box-wrapper\">\n\n\t\t\t\t\t\t<div class=\"elementor-icon-box-icon\">\n\t\t\t\t<a href=\"https:\/\/www.alliance-francaise.nl\/gouda\/wp-content\/uploads\/sites\/18\/2021\/03\/inschrijfformulier-voyage-annuel-2021-charleville-mezieres.doc\" target=\"_blank\" class=\"elementor-icon\" tabindex=\"-1\" aria-label=\"Direct inschrijven?\">\n\t\t\t\t<i aria-hidden=\"true\" class=\"fas fa-star\"><\/i>\t\t\t\t<\/a>\n\t\t\t<\/div>\n\t\t\t\n\t\t\t\t\t\t<div class=\"elementor-icon-box-content\">\n\n\t\t\t\t\t\t\t\t\t<div class=\"elementor-icon-box-title\">\n\t\t\t\t\t\t<a href=\"https:\/\/www.alliance-francaise.nl\/gouda\/wp-content\/uploads\/sites\/18\/2021\/03\/inschrijfformulier-voyage-annuel-2021-charleville-mezieres.doc\" target=\"_blank\" >\n\t\t\t\t\t\t\tDirect inschrijven?\t\t\t\t\t\t<\/a>\n\t\t\t\t\t<\/div>\n\t\t\t\t\n\t\t\t\t\t\t\t\t\t<p class=\"elementor-icon-box-description\">\n\t\t\t\t\t\tDownload hier het inschrijfformulier en de voorwaarden.\t\t\t\t\t<\/p>\n\t\t\t\t\n\t\t\t<\/div>\n\t\t\t\n\t\t<\/div>\n\t\t\t\t\t\t<\/div>\n\t\t\t\t<\/div>\n\t\t\t\t<div class=\"elementor-element elementor-element-7bbd0d05 elementor-position-inline-start elementor-view-default elementor-mobile-position-block-start elementor-widget elementor-widget-icon-box\" data-id=\"7bbd0d05\" data-element_type=\"widget\" data-e-type=\"widget\" data-widget_type=\"icon-box.default\">\n\t\t\t\t<div class=\"elementor-widget-container\">\n\t\t\t\t\t\t\t<div class=\"elementor-icon-box-wrapper\">\n\n\t\t\t\t\t\t<div class=\"elementor-icon-box-icon\">\n\t\t\t\t<a href=\"https:\/\/www.alliance-francaise.nl\/gouda\/contact-en-informatie\/\" target=\"_blank\" class=\"elementor-icon\" tabindex=\"-1\" aria-label=\"Toch nog een vraag?\">\n\t\t\t\t<i aria-hidden=\"true\" class=\"fas fa-star\"><\/i>\t\t\t\t<\/a>\n\t\t\t<\/div>\n\t\t\t\n\t\t\t\t\t\t<div class=\"elementor-icon-box-content\">\n\n\t\t\t\t\t\t\t\t\t<div class=\"elementor-icon-box-title\">\n\t\t\t\t\t\t<a href=\"https:\/\/www.alliance-francaise.nl\/gouda\/contact-en-informatie\/\" target=\"_blank\" >\n\t\t\t\t\t\t\tToch nog een vraag?\t\t\t\t\t\t<\/a>\n\t\t\t\t\t<\/div>\n\t\t\t\t\n\t\t\t\t\t\t\t\t\t<p class=\"elementor-icon-box-description\">\n\t\t\t\t\t\tNeem contact op met Koos van Wensen via pres.gouda@afpb.nl.\t\t\t\t\t<\/p>\n\t\t\t\t\n\t\t\t<\/div>\n\t\t\t\n\t\t<\/div>\n\t\t\t\t\t\t<\/div>\n\t\t\t\t<\/div>\n\t\t\t\t\t<\/div>\n\t\t<\/div>\n\t\t\t\t\t<\/div>\n\t\t<\/section>\n\t\t\t\t<section class=\"elementor-section elementor-top-section elementor-element elementor-element-13d9401 elementor-section-boxed elementor-section-height-default elementor-section-height-default\" data-id=\"13d9401\" data-element_type=\"section\" data-e-type=\"section\">\n\t\t\t\t\t\t<div class=\"elementor-container elementor-column-gap-default\">\n\t\t\t\t\t<div class=\"elementor-column elementor-col-50 elementor-top-column elementor-element elementor-element-0c7f8fc\" data-id=\"0c7f8fc\" data-element_type=\"column\" data-e-type=\"column\">\n\t\t\t<div class=\"elementor-widget-wrap\">\n\t\t\t\t\t\t\t<\/div>\n\t\t<\/div>\n\t\t\t\t<div class=\"elementor-column elementor-col-50 elementor-top-column elementor-element elementor-element-e54ef5b\" data-id=\"e54ef5b\" data-element_type=\"column\" data-e-type=\"column\">\n\t\t\t<div class=\"elementor-widget-wrap\">\n\t\t\t\t\t\t\t<\/div>\n\t\t<\/div>\n\t\t\t\t\t<\/div>\n\t\t<\/section>\n\t\t\t\t<\/div>\n\t\t","protected":false},"excerpt":{"rendered":"<p>Ga mee naar Charleville-M\u00e9zi\u00e8res! Jaarlijkse reis naar Frankrijk &#8211; 8 tot en met 10 oktober 2021 Ieder jaar organiseert de Alliance Fran\u00e7aise van Gouda in april een driedaagse reis naar [&hellip;]<\/p>\n","protected":false},"author":18,"featured_media":353,"parent":199,"menu_order":0,"comment_status":"closed","ping_status":"closed","template":"elementor_header_footer","meta":{"footnotes":""},"class_list":["post-352","page","type-page","status-publish","has-post-thumbnail","hentry"],"_links":{"self":[{"href":"https:\/\/www.alliance-francaise.nl\/gouda\/wp-json\/wp\/v2\/pages\/352","targetHints":{"allow":["GET"]}}],"collection":[{"href":"https:\/\/www.alliance-francaise.nl\/gouda\/wp-json\/wp\/v2\/pages"}],"about":[{"href":"https:\/\/www.alliance-francaise.nl\/gouda\/wp-json\/wp\/v2\/types\/page"}],"author":[{"embeddable":true,"href":"https:\/\/www.alliance-francaise.nl\/gouda\/wp-json\/wp\/v2\/users\/18"}],"replies":[{"embeddable":true,"href":"https:\/\/www.alliance-francaise.nl\/gouda\/wp-json\/wp\/v2\/comments?post=352"}],"version-history":[{"count":2,"href":"https:\/\/www.alliance-francaise.nl\/gouda\/wp-json\/wp\/v2\/pages\/352\/revisions"}],"predecessor-version":[{"id":5136,"href":"https:\/\/www.alliance-francaise.nl\/gouda\/wp-json\/wp\/v2\/pages\/352\/revisions\/5136"}],"up":[{"embeddable":true,"href":"https:\/\/www.alliance-francaise.nl\/gouda\/wp-json\/wp\/v2\/pages\/199"}],"wp:featuredmedia":[{"embeddable":true,"href":"https:\/\/www.alliance-francaise.nl\/gouda\/wp-json\/wp\/v2\/media\/353"}],"wp:attachment":[{"href":"https:\/\/www.alliance-francaise.nl\/gouda\/wp-json\/wp\/v2\/media?parent=352"}],"curies":[{"name":"wp","href":"https:\/\/api.w.org\/{rel}","templated":true}]}}