{"id":191,"date":"2020-01-04T14:50:06","date_gmt":"2020-01-04T14:50:06","guid":{"rendered":"https:\/\/www.alliance-francaise.nl\/2020\/gouda\/?page_id=191"},"modified":"2020-08-07T21:00:48","modified_gmt":"2020-08-07T21:00:48","slug":"europees-referentiekader","status":"publish","type":"page","link":"https:\/\/www.alliance-francaise.nl\/gouda\/cursussen\/europees-referentiekader\/","title":{"rendered":"Europees Referentiekader"},"content":{"rendered":"\t\t<div data-elementor-type=\"wp-page\" data-elementor-id=\"191\" class=\"elementor elementor-191\" data-elementor-post-type=\"page\">\n\t\t\t\t\t\t<section class=\"elementor-section elementor-top-section elementor-element elementor-element-12678a06 elementor-section-boxed elementor-section-height-default elementor-section-height-default\" data-id=\"12678a06\" data-element_type=\"section\" data-e-type=\"section\" data-settings=\"{&quot;background_background&quot;:&quot;classic&quot;}\">\n\t\t\t\t\t\t<div class=\"elementor-container elementor-column-gap-default\">\n\t\t\t\t\t<div class=\"elementor-column elementor-col-100 elementor-top-column elementor-element elementor-element-6e37845c\" data-id=\"6e37845c\" data-element_type=\"column\" data-e-type=\"column\">\n\t\t\t<div class=\"elementor-widget-wrap\">\n\t\t\t\t\t\t\t<\/div>\n\t\t<\/div>\n\t\t\t\t\t<\/div>\n\t\t<\/section>\n\t\t\t\t<section class=\"elementor-section elementor-top-section elementor-element elementor-element-628265e8 elementor-section-boxed elementor-section-height-default elementor-section-height-default\" data-id=\"628265e8\" data-element_type=\"section\" data-e-type=\"section\">\n\t\t\t\t\t\t<div class=\"elementor-container elementor-column-gap-default\">\n\t\t\t\t\t<div class=\"elementor-column elementor-col-100 elementor-top-column elementor-element elementor-element-163f5849\" data-id=\"163f5849\" data-element_type=\"column\" data-e-type=\"column\" data-settings=\"{&quot;background_background&quot;:&quot;classic&quot;}\">\n\t\t\t<div class=\"elementor-widget-wrap elementor-element-populated\">\n\t\t\t\t\t<div class=\"elementor-background-overlay\"><\/div>\n\t\t\t\t\t\t<div class=\"elementor-element elementor-element-3ef56d0a elementor-widget elementor-widget-heading\" data-id=\"3ef56d0a\" data-element_type=\"widget\" data-e-type=\"widget\" data-widget_type=\"heading.default\">\n\t\t\t\t<div class=\"elementor-widget-container\">\n\t\t\t\t\t<h1 class=\"elementor-heading-title elementor-size-default\">Europees referentiekader voor talen<\/h1>\t\t\t\t<\/div>\n\t\t\t\t<\/div>\n\t\t\t\t\t<\/div>\n\t\t<\/div>\n\t\t\t\t\t<\/div>\n\t\t<\/section>\n\t\t\t\t<section class=\"elementor-section elementor-top-section elementor-element elementor-element-ca5da2c elementor-section-boxed elementor-section-height-default elementor-section-height-default\" data-id=\"ca5da2c\" data-element_type=\"section\" data-e-type=\"section\">\n\t\t\t\t\t\t<div class=\"elementor-container elementor-column-gap-default\">\n\t\t\t\t\t<div class=\"elementor-column elementor-col-100 elementor-top-column elementor-element elementor-element-2e5d07da\" data-id=\"2e5d07da\" data-element_type=\"column\" data-e-type=\"column\">\n\t\t\t<div class=\"elementor-widget-wrap elementor-element-populated\">\n\t\t\t\t\t\t<div class=\"elementor-element elementor-element-76b53d4e elementor-widget elementor-widget-heading\" data-id=\"76b53d4e\" data-element_type=\"widget\" data-e-type=\"widget\" data-widget_type=\"heading.default\">\n\t\t\t\t<div class=\"elementor-widget-container\">\n\t\t\t\t\t<h2 class=\"elementor-heading-title elementor-size-default\">Cadre Europ\u00e9en Commun de R\u00e9f\u00e9rence (CECR)<\/h2>\t\t\t\t<\/div>\n\t\t\t\t<\/div>\n\t\t\t\t\t<\/div>\n\t\t<\/div>\n\t\t\t\t\t<\/div>\n\t\t<\/section>\n\t\t\t\t<section class=\"elementor-section elementor-top-section elementor-element elementor-element-556ab4bd elementor-section-boxed elementor-section-height-default elementor-section-height-default\" data-id=\"556ab4bd\" data-element_type=\"section\" data-e-type=\"section\">\n\t\t\t\t\t\t<div class=\"elementor-container elementor-column-gap-default\">\n\t\t\t\t\t<div class=\"elementor-column elementor-col-33 elementor-top-column elementor-element elementor-element-35ef8cb0\" data-id=\"35ef8cb0\" data-element_type=\"column\" data-e-type=\"column\">\n\t\t\t<div class=\"elementor-widget-wrap elementor-element-populated\">\n\t\t\t\t\t\t<div class=\"elementor-element elementor-element-af45334 elementor-widget elementor-widget-image\" data-id=\"af45334\" data-element_type=\"widget\" data-e-type=\"widget\" data-widget_type=\"image.default\">\n\t\t\t\t<div class=\"elementor-widget-container\">\n\t\t\t\t\t\t\t\t\t\t\t\t\t\t\t<img fetchpriority=\"high\" decoding=\"async\" width=\"263\" height=\"206\" src=\"https:\/\/www.alliance-francaise.nl\/gouda\/wp-content\/uploads\/sites\/18\/2020\/01\/council_europe_conseil_europe_263_206.jpg\" class=\"attachment-large size-large wp-image-151\" alt=\"\" \/>\t\t\t\t\t\t\t\t\t\t\t\t\t\t\t<\/div>\n\t\t\t\t<\/div>\n\t\t\t\t\t<\/div>\n\t\t<\/div>\n\t\t\t\t<div class=\"elementor-column elementor-col-66 elementor-top-column elementor-element elementor-element-2b058dff\" data-id=\"2b058dff\" data-element_type=\"column\" data-e-type=\"column\">\n\t\t\t<div class=\"elementor-widget-wrap elementor-element-populated\">\n\t\t\t\t\t\t<div class=\"elementor-element elementor-element-6442569d elementor-widget elementor-widget-text-editor\" data-id=\"6442569d\" data-element_type=\"widget\" data-e-type=\"widget\" data-widget_type=\"text-editor.default\">\n\t\t\t\t<div class=\"elementor-widget-container\">\n\t\t\t\t\t\t\t\t\t<p>De Alliance Fran\u00e7aise maakt gebruik van het\u00a0<b>Europese Referentiekader<\/b>\u00a0om het niveau van de cursussen aan te geven. Dit referentiekader is ontwikkeld onder leiding van de Raad van Europa met als doelstelling de beschrijving van de taalvaardigheidsniveaus voor de verschillende Europese talen te standaardiseren. Het referentiekader beschrijft verschillende taalvaardigheden op zes niveaus (A1, A2, B1, B2, C1 en C2). Deze beschrijvingen hebben een universele geldigheid: niveau A2 bij Frans veronderstelt dus dezelfde vaardigheden als niveau A2 bij Duits of Engels.<\/p>\t\t\t\t\t\t\t\t<\/div>\n\t\t\t\t<\/div>\n\t\t\t\t\t<\/div>\n\t\t<\/div>\n\t\t\t\t\t<\/div>\n\t\t<\/section>\n\t\t\t\t<section class=\"elementor-section elementor-top-section elementor-element elementor-element-2fab744 elementor-section-boxed elementor-section-height-default elementor-section-height-default\" data-id=\"2fab744\" data-element_type=\"section\" data-e-type=\"section\">\n\t\t\t\t\t\t<div class=\"elementor-container elementor-column-gap-default\">\n\t\t\t\t\t<div class=\"elementor-column elementor-col-100 elementor-top-column elementor-element elementor-element-66c062f\" data-id=\"66c062f\" data-element_type=\"column\" data-e-type=\"column\">\n\t\t\t<div class=\"elementor-widget-wrap elementor-element-populated\">\n\t\t\t\t\t\t\t<\/div>\n\t\t<\/div>\n\t\t\t\t\t<\/div>\n\t\t<\/section>\n\t\t\t\t<section class=\"elementor-section elementor-top-section elementor-element elementor-element-d8319cf elementor-section-boxed elementor-section-height-default elementor-section-height-default\" data-id=\"d8319cf\" data-element_type=\"section\" data-e-type=\"section\" data-settings=\"{&quot;background_background&quot;:&quot;classic&quot;}\">\n\t\t\t\t\t\t<div class=\"elementor-container elementor-column-gap-default\">\n\t\t\t\t\t<div class=\"elementor-column elementor-col-100 elementor-top-column elementor-element elementor-element-775ee3d\" data-id=\"775ee3d\" data-element_type=\"column\" data-e-type=\"column\">\n\t\t\t<div class=\"elementor-widget-wrap elementor-element-populated\">\n\t\t\t\t\t\t<div class=\"elementor-element elementor-element-6d450cc elementor-widget elementor-widget-text-editor\" data-id=\"6d450cc\" data-element_type=\"widget\" data-e-type=\"widget\" data-widget_type=\"text-editor.default\">\n\t\t\t\t<div class=\"elementor-widget-container\">\n\t\t\t\t\t\t\t\t\t<h5><strong>Niveau-aanduiding conform het Europees Referentiekader voor Talen (Cadre Europ\u00e9en Commun de R\u00e9f\u00e9rence)<\/strong><\/h5>\t\t\t\t\t\t\t\t<\/div>\n\t\t\t\t<\/div>\n\t\t\t\t\t<\/div>\n\t\t<\/div>\n\t\t\t\t\t<\/div>\n\t\t<\/section>\n\t\t\t\t<section class=\"elementor-section elementor-top-section elementor-element elementor-element-4bf6b883 elementor-section-boxed elementor-section-height-default elementor-section-height-default\" data-id=\"4bf6b883\" data-element_type=\"section\" data-e-type=\"section\" data-settings=\"{&quot;background_background&quot;:&quot;classic&quot;}\">\n\t\t\t\t\t\t<div class=\"elementor-container elementor-column-gap-default\">\n\t\t\t\t\t<div class=\"elementor-column elementor-col-100 elementor-top-column elementor-element elementor-element-ec010e\" data-id=\"ec010e\" data-element_type=\"column\" data-e-type=\"column\">\n\t\t\t<div class=\"elementor-widget-wrap elementor-element-populated\">\n\t\t\t\t\t\t<div class=\"elementor-element elementor-element-6340b83 elementor-widget elementor-widget-text-editor\" data-id=\"6340b83\" data-element_type=\"widget\" data-e-type=\"widget\" data-widget_type=\"text-editor.default\">\n\t\t\t\t<div class=\"elementor-widget-container\">\n\t\t\t\t\t\t\t\t\t<p>Er bestaan <a href=\"https:\/\/detaalbrigade.nl\/taalniveaus\/\" target=\"_blank\" rel=\"noopener\">zes niveaus<\/a>:<\/p><ul style=\"background-color: transparent;color: #333333;cursor: text;quot;quot;quot;quot;,times,serif;font-size: 16px;font-style: normal;font-variant: normal;font-weight: 400;letter-spacing: normal;text-align: left;text-decoration: none;text-indent: 0px;text-transform: none\"><li style=\"cursor: text\"><i style=\"cursor: text\"><b style=\"cursor: text\">A<\/b>\u00a0Basisgebruiker\u00a0<\/i><br \/><ul style=\"cursor: text\"><li style=\"cursor: text\"><b style=\"cursor: text\">A1<\/b> Beginner<\/li><li style=\"cursor: text\"><b style=\"cursor: text\">A2 <\/b>Lichtgevorderde<\/li><\/ul><\/li><li style=\"cursor: text\"><i style=\"cursor: text\"><b style=\"cursor: text\">B<\/b>\u00a0Onafhankelijke gebruiker\u00a0<\/i><br \/><ul style=\"cursor: text\"><li style=\"cursor: text\"><b style=\"cursor: text\">B1<\/b> Halfgevorderde<\/li><li style=\"cursor: text\"><b style=\"cursor: text\">B2<\/b> Gevorderde<\/li><\/ul><\/li><li style=\"cursor: text\"><i style=\"cursor: text\"><b style=\"cursor: text\">C<\/b>\u00a0Vaardige gebruiker\u00a0<\/i><br \/><ul style=\"cursor: text\"><li style=\"cursor: text\"><b style=\"cursor: text\">C1<\/b> Vergevorderde<\/li><li style=\"cursor: text\"><b style=\"cursor: text\">C2<\/b> (Bijna) moedertaalniveau<\/li><\/ul><\/li><\/ul>\t\t\t\t\t\t\t\t<\/div>\n\t\t\t\t<\/div>\n\t\t\t\t\t<\/div>\n\t\t<\/div>\n\t\t\t\t\t<\/div>\n\t\t<\/section>\n\t\t\t\t<section class=\"elementor-section elementor-top-section elementor-element elementor-element-6d1d60c elementor-section-boxed elementor-section-height-default elementor-section-height-default\" data-id=\"6d1d60c\" data-element_type=\"section\" data-e-type=\"section\" data-settings=\"{&quot;background_background&quot;:&quot;classic&quot;}\">\n\t\t\t\t\t\t<div class=\"elementor-container elementor-column-gap-default\">\n\t\t\t\t\t<div class=\"elementor-column elementor-col-100 elementor-top-column elementor-element elementor-element-69545f6\" data-id=\"69545f6\" data-element_type=\"column\" data-e-type=\"column\">\n\t\t\t<div class=\"elementor-widget-wrap elementor-element-populated\">\n\t\t\t\t\t\t<div class=\"elementor-element elementor-element-df87f69 elementor-widget elementor-widget-text-editor\" data-id=\"df87f69\" data-element_type=\"widget\" data-e-type=\"widget\" data-widget_type=\"text-editor.default\">\n\t\t\t\t<div class=\"elementor-widget-container\">\n\t\t\t\t\t\t\t\t\t<p>De vaardigheden die iemand voor de verschillende niveaus moet beheersen zijn de volgende:<\/p><ul><li>Luistervaardigheid<\/li><li>Leesvaardigheid<\/li><li>Schriftelijke uitdrukkingsvaardigheid<\/li><li>Mondelinge uitdrukkingsvaardigheid<\/li><\/ul>\t\t\t\t\t\t\t\t<\/div>\n\t\t\t\t<\/div>\n\t\t\t\t\t<\/div>\n\t\t<\/div>\n\t\t\t\t\t<\/div>\n\t\t<\/section>\n\t\t\t\t<section class=\"elementor-section elementor-top-section elementor-element elementor-element-ae6a8d7 elementor-section-boxed elementor-section-height-default elementor-section-height-default\" data-id=\"ae6a8d7\" data-element_type=\"section\" data-e-type=\"section\">\n\t\t\t\t\t\t<div class=\"elementor-container elementor-column-gap-default\">\n\t\t\t\t\t<div class=\"elementor-column elementor-col-100 elementor-top-column elementor-element elementor-element-1e7985c\" data-id=\"1e7985c\" data-element_type=\"column\" data-e-type=\"column\">\n\t\t\t<div class=\"elementor-widget-wrap elementor-element-populated\">\n\t\t\t\t\t\t\t<\/div>\n\t\t<\/div>\n\t\t\t\t\t<\/div>\n\t\t<\/section>\n\t\t\t\t<section class=\"elementor-section elementor-top-section elementor-element elementor-element-b1c1d95 elementor-section-boxed elementor-section-height-default elementor-section-height-default\" data-id=\"b1c1d95\" data-element_type=\"section\" data-e-type=\"section\">\n\t\t\t\t\t\t<div class=\"elementor-container elementor-column-gap-default\">\n\t\t\t\t\t<div class=\"elementor-column elementor-col-100 elementor-top-column elementor-element elementor-element-e0a6956\" data-id=\"e0a6956\" data-element_type=\"column\" data-e-type=\"column\">\n\t\t\t<div class=\"elementor-widget-wrap elementor-element-populated\">\n\t\t\t\t\t\t\t<\/div>\n\t\t<\/div>\n\t\t\t\t\t<\/div>\n\t\t<\/section>\n\t\t\t\t<\/div>\n\t\t","protected":false},"excerpt":{"rendered":"<p>Europees referentiekader voor talen Cadre Europ\u00e9en Commun de R\u00e9f\u00e9rence (CECR) De Alliance Fran\u00e7aise maakt gebruik van het\u00a0Europese Referentiekader\u00a0om het niveau van de cursussen aan te geven. Dit referentiekader is ontwikkeld [&hellip;]<\/p>\n","protected":false},"author":1,"featured_media":0,"parent":54,"menu_order":0,"comment_status":"closed","ping_status":"closed","template":"elementor_header_footer","meta":{"footnotes":""},"class_list":["post-191","page","type-page","status-publish","hentry"],"_links":{"self":[{"href":"https:\/\/www.alliance-francaise.nl\/gouda\/wp-json\/wp\/v2\/pages\/191","targetHints":{"allow":["GET"]}}],"collection":[{"href":"https:\/\/www.alliance-francaise.nl\/gouda\/wp-json\/wp\/v2\/pages"}],"about":[{"href":"https:\/\/www.alliance-francaise.nl\/gouda\/wp-json\/wp\/v2\/types\/page"}],"author":[{"embeddable":true,"href":"https:\/\/www.alliance-francaise.nl\/gouda\/wp-json\/wp\/v2\/users\/1"}],"replies":[{"embeddable":true,"href":"https:\/\/www.alliance-francaise.nl\/gouda\/wp-json\/wp\/v2\/comments?post=191"}],"version-history":[{"count":0,"href":"https:\/\/www.alliance-francaise.nl\/gouda\/wp-json\/wp\/v2\/pages\/191\/revisions"}],"up":[{"embeddable":true,"href":"https:\/\/www.alliance-francaise.nl\/gouda\/wp-json\/wp\/v2\/pages\/54"}],"wp:attachment":[{"href":"https:\/\/www.alliance-francaise.nl\/gouda\/wp-json\/wp\/v2\/media?parent=191"}],"curies":[{"name":"wp","href":"https:\/\/api.w.org\/{rel}","templated":true}]}}