{"id":607,"date":"2020-02-25T14:44:04","date_gmt":"2020-02-25T14:44:04","guid":{"rendered":"https:\/\/www.alliance-francaise.nl\/2020\/gooi\/?page_id=607"},"modified":"2021-11-24T14:28:22","modified_gmt":"2021-11-24T14:28:22","slug":"januari-februari-2020","status":"publish","type":"page","link":"https:\/\/www.alliance-francaise.nl\/gooi\/januari-februari-2020\/","title":{"rendered":"Cultureel programma 2020-2021"},"content":{"rendered":"\t\t<div data-elementor-type=\"wp-page\" data-elementor-id=\"607\" class=\"elementor elementor-607\" data-elementor-post-type=\"page\">\n\t\t\t\t\t\t<section class=\"elementor-section elementor-top-section elementor-element elementor-element-7cc50ce2 elementor-section-boxed elementor-section-height-default elementor-section-height-default\" data-id=\"7cc50ce2\" data-element_type=\"section\" data-e-type=\"section\" data-settings=\"{&quot;background_background&quot;:&quot;classic&quot;}\">\n\t\t\t\t\t\t<div class=\"elementor-container elementor-column-gap-default\">\n\t\t\t\t\t<div class=\"elementor-column elementor-col-100 elementor-top-column elementor-element elementor-element-4491ae11\" data-id=\"4491ae11\" data-element_type=\"column\" data-e-type=\"column\">\n\t\t\t<div class=\"elementor-widget-wrap\">\n\t\t\t\t\t\t\t<\/div>\n\t\t<\/div>\n\t\t\t\t\t<\/div>\n\t\t<\/section>\n\t\t\t\t<section class=\"elementor-section elementor-top-section elementor-element elementor-element-60fd5f98 elementor-section-boxed elementor-section-height-default elementor-section-height-default\" data-id=\"60fd5f98\" data-element_type=\"section\" data-e-type=\"section\">\n\t\t\t\t\t\t<div class=\"elementor-container elementor-column-gap-default\">\n\t\t\t\t\t<div class=\"elementor-column elementor-col-100 elementor-top-column elementor-element elementor-element-47dd2287\" data-id=\"47dd2287\" data-element_type=\"column\" data-e-type=\"column\" data-settings=\"{&quot;background_background&quot;:&quot;classic&quot;}\">\n\t\t\t<div class=\"elementor-widget-wrap elementor-element-populated\">\n\t\t\t\t\t<div class=\"elementor-background-overlay\"><\/div>\n\t\t\t\t\t\t<div class=\"elementor-element elementor-element-74cfa177 elementor-widget elementor-widget-heading\" data-id=\"74cfa177\" data-element_type=\"widget\" data-e-type=\"widget\" data-widget_type=\"heading.default\">\n\t\t\t\t<div class=\"elementor-widget-container\">\n\t\t\t\t\t<h1 class=\"elementor-heading-title elementor-size-default\">Januari - februari  2020<\/h1>\t\t\t\t<\/div>\n\t\t\t\t<\/div>\n\t\t\t\t\t<\/div>\n\t\t<\/div>\n\t\t\t\t\t<\/div>\n\t\t<\/section>\n\t\t\t\t<section class=\"elementor-section elementor-top-section elementor-element elementor-element-fa175e3 elementor-section-boxed elementor-section-height-default elementor-section-height-default\" data-id=\"fa175e3\" data-element_type=\"section\" data-e-type=\"section\">\n\t\t\t\t\t\t<div class=\"elementor-container elementor-column-gap-default\">\n\t\t\t\t\t<div class=\"elementor-column elementor-col-100 elementor-top-column elementor-element elementor-element-82e3e52\" data-id=\"82e3e52\" data-element_type=\"column\" data-e-type=\"column\">\n\t\t\t<div class=\"elementor-widget-wrap elementor-element-populated\">\n\t\t\t\t\t\t<section class=\"elementor-section elementor-inner-section elementor-element elementor-element-f329cf1 elementor-section-boxed elementor-section-height-default elementor-section-height-default\" data-id=\"f329cf1\" data-element_type=\"section\" data-e-type=\"section\">\n\t\t\t\t\t\t<div class=\"elementor-container elementor-column-gap-default\">\n\t\t\t\t\t<div class=\"elementor-column elementor-col-50 elementor-inner-column elementor-element elementor-element-d7080f4\" data-id=\"d7080f4\" data-element_type=\"column\" data-e-type=\"column\">\n\t\t\t<div class=\"elementor-widget-wrap elementor-element-populated\">\n\t\t\t\t\t\t<div class=\"elementor-element elementor-element-33c4782 elementor-widget elementor-widget-image\" data-id=\"33c4782\" data-element_type=\"widget\" data-e-type=\"widget\" data-widget_type=\"image.default\">\n\t\t\t\t<div class=\"elementor-widget-container\">\n\t\t\t\t\t\t\t\t\t\t\t\t\t\t\t<img decoding=\"async\" width=\"200\" height=\"200\" src=\"https:\/\/www.alliance-francaise.nl\/gooi\/wp-content\/uploads\/sites\/10\/2020\/02\/Anna-Sabidussi.jpg\" class=\"attachment-large size-large wp-image-590\" alt=\"\" srcset=\"https:\/\/www.alliance-francaise.nl\/gooi\/wp-content\/uploads\/sites\/10\/2020\/02\/Anna-Sabidussi.jpg 200w, https:\/\/www.alliance-francaise.nl\/gooi\/wp-content\/uploads\/sites\/10\/2020\/02\/Anna-Sabidussi-150x150.jpg 150w, https:\/\/www.alliance-francaise.nl\/gooi\/wp-content\/uploads\/sites\/10\/2020\/02\/Anna-Sabidussi-100x100.jpg 100w\" sizes=\"(max-width: 200px) 100vw, 200px\" \/>\t\t\t\t\t\t\t\t\t\t\t\t\t\t\t<\/div>\n\t\t\t\t<\/div>\n\t\t\t\t\t<\/div>\n\t\t<\/div>\n\t\t\t\t<div class=\"elementor-column elementor-col-50 elementor-inner-column elementor-element elementor-element-f2fb19a\" data-id=\"f2fb19a\" data-element_type=\"column\" data-e-type=\"column\">\n\t\t\t<div class=\"elementor-widget-wrap elementor-element-populated\">\n\t\t\t\t\t\t<div class=\"elementor-element elementor-element-9d007e5 elementor-widget elementor-widget-heading\" data-id=\"9d007e5\" data-element_type=\"widget\" data-e-type=\"widget\" data-widget_type=\"heading.default\">\n\t\t\t\t<div class=\"elementor-widget-container\">\n\t\t\t\t\t<h2 class=\"elementor-heading-title elementor-size-large\">Donderdag 9 januari<\/h2>\t\t\t\t<\/div>\n\t\t\t\t<\/div>\n\t\t\t\t<div class=\"elementor-element elementor-element-c3e3450 elementor-widget elementor-widget-text-editor\" data-id=\"c3e3450\" data-element_type=\"widget\" data-e-type=\"widget\" data-widget_type=\"text-editor.default\">\n\t\t\t\t<div class=\"elementor-widget-container\">\n\t\t\t\t\t\t\t\t\t<p><strong>Brinkhuis Laren <\/strong>\u00a0<br \/><span style=\"color: #da002e\"><strong>Soir\u00e9e culturelle\u00a0<\/strong><\/span>\u00a0<\/p><p><strong>Tijd:<\/strong> 20.00 \u2013 22.30 uur <br \/><strong><span style=\"color: #800000\"><span style=\"color: #da002e\">Lezing van Anna Sabidussi, &#8220;Les Metiers du Parfum&#8221;<br \/><\/span><\/span><\/strong><strong>Anna Sabidussi<\/strong> is CEO van\u00a0<a href=\"https:\/\/5sne.com\/nl\/\" target=\"_blank\" rel=\"noopener noreferrer\"><strong>Cinqui\u00e8me Sens Northern Europe<\/strong><\/a>\u00a0,een gerenommeerd kenniscentrum van de parfumerie in Frankrijk.<br \/><strong>Kosten:<\/strong> Toegang gratis voor leden en cursisten op vertoon van de Carte Nationale. Introduc\u00e9s betalen \u20ac 7,50<br \/><br \/>La conference propose un parcours de decouverte des metiers du parfum. Un tour du monde qui fait conna\u00eetre la modernit\u00e9 et la tradition d&#8217;un savoir-faire ancien et souvent m\u00e9connu. La s\u00e9ance permet de mieux conna\u00eetre le monde des fragrances, le savoir-faire fran\u00e7ais, l&#8217;industrie du luxe et d\u00e9couvrir un univers complexe s\u00e9duisant et secret.<\/p><p>Deze bijeenkomst is een ontdekkingsreis die alle zaken die met parfum te maken hebben aan het licht brengt. Een wereldreis die de moderniteit en de traditie van een oude en vaak onbekende knowhow bekend maakt. De sessie stelt u in staat om de wereld van geuren, Franse know-how en de luxe industrie te leren kennen en een complex universum te ontdekken, die verleidelijk en geheim is.<\/p><p>\u00a0<\/p>\t\t\t\t\t\t\t\t<\/div>\n\t\t\t\t<\/div>\n\t\t\t\t\t<\/div>\n\t\t<\/div>\n\t\t\t\t\t<\/div>\n\t\t<\/section>\n\t\t\t\t\t<\/div>\n\t\t<\/div>\n\t\t\t\t\t<\/div>\n\t\t<\/section>\n\t\t\t\t<section class=\"elementor-section elementor-top-section elementor-element elementor-element-df01130 elementor-section-boxed elementor-section-height-default elementor-section-height-default\" data-id=\"df01130\" data-element_type=\"section\" data-e-type=\"section\" data-settings=\"{&quot;background_background&quot;:&quot;classic&quot;}\">\n\t\t\t\t\t\t<div class=\"elementor-container elementor-column-gap-default\">\n\t\t\t\t\t<div class=\"elementor-column elementor-col-100 elementor-top-column elementor-element elementor-element-e85281d\" data-id=\"e85281d\" data-element_type=\"column\" data-e-type=\"column\">\n\t\t\t<div class=\"elementor-widget-wrap elementor-element-populated\">\n\t\t\t\t\t\t<section class=\"elementor-section elementor-inner-section elementor-element elementor-element-7b31ec9 elementor-section-boxed elementor-section-height-default elementor-section-height-default\" data-id=\"7b31ec9\" data-element_type=\"section\" data-e-type=\"section\">\n\t\t\t\t\t\t<div class=\"elementor-container elementor-column-gap-default\">\n\t\t\t\t\t<div class=\"elementor-column elementor-col-50 elementor-inner-column elementor-element elementor-element-1b53cf1\" data-id=\"1b53cf1\" data-element_type=\"column\" data-e-type=\"column\">\n\t\t\t<div class=\"elementor-widget-wrap elementor-element-populated\">\n\t\t\t\t\t\t<div class=\"elementor-element elementor-element-b0250ba elementor-widget elementor-widget-image\" data-id=\"b0250ba\" data-element_type=\"widget\" data-e-type=\"widget\" data-widget_type=\"image.default\">\n\t\t\t\t<div class=\"elementor-widget-container\">\n\t\t\t\t\t\t\t\t\t\t\t\t\t\t\t<img fetchpriority=\"high\" decoding=\"async\" width=\"207\" height=\"243\" src=\"https:\/\/www.alliance-francaise.nl\/gooi\/wp-content\/uploads\/sites\/10\/2020\/02\/download.jpeg\" class=\"attachment-large size-large wp-image-565\" alt=\"\" \/>\t\t\t\t\t\t\t\t\t\t\t\t\t\t\t<\/div>\n\t\t\t\t<\/div>\n\t\t\t\t\t<\/div>\n\t\t<\/div>\n\t\t\t\t<div class=\"elementor-column elementor-col-50 elementor-inner-column elementor-element elementor-element-86454a5\" data-id=\"86454a5\" data-element_type=\"column\" data-e-type=\"column\">\n\t\t\t<div class=\"elementor-widget-wrap elementor-element-populated\">\n\t\t\t\t\t\t<div class=\"elementor-element elementor-element-3dc70a1 elementor-widget elementor-widget-heading\" data-id=\"3dc70a1\" data-element_type=\"widget\" data-e-type=\"widget\" data-widget_type=\"heading.default\">\n\t\t\t\t<div class=\"elementor-widget-container\">\n\t\t\t\t\t<h2 class=\"elementor-heading-title elementor-size-large\">Zaterdag 18 januari<\/h2>\t\t\t\t<\/div>\n\t\t\t\t<\/div>\n\t\t\t\t<div class=\"elementor-element elementor-element-7176179 elementor-widget elementor-widget-text-editor\" data-id=\"7176179\" data-element_type=\"widget\" data-e-type=\"widget\" data-widget_type=\"text-editor.default\">\n\t\t\t\t<div class=\"elementor-widget-container\">\n\t\t\t\t\t\t\t\t\t<p><strong>Bibliotheek Huizen,\u00a0<\/strong>Plein 2000, no.1\u00a0<br \/><strong><span style=\"color: #da002e\">Caf\u00e9 Parlant<br \/><\/span><\/strong><strong>Tijd:<\/strong>\u00a011.00 \u2013 13.00 uur<br \/><strong><span style=\"color: #da002e\">Presentatie door Marc Defossez, voorzitter AFPB &#8217;t Gooi-Almere<\/span><\/strong><br \/><strong><span style=\"color: #da002e\">&#8220;Arras, Douai et alentours&#8221;,\u00a0<\/span><\/strong><br \/><strong>Kosten:<\/strong> Toegang gratis voor iedereen; wel vragen we \u20ac 1,50 voor een kopje koffie\/thee. Een stukje &#8220;galette des rois&#8221; kost \u20ac 2,-. (Graag contant meenemen. De AF is niet in het bezit van een een pinautomaat).<\/p><p><strong>Marc Defossez<\/strong> neemt ons tijdens zijn presentatie mee naar Arras, Douai en omgeving.<\/p><p><strong>La traditionnelle galette des rois.<\/strong>\u00a0<br \/><strong>Het traditionele delen van de \u00abdriekoningentaart\u00bb.<\/strong><\/p><p style=\"text-align: left\">Na de presentatie zal de &#8220;Galette des rois&#8221; worden gedeeld.<br \/><br \/>Een\u00a0(drie)koningentaart\u00a0is een\u00a0taart\u00a0die gebakken wordt naar aanleiding van het\u00a0driekoningenfeest. In de\u00a0frangipane-taart wordt een voorwerp (een boon,\u00a0muntstuk, een porseleinen beeldje&#8230;) verstopt en de persoon die het terugvindt in zijn stuk taart is die dag &#8220;koning(in)&#8221; en mag een\u00a0kroon\u00a0dragen.<br \/>Wie weet, bent u de gelukkige!<\/p>\t\t\t\t\t\t\t\t<\/div>\n\t\t\t\t<\/div>\n\t\t\t\t\t<\/div>\n\t\t<\/div>\n\t\t\t\t\t<\/div>\n\t\t<\/section>\n\t\t\t\t\t<\/div>\n\t\t<\/div>\n\t\t\t\t\t<\/div>\n\t\t<\/section>\n\t\t\t\t<section class=\"elementor-section elementor-top-section elementor-element elementor-element-4ca5cd7 elementor-section-boxed elementor-section-height-default elementor-section-height-default\" data-id=\"4ca5cd7\" data-element_type=\"section\" data-e-type=\"section\">\n\t\t\t\t\t\t<div class=\"elementor-container elementor-column-gap-default\">\n\t\t\t\t\t<div class=\"elementor-column elementor-col-100 elementor-top-column elementor-element elementor-element-aa4a467\" data-id=\"aa4a467\" data-element_type=\"column\" data-e-type=\"column\">\n\t\t\t<div class=\"elementor-widget-wrap elementor-element-populated\">\n\t\t\t\t\t\t<section class=\"elementor-section elementor-inner-section elementor-element elementor-element-47da654 elementor-section-boxed elementor-section-height-default elementor-section-height-default\" data-id=\"47da654\" data-element_type=\"section\" data-e-type=\"section\">\n\t\t\t\t\t\t<div class=\"elementor-container elementor-column-gap-default\">\n\t\t\t\t\t<div class=\"elementor-column elementor-col-50 elementor-inner-column elementor-element elementor-element-57b9cb7\" data-id=\"57b9cb7\" data-element_type=\"column\" data-e-type=\"column\">\n\t\t\t<div class=\"elementor-widget-wrap elementor-element-populated\">\n\t\t\t\t\t\t<div class=\"elementor-element elementor-element-2c51d87 elementor-widget elementor-widget-image\" data-id=\"2c51d87\" data-element_type=\"widget\" data-e-type=\"widget\" data-widget_type=\"image.default\">\n\t\t\t\t<div class=\"elementor-widget-container\">\n\t\t\t\t\t\t\t\t\t\t\t\t\t\t\t<img decoding=\"async\" width=\"188\" height=\"269\" src=\"https:\/\/www.alliance-francaise.nl\/gooi\/wp-content\/uploads\/sites\/10\/2020\/02\/SamenEindigen.jpg\" class=\"attachment-large size-large wp-image-594\" alt=\"\" \/>\t\t\t\t\t\t\t\t\t\t\t\t\t\t\t<\/div>\n\t\t\t\t<\/div>\n\t\t\t\t\t<\/div>\n\t\t<\/div>\n\t\t\t\t<div class=\"elementor-column elementor-col-50 elementor-inner-column elementor-element elementor-element-9ffa89c\" data-id=\"9ffa89c\" data-element_type=\"column\" data-e-type=\"column\">\n\t\t\t<div class=\"elementor-widget-wrap elementor-element-populated\">\n\t\t\t\t\t\t<div class=\"elementor-element elementor-element-e1ead0a elementor-widget elementor-widget-heading\" data-id=\"e1ead0a\" data-element_type=\"widget\" data-e-type=\"widget\" data-widget_type=\"heading.default\">\n\t\t\t\t<div class=\"elementor-widget-container\">\n\t\t\t\t\t<h2 class=\"elementor-heading-title elementor-size-large\">Zaterdag 1 februari<\/h2>\t\t\t\t<\/div>\n\t\t\t\t<\/div>\n\t\t\t\t<div class=\"elementor-element elementor-element-2917d4a elementor-widget elementor-widget-text-editor\" data-id=\"2917d4a\" data-element_type=\"widget\" data-e-type=\"widget\" data-widget_type=\"text-editor.default\">\n\t\t\t\t<div class=\"elementor-widget-container\">\n\t\t\t\t\t\t\t\t\t<p><strong>Bibliotheek Huizen<br \/><span style=\"color: #da002e\">Caf\u00e9 parlant Film<\/span><\/strong><br \/><strong>Tijd:<\/strong> 11.00 &#8211; 13.30 uur<\/p><p style=\"text-align: left\"><strong>Door stijgende kosten, zijn we helaas genoodzaakt om \u20ac2,- per persoon te vragen voor de film.<\/strong>\u00a0<strong>Dit geldt ook voor leden en cursisten<\/strong>. Na afloop van de film praten we na met een stuk quiche van Chef Savvas (<strong>\u20ac2,-<\/strong>) en koffie\/thee.<\/p><p><strong>NOUS FINIRONS ENSEMBLE<\/strong>\u00a0is de nieuwste film van regisseur en acteur Guillaume Canet (uit 2019) en volgt op de Franse bioscoop hit LES PETITS MOUCHOIRS (2010)\u00a0<strong>De 2 films zijn perfect los van elkaar te zien overigens.<\/strong>\u00a0Toen zagen we hoe Max en zijn vrouw V\u00e9ro met hun vrienden gezamenlijk vakantie vieren in hun prachtige strandhuis. Voor NOUS FINIRONS EMSEMBLE keert de originele sterrencast terug voor een grote re\u00fcnie. Met o.a. Oscarwinnares Marion Cotillard (DE ROUILLE ET D&#8217;OS, INCEPTION), Fran\u00e7ois Cluzet (INTOUCHABLES), Gilles Lellouche (PARIS), Laurent Lafitte (ELLE) en Beno\u00eet Magimel (LA PIANISTE).<\/p>\t\t\t\t\t\t\t\t<\/div>\n\t\t\t\t<\/div>\n\t\t\t\t\t<\/div>\n\t\t<\/div>\n\t\t\t\t\t<\/div>\n\t\t<\/section>\n\t\t\t\t\t<\/div>\n\t\t<\/div>\n\t\t\t\t\t<\/div>\n\t\t<\/section>\n\t\t\t\t<section class=\"elementor-section elementor-top-section elementor-element elementor-element-b785b1b elementor-section-boxed elementor-section-height-default elementor-section-height-default\" data-id=\"b785b1b\" data-element_type=\"section\" data-e-type=\"section\" data-settings=\"{&quot;background_background&quot;:&quot;classic&quot;}\">\n\t\t\t\t\t\t<div class=\"elementor-container elementor-column-gap-default\">\n\t\t\t\t\t<div class=\"elementor-column elementor-col-100 elementor-top-column elementor-element elementor-element-b85ce3e\" data-id=\"b85ce3e\" data-element_type=\"column\" data-e-type=\"column\">\n\t\t\t<div class=\"elementor-widget-wrap elementor-element-populated\">\n\t\t\t\t\t\t<section class=\"elementor-section elementor-inner-section elementor-element elementor-element-faa3f9e elementor-section-boxed elementor-section-height-default elementor-section-height-default\" data-id=\"faa3f9e\" data-element_type=\"section\" data-e-type=\"section\">\n\t\t\t\t\t\t<div class=\"elementor-container elementor-column-gap-default\">\n\t\t\t\t\t<div class=\"elementor-column elementor-col-50 elementor-inner-column elementor-element elementor-element-2c3802d\" data-id=\"2c3802d\" data-element_type=\"column\" data-e-type=\"column\">\n\t\t\t<div class=\"elementor-widget-wrap elementor-element-populated\">\n\t\t\t\t\t\t<div class=\"elementor-element elementor-element-01e459a elementor-widget elementor-widget-image\" data-id=\"01e459a\" data-element_type=\"widget\" data-e-type=\"widget\" data-widget_type=\"image.default\">\n\t\t\t\t<div class=\"elementor-widget-container\">\n\t\t\t\t\t\t\t\t\t\t\t\t\t\t\t<img loading=\"lazy\" decoding=\"async\" width=\"400\" height=\"269\" src=\"https:\/\/www.alliance-francaise.nl\/gooi\/wp-content\/uploads\/sites\/10\/2020\/02\/LyonFeb2020.jpg\" class=\"attachment-large size-large wp-image-596\" alt=\"\" srcset=\"https:\/\/www.alliance-francaise.nl\/gooi\/wp-content\/uploads\/sites\/10\/2020\/02\/LyonFeb2020.jpg 400w, https:\/\/www.alliance-francaise.nl\/gooi\/wp-content\/uploads\/sites\/10\/2020\/02\/LyonFeb2020-300x202.jpg 300w\" sizes=\"(max-width: 400px) 100vw, 400px\" \/>\t\t\t\t\t\t\t\t\t\t\t\t\t\t\t<\/div>\n\t\t\t\t<\/div>\n\t\t\t\t\t<\/div>\n\t\t<\/div>\n\t\t\t\t<div class=\"elementor-column elementor-col-50 elementor-inner-column elementor-element elementor-element-ff8b11a\" data-id=\"ff8b11a\" data-element_type=\"column\" data-e-type=\"column\">\n\t\t\t<div class=\"elementor-widget-wrap elementor-element-populated\">\n\t\t\t\t\t\t<div class=\"elementor-element elementor-element-d35d005 elementor-widget elementor-widget-heading\" data-id=\"d35d005\" data-element_type=\"widget\" data-e-type=\"widget\" data-widget_type=\"heading.default\">\n\t\t\t\t<div class=\"elementor-widget-container\">\n\t\t\t\t\t<h2 class=\"elementor-heading-title elementor-size-large\">Donderdag 13 februari<\/h2>\t\t\t\t<\/div>\n\t\t\t\t<\/div>\n\t\t\t\t<div class=\"elementor-element elementor-element-6ad1e48 elementor-widget elementor-widget-text-editor\" data-id=\"6ad1e48\" data-element_type=\"widget\" data-e-type=\"widget\" data-widget_type=\"text-editor.default\">\n\t\t\t\t<div class=\"elementor-widget-container\">\n\t\t\t\t\t\t\t\t\t<p><strong>Bibliotheek Hilversum <br \/><span style=\"color: #da002e\">Soir\u00e9e Culturelle<\/span><\/strong><br \/><strong>Tijd:<\/strong> 20.00 \u2013 22.30 uur<\/p><p><strong><span style=\"color: #da002e\"> Lezing Catherine Coiro:\u00a0 &#8220;Lyon, La Ville des Lumi\u00e8res; Lyon, stad van het licht&#8221;<\/span><\/strong><br \/><span style=\"color: #000000\"><strong>Kosten:<\/strong> Gratis toegang voor leden en cursisten op vertoon van de Carte Nationale AF, introducees betalen \u20ac 7,50-. Voor koffie\/thee vragen we een kleine bijdrage.<\/span><\/p><p>&#8220;Une visite en compagnie d&#8217;une Lyonnaise qui vous fera decouvrir une ville a mille facettes, riche de secrets, de cours pavees et d&#8217; histoire.<br \/>Lyon capitale de la gastronomie, est inscrite au patrimoine mondial\u00a0 de L&#8217; UNESCO.\u00a0<br \/>Toutes ces qualites qui font de cette ville une destination a ne pas manquer lors de votre prochaine visite en France!&#8221;<\/p><p>&#8220;U brengt een bezoek aan Lyon in het gezelschap van een Lyonnaise, die u een stad met duizend facetten zal laten ontdekken. Een stad, die rijk is aan geheimen en geplaveide pleinen vol geschiedenis heeft.<br \/>Lyon is de gastronomische hoofdstad en de oude binnenstad staat op de werelderfgoedlijst van de UNESCO.<br \/>Al deze kwaliteiten maken Lyon een bestemming die niet mag ontbreken tijdens uw volgende bezoek aan Frankrijk!&#8221;<\/p>\t\t\t\t\t\t\t\t<\/div>\n\t\t\t\t<\/div>\n\t\t\t\t\t<\/div>\n\t\t<\/div>\n\t\t\t\t\t<\/div>\n\t\t<\/section>\n\t\t\t\t\t<\/div>\n\t\t<\/div>\n\t\t\t\t\t<\/div>\n\t\t<\/section>\n\t\t\t\t<\/div>\n\t\t","protected":false},"excerpt":{"rendered":"<p>Januari &#8211; februari 2020 Donderdag 9 januari Brinkhuis Laren &nbsp; Soir\u00e9e culturelle&nbsp;&nbsp; Tijd: 20.00 \u2013 22.30 uur Lezing van Anna Sabidussi, &#8220;Les Metiers du Parfum&#8221; Anna Sabidussi is CEO van&nbsp;Cinqui\u00e8me [&hellip;]<\/p>\n","protected":false},"author":8,"featured_media":0,"parent":0,"menu_order":0,"comment_status":"closed","ping_status":"closed","template":"elementor_header_footer","meta":{"footnotes":""},"class_list":["post-607","page","type-page","status-publish","hentry"],"_links":{"self":[{"href":"https:\/\/www.alliance-francaise.nl\/gooi\/wp-json\/wp\/v2\/pages\/607","targetHints":{"allow":["GET"]}}],"collection":[{"href":"https:\/\/www.alliance-francaise.nl\/gooi\/wp-json\/wp\/v2\/pages"}],"about":[{"href":"https:\/\/www.alliance-francaise.nl\/gooi\/wp-json\/wp\/v2\/types\/page"}],"author":[{"embeddable":true,"href":"https:\/\/www.alliance-francaise.nl\/gooi\/wp-json\/wp\/v2\/users\/8"}],"replies":[{"embeddable":true,"href":"https:\/\/www.alliance-francaise.nl\/gooi\/wp-json\/wp\/v2\/comments?post=607"}],"version-history":[{"count":0,"href":"https:\/\/www.alliance-francaise.nl\/gooi\/wp-json\/wp\/v2\/pages\/607\/revisions"}],"wp:attachment":[{"href":"https:\/\/www.alliance-francaise.nl\/gooi\/wp-json\/wp\/v2\/media?parent=607"}],"curies":[{"name":"wp","href":"https:\/\/api.w.org\/{rel}","templated":true}]}}