{"id":58,"date":"2019-10-17T12:22:11","date_gmt":"2019-10-17T12:22:11","guid":{"rendered":"https:\/\/www.alliance-francaise.nl\/2020\/gooi\/?page_id=58"},"modified":"2023-10-15T14:52:09","modified_gmt":"2023-10-15T12:52:09","slug":"europees-referentiekader","status":"publish","type":"page","link":"https:\/\/www.alliance-francaise.nl\/gooi\/cursus\/europees-referentiekader\/","title":{"rendered":"Europees Referentiekader &#8211; Niveau"},"content":{"rendered":"\t\t<div data-elementor-type=\"wp-page\" data-elementor-id=\"58\" class=\"elementor elementor-58\" data-elementor-post-type=\"page\">\n\t\t\t\t\t\t<section class=\"elementor-section elementor-top-section elementor-element elementor-element-731efa78 elementor-section-boxed elementor-section-height-default elementor-section-height-default\" data-id=\"731efa78\" data-element_type=\"section\" data-e-type=\"section\" data-settings=\"{&quot;background_background&quot;:&quot;classic&quot;}\">\n\t\t\t\t\t\t<div class=\"elementor-container elementor-column-gap-default\">\n\t\t\t\t\t<div class=\"elementor-column elementor-col-100 elementor-top-column elementor-element elementor-element-184cc041\" data-id=\"184cc041\" data-element_type=\"column\" data-e-type=\"column\">\n\t\t\t<div class=\"elementor-widget-wrap\">\n\t\t\t\t\t\t\t<\/div>\n\t\t<\/div>\n\t\t\t\t\t<\/div>\n\t\t<\/section>\n\t\t\t\t<section class=\"elementor-section elementor-top-section elementor-element elementor-element-3775dfdc elementor-section-boxed elementor-section-height-default elementor-section-height-default\" data-id=\"3775dfdc\" data-element_type=\"section\" data-e-type=\"section\">\n\t\t\t\t\t\t<div class=\"elementor-container elementor-column-gap-default\">\n\t\t\t\t\t<div class=\"elementor-column elementor-col-100 elementor-top-column elementor-element elementor-element-10857ed8\" data-id=\"10857ed8\" data-element_type=\"column\" data-e-type=\"column\" data-settings=\"{&quot;background_background&quot;:&quot;classic&quot;}\">\n\t\t\t<div class=\"elementor-widget-wrap elementor-element-populated\">\n\t\t\t\t\t<div class=\"elementor-background-overlay\"><\/div>\n\t\t\t\t\t\t<div class=\"elementor-element elementor-element-1219dd3a elementor-widget elementor-widget-heading\" data-id=\"1219dd3a\" data-element_type=\"widget\" data-e-type=\"widget\" data-widget_type=\"heading.default\">\n\t\t\t\t<div class=\"elementor-widget-container\">\n\t\t\t\t\t<h1 class=\"elementor-heading-title elementor-size-default\">Europees referentiekader voor talen &amp;<br> Niveautest<\/h1>\t\t\t\t<\/div>\n\t\t\t\t<\/div>\n\t\t\t\t\t<\/div>\n\t\t<\/div>\n\t\t\t\t\t<\/div>\n\t\t<\/section>\n\t\t\t\t<section class=\"elementor-section elementor-top-section elementor-element elementor-element-6639c168 elementor-section-boxed elementor-section-height-default elementor-section-height-default\" data-id=\"6639c168\" data-element_type=\"section\" data-e-type=\"section\">\n\t\t\t\t\t\t<div class=\"elementor-container elementor-column-gap-default\">\n\t\t\t\t\t<div class=\"elementor-column elementor-col-100 elementor-top-column elementor-element elementor-element-33ba9172\" data-id=\"33ba9172\" data-element_type=\"column\" data-e-type=\"column\">\n\t\t\t<div class=\"elementor-widget-wrap elementor-element-populated\">\n\t\t\t\t\t\t<div class=\"elementor-element elementor-element-35d69510 elementor-widget elementor-widget-heading\" data-id=\"35d69510\" data-element_type=\"widget\" data-e-type=\"widget\" data-widget_type=\"heading.default\">\n\t\t\t\t<div class=\"elementor-widget-container\">\n\t\t\t\t\t<h2 class=\"elementor-heading-title elementor-size-default\">Cadre Europ\u00e9en Commun de R\u00e9f\u00e9rence (CECR)<\/h2>\t\t\t\t<\/div>\n\t\t\t\t<\/div>\n\t\t\t\t\t<\/div>\n\t\t<\/div>\n\t\t\t\t\t<\/div>\n\t\t<\/section>\n\t\t\t\t<section class=\"elementor-section elementor-top-section elementor-element elementor-element-3652005c elementor-section-boxed elementor-section-height-default elementor-section-height-default\" data-id=\"3652005c\" data-element_type=\"section\" data-e-type=\"section\">\n\t\t\t\t\t\t<div class=\"elementor-container elementor-column-gap-default\">\n\t\t\t\t\t<div class=\"elementor-column elementor-col-33 elementor-top-column elementor-element elementor-element-795571c\" data-id=\"795571c\" data-element_type=\"column\" data-e-type=\"column\">\n\t\t\t<div class=\"elementor-widget-wrap elementor-element-populated\">\n\t\t\t\t\t\t<div class=\"elementor-element elementor-element-557587ad elementor-widget elementor-widget-image\" data-id=\"557587ad\" data-element_type=\"widget\" data-e-type=\"widget\" data-widget_type=\"image.default\">\n\t\t\t\t<div class=\"elementor-widget-container\">\n\t\t\t\t\t\t\t\t\t\t\t\t\t\t\t<img decoding=\"async\" width=\"221\" height=\"170\" src=\"https:\/\/www.alliance-francaise.nl\/gooi\/wp-content\/uploads\/sites\/10\/2020\/04\/conseil.png\" class=\"attachment-large size-large wp-image-1194\" alt=\"\" \/>\t\t\t\t\t\t\t\t\t\t\t\t\t\t\t<\/div>\n\t\t\t\t<\/div>\n\t\t\t\t\t<\/div>\n\t\t<\/div>\n\t\t\t\t<div class=\"elementor-column elementor-col-66 elementor-top-column elementor-element elementor-element-670edf43\" data-id=\"670edf43\" data-element_type=\"column\" data-e-type=\"column\">\n\t\t\t<div class=\"elementor-widget-wrap elementor-element-populated\">\n\t\t\t\t\t\t<div class=\"elementor-element elementor-element-67350325 elementor-widget elementor-widget-text-editor\" data-id=\"67350325\" data-element_type=\"widget\" data-e-type=\"widget\" data-widget_type=\"text-editor.default\">\n\t\t\t\t<div class=\"elementor-widget-container\">\n\t\t\t\t\t\t\t\t\t<p>De Alliance Fran\u00e7aise maakt gebruik van het\u00a0<b>Europese Referentiekader<\/b>\u00a0om het niveau van de cursussen aan te geven. Dit referentiekader is ontwikkeld onder leiding van de Raad van Europa met als doelstelling de beschrijving van de taalvaardigheidsniveaus voor de verschillende Europese talen te standaardiseren. Het referentiekader beschrijft verschillende taalvaardigheden op zes niveaus (A1, A2, B1, B2, C1 en C2). Deze beschrijvingen hebben een universele geldigheid: niveau A2 bij Frans veronderstelt dus dezelfde vaardigheden als niveau A2 bij Duits of Engels.<\/p>\t\t\t\t\t\t\t\t<\/div>\n\t\t\t\t<\/div>\n\t\t\t\t\t<\/div>\n\t\t<\/div>\n\t\t\t\t\t<\/div>\n\t\t<\/section>\n\t\t\t\t<section class=\"elementor-section elementor-top-section elementor-element elementor-element-de2cb48 elementor-section-boxed elementor-section-height-default elementor-section-height-default\" data-id=\"de2cb48\" data-element_type=\"section\" data-e-type=\"section\" data-settings=\"{&quot;background_background&quot;:&quot;classic&quot;}\">\n\t\t\t\t\t\t<div class=\"elementor-container elementor-column-gap-default\">\n\t\t\t\t\t<div class=\"elementor-column elementor-col-100 elementor-top-column elementor-element elementor-element-2f4f5c0d\" data-id=\"2f4f5c0d\" data-element_type=\"column\" data-e-type=\"column\">\n\t\t\t<div class=\"elementor-widget-wrap elementor-element-populated\">\n\t\t\t\t\t\t<div class=\"elementor-element elementor-element-5fd6f79 elementor-widget elementor-widget-heading\" data-id=\"5fd6f79\" data-element_type=\"widget\" data-e-type=\"widget\" data-widget_type=\"heading.default\">\n\t\t\t\t<div class=\"elementor-widget-container\">\n\t\t\t\t\t<h2 class=\"elementor-heading-title elementor-size-default\">Vaardigheden die iemand voor verschillende niveaus moet beheersen<\/h2>\t\t\t\t<\/div>\n\t\t\t\t<\/div>\n\t\t\t\t<div class=\"elementor-element elementor-element-71ffb69 elementor-widget elementor-widget-text-editor\" data-id=\"71ffb69\" data-element_type=\"widget\" data-e-type=\"widget\" data-widget_type=\"text-editor.default\">\n\t\t\t\t<div class=\"elementor-widget-container\">\n\t\t\t\t\t\t\t\t\t<ul><li>Luistervaardigheid<\/li><li>Leesvaardigheid<\/li><li>Schriftelijke uitdrukkingsvaardigheid<\/li><li>Mondelinge uitdrukkingsvaardigheid<\/li><\/ul>\t\t\t\t\t\t\t\t<\/div>\n\t\t\t\t<\/div>\n\t\t\t\t\t<\/div>\n\t\t<\/div>\n\t\t\t\t\t<\/div>\n\t\t<\/section>\n\t\t\t\t<section class=\"elementor-section elementor-top-section elementor-element elementor-element-ded058a elementor-section-boxed elementor-section-height-default elementor-section-height-default\" data-id=\"ded058a\" data-element_type=\"section\" data-e-type=\"section\">\n\t\t\t\t\t\t<div class=\"elementor-container elementor-column-gap-default\">\n\t\t\t\t\t<div class=\"elementor-column elementor-col-100 elementor-top-column elementor-element elementor-element-e1f9581\" data-id=\"e1f9581\" data-element_type=\"column\" data-e-type=\"column\">\n\t\t\t<div class=\"elementor-widget-wrap elementor-element-populated\">\n\t\t\t\t\t\t<div class=\"elementor-element elementor-element-94323c6 elementor-widget elementor-widget-heading\" data-id=\"94323c6\" data-element_type=\"widget\" data-e-type=\"widget\" data-widget_type=\"heading.default\">\n\t\t\t\t<div class=\"elementor-widget-container\">\n\t\t\t\t\t<h2 class=\"elementor-heading-title elementor-size-default\">Niveau-aanduiding conform het Europese referentiekader voor Talen Cadre Europ\u00e9en Commun de R\u00e9f\u00e9rence\u00a0<\/h2>\t\t\t\t<\/div>\n\t\t\t\t<\/div>\n\t\t\t\t<div class=\"elementor-element elementor-element-3439d1e elementor-widget elementor-widget-text-editor\" data-id=\"3439d1e\" data-element_type=\"widget\" data-e-type=\"widget\" data-widget_type=\"text-editor.default\">\n\t\t\t\t<div class=\"elementor-widget-container\">\n\t\t\t\t\t\t\t\t\t<table><tbody><tr style=\"height: 24px\"><td style=\"border-color: #000000;width: 23.1228%;background-color: #f0f0f0a;height: 24px;text-align: left\"><span style=\"color: #000000;font-family: verdana, geneva, sans-serif;font-size: 10pt\"><strong>Niveau<\/strong>\u00a0<\/span><\/td><td style=\"border-color: #000000;width: 76.0429%;text-align: left;background-color: #f0f0f0;height: 24px\"><strong><span style=\"color: #000000;font-family: verdana, geneva, sans-serif;font-size: 10pt\">Verklaring<\/span><\/strong><\/td><\/tr><tr style=\"height: 24px\"><td style=\"border-color: #000000;width: 23.1228%;text-align: left;height: 24px\"><p><strong><span style=\"color: #000000;font-family: verdana, geneva, sans-serif;font-size: 10pt\">Beginners I &amp; II<br \/>A1: Doorbraak<\/span><\/strong><\/p><\/td><td style=\"border-color: #000000;width: 76.0429%;text-align: left;height: 24px\"><strong><span style=\"color: #000000;font-family: verdana, geneva, sans-serif;font-size: 10pt\">Basisgebruiker: <\/span><\/strong><span style=\"color: #000000;font-family: verdana, geneva, sans-serif;font-size: 10pt\">Geen kennis of tot circa 2 jaar schoolfrans. De cursist bouwt een woordenschat op en leert zich in het Frans te redden bij het voeren van een eenvoudig gesprek en het inwinnen van inlichtingen.<\/span><\/td><\/tr><tr style=\"height: 24px\"><td style=\"border-color: #000000;width: 23.1228%;text-align: left;height: 24px\"><strong><span style=\"color: #000000;font-family: verdana, geneva, sans-serif;font-size: 10pt\">Beginners II &amp; IV<br \/>A2: Tussenstap<\/span><\/strong><\/td><td style=\"border-color: #000000;width: 76.0429%;text-align: left;height: 24px\"><span style=\"color: #000000;font-family: verdana, geneva, sans-serif;font-size: 10pt\"><strong>Enigszins gevorderden<\/strong>: Circa 3 \u00e0 4 jaar Frans en redelijk parate kennis. De cursist bouwt zijn woordenschat verder op en leert zich in het Frans uit te drukken bij het voeren van een gesprek en het schrijven van een eenvoudige brief.<\/span><\/td><\/tr><tr style=\"height: 48px\"><td style=\"border-color: #000000;width: 23.1228%;text-align: left;height: 48px\"><span style=\"color: #000000;font-family: verdana, geneva, sans-serif;font-size: 10pt\"><strong>Gevorderden I &amp; II<br \/>B1: Drempel<\/strong><\/span><\/td><td style=\"border-color: #000000;width: 76.0429%;text-align: left;height: 48px\"><span style=\"color: #000000;font-family: verdana, geneva, sans-serif;font-size: 10pt\"><span style=\"color: #000000\"><strong>Gevorderden:<\/strong> met circa 4 \u00e0 5 jaar schoolfrans, <\/span>eindexamen Frans\u00a0Havo\/VWO\u00a0en\u00a0parate kennis<\/span><\/td><\/tr><tr style=\"height: 24px\"><td style=\"border-color: #000000;width: 23.1228%;text-align: left;height: 20px\"><strong><span style=\"color: #000000;font-family: verdana, geneva, sans-serif;font-size: 10pt\"><span style=\"color: #000000\">Gevorderden III &amp; IV<br \/>B2: Uitzicht<\/span><\/span><\/strong><\/td><td style=\"border-color: #000000;width: 76.0429%;text-align: left;height: 20px\"><span style=\"color: #000000;font-family: verdana, geneva, sans-serif;font-size: 10pt\"><strong>Goede\u00a0spreekvaardigheid:<\/strong>\u00a0Zoeken naar verbetering van de taalvaardigheden<\/span><\/td><\/tr><tr style=\"height: 24px\"><td style=\"border-color: #000000;width: 23.1228%;text-align: left;height: 24px\"><strong><span style=\"color: #000000;font-family: verdana, geneva, sans-serif;font-size: 10pt\">Ver gevorderden<br \/>C1: Effectieve operationele vaardigheid<br \/>C2: Beheersing<\/span><\/strong><\/td><td style=\"border-color: #000000;width: 76.0429%;text-align: left;height: 24px\"><span style=\"color: #000000;font-family: verdana, geneva, sans-serif;font-size: 10pt\"><strong>Conversatie:<\/strong> Verdieping &amp; verrijking van de Franse taal.<\/span><\/td><\/tr><\/tbody><\/table>\t\t\t\t\t\t\t\t<\/div>\n\t\t\t\t<\/div>\n\t\t\t\t\t<\/div>\n\t\t<\/div>\n\t\t\t\t\t<\/div>\n\t\t<\/section>\n\t\t\t\t<section class=\"elementor-section elementor-top-section elementor-element elementor-element-736048f elementor-section-boxed elementor-section-height-default elementor-section-height-default\" data-id=\"736048f\" data-element_type=\"section\" data-e-type=\"section\">\n\t\t\t\t\t\t\t<div class=\"elementor-background-overlay\"><\/div>\n\t\t\t\t\t\t\t<div class=\"elementor-container elementor-column-gap-default\">\n\t\t\t\t\t<div class=\"elementor-column elementor-col-100 elementor-top-column elementor-element elementor-element-ae2c111\" data-id=\"ae2c111\" data-element_type=\"column\" data-e-type=\"column\">\n\t\t\t<div class=\"elementor-widget-wrap elementor-element-populated\">\n\t\t\t\t\t\t<div class=\"elementor-element elementor-element-0d43f1b elementor-widget elementor-widget-heading\" data-id=\"0d43f1b\" data-element_type=\"widget\" data-e-type=\"widget\" data-widget_type=\"heading.default\">\n\t\t\t\t<div class=\"elementor-widget-container\">\n\t\t\t\t\t<h2 class=\"elementor-heading-title elementor-size-default\">Uw eigen niveau testen<\/h2>\t\t\t\t<\/div>\n\t\t\t\t<\/div>\n\t\t\t\t<div class=\"elementor-element elementor-element-89705d2 elementor-widget elementor-widget-text-editor\" data-id=\"89705d2\" data-element_type=\"widget\" data-e-type=\"widget\" data-widget_type=\"text-editor.default\">\n\t\t\t\t<div class=\"elementor-widget-container\">\n\t\t\t\t\t\t\t\t\t<p>Wilt u weten wat uw niveau is? Doe dan de niveautest. Hij bestaat uit 60 vragen en u krijgt na het maken van de test de uitslag direct. De test verplicht u niet tot het volgen van een cursus.<\/p>\t\t\t\t\t\t\t\t<\/div>\n\t\t\t\t<\/div>\n\t\t\t\t<div class=\"elementor-element elementor-element-014da1b elementor-widget elementor-widget-button\" data-id=\"014da1b\" data-element_type=\"widget\" data-e-type=\"widget\" data-widget_type=\"button.default\">\n\t\t\t\t<div class=\"elementor-widget-container\">\n\t\t\t\t\t\t\t\t\t<div class=\"elementor-button-wrapper\">\n\t\t\t\t\t<a class=\"elementor-button elementor-button-link elementor-size-sm\" href=\"https:\/\/docs.google.com\/forms\/d\/e\/1FAIpQLSe9YSMmlaQzRb6E3-L8oE25hxKSSucQPrMPtkUNIzEsQvVROA\/viewform\" target=\"_blank\">\n\t\t\t\t\t\t<span class=\"elementor-button-content-wrapper\">\n\t\t\t\t\t\t<span class=\"elementor-button-icon\">\n\t\t\t\t<i aria-hidden=\"true\" class=\"fas fa-arrow-right\"><\/i>\t\t\t<\/span>\n\t\t\t\t\t\t\t\t\t<span class=\"elementor-button-text\">NIVEAUTEST online<\/span>\n\t\t\t\t\t<\/span>\n\t\t\t\t\t<\/a>\n\t\t\t\t<\/div>\n\t\t\t\t\t\t\t\t<\/div>\n\t\t\t\t<\/div>\n\t\t\t\t<div class=\"elementor-element elementor-element-a808bc2 elementor-widget elementor-widget-button\" data-id=\"a808bc2\" data-element_type=\"widget\" data-e-type=\"widget\" data-widget_type=\"button.default\">\n\t\t\t\t<div class=\"elementor-widget-container\">\n\t\t\t\t\t\t\t\t\t<div class=\"elementor-button-wrapper\">\n\t\t\t\t\t<a class=\"elementor-button elementor-button-link elementor-size-sm\" href=\"https:\/\/apprendre.tv5monde.com\/fr\/apprendre-francais\/tester-son-niveau\">\n\t\t\t\t\t\t<span class=\"elementor-button-content-wrapper\">\n\t\t\t\t\t\t<span class=\"elementor-button-icon\">\n\t\t\t\t<i aria-hidden=\"true\" class=\"fas fa-arrow-right\"><\/i>\t\t\t<\/span>\n\t\t\t\t\t\t\t\t\t<span class=\"elementor-button-text\">  LUISTERTEST TV5Monde<\/span>\n\t\t\t\t\t<\/span>\n\t\t\t\t\t<\/a>\n\t\t\t\t<\/div>\n\t\t\t\t\t\t\t\t<\/div>\n\t\t\t\t<\/div>\n\t\t\t\t<div class=\"elementor-element elementor-element-ac83879 elementor-widget elementor-widget-text-editor\" data-id=\"ac83879\" data-element_type=\"widget\" data-e-type=\"widget\" data-widget_type=\"text-editor.default\">\n\t\t\t\t<div class=\"elementor-widget-container\">\n\t\t\t\t\t\t\t\t\t<p>Geen zin om de test online te doen? Hieronder vindt u de vragen en antwoorden in PDF formaat om uit te printen.<\/p>\t\t\t\t\t\t\t\t<\/div>\n\t\t\t\t<\/div>\n\t\t\t\t<div class=\"elementor-element elementor-element-e08ea3b elementor-widget elementor-widget-button\" data-id=\"e08ea3b\" data-element_type=\"widget\" data-e-type=\"widget\" data-widget_type=\"button.default\">\n\t\t\t\t<div class=\"elementor-widget-container\">\n\t\t\t\t\t\t\t\t\t<div class=\"elementor-button-wrapper\">\n\t\t\t\t\t<a class=\"elementor-button elementor-button-link elementor-size-sm\" href=\"https:\/\/www.alliance-francaise.nl\/gooi\/wp-content\/uploads\/sites\/10\/2020\/07\/Niveautest-AF-Ismini-2020.pdf\" target=\"_blank\">\n\t\t\t\t\t\t<span class=\"elementor-button-content-wrapper\">\n\t\t\t\t\t\t<span class=\"elementor-button-icon\">\n\t\t\t\t<i aria-hidden=\"true\" class=\"fas fa-arrow-right\"><\/i>\t\t\t<\/span>\n\t\t\t\t\t\t\t\t\t<span class=\"elementor-button-text\">NIVEAUTEST pdf<\/span>\n\t\t\t\t\t<\/span>\n\t\t\t\t\t<\/a>\n\t\t\t\t<\/div>\n\t\t\t\t\t\t\t\t<\/div>\n\t\t\t\t<\/div>\n\t\t\t\t<div class=\"elementor-element elementor-element-7b0158a elementor-widget elementor-widget-button\" data-id=\"7b0158a\" data-element_type=\"widget\" data-e-type=\"widget\" data-widget_type=\"button.default\">\n\t\t\t\t<div class=\"elementor-widget-container\">\n\t\t\t\t\t\t\t\t\t<div class=\"elementor-button-wrapper\">\n\t\t\t\t\t<a class=\"elementor-button elementor-button-link elementor-size-sm\" href=\"https:\/\/www.alliance-francaise.nl\/gooi\/wp-content\/uploads\/sites\/10\/2020\/07\/Niveautest-uitslagen-Ismini-2020.pdf\" target=\"_blank\">\n\t\t\t\t\t\t<span class=\"elementor-button-content-wrapper\">\n\t\t\t\t\t\t<span class=\"elementor-button-icon\">\n\t\t\t\t<i aria-hidden=\"true\" class=\"fas fa-arrow-right\"><\/i>\t\t\t<\/span>\n\t\t\t\t\t\t\t\t\t<span class=\"elementor-button-text\">UITSLAGEN pdf<\/span>\n\t\t\t\t\t<\/span>\n\t\t\t\t\t<\/a>\n\t\t\t\t<\/div>\n\t\t\t\t\t\t\t\t<\/div>\n\t\t\t\t<\/div>\n\t\t\t\t\t<\/div>\n\t\t<\/div>\n\t\t\t\t\t<\/div>\n\t\t<\/section>\n\t\t\t\t<\/div>\n\t\t","protected":false},"excerpt":{"rendered":"<p>Europees referentiekader voor talen &amp; Niveautest Cadre Europ\u00e9en Commun de R\u00e9f\u00e9rence (CECR) De Alliance Fran\u00e7aise maakt gebruik van het\u00a0Europese Referentiekader\u00a0om het niveau van de cursussen aan te geven. Dit referentiekader [&hellip;]<\/p>\n","protected":false},"author":1,"featured_media":0,"parent":12,"menu_order":0,"comment_status":"closed","ping_status":"closed","template":"elementor_header_footer","meta":{"footnotes":""},"class_list":["post-58","page","type-page","status-publish","hentry"],"_links":{"self":[{"href":"https:\/\/www.alliance-francaise.nl\/gooi\/wp-json\/wp\/v2\/pages\/58","targetHints":{"allow":["GET"]}}],"collection":[{"href":"https:\/\/www.alliance-francaise.nl\/gooi\/wp-json\/wp\/v2\/pages"}],"about":[{"href":"https:\/\/www.alliance-francaise.nl\/gooi\/wp-json\/wp\/v2\/types\/page"}],"author":[{"embeddable":true,"href":"https:\/\/www.alliance-francaise.nl\/gooi\/wp-json\/wp\/v2\/users\/1"}],"replies":[{"embeddable":true,"href":"https:\/\/www.alliance-francaise.nl\/gooi\/wp-json\/wp\/v2\/comments?post=58"}],"version-history":[{"count":12,"href":"https:\/\/www.alliance-francaise.nl\/gooi\/wp-json\/wp\/v2\/pages\/58\/revisions"}],"predecessor-version":[{"id":9013,"href":"https:\/\/www.alliance-francaise.nl\/gooi\/wp-json\/wp\/v2\/pages\/58\/revisions\/9013"}],"up":[{"embeddable":true,"href":"https:\/\/www.alliance-francaise.nl\/gooi\/wp-json\/wp\/v2\/pages\/12"}],"wp:attachment":[{"href":"https:\/\/www.alliance-francaise.nl\/gooi\/wp-json\/wp\/v2\/media?parent=58"}],"curies":[{"name":"wp","href":"https:\/\/api.w.org\/{rel}","templated":true}]}}