{"id":4030,"date":"2021-07-08T13:11:09","date_gmt":"2021-07-08T13:11:09","guid":{"rendered":"https:\/\/www.alliance-francaise.nl\/gooi\/?page_id=4030"},"modified":"2021-07-11T12:21:29","modified_gmt":"2021-07-11T12:21:29","slug":"la-culture-francaise-dans-tous-ses-etats-21-22","status":"publish","type":"page","link":"https:\/\/www.alliance-francaise.nl\/gooi\/la-culture-francaise-dans-tous-ses-etats-21-22\/","title":{"rendered":"La culture fran\u00e7aise dans tous ses \u00e9tats 21-22\u00a0!"},"content":{"rendered":"\t\t<div data-elementor-type=\"wp-page\" data-elementor-id=\"4030\" class=\"elementor elementor-4030\" data-elementor-post-type=\"page\">\n\t\t\t\t\t\t<section class=\"elementor-section elementor-top-section elementor-element elementor-element-7f7e0ca0 elementor-section-boxed elementor-section-height-default elementor-section-height-default\" data-id=\"7f7e0ca0\" data-element_type=\"section\" data-e-type=\"section\" data-settings=\"{&quot;background_background&quot;:&quot;classic&quot;}\">\n\t\t\t\t\t\t<div class=\"elementor-container elementor-column-gap-default\">\n\t\t\t\t\t<div class=\"elementor-column elementor-col-100 elementor-top-column elementor-element elementor-element-2c59a52b\" data-id=\"2c59a52b\" data-element_type=\"column\" data-e-type=\"column\">\n\t\t\t<div class=\"elementor-widget-wrap\">\n\t\t\t\t\t\t\t<\/div>\n\t\t<\/div>\n\t\t\t\t\t<\/div>\n\t\t<\/section>\n\t\t\t\t<section class=\"elementor-section elementor-top-section elementor-element elementor-element-9c496a4 elementor-section-boxed elementor-section-height-default elementor-section-height-default\" data-id=\"9c496a4\" data-element_type=\"section\" data-e-type=\"section\">\n\t\t\t\t\t\t<div class=\"elementor-container elementor-column-gap-default\">\n\t\t\t\t\t<div class=\"elementor-column elementor-col-100 elementor-top-column elementor-element elementor-element-248dab8b\" data-id=\"248dab8b\" data-element_type=\"column\" data-e-type=\"column\" data-settings=\"{&quot;background_background&quot;:&quot;classic&quot;}\">\n\t\t\t<div class=\"elementor-widget-wrap elementor-element-populated\">\n\t\t\t\t\t<div class=\"elementor-background-overlay\"><\/div>\n\t\t\t\t\t\t<div class=\"elementor-element elementor-element-6a428630 elementor-widget elementor-widget-heading\" data-id=\"6a428630\" data-element_type=\"widget\" data-e-type=\"widget\" data-widget_type=\"heading.default\">\n\t\t\t\t<div class=\"elementor-widget-container\">\n\t\t\t\t\t<h1 class=\"elementor-heading-title elementor-size-default\">La culture fran\u00e7aise <br> dans tous ses \u00e9tats&nbsp;! <br>2021-2022<\/h1>\t\t\t\t<\/div>\n\t\t\t\t<\/div>\n\t\t\t\t\t<\/div>\n\t\t<\/div>\n\t\t\t\t\t<\/div>\n\t\t<\/section>\n\t\t\t\t<section class=\"elementor-section elementor-top-section elementor-element elementor-element-612618c5 elementor-section-boxed elementor-section-height-default elementor-section-height-default\" data-id=\"612618c5\" data-element_type=\"section\" data-e-type=\"section\">\n\t\t\t\t\t\t<div class=\"elementor-container elementor-column-gap-default\">\n\t\t\t\t\t<div class=\"elementor-column elementor-col-100 elementor-top-column elementor-element elementor-element-69ff667f\" data-id=\"69ff667f\" data-element_type=\"column\" data-e-type=\"column\">\n\t\t\t<div class=\"elementor-widget-wrap elementor-element-populated\">\n\t\t\t\t\t\t<div class=\"elementor-element elementor-element-24e63ac elementor-widget elementor-widget-heading\" data-id=\"24e63ac\" data-element_type=\"widget\" data-e-type=\"widget\" data-widget_type=\"heading.default\">\n\t\t\t\t<div class=\"elementor-widget-container\">\n\t\t\t\t\t<h2 class=\"elementor-heading-title elementor-size-default\">Programme du cours<\/h2>\t\t\t\t<\/div>\n\t\t\t\t<\/div>\n\t\t\t\t<div class=\"elementor-element elementor-element-aa7e1e2 elementor-widget elementor-widget-text-editor\" data-id=\"aa7e1e2\" data-element_type=\"widget\" data-e-type=\"widget\" data-widget_type=\"text-editor.default\">\n\t\t\t\t<div class=\"elementor-widget-container\">\n\t\t\t\t\t\t\t\t\t<p><b>Th\u00e8me du cours<\/b><span style=\"font-weight: 400\">\u00a0: La culture fran\u00e7aise dans tous ses \u00e9tats\u00a0!<\/span><\/p><p><b>Niveau<\/b><span style=\"font-weight: 400\">\u00a0: A2\/B1<\/span><\/p><p><b>Format<\/b><span style=\"font-weight: 400\">\u00a0: 15 cours de 2h, 2 fois par mois &#8211; 15 lessen van 2 uur, 2 x per maand<\/span><\/p><p><b>Date<\/b><span style=\"font-weight: 400\"> : Jeudi de 11h00 \u00e0 13h00 &#8211; donderdag 11:00 tot 13:00<br \/><\/span><\/p><p><span style=\"font-weight: 400\"><strong>16 septembre 2021<\/strong> : Le cin\u00e9ma, le 7\u00e8me art, les stars au festival de Cannes<\/span><\/p><p><span style=\"font-weight: 400\"><strong>30 septembre 2021 <\/strong>: A mus\u00e9e vous, A mus\u00e9e moi, parcours artistique dans les mus\u00e9es de Paris<\/span><\/p><p><span style=\"font-weight: 400\"><strong>14 octobre 2021<\/strong>\u00a0:<\/span> <span style=\"font-weight: 400\">Atelier th\u00e9atre dans la langue de Moli\u00e8re<\/span><\/p><p><span style=\"font-weight: 400\"><strong>28 octobre 2021<\/strong>\u00a0:<\/span> <span style=\"font-weight: 400\">Le luxe \u00e0 la fran\u00e7aise, la haute-couture, les bijoux, les parfums&#8230;.<\/span><\/p><p><span style=\"font-weight: 400\"><strong>11 novembre 2021<\/strong>\u00a0: <\/span> <span style=\"font-weight: 400\">Chantons ensemble, De Cabrel \u00e0 Soprano en musique<\/span><\/p><p><span style=\"font-weight: 400\"><strong>25 novembre 2021<\/strong>\u00a0:<\/span> <span style=\"font-weight: 400\">La France d&#8217;outre-mer, beaut\u00e9 et culure des \u00eeles !<\/span><\/p><p><span style=\"font-weight: 400\"><strong>9 d\u00e9cembre 2021<\/strong>\u00a0: <\/span> <span style=\"font-weight: 400\">La gastronomie. Les sp\u00e9cialit\u00e9s r\u00e9gionales, du foie gras du Gers aux cr\u00eapes bretonnes<\/span><\/p><p><span style=\"font-weight: 400\"><strong>13 janvier 2022<\/strong>\u00a0: <\/span> <span style=\"font-weight: 400\">Caf\u00e9 litt\u00e9raire. Discussion autour de grands textes<\/span><\/p><p><span style=\"font-weight: 400\"><strong>27 janvier 2022<\/strong>\u00a0: <\/span> <span style=\"font-weight: 400\">Les ch\u00e2teaux de la Loire, joyaux de la Renaissance<\/span><\/p><p><span style=\"font-weight: 400\"><strong>15 f\u00e9vrier 2022 <\/strong>: <\/span> <span style=\"font-weight: 400\">Les f\u00eates populaires et les \u00e9v\u00e9nements sportifs. Le Carnaval de Dunkerque, le tournoi de Roland Garros, le Tour de France&#8230;<\/span><\/p><p><span style=\"font-weight: 400\"><strong>3 mars 2022<\/strong>\u00a0: <\/span> <span style=\"font-weight: 400\">Les grandes dates de l&#8217;Histoire. Que s&#8217;est-il pass\u00e9 les 14 juillet, 18 juin, 13 novembre ?<\/span><\/p><p><span style=\"font-weight: 400\"><strong>17 mars 2022<\/strong>\u00a0: <\/span> <span style=\"font-weight: 400\">La Bande dessin\u00e9e autour du personnage d&#8217;Asterix<\/span><\/p><p><strong>31 mars 2022 <\/strong>: Les films cultes en France<\/p><p><span style=\"font-weight: 400\"><strong>14 avril 2022<\/strong> : Matin\u00e9e jeux de soci\u00e9t\u00e9 en fran\u00e7ais<br \/><\/span><\/p><p><strong>12 mai 2022\u00a0<\/strong>: Le vin en France. Les r\u00e9gions viticoles, d\u00e9couverte et d\u00e9gustation<\/p><p><b>Lieu\u00a0<\/b><span style=\"font-weight: 400\">: Bibliotheque Hilversum<\/span><\/p><p><strong>Professeur: Camille Jauffret<\/strong><\/p><p><b>Dur\u00e9e<\/b><span style=\"font-weight: 400\"> : Septembre 2021 \u00e0 mai 2022<\/span><\/p><p><b>D\u00e9tails\u00a0<\/b><span style=\"font-weight: 400\">: Venez pratiquer votre fran\u00e7ais tout en d\u00e9couvrant quelques facettes de la culture fran\u00e7aise \u00e0 travers plusieurs th\u00e8mes\u00a0:<\/span><\/p><p><b>Les codes culturels<\/b><span style=\"font-weight: 400\">\/<\/span><b>le tourisme<\/b><span style=\"font-weight: 400\">\/<\/span><b>l\u2019art<\/b><span style=\"font-weight: 400\">\/<\/span><b>grands \u00e9v\u00e8nements<\/b><span style=\"font-weight: 400\">\/<\/span><b>la gastronomie<\/b><span style=\"font-weight: 400\">\u00a0<\/span><\/p><p><strong>Prix:<\/strong> \u20ac 250,-<\/p>\t\t\t\t\t\t\t\t<\/div>\n\t\t\t\t<\/div>\n\t\t\t\t<div class=\"elementor-element elementor-element-dccea2a elementor-widget elementor-widget-button\" data-id=\"dccea2a\" data-element_type=\"widget\" data-e-type=\"widget\" data-widget_type=\"button.default\">\n\t\t\t\t<div class=\"elementor-widget-container\">\n\t\t\t\t\t\t\t\t\t<div class=\"elementor-button-wrapper\">\n\t\t\t\t\t<a class=\"elementor-button elementor-button-link elementor-size-sm\" href=\"https:\/\/www.alliance-francaise.nl\/gooi\/product\/la-culture-francaise-dans-tous-ses-etats\/\">\n\t\t\t\t\t\t<span class=\"elementor-button-content-wrapper\">\n\t\t\t\t\t\t\t\t\t<span class=\"elementor-button-text\">Inschrijven<\/span>\n\t\t\t\t\t<\/span>\n\t\t\t\t\t<\/a>\n\t\t\t\t<\/div>\n\t\t\t\t\t\t\t\t<\/div>\n\t\t\t\t<\/div>\n\t\t\t\t\t<\/div>\n\t\t<\/div>\n\t\t\t\t\t<\/div>\n\t\t<\/section>\n\t\t\t\t<section class=\"elementor-section elementor-top-section elementor-element elementor-element-8cfc5a7 elementor-section-boxed elementor-section-height-default elementor-section-height-default\" data-id=\"8cfc5a7\" data-element_type=\"section\" data-e-type=\"section\">\n\t\t\t\t\t\t<div class=\"elementor-container elementor-column-gap-default\">\n\t\t\t\t\t<div class=\"elementor-column elementor-col-100 elementor-top-column elementor-element elementor-element-530e17f\" data-id=\"530e17f\" data-element_type=\"column\" data-e-type=\"column\">\n\t\t\t<div class=\"elementor-widget-wrap elementor-element-populated\">\n\t\t\t\t\t\t<div class=\"elementor-element elementor-element-179b799 elementor-widget elementor-widget-image\" data-id=\"179b799\" data-element_type=\"widget\" data-e-type=\"widget\" data-widget_type=\"image.default\">\n\t\t\t\t<div class=\"elementor-widget-container\">\n\t\t\t\t\t\t\t\t\t\t\t\t\t\t\t<img fetchpriority=\"high\" decoding=\"async\" width=\"800\" height=\"447\" src=\"https:\/\/www.alliance-francaise.nl\/gooi\/wp-content\/uploads\/sites\/10\/2021\/07\/Agenda1-21-22-1024x572.jpg\" class=\"attachment-large size-large wp-image-4032\" alt=\"\" srcset=\"https:\/\/www.alliance-francaise.nl\/gooi\/wp-content\/uploads\/sites\/10\/2021\/07\/Agenda1-21-22-1024x572.jpg 1024w, https:\/\/www.alliance-francaise.nl\/gooi\/wp-content\/uploads\/sites\/10\/2021\/07\/Agenda1-21-22-300x168.jpg 300w, https:\/\/www.alliance-francaise.nl\/gooi\/wp-content\/uploads\/sites\/10\/2021\/07\/Agenda1-21-22-768x429.jpg 768w, https:\/\/www.alliance-francaise.nl\/gooi\/wp-content\/uploads\/sites\/10\/2021\/07\/Agenda1-21-22-1536x858.jpg 1536w, https:\/\/www.alliance-francaise.nl\/gooi\/wp-content\/uploads\/sites\/10\/2021\/07\/Agenda1-21-22-2048x1143.jpg 2048w, https:\/\/www.alliance-francaise.nl\/gooi\/wp-content\/uploads\/sites\/10\/2021\/07\/Agenda1-21-22-1320x737.jpg 1320w, https:\/\/www.alliance-francaise.nl\/gooi\/wp-content\/uploads\/sites\/10\/2021\/07\/Agenda1-21-22-600x335.jpg 600w\" sizes=\"(max-width: 800px) 100vw, 800px\" \/>\t\t\t\t\t\t\t\t\t\t\t\t\t\t\t<\/div>\n\t\t\t\t<\/div>\n\t\t\t\t\t<\/div>\n\t\t<\/div>\n\t\t\t\t\t<\/div>\n\t\t<\/section>\n\t\t\t\t<section class=\"elementor-section elementor-top-section elementor-element elementor-element-d07b030 elementor-section-boxed elementor-section-height-default elementor-section-height-default\" data-id=\"d07b030\" data-element_type=\"section\" data-e-type=\"section\">\n\t\t\t\t\t\t<div class=\"elementor-container elementor-column-gap-default\">\n\t\t\t\t\t<div class=\"elementor-column elementor-col-100 elementor-top-column elementor-element elementor-element-70c1cf0\" data-id=\"70c1cf0\" data-element_type=\"column\" data-e-type=\"column\">\n\t\t\t<div class=\"elementor-widget-wrap elementor-element-populated\">\n\t\t\t\t\t\t<div class=\"elementor-element elementor-element-d924b8f elementor-widget elementor-widget-image\" data-id=\"d924b8f\" data-element_type=\"widget\" data-e-type=\"widget\" data-widget_type=\"image.default\">\n\t\t\t\t<div class=\"elementor-widget-container\">\n\t\t\t\t\t\t\t\t\t\t\t\t\t\t\t<img decoding=\"async\" width=\"800\" height=\"457\" src=\"https:\/\/www.alliance-francaise.nl\/gooi\/wp-content\/uploads\/sites\/10\/2021\/07\/Agenda2-21-22-1-1024x585.jpg\" class=\"attachment-large size-large wp-image-4049\" alt=\"\" srcset=\"https:\/\/www.alliance-francaise.nl\/gooi\/wp-content\/uploads\/sites\/10\/2021\/07\/Agenda2-21-22-1-1024x585.jpg 1024w, https:\/\/www.alliance-francaise.nl\/gooi\/wp-content\/uploads\/sites\/10\/2021\/07\/Agenda2-21-22-1-300x171.jpg 300w, https:\/\/www.alliance-francaise.nl\/gooi\/wp-content\/uploads\/sites\/10\/2021\/07\/Agenda2-21-22-1-768x439.jpg 768w, https:\/\/www.alliance-francaise.nl\/gooi\/wp-content\/uploads\/sites\/10\/2021\/07\/Agenda2-21-22-1-1536x878.jpg 1536w, https:\/\/www.alliance-francaise.nl\/gooi\/wp-content\/uploads\/sites\/10\/2021\/07\/Agenda2-21-22-1-1320x755.jpg 1320w, https:\/\/www.alliance-francaise.nl\/gooi\/wp-content\/uploads\/sites\/10\/2021\/07\/Agenda2-21-22-1-600x343.jpg 600w, https:\/\/www.alliance-francaise.nl\/gooi\/wp-content\/uploads\/sites\/10\/2021\/07\/Agenda2-21-22-1.jpg 1940w\" sizes=\"(max-width: 800px) 100vw, 800px\" \/>\t\t\t\t\t\t\t\t\t\t\t\t\t\t\t<\/div>\n\t\t\t\t<\/div>\n\t\t\t\t\t<\/div>\n\t\t<\/div>\n\t\t\t\t\t<\/div>\n\t\t<\/section>\n\t\t\t\t<section class=\"elementor-section elementor-top-section elementor-element elementor-element-a34926a elementor-section-boxed elementor-section-height-default elementor-section-height-default\" data-id=\"a34926a\" data-element_type=\"section\" data-e-type=\"section\">\n\t\t\t\t\t\t<div class=\"elementor-container elementor-column-gap-default\">\n\t\t\t\t\t<div class=\"elementor-column elementor-col-100 elementor-top-column elementor-element elementor-element-27a1456\" data-id=\"27a1456\" data-element_type=\"column\" data-e-type=\"column\">\n\t\t\t<div class=\"elementor-widget-wrap elementor-element-populated\">\n\t\t\t\t\t\t<div class=\"elementor-element elementor-element-b0c3a46 elementor-widget elementor-widget-image\" data-id=\"b0c3a46\" data-element_type=\"widget\" data-e-type=\"widget\" data-widget_type=\"image.default\">\n\t\t\t\t<div class=\"elementor-widget-container\">\n\t\t\t\t\t\t\t\t\t\t\t\t\t\t\t<img decoding=\"async\" width=\"800\" height=\"241\" src=\"https:\/\/www.alliance-francaise.nl\/gooi\/wp-content\/uploads\/sites\/10\/2021\/07\/Agenda3-21-22-1-1024x308.jpg\" class=\"attachment-large size-large wp-image-4050\" alt=\"\" srcset=\"https:\/\/www.alliance-francaise.nl\/gooi\/wp-content\/uploads\/sites\/10\/2021\/07\/Agenda3-21-22-1-1024x308.jpg 1024w, https:\/\/www.alliance-francaise.nl\/gooi\/wp-content\/uploads\/sites\/10\/2021\/07\/Agenda3-21-22-1-300x90.jpg 300w, https:\/\/www.alliance-francaise.nl\/gooi\/wp-content\/uploads\/sites\/10\/2021\/07\/Agenda3-21-22-1-768x231.jpg 768w, https:\/\/www.alliance-francaise.nl\/gooi\/wp-content\/uploads\/sites\/10\/2021\/07\/Agenda3-21-22-1-1536x463.jpg 1536w, https:\/\/www.alliance-francaise.nl\/gooi\/wp-content\/uploads\/sites\/10\/2021\/07\/Agenda3-21-22-1-1320x398.jpg 1320w, https:\/\/www.alliance-francaise.nl\/gooi\/wp-content\/uploads\/sites\/10\/2021\/07\/Agenda3-21-22-1-600x181.jpg 600w, https:\/\/www.alliance-francaise.nl\/gooi\/wp-content\/uploads\/sites\/10\/2021\/07\/Agenda3-21-22-1.jpg 1949w\" sizes=\"(max-width: 800px) 100vw, 800px\" \/>\t\t\t\t\t\t\t\t\t\t\t\t\t\t\t<\/div>\n\t\t\t\t<\/div>\n\t\t\t\t\t<\/div>\n\t\t<\/div>\n\t\t\t\t\t<\/div>\n\t\t<\/section>\n\t\t\t\t<section class=\"elementor-section elementor-top-section elementor-element elementor-element-25874c9 elementor-section-boxed elementor-section-height-default elementor-section-height-default\" data-id=\"25874c9\" data-element_type=\"section\" data-e-type=\"section\">\n\t\t\t\t\t\t<div class=\"elementor-container elementor-column-gap-default\">\n\t\t\t\t\t<div class=\"elementor-column elementor-col-66 elementor-top-column elementor-element elementor-element-9ee0dd0\" data-id=\"9ee0dd0\" data-element_type=\"column\" data-e-type=\"column\">\n\t\t\t<div class=\"elementor-widget-wrap elementor-element-populated\">\n\t\t\t\t\t\t<div class=\"elementor-element elementor-element-b3cae61 elementor-widget elementor-widget-google_maps\" data-id=\"b3cae61\" data-element_type=\"widget\" data-e-type=\"widget\" data-widget_type=\"google_maps.default\">\n\t\t\t\t<div class=\"elementor-widget-container\">\n\t\t\t\t\t\t\t<div class=\"elementor-custom-embed\">\n\t\t\t<iframe loading=\"lazy\"\n\t\t\t\t\tsrc=\"https:\/\/maps.google.com\/maps?q=De%20bibliotheek%2C%20%27s%20gravelandseweg%2055%2C%201217%20EH%20Hilversum&#038;t=m&#038;z=16&#038;output=embed&#038;iwloc=near\"\n\t\t\t\t\ttitle=\"De bibliotheek, &#039;s gravelandseweg 55, 1217 EH Hilversum\"\n\t\t\t\t\taria-label=\"De bibliotheek, &#039;s gravelandseweg 55, 1217 EH Hilversum\"\n\t\t\t><\/iframe>\n\t\t<\/div>\n\t\t\t\t\t\t<\/div>\n\t\t\t\t<\/div>\n\t\t\t\t\t<\/div>\n\t\t<\/div>\n\t\t\t\t<div class=\"elementor-column elementor-col-33 elementor-top-column elementor-element elementor-element-4986d2c\" data-id=\"4986d2c\" data-element_type=\"column\" data-e-type=\"column\">\n\t\t\t<div class=\"elementor-widget-wrap elementor-element-populated\">\n\t\t\t\t\t\t<div class=\"elementor-element elementor-element-16ed3dd elementor-position-inline-start elementor-view-default elementor-mobile-position-block-start elementor-widget elementor-widget-icon-box\" data-id=\"16ed3dd\" data-element_type=\"widget\" data-e-type=\"widget\" data-widget_type=\"icon-box.default\">\n\t\t\t\t<div class=\"elementor-widget-container\">\n\t\t\t\t\t\t\t<div class=\"elementor-icon-box-wrapper\">\n\n\t\t\t\t\t\t<div class=\"elementor-icon-box-icon\">\n\t\t\t\t<span  class=\"elementor-icon\">\n\t\t\t\t<i aria-hidden=\"true\" class=\"fas fa-map-marker-alt\"><\/i>\t\t\t\t<\/span>\n\t\t\t<\/div>\n\t\t\t\n\t\t\t\t\t\t<div class=\"elementor-icon-box-content\">\n\n\t\t\t\t\t\t\t\t\t<div class=\"elementor-icon-box-title\">\n\t\t\t\t\t\t<span  >\n\t\t\t\t\t\t\tBibliotheek Hilversum\t\t\t\t\t\t<\/span>\n\t\t\t\t\t<\/div>\n\t\t\t\t\n\t\t\t\t\t\t\t\t\t<p class=\"elementor-icon-box-description\">\n\t\t\t\t\t\t's-Gravelandseweg 55 <br>\n1217 EH Hilversum\n\t\t\t\t\t<\/p>\n\t\t\t\t\n\t\t\t<\/div>\n\t\t\t\n\t\t<\/div>\n\t\t\t\t\t\t<\/div>\n\t\t\t\t<\/div>\n\t\t\t\t<div class=\"elementor-element elementor-element-77bf445 elementor-position-inline-start elementor-view-default elementor-mobile-position-block-start elementor-widget elementor-widget-icon-box\" data-id=\"77bf445\" data-element_type=\"widget\" data-e-type=\"widget\" data-widget_type=\"icon-box.default\">\n\t\t\t\t<div class=\"elementor-widget-container\">\n\t\t\t\t\t\t\t<div class=\"elementor-icon-box-wrapper\">\n\n\t\t\t\t\t\t<div class=\"elementor-icon-box-icon\">\n\t\t\t\t<a href=\"tel:0570616400\u200b\" class=\"elementor-icon\" tabindex=\"-1\" aria-label=\"Telefoonnummer\">\n\t\t\t\t<i aria-hidden=\"true\" class=\"fas fa-phone\"><\/i>\t\t\t\t<\/a>\n\t\t\t<\/div>\n\t\t\t\n\t\t\t\t\t\t<div class=\"elementor-icon-box-content\">\n\n\t\t\t\t\t\t\t\t\t<div class=\"elementor-icon-box-title\">\n\t\t\t\t\t\t<a href=\"tel:0570616400\u200b\" >\n\t\t\t\t\t\t\tTelefoonnummer\t\t\t\t\t\t<\/a>\n\t\t\t\t\t<\/div>\n\t\t\t\t\n\t\t\t\t\t\t\t\t\t<p class=\"elementor-icon-box-description\">\n\t\t\t\t\t\t035 - 62 129 42\n\t\t\t\t\t<\/p>\n\t\t\t\t\n\t\t\t<\/div>\n\t\t\t\n\t\t<\/div>\n\t\t\t\t\t\t<\/div>\n\t\t\t\t<\/div>\n\t\t\t\t\t<\/div>\n\t\t<\/div>\n\t\t\t\t\t<\/div>\n\t\t<\/section>\n\t\t\t\t<\/div>\n\t\t","protected":false},"excerpt":{"rendered":"<p>La culture fran\u00e7aise dans tous ses \u00e9tats&nbsp;! 2021-2022 Programme du cours Th\u00e8me du cours\u00a0: La culture fran\u00e7aise dans tous ses \u00e9tats\u00a0! Niveau\u00a0: A2\/B1 Format\u00a0: 15 cours de 2h, 2 fois [&hellip;]<\/p>\n","protected":false},"author":8,"featured_media":0,"parent":0,"menu_order":0,"comment_status":"closed","ping_status":"closed","template":"elementor_header_footer","meta":{"footnotes":""},"class_list":["post-4030","page","type-page","status-publish","hentry"],"_links":{"self":[{"href":"https:\/\/www.alliance-francaise.nl\/gooi\/wp-json\/wp\/v2\/pages\/4030","targetHints":{"allow":["GET"]}}],"collection":[{"href":"https:\/\/www.alliance-francaise.nl\/gooi\/wp-json\/wp\/v2\/pages"}],"about":[{"href":"https:\/\/www.alliance-francaise.nl\/gooi\/wp-json\/wp\/v2\/types\/page"}],"author":[{"embeddable":true,"href":"https:\/\/www.alliance-francaise.nl\/gooi\/wp-json\/wp\/v2\/users\/8"}],"replies":[{"embeddable":true,"href":"https:\/\/www.alliance-francaise.nl\/gooi\/wp-json\/wp\/v2\/comments?post=4030"}],"version-history":[{"count":0,"href":"https:\/\/www.alliance-francaise.nl\/gooi\/wp-json\/wp\/v2\/pages\/4030\/revisions"}],"wp:attachment":[{"href":"https:\/\/www.alliance-francaise.nl\/gooi\/wp-json\/wp\/v2\/media?parent=4030"}],"curies":[{"name":"wp","href":"https:\/\/api.w.org\/{rel}","templated":true}]}}