{"id":1326,"date":"2020-04-17T11:56:55","date_gmt":"2020-04-17T11:56:55","guid":{"rendered":"https:\/\/www.alliance-francaise.nl\/2020\/gooi\/?page_id=1326"},"modified":"2020-05-01T11:42:35","modified_gmt":"2020-05-01T11:42:35","slug":"soiree-culturelle","status":"publish","type":"page","link":"https:\/\/www.alliance-francaise.nl\/gooi\/soiree-culturelle\/","title":{"rendered":"Soir\u00e9e Culturelle"},"content":{"rendered":"\t\t<div data-elementor-type=\"wp-page\" data-elementor-id=\"1326\" class=\"elementor elementor-1326\" data-elementor-post-type=\"page\">\n\t\t\t\t\t\t<section class=\"elementor-section elementor-top-section elementor-element elementor-element-3dfa8325 elementor-section-boxed elementor-section-height-default elementor-section-height-default\" data-id=\"3dfa8325\" data-element_type=\"section\" data-e-type=\"section\" data-settings=\"{&quot;background_background&quot;:&quot;classic&quot;}\">\n\t\t\t\t\t\t<div class=\"elementor-container elementor-column-gap-default\">\n\t\t\t\t\t<div class=\"elementor-column elementor-col-100 elementor-top-column elementor-element elementor-element-4616bcc5\" data-id=\"4616bcc5\" data-element_type=\"column\" data-e-type=\"column\">\n\t\t\t<div class=\"elementor-widget-wrap\">\n\t\t\t\t\t\t\t<\/div>\n\t\t<\/div>\n\t\t\t\t\t<\/div>\n\t\t<\/section>\n\t\t\t\t<section class=\"elementor-section elementor-top-section elementor-element elementor-element-1c8401bf elementor-section-boxed elementor-section-height-default elementor-section-height-default\" data-id=\"1c8401bf\" data-element_type=\"section\" data-e-type=\"section\">\n\t\t\t\t\t\t<div class=\"elementor-container elementor-column-gap-default\">\n\t\t\t\t\t<div class=\"elementor-column elementor-col-100 elementor-top-column elementor-element elementor-element-5e6b585b\" data-id=\"5e6b585b\" data-element_type=\"column\" data-e-type=\"column\" data-settings=\"{&quot;background_background&quot;:&quot;classic&quot;}\">\n\t\t\t<div class=\"elementor-widget-wrap elementor-element-populated\">\n\t\t\t\t\t<div class=\"elementor-background-overlay\"><\/div>\n\t\t\t\t\t\t<div class=\"elementor-element elementor-element-447aa82e elementor-widget elementor-widget-heading\" data-id=\"447aa82e\" data-element_type=\"widget\" data-e-type=\"widget\" data-widget_type=\"heading.default\">\n\t\t\t\t<div class=\"elementor-widget-container\">\n\t\t\t\t\t<h1 class=\"elementor-heading-title elementor-size-default\">Soir\u00e9e Culturelle<\/h1>\t\t\t\t<\/div>\n\t\t\t\t<\/div>\n\t\t\t\t\t<\/div>\n\t\t<\/div>\n\t\t\t\t\t<\/div>\n\t\t<\/section>\n\t\t\t\t<section class=\"elementor-section elementor-top-section elementor-element elementor-element-5645a236 elementor-section-boxed elementor-section-height-default elementor-section-height-default\" data-id=\"5645a236\" data-element_type=\"section\" data-e-type=\"section\">\n\t\t\t\t\t\t<div class=\"elementor-container elementor-column-gap-default\">\n\t\t\t\t\t<div class=\"elementor-column elementor-col-100 elementor-top-column elementor-element elementor-element-3e0dad66\" data-id=\"3e0dad66\" data-element_type=\"column\" data-e-type=\"column\">\n\t\t\t<div class=\"elementor-widget-wrap elementor-element-populated\">\n\t\t\t\t\t\t<div class=\"elementor-element elementor-element-10d344d3 elementor-widget elementor-widget-heading\" data-id=\"10d344d3\" data-element_type=\"widget\" data-e-type=\"widget\" data-widget_type=\"heading.default\">\n\t\t\t\t<div class=\"elementor-widget-container\">\n\t\t\t\t\t<h2 class=\"elementor-heading-title elementor-size-default\">Soir\u00e9e Culturelle<\/h2>\t\t\t\t<\/div>\n\t\t\t\t<\/div>\n\t\t\t\t\t<\/div>\n\t\t<\/div>\n\t\t\t\t\t<\/div>\n\t\t<\/section>\n\t\t\t\t<section class=\"elementor-section elementor-top-section elementor-element elementor-element-2a001f1c elementor-section-boxed elementor-section-height-default elementor-section-height-default\" data-id=\"2a001f1c\" data-element_type=\"section\" data-e-type=\"section\">\n\t\t\t\t\t\t<div class=\"elementor-container elementor-column-gap-default\">\n\t\t\t\t\t<div class=\"elementor-column elementor-col-100 elementor-top-column elementor-element elementor-element-417366d\" data-id=\"417366d\" data-element_type=\"column\" data-e-type=\"column\">\n\t\t\t<div class=\"elementor-widget-wrap elementor-element-populated\">\n\t\t\t\t\t\t<div class=\"elementor-element elementor-element-511f5814 elementor-widget elementor-widget-text-editor\" data-id=\"511f5814\" data-element_type=\"widget\" data-e-type=\"widget\" data-widget_type=\"text-editor.default\">\n\t\t\t\t<div class=\"elementor-widget-container\">\n\t\t\t\t\t\t\t\t\t<p>Elke maand wordt er op een donderdagavond een Soir\u00e9e Culturelle gehouden. <br \/>Een gast komt een presentatie of een workshop geven (uiteraard in het Frans) over een interessant onderwerp.<\/p>\t\t\t\t\t\t\t\t<\/div>\n\t\t\t\t<\/div>\n\t\t\t\t\t<\/div>\n\t\t<\/div>\n\t\t\t\t\t<\/div>\n\t\t<\/section>\n\t\t\t\t<section class=\"elementor-section elementor-top-section elementor-element elementor-element-ec7f242 elementor-section-boxed elementor-section-height-default elementor-section-height-default\" data-id=\"ec7f242\" data-element_type=\"section\" data-e-type=\"section\">\n\t\t\t\t\t\t<div class=\"elementor-container elementor-column-gap-default\">\n\t\t\t\t\t<div class=\"elementor-column elementor-col-100 elementor-top-column elementor-element elementor-element-38b0408\" data-id=\"38b0408\" data-element_type=\"column\" data-e-type=\"column\" data-settings=\"{&quot;background_background&quot;:&quot;classic&quot;}\">\n\t\t\t<div class=\"elementor-widget-wrap elementor-element-populated\">\n\t\t\t\t\t\t<div class=\"elementor-element elementor-element-34c2eec elementor-widget elementor-widget-heading\" data-id=\"34c2eec\" data-element_type=\"widget\" data-e-type=\"widget\" data-widget_type=\"heading.default\">\n\t\t\t\t<div class=\"elementor-widget-container\">\n\t\t\t\t\t<h2 class=\"elementor-heading-title elementor-size-default\">Soir\u00e9e Culturelle en arri\u00e8re<\/h2>\t\t\t\t<\/div>\n\t\t\t\t<\/div>\n\t\t\t\t<div class=\"elementor-element elementor-element-6d40257 elementor-widget elementor-widget-text-editor\" data-id=\"6d40257\" data-element_type=\"widget\" data-e-type=\"widget\" data-widget_type=\"text-editor.default\">\n\t\t\t\t<div class=\"elementor-widget-container\">\n\t\t\t\t\t\t\t\t\t<p><strong><span style=\"color: #da002e;font-size: 14pt\">Donderdag\u00a0 7 november 2019<\/span><br \/>Brinkhuis Laren<br \/><span style=\"color: #da002e\">Soir\u00e9e culturelle: <\/span><\/strong><span style=\"color: #da002e\"><strong>Lezing Lydie van Huet: &#8220;Paris: petite et grande histoire&#8221;<\/strong><\/span><\/p><p><em>&#8220;Lydie va nous emmener dans la petite et grande histoire de Paris, de la belle epoque jusqu&#8217;au temps moderne d&#8217;aujourdhui. L&#8217;histoire de l&#8217;architecture, la culture, la vie des ecrivains et des artistes connus et plusieurs anecdotes inconnues de cette ville mondiale. Inspirante et vivante!&#8221;<\/em><\/p><p>\u00a0<\/p><p><em>&#8220;Lydie nam ons mee naar de kleine en grote geschiedenis van Parijs, van de &#8220;Belle Epoque&#8221; tot vandaag. De geschiedenis van architectuur, cultuur, het leven van bekende schrijvers en kunstenaars, en vele onbekende anekdotes van deze wereldstad. Inspirerend en levendig!&#8221;<\/em><\/p><p>Merci Lydie, voor de mooie presentatie.<\/p>\t\t\t\t\t\t\t\t<\/div>\n\t\t\t\t<\/div>\n\t\t\t\t\t<\/div>\n\t\t<\/div>\n\t\t\t\t\t<\/div>\n\t\t<\/section>\n\t\t\t\t<section class=\"elementor-section elementor-top-section elementor-element elementor-element-655a404 elementor-section-boxed elementor-section-height-default elementor-section-height-default\" data-id=\"655a404\" data-element_type=\"section\" data-e-type=\"section\">\n\t\t\t\t\t\t<div class=\"elementor-container elementor-column-gap-default\">\n\t\t\t\t\t<div class=\"elementor-column elementor-col-100 elementor-top-column elementor-element elementor-element-304aea7\" data-id=\"304aea7\" data-element_type=\"column\" data-e-type=\"column\" data-settings=\"{&quot;background_background&quot;:&quot;classic&quot;}\">\n\t\t\t<div class=\"elementor-widget-wrap elementor-element-populated\">\n\t\t\t\t\t\t<div class=\"elementor-element elementor-element-8ca575b elementor-widget elementor-widget-image-gallery\" data-id=\"8ca575b\" data-element_type=\"widget\" data-e-type=\"widget\" data-widget_type=\"image-gallery.default\">\n\t\t\t\t<div class=\"elementor-widget-container\">\n\t\t\t\t\t\t\t<div class=\"elementor-image-gallery\">\n\t\t\t<div id='gallery-1' class='gallery galleryid-1326 gallery-columns-4 gallery-size-thumbnail'><figure class='gallery-item'>\n\t\t\t<div class='gallery-icon portrait'>\n\t\t\t\t<a data-elementor-open-lightbox=\"yes\" data-elementor-lightbox-slideshow=\"8ca575b\" data-e-action-hash=\"#elementor-action%3Aaction%3Dlightbox%26settings%3DeyJpZCI6MTMzNSwidXJsIjoiaHR0cHM6XC9cL3d3dy5hbGxpYW5jZS1mcmFuY2Fpc2UubmxcL2dvb2lcL3dwLWNvbnRlbnRcL3VwbG9hZHNcL3NpdGVzXC8xMFwvMjAyMFwvMDRcL0x5ZGllSHVldElzbWluaTA3LTExLTE5LmpwZyIsInNsaWRlc2hvdyI6IjhjYTU3NWIifQ%3D%3D\" href='https:\/\/www.alliance-francaise.nl\/gooi\/wp-content\/uploads\/sites\/10\/2020\/04\/LydieHuetIsmini07-11-19.jpg'><img decoding=\"async\" width=\"150\" height=\"150\" src=\"https:\/\/www.alliance-francaise.nl\/gooi\/wp-content\/uploads\/sites\/10\/2020\/04\/LydieHuetIsmini07-11-19-150x150.jpg\" class=\"attachment-thumbnail size-thumbnail\" alt=\"\" srcset=\"https:\/\/www.alliance-francaise.nl\/gooi\/wp-content\/uploads\/sites\/10\/2020\/04\/LydieHuetIsmini07-11-19-150x150.jpg 150w, https:\/\/www.alliance-francaise.nl\/gooi\/wp-content\/uploads\/sites\/10\/2020\/04\/LydieHuetIsmini07-11-19-300x300.jpg 300w, https:\/\/www.alliance-francaise.nl\/gooi\/wp-content\/uploads\/sites\/10\/2020\/04\/LydieHuetIsmini07-11-19-100x100.jpg 100w\" sizes=\"(max-width: 150px) 100vw, 150px\" \/><\/a>\n\t\t\t<\/div><\/figure><figure class='gallery-item'>\n\t\t\t<div class='gallery-icon landscape'>\n\t\t\t\t<a data-elementor-open-lightbox=\"yes\" data-elementor-lightbox-slideshow=\"8ca575b\" data-e-action-hash=\"#elementor-action%3Aaction%3Dlightbox%26settings%3DeyJpZCI6MTMzNiwidXJsIjoiaHR0cHM6XC9cL3d3dy5hbGxpYW5jZS1mcmFuY2Fpc2UubmxcL2dvb2lcL3dwLWNvbnRlbnRcL3VwbG9hZHNcL3NpdGVzXC8xMFwvMjAyMFwvMDRcL0x5ZGllSHVldElzbWluaTEwNy0xMS0xOS5qcGciLCJzbGlkZXNob3ciOiI4Y2E1NzViIn0%3D\" href='https:\/\/www.alliance-francaise.nl\/gooi\/wp-content\/uploads\/sites\/10\/2020\/04\/LydieHuetIsmini107-11-19.jpg'><img decoding=\"async\" width=\"150\" height=\"150\" src=\"https:\/\/www.alliance-francaise.nl\/gooi\/wp-content\/uploads\/sites\/10\/2020\/04\/LydieHuetIsmini107-11-19-150x150.jpg\" class=\"attachment-thumbnail size-thumbnail\" alt=\"\" srcset=\"https:\/\/www.alliance-francaise.nl\/gooi\/wp-content\/uploads\/sites\/10\/2020\/04\/LydieHuetIsmini107-11-19-150x150.jpg 150w, https:\/\/www.alliance-francaise.nl\/gooi\/wp-content\/uploads\/sites\/10\/2020\/04\/LydieHuetIsmini107-11-19-300x300.jpg 300w, https:\/\/www.alliance-francaise.nl\/gooi\/wp-content\/uploads\/sites\/10\/2020\/04\/LydieHuetIsmini107-11-19-100x100.jpg 100w\" sizes=\"(max-width: 150px) 100vw, 150px\" \/><\/a>\n\t\t\t<\/div><\/figure><figure class='gallery-item'>\n\t\t\t<div class='gallery-icon portrait'>\n\t\t\t\t<a data-elementor-open-lightbox=\"yes\" data-elementor-lightbox-slideshow=\"8ca575b\" data-e-action-hash=\"#elementor-action%3Aaction%3Dlightbox%26settings%3DeyJpZCI6MTMzNywidXJsIjoiaHR0cHM6XC9cL3d3dy5hbGxpYW5jZS1mcmFuY2Fpc2UubmxcL2dvb2lcL3dwLWNvbnRlbnRcL3VwbG9hZHNcL3NpdGVzXC8xMFwvMjAyMFwvMDRcL0x5ZGllSHVldExpZGEwNy0xMS0xOS5qcGciLCJzbGlkZXNob3ciOiI4Y2E1NzViIn0%3D\" href='https:\/\/www.alliance-francaise.nl\/gooi\/wp-content\/uploads\/sites\/10\/2020\/04\/LydieHuetLida07-11-19.jpg'><img decoding=\"async\" width=\"150\" height=\"150\" src=\"https:\/\/www.alliance-francaise.nl\/gooi\/wp-content\/uploads\/sites\/10\/2020\/04\/LydieHuetLida07-11-19-150x150.jpg\" class=\"attachment-thumbnail size-thumbnail\" alt=\"\" srcset=\"https:\/\/www.alliance-francaise.nl\/gooi\/wp-content\/uploads\/sites\/10\/2020\/04\/LydieHuetLida07-11-19-150x150.jpg 150w, https:\/\/www.alliance-francaise.nl\/gooi\/wp-content\/uploads\/sites\/10\/2020\/04\/LydieHuetLida07-11-19-300x300.jpg 300w, https:\/\/www.alliance-francaise.nl\/gooi\/wp-content\/uploads\/sites\/10\/2020\/04\/LydieHuetLida07-11-19-100x100.jpg 100w\" sizes=\"(max-width: 150px) 100vw, 150px\" \/><\/a>\n\t\t\t<\/div><\/figure><figure class='gallery-item'>\n\t\t\t<div class='gallery-icon landscape'>\n\t\t\t\t<a data-elementor-open-lightbox=\"yes\" data-elementor-lightbox-slideshow=\"8ca575b\" data-e-action-hash=\"#elementor-action%3Aaction%3Dlightbox%26settings%3DeyJpZCI6MTMzOCwidXJsIjoiaHR0cHM6XC9cL3d3dy5hbGxpYW5jZS1mcmFuY2Fpc2UubmxcL2dvb2lcL3dwLWNvbnRlbnRcL3VwbG9hZHNcL3NpdGVzXC8xMFwvMjAyMFwvMDRcL0x5ZGllSHVldFB1YmxpZWswNy0xMS0xOS5qcGciLCJzbGlkZXNob3ciOiI4Y2E1NzViIn0%3D\" href='https:\/\/www.alliance-francaise.nl\/gooi\/wp-content\/uploads\/sites\/10\/2020\/04\/LydieHuetPubliek07-11-19.jpg'><img loading=\"lazy\" decoding=\"async\" width=\"150\" height=\"150\" src=\"https:\/\/www.alliance-francaise.nl\/gooi\/wp-content\/uploads\/sites\/10\/2020\/04\/LydieHuetPubliek07-11-19-150x150.jpg\" class=\"attachment-thumbnail size-thumbnail\" alt=\"\" srcset=\"https:\/\/www.alliance-francaise.nl\/gooi\/wp-content\/uploads\/sites\/10\/2020\/04\/LydieHuetPubliek07-11-19-150x150.jpg 150w, https:\/\/www.alliance-francaise.nl\/gooi\/wp-content\/uploads\/sites\/10\/2020\/04\/LydieHuetPubliek07-11-19-300x300.jpg 300w, https:\/\/www.alliance-francaise.nl\/gooi\/wp-content\/uploads\/sites\/10\/2020\/04\/LydieHuetPubliek07-11-19-100x100.jpg 100w\" sizes=\"(max-width: 150px) 100vw, 150px\" \/><\/a>\n\t\t\t<\/div><\/figure>\n\t\t<\/div>\n\t\t<\/div>\n\t\t\t\t\t\t<\/div>\n\t\t\t\t<\/div>\n\t\t\t\t\t<\/div>\n\t\t<\/div>\n\t\t\t\t\t<\/div>\n\t\t<\/section>\n\t\t\t\t<section class=\"elementor-section elementor-top-section elementor-element elementor-element-8336315 elementor-section-boxed elementor-section-height-default elementor-section-height-default\" data-id=\"8336315\" data-element_type=\"section\" data-e-type=\"section\">\n\t\t\t\t\t\t<div class=\"elementor-container elementor-column-gap-default\">\n\t\t\t\t\t<div class=\"elementor-column elementor-col-100 elementor-top-column elementor-element elementor-element-b86b13b\" data-id=\"b86b13b\" data-element_type=\"column\" data-e-type=\"column\" data-settings=\"{&quot;background_background&quot;:&quot;classic&quot;}\">\n\t\t\t<div class=\"elementor-widget-wrap elementor-element-populated\">\n\t\t\t\t\t\t<div class=\"elementor-element elementor-element-698808a elementor-widget elementor-widget-text-editor\" data-id=\"698808a\" data-element_type=\"widget\" data-e-type=\"widget\" data-widget_type=\"text-editor.default\">\n\t\t\t\t<div class=\"elementor-widget-container\">\n\t\t\t\t\t\t\t\t\t<p><span style=\"font-size: 12pt\"><strong><span style=\"color: #da002e\"><span style=\"font-size: 14pt\">Donderdag 14 maart 2019\u00a0 \u00a0 <\/span>\u00a0\u00a0\u00a0\u00a0\u00a0\u00a0 <br \/>\u00a0 \u00a0<\/span>\u00a0\u00a0\u00a0\u00a0\u00a0\u00a0\u00a0\u00a0 <br \/><\/strong><\/span><span style=\"color: #da002e\"><span style=\"font-size: 12pt\"><span style=\"color: #000000\">Pierre Pascal Bruneau van librairie<\/span> <strong>&#8220;<a style=\"color: #da002e\" href=\"http:\/\/www.letempsretrouve.nl\/\" target=\"_blank\" rel=\"noopener noreferrer\">Le Temps Retrouv\u00e9<\/a><\/strong>&#8221; <\/span><\/span><span style=\"font-size: 12pt;color: #000000\">a present\u00e9 les meilleurs livres de 2018\/2019<strong><em><br \/><\/em><\/strong><\/span><span style=\"color: #da002e\"><span style=\"color: #333333\"><br \/><\/span><\/span>Pierre Pascal Bruneau van boekhandel &#8220;<span style=\"color: #da002e\"><strong><a style=\"color: #da002e\" href=\"http:\/\/www.letempsretrouve.nl\/\">Le Temps Retrouv\u00e9<\/a><\/strong><\/span>&#8221; in Amsterdam, presenteerde <br \/><strong><span style=\"text-decoration: underline\">de beste Franse boeken van 2018 en 2019<\/span><\/strong>.<\/p><p><span style=\"color: #da002e\"><a style=\"color: #da002e\" href=\"http:\/\/www.letempsretrouve.nl\/author-book\/david-foenkinos\/\">David Foenkinos &#8211; Deux Soeurs<\/a><\/span><br \/><span style=\"color: #da002e\"><a style=\"color: #da002e\" href=\"http:\/\/www.letempsretrouve.nl\/author-book\/de-vigan-delphine\/\">Delphine de Vigan &#8211; Les gratitudes<\/a><\/span><br \/><span style=\"color: #da002e\"><a style=\"color: #da002e\" href=\"http:\/\/www.letempsretrouve.nl\/author-book\/houellebecq-michel\/\">Michel Houellebecq &#8211; S\u00e9rotonine<\/a><\/span><br \/><span style=\"color: #da002e\"><a style=\"color: #da002e\" href=\"http:\/\/www.letempsretrouve.nl\/author-book\/laroui-fouad\/\">Fouad Laroui &#8211; Dieu, les mathematiques<\/a><\/span><\/p><p><strong><span style=\"text-decoration: underline\">Boeken van 2016\/2017<\/span><\/strong><\/p><p><span style=\"color: #da002e\"><a style=\"color: #da002e\" href=\"http:\/\/www.letempsretrouve.nl\/author-book\/alice-zeniter\/\">Alice Zeniter &#8211; l&#8217;art du perdre<\/a><\/span><br \/><span style=\"color: #da002e\"><a style=\"color: #da002e\" href=\"http:\/\/www.letempsretrouve.nl\/author-book\/boltanski-christophe\/\">Christophe Boltanski &#8211; la Cache<\/a><\/span><br \/><span style=\"color: #da002e\"><a style=\"color: #da002e\" href=\"http:\/\/www.letempsretrouve.nl\/author-book\/catherine-poulain\/\">Catherine Poulain &#8211; le grand Marin<\/a><\/span><br \/><span style=\"color: #da002e\"><a style=\"color: #da002e\" href=\"http:\/\/www.letempsretrouve.nl\/author-book\/dai-sijie\/\">Dai Sijie &#8211; l&#8217;\u00e9vangile selon Yong Sheng<\/a><\/span><\/p>\t\t\t\t\t\t\t\t<\/div>\n\t\t\t\t<\/div>\n\t\t\t\t<div class=\"elementor-element elementor-element-cd9a32a elementor-widget elementor-widget-image\" data-id=\"cd9a32a\" data-element_type=\"widget\" data-e-type=\"widget\" data-widget_type=\"image.default\">\n\t\t\t\t<div class=\"elementor-widget-container\">\n\t\t\t\t\t\t\t\t\t\t\t\t\t\t\t<img decoding=\"async\" src=\"https:\/\/www.alliance-francaise.nl\/gooi\/wp-content\/uploads\/sites\/10\/2020\/04\/PPBruneau.jpg\" title=\"PPBruneau\" alt=\"PPBruneau\" loading=\"lazy\" \/>\t\t\t\t\t\t\t\t\t\t\t\t\t\t\t<\/div>\n\t\t\t\t<\/div>\n\t\t\t\t\t<\/div>\n\t\t<\/div>\n\t\t\t\t\t<\/div>\n\t\t<\/section>\n\t\t\t\t<\/div>\n\t\t","protected":false},"excerpt":{"rendered":"<p>Soir\u00e9e Culturelle Soir\u00e9e Culturelle Elke maand wordt er op een donderdagavond een Soir\u00e9e Culturelle gehouden. Een gast komt een presentatie of een workshop geven (uiteraard in het Frans) over een [&hellip;]<\/p>\n","protected":false},"author":8,"featured_media":0,"parent":0,"menu_order":0,"comment_status":"closed","ping_status":"closed","template":"elementor_header_footer","meta":{"footnotes":""},"class_list":["post-1326","page","type-page","status-publish","hentry"],"_links":{"self":[{"href":"https:\/\/www.alliance-francaise.nl\/gooi\/wp-json\/wp\/v2\/pages\/1326","targetHints":{"allow":["GET"]}}],"collection":[{"href":"https:\/\/www.alliance-francaise.nl\/gooi\/wp-json\/wp\/v2\/pages"}],"about":[{"href":"https:\/\/www.alliance-francaise.nl\/gooi\/wp-json\/wp\/v2\/types\/page"}],"author":[{"embeddable":true,"href":"https:\/\/www.alliance-francaise.nl\/gooi\/wp-json\/wp\/v2\/users\/8"}],"replies":[{"embeddable":true,"href":"https:\/\/www.alliance-francaise.nl\/gooi\/wp-json\/wp\/v2\/comments?post=1326"}],"version-history":[{"count":0,"href":"https:\/\/www.alliance-francaise.nl\/gooi\/wp-json\/wp\/v2\/pages\/1326\/revisions"}],"wp:attachment":[{"href":"https:\/\/www.alliance-francaise.nl\/gooi\/wp-json\/wp\/v2\/media?parent=1326"}],"curies":[{"name":"wp","href":"https:\/\/api.w.org\/{rel}","templated":true}]}}