{"id":297,"date":"2020-10-13T12:51:08","date_gmt":"2020-10-13T12:51:08","guid":{"rendered":"https:\/\/www.alliance-francaise.nl\/2020\/frise\/?page_id=297"},"modified":"2020-10-13T12:51:10","modified_gmt":"2020-10-13T12:51:10","slug":"cultureel-programma-2016-2017","status":"publish","type":"page","link":"https:\/\/www.alliance-francaise.nl\/frise\/culturele-agenda\/cultureelprogramma\/cultureel-programma-2016-2017\/","title":{"rendered":"Cultureel programma 2016-2017"},"content":{"rendered":"<table>\n<tbody>\n<tr style=\"height: 16px\">\n<td colspan=\"2\">\n<p style=\"text-align: center\"><strong>2016<\/strong><\/p>\n<\/td>\n<\/tr>\n<tr style=\"height: 496px\">\n<td style=\"width: 176px;height: 496px\">\n<p><strong>&nbsp;<\/strong><strong>Jeudi 22 septembre 2016<\/strong><strong>&nbsp;<\/strong><strong><br \/>\n 19.00 uur &#8211; 21.15 uur<a href=\"http:\/\/afpb.nl\/frise\/wp-content\/uploads\/sites\/24\/2016\/11\/Sylvain.png\"><img decoding=\"async\" width=\"300\" height=\"124\" class=\"alignnone size-medium wp-image-630\" alt=\"sylvain\" src=\"http:\/\/afpb.nl\/frise\/wp-content\/uploads\/sites\/24\/2016\/11\/Sylvain-300x124.png\"><\/a><\/strong><\/p>\n<p>NHL Hogeschool&nbsp;<br \/>\n Rengerslaan 10,&nbsp;<br \/>\n 8917 DD Leeuwarden<br \/>\n tel: 058-251 23 45<\/p>\n<p>Wolkom!<br \/>\n Welkom!<br \/>\n Bienvenue!<\/p>\n<\/td>\n<td style=\"width: 771px;height: 496px\">\n<p><strong>&#8220;Le vin divin&#8221;<\/strong><br \/>\n <em>Conf\u00e9rence de<\/em><em>&nbsp;<\/em><strong><em>Sylvain Lelarge<\/em><\/strong><\/p>\n<p>Une soir\u00e9e en l\u2019honneur du vin, et donc bien arros\u00e9e d\u2019un bon verre et des plus belles chansons, po\u00e8mes et anecdotes sur ce th\u00e8me \u00e9ternel.<br \/>\n Comment le vin a form\u00e9 notre Histoire et notre quotidien\u2026 Une soir\u00e9e \u00e0 jouir sans mod\u00e9ration.<br \/>\n Toutes les chansons sont dot\u00e9es d\u2019une traduction.<br \/>\n Een interactieve avond met een vrolijke Fransman, toegankelijk en inspirerend!&nbsp;<br \/>\n Meer informatie op: www.talenvoortalent.nl Deze avond wordt u aangeboden door AFF\/NHL.&nbsp;<br \/>\n Neemt u dus gerust iemand mee! Geen entree verschuldigd.<br \/>\n Wilt u zich opgeven: secretariat.frise@alliance-francaise.nl v\u00f3\u00f3r vrijdag 16 september (+aantal deelnemers i.v.m. ruimte en benodigdheden)<br \/>\n U kunt zich melden bij de ontvangstbalie van de NHL voor 19.00 uur.<br \/>\n NHL Hogeschool, Rengerslaan 10, 8917 DD Leeuwarden, tel: 058-251 23 45<\/p>\n<p>.<\/p>\n<\/td>\n<\/tr>\n<tr style=\"height: 824px\">\n<td style=\"width: 176px;height: 824px;vertical-align: top\">\n<p>&nbsp;<strong>Lundi 10 octobre 2016<\/strong><strong><br \/>\n Aanvang 18.45<\/strong><\/p>\n<p><strong><a href=\"http:\/\/afpb.nl\/frise\/wp-content\/uploads\/sites\/24\/2016\/11\/Dernier-loup-1.jpg\"><img decoding=\"async\" width=\"172\" height=\"232\" class=\"alignnone size-full wp-image-631\" alt=\"dernier-loup-1\" src=\"http:\/\/afpb.nl\/frise\/wp-content\/uploads\/sites\/24\/2016\/11\/Dernier-loup-1.jpg\"><\/a><\/strong><\/p>\n<p>Filmavond Drachtster Lyceum&nbsp;<br \/>\n Torenstraat 28, 9201 AA Drachten<\/p>\n<\/td>\n<td style=\"width: 771px;height: 824px;vertical-align: top\">\n<p><strong>&#8220;Franse filmavond met uitleg: &nbsp;Le Dernier Loup&#8221;&nbsp;<\/strong><\/p>\n<p>Voertaal: (aangepast) Frans Le Dernier Loup ( de laatste wolf) is een Chinees-Franse film uit 2015 . De regisseur Jean-Jacques Annaud heeft o.a. L\u2019ours\/The Bear geregisseerd.<br \/>\n GRATIS voor de AFF leden, de leerlingen &amp; docenten van het Drachtster Lyceum. Voor niet-leden \/niet-cursisten geldt een toegangsprijs van \u20ac 7, &#8211; p.p. De film is Frans gesproken, met de Franse ondertiteling.<\/p>\n<p>Het verhaal: In 1969 wordt de Chinese student Chen Zhen vanuit Peking naar Mongoli\u00eb gestuurd om er les te geven aan de nomadenstammen. Hij ontdekt dat hij zelf veel kan leren over het harde leven in de oneindige wildernis.&nbsp;Het hoofd van de nomadenstam, Bilig brengt hem het belang bij van het respect voor mens, dier en natuur. Hij raakt gefascineerd door de wolven die belangrijk zijn voor de nomaden. Hij vangt in het geheim een wolvenwelpje om zo hun manier van leven te ontdekken. Het natuurlijk evenwicht in de steppe raakt verstoord wanneer ook de&nbsp;Han chinezen de steppe intrekken. Ze zien de wolven als hun;vijanden en besluiten alle wolven in de regio uit te roeien\u2026<\/p>\n<p>Meer informatie via onderstaande link.<br \/>\n <a href=\"https:\/\/www.youtube.com\/watch?v=Dnm5A_w_F1k\">https:\/\/www.youtube.com\/watch?v=Dnm5A_w_F1k<\/a><\/p>\n<p>Dans ce film, on ne parle pas trop vite. Une pr\u00e9paration minimale est suffisante pour comprendre l\u2019histoire. Avant le film il y aura une explication du vocabulaire et , apr\u00e8s le film, la possibilit\u00e9 de poser des questions pour la compr\u00e9hension.&nbsp;<br \/>\n Helma Smits, Pr\u00e9sidente AFF et Erica Bergema, chef de section&nbsp; fran\u00e7aise du lyc\u00e9e&nbsp; vous accueilleront avec plaisir le lundi 10 octobre 2016 \u00e0&nbsp; 18h45 au Drachtster Lyceum.<\/p>\n<\/td>\n<\/tr>\n<tr style=\"height: 688px\">\n<td style=\"width: 176px;height: 688px;vertical-align: top\">\n<p><strong>Dimanche 20 novembre 2016<\/strong><br \/>\n <strong>15h00 &#8211; 17h00<\/strong><\/p>\n<p><strong><a href=\"http:\/\/afpb.nl\/frise\/wp-content\/uploads\/sites\/24\/2016\/11\/Renske-1.png\"><img fetchpriority=\"high\" decoding=\"async\" width=\"218\" height=\"300\" class=\"alignnone size-medium wp-image-632\" alt=\"renske-1\" src=\"http:\/\/afpb.nl\/frise\/wp-content\/uploads\/sites\/24\/2016\/11\/Renske-1-218x300.png\"><\/a><\/strong><\/p>\n<p>Zaaltje Doopsgezinde Gemeente Leeuwarden<\/p>\n<p>Wirdumerdijk 18<br \/>\n 8911 CD&nbsp; Leeuwarden<br \/>\n Parkeergelegenheid in de Zaailand Garage<\/p>\n<p>&nbsp;<\/p>\n<\/td>\n<td style=\"width: 771px;height: 688px;vertical-align: top\">\n<p><strong>&#8220;Mus\u00e9e d&#8217;Orsay et Pompidou&#8221;<\/strong><strong>&nbsp;<\/strong><strong>&nbsp;<\/strong><br \/>\n <em><strong>Renske Langebeek<\/strong><\/em><\/p>\n<p>Conf\u00e9rence 3 &#8211; Mus\u00e9e d\u2019Orsay et Centre Pompidou Sur la rive gauche de la Seine, le Mus\u00e9e d\u2019Orsay se trouve en plein coeur de Paris. Le mus\u00e9e vise \u00e0 montrer l\u2019ensemble des collections de la seconde moiti\u00e9 du XIXe si\u00e8cle : la peinture, la sculpture, des objets d\u2019art, le mobilier et l\u2019architecture. Le Centre national d\u2019Art et de Culture Georges Pompidou est inaugur\u00e9 en janvier 1977 en h\u00e9berge plusieurs \u00e9tablissements et est ainsi d\u00e9sign\u00e9 comme \u201csupermarch\u00e9 de l\u2019art\u201d. Le monde entier conna\u00eet aujourd\u2019hui cet \u00e9trange b\u00e2timent bleu, rouge et jaune au centre de Paris. Mais savez-vous comment cette architecture contemporaine a r\u00e9ussi \u00e0 s\u2019implanter au quartier Beaubourg? Cette conf\u00e9rence traite l\u2019histoire et le d\u00e9veloppement de ces deux mus\u00e9es. Le b\u00e2timent, l\u2019am\u00e9nagement et la pr\u00e9sentation des oeuvres sont regard\u00e9s de plus pr\u00e8s.<\/p>\n<p>\n Lezing 3 &#8211; Mus\u00e9e d\u2019Orsay en Centre Pompidou Op de linkeroever van de Seine in het 7e arrondissement ligt het Mus\u00e9e d\u2019Orsay. De collecties die er getoond worden laten verbanden zien tussen schilderkunst, beeldhouwkunst, kunstobjecten, meubilair en architectuur uit de 19e eeuw. Het Centre national d\u2019Art et de Culture Georges Pompidou wordt officieel geopend in januari 1977 en biedt onderdak aan verschillende instellingen en is dan ook wel omschreven als een \u201csupermarket van de kunst\u201d. In deze lezing wordt de geschiedenis en ontwikkeling van beide musea uiteengezet. Dit betreft het gebouw, de indeling en inrichting en de ordening van de werken.<\/p>\n<p><strong>&nbsp;<\/strong><\/p>\n<\/td>\n<\/tr>\n<tr style=\"height: 68px\">\n<td colspan=\"2\">\n<p style=\"text-align: center\"><strong>2017<\/strong><\/p>\n<\/td>\n<\/tr>\n<tr style=\"height: 449px\">\n<td style=\"width: 176px;height: 449px;vertical-align: top\">\n<p id=\"valerie\"><strong>Dimanche 22 janvier 2017<\/strong><strong><br \/>\n 15h00 \u2013 17h00<\/strong><\/p>\n<p><a href=\"http:\/\/afpb.nl\/frise\/wp-content\/uploads\/sites\/24\/2016\/11\/Valerie.jpg\"><img loading=\"lazy\" decoding=\"async\" width=\"225\" height=\"225\" class=\"alignnone size-full wp-image-638\" alt=\"valerie\" src=\"http:\/\/afpb.nl\/frise\/wp-content\/uploads\/sites\/24\/2016\/11\/Valerie.jpg\"><\/a><\/p>\n<p>Dorpskerk, Huizum dorp 67<br \/>\n 8934 BS Leeuwarden<\/p>\n<\/td>\n<td style=\"width: 771px;height: 449px;vertical-align: top\">&nbsp;&nbsp;<strong>&#8221; Val\u00e9rie Chouchana&#8221;<\/strong><\/p>\n<p style=\"text-align: left\">Les traditions au fil de l&#8217;an. Des \u00e9trennes du Nouvel An \u00e0 la b\u00fbche de No\u00ebl, je vous invite \u00e0 un voyage au c\u0153ur des traditions que les Fran\u00e7ais retrouvent chaque ann\u00e9e. Des traditions nationales comme le poisson d&#8217;avril, cr\u00eapes de la Chandeleur, \u0153ufs de P\u00e2ques aux traditions locales comme les treize desserts de No\u00ebl de la Provence ou la maison en pain d&#8217;\u00e9pices alsaciennes, du carnaval de Dunkerque \u00e0 celui de Nice en passant par les Jeux floraux de Toulouse, je vous propose de d\u00e9couvrir une ann\u00e9e de traditions fran\u00e7aises. Le pourquoi et le comment des f\u00eates fran\u00e7aises n&#8217;auront plus de secrets.<\/p>\n<\/td>\n<\/tr>\n<tr style=\"height: 584px\">\n<td style=\"width: 176px;height: 584px;vertical-align: top\">\n<p><strong>Jeudi 16 f\u00e9vrier 2017<\/strong><strong>&nbsp;<\/strong><strong><br \/>\n 20.00 uur &#8211; 22.00 uur<a href=\"http:\/\/afpb.nl\/frise\/wp-content\/uploads\/sites\/24\/2016\/11\/Anouk.jpg\"><img loading=\"lazy\" decoding=\"async\" width=\"259\" height=\"194\" class=\"alignnone size-full wp-image-633\" alt=\"anouk\" src=\"http:\/\/afpb.nl\/frise\/wp-content\/uploads\/sites\/24\/2016\/11\/Anouk.jpg\"><\/a><\/strong><\/p>\n<p>Zalencentrum De Buorskip<br \/>\n Vlaslaan 26, 9244 CH Beetsterzwaag<\/p>\n<p>&nbsp;<\/p>\n<\/td>\n<td style=\"width: 771px;height: 584px;vertical-align: top\">\n<p><strong>&#8220;Parler aux canons&#8221;<\/strong><br \/>\n <strong><em>Anouk Dorfman<\/em><\/strong><\/p>\n<p>Anouk Dorfmann (1989) won in 2006 de publieksprijs en de juryprijs tijdens het prestigieuze \u201cConcours de la Chanson\u201d in theater \u201cde kleine komedie\u201d in Amsterdam. Ze studeerde in 2013 af aan \u201cKoningstheateracademie\u201d in den Bosch en tourde met vader Fr\u00e9d\u00e9ric door het land met het chansonprogramma \u201cG\u00e9n\u00e9rations\u201d en solo-programma &#8220;Maintenant&#8221;. Ook maakte zij onderdeel uit van kleinkunst-ensemble &#8220;Andermans veren live!&#8221;.&nbsp;<br \/>\n Samen met pianist Johan Hoogeboom (bekend als cabaretier, pianist, schrijver) zal Anouk een afwisselend muzikaal programma brengen met zowel bekende liederen, klassiekers, als nieuwe pareltjes. In deze voorstelling zullen ook veel vertalingen en levensverhalen de revue passeren. Een afwisselend programma vol emotie, humor, herkenning en kritiek.<br \/>\n Johan en Anouk nemen u mee op reis door het rijke landschap van het Franse chanson, langs liederen die u tot rust brengen, roeren en waarmee we tegen kanonnen kunnen spreken.<\/p>\n<\/td>\n<\/tr>\n<tr style=\"height: 417px\">\n<td style=\"width: 176px;height: 417px;vertical-align: top\">\n<p><strong>Jeudi 23 mars 2017<a href=\"http:\/\/afpb.nl\/frise\/wp-content\/uploads\/sites\/24\/2016\/11\/Edourd-1.jpg\"><img loading=\"lazy\" decoding=\"async\" width=\"240\" height=\"180\" class=\"alignnone size-full wp-image-634\" alt=\"edourd-1\" src=\"http:\/\/afpb.nl\/frise\/wp-content\/uploads\/sites\/24\/2016\/11\/Edourd-1.jpg\"><\/a><\/strong><\/p>\n<p>20.00 h&nbsp; &#8211;&nbsp; 22.00 h&nbsp;&nbsp;&nbsp;&nbsp;&nbsp;&nbsp;&nbsp;&nbsp;&nbsp;&nbsp;&nbsp; Activiteitencentrum It Badh\u00fbs,&nbsp;<br \/>\n De Westereen (Zwaagwesteinde)<br \/>\n Sportloane 2B<br \/>\n 9271 VN De Westereen<\/p>\n<\/td>\n<td style=\"width: 771px;height: 417px;vertical-align: top\">\n<p><strong>&#8220;Slotavond met Edouard&#8221;<\/strong><\/p>\n<p>&#8221; N\u00e9 en France, en Bourgogne, je suis arriv\u00e9 aux Pays-Bas en 2001. A c\u00f4t\u00e9 de mon travail j&#8217;ai commenc\u00e9 \u00e0 chanter dans un groupe de musique pop mais tr\u00e8s vite j&#8217;ai r\u00e9alis\u00e9 que ma vraie passion \u00e9tait ailleurs : les chansons \u00e0 textes avec un plus grand espace de libert\u00e9 pour la voix, le temps et le silence&#8230; j&#8217;ai suivi ma voie et depuis c&#8217;est l&#8217;aventure &#8221;&nbsp;<br \/>\n Edouard, singer songwriter<br \/>\n <a href=\"http:\/\/www.edouardvdv.com\/\">www.edouardvdv.com<\/a><\/p>\n<\/td>\n<\/tr>\n<tr style=\"height: 464px\">\n<td style=\"width: 176px;height: 464px\">\n<p><strong>Mercredi 5 avril 2017<\/strong><\/p>\n<p><a href=\"http:\/\/afpb.nl\/frise\/wp-content\/uploads\/sites\/24\/2016\/11\/Bart-van-Loo-1.jpg\"><img loading=\"lazy\" decoding=\"async\" width=\"300\" height=\"228\" class=\"alignnone size-medium wp-image-635\" alt=\"VanLoo_Napoleon_wikkel_4de.indd\" src=\"http:\/\/afpb.nl\/frise\/wp-content\/uploads\/sites\/24\/2016\/11\/Bart-van-Loo-1-300x228.jpg\"><\/a><\/p>\n<p>Stadsschouwburg De Harmonie<br \/>\n Ruiterskwartier 4<br \/>\n 8911 BP Leeuwarden<\/p>\n<p>&nbsp;<\/p>\n<p>&nbsp;<\/p>\n<p><strong>&nbsp;<\/strong><\/p>\n<\/td>\n<td style=\"width: 771px;height: 464px;vertical-align: top\">\n<p>Dat Bart Van Loo kan schrijven wisten we al, dat hij een onvervalst podiumbeest is weten we sinds zijn theatertournee met vijfmansband Eddy Et Les Vedettes en zijn bevlogenheid toonde hij bij DWDD als geanimeerd verteller over het Franse chanson. \u2018Napoleon, De Schaduw Van De Revolutie\u2019, gebaseerd op zijn eigen bestseller, wordt een boeiende samensmelting van grote en kleine geschiedenis, een melange van woord en muziek, wetenschap en jolijt, waarin de francofiel zijn eigen familiegeschiedenis naast die van Napoleon legt. Zoals bij al zijn optredens vormen ook nu bevlogenheid, humor en kennis van zaken de drijvende kracht. Gitarist en singer-songwriter Geert Hellings maakt speciaal voor deze autobiografische vertelling een po\u00ebtische soundtrack. Dat wordt verteltheater van de bovenste plank, met unieke beelden van kunstenaar Koen Broucke.<br \/>\n Spel: Bart Van Loo | compositie en livemuziek: Geert Hellings<br \/>\n Verteltheater van de bovenste plank!<br \/>\n <a href=\"http:\/\/www.bartvanloo.info\">www.bartvanloo.info<\/a><\/p>\n<\/td>\n<\/tr>\n<\/tbody>\n<\/table>\n<p>&nbsp;<\/p>\n","protected":false},"excerpt":{"rendered":"","protected":false},"author":1,"featured_media":0,"parent":120,"menu_order":0,"comment_status":"closed","ping_status":"closed","template":"","meta":{"footnotes":""},"class_list":["post-297","page","type-page","status-publish","hentry"],"_links":{"self":[{"href":"https:\/\/www.alliance-francaise.nl\/frise\/wp-json\/wp\/v2\/pages\/297","targetHints":{"allow":["GET"]}}],"collection":[{"href":"https:\/\/www.alliance-francaise.nl\/frise\/wp-json\/wp\/v2\/pages"}],"about":[{"href":"https:\/\/www.alliance-francaise.nl\/frise\/wp-json\/wp\/v2\/types\/page"}],"author":[{"embeddable":true,"href":"https:\/\/www.alliance-francaise.nl\/frise\/wp-json\/wp\/v2\/users\/1"}],"replies":[{"embeddable":true,"href":"https:\/\/www.alliance-francaise.nl\/frise\/wp-json\/wp\/v2\/comments?post=297"}],"version-history":[{"count":0,"href":"https:\/\/www.alliance-francaise.nl\/frise\/wp-json\/wp\/v2\/pages\/297\/revisions"}],"up":[{"embeddable":true,"href":"https:\/\/www.alliance-francaise.nl\/frise\/wp-json\/wp\/v2\/pages\/120"}],"wp:attachment":[{"href":"https:\/\/www.alliance-francaise.nl\/frise\/wp-json\/wp\/v2\/media?parent=297"}],"curies":[{"name":"wp","href":"https:\/\/api.w.org\/{rel}","templated":true}]}}