{"id":156,"date":"2019-12-20T19:02:07","date_gmt":"2019-12-20T19:02:07","guid":{"rendered":"https:\/\/www.alliance-francaise.nl\/2020\/frise\/?page_id=156"},"modified":"2025-08-29T21:06:30","modified_gmt":"2025-08-29T21:06:30","slug":"mot-du-president","status":"publish","type":"page","link":"https:\/\/www.alliance-francaise.nl\/frise\/bienvenue-welkom\/mot-du-president\/","title":{"rendered":"Mot du pr\u00e9sident"},"content":{"rendered":"\t\t<div data-elementor-type=\"wp-page\" data-elementor-id=\"156\" class=\"elementor elementor-156\" data-elementor-post-type=\"page\">\n\t\t\t\t\t\t<section class=\"elementor-section elementor-top-section elementor-element elementor-element-1343022d elementor-section-boxed elementor-section-height-default elementor-section-height-default\" data-id=\"1343022d\" data-element_type=\"section\" data-e-type=\"section\" data-settings=\"{&quot;background_background&quot;:&quot;classic&quot;}\">\n\t\t\t\t\t\t<div class=\"elementor-container elementor-column-gap-default\">\n\t\t\t\t\t<div class=\"elementor-column elementor-col-100 elementor-top-column elementor-element elementor-element-72b03818\" data-id=\"72b03818\" data-element_type=\"column\" data-e-type=\"column\">\n\t\t\t<div class=\"elementor-widget-wrap\">\n\t\t\t\t\t\t\t<\/div>\n\t\t<\/div>\n\t\t\t\t\t<\/div>\n\t\t<\/section>\n\t\t\t\t<section class=\"elementor-section elementor-top-section elementor-element elementor-element-4548e0b elementor-section-boxed elementor-section-height-default elementor-section-height-default\" data-id=\"4548e0b\" data-element_type=\"section\" data-e-type=\"section\">\n\t\t\t\t\t\t<div class=\"elementor-container elementor-column-gap-default\">\n\t\t\t\t\t<div class=\"elementor-column elementor-col-100 elementor-top-column elementor-element elementor-element-30135274\" data-id=\"30135274\" data-element_type=\"column\" data-e-type=\"column\" data-settings=\"{&quot;background_background&quot;:&quot;classic&quot;}\">\n\t\t\t<div class=\"elementor-widget-wrap elementor-element-populated\">\n\t\t\t\t\t<div class=\"elementor-background-overlay\"><\/div>\n\t\t\t\t\t\t<div class=\"elementor-element elementor-element-475d2636 elementor-widget elementor-widget-heading\" data-id=\"475d2636\" data-element_type=\"widget\" data-e-type=\"widget\" data-widget_type=\"heading.default\">\n\t\t\t\t<div class=\"elementor-widget-container\">\n\t\t\t\t\t<h1 class=\"elementor-heading-title elementor-size-default\">\nMot du pr\u00e9sident<\/h1>\t\t\t\t<\/div>\n\t\t\t\t<\/div>\n\t\t\t\t\t<\/div>\n\t\t<\/div>\n\t\t\t\t\t<\/div>\n\t\t<\/section>\n\t\t\t\t<section class=\"elementor-section elementor-top-section elementor-element elementor-element-76bd3c2c elementor-section-boxed elementor-section-height-default elementor-section-height-default\" data-id=\"76bd3c2c\" data-element_type=\"section\" data-e-type=\"section\" data-settings=\"{&quot;background_background&quot;:&quot;classic&quot;,&quot;shape_divider_bottom&quot;:&quot;mountains&quot;}\">\n\t\t\t\t\t<div class=\"elementor-shape elementor-shape-bottom\" aria-hidden=\"true\" data-negative=\"false\">\n\t\t\t<svg xmlns=\"http:\/\/www.w3.org\/2000\/svg\" viewBox=\"0 0 1000 100\" preserveAspectRatio=\"none\">\n\t<path class=\"elementor-shape-fill\" opacity=\"0.33\" d=\"M473,67.3c-203.9,88.3-263.1-34-320.3,0C66,119.1,0,59.7,0,59.7V0h1000v59.7 c0,0-62.1,26.1-94.9,29.3c-32.8,3.3-62.8-12.3-75.8-22.1C806,49.6,745.3,8.7,694.9,4.7S492.4,59,473,67.3z\"\/>\n\t<path class=\"elementor-shape-fill\" opacity=\"0.66\" d=\"M734,67.3c-45.5,0-77.2-23.2-129.1-39.1c-28.6-8.7-150.3-10.1-254,39.1 s-91.7-34.4-149.2,0C115.7,118.3,0,39.8,0,39.8V0h1000v36.5c0,0-28.2-18.5-92.1-18.5C810.2,18.1,775.7,67.3,734,67.3z\"\/>\n\t<path class=\"elementor-shape-fill\" d=\"M766.1,28.9c-200-57.5-266,65.5-395.1,19.5C242,1.8,242,5.4,184.8,20.6C128,35.8,132.3,44.9,89.9,52.5C28.6,63.7,0,0,0,0 h1000c0,0-9.9,40.9-83.6,48.1S829.6,47,766.1,28.9z\"\/>\n<\/svg>\t\t<\/div>\n\t\t\t\t\t<div class=\"elementor-container elementor-column-gap-default\">\n\t\t\t\t\t<div class=\"elementor-column elementor-col-100 elementor-top-column elementor-element elementor-element-350b9f9a\" data-id=\"350b9f9a\" data-element_type=\"column\" data-e-type=\"column\" data-settings=\"{&quot;background_background&quot;:&quot;classic&quot;}\">\n\t\t\t<div class=\"elementor-widget-wrap elementor-element-populated\">\n\t\t\t\t\t<div class=\"elementor-background-overlay\"><\/div>\n\t\t\t\t\t\t<div class=\"elementor-element elementor-element-1d2d95d8 elementor-widget elementor-widget-text-editor\" data-id=\"1d2d95d8\" data-element_type=\"widget\" data-e-type=\"widget\" data-widget_type=\"text-editor.default\">\n\t\t\t\t<div class=\"elementor-widget-container\">\n\t\t\t\t\t\t\t\t\t<p>Chers amis de l\u2019Alliance Fran\u00e7aise de Frise,\u00a0<\/p><p>Bienvenue \u00e0 tous, francophiles, membres et futurs membres de l\u2019Alliance Fran\u00e7aise de Frise ! En tant que pr\u00e9sident, j\u2019aimerais vous remercier de\u00a0 votre fid\u00e9lit\u00e9 et vous\u00a0 dire combien je suis heureux de pouvoir accueillir de nouveaux membres dans notre organisation.<\/p><p>Notre objectif est de \u2018vivre la France\u2019 ensemble.\u00a0<\/p><p>Notre comit\u00e9 a organis\u00e9 pour vous un programme culturel de haut niveau dont\u00a0je vous invite \u00e0 lire les d\u00e9tails dans les pages suivantes. Nous avons raviv\u00e9 les contacts entre l\u2019Alliance Fran\u00e7aise de Frise et les professeurs de fran\u00e7ais. Chers coll\u00e8gues\u00a0 de coll\u00e8ge, de lyc\u00e9e et de l\u2019enseignement sup\u00e9rieur, chers \u00e9l\u00e8ves\u00a0 et \u00e9tudiants, l\u2019Alliance Fran\u00e7aise de Frise, c\u2019est aussi pour vous !\u00a0<\/p><p>Si l\u2019apprentissage du fran\u00e7ais\u00a0repr\u00e9sente la mission premi\u00e8re de l\u2019Alliance Fran\u00e7aise, l\u2019acc\u00e8s \u00e0 la culture et \u00e0 l\u2019histoire tr\u00e8s riche de la France constituent des p\u00f4les tout aussi importants. Consulter r\u00e9guli\u00e8rement notre site internet pour vous tenir au courant des d\u00e9veloppements et nouveaut\u00e9s de notre Alliance, ainsi que des diff\u00e9rents programmes de cin\u00e9ma et de th\u00e9\u00e2tre francophones en Frise.<\/p><p>L\u2019 Alliance Fran\u00e7aise de Frise fait partie d\u2019une grande famille de francophiles aussi bien au niveau national qu\u2019au niveau international. Avec le support de l\u2019 Alliance Fran\u00e7aise des Pays-Bas et de l\u2019Ambassade de France nous pouvons vous offrir des programmes bien \u00e9labor\u00e9.<\/p><p>Nous souhaitons faire de notre organisation une organisation (encore\u00a0 plus) interactive\u00a0!<\/p><p>Vous avez des suggestions ou vous aimeriez aider le comit\u00e9 ? Prenez contact avec nous.<\/p><p>L\u2019Alliance Fran\u00e7aise de Frise existe depuis 1894 et nous esp\u00e9rons pouvoir continuer cette belle et longue tradition\u00a0<\/p><p><a name=\"_GoBack\"><\/a>Je me ferai un plaisir de vous accueillir\u2026<\/p><p>\u00a0<\/p>\t\t\t\t\t\t\t\t<\/div>\n\t\t\t\t<\/div>\n\t\t\t\t\t<\/div>\n\t\t<\/div>\n\t\t\t\t\t<\/div>\n\t\t<\/section>\n\t\t\t\t<\/div>\n\t\t","protected":false},"excerpt":{"rendered":"<p>Mot du pr\u00e9sident Chers amis de l\u2019Alliance Fran\u00e7aise de Frise,\u00a0 Bienvenue \u00e0 tous, francophiles, membres et futurs membres de l\u2019Alliance Fran\u00e7aise de Frise ! En tant que pr\u00e9sident, j\u2019aimerais vous [&hellip;]<\/p>\n","protected":false},"author":1,"featured_media":0,"parent":102,"menu_order":0,"comment_status":"closed","ping_status":"closed","template":"elementor_header_footer","meta":{"footnotes":""},"class_list":["post-156","page","type-page","status-publish","hentry"],"_links":{"self":[{"href":"https:\/\/www.alliance-francaise.nl\/frise\/wp-json\/wp\/v2\/pages\/156","targetHints":{"allow":["GET"]}}],"collection":[{"href":"https:\/\/www.alliance-francaise.nl\/frise\/wp-json\/wp\/v2\/pages"}],"about":[{"href":"https:\/\/www.alliance-francaise.nl\/frise\/wp-json\/wp\/v2\/types\/page"}],"author":[{"embeddable":true,"href":"https:\/\/www.alliance-francaise.nl\/frise\/wp-json\/wp\/v2\/users\/1"}],"replies":[{"embeddable":true,"href":"https:\/\/www.alliance-francaise.nl\/frise\/wp-json\/wp\/v2\/comments?post=156"}],"version-history":[{"count":3,"href":"https:\/\/www.alliance-francaise.nl\/frise\/wp-json\/wp\/v2\/pages\/156\/revisions"}],"predecessor-version":[{"id":6742,"href":"https:\/\/www.alliance-francaise.nl\/frise\/wp-json\/wp\/v2\/pages\/156\/revisions\/6742"}],"up":[{"embeddable":true,"href":"https:\/\/www.alliance-francaise.nl\/frise\/wp-json\/wp\/v2\/pages\/102"}],"wp:attachment":[{"href":"https:\/\/www.alliance-francaise.nl\/frise\/wp-json\/wp\/v2\/media?parent=156"}],"curies":[{"name":"wp","href":"https:\/\/api.w.org\/{rel}","templated":true}]}}